{"id":1127,"date":"2024-06-05T17:22:47","date_gmt":"2024-06-05T17:22:47","guid":{"rendered":"https:\/\/cheri-heater.com\/tr\/?post_type=product&#038;p=1127"},"modified":"2024-07-30T21:52:24","modified_gmt":"2024-07-30T21:52:24","slug":"immersion-tubular-heater","status":"publish","type":"product","link":"https:\/\/cheri-heater.com\/tr\/product\/immersion-tubular-heater\/","title":{"rendered":"Dald\u0131rmal\u0131 Boru Is\u0131t\u0131c\u0131"},"content":{"rendered":"","protected":false},"excerpt":{"rendered":"","protected":false},"featured_media":1155,"template":"","meta":[],"product_brand":[],"product_cat":[28],"product_tag":[],"class_list":{"0":"post-1127","1":"product","2":"type-product","3":"status-publish","4":"has-post-thumbnail","6":"product_cat-tubular-heater","8":"first","9":"instock","10":"shipping-taxable","11":"product-type-simple"},"yoast_head":"<!-- This site is optimized with the Yoast SEO plugin v27.3 - https:\/\/yoast.com\/product\/yoast-seo-wordpress\/ -->\n<title>En \u0130yi Dald\u0131rmal\u0131 Boru Is\u0131t\u0131c\u0131lar\u0131 | End\u00fcstriyel Is\u0131tma \u00c7\u00f6z\u00fcmleri<\/title>\n<meta name=\"description\" content=\"En iyi dald\u0131rmal\u0131 boru \u0131s\u0131t\u0131c\u0131lar\u0131, verimli ve g\u00fcvenilir end\u00fcstriyel \u0131s\u0131tma i\u00e7in. Y\u00fcksek kaliteli \u0131s\u0131t\u0131c\u0131lar\u0131m\u0131z, \u00e7e\u015fitli uygulamalar i\u00e7in \u00fcst\u00fcn performans ve dayan\u0131kl\u0131l\u0131k sa\u011flar. M\u00fckemmel m\u00fc\u015fteri hizmeti ve uzman rehberlik ile m\u00fckemmel \u0131s\u0131tma \u00e7\u00f6z\u00fcm\u00fcn\u00fc se\u00e7in. Bug\u00fcn, en \u00e7ok tavsiye edilen \u00fcr\u00fcnlerimizi ke\u015ffedin!\" \/>\n<meta name=\"robots\" content=\"index, follow, max-snippet:-1, max-image-preview:large, max-video-preview:-1\" \/>\n<link rel=\"canonical\" href=\"https:\/\/cheri-heater.com\/tr\/product\/immersion-tubular-heater\/\" \/>\n<meta property=\"og:locale\" content=\"en_US\" \/>\n<meta property=\"og:type\" content=\"article\" \/>\n<meta property=\"og:title\" content=\"En \u0130yi Dald\u0131rmal\u0131 Boru Is\u0131t\u0131c\u0131lar\u0131 | End\u00fcstriyel Is\u0131tma \u00c7\u00f6z\u00fcmleri\" \/>\n<meta property=\"og:description\" content=\"En iyi dald\u0131rmal\u0131 boru \u0131s\u0131t\u0131c\u0131lar\u0131, verimli ve g\u00fcvenilir end\u00fcstriyel \u0131s\u0131tma i\u00e7in. Y\u00fcksek kaliteli \u0131s\u0131t\u0131c\u0131lar\u0131m\u0131z, \u00e7e\u015fitli uygulamalar i\u00e7in \u00fcst\u00fcn performans ve dayan\u0131kl\u0131l\u0131k sa\u011flar. M\u00fckemmel m\u00fc\u015fteri hizmeti ve uzman rehberlik ile m\u00fckemmel \u0131s\u0131tma \u00e7\u00f6z\u00fcm\u00fcn\u00fc se\u00e7in. Bug\u00fcn, en \u00e7ok tavsiye edilen \u00fcr\u00fcnlerimizi ke\u015ffedin!\" \/>\n<meta property=\"og:url\" content=\"https:\/\/cheri-heater.com\/tr\/product\/immersion-tubular-heater\/\" \/>\n<meta property=\"og:site_name\" content=\"Cheri Heater Technology Co.,Ltd.\" \/>\n<meta property=\"article:modified_time\" content=\"2024-07-30T21:52:24+00:00\" \/>\n<meta property=\"og:image\" content=\"https:\/\/cheri-heater.com\/tr\/wp-content\/uploads\/2024\/06\/\u5fae\u4fe1\u56fe\u7247_20230306151258.jpg\" \/>\n\t<meta property=\"og:image:width\" content=\"760\" \/>\n\t<meta property=\"og:image:height\" content=\"760\" \/>\n\t<meta property=\"og:image:type\" content=\"image\/jpeg\" \/>\n<meta name=\"twitter:card\" content=\"summary_large_image\" \/>\n<meta name=\"twitter:label1\" content=\"Est. reading time\" \/>\n\t<meta name=\"twitter:data1\" content=\"1 minute\" \/>\n<!-- \/ Yoast SEO plugin. -->","yoast_head_json":{"title":"En \u0130yi Dald\u0131rmal\u0131 Boru Is\u0131t\u0131c\u0131lar\u0131 | End\u00fcstriyel Is\u0131tma \u00c7\u00f6z\u00fcmleri","description":"En iyi dald\u0131rmal\u0131 boru \u0131s\u0131t\u0131c\u0131lar\u0131, verimli ve g\u00fcvenilir end\u00fcstriyel \u0131s\u0131tma i\u00e7in. Y\u00fcksek kaliteli \u0131s\u0131t\u0131c\u0131lar\u0131m\u0131z, \u00e7e\u015fitli uygulamalar i\u00e7in \u00fcst\u00fcn performans ve dayan\u0131kl\u0131l\u0131k sa\u011flar. M\u00fckemmel m\u00fc\u015fteri hizmeti ve uzman rehberlik ile m\u00fckemmel \u0131s\u0131tma \u00e7\u00f6z\u00fcm\u00fcn\u00fc se\u00e7in. Bug\u00fcn, en \u00e7ok tavsiye edilen \u00fcr\u00fcnlerimizi ke\u015ffedin!","robots":{"index":"index","follow":"follow","max-snippet":"max-snippet:-1","max-image-preview":"max-image-preview:large","max-video-preview":"max-video-preview:-1"},"canonical":"https:\/\/cheri-heater.com\/tr\/product\/immersion-tubular-heater\/","og_locale":"en_US","og_type":"article","og_title":"En \u0130yi Dald\u0131rmal\u0131 Boru Is\u0131t\u0131c\u0131lar\u0131 | End\u00fcstriyel Is\u0131tma \u00c7\u00f6z\u00fcmleri","og_description":"En iyi dald\u0131rmal\u0131 boru \u0131s\u0131t\u0131c\u0131lar\u0131, verimli ve g\u00fcvenilir end\u00fcstriyel \u0131s\u0131tma i\u00e7in. Y\u00fcksek kaliteli \u0131s\u0131t\u0131c\u0131lar\u0131m\u0131z, \u00e7e\u015fitli uygulamalar i\u00e7in \u00fcst\u00fcn performans ve dayan\u0131kl\u0131l\u0131k sa\u011flar. M\u00fckemmel m\u00fc\u015fteri hizmeti ve uzman rehberlik ile m\u00fckemmel \u0131s\u0131tma \u00e7\u00f6z\u00fcm\u00fcn\u00fc se\u00e7in. Bug\u00fcn, en \u00e7ok tavsiye edilen \u00fcr\u00fcnlerimizi ke\u015ffedin!","og_url":"https:\/\/cheri-heater.com\/tr\/product\/immersion-tubular-heater\/","og_site_name":"Cheri Heater Technology Co.,Ltd.","article_modified_time":"2024-07-30T21:52:24+00:00","og_image":[{"width":760,"height":760,"url":"https:\/\/cheri-heater.com\/tr\/wp-content\/uploads\/2024\/06\/\u5fae\u4fe1\u56fe\u7247_20230306151258.jpg","type":"image\/jpeg"}],"twitter_card":"summary_large_image","twitter_misc":{"Est. reading time":"1 minute"},"schema":{"@context":"https:\/\/schema.org","@graph":[{"@type":"WebPage","@id":"https:\/\/cheri-heater.com\/tr\/product\/immersion-tubular-heater\/","url":"https:\/\/cheri-heater.com\/tr\/product\/immersion-tubular-heater\/","name":"En \u0130yi Dald\u0131rmal\u0131 Boru Is\u0131t\u0131c\u0131lar\u0131 | End\u00fcstriyel Is\u0131tma \u00c7\u00f6z\u00fcmleri","isPartOf":{"@id":"https:\/\/cheri-heater.com\/tr\/#website"},"primaryImageOfPage":{"@id":"https:\/\/cheri-heater.com\/tr\/product\/immersion-tubular-heater\/#primaryimage"},"image":{"@id":"https:\/\/cheri-heater.com\/tr\/product\/immersion-tubular-heater\/#primaryimage"},"thumbnailUrl":"https:\/\/cheri-heater.com\/tr\/wp-content\/uploads\/2024\/06\/\u5fae\u4fe1\u56fe\u7247_20230306151258.jpg","datePublished":"2024-06-05T17:22:47+00:00","dateModified":"2024-07-30T21:52:24+00:00","description":"En iyi dald\u0131rmal\u0131 boru \u0131s\u0131t\u0131c\u0131lar\u0131, verimli ve g\u00fcvenilir end\u00fcstriyel \u0131s\u0131tma i\u00e7in. Y\u00fcksek kaliteli \u0131s\u0131t\u0131c\u0131lar\u0131m\u0131z, \u00e7e\u015fitli uygulamalar i\u00e7in \u00fcst\u00fcn performans ve dayan\u0131kl\u0131l\u0131k sa\u011flar. M\u00fckemmel m\u00fc\u015fteri hizmeti ve uzman rehberlik ile m\u00fckemmel \u0131s\u0131tma \u00e7\u00f6z\u00fcm\u00fcn\u00fc se\u00e7in. Bug\u00fcn, en \u00e7ok tavsiye edilen \u00fcr\u00fcnlerimizi ke\u015ffedin!","breadcrumb":{"@id":"https:\/\/cheri-heater.com\/tr\/product\/immersion-tubular-heater\/#breadcrumb"},"inLanguage":"en-US","potentialAction":[{"@type":"ReadAction","target":["https:\/\/cheri-heater.com\/tr\/product\/immersion-tubular-heater\/"]}]},{"@type":"ImageObject","inLanguage":"en-US","@id":"https:\/\/cheri-heater.com\/tr\/product\/immersion-tubular-heater\/#primaryimage","url":"https:\/\/cheri-heater.com\/tr\/wp-content\/uploads\/2024\/06\/\u5fae\u4fe1\u56fe\u7247_20230306151258.jpg","contentUrl":"https:\/\/cheri-heater.com\/tr\/wp-content\/uploads\/2024\/06\/\u5fae\u4fe1\u56fe\u7247_20230306151258.jpg","width":760,"height":760},{"@type":"BreadcrumbList","@id":"https:\/\/cheri-heater.com\/tr\/product\/immersion-tubular-heater\/#breadcrumb","itemListElement":[{"@type":"ListItem","position":1,"name":"Home","item":"https:\/\/cheri-heater.com\/tr\/"},{"@type":"ListItem","position":2,"name":"Products","item":"https:\/\/cheri-heater.com\/tr\/products\/"},{"@type":"ListItem","position":3,"name":"Dald\u0131rmal\u0131 Boru Is\u0131t\u0131c\u0131"}]},{"@type":"WebSite","@id":"https:\/\/cheri-heater.com\/tr\/#website","url":"https:\/\/cheri-heater.com\/tr\/","name":"Cheri Heater Technology Co.,Ltd.","description":"","publisher":{"@id":"https:\/\/cheri-heater.com\/tr\/#organization"},"potentialAction":[{"@type":"SearchAction","target":{"@type":"EntryPoint","urlTemplate":"https:\/\/cheri-heater.com\/tr\/?s={search_term_string}"},"query-input":{"@type":"PropertyValueSpecification","valueRequired":true,"valueName":"search_term_string"}}],"inLanguage":"en-US"},{"@type":"Organization","@id":"https:\/\/cheri-heater.com\/tr\/#organization","name":"Cheri Heater Technology Co.,Ltd.","url":"https:\/\/cheri-heater.com\/tr\/","logo":{"@type":"ImageObject","inLanguage":"en-US","@id":"https:\/\/cheri-heater.com\/tr\/#\/schema\/logo\/image\/","url":"https:\/\/cheri-heater.com\/tr\/wp-content\/uploads\/2024\/06\/cropped-logo-resize.png","contentUrl":"https:\/\/cheri-heater.com\/tr\/wp-content\/uploads\/2024\/06\/cropped-logo-resize.png","width":346,"height":99,"caption":"Cheri Heater Technology Co.,Ltd."},"image":{"@id":"https:\/\/cheri-heater.com\/tr\/#\/schema\/logo\/image\/"}}]}},"_links":{"self":[{"href":"https:\/\/cheri-heater.com\/tr\/wp-json\/wp\/v2\/product\/1127","targetHints":{"allow":["GET"]}}],"collection":[{"href":"https:\/\/cheri-heater.com\/tr\/wp-json\/wp\/v2\/product"}],"about":[{"href":"https:\/\/cheri-heater.com\/tr\/wp-json\/wp\/v2\/types\/product"}],"wp:featuredmedia":[{"embeddable":true,"href":"https:\/\/cheri-heater.com\/tr\/wp-json\/wp\/v2\/media\/1155"}],"wp:attachment":[{"href":"https:\/\/cheri-heater.com\/tr\/wp-json\/wp\/v2\/media?parent=1127"}],"wp:term":[{"taxonomy":"product_brand","embeddable":true,"href":"https:\/\/cheri-heater.com\/tr\/wp-json\/wp\/v2\/product_brand?post=1127"},{"taxonomy":"product_cat","embeddable":true,"href":"https:\/\/cheri-heater.com\/tr\/wp-json\/wp\/v2\/product_cat?post=1127"},{"taxonomy":"product_tag","embeddable":true,"href":"https:\/\/cheri-heater.com\/tr\/wp-json\/wp\/v2\/product_tag?post=1127"}],"curies":[{"name":"wp","href":"https:\/\/api.w.org\/{rel}","templated":true}]}}