{"id":1128,"date":"2024-06-05T17:25:30","date_gmt":"2024-06-05T17:25:30","guid":{"rendered":"https:\/\/cheri-heater.com\/tr\/?post_type=product&#038;p=1128"},"modified":"2024-07-30T21:51:30","modified_gmt":"2024-07-30T21:51:30","slug":"quatz-infrared-tube-heater","status":"publish","type":"product","link":"https:\/\/cheri-heater.com\/tr\/product\/quatz-infrared-tube-heater\/","title":{"rendered":"Kuvars Infrared Boru Is\u0131t\u0131c\u0131lar"},"content":{"rendered":"<p class=\"western\" align=\"left\"><span style=\"font-family: Helvetica, Arial, sans-serif;\"><span style=\"font-size: medium;\"><span style=\"color: #222222;\">Men\u015fei<\/span><\/span><\/span><\/p>\n<p class=\"western\" align=\"left\"><span style=\"font-family: Helvetica, Arial, sans-serif;\"><span style=\"font-size: medium;\"><span style=\"color: #222222;\">Jiangsu, \u00c7in<\/span><\/span><\/span><\/p>\n<p class=\"western\" align=\"left\"><span style=\"font-family: Helvetica, Arial, sans-serif;\"><span style=\"font-size: medium;\"><span style=\"color: #222222;\">T\u00fcr<\/span><\/span><\/span><\/p>\n<p class=\"western\" align=\"left\"><span style=\"font-family: Helvetica, Arial, sans-serif;\"><span style=\"font-size: medium;\"><span style=\"color: #222222;\">Elektrikli Is\u0131t\u0131c\u0131 Par\u00e7alar\u0131<\/span><\/span><\/span><\/p>\n<p class=\"western\" align=\"left\"><span style=\"font-family: Helvetica, Arial, sans-serif;\"><span style=\"font-size: medium;\"><span style=\"color: #222222;\">Marka Ad\u0131<\/span><\/span><\/span><\/p>\n<p class=\"western\" align=\"left\"><span style=\"font-family: Helvetica, Arial, sans-serif;\"><span style=\"font-size: medium;\"><span style=\"color: #222222;\">Cheri<\/span><\/span><\/span><\/p>\n<p class=\"western\" align=\"left\"><span style=\"font-family: Helvetica, Arial, sans-serif;\"><span style=\"font-size: medium;\"><span style=\"color: #222222;\">Model Numaras\u0131<\/span><\/span><\/span><\/p>\n<p class=\"western\" align=\"left\"><span style=\"font-family: Helvetica, Arial, sans-serif;\"><span style=\"font-size: medium;\"><span style=\"color: #222222;\">kuvars \u0131s\u0131tma eleman\u0131<\/span><\/span><\/span><\/p>\n<p class=\"western\" align=\"left\"><span style=\"font-family: Helvetica, Arial, sans-serif;\"><span style=\"font-size: medium;\"><span style=\"color: #222222;\">\u00dcr\u00fcn ad\u0131<\/span><\/span><\/span><\/p>\n<p class=\"western\" align=\"left\"><span style=\"font-family: Helvetica, Arial, sans-serif;\"><span style=\"font-size: medium;\"><span style=\"color: #222222;\">Uzak k\u0131z\u0131l\u00f6tesi kuvars \u0131s\u0131tma eleman\u0131<\/span><\/span><\/span><\/p>\n<p class=\"western\" align=\"left\"><span style=\"font-family: Helvetica, Arial, sans-serif;\"><span style=\"font-size: medium;\"><span style=\"color: #222222;\">Uygulama<\/span><\/span><\/span><\/p>\n<p class=\"western\" align=\"left\"><span style=\"font-family: Helvetica, Arial, sans-serif;\"><span style=\"font-size: medium;\"><span style=\"color: #222222;\">Plastik, Deri, Bask\u0131, End\u00fcstriyel<\/span><\/span><\/span><\/p>\n<p class=\"western\" align=\"left\"><span style=\"font-family: Helvetica, Arial, sans-serif;\"><span style=\"font-size: medium;\"><span style=\"color: #222222;\">\u00c7al\u0131\u015fma S\u00fcresi<\/span><\/span><\/span><\/p>\n<p class=\"western\" align=\"left\"><span style=\"font-family: Helvetica, Arial, sans-serif;\"><span style=\"font-size: medium;\"><span style=\"color: #222222;\">5000 Saatten Fazla<\/span><\/span><\/span><\/p>\n<p class=\"western\" align=\"left\"><span style=\"font-family: Helvetica, Arial, sans-serif;\"><span style=\"font-size: medium;\"><span style=\"color: #222222;\">Renk<\/span><\/span><\/span><\/p>\n<p class=\"western\" align=\"left\"><span style=\"font-family: Helvetica, Arial, sans-serif;\"><span style=\"font-size: medium;\"><span style=\"color: #222222;\">Beyaz, Alt\u0131n, K\u0131rm\u0131z\u0131<\/span><\/span><\/span><\/p>\n<p class=\"western\" align=\"left\"><span style=\"font-family: Helvetica, Arial, sans-serif;\"><span style=\"font-size: medium;\"><span style=\"color: #222222;\">Is\u0131tma Teli<\/span><\/span><\/span><\/p>\n<p class=\"western\" align=\"left\"><span style=\"font-family: Helvetica, Arial, sans-serif;\"><span style=\"font-size: medium;\"><span style=\"color: #222222;\">Alchrome<\/span><\/span><\/span><\/p>\n<p class=\"western\" align=\"left\"><span style=\"font-family: Helvetica, Arial, sans-serif;\"><span style=\"font-size: medium;\"><span style=\"color: #222222;\">Renk S\u0131cakl\u0131\u011f\u0131<\/span><\/span><\/span><\/p>\n<p class=\"western\" align=\"left\"><span style=\"font-family: Helvetica, Arial, sans-serif;\"><span style=\"font-size: medium;\"><span style=\"color: #222222;\">1800K<\/span><\/span><\/span><\/p>\n<p class=\"western\" align=\"left\"><span style=\"font-family: Helvetica, Arial, sans-serif;\"><span style=\"font-size: medium;\"><span style=\"color: #222222;\">\u00c7ap<\/span><\/span><\/span><\/p>\n<p class=\"western\" align=\"left\"><span style=\"font-family: Helvetica, Arial, sans-serif;\"><span style=\"font-size: medium;\"><span style=\"color: #222222;\">8-20mm<\/span><\/span><\/span><\/p>\n<p class=\"western\" align=\"left\"><span style=\"font-family: Helvetica, Arial, sans-serif;\"><span style=\"font-size: medium;\"><span style=\"color: #222222;\">G\u00fc\u00e7<\/span><\/span><\/span><\/p>\n<p class=\"western\" align=\"left\"><span style=\"font-family: Helvetica, Arial, sans-serif;\"><span style=\"font-size: medium;\"><span style=\"color: #222222;\">100-3000w<\/span><\/span><\/span><\/p>\n<p class=\"western\" align=\"left\"><span style=\"font-family: Helvetica, Arial, sans-serif;\"><span style=\"font-size: medium;\"><span style=\"color: #222222;\">Uzunluk<\/span><\/span><\/span><\/p>\n<p class=\"western\" align=\"left\"><span style=\"font-family: Helvetica, Arial, sans-serif;\"><span style=\"font-size: medium;\"><span style=\"color: #222222;\">100-3000mm<\/span><\/span><\/span><\/p>\n<p align=\"left\"><img fetchpriority=\"high\" decoding=\"async\" class=\"aligncenter size-full wp-image-1160\" src=\"https:\/\/cheri-heater.com\/tr\/wp-content\/uploads\/2024\/06\/description-6-scaled.jpg\" alt=\"\" width=\"454\" height=\"2560\" srcset=\"https:\/\/cheri-heater.com\/tr\/wp-content\/uploads\/2024\/06\/description-6-scaled.jpg 454w, https:\/\/cheri-heater.com\/tr\/wp-content\/uploads\/2024\/06\/description-6-53x300.jpg 53w\" sizes=\"(max-width: 454px) 100vw, 454px\" \/><\/p>\n","protected":false},"excerpt":{"rendered":"<p>Men\u015fei Jiangsu, \u00c7in T\u00fcr Elektrikli Is\u0131t\u0131c\u0131 Par\u00e7alar\u0131 Marka Ad\u0131 Cheri Model Numaras\u0131 kuvars \u0131s\u0131tma eleman\u0131 \u00dcr\u00fcn ad\u0131 Uzak k\u0131z\u0131l\u00f6tesi kuvars \u0131s\u0131tma eleman\u0131 Uygulama Plastik, Deri, Bask\u0131, End\u00fcstriyel \u00c7al\u0131\u015fma S\u00fcresi 5000 Saatten Fazla Renk Beyaz, Alt\u0131n, K\u0131rm\u0131z\u0131 Is\u0131tma Teli Alchrome Renk S\u0131cakl\u0131\u011f\u0131 1800K \u00c7ap 8-20mm G\u00fc\u00e7 100-3000w Uzunluk 100-3000mm<\/p>\n","protected":false},"featured_media":1158,"template":"","meta":[],"product_brand":[],"product_cat":[28,33],"product_tag":[],"class_list":{"0":"post-1128","1":"product","2":"type-product","3":"status-publish","4":"has-post-thumbnail","6":"product_cat-tubular-heater","7":"product_cat-hot-runner-heater","9":"first","10":"instock","11":"shipping-taxable","12":"product-type-simple"},"yoast_head":"<!-- This site is optimized with the Yoast SEO plugin v27.3 - https:\/\/yoast.com\/product\/yoast-seo-wordpress\/ -->\n<title>En \u0130yi Kuvars Infrared Boru Is\u0131t\u0131c\u0131lar\u0131 | Verimli Is\u0131tma \u00c7\u00f6z\u00fcmleri<\/title>\n<meta name=\"description\" content=\"En iyi kuvars infrared boru \u0131s\u0131t\u0131c\u0131lar\u0131, verimli ve etkili \u0131s\u0131tma \u00e7\u00f6z\u00fcmleri i\u00e7in. Y\u00fcksek kaliteli \u0131s\u0131t\u0131c\u0131lar\u0131m\u0131z, \u00e7e\u015fitli uygulamalar i\u00e7in h\u0131zl\u0131 ve enerji verimli performans sa\u011flar. \u0130htiyac\u0131n\u0131za uygun m\u00fckemmel \u00fcr\u00fcn\u00fc bulmak i\u00e7in uzman tavsiyesi ve ola\u011fan\u00fcst\u00fc m\u00fc\u015fteri hizmeti al\u0131n. Se\u00e7kin \u00fcr\u00fcnlerimizi bug\u00fcn ke\u015ffedin!\" \/>\n<meta name=\"robots\" content=\"index, follow, max-snippet:-1, max-image-preview:large, max-video-preview:-1\" \/>\n<link rel=\"canonical\" href=\"https:\/\/cheri-heater.com\/tr\/product\/quatz-infrared-tube-heater\/\" \/>\n<meta property=\"og:locale\" content=\"en_US\" \/>\n<meta property=\"og:type\" content=\"article\" \/>\n<meta property=\"og:title\" content=\"En \u0130yi Kuvars Infrared Boru Is\u0131t\u0131c\u0131lar\u0131 | Verimli Is\u0131tma \u00c7\u00f6z\u00fcmleri\" \/>\n<meta property=\"og:description\" content=\"En iyi kuvars infrared boru \u0131s\u0131t\u0131c\u0131lar\u0131, verimli ve etkili \u0131s\u0131tma \u00e7\u00f6z\u00fcmleri i\u00e7in. Y\u00fcksek kaliteli \u0131s\u0131t\u0131c\u0131lar\u0131m\u0131z, \u00e7e\u015fitli uygulamalar i\u00e7in h\u0131zl\u0131 ve enerji verimli performans sa\u011flar. \u0130htiyac\u0131n\u0131za uygun m\u00fckemmel \u00fcr\u00fcn\u00fc bulmak i\u00e7in uzman tavsiyesi ve ola\u011fan\u00fcst\u00fc m\u00fc\u015fteri hizmeti al\u0131n. Se\u00e7kin \u00fcr\u00fcnlerimizi bug\u00fcn ke\u015ffedin!\" \/>\n<meta property=\"og:url\" content=\"https:\/\/cheri-heater.com\/tr\/product\/quatz-infrared-tube-heater\/\" \/>\n<meta property=\"og:site_name\" content=\"Cheri Heater Technology Co.,Ltd.\" \/>\n<meta property=\"article:modified_time\" content=\"2024-07-30T21:51:30+00:00\" \/>\n<meta property=\"og:image\" content=\"https:\/\/cheri-heater.com\/tr\/wp-content\/uploads\/2024\/06\/H0437ce83668549aabe81d9e1366bafc9u.jpg_720x720q50.jpg\" \/>\n\t<meta property=\"og:image:width\" content=\"720\" \/>\n\t<meta property=\"og:image:height\" content=\"720\" \/>\n\t<meta property=\"og:image:type\" content=\"image\/jpeg\" \/>\n<meta name=\"twitter:card\" content=\"summary_large_image\" \/>\n<meta name=\"twitter:label1\" content=\"Est. reading time\" \/>\n\t<meta name=\"twitter:data1\" content=\"1 minute\" \/>\n<!-- \/ Yoast SEO plugin. -->","yoast_head_json":{"title":"En \u0130yi Kuvars Infrared Boru Is\u0131t\u0131c\u0131lar\u0131 | Verimli Is\u0131tma \u00c7\u00f6z\u00fcmleri","description":"En iyi kuvars infrared boru \u0131s\u0131t\u0131c\u0131lar\u0131, verimli ve etkili \u0131s\u0131tma \u00e7\u00f6z\u00fcmleri i\u00e7in. Y\u00fcksek kaliteli \u0131s\u0131t\u0131c\u0131lar\u0131m\u0131z, \u00e7e\u015fitli uygulamalar i\u00e7in h\u0131zl\u0131 ve enerji verimli performans sa\u011flar. \u0130htiyac\u0131n\u0131za uygun m\u00fckemmel \u00fcr\u00fcn\u00fc bulmak i\u00e7in uzman tavsiyesi ve ola\u011fan\u00fcst\u00fc m\u00fc\u015fteri hizmeti al\u0131n. Se\u00e7kin \u00fcr\u00fcnlerimizi bug\u00fcn ke\u015ffedin!","robots":{"index":"index","follow":"follow","max-snippet":"max-snippet:-1","max-image-preview":"max-image-preview:large","max-video-preview":"max-video-preview:-1"},"canonical":"https:\/\/cheri-heater.com\/tr\/product\/quatz-infrared-tube-heater\/","og_locale":"en_US","og_type":"article","og_title":"En \u0130yi Kuvars Infrared Boru Is\u0131t\u0131c\u0131lar\u0131 | Verimli Is\u0131tma \u00c7\u00f6z\u00fcmleri","og_description":"En iyi kuvars infrared boru \u0131s\u0131t\u0131c\u0131lar\u0131, verimli ve etkili \u0131s\u0131tma \u00e7\u00f6z\u00fcmleri i\u00e7in. Y\u00fcksek kaliteli \u0131s\u0131t\u0131c\u0131lar\u0131m\u0131z, \u00e7e\u015fitli uygulamalar i\u00e7in h\u0131zl\u0131 ve enerji verimli performans sa\u011flar. \u0130htiyac\u0131n\u0131za uygun m\u00fckemmel \u00fcr\u00fcn\u00fc bulmak i\u00e7in uzman tavsiyesi ve ola\u011fan\u00fcst\u00fc m\u00fc\u015fteri hizmeti al\u0131n. Se\u00e7kin \u00fcr\u00fcnlerimizi bug\u00fcn ke\u015ffedin!","og_url":"https:\/\/cheri-heater.com\/tr\/product\/quatz-infrared-tube-heater\/","og_site_name":"Cheri Heater Technology Co.,Ltd.","article_modified_time":"2024-07-30T21:51:30+00:00","og_image":[{"width":720,"height":720,"url":"https:\/\/cheri-heater.com\/tr\/wp-content\/uploads\/2024\/06\/H0437ce83668549aabe81d9e1366bafc9u.jpg_720x720q50.jpg","type":"image\/jpeg"}],"twitter_card":"summary_large_image","twitter_misc":{"Est. reading time":"1 minute"},"schema":{"@context":"https:\/\/schema.org","@graph":[{"@type":"WebPage","@id":"https:\/\/cheri-heater.com\/tr\/product\/quatz-infrared-tube-heater\/","url":"https:\/\/cheri-heater.com\/tr\/product\/quatz-infrared-tube-heater\/","name":"En \u0130yi Kuvars Infrared Boru Is\u0131t\u0131c\u0131lar\u0131 | Verimli Is\u0131tma \u00c7\u00f6z\u00fcmleri","isPartOf":{"@id":"https:\/\/cheri-heater.com\/tr\/#website"},"primaryImageOfPage":{"@id":"https:\/\/cheri-heater.com\/tr\/product\/quatz-infrared-tube-heater\/#primaryimage"},"image":{"@id":"https:\/\/cheri-heater.com\/tr\/product\/quatz-infrared-tube-heater\/#primaryimage"},"thumbnailUrl":"https:\/\/cheri-heater.com\/tr\/wp-content\/uploads\/2024\/06\/H0437ce83668549aabe81d9e1366bafc9u.jpg_720x720q50.jpg","datePublished":"2024-06-05T17:25:30+00:00","dateModified":"2024-07-30T21:51:30+00:00","description":"En iyi kuvars infrared boru \u0131s\u0131t\u0131c\u0131lar\u0131, verimli ve etkili \u0131s\u0131tma \u00e7\u00f6z\u00fcmleri i\u00e7in. Y\u00fcksek kaliteli \u0131s\u0131t\u0131c\u0131lar\u0131m\u0131z, \u00e7e\u015fitli uygulamalar i\u00e7in h\u0131zl\u0131 ve enerji verimli performans sa\u011flar. \u0130htiyac\u0131n\u0131za uygun m\u00fckemmel \u00fcr\u00fcn\u00fc bulmak i\u00e7in uzman tavsiyesi ve ola\u011fan\u00fcst\u00fc m\u00fc\u015fteri hizmeti al\u0131n. Se\u00e7kin \u00fcr\u00fcnlerimizi bug\u00fcn ke\u015ffedin!","breadcrumb":{"@id":"https:\/\/cheri-heater.com\/tr\/product\/quatz-infrared-tube-heater\/#breadcrumb"},"inLanguage":"en-US","potentialAction":[{"@type":"ReadAction","target":["https:\/\/cheri-heater.com\/tr\/product\/quatz-infrared-tube-heater\/"]}]},{"@type":"ImageObject","inLanguage":"en-US","@id":"https:\/\/cheri-heater.com\/tr\/product\/quatz-infrared-tube-heater\/#primaryimage","url":"https:\/\/cheri-heater.com\/tr\/wp-content\/uploads\/2024\/06\/H0437ce83668549aabe81d9e1366bafc9u.jpg_720x720q50.jpg","contentUrl":"https:\/\/cheri-heater.com\/tr\/wp-content\/uploads\/2024\/06\/H0437ce83668549aabe81d9e1366bafc9u.jpg_720x720q50.jpg","width":720,"height":720},{"@type":"BreadcrumbList","@id":"https:\/\/cheri-heater.com\/tr\/product\/quatz-infrared-tube-heater\/#breadcrumb","itemListElement":[{"@type":"ListItem","position":1,"name":"Home","item":"https:\/\/cheri-heater.com\/tr\/"},{"@type":"ListItem","position":2,"name":"Products","item":"https:\/\/cheri-heater.com\/tr\/products\/"},{"@type":"ListItem","position":3,"name":"Kuvars Infrared Boru Is\u0131t\u0131c\u0131lar"}]},{"@type":"WebSite","@id":"https:\/\/cheri-heater.com\/tr\/#website","url":"https:\/\/cheri-heater.com\/tr\/","name":"Cheri Heater Technology Co.,Ltd.","description":"","publisher":{"@id":"https:\/\/cheri-heater.com\/tr\/#organization"},"potentialAction":[{"@type":"SearchAction","target":{"@type":"EntryPoint","urlTemplate":"https:\/\/cheri-heater.com\/tr\/?s={search_term_string}"},"query-input":{"@type":"PropertyValueSpecification","valueRequired":true,"valueName":"search_term_string"}}],"inLanguage":"en-US"},{"@type":"Organization","@id":"https:\/\/cheri-heater.com\/tr\/#organization","name":"Cheri Heater Technology Co.,Ltd.","url":"https:\/\/cheri-heater.com\/tr\/","logo":{"@type":"ImageObject","inLanguage":"en-US","@id":"https:\/\/cheri-heater.com\/tr\/#\/schema\/logo\/image\/","url":"https:\/\/cheri-heater.com\/tr\/wp-content\/uploads\/2024\/06\/cropped-logo-resize.png","contentUrl":"https:\/\/cheri-heater.com\/tr\/wp-content\/uploads\/2024\/06\/cropped-logo-resize.png","width":346,"height":99,"caption":"Cheri Heater Technology Co.,Ltd."},"image":{"@id":"https:\/\/cheri-heater.com\/tr\/#\/schema\/logo\/image\/"}}]}},"_links":{"self":[{"href":"https:\/\/cheri-heater.com\/tr\/wp-json\/wp\/v2\/product\/1128","targetHints":{"allow":["GET"]}}],"collection":[{"href":"https:\/\/cheri-heater.com\/tr\/wp-json\/wp\/v2\/product"}],"about":[{"href":"https:\/\/cheri-heater.com\/tr\/wp-json\/wp\/v2\/types\/product"}],"wp:featuredmedia":[{"embeddable":true,"href":"https:\/\/cheri-heater.com\/tr\/wp-json\/wp\/v2\/media\/1158"}],"wp:attachment":[{"href":"https:\/\/cheri-heater.com\/tr\/wp-json\/wp\/v2\/media?parent=1128"}],"wp:term":[{"taxonomy":"product_brand","embeddable":true,"href":"https:\/\/cheri-heater.com\/tr\/wp-json\/wp\/v2\/product_brand?post=1128"},{"taxonomy":"product_cat","embeddable":true,"href":"https:\/\/cheri-heater.com\/tr\/wp-json\/wp\/v2\/product_cat?post=1128"},{"taxonomy":"product_tag","embeddable":true,"href":"https:\/\/cheri-heater.com\/tr\/wp-json\/wp\/v2\/product_tag?post=1128"}],"curies":[{"name":"wp","href":"https:\/\/api.w.org\/{rel}","templated":true}]}}