{"id":1129,"date":"2024-06-05T17:26:49","date_gmt":"2024-06-05T17:26:49","guid":{"rendered":"https:\/\/cheri-heater.com\/tr\/?post_type=product&#038;p=1129"},"modified":"2024-07-30T21:49:00","modified_gmt":"2024-07-30T21:49:00","slug":"thread-tubular-heater","status":"publish","type":"product","link":"https:\/\/cheri-heater.com\/tr\/product\/thread-tubular-heater\/","title":{"rendered":"Di\u015fli Borulu Is\u0131t\u0131c\u0131"},"content":{"rendered":"<p align=\"left\"><span style=\"font-family: Arial, sans-serif;\"><span style=\"font-size: medium;\"><span style=\"color: #333333;\">Vida tapas\u0131 boyutlar\u0131n\u0131n, kilovat de\u011ferlerinin, voltajlar\u0131n, k\u0131l\u0131f malzemelerinin, terminal muhafazalar\u0131n\u0131n ve termostatlar\u0131n geni\u015f se\u00e7imi, bu kompakt \u0131s\u0131t\u0131c\u0131lar\u0131 her t\u00fcrl\u00fc uygulama i\u00e7in ideal hale getirir.<\/span><\/span><\/span><\/p>\n<table width=\"750\" cellspacing=\"0\" cellpadding=\"0\">\n<tbody>\n<tr valign=\"top\">\n<td width=\"179\">\n<p class=\"western\" align=\"left\"><span style=\"font-size: large;\"><b><span style=\"font-family: \u5b8b\u4f53;\">\u00dcr\u00fcn Ad\u0131<\/span><\/b><\/span><\/p>\n<\/td>\n<td width=\"569\">\n<p class=\"western\" align=\"left\"><span style=\"font-family: \u5b8b\u4f53;\"><span style=\"font-size: large;\"><span lang=\"en-US\">Di\u015fli<\/span><\/span><\/span><span style=\"font-family: \u5b8b\u4f53;\"><span style=\"font-size: large;\"><span lang=\"en-US\"> t\u00fcb\u00fcler Dald\u0131rma Is\u0131t\u0131c\u0131s\u0131<\/span><\/span><\/span><\/p>\n<\/td>\n<\/tr>\n<tr valign=\"top\">\n<td width=\"179\">\n<p class=\"western\" align=\"left\"><span style=\"font-size: large;\"><b><span style=\"font-family: \u5b8b\u4f53;\">Avantaj<\/span><\/b><\/span><\/p>\n<\/td>\n<td width=\"569\">\n<p class=\"western\" align=\"left\"><span style=\"font-size: large;\"><span style=\"font-family: \u5b8b\u4f53;\">y\u00fcksek \u00e7al\u0131\u015fma s\u0131cakl\u0131\u011f\u0131 ve uzun kullan\u0131m \u00f6mr\u00fc<\/span><\/span><\/p>\n<\/td>\n<\/tr>\n<tr valign=\"top\">\n<td width=\"179\">\n<p class=\"western\" align=\"left\"><span style=\"font-size: large;\"><b><span style=\"font-family: \u5b8b\u4f53;\">Sertifikasyon<\/span><\/b><\/span><\/p>\n<\/td>\n<td width=\"569\">\n<p class=\"western\" align=\"left\"><span style=\"font-family: \u5b8b\u4f53;\"><span style=\"font-size: large;\">CE<\/span><\/span><\/p>\n<\/td>\n<\/tr>\n<tr valign=\"top\">\n<td width=\"179\">\n<p class=\"western\" align=\"left\"><span style=\"font-size: large;\"><b><span style=\"font-family: \u5b8b\u4f53;\">Is\u0131tma Eleman\u0131<\/span><\/b><\/span><\/p>\n<\/td>\n<td width=\"569\">\n<p class=\"western\" align=\"left\"><span style=\"font-size: large;\"><span style=\"font-family: \u5b8b\u4f53;\">su \u0131s\u0131t\u0131c\u0131s\u0131<\/span><\/span><\/p>\n<\/td>\n<\/tr>\n<tr valign=\"top\">\n<td width=\"179\">\n<p class=\"western\" align=\"left\"><span style=\"font-size: large;\"><b><span style=\"font-family: \u5b8b\u4f53;\">Voltaj<\/span><\/b><\/span><\/p>\n<\/td>\n<td width=\"569\">\n<p class=\"western\" align=\"left\"><span style=\"font-size: large;\"><span style=\"font-family: \u5b8b\u4f53;\">120V, 240V, 480V, 600V ve benzeri<\/span><\/span><\/p>\n<\/td>\n<\/tr>\n<tr valign=\"top\">\n<td width=\"179\">\n<p class=\"western\" align=\"left\"><span style=\"font-size: large;\"><b><span style=\"font-family: \u5b8b\u4f53;\">G\u00fc\u00e7<\/span><\/b><\/span><\/p>\n<\/td>\n<td width=\"569\">\n<p class=\"western\" align=\"left\"><span style=\"font-family: \u5b8b\u4f53;\"><span style=\"font-size: large;\"><span lang=\"en-US\">50-<\/span><\/span><\/span><span style=\"font-family: \u5b8b\u4f53;\"><span style=\"font-size: large;\"><span lang=\"en-US\">15<\/span><\/span><\/span><span style=\"font-family: \u5b8b\u4f53;\"><span style=\"font-size: large;\"><span lang=\"en-US\">000W, veya \u00f6zelle\u015ftirilmi\u015f<\/span><\/span><\/span><\/p>\n<\/td>\n<\/tr>\n<tr valign=\"top\">\n<td width=\"179\">\n<p class=\"western\" align=\"left\"><span style=\"font-size: large;\"><b><span style=\"font-family: \u5b8b\u4f53;\">Kal\u0131nl\u0131k<\/span><\/b><\/span><\/p>\n<\/td>\n<td width=\"569\">\n<p class=\"western\" align=\"left\"><span style=\"font-size: large;\"><span style=\"font-family: \u5b8b\u4f53;\">\u00f6zelle\u015ftirilmi\u015f<\/span><\/span><\/p>\n<\/td>\n<\/tr>\n<tr valign=\"top\">\n<td width=\"179\">\n<p class=\"western\" align=\"left\"><span style=\"font-size: large;\"><b><span style=\"font-family: \u5b8b\u4f53;\">Teslimat S\u00fcresi<\/span><\/b><\/span><\/p>\n<\/td>\n<td width=\"569\">\n<p class=\"western\" align=\"left\"><span style=\"font-size: large;\"><span style=\"font-family: \u5b8b\u4f53;\">7-15 g\u00fcn<\/span><\/span><\/p>\n<\/td>\n<\/tr>\n<tr valign=\"top\">\n<td width=\"179\">\n<p class=\"western\" align=\"left\"><span style=\"font-size: large;\"><b><span style=\"font-family: \u5b8b\u4f53;\">Garanti<\/span><\/b><\/span><\/p>\n<\/td>\n<td width=\"569\">\n<p class=\"western\" align=\"left\"><span style=\"font-size: large;\"><span style=\"font-family: \u5b8b\u4f53;\">1 y\u0131l<\/span><\/span><\/p>\n<\/td>\n<\/tr>\n<\/tbody>\n<\/table>\n","protected":false},"excerpt":{"rendered":"<p>Sanayi tipi elektrikli su borulu su dald\u0131rma flan\u015fl\u0131 \u0131s\u0131t\u0131c\u0131lar, do\u011frudan bir tank duvar\u0131ndaki di\u015fli a\u00e7\u0131kl\u0131ktan veya uyumlu bir boru ba\u011flant\u0131s\u0131 veya yar\u0131m ba\u011flant\u0131 ile ge\u00e7i\u015f yap\u0131l\u0131r.<\/p>\n<p>Vida ba\u011flant\u0131l\u0131 \u0131s\u0131t\u0131c\u0131lar\u0131n \u00f6l\u00e7\u00fcleri 1\u201d, 1-1\/4\u201d, 1-1\/2\u201d, 2\u201d ve 2-1\/2\u201d boru di\u015fleri ile mevcuttur.<\/p>\n","protected":false},"featured_media":1161,"template":"","meta":[],"product_brand":[],"product_cat":[28],"product_tag":[],"class_list":{"0":"post-1129","1":"product","2":"type-product","3":"status-publish","4":"has-post-thumbnail","6":"product_cat-tubular-heater","8":"first","9":"instock","10":"shipping-taxable","11":"product-type-simple"},"yoast_head":"<!-- This site is optimized with the Yoast SEO plugin v27.3 - https:\/\/yoast.com\/product\/yoast-seo-wordpress\/ -->\n<title>G\u00fcvenilir Is\u0131tma \u00c7\u00f6z\u00fcmleri \u0130\u00e7in Verimli Di\u015fli Borulu Is\u0131t\u0131c\u0131<\/title>\n<meta name=\"description\" content=\"Y\u00fcksek kaliteli di\u015fli borulu \u0131s\u0131t\u0131c\u0131m\u0131z, verimli ve g\u00fcvenilir \u0131s\u0131tma \u00e7\u00f6z\u00fcmleri i\u00e7in tasarlanm\u0131\u015ft\u0131r. \u00c7e\u015fitli uygulamalar i\u00e7in m\u00fckemmel olan \u0131s\u0131t\u0131c\u0131lar\u0131m\u0131z, optimal performans ve dayan\u0131kl\u0131l\u0131k sa\u011flar. \u015eimdi ke\u015ffedin!\" \/>\n<meta name=\"robots\" content=\"index, follow, max-snippet:-1, max-image-preview:large, max-video-preview:-1\" \/>\n<link rel=\"canonical\" href=\"https:\/\/cheri-heater.com\/tr\/product\/thread-tubular-heater\/\" \/>\n<meta property=\"og:locale\" content=\"en_US\" \/>\n<meta property=\"og:type\" content=\"article\" \/>\n<meta property=\"og:title\" content=\"G\u00fcvenilir Is\u0131tma \u00c7\u00f6z\u00fcmleri \u0130\u00e7in Verimli Di\u015fli Borulu Is\u0131t\u0131c\u0131\" \/>\n<meta property=\"og:description\" content=\"Y\u00fcksek kaliteli di\u015fli borulu \u0131s\u0131t\u0131c\u0131m\u0131z, verimli ve g\u00fcvenilir \u0131s\u0131tma \u00e7\u00f6z\u00fcmleri i\u00e7in tasarlanm\u0131\u015ft\u0131r. \u00c7e\u015fitli uygulamalar i\u00e7in m\u00fckemmel olan \u0131s\u0131t\u0131c\u0131lar\u0131m\u0131z, optimal performans ve dayan\u0131kl\u0131l\u0131k sa\u011flar. \u015eimdi ke\u015ffedin!\" \/>\n<meta property=\"og:url\" content=\"https:\/\/cheri-heater.com\/tr\/product\/thread-tubular-heater\/\" \/>\n<meta property=\"og:site_name\" content=\"Cheri Heater Technology Co.,Ltd.\" \/>\n<meta property=\"article:modified_time\" content=\"2024-07-30T21:49:00+00:00\" \/>\n<meta property=\"og:image\" content=\"https:\/\/cheri-heater.com\/tr\/wp-content\/uploads\/2024\/06\/Cheri-Electrothermal-Equipment-Limited-Company-5.jpg\" \/>\n\t<meta property=\"og:image:width\" content=\"712\" \/>\n\t<meta property=\"og:image:height\" content=\"579\" \/>\n\t<meta property=\"og:image:type\" content=\"image\/jpeg\" \/>\n<meta name=\"twitter:card\" content=\"summary_large_image\" \/>\n<meta name=\"twitter:label1\" content=\"Est. reading time\" \/>\n\t<meta name=\"twitter:data1\" content=\"1 minute\" \/>\n<!-- \/ Yoast SEO plugin. -->","yoast_head_json":{"title":"G\u00fcvenilir Is\u0131tma \u00c7\u00f6z\u00fcmleri \u0130\u00e7in Verimli Di\u015fli Borulu Is\u0131t\u0131c\u0131","description":"Y\u00fcksek kaliteli di\u015fli borulu \u0131s\u0131t\u0131c\u0131m\u0131z, verimli ve g\u00fcvenilir \u0131s\u0131tma \u00e7\u00f6z\u00fcmleri i\u00e7in tasarlanm\u0131\u015ft\u0131r. \u00c7e\u015fitli uygulamalar i\u00e7in m\u00fckemmel olan \u0131s\u0131t\u0131c\u0131lar\u0131m\u0131z, optimal performans ve dayan\u0131kl\u0131l\u0131k sa\u011flar. \u015eimdi ke\u015ffedin!","robots":{"index":"index","follow":"follow","max-snippet":"max-snippet:-1","max-image-preview":"max-image-preview:large","max-video-preview":"max-video-preview:-1"},"canonical":"https:\/\/cheri-heater.com\/tr\/product\/thread-tubular-heater\/","og_locale":"en_US","og_type":"article","og_title":"G\u00fcvenilir Is\u0131tma \u00c7\u00f6z\u00fcmleri \u0130\u00e7in Verimli Di\u015fli Borulu Is\u0131t\u0131c\u0131","og_description":"Y\u00fcksek kaliteli di\u015fli borulu \u0131s\u0131t\u0131c\u0131m\u0131z, verimli ve g\u00fcvenilir \u0131s\u0131tma \u00e7\u00f6z\u00fcmleri i\u00e7in tasarlanm\u0131\u015ft\u0131r. \u00c7e\u015fitli uygulamalar i\u00e7in m\u00fckemmel olan \u0131s\u0131t\u0131c\u0131lar\u0131m\u0131z, optimal performans ve dayan\u0131kl\u0131l\u0131k sa\u011flar. \u015eimdi ke\u015ffedin!","og_url":"https:\/\/cheri-heater.com\/tr\/product\/thread-tubular-heater\/","og_site_name":"Cheri Heater Technology Co.,Ltd.","article_modified_time":"2024-07-30T21:49:00+00:00","og_image":[{"width":712,"height":579,"url":"https:\/\/cheri-heater.com\/tr\/wp-content\/uploads\/2024\/06\/Cheri-Electrothermal-Equipment-Limited-Company-5.jpg","type":"image\/jpeg"}],"twitter_card":"summary_large_image","twitter_misc":{"Est. reading time":"1 minute"},"schema":{"@context":"https:\/\/schema.org","@graph":[{"@type":"WebPage","@id":"https:\/\/cheri-heater.com\/tr\/product\/thread-tubular-heater\/","url":"https:\/\/cheri-heater.com\/tr\/product\/thread-tubular-heater\/","name":"G\u00fcvenilir Is\u0131tma \u00c7\u00f6z\u00fcmleri \u0130\u00e7in Verimli Di\u015fli Borulu Is\u0131t\u0131c\u0131","isPartOf":{"@id":"https:\/\/cheri-heater.com\/tr\/#website"},"primaryImageOfPage":{"@id":"https:\/\/cheri-heater.com\/tr\/product\/thread-tubular-heater\/#primaryimage"},"image":{"@id":"https:\/\/cheri-heater.com\/tr\/product\/thread-tubular-heater\/#primaryimage"},"thumbnailUrl":"https:\/\/cheri-heater.com\/tr\/wp-content\/uploads\/2024\/06\/Cheri-Electrothermal-Equipment-Limited-Company-5.jpg","datePublished":"2024-06-05T17:26:49+00:00","dateModified":"2024-07-30T21:49:00+00:00","description":"Y\u00fcksek kaliteli di\u015fli borulu \u0131s\u0131t\u0131c\u0131m\u0131z, verimli ve g\u00fcvenilir \u0131s\u0131tma \u00e7\u00f6z\u00fcmleri i\u00e7in tasarlanm\u0131\u015ft\u0131r. \u00c7e\u015fitli uygulamalar i\u00e7in m\u00fckemmel olan \u0131s\u0131t\u0131c\u0131lar\u0131m\u0131z, optimal performans ve dayan\u0131kl\u0131l\u0131k sa\u011flar. \u015eimdi ke\u015ffedin!","breadcrumb":{"@id":"https:\/\/cheri-heater.com\/tr\/product\/thread-tubular-heater\/#breadcrumb"},"inLanguage":"en-US","potentialAction":[{"@type":"ReadAction","target":["https:\/\/cheri-heater.com\/tr\/product\/thread-tubular-heater\/"]}]},{"@type":"ImageObject","inLanguage":"en-US","@id":"https:\/\/cheri-heater.com\/tr\/product\/thread-tubular-heater\/#primaryimage","url":"https:\/\/cheri-heater.com\/tr\/wp-content\/uploads\/2024\/06\/Cheri-Electrothermal-Equipment-Limited-Company-5.jpg","contentUrl":"https:\/\/cheri-heater.com\/tr\/wp-content\/uploads\/2024\/06\/Cheri-Electrothermal-Equipment-Limited-Company-5.jpg","width":712,"height":579},{"@type":"BreadcrumbList","@id":"https:\/\/cheri-heater.com\/tr\/product\/thread-tubular-heater\/#breadcrumb","itemListElement":[{"@type":"ListItem","position":1,"name":"Home","item":"https:\/\/cheri-heater.com\/tr\/"},{"@type":"ListItem","position":2,"name":"Products","item":"https:\/\/cheri-heater.com\/tr\/products\/"},{"@type":"ListItem","position":3,"name":"Di\u015fli Borulu Is\u0131t\u0131c\u0131"}]},{"@type":"WebSite","@id":"https:\/\/cheri-heater.com\/tr\/#website","url":"https:\/\/cheri-heater.com\/tr\/","name":"Cheri Heater Technology Co.,Ltd.","description":"","publisher":{"@id":"https:\/\/cheri-heater.com\/tr\/#organization"},"potentialAction":[{"@type":"SearchAction","target":{"@type":"EntryPoint","urlTemplate":"https:\/\/cheri-heater.com\/tr\/?s={search_term_string}"},"query-input":{"@type":"PropertyValueSpecification","valueRequired":true,"valueName":"search_term_string"}}],"inLanguage":"en-US"},{"@type":"Organization","@id":"https:\/\/cheri-heater.com\/tr\/#organization","name":"Cheri Heater Technology Co.,Ltd.","url":"https:\/\/cheri-heater.com\/tr\/","logo":{"@type":"ImageObject","inLanguage":"en-US","@id":"https:\/\/cheri-heater.com\/tr\/#\/schema\/logo\/image\/","url":"https:\/\/cheri-heater.com\/tr\/wp-content\/uploads\/2024\/06\/cropped-logo-resize.png","contentUrl":"https:\/\/cheri-heater.com\/tr\/wp-content\/uploads\/2024\/06\/cropped-logo-resize.png","width":346,"height":99,"caption":"Cheri Heater Technology Co.,Ltd."},"image":{"@id":"https:\/\/cheri-heater.com\/tr\/#\/schema\/logo\/image\/"}}]}},"_links":{"self":[{"href":"https:\/\/cheri-heater.com\/tr\/wp-json\/wp\/v2\/product\/1129","targetHints":{"allow":["GET"]}}],"collection":[{"href":"https:\/\/cheri-heater.com\/tr\/wp-json\/wp\/v2\/product"}],"about":[{"href":"https:\/\/cheri-heater.com\/tr\/wp-json\/wp\/v2\/types\/product"}],"wp:featuredmedia":[{"embeddable":true,"href":"https:\/\/cheri-heater.com\/tr\/wp-json\/wp\/v2\/media\/1161"}],"wp:attachment":[{"href":"https:\/\/cheri-heater.com\/tr\/wp-json\/wp\/v2\/media?parent=1129"}],"wp:term":[{"taxonomy":"product_brand","embeddable":true,"href":"https:\/\/cheri-heater.com\/tr\/wp-json\/wp\/v2\/product_brand?post=1129"},{"taxonomy":"product_cat","embeddable":true,"href":"https:\/\/cheri-heater.com\/tr\/wp-json\/wp\/v2\/product_cat?post=1129"},{"taxonomy":"product_tag","embeddable":true,"href":"https:\/\/cheri-heater.com\/tr\/wp-json\/wp\/v2\/product_tag?post=1129"}],"curies":[{"name":"wp","href":"https:\/\/api.w.org\/{rel}","templated":true}]}}