{"id":1746,"date":"2025-05-17T03:21:31","date_gmt":"2025-05-17T03:21:31","guid":{"rendered":"https:\/\/cheri-heater.com\/tr\/?post_type=product&#038;p=1746"},"modified":"2025-05-17T03:21:31","modified_gmt":"2025-05-17T03:21:31","slug":"dc-kartus-isitici","status":"publish","type":"product","link":"https:\/\/cheri-heater.com\/tr\/product\/dc-kartus-isitici\/","title":{"rendered":"DC Kartu\u015f Is\u0131t\u0131c\u0131"},"content":{"rendered":"","protected":false},"excerpt":{"rendered":"<h2><b><span><span class=\"\">DC Kartu\u015f Is\u0131t\u0131c\u0131 ile Hassas Is\u0131tma<\/span><\/span><\/b><\/h2>\n<p><span>Y\u00fcksek performansl\u0131 \u0131s\u0131tma \u00e7\u00f6z\u00fcmleri s\u00f6z konusu oldu\u011funda, i\u015fletmeler g\u00fcvenilirlik ve verimlilik talep eder. Cheri Heater&#8217;\u0131n\u00a0<\/span><b><span>DC kartu\u015f \u0131s\u0131t\u0131c\u0131lar\u0131,\u00a0<\/span><\/b><span>end\u00fcstriyel ve ticari uygulamalarda optimum \u0131s\u0131 transferi sa\u011flamak \u00fczere tasarlanm\u0131\u015ft\u0131r. Hassas bile\u015fenler \u00fcretiyor veya hassas s\u0131cakl\u0131klar\u0131 koruyor olun, DC kartu\u015f \u0131s\u0131t\u0131c\u0131lar\u0131m\u0131z e\u015fsiz performans sunar.<\/span><\/p>\n<p><span>Cheri Heater&#8217;\u0131n uzmanl\u0131\u011f\u0131, her \u00fcr\u00fcn\u00fcn s\u0131k\u0131 kalite standartlar\u0131n\u0131 kar\u015f\u0131lamas\u0131n\u0131 sa\u011flar. Operasyonlar\u0131n\u0131z minimum enerji t\u00fcketimiyle tutarl\u0131 \u0131s\u0131 gerektiriyorsa, DC kartu\u015f \u0131s\u0131t\u0131c\u0131 \u00e7\u00f6z\u00fcmlerimiz sizin i\u00e7in m\u00fckemmel bir se\u00e7imdir.<\/span><\/p>\n<h3><b><span>Neden Cheri Heater&#8217;\u0131n DC Kartu\u015f Is\u0131t\u0131c\u0131s\u0131n\u0131 Se\u00e7melisiniz?<\/span><\/b><\/h3>\n<h4><b><span>End\u00fcstriyel Uygulamalar \u0130\u00e7in Ola\u011fan\u00fcst\u00fc Performans<\/span><\/b><\/h4>\n<p><b><span>Cheri Heater&#8217;\u0131n DC kartu\u015f \u0131s\u0131t\u0131c\u0131s\u0131,\u00a0<\/span><\/b><span>otomotiv\u00a0<\/span><span>, havac\u0131l\u0131k, paketleme ve daha fazlas\u0131 gibi end\u00fcstrilerin zorlu taleplerini kar\u015f\u0131lamak \u00fczere tasarlanm\u0131\u015ft\u0131r. Dayan\u0131kl\u0131 yap\u0131s\u0131 ve geli\u015fmi\u015f teknolojisi, d\u00fczg\u00fcn \u0131s\u0131tmay\u0131 garanti ederek onu \u015funlar i\u00e7in ideal hale getirir:<\/span><\/p>\n<ul>\n<li aria-level=\"1\"><span>Plastik kal\u0131plama<\/span><\/li>\n<li aria-level=\"1\"><span>S\u0131zd\u0131rmazl\u0131k ve kesme ekipmanlar\u0131<\/span><\/li>\n<li aria-level=\"1\"><span>S\u0131cak damgalama ve kabartma<\/span><\/li>\n<li aria-level=\"1\"><span>End\u00fcstriyel f\u0131r\u0131nlar<\/span><\/li>\n<\/ul>\n<p><span>\u00dcst\u00fcn \u0131s\u0131 da\u011f\u0131l\u0131m\u0131 ve h\u0131zl\u0131 tepki s\u00fcreleri ile benzersiz bir \u00fcretkenli\u011fe ula\u015facaks\u0131n\u0131z.<\/span><\/p>\n<h3><b><span>Uzun \u00d6m\u00fcrl\u00fc Olmak \u0130\u00e7in \u00dcretildi<\/span><\/b><\/h3>\n<p><span>Birinci s\u0131n\u0131f malzemelerle \u00fcretilen\u00a0<\/span><b><span>DC kartu\u015f \u0131s\u0131t\u0131c\u0131 ,\u00a0<\/span><\/b><span>dayan\u0131kl\u0131l\u0131k i\u00e7in \u00fcretilmi\u015ftir. Sa\u011flam tasar\u0131m\u0131 zorlu end\u00fcstriyel ortamlara dayan\u0131r ve uzun vadeli g\u00fcvenilirlik sa\u011flar. Cheri Heater&#8217;\u0131n kaliteye olan ba\u011fl\u0131l\u0131\u011f\u0131, i\u015fletmeniz i\u00e7in daha az de\u011fi\u015ftirme ve daha d\u00fc\u015f\u00fck bak\u0131m maliyetleri anlam\u0131na gelir.<\/span><\/p>\n<h3><b><span>DC Kartu\u015f Is\u0131t\u0131c\u0131 ile Ki\u015fiye \u00d6zel Is\u0131tma \u00c7\u00f6z\u00fcmleri<\/span><\/b><\/h3>\n<p><span>Cheri Heater&#8217;da her sekt\u00f6r\u00fcn benzersiz gereksinimleri oldu\u011funu biliyoruz. Bu nedenle DC kartu\u015f \u0131s\u0131t\u0131c\u0131lar\u0131m\u0131z i\u00e7in \u00f6zelle\u015ftirilebilir se\u00e7enekler sunuyoruz, bunlara \u015funlar dahildir:<\/span><\/p>\n<ul>\n<li aria-level=\"1\"><span>Ekipman\u0131n\u0131za uygun \u00e7e\u015fitli watt ve voltajlar<\/span><\/li>\n<li aria-level=\"1\"><span>M\u00fckemmel uyum i\u00e7in \u00f6zel uzunluklar ve \u00e7aplar<\/span><\/li>\n<li aria-level=\"1\"><span>Ek koruma i\u00e7in iste\u011fe ba\u011fl\u0131 kablo ve k\u0131l\u0131f malzemeleri<\/span><\/li>\n<\/ul>\n<h3><b><span>Cheri Heater: Is\u0131tma \u00c7\u00f6z\u00fcmlerinde G\u00fcvenilir Orta\u011f\u0131n\u0131z<\/span><\/b><\/h3>\n<p><span>Cheri Heater ile ortak oldu\u011funuzda, yaln\u0131zca bir \u00fcr\u00fcn sat\u0131n alm\u0131yorsunuz; uzmanl\u0131\u011fa ve inovasyona yat\u0131r\u0131m yap\u0131yorsunuz. DC kartu\u015f \u0131s\u0131t\u0131c\u0131lar\u0131m\u0131z \u015funlarla desteklenmektedir:<\/span><\/p>\n<ul>\n<li aria-level=\"1\"><span>Kapsaml\u0131 teknik destek<\/span><\/li>\n<li aria-level=\"1\"><span>Minimum kesinti s\u00fcresi i\u00e7in h\u0131zl\u0131 teslimat<\/span><\/li>\n<li aria-level=\"1\"><span>Kaliteyi d\u00fc\u015f\u00fcrmeden rekabet\u00e7i fiyatland\u0131rma<\/span><\/li>\n<\/ul>\n<p><span>Modern end\u00fcstrilerin de\u011fi\u015fen taleplerini kar\u015f\u0131layan \u0131s\u0131tma \u00e7\u00f6z\u00fcmleri sunmaktan gurur duyuyoruz.<\/span><\/p>\n<p><span>Y\u00fckseltmeye haz\u0131r m\u0131s\u0131n\u0131z? Hemen Cheri Heater ile ileti\u015fime ge\u00e7in ve DC kartu\u015f \u0131s\u0131t\u0131c\u0131lar\u0131m\u0131z\u0131n s\u00fcre\u00e7lerinizi nas\u0131l d\u00f6n\u00fc\u015ft\u00fcrebilece\u011fini ke\u015ffedin.<\/span><\/p>\n","protected":false},"featured_media":1747,"template":"","meta":[],"product_brand":[],"product_cat":[21],"product_tag":[183],"class_list":{"0":"post-1746","1":"product","2":"type-product","3":"status-publish","4":"has-post-thumbnail","6":"product_cat-cartridge-heater","7":"product_tag-dc-kartus-isitici","9":"first","10":"instock","11":"shipping-taxable","12":"product-type-simple"},"yoast_head":"<!-- This site is optimized with the Yoast SEO plugin v27.3 - https:\/\/yoast.com\/product\/yoast-seo-wordpress\/ -->\n<title>Y\u00fcksek Kaliteli DC Kartu\u015f Is\u0131t\u0131c\u0131 | Cheri-heater.com<\/title>\n<meta name=\"description\" content=\"Verimli, hassas \u0131s\u0131tma \u00e7\u00f6z\u00fcmleri i\u00e7in birinci s\u0131n\u0131f DC kartu\u015f \u0131s\u0131t\u0131c\u0131lar. Dayan\u0131kl\u0131, g\u00fcvenilir ve end\u00fcstriyel ve ticari uygulamalar i\u00e7in \u00f6zelle\u015ftirilebilir.\" \/>\n<meta name=\"robots\" content=\"index, follow, max-snippet:-1, max-image-preview:large, max-video-preview:-1\" \/>\n<link rel=\"canonical\" href=\"https:\/\/cheri-heater.com\/tr\/product\/dc-kartus-isitici\/\" \/>\n<meta property=\"og:locale\" content=\"en_US\" \/>\n<meta property=\"og:type\" content=\"article\" \/>\n<meta property=\"og:title\" content=\"Y\u00fcksek Kaliteli DC Kartu\u015f Is\u0131t\u0131c\u0131 | Cheri-heater.com\" \/>\n<meta property=\"og:description\" content=\"Verimli, hassas \u0131s\u0131tma \u00e7\u00f6z\u00fcmleri i\u00e7in birinci s\u0131n\u0131f DC kartu\u015f \u0131s\u0131t\u0131c\u0131lar. Dayan\u0131kl\u0131, g\u00fcvenilir ve end\u00fcstriyel ve ticari uygulamalar i\u00e7in \u00f6zelle\u015ftirilebilir.\" \/>\n<meta property=\"og:url\" content=\"https:\/\/cheri-heater.com\/tr\/product\/dc-kartus-isitici\/\" \/>\n<meta property=\"og:site_name\" content=\"Cheri Heater Technology Co.,Ltd.\" \/>\n<meta property=\"og:image\" content=\"https:\/\/cheri-heater.com\/tr\/wp-content\/uploads\/2025\/05\/s-l500.jpg\" \/>\n\t<meta property=\"og:image:width\" content=\"500\" \/>\n\t<meta property=\"og:image:height\" content=\"500\" \/>\n\t<meta property=\"og:image:type\" content=\"image\/jpeg\" \/>\n<meta name=\"twitter:card\" content=\"summary_large_image\" \/>\n<meta name=\"twitter:label1\" content=\"Est. reading time\" \/>\n\t<meta name=\"twitter:data1\" content=\"1 minute\" \/>\n<!-- \/ Yoast SEO plugin. -->","yoast_head_json":{"title":"Y\u00fcksek Kaliteli DC Kartu\u015f Is\u0131t\u0131c\u0131 | Cheri-heater.com","description":"Verimli, hassas \u0131s\u0131tma \u00e7\u00f6z\u00fcmleri i\u00e7in birinci s\u0131n\u0131f DC kartu\u015f \u0131s\u0131t\u0131c\u0131lar. Dayan\u0131kl\u0131, g\u00fcvenilir ve end\u00fcstriyel ve ticari uygulamalar i\u00e7in \u00f6zelle\u015ftirilebilir.","robots":{"index":"index","follow":"follow","max-snippet":"max-snippet:-1","max-image-preview":"max-image-preview:large","max-video-preview":"max-video-preview:-1"},"canonical":"https:\/\/cheri-heater.com\/tr\/product\/dc-kartus-isitici\/","og_locale":"en_US","og_type":"article","og_title":"Y\u00fcksek Kaliteli DC Kartu\u015f Is\u0131t\u0131c\u0131 | Cheri-heater.com","og_description":"Verimli, hassas \u0131s\u0131tma \u00e7\u00f6z\u00fcmleri i\u00e7in birinci s\u0131n\u0131f DC kartu\u015f \u0131s\u0131t\u0131c\u0131lar. Dayan\u0131kl\u0131, g\u00fcvenilir ve end\u00fcstriyel ve ticari uygulamalar i\u00e7in \u00f6zelle\u015ftirilebilir.","og_url":"https:\/\/cheri-heater.com\/tr\/product\/dc-kartus-isitici\/","og_site_name":"Cheri Heater Technology Co.,Ltd.","og_image":[{"width":500,"height":500,"url":"https:\/\/cheri-heater.com\/tr\/wp-content\/uploads\/2025\/05\/s-l500.jpg","type":"image\/jpeg"}],"twitter_card":"summary_large_image","twitter_misc":{"Est. reading time":"1 minute"},"schema":{"@context":"https:\/\/schema.org","@graph":[{"@type":"WebPage","@id":"https:\/\/cheri-heater.com\/tr\/product\/dc-kartus-isitici\/","url":"https:\/\/cheri-heater.com\/tr\/product\/dc-kartus-isitici\/","name":"Y\u00fcksek Kaliteli DC Kartu\u015f Is\u0131t\u0131c\u0131 | Cheri-heater.com","isPartOf":{"@id":"https:\/\/cheri-heater.com\/tr\/#website"},"primaryImageOfPage":{"@id":"https:\/\/cheri-heater.com\/tr\/product\/dc-kartus-isitici\/#primaryimage"},"image":{"@id":"https:\/\/cheri-heater.com\/tr\/product\/dc-kartus-isitici\/#primaryimage"},"thumbnailUrl":"https:\/\/cheri-heater.com\/tr\/wp-content\/uploads\/2025\/05\/s-l500.jpg","datePublished":"2025-05-17T03:21:31+00:00","description":"Verimli, hassas \u0131s\u0131tma \u00e7\u00f6z\u00fcmleri i\u00e7in birinci s\u0131n\u0131f DC kartu\u015f \u0131s\u0131t\u0131c\u0131lar. Dayan\u0131kl\u0131, g\u00fcvenilir ve end\u00fcstriyel ve ticari uygulamalar i\u00e7in \u00f6zelle\u015ftirilebilir.","breadcrumb":{"@id":"https:\/\/cheri-heater.com\/tr\/product\/dc-kartus-isitici\/#breadcrumb"},"inLanguage":"en-US","potentialAction":[{"@type":"ReadAction","target":["https:\/\/cheri-heater.com\/tr\/product\/dc-kartus-isitici\/"]}]},{"@type":"ImageObject","inLanguage":"en-US","@id":"https:\/\/cheri-heater.com\/tr\/product\/dc-kartus-isitici\/#primaryimage","url":"https:\/\/cheri-heater.com\/tr\/wp-content\/uploads\/2025\/05\/s-l500.jpg","contentUrl":"https:\/\/cheri-heater.com\/tr\/wp-content\/uploads\/2025\/05\/s-l500.jpg","width":500,"height":500,"caption":"DC Kartu\u015f Is\u0131t\u0131c\u0131"},{"@type":"BreadcrumbList","@id":"https:\/\/cheri-heater.com\/tr\/product\/dc-kartus-isitici\/#breadcrumb","itemListElement":[{"@type":"ListItem","position":1,"name":"Home","item":"https:\/\/cheri-heater.com\/tr\/"},{"@type":"ListItem","position":2,"name":"Products","item":"https:\/\/cheri-heater.com\/tr\/products\/"},{"@type":"ListItem","position":3,"name":"DC Kartu\u015f Is\u0131t\u0131c\u0131"}]},{"@type":"WebSite","@id":"https:\/\/cheri-heater.com\/tr\/#website","url":"https:\/\/cheri-heater.com\/tr\/","name":"Cheri Heater Technology Co.,Ltd.","description":"","publisher":{"@id":"https:\/\/cheri-heater.com\/tr\/#organization"},"potentialAction":[{"@type":"SearchAction","target":{"@type":"EntryPoint","urlTemplate":"https:\/\/cheri-heater.com\/tr\/?s={search_term_string}"},"query-input":{"@type":"PropertyValueSpecification","valueRequired":true,"valueName":"search_term_string"}}],"inLanguage":"en-US"},{"@type":"Organization","@id":"https:\/\/cheri-heater.com\/tr\/#organization","name":"Cheri Heater Technology Co.,Ltd.","url":"https:\/\/cheri-heater.com\/tr\/","logo":{"@type":"ImageObject","inLanguage":"en-US","@id":"https:\/\/cheri-heater.com\/tr\/#\/schema\/logo\/image\/","url":"https:\/\/cheri-heater.com\/tr\/wp-content\/uploads\/2024\/06\/cropped-logo-resize.png","contentUrl":"https:\/\/cheri-heater.com\/tr\/wp-content\/uploads\/2024\/06\/cropped-logo-resize.png","width":346,"height":99,"caption":"Cheri Heater Technology Co.,Ltd."},"image":{"@id":"https:\/\/cheri-heater.com\/tr\/#\/schema\/logo\/image\/"}}]}},"_links":{"self":[{"href":"https:\/\/cheri-heater.com\/tr\/wp-json\/wp\/v2\/product\/1746","targetHints":{"allow":["GET"]}}],"collection":[{"href":"https:\/\/cheri-heater.com\/tr\/wp-json\/wp\/v2\/product"}],"about":[{"href":"https:\/\/cheri-heater.com\/tr\/wp-json\/wp\/v2\/types\/product"}],"wp:featuredmedia":[{"embeddable":true,"href":"https:\/\/cheri-heater.com\/tr\/wp-json\/wp\/v2\/media\/1747"}],"wp:attachment":[{"href":"https:\/\/cheri-heater.com\/tr\/wp-json\/wp\/v2\/media?parent=1746"}],"wp:term":[{"taxonomy":"product_brand","embeddable":true,"href":"https:\/\/cheri-heater.com\/tr\/wp-json\/wp\/v2\/product_brand?post=1746"},{"taxonomy":"product_cat","embeddable":true,"href":"https:\/\/cheri-heater.com\/tr\/wp-json\/wp\/v2\/product_cat?post=1746"},{"taxonomy":"product_tag","embeddable":true,"href":"https:\/\/cheri-heater.com\/tr\/wp-json\/wp\/v2\/product_tag?post=1746"}],"curies":[{"name":"wp","href":"https:\/\/api.w.org\/{rel}","templated":true}]}}