{"id":1748,"date":"2025-05-17T03:30:05","date_gmt":"2025-05-17T03:30:05","guid":{"rendered":"https:\/\/cheri-heater.com\/tr\/?post_type=product&#038;p=1748"},"modified":"2025-05-17T03:30:06","modified_gmt":"2025-05-17T03:30:06","slug":"mikro-kartus-isitici","status":"publish","type":"product","link":"https:\/\/cheri-heater.com\/tr\/product\/mikro-kartus-isitici\/","title":{"rendered":"Mikro Kartu\u015f Is\u0131t\u0131c\u0131"},"content":{"rendered":"","protected":false},"excerpt":{"rendered":"<h2 data-start=\"131\" data-end=\"169\"><span><span class=\"\">Mikro Kartu\u015f Is\u0131t\u0131c\u0131 \u00dcreticileri<\/span><\/span><\/h2>\n<p class=\"\" data-start=\"171\" data-end=\"657\"><span><span class=\"\">Hassasiyet, g\u00fcvenilirlik ve kompakt \u0131s\u0131tma \u00e7\u00f6z\u00fcmleri \u00f6nemli oldu\u011funda, do\u011fru mikro kartu\u015f \u0131s\u0131t\u0131c\u0131 \u00fcreticilerini se\u00e7mek her \u015feyi de\u011fi\u015ftirir. Cheri-heater.com&#8217;da, d\u00fcnya \u00e7ap\u0131ndaki end\u00fcstrilerin titiz ihtiya\u00e7lar\u0131n\u0131 kar\u015f\u0131layan y\u00fcksek performansl\u0131 mikro kartu\u015f \u0131s\u0131t\u0131c\u0131lar\u0131 \u00fcretme konusunda uzmanla\u015ft\u0131k. Y\u0131llar\u0131n uzmanl\u0131\u011f\u0131, geli\u015fmi\u015f \u00fcretim yetenekleri ve kaliteye olan ba\u011fl\u0131l\u0131\u011f\u0131m\u0131zla, pazardaki \u00f6nde gelen mikro kartu\u015f \u0131s\u0131t\u0131c\u0131 \u00fcreticilerinden biri olmaktan gurur duyuyoruz.<\/span><\/span><\/p>\n<h3 data-start=\"659\" data-end=\"707\"><span>Mikro Kartu\u015f Is\u0131t\u0131c\u0131 \u00dcreticileri Kimlerdir?<\/span><\/h3>\n<p class=\"\" data-start=\"709\" data-end=\"1158\"><span>Mikro kartu\u015f \u0131s\u0131t\u0131c\u0131 \u00fcreticileri, k\u00fc\u00e7\u00fck, dar alanlarda kullan\u0131lmak \u00fczere \u00fcretilmi\u015f minyat\u00fcr \u0131s\u0131tma elemanlar\u0131 tasarlar ve \u00fcretir. Bu \u00fcreticiler, \u00e7ok kompakt boyutlarda y\u00fcksek watt yo\u011funlu\u011fu, m\u00fckemmel s\u0131cakl\u0131k kontrol\u00fc ve dayan\u0131kl\u0131l\u0131\u011f\u0131 bir araya getiren \u00fcr\u00fcnler sunmal\u0131d\u0131r. T\u0131bbi cihazlar, 3D bask\u0131, havac\u0131l\u0131k, paketleme ve otomotiv end\u00fcstrileri gibi uygulamalar, bu k\u00fc\u00e7\u00fck ama g\u00fc\u00e7l\u00fc \u0131s\u0131t\u0131c\u0131lar\u0131n tutarl\u0131 performans\u0131na g\u00fcvenir.<\/span><\/p>\n<p class=\"\" data-start=\"1160\" data-end=\"1472\"><span>G\u00fcvenilir mikro kartu\u015f \u0131s\u0131t\u0131c\u0131 \u00fcreticileri olarak, \u00fcr\u00fcnlerimizin operasyonlar\u0131n\u0131zda oynad\u0131\u011f\u0131 kritik rol\u00fcn fark\u0131nday\u0131z. Bu nedenle, teslim etti\u011fimiz her \u0131s\u0131t\u0131c\u0131n\u0131n en y\u00fcksek standartlar\u0131 kar\u015f\u0131lamas\u0131n\u0131 sa\u011flamak i\u00e7in birinci s\u0131n\u0131f paslanmaz \u00e7elik, y\u00fcksek safl\u0131kta magnezyum oksit yal\u0131t\u0131m\u0131 ve geli\u015fmi\u015f diren\u00e7 teli teknolojileri kullan\u0131yoruz.<\/span><\/p>\n<h3 data-start=\"1474\" data-end=\"1552\"><span>Neden Mikro Kartu\u015f Is\u0131t\u0131c\u0131 \u00dcreticiniz Olarak Cheri-heater.com&#8217;u Se\u00e7melisiniz?<\/span><\/h3>\n<p class=\"\" data-start=\"1554\" data-end=\"1742\"><span>Cheri-heater.com&#8217;da, sadece mikro kartu\u015f \u0131s\u0131t\u0131c\u0131 \u00fcreticisi de\u011filiz, \u0131s\u0131tma inovasyonunda orta\u011f\u0131n\u0131z\u0131z. \u0130\u015fte \u00e7e\u015fitli sekt\u00f6rlerdeki m\u00fc\u015fterilerin bizi se\u00e7mesinin nedenleri:<\/span><\/p>\n<ul data-start=\"1744\" data-end=\"2426\">\n<li class=\"\" data-start=\"1744\" data-end=\"1912\">\n<p class=\"\" data-start=\"1746\" data-end=\"1912\"><strong data-start=\"1746\" data-end=\"1772\"><span>\u00d6zelle\u015ftirme Se\u00e7enekleri:<\/span><\/strong><span>\u00a0\u00d6zel uygulaman\u0131za uyacak \u015fekilde geni\u015f bir yelpazede \u00f6zel boyutlar, watt de\u011ferleri, voltajlar, ba\u011flant\u0131 kablosu yap\u0131land\u0131rmalar\u0131 ve montaj se\u00e7enekleri sunuyoruz.<\/span><\/p>\n<\/li>\n<li class=\"\" data-start=\"1913\" data-end=\"2036\">\n<p class=\"\" data-start=\"1915\" data-end=\"2036\"><strong data-start=\"1915\" data-end=\"1932\"><span>Y\u00fcksek Kalite:<\/span><\/strong><span>\u00a0Is\u0131t\u0131c\u0131lar\u0131m\u0131z maksimum performans ve uzun \u00f6m\u00fcr sa\u011flamak i\u00e7in hassasiyetle \u00fcretilmi\u015f ve titizlikle test edilmi\u015ftir.<\/span><\/p>\n<\/li>\n<li class=\"\" data-start=\"2037\" data-end=\"2160\">\n<p class=\"\" data-start=\"2039\" data-end=\"2160\"><strong data-start=\"2039\" data-end=\"2059\"><span>H\u0131zl\u0131 Teslimat:<\/span><\/strong><span>\u00a0Verimli \u00fcretim s\u00fcrecimiz sayesinde kaliteden \u00f6d\u00fcn vermeden h\u0131zl\u0131 teslimat sunuyoruz.<\/span><\/p>\n<\/li>\n<li class=\"\" data-start=\"2161\" data-end=\"2280\">\n<p class=\"\" data-start=\"2163\" data-end=\"2280\"><strong data-start=\"2163\" data-end=\"2187\"><span>Teknik Uzmanl\u0131k:<\/span><\/strong><span>\u00a0M\u00fchendislik ekibimiz, tasar\u0131m dan\u0131\u015fmanl\u0131\u011f\u0131ndan sat\u0131\u015f sonras\u0131 hizmete kadar tam destek sa\u011flar.<\/span><\/p>\n<\/li>\n<li class=\"\" data-start=\"2281\" data-end=\"2426\">\n<p class=\"\" data-start=\"2283\" data-end=\"2426\"><strong data-start=\"2283\" data-end=\"2307\"><span>Rekabet\u00e7i Fiyatland\u0131rma:<\/span><\/strong><span>\u00a0\u00dcst\u00fcn kaliteye ula\u015fmak i\u00e7in y\u00fcksek \u00fccret \u00f6demeniz gerekmez; t\u00fcm mikro kartu\u015f \u0131s\u0131t\u0131c\u0131lar\u0131m\u0131zda rekabet\u00e7i fiyatlar sunuyoruz.<\/span><\/p>\n<\/li>\n<\/ul>\n<h4 data-start=\"2550\" data-end=\"2592\"><span>Mikro Kartu\u015f Is\u0131t\u0131c\u0131lar\u0131n Uygulamalar\u0131<\/span><\/h4>\n<p class=\"\" data-start=\"2594\" data-end=\"2711\"><span>\u00d6nde gelen mikro kartu\u015f \u0131s\u0131t\u0131c\u0131 \u00fcreticileri, a\u015fa\u011f\u0131dakiler de dahil olmak \u00fczere \u00e7ok \u00e7e\u015fitli end\u00fcstri ve uygulamalara hitap etmektedir:<\/span><\/p>\n<ul data-start=\"2713\" data-end=\"3127\">\n<li class=\"\" data-start=\"2713\" data-end=\"2789\">\n<p class=\"\" data-start=\"2715\" data-end=\"2789\"><strong data-start=\"2715\" data-end=\"2735\"><span>T\u0131bbi Cihazlar:<\/span><\/strong><span>\u00a0Tan\u0131 ve cerrahi aletlerde hassas \u0131s\u0131tma i\u00e7in.<\/span><\/p>\n<\/li>\n<li class=\"\" data-start=\"2790\" data-end=\"2870\">\n<p class=\"\" data-start=\"2792\" data-end=\"2870\"><strong data-start=\"2792\" data-end=\"2808\"><span>3D Yaz\u0131c\u0131lar:<\/span><\/strong><span>\u00a0Nozul ve yatak \u0131s\u0131tmas\u0131 i\u00e7in hassas s\u0131cakl\u0131k kontrol\u00fc.<\/span><\/p>\n<\/li>\n<li class=\"\" data-start=\"2871\" data-end=\"2945\">\n<p class=\"\" data-start=\"2873\" data-end=\"2945\"><strong data-start=\"2873\" data-end=\"2897\"><span>Paketleme Ekipmanlar\u0131:<\/span><\/strong><span>\u00a0S\u0131zd\u0131rmazl\u0131k, kesme ve kaynak uygulamalar\u0131 i\u00e7in.<\/span><\/p>\n<\/li>\n<li class=\"\" data-start=\"2946\" data-end=\"3037\">\n<p class=\"\" data-start=\"2948\" data-end=\"3037\"><strong data-start=\"2948\" data-end=\"2977\"><span>Havac\u0131l\u0131k ve Otomotiv:<\/span><\/strong><span>\u00a0G\u00fcvenilirli\u011fin kritik \u00f6nem ta\u015f\u0131d\u0131\u011f\u0131 kompakt \u0131s\u0131tma \u00e7\u00f6z\u00fcmleri i\u00e7in.<\/span><\/p>\n<\/li>\n<li class=\"\" data-start=\"3038\" data-end=\"3127\">\n<p class=\"\" data-start=\"3040\" data-end=\"3127\"><strong data-start=\"3040\" data-end=\"3060\"><span>G\u0131da \u0130\u015fleme:<\/span><\/strong><span>\u00a0Makine ve aletlerde k\u00fc\u00e7\u00fck form fakt\u00f6rl\u00fc \u0131s\u0131tma gereksinimleri i\u00e7in.<\/span><\/p>\n<\/li>\n<\/ul>\n<p class=\"\" data-start=\"3129\" data-end=\"3225\"><span>Uygulaman\u0131z ne olursa olsun, \u0131s\u0131t\u0131c\u0131lar\u0131m\u0131z en zorlu ko\u015fullar alt\u0131nda performans g\u00f6sterecek \u015fekilde \u00fcretilmi\u015ftir.<\/span><\/p>\n<h2 class=\"\" data-start=\"3227\" data-end=\"3254\"><span>Uzmanlarla Ortak Olun<\/span><\/h2>\n<p class=\"\" data-start=\"3256\" data-end=\"3527\"><span>Do\u011fru mikro kartu\u015f \u0131s\u0131t\u0131c\u0131 \u00fcreticilerini se\u00e7mek, \u00fcr\u00fcn\u00fcn\u00fcz\u00fcn verimlili\u011fini, kullan\u0131m \u00f6mr\u00fcn\u00fc ve performans\u0131n\u0131 b\u00fcy\u00fck \u00f6l\u00e7\u00fcde etkileyebilir. Cheri-heater.com&#8217;da, ola\u011fan\u00fcst\u00fc kalite, yenilik\u00e7i tasar\u0131mlar ve e\u015fsiz g\u00fcvenilirlik sunan \u0131s\u0131t\u0131c\u0131lar sunmaktan gurur duyuyoruz.<\/span><\/p>\n","protected":false},"featured_media":1750,"template":"","meta":[],"product_brand":[],"product_cat":[21],"product_tag":[184],"class_list":{"0":"post-1748","1":"product","2":"type-product","3":"status-publish","4":"has-post-thumbnail","6":"product_cat-cartridge-heater","7":"product_tag-mikro-kartus-isitici","9":"first","10":"instock","11":"shipping-taxable","12":"product-type-simple"},"yoast_head":"<!-- This site is optimized with the Yoast SEO plugin v27.3 - https:\/\/yoast.com\/product\/yoast-seo-wordpress\/ -->\n<title>Top Micro Cartridge Heater Manufacturers | Cheri-heater.com<\/title>\n<meta name=\"description\" content=\"Looking for expert micro cartridge heater manufacturers? We provide durable, compact heaters with custom designs for your specific needs.\" \/>\n<meta name=\"robots\" content=\"index, follow, max-snippet:-1, max-image-preview:large, max-video-preview:-1\" \/>\n<link rel=\"canonical\" href=\"https:\/\/cheri-heater.com\/tr\/product\/mikro-kartus-isitici\/\" \/>\n<meta property=\"og:locale\" content=\"en_US\" \/>\n<meta property=\"og:type\" content=\"article\" \/>\n<meta property=\"og:title\" content=\"Top Micro Cartridge Heater Manufacturers | Cheri-heater.com\" \/>\n<meta property=\"og:description\" content=\"Looking for expert micro cartridge heater manufacturers? We provide durable, compact heaters with custom designs for your specific needs.\" \/>\n<meta property=\"og:url\" content=\"https:\/\/cheri-heater.com\/tr\/product\/mikro-kartus-isitici\/\" \/>\n<meta property=\"og:site_name\" content=\"Cheri Heater Technology Co.,Ltd.\" \/>\n<meta property=\"article:modified_time\" content=\"2025-05-17T03:30:06+00:00\" \/>\n<meta property=\"og:image\" content=\"https:\/\/cheri-heater.com\/tr\/wp-content\/uploads\/2025\/05\/947e7888-1ef1-4c90-9131-0a9107b41814.jpg\" \/>\n\t<meta property=\"og:image:width\" content=\"960\" \/>\n\t<meta property=\"og:image:height\" content=\"1280\" \/>\n\t<meta property=\"og:image:type\" content=\"image\/jpeg\" \/>\n<meta name=\"twitter:card\" content=\"summary_large_image\" \/>\n<meta name=\"twitter:label1\" content=\"Est. reading time\" \/>\n\t<meta name=\"twitter:data1\" content=\"1 minute\" \/>\n<!-- \/ Yoast SEO plugin. -->","yoast_head_json":{"title":"Top Micro Cartridge Heater Manufacturers | Cheri-heater.com","description":"Looking for expert micro cartridge heater manufacturers? We provide durable, compact heaters with custom designs for your specific needs.","robots":{"index":"index","follow":"follow","max-snippet":"max-snippet:-1","max-image-preview":"max-image-preview:large","max-video-preview":"max-video-preview:-1"},"canonical":"https:\/\/cheri-heater.com\/tr\/product\/mikro-kartus-isitici\/","og_locale":"en_US","og_type":"article","og_title":"Top Micro Cartridge Heater Manufacturers | Cheri-heater.com","og_description":"Looking for expert micro cartridge heater manufacturers? We provide durable, compact heaters with custom designs for your specific needs.","og_url":"https:\/\/cheri-heater.com\/tr\/product\/mikro-kartus-isitici\/","og_site_name":"Cheri Heater Technology Co.,Ltd.","article_modified_time":"2025-05-17T03:30:06+00:00","og_image":[{"width":960,"height":1280,"url":"https:\/\/cheri-heater.com\/tr\/wp-content\/uploads\/2025\/05\/947e7888-1ef1-4c90-9131-0a9107b41814.jpg","type":"image\/jpeg"}],"twitter_card":"summary_large_image","twitter_misc":{"Est. reading time":"1 minute"},"schema":{"@context":"https:\/\/schema.org","@graph":[{"@type":"WebPage","@id":"https:\/\/cheri-heater.com\/tr\/product\/mikro-kartus-isitici\/","url":"https:\/\/cheri-heater.com\/tr\/product\/mikro-kartus-isitici\/","name":"Top Micro Cartridge Heater Manufacturers | Cheri-heater.com","isPartOf":{"@id":"https:\/\/cheri-heater.com\/tr\/#website"},"primaryImageOfPage":{"@id":"https:\/\/cheri-heater.com\/tr\/product\/mikro-kartus-isitici\/#primaryimage"},"image":{"@id":"https:\/\/cheri-heater.com\/tr\/product\/mikro-kartus-isitici\/#primaryimage"},"thumbnailUrl":"https:\/\/cheri-heater.com\/tr\/wp-content\/uploads\/2025\/05\/947e7888-1ef1-4c90-9131-0a9107b41814.jpg","datePublished":"2025-05-17T03:30:05+00:00","dateModified":"2025-05-17T03:30:06+00:00","description":"Looking for expert micro cartridge heater manufacturers? We provide durable, compact heaters with custom designs for your specific needs.","breadcrumb":{"@id":"https:\/\/cheri-heater.com\/tr\/product\/mikro-kartus-isitici\/#breadcrumb"},"inLanguage":"en-US","potentialAction":[{"@type":"ReadAction","target":["https:\/\/cheri-heater.com\/tr\/product\/mikro-kartus-isitici\/"]}]},{"@type":"ImageObject","inLanguage":"en-US","@id":"https:\/\/cheri-heater.com\/tr\/product\/mikro-kartus-isitici\/#primaryimage","url":"https:\/\/cheri-heater.com\/tr\/wp-content\/uploads\/2025\/05\/947e7888-1ef1-4c90-9131-0a9107b41814.jpg","contentUrl":"https:\/\/cheri-heater.com\/tr\/wp-content\/uploads\/2025\/05\/947e7888-1ef1-4c90-9131-0a9107b41814.jpg","width":960,"height":1280,"caption":"Mikro Kartu\u015f Is\u0131t\u0131c\u0131"},{"@type":"BreadcrumbList","@id":"https:\/\/cheri-heater.com\/tr\/product\/mikro-kartus-isitici\/#breadcrumb","itemListElement":[{"@type":"ListItem","position":1,"name":"Home","item":"https:\/\/cheri-heater.com\/tr\/"},{"@type":"ListItem","position":2,"name":"Products","item":"https:\/\/cheri-heater.com\/tr\/products\/"},{"@type":"ListItem","position":3,"name":"Mikro Kartu\u015f Is\u0131t\u0131c\u0131"}]},{"@type":"WebSite","@id":"https:\/\/cheri-heater.com\/tr\/#website","url":"https:\/\/cheri-heater.com\/tr\/","name":"Cheri Heater Technology Co.,Ltd.","description":"","publisher":{"@id":"https:\/\/cheri-heater.com\/tr\/#organization"},"potentialAction":[{"@type":"SearchAction","target":{"@type":"EntryPoint","urlTemplate":"https:\/\/cheri-heater.com\/tr\/?s={search_term_string}"},"query-input":{"@type":"PropertyValueSpecification","valueRequired":true,"valueName":"search_term_string"}}],"inLanguage":"en-US"},{"@type":"Organization","@id":"https:\/\/cheri-heater.com\/tr\/#organization","name":"Cheri Heater Technology Co.,Ltd.","url":"https:\/\/cheri-heater.com\/tr\/","logo":{"@type":"ImageObject","inLanguage":"en-US","@id":"https:\/\/cheri-heater.com\/tr\/#\/schema\/logo\/image\/","url":"https:\/\/cheri-heater.com\/tr\/wp-content\/uploads\/2024\/06\/cropped-logo-resize.png","contentUrl":"https:\/\/cheri-heater.com\/tr\/wp-content\/uploads\/2024\/06\/cropped-logo-resize.png","width":346,"height":99,"caption":"Cheri Heater Technology Co.,Ltd."},"image":{"@id":"https:\/\/cheri-heater.com\/tr\/#\/schema\/logo\/image\/"}}]}},"_links":{"self":[{"href":"https:\/\/cheri-heater.com\/tr\/wp-json\/wp\/v2\/product\/1748","targetHints":{"allow":["GET"]}}],"collection":[{"href":"https:\/\/cheri-heater.com\/tr\/wp-json\/wp\/v2\/product"}],"about":[{"href":"https:\/\/cheri-heater.com\/tr\/wp-json\/wp\/v2\/types\/product"}],"wp:featuredmedia":[{"embeddable":true,"href":"https:\/\/cheri-heater.com\/tr\/wp-json\/wp\/v2\/media\/1750"}],"wp:attachment":[{"href":"https:\/\/cheri-heater.com\/tr\/wp-json\/wp\/v2\/media?parent=1748"}],"wp:term":[{"taxonomy":"product_brand","embeddable":true,"href":"https:\/\/cheri-heater.com\/tr\/wp-json\/wp\/v2\/product_brand?post=1748"},{"taxonomy":"product_cat","embeddable":true,"href":"https:\/\/cheri-heater.com\/tr\/wp-json\/wp\/v2\/product_cat?post=1748"},{"taxonomy":"product_tag","embeddable":true,"href":"https:\/\/cheri-heater.com\/tr\/wp-json\/wp\/v2\/product_tag?post=1748"}],"curies":[{"name":"wp","href":"https:\/\/api.w.org\/{rel}","templated":true}]}}