{"id":1754,"date":"2025-05-17T03:36:53","date_gmt":"2025-05-17T03:36:53","guid":{"rendered":"https:\/\/cheri-heater.com\/tr\/?post_type=product&#038;p=1754"},"modified":"2025-05-17T03:36:54","modified_gmt":"2025-05-17T03:36:54","slug":"kalem-isitici","status":"publish","type":"product","link":"https:\/\/cheri-heater.com\/tr\/product\/kalem-isitici\/","title":{"rendered":"Kalem Is\u0131t\u0131c\u0131"},"content":{"rendered":"","protected":false},"excerpt":{"rendered":"<h2><b><span>Lider Kalem Is\u0131t\u0131c\u0131 \u00dcreticileri<\/span><\/b><\/h2>\n<p><span>Hassas \u0131s\u0131tma end\u00fcstriyel s\u00fcre\u00e7lerinizin temel ta\u015f\u0131 oldu\u011funda,\u00a0<\/span><b><span>Cheri Heater\u00a0<\/span><\/b><span>g\u00fcvenilir\u00a0<\/span><b><span>kalem \u0131s\u0131t\u0131c\u0131 \u00fcreticiniz olarak \u00f6ne \u00e7\u0131kar\u00a0<\/span><\/b><span>. M\u00fckemmellik i\u00e7in tasarlanan kalem \u0131s\u0131t\u0131c\u0131lar\u0131m\u0131z, \u00e7e\u015fitli end\u00fcstrilerin taleplerini kar\u015f\u0131lamak \u00fczere tasarlanm\u0131\u015f hedefli, verimli \u0131s\u0131tma \u00e7\u00f6z\u00fcmleri sunar. \u0130ster plastik, ister ambalaj, ister t\u0131bbi cihazlar veya daha fazlas\u0131 olsun, \u0131s\u0131t\u0131c\u0131lar\u0131m\u0131z her uygulamada optimum performans sa\u011flar.<\/span><\/p>\n<h3><b><span>Kalem Is\u0131t\u0131c\u0131 \u00dcreticiniz Olarak Neden Cheri Heater&#8217;\u0131 Se\u00e7melisiniz?<\/span><\/b><\/h3>\n<p><span>Sekt\u00f6r lideri bir\u00a0<\/span><b><span>kalem \u0131s\u0131t\u0131c\u0131 \u00fcreticisi olarak\u00a0<\/span><\/b><span>Cheri Heater, e\u015fsiz kalite ve yenilik sunar. Geli\u015fmi\u015f \u0131s\u0131tma \u00e7\u00f6z\u00fcmleri tasarlama konusunda y\u0131llar\u0131n uzmanl\u0131\u011f\u0131yla, operasyonlar\u0131n\u0131z\u0131n sorunsuz bir \u015fekilde \u00e7al\u0131\u015fmas\u0131n\u0131 sa\u011flayan dayan\u0131kl\u0131, y\u00fcksek performansl\u0131 \u0131s\u0131t\u0131c\u0131lara olan ihtiyac\u0131 anl\u0131yoruz.\u00a0<\/span><\/p>\n<p><span>Kalem \u0131s\u0131t\u0131c\u0131lar\u0131m\u0131z, h\u0131zl\u0131 \u0131s\u0131 transferi, hassas s\u0131cakl\u0131k kontrol\u00fc ve sistemlerinize kusursuz entegrasyon i\u00e7in kompakt bir form fakt\u00f6r\u00fc sa\u011flayacak \u015fekilde tasarlanm\u0131\u015ft\u0131r.<\/span><\/p>\n<h3><b><span>Cheri Is\u0131t\u0131c\u0131y\u0131 Se\u00e7menin Temel Faydalar\u0131:<\/span><\/b><\/h3>\n<ol>\n<li aria-level=\"1\"><b><span>\u00d6zel M\u00fchendislik\u00a0<\/span><\/b><span>: Kalem \u0131s\u0131t\u0131c\u0131lar\u0131 sizin \u00f6zelliklerinize uyacak \u015fekilde tasarlamakta uzmanla\u015ft\u0131k. Watt yo\u011funlu\u011fundan k\u0131l\u0131f malzemesine kadar her ayr\u0131nt\u0131 benzersiz gereksinimlerinize g\u00f6re uyarlanm\u0131\u015ft\u0131r.<\/span><\/li>\n<li aria-level=\"1\"><b><span>Ola\u011fan\u00fcst\u00fc Dayan\u0131kl\u0131l\u0131k\u00a0<\/span><\/b><span>: Birinci s\u0131n\u0131f malzemelerle \u00fcretilen \u0131s\u0131t\u0131c\u0131lar\u0131m\u0131z, zorlu ortamlara dayanarak daha uzun bir kullan\u0131m \u00f6mr\u00fc ve tutarl\u0131 bir performans sa\u011flar.<\/span><\/li>\n<li aria-level=\"1\"><b><span>Hassas Is\u0131tma\u00a0<\/span><\/b><span>: Geli\u015fmi\u015f s\u0131cakl\u0131k kontrolleri ile kalem \u0131s\u0131t\u0131c\u0131lar\u0131m\u0131z kritik uygulamalar i\u00e7in hassas ve verimli \u0131s\u0131tma sa\u011flar.<\/span><\/li>\n<\/ol>\n<h2><b><span>Kalem Is\u0131t\u0131c\u0131lar\u0131m\u0131za G\u00fcvenen End\u00fcstriler<\/span><\/b><\/h2>\n<p><span>Cheri Heater, \u00f6zel olarak tasarlanm\u0131\u015f \u0131s\u0131tma \u00e7\u00f6z\u00fcmleriyle \u00e7ok \u00e7e\u015fitli sekt\u00f6rlere hizmet vermektedir. Birinci s\u0131n\u0131f\u00a0<\/span><b><span>kalem \u0131s\u0131t\u0131c\u0131 \u00fcreticisi olarak\u00a0<\/span><\/b><span>, a\u015fa\u011f\u0131daki alanlarda operasyonel verimlili\u011fi art\u0131ran \u00fcr\u00fcnler yaratmaktan gurur duyuyoruz:<\/span><\/p>\n<ul>\n<li aria-level=\"1\"><b><span>Plastik ve Ambalaj\u00a0<\/span><\/b><span>: Enjeksiyon kal\u0131plama, s\u0131zd\u0131rmazl\u0131k ve kesme uygulamalar\u0131 i\u00e7in idealdir.<\/span><\/li>\n<li aria-level=\"1\"><b><span>T\u0131bbi Ekipman\u00a0<\/span><\/b><span>: Hassas \u00fcretim ihtiya\u00e7lar\u0131 i\u00e7in hassas \u0131s\u0131tman\u0131n sa\u011flanmas\u0131.<\/span><\/li>\n<li aria-level=\"1\"><b><span>Havac\u0131l\u0131k ve Otomotiv\u00a0<\/span><\/b><span>: A\u015f\u0131r\u0131 ortamlarda kullan\u0131lan bile\u015fenler i\u00e7in g\u00fcvenilir \u0131s\u0131 sunuyoruz.<\/span><\/li>\n<\/ul>\n<h3><b><span>Bug\u00fcn Cheri Heater ile Ortak Olun<\/span><\/b><\/h3>\n<p><span>Cheri Heater&#8217;da her uygulaman\u0131n benzersiz oldu\u011funu anl\u0131yoruz.\u00a0<\/span><b><span>Kalem \u0131s\u0131t\u0131c\u0131 \u00fcreticiniz olarak\u00a0<\/span><\/b><span>, kaliteli \u00fcr\u00fcnler ve ola\u011fan\u00fcst\u00fc hizmet arac\u0131l\u0131\u011f\u0131yla beklentilerinizi a\u015fmaya kararl\u0131y\u0131z.<\/span><\/p>\n<h3><b><span>Ki\u015fiye \u00d6zel \u00c7\u00f6z\u00fcmler i\u00e7in Bizimle \u0130leti\u015fime Ge\u00e7in<\/span><\/b><\/h3>\n<p><span>End\u00fcstriyel \u0131s\u0131tma s\u00fcre\u00e7lerinizi optimize etmeye haz\u0131r m\u0131s\u0131n\u0131z? \u00d6zel gereksinimlerinizi g\u00f6r\u00fc\u015fmek i\u00e7in bug\u00fcn Cheri Heater ile ileti\u015fime ge\u00e7in. \u0130ster standart kalem \u0131s\u0131t\u0131c\u0131lara ister \u00f6zel bir \u00e7\u00f6z\u00fcme ihtiyac\u0131n\u0131z olsun, i\u015fletmenizin hedeflerine ula\u015fmas\u0131na yard\u0131mc\u0131 olmak i\u00e7in buraday\u0131z.<\/span><\/p>\n","protected":false},"featured_media":1756,"template":"","meta":[],"product_brand":[],"product_cat":[21],"product_tag":[185],"class_list":{"0":"post-1754","1":"product","2":"type-product","3":"status-publish","4":"has-post-thumbnail","6":"product_cat-cartridge-heater","7":"product_tag-kalem-isitici","9":"first","10":"instock","11":"shipping-taxable","12":"product-type-simple"},"yoast_head":"<!-- This site is optimized with the Yoast SEO plugin v27.3 - https:\/\/yoast.com\/product\/yoast-seo-wordpress\/ -->\n<title>\u00c7in&#039;deki Lider Kalem Is\u0131t\u0131c\u0131 \u00dcreticileri | Cheri-heater.com<\/title>\n<meta name=\"description\" content=\"\u00d6nde gelen \u00fcreticilerin birinci s\u0131n\u0131f kalem \u0131s\u0131t\u0131c\u0131lar\u0131. End\u00fcstriyel ve ticari \u0131s\u0131tma ihtiya\u00e7lar\u0131 i\u00e7in g\u00fcvenilir, verimli ve \u00f6zelle\u015ftirilebilir \u00e7\u00f6z\u00fcmler.\" \/>\n<meta name=\"robots\" content=\"index, follow, max-snippet:-1, max-image-preview:large, max-video-preview:-1\" \/>\n<link rel=\"canonical\" href=\"https:\/\/cheri-heater.com\/tr\/product\/kalem-isitici\/\" \/>\n<meta property=\"og:locale\" content=\"en_US\" \/>\n<meta property=\"og:type\" content=\"article\" \/>\n<meta property=\"og:title\" content=\"\u00c7in&#039;deki Lider Kalem Is\u0131t\u0131c\u0131 \u00dcreticileri | Cheri-heater.com\" \/>\n<meta property=\"og:description\" content=\"\u00d6nde gelen \u00fcreticilerin birinci s\u0131n\u0131f kalem \u0131s\u0131t\u0131c\u0131lar\u0131. End\u00fcstriyel ve ticari \u0131s\u0131tma ihtiya\u00e7lar\u0131 i\u00e7in g\u00fcvenilir, verimli ve \u00f6zelle\u015ftirilebilir \u00e7\u00f6z\u00fcmler.\" \/>\n<meta property=\"og:url\" content=\"https:\/\/cheri-heater.com\/tr\/product\/kalem-isitici\/\" \/>\n<meta property=\"og:site_name\" content=\"Cheri Heater Technology Co.,Ltd.\" \/>\n<meta property=\"article:modified_time\" content=\"2025-05-17T03:36:54+00:00\" \/>\n<meta property=\"og:image\" content=\"https:\/\/cheri-heater.com\/tr\/wp-content\/uploads\/2025\/05\/hot-rod-cartridge-heater-500x500-1.jpg\" \/>\n\t<meta property=\"og:image:width\" content=\"500\" \/>\n\t<meta property=\"og:image:height\" content=\"500\" \/>\n\t<meta property=\"og:image:type\" content=\"image\/jpeg\" \/>\n<meta name=\"twitter:card\" content=\"summary_large_image\" \/>\n<meta name=\"twitter:label1\" content=\"Est. reading time\" \/>\n\t<meta name=\"twitter:data1\" content=\"1 minute\" \/>\n<!-- \/ Yoast SEO plugin. -->","yoast_head_json":{"title":"\u00c7in'deki Lider Kalem Is\u0131t\u0131c\u0131 \u00dcreticileri | Cheri-heater.com","description":"\u00d6nde gelen \u00fcreticilerin birinci s\u0131n\u0131f kalem \u0131s\u0131t\u0131c\u0131lar\u0131. End\u00fcstriyel ve ticari \u0131s\u0131tma ihtiya\u00e7lar\u0131 i\u00e7in g\u00fcvenilir, verimli ve \u00f6zelle\u015ftirilebilir \u00e7\u00f6z\u00fcmler.","robots":{"index":"index","follow":"follow","max-snippet":"max-snippet:-1","max-image-preview":"max-image-preview:large","max-video-preview":"max-video-preview:-1"},"canonical":"https:\/\/cheri-heater.com\/tr\/product\/kalem-isitici\/","og_locale":"en_US","og_type":"article","og_title":"\u00c7in'deki Lider Kalem Is\u0131t\u0131c\u0131 \u00dcreticileri | Cheri-heater.com","og_description":"\u00d6nde gelen \u00fcreticilerin birinci s\u0131n\u0131f kalem \u0131s\u0131t\u0131c\u0131lar\u0131. End\u00fcstriyel ve ticari \u0131s\u0131tma ihtiya\u00e7lar\u0131 i\u00e7in g\u00fcvenilir, verimli ve \u00f6zelle\u015ftirilebilir \u00e7\u00f6z\u00fcmler.","og_url":"https:\/\/cheri-heater.com\/tr\/product\/kalem-isitici\/","og_site_name":"Cheri Heater Technology Co.,Ltd.","article_modified_time":"2025-05-17T03:36:54+00:00","og_image":[{"width":500,"height":500,"url":"https:\/\/cheri-heater.com\/tr\/wp-content\/uploads\/2025\/05\/hot-rod-cartridge-heater-500x500-1.jpg","type":"image\/jpeg"}],"twitter_card":"summary_large_image","twitter_misc":{"Est. reading time":"1 minute"},"schema":{"@context":"https:\/\/schema.org","@graph":[{"@type":"WebPage","@id":"https:\/\/cheri-heater.com\/tr\/product\/kalem-isitici\/","url":"https:\/\/cheri-heater.com\/tr\/product\/kalem-isitici\/","name":"\u00c7in'deki Lider Kalem Is\u0131t\u0131c\u0131 \u00dcreticileri | Cheri-heater.com","isPartOf":{"@id":"https:\/\/cheri-heater.com\/tr\/#website"},"primaryImageOfPage":{"@id":"https:\/\/cheri-heater.com\/tr\/product\/kalem-isitici\/#primaryimage"},"image":{"@id":"https:\/\/cheri-heater.com\/tr\/product\/kalem-isitici\/#primaryimage"},"thumbnailUrl":"https:\/\/cheri-heater.com\/tr\/wp-content\/uploads\/2025\/05\/hot-rod-cartridge-heater-500x500-1.jpg","datePublished":"2025-05-17T03:36:53+00:00","dateModified":"2025-05-17T03:36:54+00:00","description":"\u00d6nde gelen \u00fcreticilerin birinci s\u0131n\u0131f kalem \u0131s\u0131t\u0131c\u0131lar\u0131. End\u00fcstriyel ve ticari \u0131s\u0131tma ihtiya\u00e7lar\u0131 i\u00e7in g\u00fcvenilir, verimli ve \u00f6zelle\u015ftirilebilir \u00e7\u00f6z\u00fcmler.","breadcrumb":{"@id":"https:\/\/cheri-heater.com\/tr\/product\/kalem-isitici\/#breadcrumb"},"inLanguage":"en-US","potentialAction":[{"@type":"ReadAction","target":["https:\/\/cheri-heater.com\/tr\/product\/kalem-isitici\/"]}]},{"@type":"ImageObject","inLanguage":"en-US","@id":"https:\/\/cheri-heater.com\/tr\/product\/kalem-isitici\/#primaryimage","url":"https:\/\/cheri-heater.com\/tr\/wp-content\/uploads\/2025\/05\/hot-rod-cartridge-heater-500x500-1.jpg","contentUrl":"https:\/\/cheri-heater.com\/tr\/wp-content\/uploads\/2025\/05\/hot-rod-cartridge-heater-500x500-1.jpg","width":500,"height":500,"caption":"Kalem Is\u0131t\u0131c\u0131"},{"@type":"BreadcrumbList","@id":"https:\/\/cheri-heater.com\/tr\/product\/kalem-isitici\/#breadcrumb","itemListElement":[{"@type":"ListItem","position":1,"name":"Home","item":"https:\/\/cheri-heater.com\/tr\/"},{"@type":"ListItem","position":2,"name":"Products","item":"https:\/\/cheri-heater.com\/tr\/products\/"},{"@type":"ListItem","position":3,"name":"Kalem Is\u0131t\u0131c\u0131"}]},{"@type":"WebSite","@id":"https:\/\/cheri-heater.com\/tr\/#website","url":"https:\/\/cheri-heater.com\/tr\/","name":"Cheri Heater Technology Co.,Ltd.","description":"","publisher":{"@id":"https:\/\/cheri-heater.com\/tr\/#organization"},"potentialAction":[{"@type":"SearchAction","target":{"@type":"EntryPoint","urlTemplate":"https:\/\/cheri-heater.com\/tr\/?s={search_term_string}"},"query-input":{"@type":"PropertyValueSpecification","valueRequired":true,"valueName":"search_term_string"}}],"inLanguage":"en-US"},{"@type":"Organization","@id":"https:\/\/cheri-heater.com\/tr\/#organization","name":"Cheri Heater Technology Co.,Ltd.","url":"https:\/\/cheri-heater.com\/tr\/","logo":{"@type":"ImageObject","inLanguage":"en-US","@id":"https:\/\/cheri-heater.com\/tr\/#\/schema\/logo\/image\/","url":"https:\/\/cheri-heater.com\/tr\/wp-content\/uploads\/2024\/06\/cropped-logo-resize.png","contentUrl":"https:\/\/cheri-heater.com\/tr\/wp-content\/uploads\/2024\/06\/cropped-logo-resize.png","width":346,"height":99,"caption":"Cheri Heater Technology Co.,Ltd."},"image":{"@id":"https:\/\/cheri-heater.com\/tr\/#\/schema\/logo\/image\/"}}]}},"_links":{"self":[{"href":"https:\/\/cheri-heater.com\/tr\/wp-json\/wp\/v2\/product\/1754","targetHints":{"allow":["GET"]}}],"collection":[{"href":"https:\/\/cheri-heater.com\/tr\/wp-json\/wp\/v2\/product"}],"about":[{"href":"https:\/\/cheri-heater.com\/tr\/wp-json\/wp\/v2\/types\/product"}],"wp:featuredmedia":[{"embeddable":true,"href":"https:\/\/cheri-heater.com\/tr\/wp-json\/wp\/v2\/media\/1756"}],"wp:attachment":[{"href":"https:\/\/cheri-heater.com\/tr\/wp-json\/wp\/v2\/media?parent=1754"}],"wp:term":[{"taxonomy":"product_brand","embeddable":true,"href":"https:\/\/cheri-heater.com\/tr\/wp-json\/wp\/v2\/product_brand?post=1754"},{"taxonomy":"product_cat","embeddable":true,"href":"https:\/\/cheri-heater.com\/tr\/wp-json\/wp\/v2\/product_cat?post=1754"},{"taxonomy":"product_tag","embeddable":true,"href":"https:\/\/cheri-heater.com\/tr\/wp-json\/wp\/v2\/product_tag?post=1754"}],"curies":[{"name":"wp","href":"https:\/\/api.w.org\/{rel}","templated":true}]}}