{"id":1757,"date":"2025-05-17T03:43:09","date_gmt":"2025-05-17T03:43:09","guid":{"rendered":"https:\/\/cheri-heater.com\/tr\/?post_type=product&#038;p=1757"},"modified":"2025-05-17T03:43:09","modified_gmt":"2025-05-17T03:43:09","slug":"kalem-cubuk-isitici","status":"publish","type":"product","link":"https:\/\/cheri-heater.com\/tr\/product\/kalem-cubuk-isitici\/","title":{"rendered":"Kalem \u00c7ubuk Is\u0131t\u0131c\u0131"},"content":{"rendered":"","protected":false},"excerpt":{"rendered":"<h2><b><span><span class=\"\">Kalem \u00c7ubuk Is\u0131t\u0131c\u0131 Cheri Heater&#8217;dan Y\u00fcksek Performansl\u0131 Is\u0131tma<\/span><\/span><\/b><\/h2>\n<p><span>Cheri Heater&#8217;\u0131n\u00a0<\/span><b><span>kalem \u00e7ubuk \u0131s\u0131t\u0131c\u0131s\u0131,\u00a0<\/span><\/b><span>\u00e7e\u015fitli end\u00fcstriyel uygulamalarda verimlilik, dayan\u0131kl\u0131l\u0131k ve hassasiyet i\u00e7in tasarlanm\u0131\u015ft\u0131r. Kompakt tasar\u0131m\u0131 ve \u00fcst\u00fcn malzemeleriyle, kal\u0131plama, s\u0131zd\u0131rmazl\u0131k ve i\u015fleme gibi y\u00fcksek s\u0131cakl\u0131kl\u0131 g\u00f6revler i\u00e7in tutarl\u0131 performans sunar. Enerji verimlili\u011fi i\u00e7in tasarlanan bu \u0131s\u0131t\u0131c\u0131, k\u00fc\u00e7\u00fck alanlarda g\u00fcvenilir \u0131s\u0131tma \u00e7\u00f6z\u00fcmleri gerektiren end\u00fcstriler i\u00e7in ideal bir se\u00e7imdir.<\/span><\/p>\n<p><span>\u00d6zelle\u015ftirilmi\u015f watt, voltaj veya boyuta ihtiyac\u0131n\u0131z olsun, Cheri Heater her\u00a0<\/span><b><span>kalem \u00e7ubuk \u0131s\u0131t\u0131c\u0131s\u0131n\u0131n\u00a0<\/span><\/b><span>\u00f6zel ihtiya\u00e7lar\u0131n\u0131za uymas\u0131n\u0131 sa\u011flar.<\/span><\/p>\n<h3><b><span>Kalem \u00c7ubuk Is\u0131t\u0131c\u0131s\u0131n\u0131n Temel \u00d6zellikleri<\/span><\/b><\/h3>\n<p><span>Cheri Heater&#8217;\u0131n\u00a0<\/span><b><span>kalem \u00e7ubuk \u0131s\u0131t\u0131c\u0131s\u0131\u00a0<\/span><\/b><span>\u015funlar\u0131 sunar:<\/span><\/p>\n<ul>\n<li aria-level=\"1\"><b><span>Kompakt Yap\u0131\u00a0<\/span><\/b><span>: Dar alanlara kusursuz bir \u015fekilde s\u0131\u011far.<\/span><\/li>\n<li aria-level=\"1\"><b><span>Y\u00fcksek S\u0131cakl\u0131k Performans\u0131\u00a0<\/span><\/b><span>: A\u015f\u0131r\u0131 ko\u015fullarda etkili bir \u015fekilde \u00e7al\u0131\u015f\u0131r.<\/span><\/li>\n<li aria-level=\"1\"><b><span>Dayan\u0131kl\u0131 Malzemeler\u00a0<\/span><\/b><span>: Zorlu ortamlarda bile uzun \u00f6m\u00fcrl\u00fc kullan\u0131m sa\u011flar.<\/span><\/li>\n<li aria-level=\"1\"><b><span>\u00d6zel Se\u00e7enekler\u00a0<\/span><\/b><span>: \u0130htiya\u00e7lar\u0131n\u0131za uyacak \u015fekilde \u00f6zel olarak ayarlanm\u0131\u015f watt, voltaj ve uzunluk.<\/span><\/li>\n<\/ul>\n<p><b><span>Kalem \u00e7ubuk \u0131s\u0131t\u0131c\u0131s\u0131\u00a0<\/span><\/b><span>hassas m\u00fchendislikle\u00a0<\/span><span>homojen \u0131s\u0131tma ve m\u00fckemmel termal kontrol sa\u011flar.<\/span><\/p>\n<h3><b><span>Kalem \u00c7ubuk Is\u0131t\u0131c\u0131n\u0131n Uygulamalar\u0131<\/span><\/b><\/h3>\n<p><span>Cheri Heater&#8217;\u0131n\u00a0<\/span><b><span>kalem \u00e7ubuk \u0131s\u0131t\u0131c\u0131s\u0131\u00a0<\/span><\/b><span>\u015fu gibi sekt\u00f6rler i\u00e7in \u00e7ok y\u00f6nl\u00fc bir \u00e7\u00f6z\u00fcmd\u00fcr:<\/span><\/p>\n<ul>\n<li aria-level=\"1\"><b><span>End\u00fcstriyel Makineler\u00a0<\/span><\/b><span>: Karma\u015f\u0131k sistemlerde istikrarl\u0131 \u0131s\u0131tma sa\u011flar.<\/span><\/li>\n<li aria-level=\"1\"><b><span>Plastik \u0130\u015fleme\u00a0<\/span><\/b><span>: Kal\u0131plama ve ekstr\u00fczyon i\u00e7in homojen \u0131s\u0131 sa\u011flar.<\/span><\/li>\n<li aria-level=\"1\"><b><span>T\u0131bbi Aletler\u00a0<\/span><\/b><span>: \u00d6zel ekipmanlar i\u00e7in hassas termal kontrol sa\u011flar.<\/span><\/li>\n<li aria-level=\"1\"><b><span>G\u0131da Ambalaj\u0131\u00a0<\/span><\/b><span>: S\u0131zd\u0131rmazl\u0131k uygulamalar\u0131 i\u00e7in hassas s\u0131cakl\u0131klar\u0131 korur.<\/span><\/li>\n<\/ul>\n<p><span>Uyum sa\u011flama kabiliyeti sayesinde bir\u00e7ok sekt\u00f6rde g\u00fcvenilir bir \u0131s\u0131tma \u00e7\u00f6z\u00fcm\u00fcd\u00fcr.<\/span><\/p>\n<h3><b><span>Kalem \u00c7ubuk Is\u0131t\u0131c\u0131 \u2013 Cheri Heater&#8217;dan Hassas Is\u0131tma<\/span><\/b><\/h3>\n<p><span>Cheri Heater&#8217;\u0131n\u00a0<\/span><b><span>kalem \u00e7ubuk \u0131s\u0131t\u0131c\u0131s\u0131,\u00a0<\/span><\/b><span>verimli, yerden tasarruf sa\u011flayan \u0131s\u0131tma \u00e7\u00f6z\u00fcmleri talep eden end\u00fcstriler i\u00e7in tasarlanm\u0131\u015ft\u0131r. Kompakt bir tasar\u0131ma ve dayan\u0131kl\u0131 bir yap\u0131ya sahip olan bu \u0131s\u0131t\u0131c\u0131, plastik kal\u0131plama, paketleme ve t\u0131bbi aletler gibi uygulamalarda hassas s\u0131cakl\u0131k kontrol\u00fc sa\u011flar.\u00a0<\/span><\/p>\n<p><i><\/i><span><i>\u00d6zel gereksinimlerinize g\u00f6re uyarlanm\u0131\u015f g\u00fcvenilir performans i\u00e7in\u00a0<\/i><i>\u00f6zelle\u015ftirilebilir\u00a0<\/i><\/span><b><i><span>kalem \u00e7ubuk \u0131s\u0131t\u0131c\u0131m\u0131z\u0131 se\u00e7in. Bug\u00fcn Cheri Heater ile ileti\u015fime ge\u00e7in!<\/span><\/i><\/b><i><\/i><\/p>\n<h4><b><span>Neden Cheri Heater&#8217;\u0131n Kalem \u00c7ubuk Is\u0131t\u0131c\u0131s\u0131n\u0131 Se\u00e7melisiniz?<\/span><\/b><\/h4>\n<p><b><span>Cheri Heater, kalem \u00e7ubuk \u0131s\u0131t\u0131c\u0131\u00a0<\/span><\/b><span>gibi y\u00fcksek kaliteli \u00fcr\u00fcnler yaratmak i\u00e7in yenilik\u00e7ilik ve uzmanl\u0131\u011f\u0131 bir araya getirir\u00a0<\/span><span>. Optimum performans ve g\u00fcvenilirlik i\u00e7in tasarlanan \u0131s\u0131t\u0131c\u0131lar\u0131m\u0131z, d\u00fcnya \u00e7ap\u0131ndaki profesyoneller taraf\u0131ndan g\u00fcvenilirdir.<\/span><\/p>\n<p><b><span>Kalem \u00e7ubuk \u0131s\u0131t\u0131c\u0131m\u0131z\u0131n\u00a0<\/span><\/b><span>\u0131s\u0131tma s\u00fcre\u00e7lerinizi nas\u0131l d\u00f6n\u00fc\u015ft\u00fcrebilece\u011fini\u00a0ke\u015ffetmek i\u00e7in bug\u00fcn Cheri Heater ile ileti\u015fime ge\u00e7in .<\/span><\/p>\n","protected":false},"featured_media":1758,"template":"","meta":[],"product_brand":[],"product_cat":[21],"product_tag":[186],"class_list":{"0":"post-1757","1":"product","2":"type-product","3":"status-publish","4":"has-post-thumbnail","6":"product_cat-cartridge-heater","7":"product_tag-kalem-cubuk-isitici","9":"first","10":"instock","11":"shipping-taxable","12":"product-type-simple"},"yoast_head":"<!-- This site is optimized with the Yoast SEO plugin v27.3 - https:\/\/yoast.com\/product\/yoast-seo-wordpress\/ -->\n<title>Y\u00fcksek Kaliteli Kalem \u00c7ubuk Is\u0131t\u0131c\u0131 \u00dcreticileri | Cheri-heater.com<\/title>\n<meta name=\"description\" content=\"G\u00fcvenilir \u00fcreticilerin en kaliteli kalem \u00e7ubuk \u0131s\u0131t\u0131c\u0131lar\u0131n\u0131 ke\u015ffedin. \u00c7e\u015fitli end\u00fcstriyel ihtiya\u00e7lar i\u00e7in dayan\u0131kl\u0131, verimli ve \u00f6zelle\u015ftirilebilir \u0131s\u0131tma \u00e7\u00f6z\u00fcmleri.\" \/>\n<meta name=\"robots\" content=\"index, follow, max-snippet:-1, max-image-preview:large, max-video-preview:-1\" \/>\n<link rel=\"canonical\" href=\"https:\/\/cheri-heater.com\/tr\/product\/kalem-cubuk-isitici\/\" \/>\n<meta property=\"og:locale\" content=\"en_US\" \/>\n<meta property=\"og:type\" content=\"article\" \/>\n<meta property=\"og:title\" content=\"Y\u00fcksek Kaliteli Kalem \u00c7ubuk Is\u0131t\u0131c\u0131 \u00dcreticileri | Cheri-heater.com\" \/>\n<meta property=\"og:description\" content=\"G\u00fcvenilir \u00fcreticilerin en kaliteli kalem \u00e7ubuk \u0131s\u0131t\u0131c\u0131lar\u0131n\u0131 ke\u015ffedin. \u00c7e\u015fitli end\u00fcstriyel ihtiya\u00e7lar i\u00e7in dayan\u0131kl\u0131, verimli ve \u00f6zelle\u015ftirilebilir \u0131s\u0131tma \u00e7\u00f6z\u00fcmleri.\" \/>\n<meta property=\"og:url\" content=\"https:\/\/cheri-heater.com\/tr\/product\/kalem-cubuk-isitici\/\" \/>\n<meta property=\"og:site_name\" content=\"Cheri Heater Technology Co.,Ltd.\" \/>\n<meta property=\"og:image\" content=\"https:\/\/cheri-heater.com\/tr\/wp-content\/uploads\/2025\/05\/pencil.jpg\" \/>\n\t<meta property=\"og:image:width\" content=\"1000\" \/>\n\t<meta property=\"og:image:height\" content=\"1000\" \/>\n\t<meta property=\"og:image:type\" content=\"image\/jpeg\" \/>\n<meta name=\"twitter:card\" content=\"summary_large_image\" \/>\n<meta name=\"twitter:label1\" content=\"Est. reading time\" \/>\n\t<meta name=\"twitter:data1\" content=\"1 minute\" \/>\n<!-- \/ Yoast SEO plugin. -->","yoast_head_json":{"title":"Y\u00fcksek Kaliteli Kalem \u00c7ubuk Is\u0131t\u0131c\u0131 \u00dcreticileri | Cheri-heater.com","description":"G\u00fcvenilir \u00fcreticilerin en kaliteli kalem \u00e7ubuk \u0131s\u0131t\u0131c\u0131lar\u0131n\u0131 ke\u015ffedin. \u00c7e\u015fitli end\u00fcstriyel ihtiya\u00e7lar i\u00e7in dayan\u0131kl\u0131, verimli ve \u00f6zelle\u015ftirilebilir \u0131s\u0131tma \u00e7\u00f6z\u00fcmleri.","robots":{"index":"index","follow":"follow","max-snippet":"max-snippet:-1","max-image-preview":"max-image-preview:large","max-video-preview":"max-video-preview:-1"},"canonical":"https:\/\/cheri-heater.com\/tr\/product\/kalem-cubuk-isitici\/","og_locale":"en_US","og_type":"article","og_title":"Y\u00fcksek Kaliteli Kalem \u00c7ubuk Is\u0131t\u0131c\u0131 \u00dcreticileri | Cheri-heater.com","og_description":"G\u00fcvenilir \u00fcreticilerin en kaliteli kalem \u00e7ubuk \u0131s\u0131t\u0131c\u0131lar\u0131n\u0131 ke\u015ffedin. \u00c7e\u015fitli end\u00fcstriyel ihtiya\u00e7lar i\u00e7in dayan\u0131kl\u0131, verimli ve \u00f6zelle\u015ftirilebilir \u0131s\u0131tma \u00e7\u00f6z\u00fcmleri.","og_url":"https:\/\/cheri-heater.com\/tr\/product\/kalem-cubuk-isitici\/","og_site_name":"Cheri Heater Technology Co.,Ltd.","og_image":[{"width":1000,"height":1000,"url":"https:\/\/cheri-heater.com\/tr\/wp-content\/uploads\/2025\/05\/pencil.jpg","type":"image\/jpeg"}],"twitter_card":"summary_large_image","twitter_misc":{"Est. reading time":"1 minute"},"schema":{"@context":"https:\/\/schema.org","@graph":[{"@type":"WebPage","@id":"https:\/\/cheri-heater.com\/tr\/product\/kalem-cubuk-isitici\/","url":"https:\/\/cheri-heater.com\/tr\/product\/kalem-cubuk-isitici\/","name":"Y\u00fcksek Kaliteli Kalem \u00c7ubuk Is\u0131t\u0131c\u0131 \u00dcreticileri | Cheri-heater.com","isPartOf":{"@id":"https:\/\/cheri-heater.com\/tr\/#website"},"primaryImageOfPage":{"@id":"https:\/\/cheri-heater.com\/tr\/product\/kalem-cubuk-isitici\/#primaryimage"},"image":{"@id":"https:\/\/cheri-heater.com\/tr\/product\/kalem-cubuk-isitici\/#primaryimage"},"thumbnailUrl":"https:\/\/cheri-heater.com\/tr\/wp-content\/uploads\/2025\/05\/pencil.jpg","datePublished":"2025-05-17T03:43:09+00:00","description":"G\u00fcvenilir \u00fcreticilerin en kaliteli kalem \u00e7ubuk \u0131s\u0131t\u0131c\u0131lar\u0131n\u0131 ke\u015ffedin. \u00c7e\u015fitli end\u00fcstriyel ihtiya\u00e7lar i\u00e7in dayan\u0131kl\u0131, verimli ve \u00f6zelle\u015ftirilebilir \u0131s\u0131tma \u00e7\u00f6z\u00fcmleri.","breadcrumb":{"@id":"https:\/\/cheri-heater.com\/tr\/product\/kalem-cubuk-isitici\/#breadcrumb"},"inLanguage":"en-US","potentialAction":[{"@type":"ReadAction","target":["https:\/\/cheri-heater.com\/tr\/product\/kalem-cubuk-isitici\/"]}]},{"@type":"ImageObject","inLanguage":"en-US","@id":"https:\/\/cheri-heater.com\/tr\/product\/kalem-cubuk-isitici\/#primaryimage","url":"https:\/\/cheri-heater.com\/tr\/wp-content\/uploads\/2025\/05\/pencil.jpg","contentUrl":"https:\/\/cheri-heater.com\/tr\/wp-content\/uploads\/2025\/05\/pencil.jpg","width":1000,"height":1000,"caption":"Kalem \u00c7ubuk Is\u0131t\u0131c\u0131"},{"@type":"BreadcrumbList","@id":"https:\/\/cheri-heater.com\/tr\/product\/kalem-cubuk-isitici\/#breadcrumb","itemListElement":[{"@type":"ListItem","position":1,"name":"Home","item":"https:\/\/cheri-heater.com\/tr\/"},{"@type":"ListItem","position":2,"name":"Products","item":"https:\/\/cheri-heater.com\/tr\/products\/"},{"@type":"ListItem","position":3,"name":"Kalem \u00c7ubuk Is\u0131t\u0131c\u0131"}]},{"@type":"WebSite","@id":"https:\/\/cheri-heater.com\/tr\/#website","url":"https:\/\/cheri-heater.com\/tr\/","name":"Cheri Heater Technology Co.,Ltd.","description":"","publisher":{"@id":"https:\/\/cheri-heater.com\/tr\/#organization"},"potentialAction":[{"@type":"SearchAction","target":{"@type":"EntryPoint","urlTemplate":"https:\/\/cheri-heater.com\/tr\/?s={search_term_string}"},"query-input":{"@type":"PropertyValueSpecification","valueRequired":true,"valueName":"search_term_string"}}],"inLanguage":"en-US"},{"@type":"Organization","@id":"https:\/\/cheri-heater.com\/tr\/#organization","name":"Cheri Heater Technology Co.,Ltd.","url":"https:\/\/cheri-heater.com\/tr\/","logo":{"@type":"ImageObject","inLanguage":"en-US","@id":"https:\/\/cheri-heater.com\/tr\/#\/schema\/logo\/image\/","url":"https:\/\/cheri-heater.com\/tr\/wp-content\/uploads\/2024\/06\/cropped-logo-resize.png","contentUrl":"https:\/\/cheri-heater.com\/tr\/wp-content\/uploads\/2024\/06\/cropped-logo-resize.png","width":346,"height":99,"caption":"Cheri Heater Technology Co.,Ltd."},"image":{"@id":"https:\/\/cheri-heater.com\/tr\/#\/schema\/logo\/image\/"}}]}},"_links":{"self":[{"href":"https:\/\/cheri-heater.com\/tr\/wp-json\/wp\/v2\/product\/1757","targetHints":{"allow":["GET"]}}],"collection":[{"href":"https:\/\/cheri-heater.com\/tr\/wp-json\/wp\/v2\/product"}],"about":[{"href":"https:\/\/cheri-heater.com\/tr\/wp-json\/wp\/v2\/types\/product"}],"wp:featuredmedia":[{"embeddable":true,"href":"https:\/\/cheri-heater.com\/tr\/wp-json\/wp\/v2\/media\/1758"}],"wp:attachment":[{"href":"https:\/\/cheri-heater.com\/tr\/wp-json\/wp\/v2\/media?parent=1757"}],"wp:term":[{"taxonomy":"product_brand","embeddable":true,"href":"https:\/\/cheri-heater.com\/tr\/wp-json\/wp\/v2\/product_brand?post=1757"},{"taxonomy":"product_cat","embeddable":true,"href":"https:\/\/cheri-heater.com\/tr\/wp-json\/wp\/v2\/product_cat?post=1757"},{"taxonomy":"product_tag","embeddable":true,"href":"https:\/\/cheri-heater.com\/tr\/wp-json\/wp\/v2\/product_tag?post=1757"}],"curies":[{"name":"wp","href":"https:\/\/api.w.org\/{rel}","templated":true}]}}