{"id":1759,"date":"2025-05-17T03:51:56","date_gmt":"2025-05-17T03:51:56","guid":{"rendered":"https:\/\/cheri-heater.com\/tr\/?post_type=product&#038;p=1759"},"modified":"2025-05-17T03:51:57","modified_gmt":"2025-05-17T03:51:57","slug":"pelet-atesleyici","status":"publish","type":"product","link":"https:\/\/cheri-heater.com\/tr\/product\/pelet-atesleyici\/","title":{"rendered":"Pelet Ate\u015fleyici"},"content":{"rendered":"","protected":false},"excerpt":{"rendered":"<h2><span><span class=\"\">En \u0130yi\u00a0<\/span><\/span><span><span class=\"\">Pelet Ate\u015fleyici \u00dcreticileri<\/span><\/span><\/h2>\n<p><span>Pellet br\u00fcl\u00f6r\u00fcyle g\u00fcvenli, g\u00fcvenilir ve etkili ate\u015fleme s\u00fcre\u00e7leri Cheri-heater&#8217;\u0131n end\u00fcstriyel s\u0131n\u0131f pelet ate\u015fleyicileri taraf\u0131ndan garanti edilir. Bir pelet yanma odas\u0131n\u0131n i\u00e7inde, ate\u015fleyicilerimiz birinci s\u0131n\u0131f malzemelerden yap\u0131lm\u0131\u015ft\u0131r ve zorlu ko\u015fullara dayanacak \u015fekilde \u00fcretilmi\u015ftir.<\/span><\/p>\n<p><span>End\u00fcstriyel perakendecilerin \u00fcr\u00fcnlerini depolamalar\u0131 ve sergilemeleri i\u00e7in m\u00fckemmel bir yol sunuyoruz. Pellet Ignitor&#8217;\u0131m\u0131zla son \u00fcr\u00fcnlerinizi \u00fcretebilir ve geli\u015ftirebilirsiniz. \u00dcr\u00fcnlerinizi kat\u0131la\u015ft\u0131rmak i\u00e7in en iyi termal koruyucuyu ve verimli \u0131s\u0131 sa\u011flayan arac\u0131 elde edersiniz.\u00a0<\/span><\/p>\n<h3><span>Nitelikler ve Avantajlar:<\/span><\/h3>\n<ul>\n<li aria-level=\"2\"><span>H\u0131zl\u0131 ve G\u00fcvenilir Ate\u015fleme: Pelet yak\u0131t\u0131 h\u0131zl\u0131 ve istikrarl\u0131 bir \u015fekilde tutu\u015fur.<\/span><\/li>\n<\/ul>\n<ul>\n<li aria-level=\"2\"><span>Uzun \u00d6m\u00fcr: Y\u00fcksek s\u0131cakl\u0131k kabiliyeti.<\/span><\/li>\n<\/ul>\n<ul>\n<li aria-level=\"2\"><span>Basit tasar\u0131m\u0131 sayesinde mevcut br\u00fcl\u00f6r sistemlerine kolayca entegre edilebilir, montaj\u0131 kolayd\u0131r.<\/span><\/li>\n<\/ul>\n<ul>\n<li aria-level=\"2\"><span>\u00c7e\u015fitli se\u00e7enekler: Pellet br\u00fcl\u00f6r\u00fc i\u00e7in benzersiz ihtiya\u00e7lar\u0131n\u0131za uygun watt ve boyutlar.<\/span><\/li>\n<\/ul>\n<h3><span>Pelet Ate\u015fleyicimizin Uygulamalar\u0131<\/span><\/h3>\n<ul>\n<li aria-level=\"1\"><span>Odun Pellet Kazanlar\u0131<\/span><\/li>\n<li aria-level=\"1\"><span>Peletler i\u00e7in End\u00fcstriyel F\u0131r\u0131nlar<\/span><\/li>\n<li aria-level=\"1\"><span>Biyok\u00fctle G\u00fcc\u00fc i\u00e7in Pelet Yakan Tesisler<\/span><\/li>\n<li aria-level=\"1\"><span>Pellet \u015f\u00f6mine ekleri ve sobalar\u0131<\/span><\/li>\n<\/ul>\n<p><span>M\u00fc\u015fteriler genellikle kendilerine verilecek olanaklar\u0131 veya ak\u0131llar\u0131na gelebilecek belirli bir makine i\u015fleviyle ilgili herhangi bir soruyu anlamakta zorlan\u0131rlar. Bu gibi durumlarda, bir m\u00fc\u015fteri m\u00fc\u015fteri destek personelimize ula\u015fabilir.<\/span><\/p>\n<p><span>Pellet yakma uygulamalar\u0131nda, cheri-heater pelet ate\u015fleyicileri daha etkili ve temiz bir yanma s\u00fcreci yaratmaya yard\u0131mc\u0131 olur. Ate\u015fleyicilerimizin pelet br\u00fcl\u00f6r\u00fcn\u00fcz\u00fcn performans\u0131n\u0131 nas\u0131l art\u0131rabilece\u011fi hakk\u0131nda daha fazla bilgi edinmek i\u00e7in hemen bizimle ileti\u015fime ge\u00e7in.<\/span><\/p>\n","protected":false},"featured_media":1760,"template":"","meta":[],"product_brand":[],"product_cat":[21],"product_tag":[187],"class_list":{"0":"post-1759","1":"product","2":"type-product","3":"status-publish","4":"has-post-thumbnail","6":"product_cat-cartridge-heater","7":"product_tag-pelet-atesleyici","9":"first","10":"instock","11":"shipping-taxable","12":"product-type-simple"},"yoast_head":"<!-- This site is optimized with the Yoast SEO plugin v27.3 - https:\/\/yoast.com\/product\/yoast-seo-wordpress\/ -->\n<title>\u00c7in&#039;de G\u00fcvenilir Pelet Ate\u015fleyici \u00dcreticileri | Cheri-heater.com<\/title>\n<meta name=\"description\" content=\"G\u00fcvenilir, y\u00fcksek performansl\u0131 ate\u015fleme \u00e7\u00f6z\u00fcmleri i\u00e7in en iyi pelet ate\u015fleyici \u00fcreticilerini bulun. Verimli \u0131s\u0131tma i\u00e7in m\u00fckemmel. \u015eimdi kaliteli \u00fcr\u00fcnleri ve g\u00fcvenilir markalar\u0131 ke\u015ffedin!\" \/>\n<meta name=\"robots\" content=\"index, follow, max-snippet:-1, max-image-preview:large, max-video-preview:-1\" \/>\n<link rel=\"canonical\" href=\"https:\/\/cheri-heater.com\/tr\/product\/pelet-atesleyici\/\" \/>\n<meta property=\"og:locale\" content=\"en_US\" \/>\n<meta property=\"og:type\" content=\"article\" \/>\n<meta property=\"og:title\" content=\"\u00c7in&#039;de G\u00fcvenilir Pelet Ate\u015fleyici \u00dcreticileri | Cheri-heater.com\" \/>\n<meta property=\"og:description\" content=\"G\u00fcvenilir, y\u00fcksek performansl\u0131 ate\u015fleme \u00e7\u00f6z\u00fcmleri i\u00e7in en iyi pelet ate\u015fleyici \u00fcreticilerini bulun. Verimli \u0131s\u0131tma i\u00e7in m\u00fckemmel. \u015eimdi kaliteli \u00fcr\u00fcnleri ve g\u00fcvenilir markalar\u0131 ke\u015ffedin!\" \/>\n<meta property=\"og:url\" content=\"https:\/\/cheri-heater.com\/tr\/product\/pelet-atesleyici\/\" \/>\n<meta property=\"og:site_name\" content=\"Cheri Heater Technology Co.,Ltd.\" \/>\n<meta property=\"article:modified_time\" content=\"2025-05-17T03:51:57+00:00\" \/>\n<meta property=\"og:image\" content=\"https:\/\/cheri-heater.com\/tr\/wp-content\/uploads\/2025\/05\/Cheri-Electrothermal-Equipment-Limited-Company-2.jpg\" \/>\n\t<meta property=\"og:image:width\" content=\"1920\" \/>\n\t<meta property=\"og:image:height\" content=\"1685\" \/>\n\t<meta property=\"og:image:type\" content=\"image\/jpeg\" \/>\n<meta name=\"twitter:card\" content=\"summary_large_image\" \/>\n<meta name=\"twitter:label1\" content=\"Est. reading time\" \/>\n\t<meta name=\"twitter:data1\" content=\"1 minute\" \/>\n<!-- \/ Yoast SEO plugin. -->","yoast_head_json":{"title":"\u00c7in'de G\u00fcvenilir Pelet Ate\u015fleyici \u00dcreticileri | Cheri-heater.com","description":"G\u00fcvenilir, y\u00fcksek performansl\u0131 ate\u015fleme \u00e7\u00f6z\u00fcmleri i\u00e7in en iyi pelet ate\u015fleyici \u00fcreticilerini bulun. Verimli \u0131s\u0131tma i\u00e7in m\u00fckemmel. \u015eimdi kaliteli \u00fcr\u00fcnleri ve g\u00fcvenilir markalar\u0131 ke\u015ffedin!","robots":{"index":"index","follow":"follow","max-snippet":"max-snippet:-1","max-image-preview":"max-image-preview:large","max-video-preview":"max-video-preview:-1"},"canonical":"https:\/\/cheri-heater.com\/tr\/product\/pelet-atesleyici\/","og_locale":"en_US","og_type":"article","og_title":"\u00c7in'de G\u00fcvenilir Pelet Ate\u015fleyici \u00dcreticileri | Cheri-heater.com","og_description":"G\u00fcvenilir, y\u00fcksek performansl\u0131 ate\u015fleme \u00e7\u00f6z\u00fcmleri i\u00e7in en iyi pelet ate\u015fleyici \u00fcreticilerini bulun. Verimli \u0131s\u0131tma i\u00e7in m\u00fckemmel. \u015eimdi kaliteli \u00fcr\u00fcnleri ve g\u00fcvenilir markalar\u0131 ke\u015ffedin!","og_url":"https:\/\/cheri-heater.com\/tr\/product\/pelet-atesleyici\/","og_site_name":"Cheri Heater Technology Co.,Ltd.","article_modified_time":"2025-05-17T03:51:57+00:00","og_image":[{"width":1920,"height":1685,"url":"https:\/\/cheri-heater.com\/tr\/wp-content\/uploads\/2025\/05\/Cheri-Electrothermal-Equipment-Limited-Company-2.jpg","type":"image\/jpeg"}],"twitter_card":"summary_large_image","twitter_misc":{"Est. reading time":"1 minute"},"schema":{"@context":"https:\/\/schema.org","@graph":[{"@type":"WebPage","@id":"https:\/\/cheri-heater.com\/tr\/product\/pelet-atesleyici\/","url":"https:\/\/cheri-heater.com\/tr\/product\/pelet-atesleyici\/","name":"\u00c7in'de G\u00fcvenilir Pelet Ate\u015fleyici \u00dcreticileri | Cheri-heater.com","isPartOf":{"@id":"https:\/\/cheri-heater.com\/tr\/#website"},"primaryImageOfPage":{"@id":"https:\/\/cheri-heater.com\/tr\/product\/pelet-atesleyici\/#primaryimage"},"image":{"@id":"https:\/\/cheri-heater.com\/tr\/product\/pelet-atesleyici\/#primaryimage"},"thumbnailUrl":"https:\/\/cheri-heater.com\/tr\/wp-content\/uploads\/2025\/05\/Cheri-Electrothermal-Equipment-Limited-Company-2.jpg","datePublished":"2025-05-17T03:51:56+00:00","dateModified":"2025-05-17T03:51:57+00:00","description":"G\u00fcvenilir, y\u00fcksek performansl\u0131 ate\u015fleme \u00e7\u00f6z\u00fcmleri i\u00e7in en iyi pelet ate\u015fleyici \u00fcreticilerini bulun. Verimli \u0131s\u0131tma i\u00e7in m\u00fckemmel. \u015eimdi kaliteli \u00fcr\u00fcnleri ve g\u00fcvenilir markalar\u0131 ke\u015ffedin!","breadcrumb":{"@id":"https:\/\/cheri-heater.com\/tr\/product\/pelet-atesleyici\/#breadcrumb"},"inLanguage":"en-US","potentialAction":[{"@type":"ReadAction","target":["https:\/\/cheri-heater.com\/tr\/product\/pelet-atesleyici\/"]}]},{"@type":"ImageObject","inLanguage":"en-US","@id":"https:\/\/cheri-heater.com\/tr\/product\/pelet-atesleyici\/#primaryimage","url":"https:\/\/cheri-heater.com\/tr\/wp-content\/uploads\/2025\/05\/Cheri-Electrothermal-Equipment-Limited-Company-2.jpg","contentUrl":"https:\/\/cheri-heater.com\/tr\/wp-content\/uploads\/2025\/05\/Cheri-Electrothermal-Equipment-Limited-Company-2.jpg","width":1920,"height":1685,"caption":"Pelet Ate\u015fleyici"},{"@type":"BreadcrumbList","@id":"https:\/\/cheri-heater.com\/tr\/product\/pelet-atesleyici\/#breadcrumb","itemListElement":[{"@type":"ListItem","position":1,"name":"Home","item":"https:\/\/cheri-heater.com\/tr\/"},{"@type":"ListItem","position":2,"name":"Products","item":"https:\/\/cheri-heater.com\/tr\/products\/"},{"@type":"ListItem","position":3,"name":"Pelet Ate\u015fleyici"}]},{"@type":"WebSite","@id":"https:\/\/cheri-heater.com\/tr\/#website","url":"https:\/\/cheri-heater.com\/tr\/","name":"Cheri Heater Technology Co.,Ltd.","description":"","publisher":{"@id":"https:\/\/cheri-heater.com\/tr\/#organization"},"potentialAction":[{"@type":"SearchAction","target":{"@type":"EntryPoint","urlTemplate":"https:\/\/cheri-heater.com\/tr\/?s={search_term_string}"},"query-input":{"@type":"PropertyValueSpecification","valueRequired":true,"valueName":"search_term_string"}}],"inLanguage":"en-US"},{"@type":"Organization","@id":"https:\/\/cheri-heater.com\/tr\/#organization","name":"Cheri Heater Technology Co.,Ltd.","url":"https:\/\/cheri-heater.com\/tr\/","logo":{"@type":"ImageObject","inLanguage":"en-US","@id":"https:\/\/cheri-heater.com\/tr\/#\/schema\/logo\/image\/","url":"https:\/\/cheri-heater.com\/tr\/wp-content\/uploads\/2024\/06\/cropped-logo-resize.png","contentUrl":"https:\/\/cheri-heater.com\/tr\/wp-content\/uploads\/2024\/06\/cropped-logo-resize.png","width":346,"height":99,"caption":"Cheri Heater Technology Co.,Ltd."},"image":{"@id":"https:\/\/cheri-heater.com\/tr\/#\/schema\/logo\/image\/"}}]}},"_links":{"self":[{"href":"https:\/\/cheri-heater.com\/tr\/wp-json\/wp\/v2\/product\/1759","targetHints":{"allow":["GET"]}}],"collection":[{"href":"https:\/\/cheri-heater.com\/tr\/wp-json\/wp\/v2\/product"}],"about":[{"href":"https:\/\/cheri-heater.com\/tr\/wp-json\/wp\/v2\/types\/product"}],"wp:featuredmedia":[{"embeddable":true,"href":"https:\/\/cheri-heater.com\/tr\/wp-json\/wp\/v2\/media\/1760"}],"wp:attachment":[{"href":"https:\/\/cheri-heater.com\/tr\/wp-json\/wp\/v2\/media?parent=1759"}],"wp:term":[{"taxonomy":"product_brand","embeddable":true,"href":"https:\/\/cheri-heater.com\/tr\/wp-json\/wp\/v2\/product_brand?post=1759"},{"taxonomy":"product_cat","embeddable":true,"href":"https:\/\/cheri-heater.com\/tr\/wp-json\/wp\/v2\/product_cat?post=1759"},{"taxonomy":"product_tag","embeddable":true,"href":"https:\/\/cheri-heater.com\/tr\/wp-json\/wp\/v2\/product_tag?post=1759"}],"curies":[{"name":"wp","href":"https:\/\/api.w.org\/{rel}","templated":true}]}}