{"id":1765,"date":"2025-05-17T04:02:05","date_gmt":"2025-05-17T04:02:05","guid":{"rendered":"https:\/\/cheri-heater.com\/tr\/?post_type=product&#038;p=1765"},"modified":"2025-05-17T04:02:05","modified_gmt":"2025-05-17T04:02:05","slug":"termokupllu-kartus-isitici","status":"publish","type":"product","link":"https:\/\/cheri-heater.com\/tr\/product\/termokupllu-kartus-isitici\/","title":{"rendered":"Termokupllu Kartu\u015f Is\u0131t\u0131c\u0131"},"content":{"rendered":"","protected":false},"excerpt":{"rendered":"<h2><span><span class=\"\">Termokupllu En \u0130yi Kartu\u015f Is\u0131t\u0131c\u0131<\/span><\/span><\/h2>\n<p><span>Termokupllu kartu\u015f \u0131s\u0131t\u0131c\u0131m\u0131z, end\u00fcstriyel ihtiya\u00e7lar\u0131n\u0131z i\u00e7in hassas \u0131s\u0131 kontrol \u00e7\u00f6z\u00fcm\u00fcn\u00fczd\u00fcr. Tam s\u0131cakl\u0131k kontrol\u00fc gerektiren \u00e7ok \u00e7e\u015fitli end\u00fcstriyel uygulamalar i\u00e7in g\u00fcvenilir ve hassas \u0131s\u0131tma elde edebilirsiniz. \u00c7ok y\u00f6nl\u00fc kartu\u015f \u0131s\u0131t\u0131c\u0131lar\u0131m\u0131z \u015funlar i\u00e7in en iyisidir:<\/span><\/p>\n<p><span>Paketleme Makineleri \u2013 Paketleme malzemelerinin m\u00fckemmel bir \u015fekilde s\u0131zd\u0131rmazl\u0131\u011f\u0131n\u0131 ve olu\u015fumunu sa\u011flar.<\/span><\/p>\n<p><span>Kal\u0131p \u0131s\u0131tma \u2013 d\u00f6k\u00fcm ve enjeksiyon kal\u0131plama gibi \u00e7e\u015fitli proseslerde end\u00fcstriyel \u00fcr\u00fcnlerinizin hassas kalitesi i\u00e7in sabit kal\u0131p s\u0131cakl\u0131klar\u0131n\u0131n sa\u011flanmas\u0131.<\/span><\/p>\n<p><span>Laboratuvar ekipmanlar\u0131 \u2013 Deney ve bilimsel ara\u015ft\u0131rmalar i\u00e7in hassas s\u0131cakl\u0131klar\u0131 koruyun.\u00a0<\/span><\/p>\n<p><span>G\u0131da i\u015fleme makineleri \u2013 Pi\u015firme uygulamalar\u0131 ve g\u0131da haz\u0131rlama i\u00e7in do\u011fru s\u0131cakl\u0131klara ula\u015f\u0131n.<\/span><\/p>\n<h3><b><span>Termokupllu Kartu\u015f Is\u0131t\u0131c\u0131m\u0131z\u0131n Avantajlar\u0131<\/span><\/b><\/h3>\n<ul>\n<li>\u00a0 \u00a0 \u00a0 \u00a0\u00a0<span>\u00dcst\u00fcn Performansl\u0131 Is\u0131tma \u2013 Termokupllu kartu\u015f \u0131s\u0131t\u0131c\u0131m\u0131z, \u00e7evrim s\u00fcrelerini en aza indiren ve \u00fcretkenli\u011fi art\u0131ran etkili ve h\u0131zl\u0131 \u0131s\u0131tma sa\u011flar.<\/span><\/li>\n<li>\u00a0 \u00a0 \u00a0 \u00a0\u00a0<span>Hassas S\u0131cakl\u0131k Kontrol\u00fc \u2013 Entegre termokupllar\u0131m\u0131z, ger\u00e7ek zamanl\u0131 geri bildirimle birlikte hassas proses optimizasyonu ve kontrol\u00fc sunar.<\/span><\/li>\n<li>\u00a0 \u00a0 \u00a0 \u00a0\u00a0<span>\u00d6zelle\u015ftirme olana\u011f\u0131 \u2013 Is\u0131tma taleplerinizi kar\u015f\u0131lamak ve a\u015fmak i\u00e7in \u00f6zelle\u015ftirilebilir kartu\u015f \u0131s\u0131t\u0131c\u0131lar sunuyoruz.<\/span><\/li>\n<li>\u00a0 \u00a0 \u00a0 \u00a0\u00a0<span>Se\u00e7enek \u00c7e\u015fitlili\u011fi \u2013 Termokupllu kartu\u015f \u0131s\u0131t\u0131c\u0131lar\u0131m\u0131z end\u00fcstriyel ihtiya\u00e7lar\u0131n\u0131z i\u00e7in \u00e7e\u015fitli watt, boyut ve k\u0131l\u0131f malzemelerinde mevcuttur.<\/span><\/li>\n<li>\u00a0 \u00a0 \u00a0 \u00a0\u00a0<span>Dayan\u0131kl\u0131 Yap\u0131 \u2013 Kartu\u015flar\u0131m\u0131z\u0131, end\u00fcstrideki zorlu ortamlara dayanabilen kaliteli hammaddelerden \u00fcretilen termokupllarla \u00fcretiyoruz.<\/span><\/li>\n<\/ul>\n<p><b>\u00a0<\/b><\/p>\n<h3><b><span>Termokupl i\u00e7in Kartu\u015f Is\u0131t\u0131c\u0131s\u0131 i\u00e7in Neden Cheri<\/span><\/b><\/h3>\n<ul>\n<li>\u00a0 \u00a0 \u00a0 \u00a0\u00a0<span>Entegre termokuplumuz, prosesin y\u00fcksek kaliteli sonu\u00e7lar \u00fcreten istenilen s\u0131cakl\u0131k aral\u0131\u011f\u0131nda kalmas\u0131n\u0131 sa\u011flar.<\/span><\/li>\n<li>\u00a0 \u00a0 \u00a0 \u00a0\u00a0<span>Canl\u0131 s\u0131cakl\u0131k takibi ile a\u015f\u0131r\u0131 \u0131s\u0131nmay\u0131 tamamen \u00f6nleyin.<\/span><\/li>\n<li>\u00a0 \u00a0 \u00a0 \u00a0\u00a0<span><span class=\"VIpgJd-yAWNEb-VIpgJd-fmcmS-sn54Q\">Y\u00fcksek kaliteye ve garantili y\u00fcksek performansa ba\u011fl\u0131y\u0131z.<\/span><\/span><\/li>\n<li>\u00a0 \u00a0 \u00a0 \u00a0\u00a0<span>\u015eimdi fiyat teklifi al\u0131n ve termokuplu kartu\u015f \u0131s\u0131t\u0131c\u0131m\u0131zla verimlili\u011finizi art\u0131r\u0131n.\u00a0<\/span><\/li>\n<\/ul>\n","protected":false},"featured_media":1766,"template":"","meta":[],"product_brand":[],"product_cat":[21],"product_tag":[188],"class_list":{"0":"post-1765","1":"product","2":"type-product","3":"status-publish","4":"has-post-thumbnail","6":"product_cat-cartridge-heater","7":"product_tag-termokupllu-kartus-isitici","9":"first","10":"instock","11":"shipping-taxable","12":"product-type-simple"},"yoast_head":"<!-- This site is optimized with the Yoast SEO plugin v27.3 - https:\/\/yoast.com\/product\/yoast-seo-wordpress\/ -->\n<title>Termokupllu Y\u00fcksek Kaliteli Kartu\u015f Is\u0131t\u0131c\u0131 | Cheri-heater.com<\/title>\n<meta name=\"description\" content=\"Hassas s\u0131cakl\u0131k kontrol\u00fc i\u00e7in entegre termokupllu y\u00fcksek performansl\u0131 kartu\u015f \u0131s\u0131t\u0131c\u0131. End\u00fcstriyel uygulamalar i\u00e7in idealdir.\" \/>\n<meta name=\"robots\" content=\"index, follow, max-snippet:-1, max-image-preview:large, max-video-preview:-1\" \/>\n<link rel=\"canonical\" href=\"https:\/\/cheri-heater.com\/tr\/product\/termokupllu-kartus-isitici\/\" \/>\n<meta property=\"og:locale\" content=\"en_US\" \/>\n<meta property=\"og:type\" content=\"article\" \/>\n<meta property=\"og:title\" content=\"Termokupllu Y\u00fcksek Kaliteli Kartu\u015f Is\u0131t\u0131c\u0131 | Cheri-heater.com\" \/>\n<meta property=\"og:description\" content=\"Hassas s\u0131cakl\u0131k kontrol\u00fc i\u00e7in entegre termokupllu y\u00fcksek performansl\u0131 kartu\u015f \u0131s\u0131t\u0131c\u0131. End\u00fcstriyel uygulamalar i\u00e7in idealdir.\" \/>\n<meta property=\"og:url\" content=\"https:\/\/cheri-heater.com\/tr\/product\/termokupllu-kartus-isitici\/\" \/>\n<meta property=\"og:site_name\" content=\"Cheri Heater Technology Co.,Ltd.\" \/>\n<meta property=\"og:image\" content=\"https:\/\/cheri-heater.com\/tr\/wp-content\/uploads\/2025\/05\/29762e31-406d-4b3e-9ddd-f36b8c313101.jpg\" \/>\n\t<meta property=\"og:image:width\" content=\"800\" \/>\n\t<meta property=\"og:image:height\" content=\"800\" \/>\n\t<meta property=\"og:image:type\" content=\"image\/jpeg\" \/>\n<meta name=\"twitter:card\" content=\"summary_large_image\" \/>\n<meta name=\"twitter:label1\" content=\"Est. reading time\" \/>\n\t<meta name=\"twitter:data1\" content=\"1 minute\" \/>\n<!-- \/ Yoast SEO plugin. -->","yoast_head_json":{"title":"Termokupllu Y\u00fcksek Kaliteli Kartu\u015f Is\u0131t\u0131c\u0131 | Cheri-heater.com","description":"Hassas s\u0131cakl\u0131k kontrol\u00fc i\u00e7in entegre termokupllu y\u00fcksek performansl\u0131 kartu\u015f \u0131s\u0131t\u0131c\u0131. End\u00fcstriyel uygulamalar i\u00e7in idealdir.","robots":{"index":"index","follow":"follow","max-snippet":"max-snippet:-1","max-image-preview":"max-image-preview:large","max-video-preview":"max-video-preview:-1"},"canonical":"https:\/\/cheri-heater.com\/tr\/product\/termokupllu-kartus-isitici\/","og_locale":"en_US","og_type":"article","og_title":"Termokupllu Y\u00fcksek Kaliteli Kartu\u015f Is\u0131t\u0131c\u0131 | Cheri-heater.com","og_description":"Hassas s\u0131cakl\u0131k kontrol\u00fc i\u00e7in entegre termokupllu y\u00fcksek performansl\u0131 kartu\u015f \u0131s\u0131t\u0131c\u0131. End\u00fcstriyel uygulamalar i\u00e7in idealdir.","og_url":"https:\/\/cheri-heater.com\/tr\/product\/termokupllu-kartus-isitici\/","og_site_name":"Cheri Heater Technology Co.,Ltd.","og_image":[{"width":800,"height":800,"url":"https:\/\/cheri-heater.com\/tr\/wp-content\/uploads\/2025\/05\/29762e31-406d-4b3e-9ddd-f36b8c313101.jpg","type":"image\/jpeg"}],"twitter_card":"summary_large_image","twitter_misc":{"Est. reading time":"1 minute"},"schema":{"@context":"https:\/\/schema.org","@graph":[{"@type":"WebPage","@id":"https:\/\/cheri-heater.com\/tr\/product\/termokupllu-kartus-isitici\/","url":"https:\/\/cheri-heater.com\/tr\/product\/termokupllu-kartus-isitici\/","name":"Termokupllu Y\u00fcksek Kaliteli Kartu\u015f Is\u0131t\u0131c\u0131 | Cheri-heater.com","isPartOf":{"@id":"https:\/\/cheri-heater.com\/tr\/#website"},"primaryImageOfPage":{"@id":"https:\/\/cheri-heater.com\/tr\/product\/termokupllu-kartus-isitici\/#primaryimage"},"image":{"@id":"https:\/\/cheri-heater.com\/tr\/product\/termokupllu-kartus-isitici\/#primaryimage"},"thumbnailUrl":"https:\/\/cheri-heater.com\/tr\/wp-content\/uploads\/2025\/05\/29762e31-406d-4b3e-9ddd-f36b8c313101.jpg","datePublished":"2025-05-17T04:02:05+00:00","description":"Hassas s\u0131cakl\u0131k kontrol\u00fc i\u00e7in entegre termokupllu y\u00fcksek performansl\u0131 kartu\u015f \u0131s\u0131t\u0131c\u0131. End\u00fcstriyel uygulamalar i\u00e7in idealdir.","breadcrumb":{"@id":"https:\/\/cheri-heater.com\/tr\/product\/termokupllu-kartus-isitici\/#breadcrumb"},"inLanguage":"en-US","potentialAction":[{"@type":"ReadAction","target":["https:\/\/cheri-heater.com\/tr\/product\/termokupllu-kartus-isitici\/"]}]},{"@type":"ImageObject","inLanguage":"en-US","@id":"https:\/\/cheri-heater.com\/tr\/product\/termokupllu-kartus-isitici\/#primaryimage","url":"https:\/\/cheri-heater.com\/tr\/wp-content\/uploads\/2025\/05\/29762e31-406d-4b3e-9ddd-f36b8c313101.jpg","contentUrl":"https:\/\/cheri-heater.com\/tr\/wp-content\/uploads\/2025\/05\/29762e31-406d-4b3e-9ddd-f36b8c313101.jpg","width":800,"height":800,"caption":"Termokupllu Kartu\u015f Is\u0131t\u0131c\u0131"},{"@type":"BreadcrumbList","@id":"https:\/\/cheri-heater.com\/tr\/product\/termokupllu-kartus-isitici\/#breadcrumb","itemListElement":[{"@type":"ListItem","position":1,"name":"Home","item":"https:\/\/cheri-heater.com\/tr\/"},{"@type":"ListItem","position":2,"name":"Products","item":"https:\/\/cheri-heater.com\/tr\/products\/"},{"@type":"ListItem","position":3,"name":"Termokupllu Kartu\u015f Is\u0131t\u0131c\u0131"}]},{"@type":"WebSite","@id":"https:\/\/cheri-heater.com\/tr\/#website","url":"https:\/\/cheri-heater.com\/tr\/","name":"Cheri Heater Technology Co.,Ltd.","description":"","publisher":{"@id":"https:\/\/cheri-heater.com\/tr\/#organization"},"potentialAction":[{"@type":"SearchAction","target":{"@type":"EntryPoint","urlTemplate":"https:\/\/cheri-heater.com\/tr\/?s={search_term_string}"},"query-input":{"@type":"PropertyValueSpecification","valueRequired":true,"valueName":"search_term_string"}}],"inLanguage":"en-US"},{"@type":"Organization","@id":"https:\/\/cheri-heater.com\/tr\/#organization","name":"Cheri Heater Technology Co.,Ltd.","url":"https:\/\/cheri-heater.com\/tr\/","logo":{"@type":"ImageObject","inLanguage":"en-US","@id":"https:\/\/cheri-heater.com\/tr\/#\/schema\/logo\/image\/","url":"https:\/\/cheri-heater.com\/tr\/wp-content\/uploads\/2024\/06\/cropped-logo-resize.png","contentUrl":"https:\/\/cheri-heater.com\/tr\/wp-content\/uploads\/2024\/06\/cropped-logo-resize.png","width":346,"height":99,"caption":"Cheri Heater Technology Co.,Ltd."},"image":{"@id":"https:\/\/cheri-heater.com\/tr\/#\/schema\/logo\/image\/"}}]}},"_links":{"self":[{"href":"https:\/\/cheri-heater.com\/tr\/wp-json\/wp\/v2\/product\/1765","targetHints":{"allow":["GET"]}}],"collection":[{"href":"https:\/\/cheri-heater.com\/tr\/wp-json\/wp\/v2\/product"}],"about":[{"href":"https:\/\/cheri-heater.com\/tr\/wp-json\/wp\/v2\/types\/product"}],"wp:featuredmedia":[{"embeddable":true,"href":"https:\/\/cheri-heater.com\/tr\/wp-json\/wp\/v2\/media\/1766"}],"wp:attachment":[{"href":"https:\/\/cheri-heater.com\/tr\/wp-json\/wp\/v2\/media?parent=1765"}],"wp:term":[{"taxonomy":"product_brand","embeddable":true,"href":"https:\/\/cheri-heater.com\/tr\/wp-json\/wp\/v2\/product_brand?post=1765"},{"taxonomy":"product_cat","embeddable":true,"href":"https:\/\/cheri-heater.com\/tr\/wp-json\/wp\/v2\/product_cat?post=1765"},{"taxonomy":"product_tag","embeddable":true,"href":"https:\/\/cheri-heater.com\/tr\/wp-json\/wp\/v2\/product_tag?post=1765"}],"curies":[{"name":"wp","href":"https:\/\/api.w.org\/{rel}","templated":true}]}}