{"id":1767,"date":"2025-05-17T04:31:06","date_gmt":"2025-05-17T04:31:06","guid":{"rendered":"https:\/\/cheri-heater.com\/tr\/?post_type=product&#038;p=1767"},"modified":"2025-05-17T04:31:06","modified_gmt":"2025-05-17T04:31:06","slug":"1-1-2-inc-disli-borulu-isitici","status":"publish","type":"product","link":"https:\/\/cheri-heater.com\/tr\/product\/1-1-2-inc-disli-borulu-isitici\/","title":{"rendered":"1 1\/2 \u0130n\u00e7 Di\u015fli Borulu Is\u0131t\u0131c\u0131"},"content":{"rendered":"","protected":false},"excerpt":{"rendered":"<h2><span><span class=\"\">1 1\/2 \u0130n\u00e7 Di\u015fli Borulu Is\u0131t\u0131c\u0131 Cheri Heater&#8217;da G\u00fcvenilir Is\u0131tma \u00c7\u00f6z\u00fcmleri<\/span><\/span><\/h2>\n<p><span>Birinci s\u0131n\u0131f \u0131s\u0131tma \u00e7\u00f6z\u00fcmleri i\u00e7in g\u00fcvenilir kayna\u011f\u0131n\u0131z olan\u00a0<\/span><strong><span>Cheri Heater&#8217;a<\/span><\/strong><span>\u00a0ho\u015f geldiniz .\u00a0<\/span><strong><span>1 1\/2 \u0130n\u00e7 Di\u015fli Borulu Is\u0131t\u0131c\u0131,<\/span><\/strong><span>\u00a0\u00e7e\u015fitli end\u00fcstriyel ve ticari \u0131s\u0131tma ihtiya\u00e7lar\u0131n\u0131 kar\u015f\u0131lamak \u00fczere tasarlanm\u0131\u015f \u00e7ok y\u00f6nl\u00fc ve dayan\u0131kl\u0131 bir \u0131s\u0131tma eleman\u0131d\u0131r. \u0130ster bir \u00fcretim s\u00fcrecini y\u00f6netiyor, ister makine \u00e7al\u0131\u015ft\u0131r\u0131yor veya \u00f6zel \u0131s\u0131tma se\u00e7enekleri ar\u0131yor olun, borulu \u0131s\u0131t\u0131c\u0131lar\u0131m\u0131z ola\u011fan\u00fcst\u00fc performans sunar.<\/span><\/p>\n<p><span>1 1\/2 in\u00e7 di\u015fli tasar\u0131m\u0131 kolay kurulum sa\u011flar ve hassas ve g\u00fcvenli \u0131s\u0131tma gerektiren uygulamalar i\u00e7in idealdir. Y\u00fcksek kaliteli malzemelerden \u00fcretilen bu \u0131s\u0131t\u0131c\u0131, zorlu ortamlara dayanacak \u015fekilde \u00fcretilmi\u015ftir ve \u00fcst\u00fcn \u0131s\u0131 transferi ve enerji verimlili\u011fi sunar. Sa\u011flam yap\u0131s\u0131 uzun \u00f6m\u00fcrl\u00fc olmas\u0131n\u0131 sa\u011flar ve bak\u0131m kesintilerini ve maliyetlerini azalt\u0131r.<\/span><\/p>\n<p><strong><span>Cheri Heater&#8217;da<\/span><\/strong><span>\u00a0inovasyona\u00a0ve m\u00fc\u015fteri memnuniyetine \u00f6ncelik veriyoruz. Borulu \u0131s\u0131t\u0131c\u0131lar\u0131m\u0131z belirli s\u0131cakl\u0131k aral\u0131klar\u0131na, watt yo\u011funluklar\u0131na ve montaj se\u00e7eneklerine uyacak \u015fekilde \u00f6zelle\u015ftirilebilir. Bu esneklik, i\u015fletmelerin operasyonlar\u0131n\u0131 optimize etmelerine ve tutarl\u0131 sonu\u00e7lar elde etmelerine olanak tan\u0131r.<\/span><\/p>\n<h3><span>Neden Cheri Heater&#8217;\u0131 se\u00e7melisiniz?<\/span><\/h3>\n<p><span>Is\u0131tma sekt\u00f6r\u00fcnde y\u0131llar\u0131n deneyimiyle, ola\u011fan\u00fcst\u00fc m\u00fc\u015fteri deste\u011fiyle desteklenen g\u00fcvenilir \u00fcr\u00fcnler sunmaktan gurur duyuyoruz. Uzman ekibimiz, ihtiya\u00e7lar\u0131n\u0131za g\u00f6re uyarlanm\u0131\u015f m\u00fckemmel \u0131s\u0131tma \u00e7\u00f6z\u00fcm\u00fcn\u00fc bulman\u0131za yard\u0131mc\u0131 olmak i\u00e7in burada.<\/span><\/p>\n","protected":false},"featured_media":1768,"template":"","meta":[],"product_brand":[],"product_cat":[28],"product_tag":[189],"class_list":{"0":"post-1767","1":"product","2":"type-product","3":"status-publish","4":"has-post-thumbnail","6":"product_cat-tubular-heater","7":"product_tag-1-1-2-inc-disli-borulu-isitici","9":"first","10":"instock","11":"shipping-taxable","12":"product-type-simple"},"yoast_head":"<!-- This site is optimized with the Yoast SEO plugin v27.3 - https:\/\/yoast.com\/product\/yoast-seo-wordpress\/ -->\n<title>En \u0130yi 1 1\/2 \u0130n\u00e7 Di\u015fli Borulu Is\u0131t\u0131c\u0131 | Cheri-heater.com<\/title>\n<meta name=\"description\" content=\"Cheri Heater&#039;da Premium 1 1\/2 \u0130n\u00e7 Di\u015fli Borulu Is\u0131t\u0131c\u0131lar. Dayan\u0131kl\u0131l\u0131k ve verimlilik i\u00e7in tasarlanan bu \u0131s\u0131tma elemanlar\u0131, end\u00fcstriyel ve ticari uygulamalar i\u00e7in hassas \u0131s\u0131 transferi sa\u011flar. G\u00fcvenli kurulumlar i\u00e7in m\u00fckemmeldir ve belirli gereksinimleri kar\u015f\u0131lamak \u00fczere \u00f6zelle\u015ftirilebilir. Bizi bug\u00fcn cheri-heater.com adresinde ziyaret edin.\" \/>\n<meta name=\"robots\" content=\"index, follow, max-snippet:-1, max-image-preview:large, max-video-preview:-1\" \/>\n<link rel=\"canonical\" href=\"https:\/\/cheri-heater.com\/tr\/product\/1-1-2-inc-disli-borulu-isitici\/\" \/>\n<meta property=\"og:locale\" content=\"en_US\" \/>\n<meta property=\"og:type\" content=\"article\" \/>\n<meta property=\"og:title\" content=\"En \u0130yi 1 1\/2 \u0130n\u00e7 Di\u015fli Borulu Is\u0131t\u0131c\u0131 | Cheri-heater.com\" \/>\n<meta property=\"og:description\" content=\"Cheri Heater&#039;da Premium 1 1\/2 \u0130n\u00e7 Di\u015fli Borulu Is\u0131t\u0131c\u0131lar. Dayan\u0131kl\u0131l\u0131k ve verimlilik i\u00e7in tasarlanan bu \u0131s\u0131tma elemanlar\u0131, end\u00fcstriyel ve ticari uygulamalar i\u00e7in hassas \u0131s\u0131 transferi sa\u011flar. G\u00fcvenli kurulumlar i\u00e7in m\u00fckemmeldir ve belirli gereksinimleri kar\u015f\u0131lamak \u00fczere \u00f6zelle\u015ftirilebilir. Bizi bug\u00fcn cheri-heater.com adresinde ziyaret edin.\" \/>\n<meta property=\"og:url\" content=\"https:\/\/cheri-heater.com\/tr\/product\/1-1-2-inc-disli-borulu-isitici\/\" \/>\n<meta property=\"og:site_name\" content=\"Cheri Heater Technology Co.,Ltd.\" \/>\n<meta property=\"og:image\" content=\"https:\/\/cheri-heater.com\/tr\/wp-content\/uploads\/2025\/05\/i-14.jpg\" \/>\n\t<meta property=\"og:image:width\" content=\"320\" \/>\n\t<meta property=\"og:image:height\" content=\"320\" \/>\n\t<meta property=\"og:image:type\" content=\"image\/jpeg\" \/>\n<meta name=\"twitter:card\" content=\"summary_large_image\" \/>\n<meta name=\"twitter:label1\" content=\"Est. reading time\" \/>\n\t<meta name=\"twitter:data1\" content=\"1 minute\" \/>\n<!-- \/ Yoast SEO plugin. -->","yoast_head_json":{"title":"En \u0130yi 1 1\/2 \u0130n\u00e7 Di\u015fli Borulu Is\u0131t\u0131c\u0131 | Cheri-heater.com","description":"Cheri Heater'da Premium 1 1\/2 \u0130n\u00e7 Di\u015fli Borulu Is\u0131t\u0131c\u0131lar. Dayan\u0131kl\u0131l\u0131k ve verimlilik i\u00e7in tasarlanan bu \u0131s\u0131tma elemanlar\u0131, end\u00fcstriyel ve ticari uygulamalar i\u00e7in hassas \u0131s\u0131 transferi sa\u011flar. G\u00fcvenli kurulumlar i\u00e7in m\u00fckemmeldir ve belirli gereksinimleri kar\u015f\u0131lamak \u00fczere \u00f6zelle\u015ftirilebilir. Bizi bug\u00fcn cheri-heater.com adresinde ziyaret edin.","robots":{"index":"index","follow":"follow","max-snippet":"max-snippet:-1","max-image-preview":"max-image-preview:large","max-video-preview":"max-video-preview:-1"},"canonical":"https:\/\/cheri-heater.com\/tr\/product\/1-1-2-inc-disli-borulu-isitici\/","og_locale":"en_US","og_type":"article","og_title":"En \u0130yi 1 1\/2 \u0130n\u00e7 Di\u015fli Borulu Is\u0131t\u0131c\u0131 | Cheri-heater.com","og_description":"Cheri Heater'da Premium 1 1\/2 \u0130n\u00e7 Di\u015fli Borulu Is\u0131t\u0131c\u0131lar. Dayan\u0131kl\u0131l\u0131k ve verimlilik i\u00e7in tasarlanan bu \u0131s\u0131tma elemanlar\u0131, end\u00fcstriyel ve ticari uygulamalar i\u00e7in hassas \u0131s\u0131 transferi sa\u011flar. G\u00fcvenli kurulumlar i\u00e7in m\u00fckemmeldir ve belirli gereksinimleri kar\u015f\u0131lamak \u00fczere \u00f6zelle\u015ftirilebilir. Bizi bug\u00fcn cheri-heater.com adresinde ziyaret edin.","og_url":"https:\/\/cheri-heater.com\/tr\/product\/1-1-2-inc-disli-borulu-isitici\/","og_site_name":"Cheri Heater Technology Co.,Ltd.","og_image":[{"width":320,"height":320,"url":"https:\/\/cheri-heater.com\/tr\/wp-content\/uploads\/2025\/05\/i-14.jpg","type":"image\/jpeg"}],"twitter_card":"summary_large_image","twitter_misc":{"Est. reading time":"1 minute"},"schema":{"@context":"https:\/\/schema.org","@graph":[{"@type":"WebPage","@id":"https:\/\/cheri-heater.com\/tr\/product\/1-1-2-inc-disli-borulu-isitici\/","url":"https:\/\/cheri-heater.com\/tr\/product\/1-1-2-inc-disli-borulu-isitici\/","name":"En \u0130yi 1 1\/2 \u0130n\u00e7 Di\u015fli Borulu Is\u0131t\u0131c\u0131 | Cheri-heater.com","isPartOf":{"@id":"https:\/\/cheri-heater.com\/tr\/#website"},"primaryImageOfPage":{"@id":"https:\/\/cheri-heater.com\/tr\/product\/1-1-2-inc-disli-borulu-isitici\/#primaryimage"},"image":{"@id":"https:\/\/cheri-heater.com\/tr\/product\/1-1-2-inc-disli-borulu-isitici\/#primaryimage"},"thumbnailUrl":"https:\/\/cheri-heater.com\/tr\/wp-content\/uploads\/2025\/05\/i-14.jpg","datePublished":"2025-05-17T04:31:06+00:00","description":"Cheri Heater'da Premium 1 1\/2 \u0130n\u00e7 Di\u015fli Borulu Is\u0131t\u0131c\u0131lar. Dayan\u0131kl\u0131l\u0131k ve verimlilik i\u00e7in tasarlanan bu \u0131s\u0131tma elemanlar\u0131, end\u00fcstriyel ve ticari uygulamalar i\u00e7in hassas \u0131s\u0131 transferi sa\u011flar. G\u00fcvenli kurulumlar i\u00e7in m\u00fckemmeldir ve belirli gereksinimleri kar\u015f\u0131lamak \u00fczere \u00f6zelle\u015ftirilebilir. Bizi bug\u00fcn cheri-heater.com adresinde ziyaret edin.","breadcrumb":{"@id":"https:\/\/cheri-heater.com\/tr\/product\/1-1-2-inc-disli-borulu-isitici\/#breadcrumb"},"inLanguage":"en-US","potentialAction":[{"@type":"ReadAction","target":["https:\/\/cheri-heater.com\/tr\/product\/1-1-2-inc-disli-borulu-isitici\/"]}]},{"@type":"ImageObject","inLanguage":"en-US","@id":"https:\/\/cheri-heater.com\/tr\/product\/1-1-2-inc-disli-borulu-isitici\/#primaryimage","url":"https:\/\/cheri-heater.com\/tr\/wp-content\/uploads\/2025\/05\/i-14.jpg","contentUrl":"https:\/\/cheri-heater.com\/tr\/wp-content\/uploads\/2025\/05\/i-14.jpg","width":320,"height":320,"caption":"1 1\/2 \u0130n\u00e7 Di\u015fli Borulu Is\u0131t\u0131c\u0131"},{"@type":"BreadcrumbList","@id":"https:\/\/cheri-heater.com\/tr\/product\/1-1-2-inc-disli-borulu-isitici\/#breadcrumb","itemListElement":[{"@type":"ListItem","position":1,"name":"Home","item":"https:\/\/cheri-heater.com\/tr\/"},{"@type":"ListItem","position":2,"name":"Products","item":"https:\/\/cheri-heater.com\/tr\/products\/"},{"@type":"ListItem","position":3,"name":"1 1\/2 \u0130n\u00e7 Di\u015fli Borulu Is\u0131t\u0131c\u0131"}]},{"@type":"WebSite","@id":"https:\/\/cheri-heater.com\/tr\/#website","url":"https:\/\/cheri-heater.com\/tr\/","name":"Cheri Heater Technology Co.,Ltd.","description":"","publisher":{"@id":"https:\/\/cheri-heater.com\/tr\/#organization"},"potentialAction":[{"@type":"SearchAction","target":{"@type":"EntryPoint","urlTemplate":"https:\/\/cheri-heater.com\/tr\/?s={search_term_string}"},"query-input":{"@type":"PropertyValueSpecification","valueRequired":true,"valueName":"search_term_string"}}],"inLanguage":"en-US"},{"@type":"Organization","@id":"https:\/\/cheri-heater.com\/tr\/#organization","name":"Cheri Heater Technology Co.,Ltd.","url":"https:\/\/cheri-heater.com\/tr\/","logo":{"@type":"ImageObject","inLanguage":"en-US","@id":"https:\/\/cheri-heater.com\/tr\/#\/schema\/logo\/image\/","url":"https:\/\/cheri-heater.com\/tr\/wp-content\/uploads\/2024\/06\/cropped-logo-resize.png","contentUrl":"https:\/\/cheri-heater.com\/tr\/wp-content\/uploads\/2024\/06\/cropped-logo-resize.png","width":346,"height":99,"caption":"Cheri Heater Technology Co.,Ltd."},"image":{"@id":"https:\/\/cheri-heater.com\/tr\/#\/schema\/logo\/image\/"}}]}},"_links":{"self":[{"href":"https:\/\/cheri-heater.com\/tr\/wp-json\/wp\/v2\/product\/1767","targetHints":{"allow":["GET"]}}],"collection":[{"href":"https:\/\/cheri-heater.com\/tr\/wp-json\/wp\/v2\/product"}],"about":[{"href":"https:\/\/cheri-heater.com\/tr\/wp-json\/wp\/v2\/types\/product"}],"wp:featuredmedia":[{"embeddable":true,"href":"https:\/\/cheri-heater.com\/tr\/wp-json\/wp\/v2\/media\/1768"}],"wp:attachment":[{"href":"https:\/\/cheri-heater.com\/tr\/wp-json\/wp\/v2\/media?parent=1767"}],"wp:term":[{"taxonomy":"product_brand","embeddable":true,"href":"https:\/\/cheri-heater.com\/tr\/wp-json\/wp\/v2\/product_brand?post=1767"},{"taxonomy":"product_cat","embeddable":true,"href":"https:\/\/cheri-heater.com\/tr\/wp-json\/wp\/v2\/product_cat?post=1767"},{"taxonomy":"product_tag","embeddable":true,"href":"https:\/\/cheri-heater.com\/tr\/wp-json\/wp\/v2\/product_tag?post=1767"}],"curies":[{"name":"wp","href":"https:\/\/api.w.org\/{rel}","templated":true}]}}