{"id":1769,"date":"2025-05-17T04:34:02","date_gmt":"2025-05-17T04:34:02","guid":{"rendered":"https:\/\/cheri-heater.com\/tr\/?post_type=product&#038;p=1769"},"modified":"2025-05-17T04:34:02","modified_gmt":"2025-05-17T04:34:02","slug":"1-inc-gunes-enerjili-borulu-isitici","status":"publish","type":"product","link":"https:\/\/cheri-heater.com\/tr\/product\/1-inc-gunes-enerjili-borulu-isitici\/","title":{"rendered":"1 \u0130n\u00e7 G\u00fcne\u015f Enerjili Borulu Is\u0131t\u0131c\u0131"},"content":{"rendered":"","protected":false},"excerpt":{"rendered":"<h2><span>Lider 1 \u0130n\u00e7 G\u00fcne\u015f Enerjili Borulu Is\u0131t\u0131c\u0131<\/span><\/h2>\n<p><span>Cheri Heater&#8217;da yenilik\u00e7i ve enerji tasarruflu \u0131s\u0131tma \u00e7\u00f6z\u00fcmleri sa\u011flama konusunda uzmanla\u015f\u0131yoruz ve\u00a0<\/span><strong><span>1 \u0130n\u00e7lik G\u00fcne\u015f Enerjili Borulu Is\u0131t\u0131c\u0131m\u0131z<\/span><\/strong><span>\u00a0en iyi \u00fcr\u00fcnlerimizden biridir. Verimli ve \u00e7evre dostu \u0131s\u0131tma i\u00e7in g\u00fcne\u015f enerjisinden yararlanmak \u00fczere tasarlanan bu borulu \u0131s\u0131t\u0131c\u0131, s\u00fcrd\u00fcr\u00fclebilir enerji \u00e7\u00f6z\u00fcmlerinin gerekli oldu\u011fu hem konut hem de end\u00fcstriyel uygulamalar i\u00e7in idealdir.<\/span><\/p>\n<p><span>1 \u0130n\u00e7lik G\u00fcne\u015f Enerjili Borulu Is\u0131t\u0131c\u0131, son teknoloji g\u00fcne\u015f enerjisi teknolojisini geleneksel borulu \u0131s\u0131t\u0131c\u0131n\u0131n g\u00fcvenilirli\u011fiyle birle\u015ftirir. Kompakt 1 in\u00e7lik \u00e7ap\u0131 sayesinde g\u00fcne\u015f enerjili su \u0131s\u0131t\u0131c\u0131lar\u0131ndan mekan \u0131s\u0131tma sistemlerine kadar \u00e7e\u015fitli sistemlere kolayca monte edilebilir. G\u00fcne\u015f kollekt\u00f6r\u00fc, g\u00fcne\u015f \u0131\u015f\u0131\u011f\u0131n\u0131 verimli bir \u015fekilde yakalay\u0131p termal enerjiye d\u00f6n\u00fc\u015ft\u00fcrerek tutarl\u0131 ve yenilenebilir bir \u0131s\u0131 kayna\u011f\u0131 sa\u011flar. Bu, geleneksel enerji kaynaklar\u0131na olan ba\u011f\u0131ml\u0131l\u0131\u011f\u0131 azalt\u0131r ve \u00e7evresel s\u00fcrd\u00fcr\u00fclebilirli\u011fi te\u015fvik ederken elektrik maliyetlerinizi d\u00fc\u015f\u00fcrmenize yard\u0131mc\u0131 olur.<\/span><\/p>\n<p><span>Y\u00fcksek kaliteli, dayan\u0131kl\u0131 malzemelerden \u00fcretilen 1 \u0130n\u00e7lik G\u00fcne\u015f Enerjili Borulu Is\u0131t\u0131c\u0131, zorlu hava ko\u015fullar\u0131nda bile uzun s\u00fcre dayanacak ve iyi performans g\u00f6sterecek \u015fekilde \u00fcretilmi\u015ftir. Korozyona dayan\u0131kl\u0131 tasar\u0131m\u0131 uzun \u00f6m\u00fcrl\u00fc dayan\u0131kl\u0131l\u0131k sa\u011flar ve minimum bak\u0131mla y\u00fcksek termal verimlilik sa\u011flamak \u00fczere tasarlanm\u0131\u015ft\u0131r.<\/span><\/p>\n<p><span>\u0130ster su, ister hava veya di\u011fer s\u0131v\u0131lar\u0131 \u0131s\u0131tmak isteyin, Cheri Heater&#8217;\u0131n\u00a0<\/span><strong><span>1 \u0130n\u00e7lik G\u00fcne\u015f Enerjili Borulu Is\u0131t\u0131c\u0131s\u0131<\/span><\/strong><span>\u00a0s\u00fcrd\u00fcr\u00fclebilir ve uygun maliyetli bir \u00e7\u00f6z\u00fcm sunar. Karbon ayak izlerini ve enerji harcamalar\u0131n\u0131 azaltmak isteyen \u00e7evre bilincine sahip i\u015fletmeler ve ev sahipleri i\u00e7in m\u00fckemmeldir.<\/span><\/p>\n","protected":false},"featured_media":1770,"template":"","meta":[],"product_brand":[],"product_cat":[28],"product_tag":[190],"class_list":{"0":"post-1769","1":"product","2":"type-product","3":"status-publish","4":"has-post-thumbnail","6":"product_cat-tubular-heater","7":"product_tag-1-inc-gunes-enerjili-borulu-isitici","9":"first","10":"instock","11":"shipping-taxable","12":"product-type-simple"},"yoast_head":"<!-- This site is optimized with the Yoast SEO plugin v27.3 - https:\/\/yoast.com\/product\/yoast-seo-wordpress\/ -->\n<title>En \u0130yi 1 \u0130n\u00e7lik G\u00fcne\u015f Enerjili Borulu Is\u0131t\u0131c\u0131 | Cheri-heater.com<\/title>\n<meta name=\"description\" content=\"Cheri Heater, verimli ve s\u00fcrd\u00fcr\u00fclebilir \u0131s\u0131tma i\u00e7in g\u00fcne\u015f enerjisinden yararlanmak \u00fczere tasarlanm\u0131\u015f 1 \u0130n\u00e7lik Solar Borulu Is\u0131t\u0131c\u0131y\u0131 sunar. Konut ve end\u00fcstriyel uygulamalar i\u00e7in ideal olan bu kompakt ve dayan\u0131kl\u0131 \u0131s\u0131t\u0131c\u0131, su, hava ve s\u0131v\u0131lar\u0131 \u0131s\u0131tmak i\u00e7in uygun maliyetli bir \u00e7\u00f6z\u00fcm sunar. Y\u00fcksek termal verimlili\u011fi ve d\u00fc\u015f\u00fck bak\u0131m\u0131yla, enerji maliyetlerini d\u00fc\u015f\u00fcrmek ve \u00e7evresel etkiyi en aza indirmek i\u00e7in m\u00fckemmel bir se\u00e7imdir. Daha fazla ayr\u0131nt\u0131 i\u00e7in ve ideal g\u00fcne\u015f \u0131s\u0131tma \u00e7\u00f6z\u00fcm\u00fcn\u00fcz\u00fc bulmak i\u00e7in Cheri Heater&#039;\u0131 ziyaret edin.\" \/>\n<meta name=\"robots\" content=\"index, follow, max-snippet:-1, max-image-preview:large, max-video-preview:-1\" \/>\n<link rel=\"canonical\" href=\"https:\/\/cheri-heater.com\/tr\/product\/1-inc-gunes-enerjili-borulu-isitici\/\" \/>\n<meta property=\"og:locale\" content=\"en_US\" \/>\n<meta property=\"og:type\" content=\"article\" \/>\n<meta property=\"og:title\" content=\"En \u0130yi 1 \u0130n\u00e7lik G\u00fcne\u015f Enerjili Borulu Is\u0131t\u0131c\u0131 | Cheri-heater.com\" \/>\n<meta property=\"og:description\" content=\"Cheri Heater, verimli ve s\u00fcrd\u00fcr\u00fclebilir \u0131s\u0131tma i\u00e7in g\u00fcne\u015f enerjisinden yararlanmak \u00fczere tasarlanm\u0131\u015f 1 \u0130n\u00e7lik Solar Borulu Is\u0131t\u0131c\u0131y\u0131 sunar. Konut ve end\u00fcstriyel uygulamalar i\u00e7in ideal olan bu kompakt ve dayan\u0131kl\u0131 \u0131s\u0131t\u0131c\u0131, su, hava ve s\u0131v\u0131lar\u0131 \u0131s\u0131tmak i\u00e7in uygun maliyetli bir \u00e7\u00f6z\u00fcm sunar. Y\u00fcksek termal verimlili\u011fi ve d\u00fc\u015f\u00fck bak\u0131m\u0131yla, enerji maliyetlerini d\u00fc\u015f\u00fcrmek ve \u00e7evresel etkiyi en aza indirmek i\u00e7in m\u00fckemmel bir se\u00e7imdir. Daha fazla ayr\u0131nt\u0131 i\u00e7in ve ideal g\u00fcne\u015f \u0131s\u0131tma \u00e7\u00f6z\u00fcm\u00fcn\u00fcz\u00fc bulmak i\u00e7in Cheri Heater&#039;\u0131 ziyaret edin.\" \/>\n<meta property=\"og:url\" content=\"https:\/\/cheri-heater.com\/tr\/product\/1-inc-gunes-enerjili-borulu-isitici\/\" \/>\n<meta property=\"og:site_name\" content=\"Cheri Heater Technology Co.,Ltd.\" \/>\n<meta property=\"og:image\" content=\"https:\/\/cheri-heater.com\/tr\/wp-content\/uploads\/2025\/05\/solar.jpg\" \/>\n\t<meta property=\"og:image:width\" content=\"320\" \/>\n\t<meta property=\"og:image:height\" content=\"320\" \/>\n\t<meta property=\"og:image:type\" content=\"image\/jpeg\" \/>\n<meta name=\"twitter:card\" content=\"summary_large_image\" \/>\n<meta name=\"twitter:label1\" content=\"Est. reading time\" \/>\n\t<meta name=\"twitter:data1\" content=\"1 minute\" \/>\n<!-- \/ Yoast SEO plugin. -->","yoast_head_json":{"title":"En \u0130yi 1 \u0130n\u00e7lik G\u00fcne\u015f Enerjili Borulu Is\u0131t\u0131c\u0131 | Cheri-heater.com","description":"Cheri Heater, verimli ve s\u00fcrd\u00fcr\u00fclebilir \u0131s\u0131tma i\u00e7in g\u00fcne\u015f enerjisinden yararlanmak \u00fczere tasarlanm\u0131\u015f 1 \u0130n\u00e7lik Solar Borulu Is\u0131t\u0131c\u0131y\u0131 sunar. Konut ve end\u00fcstriyel uygulamalar i\u00e7in ideal olan bu kompakt ve dayan\u0131kl\u0131 \u0131s\u0131t\u0131c\u0131, su, hava ve s\u0131v\u0131lar\u0131 \u0131s\u0131tmak i\u00e7in uygun maliyetli bir \u00e7\u00f6z\u00fcm sunar. Y\u00fcksek termal verimlili\u011fi ve d\u00fc\u015f\u00fck bak\u0131m\u0131yla, enerji maliyetlerini d\u00fc\u015f\u00fcrmek ve \u00e7evresel etkiyi en aza indirmek i\u00e7in m\u00fckemmel bir se\u00e7imdir. Daha fazla ayr\u0131nt\u0131 i\u00e7in ve ideal g\u00fcne\u015f \u0131s\u0131tma \u00e7\u00f6z\u00fcm\u00fcn\u00fcz\u00fc bulmak i\u00e7in Cheri Heater'\u0131 ziyaret edin.","robots":{"index":"index","follow":"follow","max-snippet":"max-snippet:-1","max-image-preview":"max-image-preview:large","max-video-preview":"max-video-preview:-1"},"canonical":"https:\/\/cheri-heater.com\/tr\/product\/1-inc-gunes-enerjili-borulu-isitici\/","og_locale":"en_US","og_type":"article","og_title":"En \u0130yi 1 \u0130n\u00e7lik G\u00fcne\u015f Enerjili Borulu Is\u0131t\u0131c\u0131 | Cheri-heater.com","og_description":"Cheri Heater, verimli ve s\u00fcrd\u00fcr\u00fclebilir \u0131s\u0131tma i\u00e7in g\u00fcne\u015f enerjisinden yararlanmak \u00fczere tasarlanm\u0131\u015f 1 \u0130n\u00e7lik Solar Borulu Is\u0131t\u0131c\u0131y\u0131 sunar. Konut ve end\u00fcstriyel uygulamalar i\u00e7in ideal olan bu kompakt ve dayan\u0131kl\u0131 \u0131s\u0131t\u0131c\u0131, su, hava ve s\u0131v\u0131lar\u0131 \u0131s\u0131tmak i\u00e7in uygun maliyetli bir \u00e7\u00f6z\u00fcm sunar. Y\u00fcksek termal verimlili\u011fi ve d\u00fc\u015f\u00fck bak\u0131m\u0131yla, enerji maliyetlerini d\u00fc\u015f\u00fcrmek ve \u00e7evresel etkiyi en aza indirmek i\u00e7in m\u00fckemmel bir se\u00e7imdir. Daha fazla ayr\u0131nt\u0131 i\u00e7in ve ideal g\u00fcne\u015f \u0131s\u0131tma \u00e7\u00f6z\u00fcm\u00fcn\u00fcz\u00fc bulmak i\u00e7in Cheri Heater'\u0131 ziyaret edin.","og_url":"https:\/\/cheri-heater.com\/tr\/product\/1-inc-gunes-enerjili-borulu-isitici\/","og_site_name":"Cheri Heater Technology Co.,Ltd.","og_image":[{"width":320,"height":320,"url":"https:\/\/cheri-heater.com\/tr\/wp-content\/uploads\/2025\/05\/solar.jpg","type":"image\/jpeg"}],"twitter_card":"summary_large_image","twitter_misc":{"Est. reading time":"1 minute"},"schema":{"@context":"https:\/\/schema.org","@graph":[{"@type":"WebPage","@id":"https:\/\/cheri-heater.com\/tr\/product\/1-inc-gunes-enerjili-borulu-isitici\/","url":"https:\/\/cheri-heater.com\/tr\/product\/1-inc-gunes-enerjili-borulu-isitici\/","name":"En \u0130yi 1 \u0130n\u00e7lik G\u00fcne\u015f Enerjili Borulu Is\u0131t\u0131c\u0131 | Cheri-heater.com","isPartOf":{"@id":"https:\/\/cheri-heater.com\/tr\/#website"},"primaryImageOfPage":{"@id":"https:\/\/cheri-heater.com\/tr\/product\/1-inc-gunes-enerjili-borulu-isitici\/#primaryimage"},"image":{"@id":"https:\/\/cheri-heater.com\/tr\/product\/1-inc-gunes-enerjili-borulu-isitici\/#primaryimage"},"thumbnailUrl":"https:\/\/cheri-heater.com\/tr\/wp-content\/uploads\/2025\/05\/solar.jpg","datePublished":"2025-05-17T04:34:02+00:00","description":"Cheri Heater, verimli ve s\u00fcrd\u00fcr\u00fclebilir \u0131s\u0131tma i\u00e7in g\u00fcne\u015f enerjisinden yararlanmak \u00fczere tasarlanm\u0131\u015f 1 \u0130n\u00e7lik Solar Borulu Is\u0131t\u0131c\u0131y\u0131 sunar. Konut ve end\u00fcstriyel uygulamalar i\u00e7in ideal olan bu kompakt ve dayan\u0131kl\u0131 \u0131s\u0131t\u0131c\u0131, su, hava ve s\u0131v\u0131lar\u0131 \u0131s\u0131tmak i\u00e7in uygun maliyetli bir \u00e7\u00f6z\u00fcm sunar. Y\u00fcksek termal verimlili\u011fi ve d\u00fc\u015f\u00fck bak\u0131m\u0131yla, enerji maliyetlerini d\u00fc\u015f\u00fcrmek ve \u00e7evresel etkiyi en aza indirmek i\u00e7in m\u00fckemmel bir se\u00e7imdir. Daha fazla ayr\u0131nt\u0131 i\u00e7in ve ideal g\u00fcne\u015f \u0131s\u0131tma \u00e7\u00f6z\u00fcm\u00fcn\u00fcz\u00fc bulmak i\u00e7in Cheri Heater'\u0131 ziyaret edin.","breadcrumb":{"@id":"https:\/\/cheri-heater.com\/tr\/product\/1-inc-gunes-enerjili-borulu-isitici\/#breadcrumb"},"inLanguage":"en-US","potentialAction":[{"@type":"ReadAction","target":["https:\/\/cheri-heater.com\/tr\/product\/1-inc-gunes-enerjili-borulu-isitici\/"]}]},{"@type":"ImageObject","inLanguage":"en-US","@id":"https:\/\/cheri-heater.com\/tr\/product\/1-inc-gunes-enerjili-borulu-isitici\/#primaryimage","url":"https:\/\/cheri-heater.com\/tr\/wp-content\/uploads\/2025\/05\/solar.jpg","contentUrl":"https:\/\/cheri-heater.com\/tr\/wp-content\/uploads\/2025\/05\/solar.jpg","width":320,"height":320,"caption":"1 \u0130n\u00e7 G\u00fcne\u015f Enerjili Borulu Is\u0131t\u0131c\u0131"},{"@type":"BreadcrumbList","@id":"https:\/\/cheri-heater.com\/tr\/product\/1-inc-gunes-enerjili-borulu-isitici\/#breadcrumb","itemListElement":[{"@type":"ListItem","position":1,"name":"Home","item":"https:\/\/cheri-heater.com\/tr\/"},{"@type":"ListItem","position":2,"name":"Products","item":"https:\/\/cheri-heater.com\/tr\/products\/"},{"@type":"ListItem","position":3,"name":"1 \u0130n\u00e7 G\u00fcne\u015f Enerjili Borulu Is\u0131t\u0131c\u0131"}]},{"@type":"WebSite","@id":"https:\/\/cheri-heater.com\/tr\/#website","url":"https:\/\/cheri-heater.com\/tr\/","name":"Cheri Heater Technology Co.,Ltd.","description":"","publisher":{"@id":"https:\/\/cheri-heater.com\/tr\/#organization"},"potentialAction":[{"@type":"SearchAction","target":{"@type":"EntryPoint","urlTemplate":"https:\/\/cheri-heater.com\/tr\/?s={search_term_string}"},"query-input":{"@type":"PropertyValueSpecification","valueRequired":true,"valueName":"search_term_string"}}],"inLanguage":"en-US"},{"@type":"Organization","@id":"https:\/\/cheri-heater.com\/tr\/#organization","name":"Cheri Heater Technology Co.,Ltd.","url":"https:\/\/cheri-heater.com\/tr\/","logo":{"@type":"ImageObject","inLanguage":"en-US","@id":"https:\/\/cheri-heater.com\/tr\/#\/schema\/logo\/image\/","url":"https:\/\/cheri-heater.com\/tr\/wp-content\/uploads\/2024\/06\/cropped-logo-resize.png","contentUrl":"https:\/\/cheri-heater.com\/tr\/wp-content\/uploads\/2024\/06\/cropped-logo-resize.png","width":346,"height":99,"caption":"Cheri Heater Technology Co.,Ltd."},"image":{"@id":"https:\/\/cheri-heater.com\/tr\/#\/schema\/logo\/image\/"}}]}},"_links":{"self":[{"href":"https:\/\/cheri-heater.com\/tr\/wp-json\/wp\/v2\/product\/1769","targetHints":{"allow":["GET"]}}],"collection":[{"href":"https:\/\/cheri-heater.com\/tr\/wp-json\/wp\/v2\/product"}],"about":[{"href":"https:\/\/cheri-heater.com\/tr\/wp-json\/wp\/v2\/types\/product"}],"wp:featuredmedia":[{"embeddable":true,"href":"https:\/\/cheri-heater.com\/tr\/wp-json\/wp\/v2\/media\/1770"}],"wp:attachment":[{"href":"https:\/\/cheri-heater.com\/tr\/wp-json\/wp\/v2\/media?parent=1769"}],"wp:term":[{"taxonomy":"product_brand","embeddable":true,"href":"https:\/\/cheri-heater.com\/tr\/wp-json\/wp\/v2\/product_brand?post=1769"},{"taxonomy":"product_cat","embeddable":true,"href":"https:\/\/cheri-heater.com\/tr\/wp-json\/wp\/v2\/product_cat?post=1769"},{"taxonomy":"product_tag","embeddable":true,"href":"https:\/\/cheri-heater.com\/tr\/wp-json\/wp\/v2\/product_tag?post=1769"}],"curies":[{"name":"wp","href":"https:\/\/api.w.org\/{rel}","templated":true}]}}