{"id":1771,"date":"2025-05-17T04:36:51","date_gmt":"2025-05-17T04:36:51","guid":{"rendered":"https:\/\/cheri-heater.com\/tr\/?post_type=product&#038;p=1771"},"modified":"2025-05-17T04:36:52","modified_gmt":"2025-05-17T04:36:52","slug":"2-inc-flansli-borulu-isitici","status":"publish","type":"product","link":"https:\/\/cheri-heater.com\/tr\/product\/2-inc-flansli-borulu-isitici\/","title":{"rendered":"2 \u0130n\u00e7 Flan\u015fl\u0131 Borulu Is\u0131t\u0131c\u0131"},"content":{"rendered":"","protected":false},"excerpt":{"rendered":"<h2><span>2 \u0130n\u00e7 Flan\u015fl\u0131 Borulu Is\u0131t\u0131c\u0131<\/span><\/h2>\n<p><strong><span>Cheri Heater&#8217;da<\/span><\/strong><span>\u00a0,\u00a0\u00e7e\u015fitli end\u00fcstrilerin taleplerini kar\u015f\u0131lamak \u00fczere tasarlanm\u0131\u015f y\u00fcksek kaliteli \u0131s\u0131tma \u00e7\u00f6z\u00fcmleri sunuyoruz.\u00a0<\/span><strong><span>2 \u0130n\u00e7 Flan\u015fl\u0131 Borulu Is\u0131t\u0131c\u0131m\u0131z<\/span><\/strong><span>\u00a0, verimlilik, dayan\u0131kl\u0131l\u0131k ve kolay kurulum i\u00e7in tasarlanm\u0131\u015ft\u0131r ve bu da onu \u0131s\u0131tma ihtiya\u00e7lar\u0131n\u0131z i\u00e7in g\u00fcvenilir bir se\u00e7im haline getirir.<\/span><\/p>\n<p><span>Bu borulu \u0131s\u0131t\u0131c\u0131, hassas \u0131s\u0131 da\u011f\u0131l\u0131m\u0131 gerektiren end\u00fcstriyel uygulamalar i\u00e7in g\u00fcvenli bir uyum sa\u011flayan sa\u011flam 2 in\u00e7lik flan\u015f tasar\u0131m\u0131na sahiptir. Birinci s\u0131n\u0131f malzemelerden \u00fcretilen bu \u0131s\u0131t\u0131c\u0131, zorlu ortamlarda bile tutarl\u0131 performans sunar. \u00c7ok y\u00f6nl\u00fcl\u00fc\u011f\u00fc, kimyasal i\u015fleme, yiyecek ve i\u00e7ecek ekipmanlar\u0131, su \u0131s\u0131tma ve di\u011fer end\u00fcstriyel sistemlerde kullan\u0131m i\u00e7in idealdir.<\/span><\/p>\n<p><span>2 \u0130n\u00e7 Flan\u015fl\u0131\u00a0<\/span><strong><span>Borulu Is\u0131t\u0131c\u0131,<\/span><\/strong><span>\u00a0belirli operasyonel gereksinimleri kar\u015f\u0131lamak i\u00e7in \u00f6zelle\u015ftirilebilir. Watt, voltaj veya s\u0131cakl\u0131k aral\u0131klar\u0131nda ayarlamalara ihtiyac\u0131n\u0131z olsun, ekibimiz s\u00fcre\u00e7lerinizi optimize etmek i\u00e7in \u00f6zel bir \u00e7\u00f6z\u00fcm olu\u015fturmaya haz\u0131rd\u0131r.<\/span><\/p>\n<h3><span>Neden Cheri Heater&#8217;\u0131 se\u00e7melisiniz?<\/span><\/h3>\n<p><span>Is\u0131tma sekt\u00f6r\u00fcndeki y\u0131llar\u0131n uzmanl\u0131\u011f\u0131yla, birinci s\u0131n\u0131f \u00fcr\u00fcnler ve ola\u011fan\u00fcst\u00fc m\u00fc\u015fteri hizmeti sunmaya kararl\u0131y\u0131z. Is\u0131t\u0131c\u0131lar\u0131m\u0131z, g\u00fcvenilir \u00e7al\u0131\u015fma ve uzun \u00f6m\u00fcrl\u00fc performans sa\u011flayan s\u0131k\u0131 kalite standartlar\u0131n\u0131 kar\u015f\u0131layacak \u015fekilde \u00fcretilir.<\/span><\/p>\n<p><span>Yenilik\u00e7i \u0131s\u0131tma \u00fcr\u00fcnlerimizi ke\u015ffetmek i\u00e7in\u00a0<\/span><strong><a href=\"https:\/\/cheri-heater.com\/\" target=\"_new\" rel=\"noopener\"><span>cheri-heater.com adresini<\/span><\/a><\/strong><span>\u00a0ziyaret edin . Uzman tavsiyelerinden \u00f6zel \u00e7\u00f6z\u00fcmlere kadar, g\u00fcvenilir ve verimli \u0131s\u0131tma teknolojisiyle operasyonlar\u0131n\u0131z\u0131 geli\u015ftirmenize yard\u0131mc\u0131 olmak i\u00e7in buraday\u0131z.\u00a0<\/span><strong><span>2 \u0130n\u00e7 Flan\u015fl\u0131 Borulu Is\u0131t\u0131c\u0131&#8217;m\u0131z\u0131n<\/span><\/strong><span>\u00a0g\u00fcvenilir performans\u0131yla sistemlerinizi y\u00fckseltin ve fark\u0131 bug\u00fcn deneyimleyin!<\/span><\/p>\n","protected":false},"featured_media":1772,"template":"","meta":[],"product_brand":[],"product_cat":[28],"product_tag":[191],"class_list":{"0":"post-1771","1":"product","2":"type-product","3":"status-publish","4":"has-post-thumbnail","6":"product_cat-tubular-heater","7":"product_tag-2-inc-flansli-borulu-isitici","9":"first","10":"instock","11":"shipping-taxable","12":"product-type-simple"},"yoast_head":"<!-- This site is optimized with the Yoast SEO plugin v27.3 - https:\/\/yoast.com\/product\/yoast-seo-wordpress\/ -->\n<title>Y\u00fcksek Kaliteli 2 \u0130n\u00e7 Flan\u015fl\u0131 Borulu Is\u0131t\u0131c\u0131 | Cheri-heater.com<\/title>\n<meta name=\"description\" content=\"Cheri Heater&#039;daki 2 \u0130n\u00e7 Flan\u015fl\u0131 Borulu Is\u0131t\u0131c\u0131, end\u00fcstriyel uygulamalarda dayan\u0131kl\u0131l\u0131k ve verimli performans i\u00e7in tasarlanm\u0131\u015ft\u0131r. \u00d6zel ihtiya\u00e7lar\u0131n\u0131z\u0131 kar\u015f\u0131lamak i\u00e7in \u00f6zelle\u015ftirilebilir se\u00e7eneklerle g\u00fcvenli kurulumlar ve hassas \u0131s\u0131 da\u011f\u0131t\u0131m\u0131 i\u00e7in idealdir. Daha fazla bilgi i\u00e7in cheri-heater.com adresini ziyaret edin.\" \/>\n<meta name=\"robots\" content=\"index, follow, max-snippet:-1, max-image-preview:large, max-video-preview:-1\" \/>\n<link rel=\"canonical\" href=\"https:\/\/cheri-heater.com\/tr\/product\/2-inc-flansli-borulu-isitici\/\" \/>\n<meta property=\"og:locale\" content=\"en_US\" \/>\n<meta property=\"og:type\" content=\"article\" \/>\n<meta property=\"og:title\" content=\"Y\u00fcksek Kaliteli 2 \u0130n\u00e7 Flan\u015fl\u0131 Borulu Is\u0131t\u0131c\u0131 | Cheri-heater.com\" \/>\n<meta property=\"og:description\" content=\"Cheri Heater&#039;daki 2 \u0130n\u00e7 Flan\u015fl\u0131 Borulu Is\u0131t\u0131c\u0131, end\u00fcstriyel uygulamalarda dayan\u0131kl\u0131l\u0131k ve verimli performans i\u00e7in tasarlanm\u0131\u015ft\u0131r. \u00d6zel ihtiya\u00e7lar\u0131n\u0131z\u0131 kar\u015f\u0131lamak i\u00e7in \u00f6zelle\u015ftirilebilir se\u00e7eneklerle g\u00fcvenli kurulumlar ve hassas \u0131s\u0131 da\u011f\u0131t\u0131m\u0131 i\u00e7in idealdir. Daha fazla bilgi i\u00e7in cheri-heater.com adresini ziyaret edin.\" \/>\n<meta property=\"og:url\" content=\"https:\/\/cheri-heater.com\/tr\/product\/2-inc-flansli-borulu-isitici\/\" \/>\n<meta property=\"og:site_name\" content=\"Cheri Heater Technology Co.,Ltd.\" \/>\n<meta property=\"article:modified_time\" content=\"2025-05-17T04:36:52+00:00\" \/>\n<meta property=\"og:image\" content=\"https:\/\/cheri-heater.com\/tr\/wp-content\/uploads\/2025\/05\/82d18ff1-6f1a-4a6b-9ddd-f781f22bb445.jpg\" \/>\n\t<meta property=\"og:image:width\" content=\"1000\" \/>\n\t<meta property=\"og:image:height\" content=\"1000\" \/>\n\t<meta property=\"og:image:type\" content=\"image\/jpeg\" \/>\n<meta name=\"twitter:card\" content=\"summary_large_image\" \/>\n<meta name=\"twitter:label1\" content=\"Est. reading time\" \/>\n\t<meta name=\"twitter:data1\" content=\"1 minute\" \/>\n<!-- \/ Yoast SEO plugin. -->","yoast_head_json":{"title":"Y\u00fcksek Kaliteli 2 \u0130n\u00e7 Flan\u015fl\u0131 Borulu Is\u0131t\u0131c\u0131 | Cheri-heater.com","description":"Cheri Heater'daki 2 \u0130n\u00e7 Flan\u015fl\u0131 Borulu Is\u0131t\u0131c\u0131, end\u00fcstriyel uygulamalarda dayan\u0131kl\u0131l\u0131k ve verimli performans i\u00e7in tasarlanm\u0131\u015ft\u0131r. \u00d6zel ihtiya\u00e7lar\u0131n\u0131z\u0131 kar\u015f\u0131lamak i\u00e7in \u00f6zelle\u015ftirilebilir se\u00e7eneklerle g\u00fcvenli kurulumlar ve hassas \u0131s\u0131 da\u011f\u0131t\u0131m\u0131 i\u00e7in idealdir. Daha fazla bilgi i\u00e7in cheri-heater.com adresini ziyaret edin.","robots":{"index":"index","follow":"follow","max-snippet":"max-snippet:-1","max-image-preview":"max-image-preview:large","max-video-preview":"max-video-preview:-1"},"canonical":"https:\/\/cheri-heater.com\/tr\/product\/2-inc-flansli-borulu-isitici\/","og_locale":"en_US","og_type":"article","og_title":"Y\u00fcksek Kaliteli 2 \u0130n\u00e7 Flan\u015fl\u0131 Borulu Is\u0131t\u0131c\u0131 | Cheri-heater.com","og_description":"Cheri Heater'daki 2 \u0130n\u00e7 Flan\u015fl\u0131 Borulu Is\u0131t\u0131c\u0131, end\u00fcstriyel uygulamalarda dayan\u0131kl\u0131l\u0131k ve verimli performans i\u00e7in tasarlanm\u0131\u015ft\u0131r. \u00d6zel ihtiya\u00e7lar\u0131n\u0131z\u0131 kar\u015f\u0131lamak i\u00e7in \u00f6zelle\u015ftirilebilir se\u00e7eneklerle g\u00fcvenli kurulumlar ve hassas \u0131s\u0131 da\u011f\u0131t\u0131m\u0131 i\u00e7in idealdir. Daha fazla bilgi i\u00e7in cheri-heater.com adresini ziyaret edin.","og_url":"https:\/\/cheri-heater.com\/tr\/product\/2-inc-flansli-borulu-isitici\/","og_site_name":"Cheri Heater Technology Co.,Ltd.","article_modified_time":"2025-05-17T04:36:52+00:00","og_image":[{"width":1000,"height":1000,"url":"https:\/\/cheri-heater.com\/tr\/wp-content\/uploads\/2025\/05\/82d18ff1-6f1a-4a6b-9ddd-f781f22bb445.jpg","type":"image\/jpeg"}],"twitter_card":"summary_large_image","twitter_misc":{"Est. reading time":"1 minute"},"schema":{"@context":"https:\/\/schema.org","@graph":[{"@type":"WebPage","@id":"https:\/\/cheri-heater.com\/tr\/product\/2-inc-flansli-borulu-isitici\/","url":"https:\/\/cheri-heater.com\/tr\/product\/2-inc-flansli-borulu-isitici\/","name":"Y\u00fcksek Kaliteli 2 \u0130n\u00e7 Flan\u015fl\u0131 Borulu Is\u0131t\u0131c\u0131 | Cheri-heater.com","isPartOf":{"@id":"https:\/\/cheri-heater.com\/tr\/#website"},"primaryImageOfPage":{"@id":"https:\/\/cheri-heater.com\/tr\/product\/2-inc-flansli-borulu-isitici\/#primaryimage"},"image":{"@id":"https:\/\/cheri-heater.com\/tr\/product\/2-inc-flansli-borulu-isitici\/#primaryimage"},"thumbnailUrl":"https:\/\/cheri-heater.com\/tr\/wp-content\/uploads\/2025\/05\/82d18ff1-6f1a-4a6b-9ddd-f781f22bb445.jpg","datePublished":"2025-05-17T04:36:51+00:00","dateModified":"2025-05-17T04:36:52+00:00","description":"Cheri Heater'daki 2 \u0130n\u00e7 Flan\u015fl\u0131 Borulu Is\u0131t\u0131c\u0131, end\u00fcstriyel uygulamalarda dayan\u0131kl\u0131l\u0131k ve verimli performans i\u00e7in tasarlanm\u0131\u015ft\u0131r. \u00d6zel ihtiya\u00e7lar\u0131n\u0131z\u0131 kar\u015f\u0131lamak i\u00e7in \u00f6zelle\u015ftirilebilir se\u00e7eneklerle g\u00fcvenli kurulumlar ve hassas \u0131s\u0131 da\u011f\u0131t\u0131m\u0131 i\u00e7in idealdir. Daha fazla bilgi i\u00e7in cheri-heater.com adresini ziyaret edin.","breadcrumb":{"@id":"https:\/\/cheri-heater.com\/tr\/product\/2-inc-flansli-borulu-isitici\/#breadcrumb"},"inLanguage":"en-US","potentialAction":[{"@type":"ReadAction","target":["https:\/\/cheri-heater.com\/tr\/product\/2-inc-flansli-borulu-isitici\/"]}]},{"@type":"ImageObject","inLanguage":"en-US","@id":"https:\/\/cheri-heater.com\/tr\/product\/2-inc-flansli-borulu-isitici\/#primaryimage","url":"https:\/\/cheri-heater.com\/tr\/wp-content\/uploads\/2025\/05\/82d18ff1-6f1a-4a6b-9ddd-f781f22bb445.jpg","contentUrl":"https:\/\/cheri-heater.com\/tr\/wp-content\/uploads\/2025\/05\/82d18ff1-6f1a-4a6b-9ddd-f781f22bb445.jpg","width":1000,"height":1000,"caption":"2 \u0130n\u00e7 Flan\u015fl\u0131 Borulu Is\u0131t\u0131c\u0131"},{"@type":"BreadcrumbList","@id":"https:\/\/cheri-heater.com\/tr\/product\/2-inc-flansli-borulu-isitici\/#breadcrumb","itemListElement":[{"@type":"ListItem","position":1,"name":"Home","item":"https:\/\/cheri-heater.com\/tr\/"},{"@type":"ListItem","position":2,"name":"Products","item":"https:\/\/cheri-heater.com\/tr\/products\/"},{"@type":"ListItem","position":3,"name":"2 \u0130n\u00e7 Flan\u015fl\u0131 Borulu Is\u0131t\u0131c\u0131"}]},{"@type":"WebSite","@id":"https:\/\/cheri-heater.com\/tr\/#website","url":"https:\/\/cheri-heater.com\/tr\/","name":"Cheri Heater Technology Co.,Ltd.","description":"","publisher":{"@id":"https:\/\/cheri-heater.com\/tr\/#organization"},"potentialAction":[{"@type":"SearchAction","target":{"@type":"EntryPoint","urlTemplate":"https:\/\/cheri-heater.com\/tr\/?s={search_term_string}"},"query-input":{"@type":"PropertyValueSpecification","valueRequired":true,"valueName":"search_term_string"}}],"inLanguage":"en-US"},{"@type":"Organization","@id":"https:\/\/cheri-heater.com\/tr\/#organization","name":"Cheri Heater Technology Co.,Ltd.","url":"https:\/\/cheri-heater.com\/tr\/","logo":{"@type":"ImageObject","inLanguage":"en-US","@id":"https:\/\/cheri-heater.com\/tr\/#\/schema\/logo\/image\/","url":"https:\/\/cheri-heater.com\/tr\/wp-content\/uploads\/2024\/06\/cropped-logo-resize.png","contentUrl":"https:\/\/cheri-heater.com\/tr\/wp-content\/uploads\/2024\/06\/cropped-logo-resize.png","width":346,"height":99,"caption":"Cheri Heater Technology Co.,Ltd."},"image":{"@id":"https:\/\/cheri-heater.com\/tr\/#\/schema\/logo\/image\/"}}]}},"_links":{"self":[{"href":"https:\/\/cheri-heater.com\/tr\/wp-json\/wp\/v2\/product\/1771","targetHints":{"allow":["GET"]}}],"collection":[{"href":"https:\/\/cheri-heater.com\/tr\/wp-json\/wp\/v2\/product"}],"about":[{"href":"https:\/\/cheri-heater.com\/tr\/wp-json\/wp\/v2\/types\/product"}],"wp:featuredmedia":[{"embeddable":true,"href":"https:\/\/cheri-heater.com\/tr\/wp-json\/wp\/v2\/media\/1772"}],"wp:attachment":[{"href":"https:\/\/cheri-heater.com\/tr\/wp-json\/wp\/v2\/media?parent=1771"}],"wp:term":[{"taxonomy":"product_brand","embeddable":true,"href":"https:\/\/cheri-heater.com\/tr\/wp-json\/wp\/v2\/product_brand?post=1771"},{"taxonomy":"product_cat","embeddable":true,"href":"https:\/\/cheri-heater.com\/tr\/wp-json\/wp\/v2\/product_cat?post=1771"},{"taxonomy":"product_tag","embeddable":true,"href":"https:\/\/cheri-heater.com\/tr\/wp-json\/wp\/v2\/product_tag?post=1771"}],"curies":[{"name":"wp","href":"https:\/\/api.w.org\/{rel}","templated":true}]}}