{"id":1773,"date":"2025-05-17T04:40:15","date_gmt":"2025-05-17T04:40:15","guid":{"rendered":"https:\/\/cheri-heater.com\/tr\/?post_type=product&#038;p=1773"},"modified":"2025-05-17T04:40:16","modified_gmt":"2025-05-17T04:40:16","slug":"hava-isitici-elemani","status":"publish","type":"product","link":"https:\/\/cheri-heater.com\/tr\/product\/hava-isitici-elemani\/","title":{"rendered":"Hava Is\u0131t\u0131c\u0131 Eleman\u0131"},"content":{"rendered":"","protected":false},"excerpt":{"rendered":"<h2><span>En \u0130yi Hava Is\u0131t\u0131c\u0131 Eleman\u0131<\/span><\/h2>\n<p><span>Cheri Heater&#8217;da, \u00e7ok \u00e7e\u015fitli ticari ve end\u00fcstriyel uygulamalarda hava sistemleri i\u00e7in verimli ve g\u00fcvenilir \u0131s\u0131tma sa\u011flamak \u00fczere tasarlanm\u0131\u015f en kaliteli Hava Is\u0131t\u0131c\u0131 Elemanlar\u0131 sa\u011flama konusunda uzmanla\u015f\u0131yoruz. Hava Is\u0131t\u0131c\u0131 Elemanlar\u0131m\u0131z, HVAC sistemleri, kurutma s\u00fcre\u00e7leri ve havaland\u0131rma sistemleri dahil olmak \u00fczere \u00e7e\u015fitli ortamlarda havay\u0131 \u0131s\u0131tman\u0131n zorlu gereksinimlerini kar\u015f\u0131lamak \u00fczere tasarlanm\u0131\u015ft\u0131r.<\/span><\/p>\n<p><span>Hava Is\u0131t\u0131c\u0131 Eleman\u0131, minimum enerji t\u00fcketimiyle h\u0131zl\u0131 ve verimli \u0131s\u0131tma sa\u011flayan optimum \u0131s\u0131 transferi i\u00e7in tasarlanm\u0131\u015ft\u0131r. \u0130ster end\u00fcstriyel prosesler i\u00e7in hava \u0131s\u0131t\u0131yor olun, ister ticari alanlarda konforlu bir ortam sa\u011fl\u0131yor olun, hava \u0131s\u0131t\u0131c\u0131 elemanlar\u0131m\u0131z tutarl\u0131 performans sa\u011flayarak enerji verimlili\u011fini art\u0131r\u0131rken i\u015fletme maliyetlerini d\u00fc\u015f\u00fcrmeye yard\u0131mc\u0131 olur.<\/span><\/p>\n<p><span>Y\u00fcksek kaliteli malzemelerden \u00fcretilen Hava Is\u0131t\u0131c\u0131 Elemanlar\u0131m\u0131z uzun \u00f6m\u00fcrl\u00fc olacak \u015fekilde \u00fcretilmi\u015ftir. Korozyona dayan\u0131kl\u0131d\u0131r ve end\u00fcstriyel kullan\u0131m\u0131n zorluklar\u0131na dayanacak \u015fekilde tasarlanm\u0131\u015ft\u0131r. Elemanlar birden fazla boyutta, watt de\u011ferinde ve yap\u0131land\u0131rmada mevcuttur ve bu da uygulaman\u0131z\u0131n \u00f6zel \u0131s\u0131tma ihtiya\u00e7lar\u0131n\u0131 kar\u015f\u0131lamak \u00fczere \u00f6zelle\u015ftirilebilir hale getirir. K\u00fc\u00e7\u00fck ticari \u00fcnitelerden b\u00fcy\u00fck \u00f6l\u00e7ekli end\u00fcstriyel sistemlere kadar, projeniz i\u00e7in do\u011fru \u00e7\u00f6z\u00fcm\u00fc sunuyoruz.<\/span><\/p>\n<p><span>Cheri Heater&#8217;\u0131n Hava Is\u0131t\u0131c\u0131 Elemanlar\u0131, kurulumu ve bak\u0131m\u0131 kolay olup, size zahmetsiz, uzun \u00f6m\u00fcrl\u00fc bir \u0131s\u0131tma \u00e7\u00f6z\u00fcm\u00fc sunar. Uzman ekibimiz, sisteminiz i\u00e7in ideal eleman\u0131 se\u00e7menizde size rehberlik etmek, optimum performans ve enerji tasarrufu sa\u011flamak i\u00e7in burada.<\/span><\/p>\n","protected":false},"featured_media":1774,"template":"","meta":[],"product_brand":[],"product_cat":[28],"product_tag":[192],"class_list":{"0":"post-1773","1":"product","2":"type-product","3":"status-publish","4":"has-post-thumbnail","6":"product_cat-tubular-heater","7":"product_tag-hava-isitici-elemani","9":"first","10":"instock","11":"shipping-taxable","12":"product-type-simple"},"yoast_head":"<!-- This site is optimized with the Yoast SEO plugin v27.3 - https:\/\/yoast.com\/product\/yoast-seo-wordpress\/ -->\n<title>En \u0130yi Hava Is\u0131t\u0131c\u0131 Eleman\u0131 | Cheri-heater.com<\/title>\n<meta name=\"description\" content=\"Cheri Heater, HVAC, end\u00fcstriyel ve ticari hava \u0131s\u0131tma uygulamalar\u0131nda optimum performans i\u00e7in tasarlanm\u0131\u015f y\u00fcksek kaliteli Hava Is\u0131t\u0131c\u0131 Elemanlar\u0131 sunar. Enerji tasarruflu elemanlar\u0131m\u0131z, i\u015fletme maliyetlerini azalt\u0131rken h\u0131zl\u0131 ve tutarl\u0131 \u0131s\u0131tma sa\u011flar. \u00c7e\u015fitli boyutlarda ve yap\u0131land\u0131rmalarda mevcuttur, uzun \u00f6m\u00fcrl\u00fc olacak ve zorlu ortamlara dayanacak \u015fekilde \u00fcretilmi\u015ftir. \u0130htiya\u00e7lar\u0131n\u0131za uygun m\u00fckemmel hava \u0131s\u0131tma \u00e7\u00f6z\u00fcm\u00fcn\u00fc bulmak i\u00e7in Cheri Heater&#039;\u0131 ziyaret edin.\" \/>\n<meta name=\"robots\" content=\"index, follow, max-snippet:-1, max-image-preview:large, max-video-preview:-1\" \/>\n<link rel=\"canonical\" href=\"https:\/\/cheri-heater.com\/tr\/product\/hava-isitici-elemani\/\" \/>\n<meta property=\"og:locale\" content=\"en_US\" \/>\n<meta property=\"og:type\" content=\"article\" \/>\n<meta property=\"og:title\" content=\"En \u0130yi Hava Is\u0131t\u0131c\u0131 Eleman\u0131 | Cheri-heater.com\" \/>\n<meta property=\"og:description\" content=\"Cheri Heater, HVAC, end\u00fcstriyel ve ticari hava \u0131s\u0131tma uygulamalar\u0131nda optimum performans i\u00e7in tasarlanm\u0131\u015f y\u00fcksek kaliteli Hava Is\u0131t\u0131c\u0131 Elemanlar\u0131 sunar. Enerji tasarruflu elemanlar\u0131m\u0131z, i\u015fletme maliyetlerini azalt\u0131rken h\u0131zl\u0131 ve tutarl\u0131 \u0131s\u0131tma sa\u011flar. \u00c7e\u015fitli boyutlarda ve yap\u0131land\u0131rmalarda mevcuttur, uzun \u00f6m\u00fcrl\u00fc olacak ve zorlu ortamlara dayanacak \u015fekilde \u00fcretilmi\u015ftir. \u0130htiya\u00e7lar\u0131n\u0131za uygun m\u00fckemmel hava \u0131s\u0131tma \u00e7\u00f6z\u00fcm\u00fcn\u00fc bulmak i\u00e7in Cheri Heater&#039;\u0131 ziyaret edin.\" \/>\n<meta property=\"og:url\" content=\"https:\/\/cheri-heater.com\/tr\/product\/hava-isitici-elemani\/\" \/>\n<meta property=\"og:site_name\" content=\"Cheri Heater Technology Co.,Ltd.\" \/>\n<meta property=\"article:modified_time\" content=\"2025-05-17T04:40:16+00:00\" \/>\n<meta property=\"og:image\" content=\"https:\/\/cheri-heater.com\/tr\/wp-content\/uploads\/2025\/05\/finned.jpg\" \/>\n\t<meta property=\"og:image:width\" content=\"712\" \/>\n\t<meta property=\"og:image:height\" content=\"506\" \/>\n\t<meta property=\"og:image:type\" content=\"image\/jpeg\" \/>\n<meta name=\"twitter:card\" content=\"summary_large_image\" \/>\n<meta name=\"twitter:label1\" content=\"Est. reading time\" \/>\n\t<meta name=\"twitter:data1\" content=\"1 minute\" \/>\n<!-- \/ Yoast SEO plugin. -->","yoast_head_json":{"title":"En \u0130yi Hava Is\u0131t\u0131c\u0131 Eleman\u0131 | Cheri-heater.com","description":"Cheri Heater, HVAC, end\u00fcstriyel ve ticari hava \u0131s\u0131tma uygulamalar\u0131nda optimum performans i\u00e7in tasarlanm\u0131\u015f y\u00fcksek kaliteli Hava Is\u0131t\u0131c\u0131 Elemanlar\u0131 sunar. Enerji tasarruflu elemanlar\u0131m\u0131z, i\u015fletme maliyetlerini azalt\u0131rken h\u0131zl\u0131 ve tutarl\u0131 \u0131s\u0131tma sa\u011flar. \u00c7e\u015fitli boyutlarda ve yap\u0131land\u0131rmalarda mevcuttur, uzun \u00f6m\u00fcrl\u00fc olacak ve zorlu ortamlara dayanacak \u015fekilde \u00fcretilmi\u015ftir. \u0130htiya\u00e7lar\u0131n\u0131za uygun m\u00fckemmel hava \u0131s\u0131tma \u00e7\u00f6z\u00fcm\u00fcn\u00fc bulmak i\u00e7in Cheri Heater'\u0131 ziyaret edin.","robots":{"index":"index","follow":"follow","max-snippet":"max-snippet:-1","max-image-preview":"max-image-preview:large","max-video-preview":"max-video-preview:-1"},"canonical":"https:\/\/cheri-heater.com\/tr\/product\/hava-isitici-elemani\/","og_locale":"en_US","og_type":"article","og_title":"En \u0130yi Hava Is\u0131t\u0131c\u0131 Eleman\u0131 | Cheri-heater.com","og_description":"Cheri Heater, HVAC, end\u00fcstriyel ve ticari hava \u0131s\u0131tma uygulamalar\u0131nda optimum performans i\u00e7in tasarlanm\u0131\u015f y\u00fcksek kaliteli Hava Is\u0131t\u0131c\u0131 Elemanlar\u0131 sunar. Enerji tasarruflu elemanlar\u0131m\u0131z, i\u015fletme maliyetlerini azalt\u0131rken h\u0131zl\u0131 ve tutarl\u0131 \u0131s\u0131tma sa\u011flar. \u00c7e\u015fitli boyutlarda ve yap\u0131land\u0131rmalarda mevcuttur, uzun \u00f6m\u00fcrl\u00fc olacak ve zorlu ortamlara dayanacak \u015fekilde \u00fcretilmi\u015ftir. \u0130htiya\u00e7lar\u0131n\u0131za uygun m\u00fckemmel hava \u0131s\u0131tma \u00e7\u00f6z\u00fcm\u00fcn\u00fc bulmak i\u00e7in Cheri Heater'\u0131 ziyaret edin.","og_url":"https:\/\/cheri-heater.com\/tr\/product\/hava-isitici-elemani\/","og_site_name":"Cheri Heater Technology Co.,Ltd.","article_modified_time":"2025-05-17T04:40:16+00:00","og_image":[{"width":712,"height":506,"url":"https:\/\/cheri-heater.com\/tr\/wp-content\/uploads\/2025\/05\/finned.jpg","type":"image\/jpeg"}],"twitter_card":"summary_large_image","twitter_misc":{"Est. reading time":"1 minute"},"schema":{"@context":"https:\/\/schema.org","@graph":[{"@type":"WebPage","@id":"https:\/\/cheri-heater.com\/tr\/product\/hava-isitici-elemani\/","url":"https:\/\/cheri-heater.com\/tr\/product\/hava-isitici-elemani\/","name":"En \u0130yi Hava Is\u0131t\u0131c\u0131 Eleman\u0131 | Cheri-heater.com","isPartOf":{"@id":"https:\/\/cheri-heater.com\/tr\/#website"},"primaryImageOfPage":{"@id":"https:\/\/cheri-heater.com\/tr\/product\/hava-isitici-elemani\/#primaryimage"},"image":{"@id":"https:\/\/cheri-heater.com\/tr\/product\/hava-isitici-elemani\/#primaryimage"},"thumbnailUrl":"https:\/\/cheri-heater.com\/tr\/wp-content\/uploads\/2025\/05\/finned.jpg","datePublished":"2025-05-17T04:40:15+00:00","dateModified":"2025-05-17T04:40:16+00:00","description":"Cheri Heater, HVAC, end\u00fcstriyel ve ticari hava \u0131s\u0131tma uygulamalar\u0131nda optimum performans i\u00e7in tasarlanm\u0131\u015f y\u00fcksek kaliteli Hava Is\u0131t\u0131c\u0131 Elemanlar\u0131 sunar. Enerji tasarruflu elemanlar\u0131m\u0131z, i\u015fletme maliyetlerini azalt\u0131rken h\u0131zl\u0131 ve tutarl\u0131 \u0131s\u0131tma sa\u011flar. \u00c7e\u015fitli boyutlarda ve yap\u0131land\u0131rmalarda mevcuttur, uzun \u00f6m\u00fcrl\u00fc olacak ve zorlu ortamlara dayanacak \u015fekilde \u00fcretilmi\u015ftir. \u0130htiya\u00e7lar\u0131n\u0131za uygun m\u00fckemmel hava \u0131s\u0131tma \u00e7\u00f6z\u00fcm\u00fcn\u00fc bulmak i\u00e7in Cheri Heater'\u0131 ziyaret edin.","breadcrumb":{"@id":"https:\/\/cheri-heater.com\/tr\/product\/hava-isitici-elemani\/#breadcrumb"},"inLanguage":"en-US","potentialAction":[{"@type":"ReadAction","target":["https:\/\/cheri-heater.com\/tr\/product\/hava-isitici-elemani\/"]}]},{"@type":"ImageObject","inLanguage":"en-US","@id":"https:\/\/cheri-heater.com\/tr\/product\/hava-isitici-elemani\/#primaryimage","url":"https:\/\/cheri-heater.com\/tr\/wp-content\/uploads\/2025\/05\/finned.jpg","contentUrl":"https:\/\/cheri-heater.com\/tr\/wp-content\/uploads\/2025\/05\/finned.jpg","width":712,"height":506,"caption":"Hava Is\u0131t\u0131c\u0131 Eleman\u0131"},{"@type":"BreadcrumbList","@id":"https:\/\/cheri-heater.com\/tr\/product\/hava-isitici-elemani\/#breadcrumb","itemListElement":[{"@type":"ListItem","position":1,"name":"Home","item":"https:\/\/cheri-heater.com\/tr\/"},{"@type":"ListItem","position":2,"name":"Products","item":"https:\/\/cheri-heater.com\/tr\/products\/"},{"@type":"ListItem","position":3,"name":"Hava Is\u0131t\u0131c\u0131 Eleman\u0131"}]},{"@type":"WebSite","@id":"https:\/\/cheri-heater.com\/tr\/#website","url":"https:\/\/cheri-heater.com\/tr\/","name":"Cheri Heater Technology Co.,Ltd.","description":"","publisher":{"@id":"https:\/\/cheri-heater.com\/tr\/#organization"},"potentialAction":[{"@type":"SearchAction","target":{"@type":"EntryPoint","urlTemplate":"https:\/\/cheri-heater.com\/tr\/?s={search_term_string}"},"query-input":{"@type":"PropertyValueSpecification","valueRequired":true,"valueName":"search_term_string"}}],"inLanguage":"en-US"},{"@type":"Organization","@id":"https:\/\/cheri-heater.com\/tr\/#organization","name":"Cheri Heater Technology Co.,Ltd.","url":"https:\/\/cheri-heater.com\/tr\/","logo":{"@type":"ImageObject","inLanguage":"en-US","@id":"https:\/\/cheri-heater.com\/tr\/#\/schema\/logo\/image\/","url":"https:\/\/cheri-heater.com\/tr\/wp-content\/uploads\/2024\/06\/cropped-logo-resize.png","contentUrl":"https:\/\/cheri-heater.com\/tr\/wp-content\/uploads\/2024\/06\/cropped-logo-resize.png","width":346,"height":99,"caption":"Cheri Heater Technology Co.,Ltd."},"image":{"@id":"https:\/\/cheri-heater.com\/tr\/#\/schema\/logo\/image\/"}}]}},"_links":{"self":[{"href":"https:\/\/cheri-heater.com\/tr\/wp-json\/wp\/v2\/product\/1773","targetHints":{"allow":["GET"]}}],"collection":[{"href":"https:\/\/cheri-heater.com\/tr\/wp-json\/wp\/v2\/product"}],"about":[{"href":"https:\/\/cheri-heater.com\/tr\/wp-json\/wp\/v2\/types\/product"}],"wp:featuredmedia":[{"embeddable":true,"href":"https:\/\/cheri-heater.com\/tr\/wp-json\/wp\/v2\/media\/1774"}],"wp:attachment":[{"href":"https:\/\/cheri-heater.com\/tr\/wp-json\/wp\/v2\/media?parent=1773"}],"wp:term":[{"taxonomy":"product_brand","embeddable":true,"href":"https:\/\/cheri-heater.com\/tr\/wp-json\/wp\/v2\/product_brand?post=1773"},{"taxonomy":"product_cat","embeddable":true,"href":"https:\/\/cheri-heater.com\/tr\/wp-json\/wp\/v2\/product_cat?post=1773"},{"taxonomy":"product_tag","embeddable":true,"href":"https:\/\/cheri-heater.com\/tr\/wp-json\/wp\/v2\/product_tag?post=1773"}],"curies":[{"name":"wp","href":"https:\/\/api.w.org\/{rel}","templated":true}]}}