{"id":1775,"date":"2025-05-17T04:45:19","date_gmt":"2025-05-17T04:45:19","guid":{"rendered":"https:\/\/cheri-heater.com\/tr\/?post_type=product&#038;p=1775"},"modified":"2025-05-17T04:45:19","modified_gmt":"2025-05-17T04:45:19","slug":"kazan-borulu-isitici","status":"publish","type":"product","link":"https:\/\/cheri-heater.com\/tr\/product\/kazan-borulu-isitici\/","title":{"rendered":"Kazan Borulu Is\u0131t\u0131c\u0131"},"content":{"rendered":"","protected":false},"excerpt":{"rendered":"<h2><span>Y\u00fcksek Kaliteli Kazan Borulu Is\u0131t\u0131c\u0131 \u00dcreticileri<\/span><\/h2>\n<p><span>Tutarl\u0131 performans sunmak i\u00e7in tasarlanm\u0131\u015f bir \u0131s\u0131tma \u00e7\u00f6z\u00fcm\u00fc m\u00fc ar\u0131yorsunuz? Cheri Heater&#8217;\u0131n\u00a0<\/span><b><span>kazan borulu \u0131s\u0131t\u0131c\u0131s\u0131\u00a0<\/span><\/b><span>, end\u00fcstriyel uygulamalar i\u00e7in tasarlanm\u0131\u015ft\u0131r ve y\u00fcksek talepli ortamlarda g\u00fcvenilirlik ve dayan\u0131kl\u0131l\u0131k sunar.\u00a0<\/span><\/p>\n<p><span>Toplu sipari\u015f arayan kurumsal al\u0131c\u0131lar i\u00e7in m\u00fckemmel olan bu \u0131s\u0131t\u0131c\u0131lar, enerji verimlili\u011fini garanti ederken s\u0131k\u0131 standartlar\u0131 kar\u015f\u0131layacak \u015fekilde tasarlanm\u0131\u015ft\u0131r.<\/span><\/p>\n<h3><b><span>End\u00fcstriyel Uygulamalar \u0130\u00e7in \u00dcst\u00fcn Kazan Borulu Is\u0131t\u0131c\u0131<\/span><\/b><\/h3>\n<p><span>Cheri Heater&#8217;\u0131n\u00a0<\/span><b><span>kazan borulu \u0131s\u0131t\u0131c\u0131s\u0131\u00a0<\/span><\/b><span>geli\u015fmi\u015f teknolojisiyle \u00f6ne \u00e7\u0131k\u0131yor. Y\u00fcksek kaliteli paslanmaz \u00e7elik veya nikel ala\u015f\u0131mlar\u0131 kullan\u0131larak \u00fcretilen bu \u0131s\u0131t\u0131c\u0131, optimum \u0131s\u0131 transferi ve uzun \u00f6m\u00fcrl\u00fc performans sa\u011fl\u0131yor. Bu \u0131s\u0131t\u0131c\u0131lar, imalat, ila\u00e7, g\u0131da i\u015fleme ve kimyasal \u00fcretim gibi end\u00fcstrilerdeki kazanlar i\u00e7in \u00f6zel olarak tasarlanm\u0131\u015ft\u0131r.<\/span><\/p>\n<ul>\n<li aria-level=\"1\"><b><span>\u00d6zelle\u015ftirilebilir Tasar\u0131m\u00a0<\/span><\/b><span>: Kazan gereksinimlerinize uyacak \u015fekilde \u0131s\u0131t\u0131c\u0131n\u0131n \u00f6zelliklerini \u00f6zelle\u015ftirin.<\/span><\/li>\n<li aria-level=\"1\"><b><span>Enerji Verimlili\u011fi\u00a0<\/span><\/b><span>: Is\u0131 \u00e7\u0131k\u0131\u015f\u0131ndan \u00f6d\u00fcn vermeden enerji t\u00fcketiminin azalt\u0131lmas\u0131.<\/span><\/li>\n<li aria-level=\"1\"><b><span>G\u00fcvenlik Sa\u011fland\u0131\u00a0<\/span><\/b><span>: Hem ekipman\u0131 hem de personeli koruyarak g\u00fcvenli s\u0131cakl\u0131k aral\u0131klar\u0131nda \u00e7al\u0131\u015facak \u015fekilde tasarlanm\u0131\u015ft\u0131r.<\/span><\/li>\n<\/ul>\n<p><span>Bu \u00f6zellikler sayesinde operasyonlar\u0131n\u0131z sorunsuz bir \u015fekilde ilerler, duru\u015f s\u00fcreleri ve bak\u0131m maliyetleri azal\u0131r.<\/span><\/p>\n<h3><b><span>Neden Cheri Heater&#8217;\u0131n Kazanl\u0131 Borulu Is\u0131t\u0131c\u0131s\u0131n\u0131 Se\u00e7melisiniz?<\/span><\/b><\/h3>\n<p><b><span>Cheri Heater, end\u00fcstriyel \u0131s\u0131tma \u00e7\u00f6z\u00fcmlerinde g\u00fcvenilir bir isimdir. Kazan borulu \u0131s\u0131t\u0131c\u0131m\u0131z\u0131\u00a0<\/span><\/b><span>se\u00e7ti\u011finizde\u00a0<\/span><span>, \u015funlara yat\u0131r\u0131m yapm\u0131\u015f olursunuz:<\/span><\/p>\n<ul>\n<li aria-level=\"1\"><b><span>Dayan\u0131kl\u0131l\u0131k\u00a0<\/span><\/b><span>: A\u015f\u0131r\u0131 s\u0131cakl\u0131klara ve zorlu ko\u015fullara dayan\u0131kl\u0131 y\u00fcksek kaliteli malzemeler.<\/span><\/li>\n<li aria-level=\"1\"><b><span>\u00d6l\u00e7eklenebilirlik\u00a0<\/span><\/b><span>: B\u00fcy\u00fck \u00f6l\u00e7ekli \u0131s\u0131tma \u00e7\u00f6z\u00fcmlerine ihtiya\u00e7 duyan kurumsal al\u0131c\u0131lar i\u00e7in idealdir.<\/span><\/li>\n<li aria-level=\"1\"><b><span>Maliyet Etkin \u00c7\u00f6z\u00fcmler\u00a0<\/span><\/b><span>: Toplu sipari\u015flerde rekabet\u00e7i fiyatland\u0131rma, her birim i\u00e7in de\u011ferin garanti edilmesi.<\/span><\/li>\n<\/ul>\n<p><span>Kurumsal al\u0131c\u0131lar kalite ve tutarl\u0131l\u0131\u011fa olan ba\u011fl\u0131l\u0131\u011f\u0131m\u0131z\u0131 takdir ediyor. Her \u0131s\u0131t\u0131c\u0131, end\u00fcstri standartlar\u0131n\u0131 kar\u015f\u0131lamak i\u00e7in titizlikle test edilir ve \u00f6d\u00fcn vermeden ihtiyac\u0131n\u0131z olan performans\u0131 elde etmenizi sa\u011flar.<\/span><\/p>\n<h3><b><span>Kazan Borulu Is\u0131t\u0131c\u0131dan Yararlanan End\u00fcstriler<\/span><\/b><\/h3>\n<p><span>Cheri Heater&#8217;\u0131n\u00a0<\/span><b><span>kazan borulu \u0131s\u0131t\u0131c\u0131s\u0131,\u00a0<\/span><\/b><span>\u00e7e\u015fitli end\u00fcstrilere hitap eden \u00e7ok y\u00f6nl\u00fc bir \u00e7\u00f6z\u00fcmd\u00fcr:<\/span><\/p>\n<ul>\n<li aria-level=\"1\"><b><span>Tekstil\u00a0<\/span><\/b><span>: Boyama ve i\u015fleme i\u00e7in g\u00fcvenilir \u0131s\u0131tma.<\/span><\/li>\n<li aria-level=\"1\"><b><span>Kimyasal\u00a0<\/span><\/b><span>: Hassas reaksiyonlar i\u00e7in hassas s\u0131cakl\u0131k kontrol\u00fc.<\/span><\/li>\n<li aria-level=\"1\"><b><span>G\u0131da ve \u0130\u00e7ecek\u00a0<\/span><\/b><span>: \u0130\u015fleme ve sterilizasyon i\u00e7in g\u00fcvenli \u0131s\u0131tma.<\/span><\/li>\n<\/ul>\n<p><span>Cheri Heater&#8217;\u0131n uzmanl\u0131\u011f\u0131 ve d\u00fcnya standartlar\u0131ndaki \u00fcr\u00fcnleriyle operasyonlar\u0131n\u0131z\u0131 geli\u015ftirin. \u0130\u015fletmeniz i\u00e7in verimlili\u011fi art\u0131ran ve operasyonel maliyetleri azaltan \u0131s\u0131tma \u00e7\u00f6z\u00fcmleri sunmam\u0131za g\u00fcvenin.<\/span><\/p>\n<p><span>Kazan borulu \u0131s\u0131t\u0131c\u0131lar\u0131m\u0131z hakk\u0131nda daha fazla bilgi edinmek veya toplu sipari\u015fler i\u00e7in \u00f6zel bir fiyat teklifi almak i\u00e7in bug\u00fcn Cheri Heater ile ileti\u015fime ge\u00e7in.<\/span><\/p>\n","protected":false},"featured_media":1776,"template":"","meta":[],"product_brand":[],"product_cat":[28],"product_tag":[193],"class_list":{"0":"post-1775","1":"product","2":"type-product","3":"status-publish","4":"has-post-thumbnail","6":"product_cat-tubular-heater","7":"product_tag-kazan-borulu-isitici","9":"first","10":"instock","11":"shipping-taxable","12":"product-type-simple"},"yoast_head":"<!-- This site is optimized with the Yoast SEO plugin v27.3 - https:\/\/yoast.com\/product\/yoast-seo-wordpress\/ -->\n<title>En \u0130yi Kazan Borulu Is\u0131t\u0131c\u0131 \u00dcreticileri | Cheri-heater.com<\/title>\n<meta name=\"description\" content=\"Lider Kazan Borulu Is\u0131t\u0131c\u0131 \u00dcreticileri - Kazanlar i\u00e7in dayan\u0131kl\u0131, verimli borulu \u0131s\u0131t\u0131c\u0131lar. End\u00fcstriyel \u0131s\u0131tma ihtiya\u00e7lar\u0131 i\u00e7in kaliteli \u00e7\u00f6z\u00fcmler. Bizimle ileti\u015fime ge\u00e7in!\" \/>\n<meta name=\"robots\" content=\"index, follow, max-snippet:-1, max-image-preview:large, max-video-preview:-1\" \/>\n<link rel=\"canonical\" href=\"https:\/\/cheri-heater.com\/tr\/product\/kazan-borulu-isitici\/\" \/>\n<meta property=\"og:locale\" content=\"en_US\" \/>\n<meta property=\"og:type\" content=\"article\" \/>\n<meta property=\"og:title\" content=\"En \u0130yi Kazan Borulu Is\u0131t\u0131c\u0131 \u00dcreticileri | Cheri-heater.com\" \/>\n<meta property=\"og:description\" content=\"Lider Kazan Borulu Is\u0131t\u0131c\u0131 \u00dcreticileri - Kazanlar i\u00e7in dayan\u0131kl\u0131, verimli borulu \u0131s\u0131t\u0131c\u0131lar. End\u00fcstriyel \u0131s\u0131tma ihtiya\u00e7lar\u0131 i\u00e7in kaliteli \u00e7\u00f6z\u00fcmler. Bizimle ileti\u015fime ge\u00e7in!\" \/>\n<meta property=\"og:url\" content=\"https:\/\/cheri-heater.com\/tr\/product\/kazan-borulu-isitici\/\" \/>\n<meta property=\"og:site_name\" content=\"Cheri Heater Technology Co.,Ltd.\" \/>\n<meta property=\"og:image\" content=\"https:\/\/cheri-heater.com\/tr\/wp-content\/uploads\/2025\/05\/boiler.jpg\" \/>\n\t<meta property=\"og:image:width\" content=\"1920\" \/>\n\t<meta property=\"og:image:height\" content=\"1080\" \/>\n\t<meta property=\"og:image:type\" content=\"image\/jpeg\" \/>\n<meta name=\"twitter:card\" content=\"summary_large_image\" \/>\n<meta name=\"twitter:label1\" content=\"Est. reading time\" \/>\n\t<meta name=\"twitter:data1\" content=\"1 minute\" \/>\n<!-- \/ Yoast SEO plugin. -->","yoast_head_json":{"title":"En \u0130yi Kazan Borulu Is\u0131t\u0131c\u0131 \u00dcreticileri | Cheri-heater.com","description":"Lider Kazan Borulu Is\u0131t\u0131c\u0131 \u00dcreticileri - Kazanlar i\u00e7in dayan\u0131kl\u0131, verimli borulu \u0131s\u0131t\u0131c\u0131lar. End\u00fcstriyel \u0131s\u0131tma ihtiya\u00e7lar\u0131 i\u00e7in kaliteli \u00e7\u00f6z\u00fcmler. Bizimle ileti\u015fime ge\u00e7in!","robots":{"index":"index","follow":"follow","max-snippet":"max-snippet:-1","max-image-preview":"max-image-preview:large","max-video-preview":"max-video-preview:-1"},"canonical":"https:\/\/cheri-heater.com\/tr\/product\/kazan-borulu-isitici\/","og_locale":"en_US","og_type":"article","og_title":"En \u0130yi Kazan Borulu Is\u0131t\u0131c\u0131 \u00dcreticileri | Cheri-heater.com","og_description":"Lider Kazan Borulu Is\u0131t\u0131c\u0131 \u00dcreticileri - Kazanlar i\u00e7in dayan\u0131kl\u0131, verimli borulu \u0131s\u0131t\u0131c\u0131lar. End\u00fcstriyel \u0131s\u0131tma ihtiya\u00e7lar\u0131 i\u00e7in kaliteli \u00e7\u00f6z\u00fcmler. Bizimle ileti\u015fime ge\u00e7in!","og_url":"https:\/\/cheri-heater.com\/tr\/product\/kazan-borulu-isitici\/","og_site_name":"Cheri Heater Technology Co.,Ltd.","og_image":[{"width":1920,"height":1080,"url":"https:\/\/cheri-heater.com\/tr\/wp-content\/uploads\/2025\/05\/boiler.jpg","type":"image\/jpeg"}],"twitter_card":"summary_large_image","twitter_misc":{"Est. reading time":"1 minute"},"schema":{"@context":"https:\/\/schema.org","@graph":[{"@type":"WebPage","@id":"https:\/\/cheri-heater.com\/tr\/product\/kazan-borulu-isitici\/","url":"https:\/\/cheri-heater.com\/tr\/product\/kazan-borulu-isitici\/","name":"En \u0130yi Kazan Borulu Is\u0131t\u0131c\u0131 \u00dcreticileri | Cheri-heater.com","isPartOf":{"@id":"https:\/\/cheri-heater.com\/tr\/#website"},"primaryImageOfPage":{"@id":"https:\/\/cheri-heater.com\/tr\/product\/kazan-borulu-isitici\/#primaryimage"},"image":{"@id":"https:\/\/cheri-heater.com\/tr\/product\/kazan-borulu-isitici\/#primaryimage"},"thumbnailUrl":"https:\/\/cheri-heater.com\/tr\/wp-content\/uploads\/2025\/05\/boiler.jpg","datePublished":"2025-05-17T04:45:19+00:00","description":"Lider Kazan Borulu Is\u0131t\u0131c\u0131 \u00dcreticileri - Kazanlar i\u00e7in dayan\u0131kl\u0131, verimli borulu \u0131s\u0131t\u0131c\u0131lar. End\u00fcstriyel \u0131s\u0131tma ihtiya\u00e7lar\u0131 i\u00e7in kaliteli \u00e7\u00f6z\u00fcmler. Bizimle ileti\u015fime ge\u00e7in!","breadcrumb":{"@id":"https:\/\/cheri-heater.com\/tr\/product\/kazan-borulu-isitici\/#breadcrumb"},"inLanguage":"en-US","potentialAction":[{"@type":"ReadAction","target":["https:\/\/cheri-heater.com\/tr\/product\/kazan-borulu-isitici\/"]}]},{"@type":"ImageObject","inLanguage":"en-US","@id":"https:\/\/cheri-heater.com\/tr\/product\/kazan-borulu-isitici\/#primaryimage","url":"https:\/\/cheri-heater.com\/tr\/wp-content\/uploads\/2025\/05\/boiler.jpg","contentUrl":"https:\/\/cheri-heater.com\/tr\/wp-content\/uploads\/2025\/05\/boiler.jpg","width":1920,"height":1080,"caption":"Kazan Borulu Is\u0131t\u0131c\u0131"},{"@type":"BreadcrumbList","@id":"https:\/\/cheri-heater.com\/tr\/product\/kazan-borulu-isitici\/#breadcrumb","itemListElement":[{"@type":"ListItem","position":1,"name":"Home","item":"https:\/\/cheri-heater.com\/tr\/"},{"@type":"ListItem","position":2,"name":"Products","item":"https:\/\/cheri-heater.com\/tr\/products\/"},{"@type":"ListItem","position":3,"name":"Kazan Borulu Is\u0131t\u0131c\u0131"}]},{"@type":"WebSite","@id":"https:\/\/cheri-heater.com\/tr\/#website","url":"https:\/\/cheri-heater.com\/tr\/","name":"Cheri Heater Technology Co.,Ltd.","description":"","publisher":{"@id":"https:\/\/cheri-heater.com\/tr\/#organization"},"potentialAction":[{"@type":"SearchAction","target":{"@type":"EntryPoint","urlTemplate":"https:\/\/cheri-heater.com\/tr\/?s={search_term_string}"},"query-input":{"@type":"PropertyValueSpecification","valueRequired":true,"valueName":"search_term_string"}}],"inLanguage":"en-US"},{"@type":"Organization","@id":"https:\/\/cheri-heater.com\/tr\/#organization","name":"Cheri Heater Technology Co.,Ltd.","url":"https:\/\/cheri-heater.com\/tr\/","logo":{"@type":"ImageObject","inLanguage":"en-US","@id":"https:\/\/cheri-heater.com\/tr\/#\/schema\/logo\/image\/","url":"https:\/\/cheri-heater.com\/tr\/wp-content\/uploads\/2024\/06\/cropped-logo-resize.png","contentUrl":"https:\/\/cheri-heater.com\/tr\/wp-content\/uploads\/2024\/06\/cropped-logo-resize.png","width":346,"height":99,"caption":"Cheri Heater Technology Co.,Ltd."},"image":{"@id":"https:\/\/cheri-heater.com\/tr\/#\/schema\/logo\/image\/"}}]}},"_links":{"self":[{"href":"https:\/\/cheri-heater.com\/tr\/wp-json\/wp\/v2\/product\/1775","targetHints":{"allow":["GET"]}}],"collection":[{"href":"https:\/\/cheri-heater.com\/tr\/wp-json\/wp\/v2\/product"}],"about":[{"href":"https:\/\/cheri-heater.com\/tr\/wp-json\/wp\/v2\/types\/product"}],"wp:featuredmedia":[{"embeddable":true,"href":"https:\/\/cheri-heater.com\/tr\/wp-json\/wp\/v2\/media\/1776"}],"wp:attachment":[{"href":"https:\/\/cheri-heater.com\/tr\/wp-json\/wp\/v2\/media?parent=1775"}],"wp:term":[{"taxonomy":"product_brand","embeddable":true,"href":"https:\/\/cheri-heater.com\/tr\/wp-json\/wp\/v2\/product_brand?post=1775"},{"taxonomy":"product_cat","embeddable":true,"href":"https:\/\/cheri-heater.com\/tr\/wp-json\/wp\/v2\/product_cat?post=1775"},{"taxonomy":"product_tag","embeddable":true,"href":"https:\/\/cheri-heater.com\/tr\/wp-json\/wp\/v2\/product_tag?post=1775"}],"curies":[{"name":"wp","href":"https:\/\/api.w.org\/{rel}","templated":true}]}}