{"id":1777,"date":"2025-05-17T04:48:01","date_gmt":"2025-05-17T04:48:01","guid":{"rendered":"https:\/\/cheri-heater.com\/tr\/?post_type=product&#038;p=1777"},"modified":"2025-05-17T04:48:02","modified_gmt":"2025-05-17T04:48:02","slug":"ozellestirilmis-boru-isitici","status":"publish","type":"product","link":"https:\/\/cheri-heater.com\/tr\/product\/ozellestirilmis-boru-isitici\/","title":{"rendered":"\u00d6zelle\u015ftirilmi\u015f Boru Is\u0131t\u0131c\u0131"},"content":{"rendered":"","protected":false},"excerpt":{"rendered":"<h2><b><span>En \u0130yi \u00d6zelle\u015ftirilmi\u015f Boru Is\u0131t\u0131c\u0131\u00a0<\/span><\/b><\/h2>\n<p><span>Cheri Heater, end\u00fcstriyel uygulamalar i\u00e7in \u00f6zel olarak tasarlanm\u0131\u015f y\u00fcksek kaliteli,\u00a0<\/span><b><span>\u00f6zelle\u015ftirilmi\u015f borulu \u0131s\u0131t\u0131c\u0131lar sa\u011flama konusunda uzmanla\u015fm\u0131\u015ft\u0131r\u00a0<\/span><\/b><span>. Verimlilik ve dayan\u0131kl\u0131l\u0131k i\u00e7in tasarlanan \u0131s\u0131t\u0131c\u0131lar\u0131m\u0131z, projelerinizin tam \u00f6zelliklerini kar\u015f\u0131lamak \u00fczere \u00fcretilmi\u015ftir ve zorlu ortamlarda optimum performans sa\u011flar. Belirli bir watt yo\u011funlu\u011funa veya \u00f6zel \u015fekillere ihtiyac\u0131n\u0131z olsun, teknik gereksinimlerinizle uyumlu \u0131s\u0131t\u0131c\u0131lar sunuyoruz.<\/span><\/p>\n<h3><b><span>\u00d6zelle\u015ftirilmi\u015f Boru Is\u0131t\u0131c\u0131lar\u0131n\u0131n Uygulamalar\u0131<\/span><\/b><\/h3>\n<p><span>Cheri Heater&#8217;\u0131n\u00a0<\/span><b><span>\u00f6zelle\u015ftirilmi\u015f t\u00fcp \u0131s\u0131t\u0131c\u0131lar\u0131,\u00a0<\/span><\/b><span>\u00e7ok y\u00f6nl\u00fcl\u00fckleri ve performanslar\u0131 nedeniyle \u00e7e\u015fitli end\u00fcstrilerde yayg\u0131n olarak g\u00fcvenilmektedir. Baz\u0131 yayg\u0131n uygulamalar \u015funlard\u0131r:<\/span><\/p>\n<ul>\n<li aria-level=\"1\"><b><span>\u00dcretim:\u00a0<\/span><\/b><span>Ekstr\u00fczyon, enjeksiyon kal\u0131plama ve paketleme s\u00fcre\u00e7lerinde hassas \u0131s\u0131tma i\u00e7in idealdir.<\/span><\/li>\n<li aria-level=\"1\"><b><span>HVAC Sistemleri:\u00a0<\/span><\/b><span>Ticari kurulumlarda hava ve mekan \u0131s\u0131tma \u00e7\u00f6z\u00fcmleri i\u00e7in m\u00fckemmeldir.<\/span><\/li>\n<li aria-level=\"1\"><b><span>G\u0131da \u0130\u015fleme:\u00a0<\/span><\/b><span>F\u0131r\u0131nlar, frit\u00f6zler ve kurutma ekipmanlar\u0131 i\u00e7in tutarl\u0131 s\u0131cakl\u0131k kontrol\u00fc sa\u011flar.<\/span><\/li>\n<li aria-level=\"1\"><b><span>T\u0131bbi Ekipman:\u00a0<\/span><\/b><span>Sterilizat\u00f6rler ve te\u015fhis cihazlar\u0131 i\u00e7in g\u00fcvenilir \u0131s\u0131tma sa\u011flar.<\/span><\/li>\n<\/ul>\n<p><span>Is\u0131t\u0131c\u0131lar\u0131m\u0131z a\u015f\u0131r\u0131 ko\u015fullara dayanacak \u015fekilde tasarlanm\u0131\u015ft\u0131r ve bu da onlar\u0131 sa\u011flam \u0131s\u0131tma \u00e7\u00f6z\u00fcmleri arayan profesyoneller i\u00e7in tercih edilen bir se\u00e7enek haline getirir.<\/span><\/p>\n<h3><b><span>Cheri Heater&#8217;\u0131n \u00d6zelle\u015ftirilmi\u015f Borulu Is\u0131t\u0131c\u0131s\u0131n\u0131n \u00dcst\u00fcn \u00d6zellikleri<\/span><\/b><\/h3>\n<p><span>Cheri Heater&#8217;\u0131n\u00a0<\/span><b><span>\u00f6zel borulu \u0131s\u0131t\u0131c\u0131lar\u0131,\u00a0<\/span><\/b><span>operasyonel hedeflerinizi kar\u015f\u0131lamak i\u00e7in geli\u015fmi\u015f \u00f6zelliklerle donat\u0131lm\u0131\u015ft\u0131r:<\/span><\/p>\n<ul>\n<li aria-level=\"1\"><b><span>\u00d6zel Tasar\u0131m Se\u00e7enekleri:\u00a0<\/span><\/b><span>Uygulaman\u0131za g\u00f6re \u015fekil, boyut ve watt.<\/span><\/li>\n<li aria-level=\"1\"><b><span>Korozyon Direnci:\u00a0<\/span><\/b><span>Zorlu ortamlara dayanacak \u015fekilde paslanmaz \u00e7elik ve Incoloy gibi dayan\u0131kl\u0131 malzemelerden \u00fcretilmi\u015ftir.<\/span><\/li>\n<li aria-level=\"1\"><b><span>Enerji Verimlili\u011fi:\u00a0<\/span><\/b><span>Maksimum \u0131s\u0131 transferi ve azalt\u0131lm\u0131\u015f enerji t\u00fcketimi i\u00e7in optimize edilmi\u015ftir.<\/span><\/li>\n<li aria-level=\"1\"><b><span>G\u00fcvenlik Standartlar\u0131na Uygunluk:\u00a0<\/span><\/b><span>Sekt\u00f6r g\u00fcvenlik sertifikalar\u0131na ve y\u00f6netmeliklerine uygun olarak \u00fcretilmi\u015ftir.<\/span><\/li>\n<\/ul>\n<p><span>Cheri Heater&#8217;\u0131 se\u00e7ti\u011finizde, uzun vadeli g\u00fcvenilirlikle hassas \u0131s\u0131tma sa\u011flayan teknolojiye yat\u0131r\u0131m yapm\u0131\u015f olursunuz.<\/span><\/p>\n<h3><b><span>Neden Cheri Heater&#8217;\u0131n \u00d6zelle\u015ftirilmi\u015f Borulu Is\u0131t\u0131c\u0131s\u0131n\u0131 Se\u00e7melisiniz?<\/span><\/b><\/h3>\n<p><b><span>Toplu olarak \u00f6zelle\u015ftirilmi\u015f borulu \u0131s\u0131t\u0131c\u0131lar\u00a0<\/span><\/b><span>gerektiren i\u015fletmeler i\u00e7in\u00a0<\/span><span>Cheri Heater, kalite ve performans sunan g\u00fcvenilir bir ortakt\u0131r. K\u00fcresel olarak end\u00fcstrilere hizmet etme konusunda y\u0131llar\u0131n deneyimiyle, verimli \u00fcretim s\u00fcre\u00e7leri ve \u00f6zel destekle operasyonel ihtiya\u00e7lar\u0131n\u0131za \u00f6ncelik veriyoruz.<\/span><\/p>\n<h3><b><span>\u00d6zelle\u015ftirilmi\u015f Boru Is\u0131t\u0131c\u0131lar\u0131 i\u00e7in Cheri Heater ile Ortak Olun\u00a0<\/span><\/b><\/h3>\n<p><span>Is\u0131tma gereksinimlerinizi g\u00f6r\u00fc\u015fmek ve Cheri Heater&#8217;\u0131n end\u00fcstriyel \u0131s\u0131tma \u00e7\u00f6z\u00fcmleriniz i\u00e7in do\u011fru ortak olabilece\u011fini ke\u015ffetmek i\u00e7in bug\u00fcn ekibimizle ileti\u015fime ge\u00e7in.<\/span><\/p>\n","protected":false},"featured_media":1778,"template":"","meta":[],"product_brand":[],"product_cat":[28],"product_tag":[194],"class_list":{"0":"post-1777","1":"product","2":"type-product","3":"status-publish","4":"has-post-thumbnail","6":"product_cat-tubular-heater","7":"product_tag-ozellestirilmis-boru-isitici","9":"first","10":"instock","11":"shipping-taxable","12":"product-type-simple"},"yoast_head":"<!-- This site is optimized with the Yoast SEO plugin v27.3 - https:\/\/yoast.com\/product\/yoast-seo-wordpress\/ -->\n<title>En \u0130yi \u00d6zelle\u015ftirilmi\u015f Boru Is\u0131t\u0131c\u0131 \u00dcreticileri | Cheri-heater.com<\/title>\n<meta name=\"description\" content=\"En iyi \u00fcreticilerin y\u00fcksek kaliteli \u00f6zelle\u015ftirilmi\u015f borulu \u0131s\u0131t\u0131c\u0131lar\u0131n\u0131 ke\u015ffedin. Verimli, dayan\u0131kl\u0131 ve \u00e7e\u015fitli end\u00fcstriyel \u0131s\u0131tma uygulamalar\u0131 i\u00e7in m\u00fckemmel.\" \/>\n<meta name=\"robots\" content=\"index, follow, max-snippet:-1, max-image-preview:large, max-video-preview:-1\" \/>\n<link rel=\"canonical\" href=\"https:\/\/cheri-heater.com\/tr\/product\/ozellestirilmis-boru-isitici\/\" \/>\n<meta property=\"og:locale\" content=\"en_US\" \/>\n<meta property=\"og:type\" content=\"article\" \/>\n<meta property=\"og:title\" content=\"En \u0130yi \u00d6zelle\u015ftirilmi\u015f Boru Is\u0131t\u0131c\u0131 \u00dcreticileri | Cheri-heater.com\" \/>\n<meta property=\"og:description\" content=\"En iyi \u00fcreticilerin y\u00fcksek kaliteli \u00f6zelle\u015ftirilmi\u015f borulu \u0131s\u0131t\u0131c\u0131lar\u0131n\u0131 ke\u015ffedin. Verimli, dayan\u0131kl\u0131 ve \u00e7e\u015fitli end\u00fcstriyel \u0131s\u0131tma uygulamalar\u0131 i\u00e7in m\u00fckemmel.\" \/>\n<meta property=\"og:url\" content=\"https:\/\/cheri-heater.com\/tr\/product\/ozellestirilmis-boru-isitici\/\" \/>\n<meta property=\"og:site_name\" content=\"Cheri Heater Technology Co.,Ltd.\" \/>\n<meta property=\"article:modified_time\" content=\"2025-05-17T04:48:02+00:00\" \/>\n<meta property=\"og:image\" content=\"https:\/\/cheri-heater.com\/tr\/wp-content\/uploads\/2025\/05\/steam.jpg\" \/>\n\t<meta property=\"og:image:width\" content=\"320\" \/>\n\t<meta property=\"og:image:height\" content=\"320\" \/>\n\t<meta property=\"og:image:type\" content=\"image\/jpeg\" \/>\n<meta name=\"twitter:card\" content=\"summary_large_image\" \/>\n<meta name=\"twitter:label1\" content=\"Est. reading time\" \/>\n\t<meta name=\"twitter:data1\" content=\"1 minute\" \/>\n<!-- \/ Yoast SEO plugin. -->","yoast_head_json":{"title":"En \u0130yi \u00d6zelle\u015ftirilmi\u015f Boru Is\u0131t\u0131c\u0131 \u00dcreticileri | Cheri-heater.com","description":"En iyi \u00fcreticilerin y\u00fcksek kaliteli \u00f6zelle\u015ftirilmi\u015f borulu \u0131s\u0131t\u0131c\u0131lar\u0131n\u0131 ke\u015ffedin. Verimli, dayan\u0131kl\u0131 ve \u00e7e\u015fitli end\u00fcstriyel \u0131s\u0131tma uygulamalar\u0131 i\u00e7in m\u00fckemmel.","robots":{"index":"index","follow":"follow","max-snippet":"max-snippet:-1","max-image-preview":"max-image-preview:large","max-video-preview":"max-video-preview:-1"},"canonical":"https:\/\/cheri-heater.com\/tr\/product\/ozellestirilmis-boru-isitici\/","og_locale":"en_US","og_type":"article","og_title":"En \u0130yi \u00d6zelle\u015ftirilmi\u015f Boru Is\u0131t\u0131c\u0131 \u00dcreticileri | Cheri-heater.com","og_description":"En iyi \u00fcreticilerin y\u00fcksek kaliteli \u00f6zelle\u015ftirilmi\u015f borulu \u0131s\u0131t\u0131c\u0131lar\u0131n\u0131 ke\u015ffedin. Verimli, dayan\u0131kl\u0131 ve \u00e7e\u015fitli end\u00fcstriyel \u0131s\u0131tma uygulamalar\u0131 i\u00e7in m\u00fckemmel.","og_url":"https:\/\/cheri-heater.com\/tr\/product\/ozellestirilmis-boru-isitici\/","og_site_name":"Cheri Heater Technology Co.,Ltd.","article_modified_time":"2025-05-17T04:48:02+00:00","og_image":[{"width":320,"height":320,"url":"https:\/\/cheri-heater.com\/tr\/wp-content\/uploads\/2025\/05\/steam.jpg","type":"image\/jpeg"}],"twitter_card":"summary_large_image","twitter_misc":{"Est. reading time":"1 minute"},"schema":{"@context":"https:\/\/schema.org","@graph":[{"@type":"WebPage","@id":"https:\/\/cheri-heater.com\/tr\/product\/ozellestirilmis-boru-isitici\/","url":"https:\/\/cheri-heater.com\/tr\/product\/ozellestirilmis-boru-isitici\/","name":"En \u0130yi \u00d6zelle\u015ftirilmi\u015f Boru Is\u0131t\u0131c\u0131 \u00dcreticileri | Cheri-heater.com","isPartOf":{"@id":"https:\/\/cheri-heater.com\/tr\/#website"},"primaryImageOfPage":{"@id":"https:\/\/cheri-heater.com\/tr\/product\/ozellestirilmis-boru-isitici\/#primaryimage"},"image":{"@id":"https:\/\/cheri-heater.com\/tr\/product\/ozellestirilmis-boru-isitici\/#primaryimage"},"thumbnailUrl":"https:\/\/cheri-heater.com\/tr\/wp-content\/uploads\/2025\/05\/steam.jpg","datePublished":"2025-05-17T04:48:01+00:00","dateModified":"2025-05-17T04:48:02+00:00","description":"En iyi \u00fcreticilerin y\u00fcksek kaliteli \u00f6zelle\u015ftirilmi\u015f borulu \u0131s\u0131t\u0131c\u0131lar\u0131n\u0131 ke\u015ffedin. Verimli, dayan\u0131kl\u0131 ve \u00e7e\u015fitli end\u00fcstriyel \u0131s\u0131tma uygulamalar\u0131 i\u00e7in m\u00fckemmel.","breadcrumb":{"@id":"https:\/\/cheri-heater.com\/tr\/product\/ozellestirilmis-boru-isitici\/#breadcrumb"},"inLanguage":"en-US","potentialAction":[{"@type":"ReadAction","target":["https:\/\/cheri-heater.com\/tr\/product\/ozellestirilmis-boru-isitici\/"]}]},{"@type":"ImageObject","inLanguage":"en-US","@id":"https:\/\/cheri-heater.com\/tr\/product\/ozellestirilmis-boru-isitici\/#primaryimage","url":"https:\/\/cheri-heater.com\/tr\/wp-content\/uploads\/2025\/05\/steam.jpg","contentUrl":"https:\/\/cheri-heater.com\/tr\/wp-content\/uploads\/2025\/05\/steam.jpg","width":320,"height":320,"caption":"\u00d6zelle\u015ftirilmi\u015f Boru Is\u0131t\u0131c\u0131"},{"@type":"BreadcrumbList","@id":"https:\/\/cheri-heater.com\/tr\/product\/ozellestirilmis-boru-isitici\/#breadcrumb","itemListElement":[{"@type":"ListItem","position":1,"name":"Home","item":"https:\/\/cheri-heater.com\/tr\/"},{"@type":"ListItem","position":2,"name":"Products","item":"https:\/\/cheri-heater.com\/tr\/products\/"},{"@type":"ListItem","position":3,"name":"\u00d6zelle\u015ftirilmi\u015f Boru Is\u0131t\u0131c\u0131"}]},{"@type":"WebSite","@id":"https:\/\/cheri-heater.com\/tr\/#website","url":"https:\/\/cheri-heater.com\/tr\/","name":"Cheri Heater Technology Co.,Ltd.","description":"","publisher":{"@id":"https:\/\/cheri-heater.com\/tr\/#organization"},"potentialAction":[{"@type":"SearchAction","target":{"@type":"EntryPoint","urlTemplate":"https:\/\/cheri-heater.com\/tr\/?s={search_term_string}"},"query-input":{"@type":"PropertyValueSpecification","valueRequired":true,"valueName":"search_term_string"}}],"inLanguage":"en-US"},{"@type":"Organization","@id":"https:\/\/cheri-heater.com\/tr\/#organization","name":"Cheri Heater Technology Co.,Ltd.","url":"https:\/\/cheri-heater.com\/tr\/","logo":{"@type":"ImageObject","inLanguage":"en-US","@id":"https:\/\/cheri-heater.com\/tr\/#\/schema\/logo\/image\/","url":"https:\/\/cheri-heater.com\/tr\/wp-content\/uploads\/2024\/06\/cropped-logo-resize.png","contentUrl":"https:\/\/cheri-heater.com\/tr\/wp-content\/uploads\/2024\/06\/cropped-logo-resize.png","width":346,"height":99,"caption":"Cheri Heater Technology Co.,Ltd."},"image":{"@id":"https:\/\/cheri-heater.com\/tr\/#\/schema\/logo\/image\/"}}]}},"_links":{"self":[{"href":"https:\/\/cheri-heater.com\/tr\/wp-json\/wp\/v2\/product\/1777","targetHints":{"allow":["GET"]}}],"collection":[{"href":"https:\/\/cheri-heater.com\/tr\/wp-json\/wp\/v2\/product"}],"about":[{"href":"https:\/\/cheri-heater.com\/tr\/wp-json\/wp\/v2\/types\/product"}],"wp:featuredmedia":[{"embeddable":true,"href":"https:\/\/cheri-heater.com\/tr\/wp-json\/wp\/v2\/media\/1778"}],"wp:attachment":[{"href":"https:\/\/cheri-heater.com\/tr\/wp-json\/wp\/v2\/media?parent=1777"}],"wp:term":[{"taxonomy":"product_brand","embeddable":true,"href":"https:\/\/cheri-heater.com\/tr\/wp-json\/wp\/v2\/product_brand?post=1777"},{"taxonomy":"product_cat","embeddable":true,"href":"https:\/\/cheri-heater.com\/tr\/wp-json\/wp\/v2\/product_cat?post=1777"},{"taxonomy":"product_tag","embeddable":true,"href":"https:\/\/cheri-heater.com\/tr\/wp-json\/wp\/v2\/product_tag?post=1777"}],"curies":[{"name":"wp","href":"https:\/\/api.w.org\/{rel}","templated":true}]}}