{"id":1780,"date":"2025-05-17T04:51:36","date_gmt":"2025-05-17T04:51:36","guid":{"rendered":"https:\/\/cheri-heater.com\/tr\/?post_type=product&#038;p=1780"},"modified":"2025-05-17T04:51:36","modified_gmt":"2025-05-17T04:51:36","slug":"elektrikli-borulu-isitici","status":"publish","type":"product","link":"https:\/\/cheri-heater.com\/tr\/product\/elektrikli-borulu-isitici\/","title":{"rendered":"Elektrikli Borulu Is\u0131t\u0131c\u0131"},"content":{"rendered":"","protected":false},"excerpt":{"rendered":"<h2><span><span class=\"\">Lider Elektrikli Borulu Is\u0131t\u0131c\u0131<\/span><\/span><\/h2>\n<p><span>Elektrikli borulu \u0131s\u0131t\u0131c\u0131m\u0131z piyasada bulabilece\u011finiz en g\u00fcvenilir ve verimli \u0131s\u0131t\u0131c\u0131lardan biridir. Bu \u0131s\u0131t\u0131c\u0131lar\u0131 \u00e7ok \u00e7e\u015fitli end\u00fcstriyel ihtiya\u00e7lara hizmet edecek \u015fekilde tasarl\u0131yoruz. Is\u0131 transfer s\u00fcreci, kat\u0131lar, s\u0131v\u0131lar ve gazlar dahil olmak \u00fczere \u00e7e\u015fitli ortamlara \u0131s\u0131 sa\u011flamak i\u00e7in m\u00fckemmeldir.\u00a0\u00a0<\/span><\/p>\n<h3><span>Elektrikli Borulu Is\u0131t\u0131c\u0131lar\u0131m\u0131z\u0131n Temel \u00d6zellikleri<\/span><\/h3>\n<ul>\n<li>\u00a0 \u00a0 \u00a0\u00a0<span>G\u00fcvenilir yap\u0131 \u2013 Borulu \u0131s\u0131t\u0131c\u0131lar\u0131m\u0131z, uzun s\u00fcreli performans i\u00e7in tasarlanm\u0131\u015f y\u00fcksek kaliteli hammaddelerden \u00fcretilmi\u015ftir.<\/span><\/li>\n<li>\u00a0 \u00a0 \u00a0\u00a0<span>\u00d6zelle\u015ftirme \u2013 Elektrikli borulu \u0131s\u0131t\u0131c\u0131m\u0131z farkl\u0131 uzunluklarda, watt de\u011ferlerinde ve \u00e7aplarda mevcuttur. Bu, \u00e7e\u015fitli end\u00fcstriyel uygulama ihtiya\u00e7lar\u0131n\u0131 kar\u015f\u0131lamaya yard\u0131mc\u0131 olur.<\/span><\/li>\n<li>\u00a0 \u00a0 \u00a0\u00a0<span>En Y\u00fcksek Verimlilik \u2013 \u0130\u015fletme maliyetlerini ve enerji t\u00fcketimini azalt\u0131r.<\/span><\/li>\n<\/ul>\n<h3><span>Elektrikli Boru Is\u0131t\u0131c\u0131lar\u0131m\u0131z\u0131n Uygulamalar\u0131<\/span><\/h3>\n<ul>\n<li>\u00a0 \u00a0 \u00a0\u00a0<span>Paketleme makineleri<\/span><\/li>\n<li>\u00a0 \u00a0 \u00a0\u00a0<span>Orman ve buz \u00e7\u00f6zme korumas\u0131<\/span><\/li>\n<li>\u00a0 \u00a0 \u00a0\u00a0<span>T\u00fcplerde gerekli s\u0131cakl\u0131klar\u0131n korunmas\u0131<\/span><\/li>\n<li>\u00a0 \u00a0 \u00a0\u00a0<span>G\u0131da i\u015fleme makineleri<\/span><\/li>\n<li>\u00a0 \u00a0 \u00a0\u00a0<span>Kaplarda ve tanklarda i\u015flenmi\u015f s\u0131v\u0131lar\u0131n \u0131s\u0131t\u0131lmas\u0131<\/span><\/li>\n<\/ul>\n<h3><span>Elektrikli Borulu Is\u0131t\u0131c\u0131lar\u0131n Faydalar\u0131<\/span><\/h3>\n<ul>\n<li>\u00a0 \u00a0 \u00a0\u00a0<span>Proses verimlili\u011fi \u2013 G\u00fcvenilir ve s\u00fcrekli \u0131s\u0131tma, \u00fcretim verimini art\u0131r\u0131r.<\/span><\/li>\n<li>\u00a0 \u00a0 \u00a0\u00a0<span>Geli\u015fmi\u015f kalite \u2013 S\u0131cakl\u0131k kontrol\u00fcndeki hassasiyet, \u00fcr\u00fcn kalitesinde tutarl\u0131l\u0131k sa\u011flar.<\/span><\/li>\n<li>\u00a0 \u00a0 \u00a0\u00a0<span>Minimum enerji t\u00fcketimi \u2013 \u0130\u015fletme maliyetini minimuma indirmek, karbon ayak izini minimuma indirmek en iyisidir.<\/span><\/li>\n<li>\u00a0 \u00a0 \u00a0\u00a0<span>\u00c7e\u015fitli uygulamalar \u2013 End\u00fcstriyel kitlesel \u0131s\u0131tma ihtiya\u00e7lar\u0131 i\u00e7in en iyisidir.<\/span><\/li>\n<\/ul>\n<p><span>Yukar\u0131daki \u00f6zellikler ve faydalar Cheri&#8217;yi en iyi elektrikli t\u00fcp \u0131s\u0131t\u0131c\u0131 \u00fcreticilerinden biri yapar. Kaliteye ve sorunsuz teslimata odaklan\u0131yoruz. Dahili ekibimiz her \u00fcniteyi kontrol eder ve kalite g\u00fcvencesi sa\u011flar. Y\u00fcksek kaliteli hizmete ve zaman\u0131nda teslimata inan\u0131yoruz.<\/span><\/p>\n<p><span>\u00d6yleyse, daha fazla aramay\u0131n. \u0130htiya\u00e7lar\u0131n\u0131z\u0131 ve gereksinim listelerinizi bize g\u00f6nderin. Y\u00fcksek kaliteli \u00fcretiminizi desteklemek i\u00e7in en iyi \u0131s\u0131t\u0131c\u0131lar\u0131 teslim edece\u011fiz. Bizimle ileti\u015fime ge\u00e7in ve bir teklif isteyin.<\/span><\/p>\n","protected":false},"featured_media":1781,"template":"","meta":[],"product_brand":[],"product_cat":[28],"product_tag":[195],"class_list":{"0":"post-1780","1":"product","2":"type-product","3":"status-publish","4":"has-post-thumbnail","6":"product_cat-tubular-heater","7":"product_tag-elektrikli-borulu-isitici","9":"first","10":"instock","11":"shipping-taxable","12":"product-type-simple"},"yoast_head":"<!-- This site is optimized with the Yoast SEO plugin v27.3 - https:\/\/yoast.com\/product\/yoast-seo-wordpress\/ -->\n<title>Kaliteli Elektrikli Borulu Is\u0131t\u0131c\u0131 \u00dcreticisi | Cheri-heater.com<\/title>\n<meta name=\"description\" content=\"\u00c7e\u015fitli uygulamalarda hassas \u0131s\u0131tma i\u00e7in elektrikli borulu \u0131s\u0131t\u0131c\u0131 \u00fcreticisinin verimlili\u011fini ke\u015ffedin. End\u00fcstriyel i\u00e7in idealdir.\" \/>\n<meta name=\"robots\" content=\"index, follow, max-snippet:-1, max-image-preview:large, max-video-preview:-1\" \/>\n<link rel=\"canonical\" href=\"https:\/\/cheri-heater.com\/tr\/product\/elektrikli-borulu-isitici\/\" \/>\n<meta property=\"og:locale\" content=\"en_US\" \/>\n<meta property=\"og:type\" content=\"article\" \/>\n<meta property=\"og:title\" content=\"Kaliteli Elektrikli Borulu Is\u0131t\u0131c\u0131 \u00dcreticisi | Cheri-heater.com\" \/>\n<meta property=\"og:description\" content=\"\u00c7e\u015fitli uygulamalarda hassas \u0131s\u0131tma i\u00e7in elektrikli borulu \u0131s\u0131t\u0131c\u0131 \u00fcreticisinin verimlili\u011fini ke\u015ffedin. End\u00fcstriyel i\u00e7in idealdir.\" \/>\n<meta property=\"og:url\" content=\"https:\/\/cheri-heater.com\/tr\/product\/elektrikli-borulu-isitici\/\" \/>\n<meta property=\"og:site_name\" content=\"Cheri Heater Technology Co.,Ltd.\" \/>\n<meta property=\"og:image\" content=\"https:\/\/cheri-heater.com\/tr\/wp-content\/uploads\/2025\/05\/images-1.jpg\" \/>\n\t<meta property=\"og:image:width\" content=\"256\" \/>\n\t<meta property=\"og:image:height\" content=\"197\" \/>\n\t<meta property=\"og:image:type\" content=\"image\/jpeg\" \/>\n<meta name=\"twitter:card\" content=\"summary_large_image\" \/>\n<meta name=\"twitter:label1\" content=\"Est. reading time\" \/>\n\t<meta name=\"twitter:data1\" content=\"1 minute\" \/>\n<!-- \/ Yoast SEO plugin. -->","yoast_head_json":{"title":"Kaliteli Elektrikli Borulu Is\u0131t\u0131c\u0131 \u00dcreticisi | Cheri-heater.com","description":"\u00c7e\u015fitli uygulamalarda hassas \u0131s\u0131tma i\u00e7in elektrikli borulu \u0131s\u0131t\u0131c\u0131 \u00fcreticisinin verimlili\u011fini ke\u015ffedin. End\u00fcstriyel i\u00e7in idealdir.","robots":{"index":"index","follow":"follow","max-snippet":"max-snippet:-1","max-image-preview":"max-image-preview:large","max-video-preview":"max-video-preview:-1"},"canonical":"https:\/\/cheri-heater.com\/tr\/product\/elektrikli-borulu-isitici\/","og_locale":"en_US","og_type":"article","og_title":"Kaliteli Elektrikli Borulu Is\u0131t\u0131c\u0131 \u00dcreticisi | Cheri-heater.com","og_description":"\u00c7e\u015fitli uygulamalarda hassas \u0131s\u0131tma i\u00e7in elektrikli borulu \u0131s\u0131t\u0131c\u0131 \u00fcreticisinin verimlili\u011fini ke\u015ffedin. End\u00fcstriyel i\u00e7in idealdir.","og_url":"https:\/\/cheri-heater.com\/tr\/product\/elektrikli-borulu-isitici\/","og_site_name":"Cheri Heater Technology Co.,Ltd.","og_image":[{"width":256,"height":197,"url":"https:\/\/cheri-heater.com\/tr\/wp-content\/uploads\/2025\/05\/images-1.jpg","type":"image\/jpeg"}],"twitter_card":"summary_large_image","twitter_misc":{"Est. reading time":"1 minute"},"schema":{"@context":"https:\/\/schema.org","@graph":[{"@type":"WebPage","@id":"https:\/\/cheri-heater.com\/tr\/product\/elektrikli-borulu-isitici\/","url":"https:\/\/cheri-heater.com\/tr\/product\/elektrikli-borulu-isitici\/","name":"Kaliteli Elektrikli Borulu Is\u0131t\u0131c\u0131 \u00dcreticisi | Cheri-heater.com","isPartOf":{"@id":"https:\/\/cheri-heater.com\/tr\/#website"},"primaryImageOfPage":{"@id":"https:\/\/cheri-heater.com\/tr\/product\/elektrikli-borulu-isitici\/#primaryimage"},"image":{"@id":"https:\/\/cheri-heater.com\/tr\/product\/elektrikli-borulu-isitici\/#primaryimage"},"thumbnailUrl":"https:\/\/cheri-heater.com\/tr\/wp-content\/uploads\/2025\/05\/images-1.jpg","datePublished":"2025-05-17T04:51:36+00:00","description":"\u00c7e\u015fitli uygulamalarda hassas \u0131s\u0131tma i\u00e7in elektrikli borulu \u0131s\u0131t\u0131c\u0131 \u00fcreticisinin verimlili\u011fini ke\u015ffedin. End\u00fcstriyel i\u00e7in idealdir.","breadcrumb":{"@id":"https:\/\/cheri-heater.com\/tr\/product\/elektrikli-borulu-isitici\/#breadcrumb"},"inLanguage":"en-US","potentialAction":[{"@type":"ReadAction","target":["https:\/\/cheri-heater.com\/tr\/product\/elektrikli-borulu-isitici\/"]}]},{"@type":"ImageObject","inLanguage":"en-US","@id":"https:\/\/cheri-heater.com\/tr\/product\/elektrikli-borulu-isitici\/#primaryimage","url":"https:\/\/cheri-heater.com\/tr\/wp-content\/uploads\/2025\/05\/images-1.jpg","contentUrl":"https:\/\/cheri-heater.com\/tr\/wp-content\/uploads\/2025\/05\/images-1.jpg","width":256,"height":197,"caption":"Elektrikli Borulu Is\u0131t\u0131c\u0131"},{"@type":"BreadcrumbList","@id":"https:\/\/cheri-heater.com\/tr\/product\/elektrikli-borulu-isitici\/#breadcrumb","itemListElement":[{"@type":"ListItem","position":1,"name":"Home","item":"https:\/\/cheri-heater.com\/tr\/"},{"@type":"ListItem","position":2,"name":"Products","item":"https:\/\/cheri-heater.com\/tr\/products\/"},{"@type":"ListItem","position":3,"name":"Elektrikli Borulu Is\u0131t\u0131c\u0131"}]},{"@type":"WebSite","@id":"https:\/\/cheri-heater.com\/tr\/#website","url":"https:\/\/cheri-heater.com\/tr\/","name":"Cheri Heater Technology Co.,Ltd.","description":"","publisher":{"@id":"https:\/\/cheri-heater.com\/tr\/#organization"},"potentialAction":[{"@type":"SearchAction","target":{"@type":"EntryPoint","urlTemplate":"https:\/\/cheri-heater.com\/tr\/?s={search_term_string}"},"query-input":{"@type":"PropertyValueSpecification","valueRequired":true,"valueName":"search_term_string"}}],"inLanguage":"en-US"},{"@type":"Organization","@id":"https:\/\/cheri-heater.com\/tr\/#organization","name":"Cheri Heater Technology Co.,Ltd.","url":"https:\/\/cheri-heater.com\/tr\/","logo":{"@type":"ImageObject","inLanguage":"en-US","@id":"https:\/\/cheri-heater.com\/tr\/#\/schema\/logo\/image\/","url":"https:\/\/cheri-heater.com\/tr\/wp-content\/uploads\/2024\/06\/cropped-logo-resize.png","contentUrl":"https:\/\/cheri-heater.com\/tr\/wp-content\/uploads\/2024\/06\/cropped-logo-resize.png","width":346,"height":99,"caption":"Cheri Heater Technology Co.,Ltd."},"image":{"@id":"https:\/\/cheri-heater.com\/tr\/#\/schema\/logo\/image\/"}}]}},"_links":{"self":[{"href":"https:\/\/cheri-heater.com\/tr\/wp-json\/wp\/v2\/product\/1780","targetHints":{"allow":["GET"]}}],"collection":[{"href":"https:\/\/cheri-heater.com\/tr\/wp-json\/wp\/v2\/product"}],"about":[{"href":"https:\/\/cheri-heater.com\/tr\/wp-json\/wp\/v2\/types\/product"}],"wp:featuredmedia":[{"embeddable":true,"href":"https:\/\/cheri-heater.com\/tr\/wp-json\/wp\/v2\/media\/1781"}],"wp:attachment":[{"href":"https:\/\/cheri-heater.com\/tr\/wp-json\/wp\/v2\/media?parent=1780"}],"wp:term":[{"taxonomy":"product_brand","embeddable":true,"href":"https:\/\/cheri-heater.com\/tr\/wp-json\/wp\/v2\/product_brand?post=1780"},{"taxonomy":"product_cat","embeddable":true,"href":"https:\/\/cheri-heater.com\/tr\/wp-json\/wp\/v2\/product_cat?post=1780"},{"taxonomy":"product_tag","embeddable":true,"href":"https:\/\/cheri-heater.com\/tr\/wp-json\/wp\/v2\/product_tag?post=1780"}],"curies":[{"name":"wp","href":"https:\/\/api.w.org\/{rel}","templated":true}]}}