{"id":1782,"date":"2025-05-17T04:56:13","date_gmt":"2025-05-17T04:56:13","guid":{"rendered":"https:\/\/cheri-heater.com\/tr\/?post_type=product&#038;p=1782"},"modified":"2025-05-17T04:56:13","modified_gmt":"2025-05-17T04:56:13","slug":"flansli-borulu-isitici","status":"publish","type":"product","link":"https:\/\/cheri-heater.com\/tr\/product\/flansli-borulu-isitici\/","title":{"rendered":"Flan\u015fl\u0131 Borulu Is\u0131t\u0131c\u0131"},"content":{"rendered":"","protected":false},"excerpt":{"rendered":"<h2><span>En \u0130yi Flan\u015fl\u0131 Borulu Is\u0131t\u0131c\u0131<\/span><\/h2>\n<p><span>Cheri-heater Flan\u015fl\u0131 Borulu Is\u0131t\u0131c\u0131, \u00e7e\u015fitli end\u00fcstriyel uygulamalar i\u00e7in kullan\u0131\u015fl\u0131 ve g\u00fcvenilir bir \u0131s\u0131tma \u00e7\u00f6z\u00fcm\u00fc sunar. Flan\u015fl\u0131 montaj tasar\u0131m\u0131na sahip olan bu \u0131s\u0131t\u0131c\u0131, kurulumu basitle\u015ftirir ve ekipman\u0131n\u0131z i\u00e7inde g\u00fcvenli bir \u015fekilde ba\u011flanmas\u0131n\u0131 sa\u011flar.<\/span><\/p>\n<p><b><span>Temel \u00d6zellikler:<\/span><\/b><\/p>\n<ul>\n<li aria-level=\"1\"><b><span>Basitle\u015ftirilmi\u015f Kurulum:\u00a0<\/span><\/b><span>Entegre flan\u015f, \u0131s\u0131t\u0131c\u0131n\u0131n ekipman\u0131n\u0131za kolay ve g\u00fcvenli bir \u015fekilde monte edilmesini sa\u011flayarak kurulum s\u00fcresini ve karma\u015f\u0131kl\u0131\u011f\u0131n\u0131 en aza indirir.<\/span><\/li>\n<li aria-level=\"1\"><b><span>Hassas S\u0131cakl\u0131k Kontrol\u00fc:\u00a0<\/span><\/b><span>Cheri-heater Flan\u015fl\u0131 Borulu Is\u0131t\u0131c\u0131lar, end\u00fcstriyel prosesleriniz i\u00e7in hassas s\u0131cakl\u0131k kontrol\u00fcne olanak tan\u0131yarak, do\u011fru ve tutarl\u0131 \u0131s\u0131tma sa\u011flar.<\/span><\/li>\n<li aria-level=\"1\"><b><span>Dayan\u0131kl\u0131 Yap\u0131:\u00a0<\/span><\/b><span>Paslanmaz \u00e7elik veya Incoloy gibi y\u00fcksek kaliteli malzemelerden \u00fcretilen Flan\u015fl\u0131 Borulu Is\u0131t\u0131c\u0131lar\u0131m\u0131z, korozyona ve y\u00fcksek s\u0131cakl\u0131klara kar\u015f\u0131 ola\u011fan\u00fcst\u00fc diren\u00e7 g\u00f6stererek uzun \u00f6m\u00fcrl\u00fc performans garanti eder.<\/span><\/li>\n<li aria-level=\"1\"><b><span>\u00d6zelle\u015ftirilebilir Konfig\u00fcrasyonlar:\u00a0<\/span><\/b><span>\u00c7e\u015fitli \u00e7aplarda, uzunluklarda, watt de\u011ferlerinde ve k\u0131l\u0131f malzemelerinde sunulan Cheri-heater Flan\u015fl\u0131 Borulu Is\u0131t\u0131c\u0131lar, \u00f6zel uygulama ihtiya\u00e7lar\u0131n\u0131z\u0131 kar\u015f\u0131layacak \u015fekilde \u00f6zelle\u015ftirilebilir.<\/span><\/li>\n<li aria-level=\"1\"><b><span>\u00c7ok Y\u00f6nl\u00fc Uygulamalar:\u00a0<\/span><\/b><span>Cheri-heater Flan\u015fl\u0131 Borulu Is\u0131t\u0131c\u0131lar, a\u015fa\u011f\u0131dakiler de dahil olmak \u00fczere \u00e7e\u015fitli end\u00fcstriyel \u0131s\u0131tma uygulamalar\u0131 i\u00e7in idealdir:<\/span>\n<ul>\n<li aria-level=\"2\"><span>F\u0131r\u0131nlar ve kurutucular<\/span><\/li>\n<li aria-level=\"2\"><span>Kimyasal i\u015fleme ekipmanlar\u0131<\/span><\/li>\n<li aria-level=\"2\"><span>Hidrolik ya\u011f \u0131s\u0131tma sistemleri<\/span><\/li>\n<li aria-level=\"2\"><span>Asfalt \u0131s\u0131tma tanklar\u0131<\/span><\/li>\n<li aria-level=\"2\"><span>End\u00fcstriyel temizlik ekipmanlar\u0131<\/span><\/li>\n<li aria-level=\"2\"><span>Ve \u00e7ok daha fazlas\u0131<\/span><\/li>\n<\/ul>\n<\/li>\n<\/ul>\n<p><b><span>Cheri-heater Flan\u015fl\u0131 Borulu Is\u0131t\u0131c\u0131lar ile kurulumu basitle\u015ftirin, g\u00fcvenli montaj\u0131 garantileyin ve hassas s\u0131cakl\u0131k kontrol\u00fc elde edin. Proje gereksinimlerinizi g\u00f6r\u00fc\u015fmek ve fiyat teklifi almak i\u00e7in bug\u00fcn uzmanlar\u0131m\u0131zla ileti\u015fime ge\u00e7in!<\/span><\/b><\/p>\n","protected":false},"featured_media":1783,"template":"","meta":[],"product_brand":[],"product_cat":[28],"product_tag":[196],"class_list":{"0":"post-1782","1":"product","2":"type-product","3":"status-publish","4":"has-post-thumbnail","6":"product_cat-tubular-heater","7":"product_tag-flansli-borulu-isitici","9":"first","10":"instock","11":"shipping-taxable","12":"product-type-simple"},"yoast_head":"<!-- This site is optimized with the Yoast SEO plugin v27.3 - https:\/\/yoast.com\/product\/yoast-seo-wordpress\/ -->\n<title>En \u0130yi Flan\u015fl\u0131 Borulu Is\u0131t\u0131c\u0131 \u00dcreticileri | Cheri-heater.com<\/title>\n<meta name=\"description\" content=\"G\u00fcvenilir ve verimli end\u00fcstriyel \u0131s\u0131tma i\u00e7in en iyi flan\u015fl\u0131 borulu \u0131s\u0131t\u0131c\u0131lar. Y\u00fcksek kaliteli \u0131s\u0131t\u0131c\u0131lar\u0131m\u0131z \u00e7e\u015fitli uygulamalar i\u00e7in ola\u011fan\u00fcst\u00fc performans ve dayan\u0131kl\u0131l\u0131k sa\u011flar.\" \/>\n<meta name=\"robots\" content=\"index, follow, max-snippet:-1, max-image-preview:large, max-video-preview:-1\" \/>\n<link rel=\"canonical\" href=\"https:\/\/cheri-heater.com\/tr\/product\/flansli-borulu-isitici\/\" \/>\n<meta property=\"og:locale\" content=\"en_US\" \/>\n<meta property=\"og:type\" content=\"article\" \/>\n<meta property=\"og:title\" content=\"En \u0130yi Flan\u015fl\u0131 Borulu Is\u0131t\u0131c\u0131 \u00dcreticileri | Cheri-heater.com\" \/>\n<meta property=\"og:description\" content=\"G\u00fcvenilir ve verimli end\u00fcstriyel \u0131s\u0131tma i\u00e7in en iyi flan\u015fl\u0131 borulu \u0131s\u0131t\u0131c\u0131lar. Y\u00fcksek kaliteli \u0131s\u0131t\u0131c\u0131lar\u0131m\u0131z \u00e7e\u015fitli uygulamalar i\u00e7in ola\u011fan\u00fcst\u00fc performans ve dayan\u0131kl\u0131l\u0131k sa\u011flar.\" \/>\n<meta property=\"og:url\" content=\"https:\/\/cheri-heater.com\/tr\/product\/flansli-borulu-isitici\/\" \/>\n<meta property=\"og:site_name\" content=\"Cheri Heater Technology Co.,Ltd.\" \/>\n<meta property=\"og:image\" content=\"https:\/\/cheri-heater.com\/tr\/wp-content\/uploads\/2025\/05\/front-1-1.jpg\" \/>\n\t<meta property=\"og:image:width\" content=\"760\" \/>\n\t<meta property=\"og:image:height\" content=\"760\" \/>\n\t<meta property=\"og:image:type\" content=\"image\/jpeg\" \/>\n<meta name=\"twitter:card\" content=\"summary_large_image\" \/>\n<meta name=\"twitter:label1\" content=\"Est. reading time\" \/>\n\t<meta name=\"twitter:data1\" content=\"1 minute\" \/>\n<!-- \/ Yoast SEO plugin. -->","yoast_head_json":{"title":"En \u0130yi Flan\u015fl\u0131 Borulu Is\u0131t\u0131c\u0131 \u00dcreticileri | Cheri-heater.com","description":"G\u00fcvenilir ve verimli end\u00fcstriyel \u0131s\u0131tma i\u00e7in en iyi flan\u015fl\u0131 borulu \u0131s\u0131t\u0131c\u0131lar. Y\u00fcksek kaliteli \u0131s\u0131t\u0131c\u0131lar\u0131m\u0131z \u00e7e\u015fitli uygulamalar i\u00e7in ola\u011fan\u00fcst\u00fc performans ve dayan\u0131kl\u0131l\u0131k sa\u011flar.","robots":{"index":"index","follow":"follow","max-snippet":"max-snippet:-1","max-image-preview":"max-image-preview:large","max-video-preview":"max-video-preview:-1"},"canonical":"https:\/\/cheri-heater.com\/tr\/product\/flansli-borulu-isitici\/","og_locale":"en_US","og_type":"article","og_title":"En \u0130yi Flan\u015fl\u0131 Borulu Is\u0131t\u0131c\u0131 \u00dcreticileri | Cheri-heater.com","og_description":"G\u00fcvenilir ve verimli end\u00fcstriyel \u0131s\u0131tma i\u00e7in en iyi flan\u015fl\u0131 borulu \u0131s\u0131t\u0131c\u0131lar. Y\u00fcksek kaliteli \u0131s\u0131t\u0131c\u0131lar\u0131m\u0131z \u00e7e\u015fitli uygulamalar i\u00e7in ola\u011fan\u00fcst\u00fc performans ve dayan\u0131kl\u0131l\u0131k sa\u011flar.","og_url":"https:\/\/cheri-heater.com\/tr\/product\/flansli-borulu-isitici\/","og_site_name":"Cheri Heater Technology Co.,Ltd.","og_image":[{"width":760,"height":760,"url":"https:\/\/cheri-heater.com\/tr\/wp-content\/uploads\/2025\/05\/front-1-1.jpg","type":"image\/jpeg"}],"twitter_card":"summary_large_image","twitter_misc":{"Est. reading time":"1 minute"},"schema":{"@context":"https:\/\/schema.org","@graph":[{"@type":"WebPage","@id":"https:\/\/cheri-heater.com\/tr\/product\/flansli-borulu-isitici\/","url":"https:\/\/cheri-heater.com\/tr\/product\/flansli-borulu-isitici\/","name":"En \u0130yi Flan\u015fl\u0131 Borulu Is\u0131t\u0131c\u0131 \u00dcreticileri | Cheri-heater.com","isPartOf":{"@id":"https:\/\/cheri-heater.com\/tr\/#website"},"primaryImageOfPage":{"@id":"https:\/\/cheri-heater.com\/tr\/product\/flansli-borulu-isitici\/#primaryimage"},"image":{"@id":"https:\/\/cheri-heater.com\/tr\/product\/flansli-borulu-isitici\/#primaryimage"},"thumbnailUrl":"https:\/\/cheri-heater.com\/tr\/wp-content\/uploads\/2025\/05\/front-1-1.jpg","datePublished":"2025-05-17T04:56:13+00:00","description":"G\u00fcvenilir ve verimli end\u00fcstriyel \u0131s\u0131tma i\u00e7in en iyi flan\u015fl\u0131 borulu \u0131s\u0131t\u0131c\u0131lar. Y\u00fcksek kaliteli \u0131s\u0131t\u0131c\u0131lar\u0131m\u0131z \u00e7e\u015fitli uygulamalar i\u00e7in ola\u011fan\u00fcst\u00fc performans ve dayan\u0131kl\u0131l\u0131k sa\u011flar.","breadcrumb":{"@id":"https:\/\/cheri-heater.com\/tr\/product\/flansli-borulu-isitici\/#breadcrumb"},"inLanguage":"en-US","potentialAction":[{"@type":"ReadAction","target":["https:\/\/cheri-heater.com\/tr\/product\/flansli-borulu-isitici\/"]}]},{"@type":"ImageObject","inLanguage":"en-US","@id":"https:\/\/cheri-heater.com\/tr\/product\/flansli-borulu-isitici\/#primaryimage","url":"https:\/\/cheri-heater.com\/tr\/wp-content\/uploads\/2025\/05\/front-1-1.jpg","contentUrl":"https:\/\/cheri-heater.com\/tr\/wp-content\/uploads\/2025\/05\/front-1-1.jpg","width":760,"height":760,"caption":"Flan\u015fl\u0131 Borulu Is\u0131t\u0131c\u0131"},{"@type":"BreadcrumbList","@id":"https:\/\/cheri-heater.com\/tr\/product\/flansli-borulu-isitici\/#breadcrumb","itemListElement":[{"@type":"ListItem","position":1,"name":"Home","item":"https:\/\/cheri-heater.com\/tr\/"},{"@type":"ListItem","position":2,"name":"Products","item":"https:\/\/cheri-heater.com\/tr\/products\/"},{"@type":"ListItem","position":3,"name":"Flan\u015fl\u0131 Borulu Is\u0131t\u0131c\u0131"}]},{"@type":"WebSite","@id":"https:\/\/cheri-heater.com\/tr\/#website","url":"https:\/\/cheri-heater.com\/tr\/","name":"Cheri Heater Technology Co.,Ltd.","description":"","publisher":{"@id":"https:\/\/cheri-heater.com\/tr\/#organization"},"potentialAction":[{"@type":"SearchAction","target":{"@type":"EntryPoint","urlTemplate":"https:\/\/cheri-heater.com\/tr\/?s={search_term_string}"},"query-input":{"@type":"PropertyValueSpecification","valueRequired":true,"valueName":"search_term_string"}}],"inLanguage":"en-US"},{"@type":"Organization","@id":"https:\/\/cheri-heater.com\/tr\/#organization","name":"Cheri Heater Technology Co.,Ltd.","url":"https:\/\/cheri-heater.com\/tr\/","logo":{"@type":"ImageObject","inLanguage":"en-US","@id":"https:\/\/cheri-heater.com\/tr\/#\/schema\/logo\/image\/","url":"https:\/\/cheri-heater.com\/tr\/wp-content\/uploads\/2024\/06\/cropped-logo-resize.png","contentUrl":"https:\/\/cheri-heater.com\/tr\/wp-content\/uploads\/2024\/06\/cropped-logo-resize.png","width":346,"height":99,"caption":"Cheri Heater Technology Co.,Ltd."},"image":{"@id":"https:\/\/cheri-heater.com\/tr\/#\/schema\/logo\/image\/"}}]}},"_links":{"self":[{"href":"https:\/\/cheri-heater.com\/tr\/wp-json\/wp\/v2\/product\/1782","targetHints":{"allow":["GET"]}}],"collection":[{"href":"https:\/\/cheri-heater.com\/tr\/wp-json\/wp\/v2\/product"}],"about":[{"href":"https:\/\/cheri-heater.com\/tr\/wp-json\/wp\/v2\/types\/product"}],"wp:featuredmedia":[{"embeddable":true,"href":"https:\/\/cheri-heater.com\/tr\/wp-json\/wp\/v2\/media\/1783"}],"wp:attachment":[{"href":"https:\/\/cheri-heater.com\/tr\/wp-json\/wp\/v2\/media?parent=1782"}],"wp:term":[{"taxonomy":"product_brand","embeddable":true,"href":"https:\/\/cheri-heater.com\/tr\/wp-json\/wp\/v2\/product_brand?post=1782"},{"taxonomy":"product_cat","embeddable":true,"href":"https:\/\/cheri-heater.com\/tr\/wp-json\/wp\/v2\/product_cat?post=1782"},{"taxonomy":"product_tag","embeddable":true,"href":"https:\/\/cheri-heater.com\/tr\/wp-json\/wp\/v2\/product_tag?post=1782"}],"curies":[{"name":"wp","href":"https:\/\/api.w.org\/{rel}","templated":true}]}}