{"id":1788,"date":"2025-05-17T04:59:22","date_gmt":"2025-05-17T04:59:22","guid":{"rendered":"https:\/\/cheri-heater.com\/tr\/?post_type=product&#038;p=1788"},"modified":"2025-05-17T04:59:23","modified_gmt":"2025-05-17T04:59:23","slug":"flansli-daldirma-isitici","status":"publish","type":"product","link":"https:\/\/cheri-heater.com\/tr\/product\/flansli-daldirma-isitici\/","title":{"rendered":"Flan\u015fl\u0131 Dald\u0131rma Is\u0131t\u0131c\u0131"},"content":{"rendered":"","protected":false},"excerpt":{"rendered":"<h2><b><span>G\u00fcvenilir Flan\u015fl\u0131 Dald\u0131rma Is\u0131t\u0131c\u0131 \u00dcreticileri<\/span><\/b><\/h2>\n<p><span>Cheri Heater&#8217;\u0131n\u00a0<\/span><b><span>flan\u015fl\u0131 dald\u0131rma \u0131s\u0131t\u0131c\u0131s\u0131,\u00a0<\/span><\/b><span>end\u00fcstriyel \u0131s\u0131tma ihtiya\u00e7lar\u0131 i\u00e7in hassas m\u00fchendislik \u00e7\u00f6z\u00fcmleri sunar. Dayan\u0131kl\u0131l\u0131k ve y\u00fcksek performans i\u00e7in tasarlanan bu \u0131s\u0131t\u0131c\u0131, tanklarda, rezervuarlarda veya bas\u0131n\u00e7l\u0131 kaplarda kontroll\u00fc \u0131s\u0131 gerektiren uygulamalar i\u00e7in idealdir. Sa\u011flam flan\u015fl\u0131 tasar\u0131m\u0131yla, zorlu ortamlarda g\u00fcvenlik ve g\u00fcvenilirlik sa\u011flarken ola\u011fan\u00fcst\u00fc \u0131s\u0131 transferi sa\u011flar.<\/span><\/p>\n<h3><b><span>Neden Cheri Heater Flan\u015fl\u0131 Dald\u0131rma Is\u0131t\u0131c\u0131y\u0131 Se\u00e7melisiniz?<\/span><\/b><\/h3>\n<p><span>End\u00fcstriyel \u0131s\u0131tma s\u00f6z konusu oldu\u011funda,\u00a0<\/span><span>Cheri Heater&#8217;\u0131n\u00a0<\/span><b><span>flan\u015fl\u0131 dald\u0131rma \u0131s\u0131t\u0131c\u0131s\u0131 \u00e7ok y\u00f6nl\u00fcl\u00fc\u011f\u00fc ve verimlili\u011fiyle \u00f6ne \u00e7\u0131k\u0131yor. Ba\u015fl\u0131ca \u00f6zellikleri \u015funlard\u0131r:<\/span><\/b><\/p>\n<ul>\n<li aria-level=\"1\"><b><span>\u00d6zelle\u015ftirilebilir Se\u00e7enekler:\u00a0<\/span><\/b><span>Is\u0131t\u0131c\u0131y\u0131, \u00f6zel uygulaman\u0131za uyacak \u015fekilde \u00e7e\u015fitli flan\u015f boyutlar\u0131, malzemeler ve watt yo\u011funluklar\u0131yla \u00f6zelle\u015ftirin.<\/span><\/li>\n<li aria-level=\"1\"><b><span>\u00dcst\u00fcn Malzemeler:\u00a0<\/span><\/b><span>Paslanmaz \u00e7elik veya Incoloy elemanlarla \u00fcretilmi\u015ftir, korozyona kar\u015f\u0131 diren\u00e7 ve uzun kullan\u0131m \u00f6mr\u00fc sa\u011flar.<\/span><\/li>\n<li aria-level=\"1\"><b><span>Hassas Kontrol:\u00a0<\/span><\/b><span>Do\u011fru s\u0131cakl\u0131k y\u00f6netimi i\u00e7in termokupl ve termostatlarla uyumludur, enerji israf\u0131n\u0131 en aza indirir.<\/span><\/li>\n<\/ul>\n<h3><b><span>Cheri Is\u0131t\u0131c\u0131 Flan\u015fl\u0131 Dald\u0131rma Is\u0131t\u0131c\u0131 Uygulamalar\u0131<\/span><\/b><\/h3>\n<p><span>Cheri Heater&#8217;\u0131n\u00a0<\/span><b><span>flan\u015fl\u0131 dald\u0131rma \u0131s\u0131t\u0131c\u0131s\u0131,\u00a0<\/span><\/b><span>a\u015fa\u011f\u0131dakiler de dahil olmak \u00fczere \u00e7e\u015fitli end\u00fcstriler i\u00e7in ideal se\u00e7imdir:<\/span><\/p>\n<h3><b><span>1. Petrol ve Gaz<\/span><\/b><\/h3>\n<p><span>A\u00e7\u0131k deniz ve kara tesislerinde s\u0131v\u0131lar\u0131, ya\u011flay\u0131c\u0131lar\u0131 ve viskoz malzemeleri verimli bir \u015fekilde \u0131s\u0131t\u0131n.<\/span><\/p>\n<h3><b><span>2. Kimyasal \u0130\u015fleme<\/span><\/b><\/h3>\n<p><span>G\u00fcvenlikten \u00f6d\u00fcn vermeden kimyasal reaksiyonlar veya malzeme kar\u0131\u015ft\u0131rma i\u015flemleri i\u00e7in hassas s\u0131cakl\u0131klar\u0131 koruyun.<\/span><\/p>\n<h3><b><span>3. Yiyecek ve \u0130\u00e7ecek<\/span><\/b><\/h3>\n<p><span>\u015euruplar, ya\u011flar veya s\u00fct \u00fcr\u00fcnleri gibi s\u0131v\u0131 i\u015flemede g\u0131da s\u0131n\u0131f\u0131 \u00f6zelle\u015ftirme se\u00e7enekleriyle tutarl\u0131l\u0131\u011f\u0131 sa\u011flay\u0131n.<\/span><\/p>\n<h3><b><span>4. Su Ar\u0131tma<\/span><\/b><\/h3>\n<p><span>End\u00fcstriyel tesislerde su veya at\u0131k su ar\u0131tma sistemlerinin \u0131s\u0131tmas\u0131n\u0131 optimize edin.<\/span><\/p>\n<h3><b><span>5. HVAC Sistemleri<\/span><\/b><\/h3>\n<p><span>B\u00fcy\u00fck \u00f6l\u00e7ekli HVAC sistemleri i\u00e7in ek \u0131s\u0131tma sa\u011flayarak enerji tasarruflu s\u0131cakl\u0131k d\u00fczenlemesini garantileyin.<\/span><\/p>\n<h3><b><span>Flan\u015fl\u0131 Dald\u0131rma Is\u0131t\u0131c\u0131 \u0130\u00e7in Neden Cheri Is\u0131t\u0131c\u0131?<\/span><\/b><\/h3>\n<p><span>Cheri Heater, end\u00fcstriyel ihtiya\u00e7lara g\u00f6re tasarlanm\u0131\u015f y\u00fcksek performansl\u0131 \u0131s\u0131t\u0131c\u0131lar \u00fcretme konusunda onlarca y\u0131ll\u0131k uzmanl\u0131\u011fa sahiptir. Her\u00a0<\/span><b><span>flan\u015fl\u0131 dald\u0131rma \u0131s\u0131t\u0131c\u0131s\u0131\u00a0<\/span><\/b><span>, zorlu ko\u015fullarda g\u00fcvenilirlik ve birinci s\u0131n\u0131f performans garanti ederek uluslararas\u0131 standartlar\u0131 kar\u015f\u0131lamak \u00fczere titizlikle test edilir.<\/span><\/p>\n<p><span>Cheri Heater&#8217;\u0131n\u00a0<\/span><b><span>flan\u015fl\u0131 dald\u0131rma \u0131s\u0131t\u0131c\u0131s\u0131yla en iyisine yat\u0131r\u0131m yap\u0131n\u00a0<\/span><\/b><span>ve i\u015fletmeniz i\u00e7in yenilik, kalite ve verimlili\u011fin m\u00fckemmel birle\u015fimini deneyimleyin.<\/span><\/p>\n","protected":false},"featured_media":1789,"template":"","meta":[],"product_brand":[],"product_cat":[28],"product_tag":[197],"class_list":{"0":"post-1788","1":"product","2":"type-product","3":"status-publish","4":"has-post-thumbnail","6":"product_cat-tubular-heater","7":"product_tag-flansli-daldirma-isitici","9":"first","10":"instock","11":"shipping-taxable","12":"product-type-simple"},"yoast_head":"<!-- This site is optimized with the Yoast SEO plugin v27.3 - https:\/\/yoast.com\/product\/yoast-seo-wordpress\/ -->\n<title>Flan\u015fl\u0131 Dald\u0131rma Is\u0131t\u0131c\u0131 \u00dcreticileri | Cheri-heater.com<\/title>\n<meta name=\"description\" content=\"End\u00fcstriyel \u0131s\u0131tma ve ak\u0131\u015fkan s\u0131cakl\u0131k kontrol\u00fc i\u00e7in dayan\u0131kl\u0131 ve verimli \u00e7\u00f6z\u00fcmler sunan g\u00fcvenilir flan\u015fl\u0131 dald\u0131rma \u0131s\u0131t\u0131c\u0131 \u00fcreticilerini ke\u015ffedin.\" \/>\n<meta name=\"robots\" content=\"index, follow, max-snippet:-1, max-image-preview:large, max-video-preview:-1\" \/>\n<link rel=\"canonical\" href=\"https:\/\/cheri-heater.com\/tr\/product\/flansli-daldirma-isitici\/\" \/>\n<meta property=\"og:locale\" content=\"en_US\" \/>\n<meta property=\"og:type\" content=\"article\" \/>\n<meta property=\"og:title\" content=\"Flan\u015fl\u0131 Dald\u0131rma Is\u0131t\u0131c\u0131 \u00dcreticileri | Cheri-heater.com\" \/>\n<meta property=\"og:description\" content=\"End\u00fcstriyel \u0131s\u0131tma ve ak\u0131\u015fkan s\u0131cakl\u0131k kontrol\u00fc i\u00e7in dayan\u0131kl\u0131 ve verimli \u00e7\u00f6z\u00fcmler sunan g\u00fcvenilir flan\u015fl\u0131 dald\u0131rma \u0131s\u0131t\u0131c\u0131 \u00fcreticilerini ke\u015ffedin.\" \/>\n<meta property=\"og:url\" content=\"https:\/\/cheri-heater.com\/tr\/product\/flansli-daldirma-isitici\/\" \/>\n<meta property=\"og:site_name\" content=\"Cheri Heater Technology Co.,Ltd.\" \/>\n<meta property=\"article:modified_time\" content=\"2025-05-17T04:59:23+00:00\" \/>\n<meta property=\"og:image\" content=\"https:\/\/cheri-heater.com\/tr\/wp-content\/uploads\/2025\/05\/82d18ff1-6f1a-4a6b-9ddd-f781f22bb445-1.jpg\" \/>\n\t<meta property=\"og:image:width\" content=\"1000\" \/>\n\t<meta property=\"og:image:height\" content=\"1000\" \/>\n\t<meta property=\"og:image:type\" content=\"image\/jpeg\" \/>\n<meta name=\"twitter:card\" content=\"summary_large_image\" \/>\n<meta name=\"twitter:label1\" content=\"Est. reading time\" \/>\n\t<meta name=\"twitter:data1\" content=\"1 minute\" \/>\n<!-- \/ Yoast SEO plugin. -->","yoast_head_json":{"title":"Flan\u015fl\u0131 Dald\u0131rma Is\u0131t\u0131c\u0131 \u00dcreticileri | Cheri-heater.com","description":"End\u00fcstriyel \u0131s\u0131tma ve ak\u0131\u015fkan s\u0131cakl\u0131k kontrol\u00fc i\u00e7in dayan\u0131kl\u0131 ve verimli \u00e7\u00f6z\u00fcmler sunan g\u00fcvenilir flan\u015fl\u0131 dald\u0131rma \u0131s\u0131t\u0131c\u0131 \u00fcreticilerini ke\u015ffedin.","robots":{"index":"index","follow":"follow","max-snippet":"max-snippet:-1","max-image-preview":"max-image-preview:large","max-video-preview":"max-video-preview:-1"},"canonical":"https:\/\/cheri-heater.com\/tr\/product\/flansli-daldirma-isitici\/","og_locale":"en_US","og_type":"article","og_title":"Flan\u015fl\u0131 Dald\u0131rma Is\u0131t\u0131c\u0131 \u00dcreticileri | Cheri-heater.com","og_description":"End\u00fcstriyel \u0131s\u0131tma ve ak\u0131\u015fkan s\u0131cakl\u0131k kontrol\u00fc i\u00e7in dayan\u0131kl\u0131 ve verimli \u00e7\u00f6z\u00fcmler sunan g\u00fcvenilir flan\u015fl\u0131 dald\u0131rma \u0131s\u0131t\u0131c\u0131 \u00fcreticilerini ke\u015ffedin.","og_url":"https:\/\/cheri-heater.com\/tr\/product\/flansli-daldirma-isitici\/","og_site_name":"Cheri Heater Technology Co.,Ltd.","article_modified_time":"2025-05-17T04:59:23+00:00","og_image":[{"width":1000,"height":1000,"url":"https:\/\/cheri-heater.com\/tr\/wp-content\/uploads\/2025\/05\/82d18ff1-6f1a-4a6b-9ddd-f781f22bb445-1.jpg","type":"image\/jpeg"}],"twitter_card":"summary_large_image","twitter_misc":{"Est. reading time":"1 minute"},"schema":{"@context":"https:\/\/schema.org","@graph":[{"@type":"WebPage","@id":"https:\/\/cheri-heater.com\/tr\/product\/flansli-daldirma-isitici\/","url":"https:\/\/cheri-heater.com\/tr\/product\/flansli-daldirma-isitici\/","name":"Flan\u015fl\u0131 Dald\u0131rma Is\u0131t\u0131c\u0131 \u00dcreticileri | Cheri-heater.com","isPartOf":{"@id":"https:\/\/cheri-heater.com\/tr\/#website"},"primaryImageOfPage":{"@id":"https:\/\/cheri-heater.com\/tr\/product\/flansli-daldirma-isitici\/#primaryimage"},"image":{"@id":"https:\/\/cheri-heater.com\/tr\/product\/flansli-daldirma-isitici\/#primaryimage"},"thumbnailUrl":"https:\/\/cheri-heater.com\/tr\/wp-content\/uploads\/2025\/05\/82d18ff1-6f1a-4a6b-9ddd-f781f22bb445-1.jpg","datePublished":"2025-05-17T04:59:22+00:00","dateModified":"2025-05-17T04:59:23+00:00","description":"End\u00fcstriyel \u0131s\u0131tma ve ak\u0131\u015fkan s\u0131cakl\u0131k kontrol\u00fc i\u00e7in dayan\u0131kl\u0131 ve verimli \u00e7\u00f6z\u00fcmler sunan g\u00fcvenilir flan\u015fl\u0131 dald\u0131rma \u0131s\u0131t\u0131c\u0131 \u00fcreticilerini ke\u015ffedin.","breadcrumb":{"@id":"https:\/\/cheri-heater.com\/tr\/product\/flansli-daldirma-isitici\/#breadcrumb"},"inLanguage":"en-US","potentialAction":[{"@type":"ReadAction","target":["https:\/\/cheri-heater.com\/tr\/product\/flansli-daldirma-isitici\/"]}]},{"@type":"ImageObject","inLanguage":"en-US","@id":"https:\/\/cheri-heater.com\/tr\/product\/flansli-daldirma-isitici\/#primaryimage","url":"https:\/\/cheri-heater.com\/tr\/wp-content\/uploads\/2025\/05\/82d18ff1-6f1a-4a6b-9ddd-f781f22bb445-1.jpg","contentUrl":"https:\/\/cheri-heater.com\/tr\/wp-content\/uploads\/2025\/05\/82d18ff1-6f1a-4a6b-9ddd-f781f22bb445-1.jpg","width":1000,"height":1000,"caption":"Flan\u015fl\u0131 Dald\u0131rma Is\u0131t\u0131c\u0131"},{"@type":"BreadcrumbList","@id":"https:\/\/cheri-heater.com\/tr\/product\/flansli-daldirma-isitici\/#breadcrumb","itemListElement":[{"@type":"ListItem","position":1,"name":"Home","item":"https:\/\/cheri-heater.com\/tr\/"},{"@type":"ListItem","position":2,"name":"Products","item":"https:\/\/cheri-heater.com\/tr\/products\/"},{"@type":"ListItem","position":3,"name":"Flan\u015fl\u0131 Dald\u0131rma Is\u0131t\u0131c\u0131"}]},{"@type":"WebSite","@id":"https:\/\/cheri-heater.com\/tr\/#website","url":"https:\/\/cheri-heater.com\/tr\/","name":"Cheri Heater Technology Co.,Ltd.","description":"","publisher":{"@id":"https:\/\/cheri-heater.com\/tr\/#organization"},"potentialAction":[{"@type":"SearchAction","target":{"@type":"EntryPoint","urlTemplate":"https:\/\/cheri-heater.com\/tr\/?s={search_term_string}"},"query-input":{"@type":"PropertyValueSpecification","valueRequired":true,"valueName":"search_term_string"}}],"inLanguage":"en-US"},{"@type":"Organization","@id":"https:\/\/cheri-heater.com\/tr\/#organization","name":"Cheri Heater Technology Co.,Ltd.","url":"https:\/\/cheri-heater.com\/tr\/","logo":{"@type":"ImageObject","inLanguage":"en-US","@id":"https:\/\/cheri-heater.com\/tr\/#\/schema\/logo\/image\/","url":"https:\/\/cheri-heater.com\/tr\/wp-content\/uploads\/2024\/06\/cropped-logo-resize.png","contentUrl":"https:\/\/cheri-heater.com\/tr\/wp-content\/uploads\/2024\/06\/cropped-logo-resize.png","width":346,"height":99,"caption":"Cheri Heater Technology Co.,Ltd."},"image":{"@id":"https:\/\/cheri-heater.com\/tr\/#\/schema\/logo\/image\/"}}]}},"_links":{"self":[{"href":"https:\/\/cheri-heater.com\/tr\/wp-json\/wp\/v2\/product\/1788","targetHints":{"allow":["GET"]}}],"collection":[{"href":"https:\/\/cheri-heater.com\/tr\/wp-json\/wp\/v2\/product"}],"about":[{"href":"https:\/\/cheri-heater.com\/tr\/wp-json\/wp\/v2\/types\/product"}],"wp:featuredmedia":[{"embeddable":true,"href":"https:\/\/cheri-heater.com\/tr\/wp-json\/wp\/v2\/media\/1789"}],"wp:attachment":[{"href":"https:\/\/cheri-heater.com\/tr\/wp-json\/wp\/v2\/media?parent=1788"}],"wp:term":[{"taxonomy":"product_brand","embeddable":true,"href":"https:\/\/cheri-heater.com\/tr\/wp-json\/wp\/v2\/product_brand?post=1788"},{"taxonomy":"product_cat","embeddable":true,"href":"https:\/\/cheri-heater.com\/tr\/wp-json\/wp\/v2\/product_cat?post=1788"},{"taxonomy":"product_tag","embeddable":true,"href":"https:\/\/cheri-heater.com\/tr\/wp-json\/wp\/v2\/product_tag?post=1788"}],"curies":[{"name":"wp","href":"https:\/\/api.w.org\/{rel}","templated":true}]}}