{"id":1790,"date":"2025-05-17T05:05:49","date_gmt":"2025-05-17T05:05:49","guid":{"rendered":"https:\/\/cheri-heater.com\/tr\/?post_type=product&#038;p=1790"},"modified":"2025-05-17T05:05:49","modified_gmt":"2025-05-17T05:05:49","slug":"sicak-hava-borulu-isitici","status":"publish","type":"product","link":"https:\/\/cheri-heater.com\/tr\/product\/sicak-hava-borulu-isitici\/","title":{"rendered":"S\u0131cak Hava Borulu Is\u0131t\u0131c\u0131"},"content":{"rendered":"","protected":false},"excerpt":{"rendered":"<h2><strong><span>Y\u00fcksek Kaliteli S\u0131cak Hava Borulu Is\u0131t\u0131c\u0131<\/span><\/strong><\/h2>\n<p><span>Cheri Heater&#8217;da, \u00e7e\u015fitli end\u00fcstriyel ve ticari uygulamalar\u0131n \u0131s\u0131tma ihtiya\u00e7lar\u0131n\u0131 kar\u015f\u0131lamak \u00fczere tasarlanm\u0131\u015f y\u00fcksek performansl\u0131 S\u0131cak Hava Borulu Is\u0131t\u0131c\u0131lar sa\u011fl\u0131yoruz. Bu \u0131s\u0131t\u0131c\u0131lar, kurutma odalar\u0131, hava i\u015fleme \u00fcniteleri ve end\u00fcstriyel proses \u0131s\u0131tma sistemleri gibi ortamlarda havay\u0131 verimli bir \u015fekilde \u0131s\u0131tmak i\u00e7in idealdir.<\/span><\/p>\n<p><span>S\u0131cak Hava Borulu Is\u0131t\u0131c\u0131lar\u0131m\u0131z, zorlu ortamlarda bile uzun s\u00fcreli performans sa\u011flayan sa\u011flam ve dayan\u0131kl\u0131 bir tasar\u0131ma sahiptir. Y\u00fcksek kaliteli malzemeler ve geli\u015fmi\u015f m\u00fchendislikle \u00fcretilen bu \u0131s\u0131t\u0131c\u0131lar, y\u00fcksek s\u0131cakl\u0131klara ve zorlu ko\u015fullara dayanacak \u015fekilde \u00fcretilmi\u015ftir ve g\u00fcvenilir ve tutarl\u0131 \u0131s\u0131 \u00e7\u0131k\u0131\u015f\u0131 sa\u011flar.<\/span><\/p>\n<p><span>Is\u0131t\u0131c\u0131lar\u0131m\u0131z\u0131n boru \u015feklindeki tasar\u0131m\u0131, optimum hava ak\u0131\u015f\u0131 ve e\u015fit \u0131s\u0131 da\u011f\u0131l\u0131m\u0131 sa\u011flayarak geni\u015f alanlarda verimli \u0131s\u0131tma sa\u011flar. Is\u0131tma elemanlar\u0131, y\u00fcksek termal verimlilik sa\u011flamak i\u00e7in hassas bir \u015fekilde tasarlanm\u0131\u015ft\u0131r ve etkili \u0131s\u0131 sa\u011flarken enerji t\u00fcketimini azaltmaya yard\u0131mc\u0131 olur. \u0130ster bir \u00fcretim tesisinde malzemeleri kurutun, ister geni\u015f alanlarda iklim kontrol\u00fcn\u00fc sa\u011flay\u0131n veya \u00f6zel end\u00fcstriyel s\u00fcre\u00e7ler i\u00e7in \u0131s\u0131 sa\u011flay\u0131n, S\u0131cak Hava Borulu Is\u0131t\u0131c\u0131lar\u0131m\u0131z ideal \u00e7\u00f6z\u00fcm\u00fc sunar.<\/span><\/p>\n<p><span>Cheri Heater&#8217;\u0131n S\u0131cak Hava Borulu Is\u0131t\u0131c\u0131lar\u0131, \u00e7ok \u00e7e\u015fitli uygulamalara uyacak \u015fekilde \u00e7e\u015fitli boyutlarda, g\u00fc\u00e7 de\u011ferlerinde ve yap\u0131land\u0131rmalarda mevcuttur. \u0130\u015fletmeniz i\u00e7in en verimli ve g\u00fcvenilir \u0131s\u0131tma \u00e7\u00f6z\u00fcm\u00fcn\u00fc elde etmenizi sa\u011flayarak, \u00f6zel ihtiya\u00e7lar\u0131n\u0131za m\u00fckemmel uyumu garantilemek i\u00e7in \u00f6zelle\u015ftirme se\u00e7enekleri sunuyoruz.<\/span><\/p>\n","protected":false},"featured_media":1791,"template":"","meta":[],"product_brand":[],"product_cat":[28],"product_tag":[198],"class_list":{"0":"post-1790","1":"product","2":"type-product","3":"status-publish","4":"has-post-thumbnail","6":"product_cat-tubular-heater","7":"product_tag-sicak-hava-borulu-isitici","9":"first","10":"instock","11":"shipping-taxable","12":"product-type-simple"},"yoast_head":"<!-- This site is optimized with the Yoast SEO plugin v27.3 - https:\/\/yoast.com\/product\/yoast-seo-wordpress\/ -->\n<title>Y\u00fcksek Kaliteli S\u0131cak Hava Borulu Is\u0131t\u0131c\u0131 | Cheri-heater.com<\/title>\n<meta name=\"description\" content=\"Cheri Heater, end\u00fcstriyel ve ticari hava \u0131s\u0131tma uygulamalar\u0131nda optimum \u0131s\u0131 transferi ve enerji verimlili\u011fi i\u00e7in tasarlanm\u0131\u015f y\u00fcksek kaliteli S\u0131cak Hava Borulu Is\u0131t\u0131c\u0131lar sunar. Kurutma, hava i\u015fleme ve proses \u0131s\u0131tma i\u00e7in ideal olan bu dayan\u0131kl\u0131 \u0131s\u0131t\u0131c\u0131lar, tutarl\u0131 performans ve g\u00fcvenilir \u0131s\u0131 da\u011f\u0131l\u0131m\u0131 sa\u011flar. \u00d6zelle\u015ftirilebilir boyutlarda ve yap\u0131land\u0131rmalarda mevcuttur, i\u015fletmenizin zorlu ihtiya\u00e7lar\u0131n\u0131 kar\u015f\u0131lamak i\u00e7in \u00fcretilmi\u015ftir. Enerji tasarruflu \u0131s\u0131tma \u00e7\u00f6z\u00fcmlerinde en iyisi i\u00e7in Cheri Heater&#039;\u0131 ziyaret edin.\" \/>\n<meta name=\"robots\" content=\"index, follow, max-snippet:-1, max-image-preview:large, max-video-preview:-1\" \/>\n<link rel=\"canonical\" href=\"https:\/\/cheri-heater.com\/tr\/product\/sicak-hava-borulu-isitici\/\" \/>\n<meta property=\"og:locale\" content=\"en_US\" \/>\n<meta property=\"og:type\" content=\"article\" \/>\n<meta property=\"og:title\" content=\"Y\u00fcksek Kaliteli S\u0131cak Hava Borulu Is\u0131t\u0131c\u0131 | Cheri-heater.com\" \/>\n<meta property=\"og:description\" content=\"Cheri Heater, end\u00fcstriyel ve ticari hava \u0131s\u0131tma uygulamalar\u0131nda optimum \u0131s\u0131 transferi ve enerji verimlili\u011fi i\u00e7in tasarlanm\u0131\u015f y\u00fcksek kaliteli S\u0131cak Hava Borulu Is\u0131t\u0131c\u0131lar sunar. Kurutma, hava i\u015fleme ve proses \u0131s\u0131tma i\u00e7in ideal olan bu dayan\u0131kl\u0131 \u0131s\u0131t\u0131c\u0131lar, tutarl\u0131 performans ve g\u00fcvenilir \u0131s\u0131 da\u011f\u0131l\u0131m\u0131 sa\u011flar. \u00d6zelle\u015ftirilebilir boyutlarda ve yap\u0131land\u0131rmalarda mevcuttur, i\u015fletmenizin zorlu ihtiya\u00e7lar\u0131n\u0131 kar\u015f\u0131lamak i\u00e7in \u00fcretilmi\u015ftir. Enerji tasarruflu \u0131s\u0131tma \u00e7\u00f6z\u00fcmlerinde en iyisi i\u00e7in Cheri Heater&#039;\u0131 ziyaret edin.\" \/>\n<meta property=\"og:url\" content=\"https:\/\/cheri-heater.com\/tr\/product\/sicak-hava-borulu-isitici\/\" \/>\n<meta property=\"og:site_name\" content=\"Cheri Heater Technology Co.,Ltd.\" \/>\n<meta property=\"og:image\" content=\"https:\/\/cheri-heater.com\/tr\/wp-content\/uploads\/2025\/05\/i-15.jpg\" \/>\n\t<meta property=\"og:image:width\" content=\"320\" \/>\n\t<meta property=\"og:image:height\" content=\"320\" \/>\n\t<meta property=\"og:image:type\" content=\"image\/jpeg\" \/>\n<meta name=\"twitter:card\" content=\"summary_large_image\" \/>\n<meta name=\"twitter:label1\" content=\"Est. reading time\" \/>\n\t<meta name=\"twitter:data1\" content=\"1 minute\" \/>\n<!-- \/ Yoast SEO plugin. -->","yoast_head_json":{"title":"Y\u00fcksek Kaliteli S\u0131cak Hava Borulu Is\u0131t\u0131c\u0131 | Cheri-heater.com","description":"Cheri Heater, end\u00fcstriyel ve ticari hava \u0131s\u0131tma uygulamalar\u0131nda optimum \u0131s\u0131 transferi ve enerji verimlili\u011fi i\u00e7in tasarlanm\u0131\u015f y\u00fcksek kaliteli S\u0131cak Hava Borulu Is\u0131t\u0131c\u0131lar sunar. Kurutma, hava i\u015fleme ve proses \u0131s\u0131tma i\u00e7in ideal olan bu dayan\u0131kl\u0131 \u0131s\u0131t\u0131c\u0131lar, tutarl\u0131 performans ve g\u00fcvenilir \u0131s\u0131 da\u011f\u0131l\u0131m\u0131 sa\u011flar. \u00d6zelle\u015ftirilebilir boyutlarda ve yap\u0131land\u0131rmalarda mevcuttur, i\u015fletmenizin zorlu ihtiya\u00e7lar\u0131n\u0131 kar\u015f\u0131lamak i\u00e7in \u00fcretilmi\u015ftir. Enerji tasarruflu \u0131s\u0131tma \u00e7\u00f6z\u00fcmlerinde en iyisi i\u00e7in Cheri Heater'\u0131 ziyaret edin.","robots":{"index":"index","follow":"follow","max-snippet":"max-snippet:-1","max-image-preview":"max-image-preview:large","max-video-preview":"max-video-preview:-1"},"canonical":"https:\/\/cheri-heater.com\/tr\/product\/sicak-hava-borulu-isitici\/","og_locale":"en_US","og_type":"article","og_title":"Y\u00fcksek Kaliteli S\u0131cak Hava Borulu Is\u0131t\u0131c\u0131 | Cheri-heater.com","og_description":"Cheri Heater, end\u00fcstriyel ve ticari hava \u0131s\u0131tma uygulamalar\u0131nda optimum \u0131s\u0131 transferi ve enerji verimlili\u011fi i\u00e7in tasarlanm\u0131\u015f y\u00fcksek kaliteli S\u0131cak Hava Borulu Is\u0131t\u0131c\u0131lar sunar. Kurutma, hava i\u015fleme ve proses \u0131s\u0131tma i\u00e7in ideal olan bu dayan\u0131kl\u0131 \u0131s\u0131t\u0131c\u0131lar, tutarl\u0131 performans ve g\u00fcvenilir \u0131s\u0131 da\u011f\u0131l\u0131m\u0131 sa\u011flar. \u00d6zelle\u015ftirilebilir boyutlarda ve yap\u0131land\u0131rmalarda mevcuttur, i\u015fletmenizin zorlu ihtiya\u00e7lar\u0131n\u0131 kar\u015f\u0131lamak i\u00e7in \u00fcretilmi\u015ftir. Enerji tasarruflu \u0131s\u0131tma \u00e7\u00f6z\u00fcmlerinde en iyisi i\u00e7in Cheri Heater'\u0131 ziyaret edin.","og_url":"https:\/\/cheri-heater.com\/tr\/product\/sicak-hava-borulu-isitici\/","og_site_name":"Cheri Heater Technology Co.,Ltd.","og_image":[{"width":320,"height":320,"url":"https:\/\/cheri-heater.com\/tr\/wp-content\/uploads\/2025\/05\/i-15.jpg","type":"image\/jpeg"}],"twitter_card":"summary_large_image","twitter_misc":{"Est. reading time":"1 minute"},"schema":{"@context":"https:\/\/schema.org","@graph":[{"@type":"WebPage","@id":"https:\/\/cheri-heater.com\/tr\/product\/sicak-hava-borulu-isitici\/","url":"https:\/\/cheri-heater.com\/tr\/product\/sicak-hava-borulu-isitici\/","name":"Y\u00fcksek Kaliteli S\u0131cak Hava Borulu Is\u0131t\u0131c\u0131 | Cheri-heater.com","isPartOf":{"@id":"https:\/\/cheri-heater.com\/tr\/#website"},"primaryImageOfPage":{"@id":"https:\/\/cheri-heater.com\/tr\/product\/sicak-hava-borulu-isitici\/#primaryimage"},"image":{"@id":"https:\/\/cheri-heater.com\/tr\/product\/sicak-hava-borulu-isitici\/#primaryimage"},"thumbnailUrl":"https:\/\/cheri-heater.com\/tr\/wp-content\/uploads\/2025\/05\/i-15.jpg","datePublished":"2025-05-17T05:05:49+00:00","description":"Cheri Heater, end\u00fcstriyel ve ticari hava \u0131s\u0131tma uygulamalar\u0131nda optimum \u0131s\u0131 transferi ve enerji verimlili\u011fi i\u00e7in tasarlanm\u0131\u015f y\u00fcksek kaliteli S\u0131cak Hava Borulu Is\u0131t\u0131c\u0131lar sunar. Kurutma, hava i\u015fleme ve proses \u0131s\u0131tma i\u00e7in ideal olan bu dayan\u0131kl\u0131 \u0131s\u0131t\u0131c\u0131lar, tutarl\u0131 performans ve g\u00fcvenilir \u0131s\u0131 da\u011f\u0131l\u0131m\u0131 sa\u011flar. \u00d6zelle\u015ftirilebilir boyutlarda ve yap\u0131land\u0131rmalarda mevcuttur, i\u015fletmenizin zorlu ihtiya\u00e7lar\u0131n\u0131 kar\u015f\u0131lamak i\u00e7in \u00fcretilmi\u015ftir. Enerji tasarruflu \u0131s\u0131tma \u00e7\u00f6z\u00fcmlerinde en iyisi i\u00e7in Cheri Heater'\u0131 ziyaret edin.","breadcrumb":{"@id":"https:\/\/cheri-heater.com\/tr\/product\/sicak-hava-borulu-isitici\/#breadcrumb"},"inLanguage":"en-US","potentialAction":[{"@type":"ReadAction","target":["https:\/\/cheri-heater.com\/tr\/product\/sicak-hava-borulu-isitici\/"]}]},{"@type":"ImageObject","inLanguage":"en-US","@id":"https:\/\/cheri-heater.com\/tr\/product\/sicak-hava-borulu-isitici\/#primaryimage","url":"https:\/\/cheri-heater.com\/tr\/wp-content\/uploads\/2025\/05\/i-15.jpg","contentUrl":"https:\/\/cheri-heater.com\/tr\/wp-content\/uploads\/2025\/05\/i-15.jpg","width":320,"height":320,"caption":"S\u0131cak Hava Borulu Is\u0131t\u0131c\u0131"},{"@type":"BreadcrumbList","@id":"https:\/\/cheri-heater.com\/tr\/product\/sicak-hava-borulu-isitici\/#breadcrumb","itemListElement":[{"@type":"ListItem","position":1,"name":"Home","item":"https:\/\/cheri-heater.com\/tr\/"},{"@type":"ListItem","position":2,"name":"Products","item":"https:\/\/cheri-heater.com\/tr\/products\/"},{"@type":"ListItem","position":3,"name":"S\u0131cak Hava Borulu Is\u0131t\u0131c\u0131"}]},{"@type":"WebSite","@id":"https:\/\/cheri-heater.com\/tr\/#website","url":"https:\/\/cheri-heater.com\/tr\/","name":"Cheri Heater Technology Co.,Ltd.","description":"","publisher":{"@id":"https:\/\/cheri-heater.com\/tr\/#organization"},"potentialAction":[{"@type":"SearchAction","target":{"@type":"EntryPoint","urlTemplate":"https:\/\/cheri-heater.com\/tr\/?s={search_term_string}"},"query-input":{"@type":"PropertyValueSpecification","valueRequired":true,"valueName":"search_term_string"}}],"inLanguage":"en-US"},{"@type":"Organization","@id":"https:\/\/cheri-heater.com\/tr\/#organization","name":"Cheri Heater Technology Co.,Ltd.","url":"https:\/\/cheri-heater.com\/tr\/","logo":{"@type":"ImageObject","inLanguage":"en-US","@id":"https:\/\/cheri-heater.com\/tr\/#\/schema\/logo\/image\/","url":"https:\/\/cheri-heater.com\/tr\/wp-content\/uploads\/2024\/06\/cropped-logo-resize.png","contentUrl":"https:\/\/cheri-heater.com\/tr\/wp-content\/uploads\/2024\/06\/cropped-logo-resize.png","width":346,"height":99,"caption":"Cheri Heater Technology Co.,Ltd."},"image":{"@id":"https:\/\/cheri-heater.com\/tr\/#\/schema\/logo\/image\/"}}]}},"_links":{"self":[{"href":"https:\/\/cheri-heater.com\/tr\/wp-json\/wp\/v2\/product\/1790","targetHints":{"allow":["GET"]}}],"collection":[{"href":"https:\/\/cheri-heater.com\/tr\/wp-json\/wp\/v2\/product"}],"about":[{"href":"https:\/\/cheri-heater.com\/tr\/wp-json\/wp\/v2\/types\/product"}],"wp:featuredmedia":[{"embeddable":true,"href":"https:\/\/cheri-heater.com\/tr\/wp-json\/wp\/v2\/media\/1791"}],"wp:attachment":[{"href":"https:\/\/cheri-heater.com\/tr\/wp-json\/wp\/v2\/media?parent=1790"}],"wp:term":[{"taxonomy":"product_brand","embeddable":true,"href":"https:\/\/cheri-heater.com\/tr\/wp-json\/wp\/v2\/product_brand?post=1790"},{"taxonomy":"product_cat","embeddable":true,"href":"https:\/\/cheri-heater.com\/tr\/wp-json\/wp\/v2\/product_cat?post=1790"},{"taxonomy":"product_tag","embeddable":true,"href":"https:\/\/cheri-heater.com\/tr\/wp-json\/wp\/v2\/product_tag?post=1790"}],"curies":[{"name":"wp","href":"https:\/\/api.w.org\/{rel}","templated":true}]}}