{"id":1792,"date":"2025-05-17T05:20:45","date_gmt":"2025-05-17T05:20:45","guid":{"rendered":"https:\/\/cheri-heater.com\/tr\/?post_type=product&#038;p=1792"},"modified":"2025-05-17T05:21:43","modified_gmt":"2025-05-17T05:21:43","slug":"buhar-borulu-isitici","status":"publish","type":"product","link":"https:\/\/cheri-heater.com\/tr\/product\/buhar-borulu-isitici\/","title":{"rendered":"Buhar Borulu Is\u0131t\u0131c\u0131"},"content":{"rendered":"","protected":false},"excerpt":{"rendered":"<h2><b><span class=\"\">Y\u00fcksek Kaliteli Buhar Borulu Is\u0131t\u0131c\u0131 \u00dcreticileri<\/span><\/b><\/h2>\n<p>Cheri Heater , zorlu end\u00fcstriyel \u0131s\u0131tma gereksinimlerini kar\u015f\u0131lamak \u00fczere tasarlanm\u0131\u015f sa\u011flam bir \u00e7\u00f6z\u00fcm olan\u00a0<b>buhar borulu \u0131s\u0131t\u0131c\u0131y\u0131 sunar\u00a0<\/b>. Hassasiyetle tasarlanan ve performans i\u00e7in \u00fcretilen bu \u0131s\u0131t\u0131c\u0131, tutarl\u0131 ve verimli buhar \u0131s\u0131tmas\u0131 gerektiren fabrikalar, tesisler ve di\u011fer y\u00fcksek \u00f6l\u00e7ekli operasyonlar i\u00e7in idealdir.<\/p>\n<p>\u0130ster \u00f6n \u0131s\u0131tma, ister kurutma veya i\u015fleme i\u00e7in olsun, buhar borulu \u0131s\u0131t\u0131c\u0131m\u0131z optimum enerji transferi ve uzun s\u00fcreli g\u00fcvenilirlik sa\u011flar.<\/p>\n<h3><b>Ola\u011fan\u00fcst\u00fc Verimlilik ve Dayan\u0131kl\u0131l\u0131k<\/b><\/h3>\n<p>Cheri Heater\u00a0<b>buharl\u0131 borulu \u0131s\u0131t\u0131c\u0131\u00a0<\/b>, y\u00fcksek bas\u0131n\u00e7l\u0131 ortamlarda dayan\u0131kl\u0131l\u0131k ve a\u015f\u0131nma direnci sa\u011flayan y\u00fcksek kaliteli malzemelerden \u00fcretilmi\u015ftir. Geli\u015fmi\u015f tasar\u0131m\u0131, e\u015fit \u0131s\u0131 da\u011f\u0131l\u0131m\u0131n\u0131 te\u015fvik ederek enerji israf\u0131n\u0131 azalt\u0131r ve operasyonel verimlili\u011fi en \u00fcst d\u00fczeye \u00e7\u0131kar\u0131r. Mevcut sistemlere kolay entegrasyonuyla, kesintisiz bir \u0131s\u0131tma deneyimi sunarak kesinti s\u00fcresini en aza indirir ve \u00fcretkenli\u011fi art\u0131r\u0131r.<\/p>\n<h3><b>Buhar Borulu Is\u0131t\u0131c\u0131lar\u0131m\u0131z\u0131n Temel \u00d6zellikleri<\/b><\/h3>\n<ul>\n<li aria-level=\"1\"><b>Hassas M\u00fchendislik\u00a0<\/b>: A\u015f\u0131r\u0131 ko\u015fullarda bile tutarl\u0131 performans i\u00e7in tasarlanm\u0131\u015ft\u0131r.<\/li>\n<li aria-level=\"1\"><b>\u00d6zelle\u015ftirilebilir Se\u00e7enekler\u00a0<\/b>: \u00c7e\u015fitli end\u00fcstriyel ihtiya\u00e7lara uyum sa\u011flamak i\u00e7in birden fazla watt ve uzunlukta mevcuttur.<\/li>\n<li aria-level=\"1\"><b>Korozyon Direnci\u00a0<\/b>: Zorlu end\u00fcstriyel ortamlar i\u00e7in m\u00fckemmel, korozyon \u00f6nleyici kaplamalarla \u00fcretilmi\u015ftir.<\/li>\n<li aria-level=\"1\"><b>Enerji Verimlili\u011fi\u00a0<\/b>: Performanstan \u00f6d\u00fcn vermeden operasyonel maliyetleri d\u00fc\u015f\u00fcrmek i\u00e7in optimize edilmi\u015ftir.<\/li>\n<li aria-level=\"1\"><b>Basit Bak\u0131m\u00a0<\/b>: Kolay temizlenebilir tasar\u0131m\u0131 sayesinde minimum bak\u0131m gereksinimi sa\u011flayarak zamandan ve kaynaklardan tasarruf sa\u011flar.<\/li>\n<\/ul>\n<h2><b>Buhar Borulu Is\u0131t\u0131c\u0131 \u00c7\u00f6z\u00fcmleri \u0130\u00e7in Neden Cheri Is\u0131t\u0131c\u0131y\u0131 Se\u00e7melisiniz?<\/b><\/h2>\n<p>Cheri Heater, bir\u00e7ok sekt\u00f6rdeki i\u015fletmeler taraf\u0131ndan g\u00fcvenilen end\u00fcstriyel s\u0131n\u0131f \u0131s\u0131tma ekipmanlar\u0131nda uzmanla\u015fm\u0131\u015ft\u0131r.\u00a0<b>Buhar borulu \u0131s\u0131t\u0131c\u0131m\u0131z\u00a0<\/b>yaln\u0131zca g\u00fcvenilir olmakla kalmaz, ayn\u0131 zamanda kurumsal al\u0131c\u0131lar\u0131n y\u00fcksek standartlar\u0131n\u0131 kar\u015f\u0131lamak i\u00e7in de tasarlanm\u0131\u015ft\u0131r. Toplu sat\u0131n alma se\u00e7enekleriyle fabrikalar\u0131n, \u00fcretim tesislerinin ve b\u00fcy\u00fck \u00f6l\u00e7ekli operasyonlar\u0131n ihtiya\u00e7lar\u0131n\u0131 kar\u015f\u0131l\u0131yoruz.<\/p>\n<p>Kaliteye olan ba\u011fl\u0131l\u0131\u011f\u0131m\u0131z, her \u00fcnitenin s\u0131k\u0131 g\u00fcvenlik ve performans standartlar\u0131n\u0131 kar\u015f\u0131lamas\u0131n\u0131 sa\u011flar. Cheri Heater&#8217;\u0131 se\u00e7ti\u011finizde, e\u015fsiz verimlilik ve uzun \u00f6m\u00fcr sa\u011flayan bir \u00fcr\u00fcne yat\u0131r\u0131m yapm\u0131\u015f olursunuz.<\/p>\n<h3><b>Toplu Sipari\u015fler \u0130\u00e7in Bizimle \u0130leti\u015fime Ge\u00e7in<\/b><\/h3>\n<p>End\u00fcstriyel \u0131s\u0131tma sistemlerinizi Cheri Heater\u00a0<b>buharl\u0131 borulu \u0131s\u0131t\u0131c\u0131 ile y\u00fckseltin\u00a0<\/b>. Performans i\u00e7in tasarlanm\u0131\u015f, uzun \u00f6m\u00fcrl\u00fc ve \u00f6zel ihtiya\u00e7lar\u0131n\u0131za g\u00f6re uyarlanm\u0131\u015f olan bu \u00fcr\u00fcn, \u0131s\u0131tma s\u00fcre\u00e7lerini kolayla\u015ft\u0131rmak isteyen i\u015fletmeler i\u00e7in g\u00fcvenilir bir se\u00e7imdir. Toplu fiyatland\u0131rma ve sekt\u00f6r\u00fcn\u00fcze g\u00f6re uyarlanm\u0131\u015f \u00f6zelle\u015ftirme se\u00e7eneklerini g\u00f6r\u00fc\u015fmek i\u00e7in bug\u00fcn bize ula\u015f\u0131n.<\/p>\n","protected":false},"featured_media":1793,"template":"","meta":[],"product_brand":[],"product_cat":[28],"product_tag":[199],"class_list":{"0":"post-1792","1":"product","2":"type-product","3":"status-publish","4":"has-post-thumbnail","6":"product_cat-tubular-heater","7":"product_tag-buhar-borulu-isitici","9":"first","10":"instock","11":"shipping-taxable","12":"product-type-simple"},"yoast_head":"<!-- This site is optimized with the Yoast SEO plugin v27.3 - https:\/\/yoast.com\/product\/yoast-seo-wordpress\/ -->\n<title>Lider Buhar Borulu Is\u0131t\u0131c\u0131 \u00dcreticileri | Cheri-heater.com<\/title>\n<meta name=\"description\" content=\"En \u0130yi Borulu Is\u0131t\u0131c\u0131 \u00dcreticileri - End\u00fcstriyel ve ticari uygulamalar i\u00e7in y\u00fcksek kaliteli, verimli borulu \u0131s\u0131t\u0131c\u0131lar. G\u00fcvenilir \u0131s\u0131tma \u00e7\u00f6z\u00fcmleri. Bizimle ileti\u015fime ge\u00e7in!\" \/>\n<meta name=\"robots\" content=\"index, follow, max-snippet:-1, max-image-preview:large, max-video-preview:-1\" \/>\n<link rel=\"canonical\" href=\"https:\/\/cheri-heater.com\/tr\/product\/buhar-borulu-isitici\/\" \/>\n<meta property=\"og:locale\" content=\"en_US\" \/>\n<meta property=\"og:type\" content=\"article\" \/>\n<meta property=\"og:title\" content=\"Lider Buhar Borulu Is\u0131t\u0131c\u0131 \u00dcreticileri | Cheri-heater.com\" \/>\n<meta property=\"og:description\" content=\"En \u0130yi Borulu Is\u0131t\u0131c\u0131 \u00dcreticileri - End\u00fcstriyel ve ticari uygulamalar i\u00e7in y\u00fcksek kaliteli, verimli borulu \u0131s\u0131t\u0131c\u0131lar. G\u00fcvenilir \u0131s\u0131tma \u00e7\u00f6z\u00fcmleri. Bizimle ileti\u015fime ge\u00e7in!\" \/>\n<meta property=\"og:url\" content=\"https:\/\/cheri-heater.com\/tr\/product\/buhar-borulu-isitici\/\" \/>\n<meta property=\"og:site_name\" content=\"Cheri Heater Technology Co.,Ltd.\" \/>\n<meta property=\"article:modified_time\" content=\"2025-05-17T05:21:43+00:00\" \/>\n<meta property=\"og:image\" content=\"https:\/\/cheri-heater.com\/tr\/wp-content\/uploads\/2025\/05\/steam-1.jpg\" \/>\n\t<meta property=\"og:image:width\" content=\"320\" \/>\n\t<meta property=\"og:image:height\" content=\"320\" \/>\n\t<meta property=\"og:image:type\" content=\"image\/jpeg\" \/>\n<meta name=\"twitter:card\" content=\"summary_large_image\" \/>\n<meta name=\"twitter:label1\" content=\"Est. reading time\" \/>\n\t<meta name=\"twitter:data1\" content=\"1 minute\" \/>\n<!-- \/ Yoast SEO plugin. -->","yoast_head_json":{"title":"Lider Buhar Borulu Is\u0131t\u0131c\u0131 \u00dcreticileri | Cheri-heater.com","description":"En \u0130yi Borulu Is\u0131t\u0131c\u0131 \u00dcreticileri - End\u00fcstriyel ve ticari uygulamalar i\u00e7in y\u00fcksek kaliteli, verimli borulu \u0131s\u0131t\u0131c\u0131lar. G\u00fcvenilir \u0131s\u0131tma \u00e7\u00f6z\u00fcmleri. Bizimle ileti\u015fime ge\u00e7in!","robots":{"index":"index","follow":"follow","max-snippet":"max-snippet:-1","max-image-preview":"max-image-preview:large","max-video-preview":"max-video-preview:-1"},"canonical":"https:\/\/cheri-heater.com\/tr\/product\/buhar-borulu-isitici\/","og_locale":"en_US","og_type":"article","og_title":"Lider Buhar Borulu Is\u0131t\u0131c\u0131 \u00dcreticileri | Cheri-heater.com","og_description":"En \u0130yi Borulu Is\u0131t\u0131c\u0131 \u00dcreticileri - End\u00fcstriyel ve ticari uygulamalar i\u00e7in y\u00fcksek kaliteli, verimli borulu \u0131s\u0131t\u0131c\u0131lar. G\u00fcvenilir \u0131s\u0131tma \u00e7\u00f6z\u00fcmleri. Bizimle ileti\u015fime ge\u00e7in!","og_url":"https:\/\/cheri-heater.com\/tr\/product\/buhar-borulu-isitici\/","og_site_name":"Cheri Heater Technology Co.,Ltd.","article_modified_time":"2025-05-17T05:21:43+00:00","og_image":[{"width":320,"height":320,"url":"https:\/\/cheri-heater.com\/tr\/wp-content\/uploads\/2025\/05\/steam-1.jpg","type":"image\/jpeg"}],"twitter_card":"summary_large_image","twitter_misc":{"Est. reading time":"1 minute"},"schema":{"@context":"https:\/\/schema.org","@graph":[{"@type":"WebPage","@id":"https:\/\/cheri-heater.com\/tr\/product\/buhar-borulu-isitici\/","url":"https:\/\/cheri-heater.com\/tr\/product\/buhar-borulu-isitici\/","name":"Lider Buhar Borulu Is\u0131t\u0131c\u0131 \u00dcreticileri | Cheri-heater.com","isPartOf":{"@id":"https:\/\/cheri-heater.com\/tr\/#website"},"primaryImageOfPage":{"@id":"https:\/\/cheri-heater.com\/tr\/product\/buhar-borulu-isitici\/#primaryimage"},"image":{"@id":"https:\/\/cheri-heater.com\/tr\/product\/buhar-borulu-isitici\/#primaryimage"},"thumbnailUrl":"https:\/\/cheri-heater.com\/tr\/wp-content\/uploads\/2025\/05\/steam-1.jpg","datePublished":"2025-05-17T05:20:45+00:00","dateModified":"2025-05-17T05:21:43+00:00","description":"En \u0130yi Borulu Is\u0131t\u0131c\u0131 \u00dcreticileri - End\u00fcstriyel ve ticari uygulamalar i\u00e7in y\u00fcksek kaliteli, verimli borulu \u0131s\u0131t\u0131c\u0131lar. G\u00fcvenilir \u0131s\u0131tma \u00e7\u00f6z\u00fcmleri. Bizimle ileti\u015fime ge\u00e7in!","breadcrumb":{"@id":"https:\/\/cheri-heater.com\/tr\/product\/buhar-borulu-isitici\/#breadcrumb"},"inLanguage":"en-US","potentialAction":[{"@type":"ReadAction","target":["https:\/\/cheri-heater.com\/tr\/product\/buhar-borulu-isitici\/"]}]},{"@type":"ImageObject","inLanguage":"en-US","@id":"https:\/\/cheri-heater.com\/tr\/product\/buhar-borulu-isitici\/#primaryimage","url":"https:\/\/cheri-heater.com\/tr\/wp-content\/uploads\/2025\/05\/steam-1.jpg","contentUrl":"https:\/\/cheri-heater.com\/tr\/wp-content\/uploads\/2025\/05\/steam-1.jpg","width":320,"height":320,"caption":"Buhar Borulu Is\u0131t\u0131c\u0131"},{"@type":"BreadcrumbList","@id":"https:\/\/cheri-heater.com\/tr\/product\/buhar-borulu-isitici\/#breadcrumb","itemListElement":[{"@type":"ListItem","position":1,"name":"Home","item":"https:\/\/cheri-heater.com\/tr\/"},{"@type":"ListItem","position":2,"name":"Products","item":"https:\/\/cheri-heater.com\/tr\/products\/"},{"@type":"ListItem","position":3,"name":"Buhar Borulu Is\u0131t\u0131c\u0131"}]},{"@type":"WebSite","@id":"https:\/\/cheri-heater.com\/tr\/#website","url":"https:\/\/cheri-heater.com\/tr\/","name":"Cheri Heater Technology Co.,Ltd.","description":"","publisher":{"@id":"https:\/\/cheri-heater.com\/tr\/#organization"},"potentialAction":[{"@type":"SearchAction","target":{"@type":"EntryPoint","urlTemplate":"https:\/\/cheri-heater.com\/tr\/?s={search_term_string}"},"query-input":{"@type":"PropertyValueSpecification","valueRequired":true,"valueName":"search_term_string"}}],"inLanguage":"en-US"},{"@type":"Organization","@id":"https:\/\/cheri-heater.com\/tr\/#organization","name":"Cheri Heater Technology Co.,Ltd.","url":"https:\/\/cheri-heater.com\/tr\/","logo":{"@type":"ImageObject","inLanguage":"en-US","@id":"https:\/\/cheri-heater.com\/tr\/#\/schema\/logo\/image\/","url":"https:\/\/cheri-heater.com\/tr\/wp-content\/uploads\/2024\/06\/cropped-logo-resize.png","contentUrl":"https:\/\/cheri-heater.com\/tr\/wp-content\/uploads\/2024\/06\/cropped-logo-resize.png","width":346,"height":99,"caption":"Cheri Heater Technology Co.,Ltd."},"image":{"@id":"https:\/\/cheri-heater.com\/tr\/#\/schema\/logo\/image\/"}}]}},"_links":{"self":[{"href":"https:\/\/cheri-heater.com\/tr\/wp-json\/wp\/v2\/product\/1792","targetHints":{"allow":["GET"]}}],"collection":[{"href":"https:\/\/cheri-heater.com\/tr\/wp-json\/wp\/v2\/product"}],"about":[{"href":"https:\/\/cheri-heater.com\/tr\/wp-json\/wp\/v2\/types\/product"}],"wp:featuredmedia":[{"embeddable":true,"href":"https:\/\/cheri-heater.com\/tr\/wp-json\/wp\/v2\/media\/1793"}],"wp:attachment":[{"href":"https:\/\/cheri-heater.com\/tr\/wp-json\/wp\/v2\/media?parent=1792"}],"wp:term":[{"taxonomy":"product_brand","embeddable":true,"href":"https:\/\/cheri-heater.com\/tr\/wp-json\/wp\/v2\/product_brand?post=1792"},{"taxonomy":"product_cat","embeddable":true,"href":"https:\/\/cheri-heater.com\/tr\/wp-json\/wp\/v2\/product_cat?post=1792"},{"taxonomy":"product_tag","embeddable":true,"href":"https:\/\/cheri-heater.com\/tr\/wp-json\/wp\/v2\/product_tag?post=1792"}],"curies":[{"name":"wp","href":"https:\/\/api.w.org\/{rel}","templated":true}]}}