{"id":1794,"date":"2025-05-17T05:24:06","date_gmt":"2025-05-17T05:24:06","guid":{"rendered":"https:\/\/cheri-heater.com\/tr\/?post_type=product&#038;p=1794"},"modified":"2025-05-17T05:25:41","modified_gmt":"2025-05-17T05:25:41","slug":"tank-isitma-borusu","status":"publish","type":"product","link":"https:\/\/cheri-heater.com\/tr\/product\/tank-isitma-borusu\/","title":{"rendered":"Tank Is\u0131tma Borusu"},"content":{"rendered":"","protected":false},"excerpt":{"rendered":"<h2><b><span class=\"\">Cheri Heater&#8217;dan \u00dcst\u00fcn Kaliteli Tank Is\u0131tma Borusu Al\u0131n<\/span><\/b><\/h2>\n<p>Cheri Heater , end\u00fcstriyel \u0131s\u0131tma sistemlerinin zorlu ihtiya\u00e7lar\u0131n\u0131 kar\u015f\u0131lamak \u00fczere tasarlanm\u0131\u015f\u00a0<b>tank \u0131s\u0131tma t\u00fcp\u00fcn\u00fc sunar\u00a0<\/b>. \u0130ster kimyasal i\u015fleme, ister su depolama veya ya\u011f \u0131s\u0131tma i\u00e7in olsun, sa\u011flam \u0131s\u0131tma t\u00fcplerimiz verimlilik, dayan\u0131kl\u0131l\u0131k ve e\u015fit \u0131s\u0131 da\u011f\u0131l\u0131m\u0131 sa\u011flar. Kusursuz entegrasyon i\u00e7in tasarlanm\u0131\u015f olup, \u00e7ok \u00e7e\u015fitli uygulamalarda g\u00fcvenilir performans sunarlar.<\/p>\n<h2><b>Neden Cheri Is\u0131t\u0131c\u0131 Tank Is\u0131tma Borusunu Se\u00e7melisiniz?<\/b><\/h2>\n<ol>\n<li><b>E\u015fsiz Dayan\u0131kl\u0131l\u0131k:\u00a0<\/b>Y\u00fcksek kaliteli paslanmaz \u00e7elikten \u00fcretilen Cheri Heater&#8217;\u0131n tank \u0131s\u0131tma borusu, korozyona ve a\u015f\u0131nmaya kar\u015f\u0131 dayan\u0131kl\u0131d\u0131r ve zorlu ortamlarda bile uzun s\u00fcreli performans sa\u011flar. Borular\u0131m\u0131z, a\u015f\u0131r\u0131 s\u0131cakl\u0131klara ve bas\u0131nca dayanacak \u015fekilde \u00fcretilmi\u015ftir ve kritik operasyonlarda g\u00f6n\u00fcl rahatl\u0131\u011f\u0131 sa\u011flar.<b><br \/>\n<\/b><\/li>\n<li><b>Enerji Verimlili\u011fi:\u00a0<\/b>Minimum enerji t\u00fcketimi i\u00e7in optimize edilmi\u015f \u0131s\u0131tma borular\u0131m\u0131z, \u00fcst\u00fcn \u0131s\u0131tma \u00e7\u0131k\u0131\u015f\u0131n\u0131 korurken i\u015fletme maliyetlerini azalt\u0131r. Geli\u015fmi\u015f tasar\u0131m, \u0131s\u0131 kayb\u0131n\u0131 en aza indirerek sisteminizin etkinli\u011fini en \u00fcst d\u00fczeye \u00e7\u0131kar\u0131r.<b><br \/>\n<\/b><\/li>\n<li><b>\u00c7ok Y\u00f6nl\u00fc Uygulama:\u00a0<\/b><b>Tank \u0131s\u0131tma borumuz\u00a0<\/b>a\u015fa\u011f\u0131dakiler\u00a0de dahil olmak \u00fczere \u00e7e\u015fitli end\u00fcstriler i\u00e7in idealdir:<b><br \/>\n<\/b><b><\/b><\/li>\n<\/ol>\n<ul>\n<li aria-level=\"1\">Kimyasal ve petrokimya i\u015fleme<\/li>\n<li aria-level=\"1\">G\u0131da ve i\u00e7ecek \u00fcretimi<\/li>\n<li aria-level=\"1\">\u0130la\u00e7 \u00fcretimi<\/li>\n<li aria-level=\"1\">Su ar\u0131tma tesisleri<\/li>\n<\/ul>\n<h3><b>Tank Is\u0131tma Borumuzun Temel \u00d6zellikleri<\/b><\/h3>\n<ul>\n<li aria-level=\"1\"><b>Hassas M\u00fchendislik:\u00a0<\/b>Tank\u0131n tamam\u0131nda tutarl\u0131 ve e\u015fit \u0131s\u0131tmay\u0131 garanti alt\u0131na alarak optimum \u0131s\u0131 transferi i\u00e7in tasarlanm\u0131\u015ft\u0131r.<\/li>\n<li aria-level=\"1\"><b>\u00d6zelle\u015ftirilebilir Se\u00e7enekler:\u00a0<\/b>Belirli end\u00fcstriyel gereksinimlere uyacak \u015fekilde \u00e7e\u015fitli uzunluklarda, \u00e7aplarda ve watt de\u011ferlerinde mevcuttur.<\/li>\n<li aria-level=\"1\"><b>G\u00fcvenlik Standartlar\u0131:\u00a0<\/b>End\u00fcstriyel \u0131s\u0131tma ekipmanlar\u0131 i\u00e7in uluslararas\u0131 g\u00fcvenlik ve kalite standartlar\u0131na tam uyumludur.<\/li>\n<\/ul>\n<h3><b>Cheri Is\u0131t\u0131c\u0131 Tank Is\u0131tma Borusunun Uygulamalar\u0131<\/b><\/h3>\n<ol>\n<li><b>Kimyasal \u0130\u015fleme:\u00a0<\/b>Hassas reaksiyonlar i\u00e7in hassas s\u0131cakl\u0131k kontrol\u00fcn\u00fc koruyun.\u00a0<b>2. Su Is\u0131tma:\u00a0<\/b>Su depolama sistemleri i\u00e7in enerji verimli \u00e7\u00f6z\u00fcmler sa\u011flay\u0131n.\u00a0<b>3. Ya\u011f Is\u0131tma:\u00a0<\/b>Ya\u011f depolama tanklar\u0131nda ak\u0131\u015fkanl\u0131\u011f\u0131 ve viskoziteyi korumak i\u00e7in g\u00fcvenilir performans.<br \/>\n<b><\/b><br \/>\n<b><\/b><\/li>\n<\/ol>\n<p>Cheri Heater&#8217;\u0131n\u00a0<b>tank \u0131s\u0131tma borusu,\u00a0<\/b>end\u00fcstriyel operasyonlar\u0131n\u0131z\u0131 geli\u015ftiren verimlilik ve g\u00fcvenilirlik sunarak i\u015fletmenizi d\u00fc\u015f\u00fcn\u00fclerek tasarlanm\u0131\u015ft\u0131r.<\/p>\n<h2><b>Geli\u015fmi\u015f Is\u0131tma \u00c7\u00f6z\u00fcmleri i\u00e7in Cheri Heater&#8217;a g\u00fcvenin<\/b><\/h2>\n<p>\u0130\u015fletmenizin ihtiya\u00e7lar\u0131na g\u00f6re uyarlanm\u0131\u015f yenilik\u00e7i \u0131s\u0131tma ekipmanlar\u0131 i\u00e7in Cheri Heater ile ortak olun. Performans ve dayan\u0131kl\u0131l\u0131\u011fa odaklanan\u00a0<b>tank \u0131s\u0131tma borumuz\u00a0<\/b>ola\u011fan\u00fcst\u00fc de\u011fer sunar.<\/p>\n<p>Tanklar\u0131n\u0131z\u0131 en iyilerle donat\u0131n \u2013 bug\u00fcn Cheri Heater&#8217;\u0131 se\u00e7in.<\/p>\n","protected":false},"featured_media":1795,"template":"","meta":[],"product_brand":[],"product_cat":[28],"product_tag":[200],"class_list":{"0":"post-1794","1":"product","2":"type-product","3":"status-publish","4":"has-post-thumbnail","6":"product_cat-tubular-heater","7":"product_tag-tank-isitma-borusu","9":"first","10":"instock","11":"shipping-taxable","12":"product-type-simple"},"yoast_head":"<!-- This site is optimized with the Yoast SEO plugin v27.3 - https:\/\/yoast.com\/product\/yoast-seo-wordpress\/ -->\n<title>Kaliteli Tank Is\u0131tma Borusu \u00dcreticileri | Cheri-heater.com<\/title>\n<meta name=\"description\" content=\"\u00dcst Tank Is\u0131tma Borusu \u00dcreticileri - Tanklar i\u00e7in y\u00fcksek kaliteli, dayan\u0131kl\u0131 \u0131s\u0131tma borular\u0131. End\u00fcstriyel ve ticari ihtiya\u00e7lar i\u00e7in g\u00fcvenilir \u00e7\u00f6z\u00fcmler. Bizimle ileti\u015fime ge\u00e7in!\" \/>\n<meta name=\"robots\" content=\"index, follow, max-snippet:-1, max-image-preview:large, max-video-preview:-1\" \/>\n<link rel=\"canonical\" href=\"https:\/\/cheri-heater.com\/tr\/product\/tank-isitma-borusu\/\" \/>\n<meta property=\"og:locale\" content=\"en_US\" \/>\n<meta property=\"og:type\" content=\"article\" \/>\n<meta property=\"og:title\" content=\"Kaliteli Tank Is\u0131tma Borusu \u00dcreticileri | Cheri-heater.com\" \/>\n<meta property=\"og:description\" content=\"\u00dcst Tank Is\u0131tma Borusu \u00dcreticileri - Tanklar i\u00e7in y\u00fcksek kaliteli, dayan\u0131kl\u0131 \u0131s\u0131tma borular\u0131. End\u00fcstriyel ve ticari ihtiya\u00e7lar i\u00e7in g\u00fcvenilir \u00e7\u00f6z\u00fcmler. Bizimle ileti\u015fime ge\u00e7in!\" \/>\n<meta property=\"og:url\" content=\"https:\/\/cheri-heater.com\/tr\/product\/tank-isitma-borusu\/\" \/>\n<meta property=\"og:site_name\" content=\"Cheri Heater Technology Co.,Ltd.\" \/>\n<meta property=\"article:modified_time\" content=\"2025-05-17T05:25:41+00:00\" \/>\n<meta property=\"og:image\" content=\"https:\/\/cheri-heater.com\/tr\/wp-content\/uploads\/2025\/05\/tank.png\" \/>\n\t<meta property=\"og:image:width\" content=\"350\" \/>\n\t<meta property=\"og:image:height\" content=\"289\" \/>\n\t<meta property=\"og:image:type\" content=\"image\/png\" \/>\n<meta name=\"twitter:card\" content=\"summary_large_image\" \/>\n<meta name=\"twitter:label1\" content=\"Est. reading time\" \/>\n\t<meta name=\"twitter:data1\" content=\"1 minute\" \/>\n<!-- \/ Yoast SEO plugin. -->","yoast_head_json":{"title":"Kaliteli Tank Is\u0131tma Borusu \u00dcreticileri | Cheri-heater.com","description":"\u00dcst Tank Is\u0131tma Borusu \u00dcreticileri - Tanklar i\u00e7in y\u00fcksek kaliteli, dayan\u0131kl\u0131 \u0131s\u0131tma borular\u0131. End\u00fcstriyel ve ticari ihtiya\u00e7lar i\u00e7in g\u00fcvenilir \u00e7\u00f6z\u00fcmler. Bizimle ileti\u015fime ge\u00e7in!","robots":{"index":"index","follow":"follow","max-snippet":"max-snippet:-1","max-image-preview":"max-image-preview:large","max-video-preview":"max-video-preview:-1"},"canonical":"https:\/\/cheri-heater.com\/tr\/product\/tank-isitma-borusu\/","og_locale":"en_US","og_type":"article","og_title":"Kaliteli Tank Is\u0131tma Borusu \u00dcreticileri | Cheri-heater.com","og_description":"\u00dcst Tank Is\u0131tma Borusu \u00dcreticileri - Tanklar i\u00e7in y\u00fcksek kaliteli, dayan\u0131kl\u0131 \u0131s\u0131tma borular\u0131. End\u00fcstriyel ve ticari ihtiya\u00e7lar i\u00e7in g\u00fcvenilir \u00e7\u00f6z\u00fcmler. Bizimle ileti\u015fime ge\u00e7in!","og_url":"https:\/\/cheri-heater.com\/tr\/product\/tank-isitma-borusu\/","og_site_name":"Cheri Heater Technology Co.,Ltd.","article_modified_time":"2025-05-17T05:25:41+00:00","og_image":[{"width":350,"height":289,"url":"https:\/\/cheri-heater.com\/tr\/wp-content\/uploads\/2025\/05\/tank.png","type":"image\/png"}],"twitter_card":"summary_large_image","twitter_misc":{"Est. reading time":"1 minute"},"schema":{"@context":"https:\/\/schema.org","@graph":[{"@type":"WebPage","@id":"https:\/\/cheri-heater.com\/tr\/product\/tank-isitma-borusu\/","url":"https:\/\/cheri-heater.com\/tr\/product\/tank-isitma-borusu\/","name":"Kaliteli Tank Is\u0131tma Borusu \u00dcreticileri | Cheri-heater.com","isPartOf":{"@id":"https:\/\/cheri-heater.com\/tr\/#website"},"primaryImageOfPage":{"@id":"https:\/\/cheri-heater.com\/tr\/product\/tank-isitma-borusu\/#primaryimage"},"image":{"@id":"https:\/\/cheri-heater.com\/tr\/product\/tank-isitma-borusu\/#primaryimage"},"thumbnailUrl":"https:\/\/cheri-heater.com\/tr\/wp-content\/uploads\/2025\/05\/tank.png","datePublished":"2025-05-17T05:24:06+00:00","dateModified":"2025-05-17T05:25:41+00:00","description":"\u00dcst Tank Is\u0131tma Borusu \u00dcreticileri - Tanklar i\u00e7in y\u00fcksek kaliteli, dayan\u0131kl\u0131 \u0131s\u0131tma borular\u0131. End\u00fcstriyel ve ticari ihtiya\u00e7lar i\u00e7in g\u00fcvenilir \u00e7\u00f6z\u00fcmler. Bizimle ileti\u015fime ge\u00e7in!","breadcrumb":{"@id":"https:\/\/cheri-heater.com\/tr\/product\/tank-isitma-borusu\/#breadcrumb"},"inLanguage":"en-US","potentialAction":[{"@type":"ReadAction","target":["https:\/\/cheri-heater.com\/tr\/product\/tank-isitma-borusu\/"]}]},{"@type":"ImageObject","inLanguage":"en-US","@id":"https:\/\/cheri-heater.com\/tr\/product\/tank-isitma-borusu\/#primaryimage","url":"https:\/\/cheri-heater.com\/tr\/wp-content\/uploads\/2025\/05\/tank.png","contentUrl":"https:\/\/cheri-heater.com\/tr\/wp-content\/uploads\/2025\/05\/tank.png","width":350,"height":289,"caption":"Tank Is\u0131tma Borusu"},{"@type":"BreadcrumbList","@id":"https:\/\/cheri-heater.com\/tr\/product\/tank-isitma-borusu\/#breadcrumb","itemListElement":[{"@type":"ListItem","position":1,"name":"Home","item":"https:\/\/cheri-heater.com\/tr\/"},{"@type":"ListItem","position":2,"name":"Products","item":"https:\/\/cheri-heater.com\/tr\/products\/"},{"@type":"ListItem","position":3,"name":"Tank Is\u0131tma Borusu"}]},{"@type":"WebSite","@id":"https:\/\/cheri-heater.com\/tr\/#website","url":"https:\/\/cheri-heater.com\/tr\/","name":"Cheri Heater Technology Co.,Ltd.","description":"","publisher":{"@id":"https:\/\/cheri-heater.com\/tr\/#organization"},"potentialAction":[{"@type":"SearchAction","target":{"@type":"EntryPoint","urlTemplate":"https:\/\/cheri-heater.com\/tr\/?s={search_term_string}"},"query-input":{"@type":"PropertyValueSpecification","valueRequired":true,"valueName":"search_term_string"}}],"inLanguage":"en-US"},{"@type":"Organization","@id":"https:\/\/cheri-heater.com\/tr\/#organization","name":"Cheri Heater Technology Co.,Ltd.","url":"https:\/\/cheri-heater.com\/tr\/","logo":{"@type":"ImageObject","inLanguage":"en-US","@id":"https:\/\/cheri-heater.com\/tr\/#\/schema\/logo\/image\/","url":"https:\/\/cheri-heater.com\/tr\/wp-content\/uploads\/2024\/06\/cropped-logo-resize.png","contentUrl":"https:\/\/cheri-heater.com\/tr\/wp-content\/uploads\/2024\/06\/cropped-logo-resize.png","width":346,"height":99,"caption":"Cheri Heater Technology Co.,Ltd."},"image":{"@id":"https:\/\/cheri-heater.com\/tr\/#\/schema\/logo\/image\/"}}]}},"_links":{"self":[{"href":"https:\/\/cheri-heater.com\/tr\/wp-json\/wp\/v2\/product\/1794","targetHints":{"allow":["GET"]}}],"collection":[{"href":"https:\/\/cheri-heater.com\/tr\/wp-json\/wp\/v2\/product"}],"about":[{"href":"https:\/\/cheri-heater.com\/tr\/wp-json\/wp\/v2\/types\/product"}],"wp:featuredmedia":[{"embeddable":true,"href":"https:\/\/cheri-heater.com\/tr\/wp-json\/wp\/v2\/media\/1795"}],"wp:attachment":[{"href":"https:\/\/cheri-heater.com\/tr\/wp-json\/wp\/v2\/media?parent=1794"}],"wp:term":[{"taxonomy":"product_brand","embeddable":true,"href":"https:\/\/cheri-heater.com\/tr\/wp-json\/wp\/v2\/product_brand?post=1794"},{"taxonomy":"product_cat","embeddable":true,"href":"https:\/\/cheri-heater.com\/tr\/wp-json\/wp\/v2\/product_cat?post=1794"},{"taxonomy":"product_tag","embeddable":true,"href":"https:\/\/cheri-heater.com\/tr\/wp-json\/wp\/v2\/product_tag?post=1794"}],"curies":[{"name":"wp","href":"https:\/\/api.w.org\/{rel}","templated":true}]}}