{"id":1796,"date":"2025-05-17T05:33:48","date_gmt":"2025-05-17T05:33:48","guid":{"rendered":"https:\/\/cheri-heater.com\/tr\/?post_type=product&#038;p=1796"},"modified":"2025-05-17T05:33:48","modified_gmt":"2025-05-17T05:33:48","slug":"iplik-borulu-isitici","status":"publish","type":"product","link":"https:\/\/cheri-heater.com\/tr\/product\/iplik-borulu-isitici\/","title":{"rendered":"Iplik Borulu Is\u0131t\u0131c\u0131"},"content":{"rendered":"","protected":false},"excerpt":{"rendered":"<h2><span>En \u0130yi Di\u015fli Borulu Is\u0131t\u0131c\u0131 \u00dcreticisi<\/span><\/h2>\n<p><span>Cheri-heater Thread Tubular Is\u0131t\u0131c\u0131 ile ekipmanlar\u0131n\u0131zda tutarl\u0131 ve g\u00fcvenilir \u0131s\u0131tma sa\u011flay\u0131n. Bu \u00e7ok y\u00f6nl\u00fc \u0131s\u0131t\u0131c\u0131, \u00e7e\u015fitli end\u00fcstriyel uygulamalar i\u00e7in hassas ve verimli \u0131s\u0131 transferi sunan dayan\u0131kl\u0131 bir metal k\u0131l\u0131f i\u00e7inde yer alan diren\u00e7li bir \u0131s\u0131tma eleman\u0131na sahiptir.<\/span><\/p>\n<h3><b><span>Cheri-heater Di\u015fli Borulu Is\u0131t\u0131c\u0131lar\u0131n Avantajlar\u0131:<\/span><\/b><\/h3>\n<ul>\n<li aria-level=\"1\"><b><span>\u00c7ok Y\u00f6nl\u00fc Is\u0131tma:\u00a0<\/span><\/b><span>Do\u011frudan veya dolayl\u0131 \u0131s\u0131tma gerektiren \u00e7ok \u00e7e\u015fitli uygulamalar i\u00e7in uygundur.<\/span><\/li>\n<li aria-level=\"1\"><b><span>Hassas Kontrol:\u00a0<\/span><\/b><span>Termostatlar veya kontrol panelleri arac\u0131l\u0131\u011f\u0131yla hassas s\u0131cakl\u0131k kontrol\u00fc sa\u011flay\u0131n.<\/span><\/li>\n<li aria-level=\"1\"><b><span>Homojen Is\u0131 Da\u011f\u0131l\u0131m\u0131:\u00a0<\/span><\/b><span>Silindirik tasar\u0131m, eleman uzunlu\u011fu boyunca e\u015fit \u0131s\u0131 da\u011f\u0131l\u0131m\u0131n\u0131 sa\u011flar.<\/span><\/li>\n<li aria-level=\"1\"><b><span>Y\u00fcksek S\u0131cakl\u0131k Yetene\u011fi:\u00a0<\/span><\/b><span>Zorlu end\u00fcstriyel prosesler i\u00e7in y\u00fcksek \u00e7al\u0131\u015fma s\u0131cakl\u0131klar\u0131na dayan\u0131kl\u0131d\u0131r.<\/span><\/li>\n<li aria-level=\"1\"><b><span>\u00d6zelle\u015ftirilebilir Se\u00e7enekler:\u00a0<\/span><\/b><span>\u00d6zel gereksinimlerinizi kar\u015f\u0131lamak i\u00e7in \u00e7e\u015fitli \u00e7aplarda, uzunluklarda, watt de\u011ferlerinde ve k\u0131l\u0131f malzemelerinde mevcuttur.<\/span><\/li>\n<\/ul>\n<p><b><span>Cheri-heater Di\u015fli Borulu Is\u0131t\u0131c\u0131lar \u015funlar i\u00e7in idealdir:<\/span><\/b><\/p>\n<ul>\n<li aria-level=\"1\"><span>S\u0131v\u0131 ve gazlar\u0131n \u0131s\u0131t\u0131lmas\u0131<\/span><\/li>\n<li aria-level=\"1\"><span>F\u0131r\u0131nlar ve ocaklar<\/span><\/li>\n<li aria-level=\"1\"><span>Plaka \u0131s\u0131tma<\/span><\/li>\n<li aria-level=\"1\"><span>Kal\u0131plar ve kal\u0131plar<\/span><\/li>\n<li aria-level=\"1\"><span>G\u0131da i\u015fleme ekipmanlar\u0131<\/span><\/li>\n<li aria-level=\"1\"><b><span>Ve daha bir\u00e7ok end\u00fcstriyel uygulama!<\/span><\/b><\/li>\n<\/ul>\n<p><b><span>Di\u015fli Borulu Is\u0131t\u0131c\u0131lar\u0131m\u0131z\u0131n Temel \u00d6zellikleri:<\/span><\/b><\/p>\n<ul>\n<li aria-level=\"1\"><span>Esnek montaj i\u00e7in b\u00fck\u00fclebilir tasar\u0131m.<\/span><\/li>\n<li aria-level=\"1\"><span>Verimli \u0131s\u0131 transferi i\u00e7in y\u00fcksek watt yo\u011funluklar\u0131.<\/span><\/li>\n<li aria-level=\"1\"><span>G\u00fcvenilir performans i\u00e7in uzun hizmet \u00f6mr\u00fc.<\/span><\/li>\n<\/ul>\n<p><b><span>\u00d6zel ihtiya\u00e7lar\u0131n\u0131z\u0131 g\u00f6r\u00fc\u015fmek ve Di\u015fli Borulu Is\u0131t\u0131c\u0131lar\u0131m\u0131z\u0131n \u0131s\u0131tma s\u00fcre\u00e7lerinizi nas\u0131l geli\u015ftirebilece\u011fini ke\u015ffetmek i\u00e7in bug\u00fcn Cheri-heater ile ileti\u015fime ge\u00e7in.<\/span><\/b><\/p>\n","protected":false},"featured_media":1797,"template":"","meta":[],"product_brand":[],"product_cat":[28],"product_tag":[201],"class_list":{"0":"post-1796","1":"product","2":"type-product","3":"status-publish","4":"has-post-thumbnail","6":"product_cat-tubular-heater","7":"product_tag-iplik-borulu-isitici","9":"first","10":"instock","11":"shipping-taxable","12":"product-type-simple"},"yoast_head":"<!-- This site is optimized with the Yoast SEO plugin v27.3 - https:\/\/yoast.com\/product\/yoast-seo-wordpress\/ -->\n<title>Lider Di\u015fli Boru Is\u0131t\u0131c\u0131 \u00dcreticisi | Cheri-heater.com<\/title>\n<meta name=\"description\" content=\"Verimli ve g\u00fcvenilir \u0131s\u0131tma \u00e7\u00f6z\u00fcmleri i\u00e7in tasarlanm\u0131\u015f y\u00fcksek kaliteli di\u015fli borulu \u0131s\u0131t\u0131c\u0131m\u0131z. \u00c7e\u015fitli uygulamalar i\u00e7in m\u00fckemmeldir.\" \/>\n<meta name=\"robots\" content=\"index, follow, max-snippet:-1, max-image-preview:large, max-video-preview:-1\" \/>\n<link rel=\"canonical\" href=\"https:\/\/cheri-heater.com\/tr\/product\/iplik-borulu-isitici\/\" \/>\n<meta property=\"og:locale\" content=\"en_US\" \/>\n<meta property=\"og:type\" content=\"article\" \/>\n<meta property=\"og:title\" content=\"Lider Di\u015fli Boru Is\u0131t\u0131c\u0131 \u00dcreticisi | Cheri-heater.com\" \/>\n<meta property=\"og:description\" content=\"Verimli ve g\u00fcvenilir \u0131s\u0131tma \u00e7\u00f6z\u00fcmleri i\u00e7in tasarlanm\u0131\u015f y\u00fcksek kaliteli di\u015fli borulu \u0131s\u0131t\u0131c\u0131m\u0131z. \u00c7e\u015fitli uygulamalar i\u00e7in m\u00fckemmeldir.\" \/>\n<meta property=\"og:url\" content=\"https:\/\/cheri-heater.com\/tr\/product\/iplik-borulu-isitici\/\" \/>\n<meta property=\"og:site_name\" content=\"Cheri Heater Technology Co.,Ltd.\" \/>\n<meta property=\"og:image\" content=\"https:\/\/cheri-heater.com\/tr\/wp-content\/uploads\/2025\/05\/Cheri-Electrothermal-Equipment-Limited-Company-5.jpg\" \/>\n\t<meta property=\"og:image:width\" content=\"712\" \/>\n\t<meta property=\"og:image:height\" content=\"579\" \/>\n\t<meta property=\"og:image:type\" content=\"image\/jpeg\" \/>\n<meta name=\"twitter:card\" content=\"summary_large_image\" \/>\n<meta name=\"twitter:label1\" content=\"Est. reading time\" \/>\n\t<meta name=\"twitter:data1\" content=\"1 minute\" \/>\n<!-- \/ Yoast SEO plugin. -->","yoast_head_json":{"title":"Lider Di\u015fli Boru Is\u0131t\u0131c\u0131 \u00dcreticisi | Cheri-heater.com","description":"Verimli ve g\u00fcvenilir \u0131s\u0131tma \u00e7\u00f6z\u00fcmleri i\u00e7in tasarlanm\u0131\u015f y\u00fcksek kaliteli di\u015fli borulu \u0131s\u0131t\u0131c\u0131m\u0131z. \u00c7e\u015fitli uygulamalar i\u00e7in m\u00fckemmeldir.","robots":{"index":"index","follow":"follow","max-snippet":"max-snippet:-1","max-image-preview":"max-image-preview:large","max-video-preview":"max-video-preview:-1"},"canonical":"https:\/\/cheri-heater.com\/tr\/product\/iplik-borulu-isitici\/","og_locale":"en_US","og_type":"article","og_title":"Lider Di\u015fli Boru Is\u0131t\u0131c\u0131 \u00dcreticisi | Cheri-heater.com","og_description":"Verimli ve g\u00fcvenilir \u0131s\u0131tma \u00e7\u00f6z\u00fcmleri i\u00e7in tasarlanm\u0131\u015f y\u00fcksek kaliteli di\u015fli borulu \u0131s\u0131t\u0131c\u0131m\u0131z. \u00c7e\u015fitli uygulamalar i\u00e7in m\u00fckemmeldir.","og_url":"https:\/\/cheri-heater.com\/tr\/product\/iplik-borulu-isitici\/","og_site_name":"Cheri Heater Technology Co.,Ltd.","og_image":[{"width":712,"height":579,"url":"https:\/\/cheri-heater.com\/tr\/wp-content\/uploads\/2025\/05\/Cheri-Electrothermal-Equipment-Limited-Company-5.jpg","type":"image\/jpeg"}],"twitter_card":"summary_large_image","twitter_misc":{"Est. reading time":"1 minute"},"schema":{"@context":"https:\/\/schema.org","@graph":[{"@type":"WebPage","@id":"https:\/\/cheri-heater.com\/tr\/product\/iplik-borulu-isitici\/","url":"https:\/\/cheri-heater.com\/tr\/product\/iplik-borulu-isitici\/","name":"Lider Di\u015fli Boru Is\u0131t\u0131c\u0131 \u00dcreticisi | Cheri-heater.com","isPartOf":{"@id":"https:\/\/cheri-heater.com\/tr\/#website"},"primaryImageOfPage":{"@id":"https:\/\/cheri-heater.com\/tr\/product\/iplik-borulu-isitici\/#primaryimage"},"image":{"@id":"https:\/\/cheri-heater.com\/tr\/product\/iplik-borulu-isitici\/#primaryimage"},"thumbnailUrl":"https:\/\/cheri-heater.com\/tr\/wp-content\/uploads\/2025\/05\/Cheri-Electrothermal-Equipment-Limited-Company-5.jpg","datePublished":"2025-05-17T05:33:48+00:00","description":"Verimli ve g\u00fcvenilir \u0131s\u0131tma \u00e7\u00f6z\u00fcmleri i\u00e7in tasarlanm\u0131\u015f y\u00fcksek kaliteli di\u015fli borulu \u0131s\u0131t\u0131c\u0131m\u0131z. \u00c7e\u015fitli uygulamalar i\u00e7in m\u00fckemmeldir.","breadcrumb":{"@id":"https:\/\/cheri-heater.com\/tr\/product\/iplik-borulu-isitici\/#breadcrumb"},"inLanguage":"en-US","potentialAction":[{"@type":"ReadAction","target":["https:\/\/cheri-heater.com\/tr\/product\/iplik-borulu-isitici\/"]}]},{"@type":"ImageObject","inLanguage":"en-US","@id":"https:\/\/cheri-heater.com\/tr\/product\/iplik-borulu-isitici\/#primaryimage","url":"https:\/\/cheri-heater.com\/tr\/wp-content\/uploads\/2025\/05\/Cheri-Electrothermal-Equipment-Limited-Company-5.jpg","contentUrl":"https:\/\/cheri-heater.com\/tr\/wp-content\/uploads\/2025\/05\/Cheri-Electrothermal-Equipment-Limited-Company-5.jpg","width":712,"height":579,"caption":"Iplik Borulu Is\u0131t\u0131c\u0131"},{"@type":"BreadcrumbList","@id":"https:\/\/cheri-heater.com\/tr\/product\/iplik-borulu-isitici\/#breadcrumb","itemListElement":[{"@type":"ListItem","position":1,"name":"Home","item":"https:\/\/cheri-heater.com\/tr\/"},{"@type":"ListItem","position":2,"name":"Products","item":"https:\/\/cheri-heater.com\/tr\/products\/"},{"@type":"ListItem","position":3,"name":"Iplik Borulu Is\u0131t\u0131c\u0131"}]},{"@type":"WebSite","@id":"https:\/\/cheri-heater.com\/tr\/#website","url":"https:\/\/cheri-heater.com\/tr\/","name":"Cheri Heater Technology Co.,Ltd.","description":"","publisher":{"@id":"https:\/\/cheri-heater.com\/tr\/#organization"},"potentialAction":[{"@type":"SearchAction","target":{"@type":"EntryPoint","urlTemplate":"https:\/\/cheri-heater.com\/tr\/?s={search_term_string}"},"query-input":{"@type":"PropertyValueSpecification","valueRequired":true,"valueName":"search_term_string"}}],"inLanguage":"en-US"},{"@type":"Organization","@id":"https:\/\/cheri-heater.com\/tr\/#organization","name":"Cheri Heater Technology Co.,Ltd.","url":"https:\/\/cheri-heater.com\/tr\/","logo":{"@type":"ImageObject","inLanguage":"en-US","@id":"https:\/\/cheri-heater.com\/tr\/#\/schema\/logo\/image\/","url":"https:\/\/cheri-heater.com\/tr\/wp-content\/uploads\/2024\/06\/cropped-logo-resize.png","contentUrl":"https:\/\/cheri-heater.com\/tr\/wp-content\/uploads\/2024\/06\/cropped-logo-resize.png","width":346,"height":99,"caption":"Cheri Heater Technology Co.,Ltd."},"image":{"@id":"https:\/\/cheri-heater.com\/tr\/#\/schema\/logo\/image\/"}}]}},"_links":{"self":[{"href":"https:\/\/cheri-heater.com\/tr\/wp-json\/wp\/v2\/product\/1796","targetHints":{"allow":["GET"]}}],"collection":[{"href":"https:\/\/cheri-heater.com\/tr\/wp-json\/wp\/v2\/product"}],"about":[{"href":"https:\/\/cheri-heater.com\/tr\/wp-json\/wp\/v2\/types\/product"}],"wp:featuredmedia":[{"embeddable":true,"href":"https:\/\/cheri-heater.com\/tr\/wp-json\/wp\/v2\/media\/1797"}],"wp:attachment":[{"href":"https:\/\/cheri-heater.com\/tr\/wp-json\/wp\/v2\/media?parent=1796"}],"wp:term":[{"taxonomy":"product_brand","embeddable":true,"href":"https:\/\/cheri-heater.com\/tr\/wp-json\/wp\/v2\/product_brand?post=1796"},{"taxonomy":"product_cat","embeddable":true,"href":"https:\/\/cheri-heater.com\/tr\/wp-json\/wp\/v2\/product_cat?post=1796"},{"taxonomy":"product_tag","embeddable":true,"href":"https:\/\/cheri-heater.com\/tr\/wp-json\/wp\/v2\/product_tag?post=1796"}],"curies":[{"name":"wp","href":"https:\/\/api.w.org\/{rel}","templated":true}]}}