{"id":1801,"date":"2025-05-17T05:37:35","date_gmt":"2025-05-17T05:37:35","guid":{"rendered":"https:\/\/cheri-heater.com\/tr\/?post_type=product&#038;p=1801"},"modified":"2025-05-17T05:37:36","modified_gmt":"2025-05-17T05:37:36","slug":"borulu-hava-isiticisi","status":"publish","type":"product","link":"https:\/\/cheri-heater.com\/tr\/product\/borulu-hava-isiticisi\/","title":{"rendered":"Borulu Hava Is\u0131t\u0131c\u0131s\u0131"},"content":{"rendered":"","protected":false},"excerpt":{"rendered":"<h2><b><span><span class=\"\">Verimli End\u00fcstriyel Is\u0131tma i\u00e7in Borulu Hava Is\u0131t\u0131c\u0131 \u00c7\u00f6z\u00fcmleri<\/span><\/span><\/b><\/h2>\n<h2><b><span>Cheri Heater&#8217;\u0131n Borulu Hava Is\u0131t\u0131c\u0131s\u0131 Neden \u00d6ne \u00c7\u0131k\u0131yor<\/span><\/b><\/h2>\n<p><span>Cheri Heater&#8217;\u0131n\u00a0<\/span><b><span>borulu hava \u0131s\u0131t\u0131c\u0131s\u0131,\u00a0<\/span><\/b><span>end\u00fcstriyel ve ticari uygulamalar\u0131n zorlu taleplerini kar\u015f\u0131lamak \u00fczere tasarlanm\u0131\u015ft\u0131r. Y\u00fcksek kaliteli malzemeler ve hassas m\u00fchendislikle \u00fcretilen \u0131s\u0131t\u0131c\u0131lar\u0131m\u0131z, operasyonlar\u0131n\u0131z\u0131n sorunsuz ve verimli bir \u015fekilde y\u00fcr\u00fct\u00fclmesini sa\u011flayarak tutarl\u0131 termal performans sa\u011flar. Uzun \u00f6m\u00fcrl\u00fc dayan\u0131kl\u0131l\u0131k i\u00e7in tasarlanan \u0131s\u0131t\u0131c\u0131lar\u0131m\u0131z, \u00fcretim, HVAC ve proses end\u00fcstrileri gibi sekt\u00f6rlerdeki i\u015fletmeler taraf\u0131ndan g\u00fcvenilirdir.<\/span><\/p>\n<h2><b><span>Borulu Hava Is\u0131t\u0131c\u0131s\u0131n\u0131n \u00c7e\u015fitli End\u00fcstrilerdeki Uygulamalar\u0131<\/span><\/b><\/h2>\n<p><b><span>Borulu hava \u0131s\u0131t\u0131c\u0131m\u0131z\u00a0<\/span><\/b><span>e\u015fsiz\u00a0<\/span><span>\u00e7ok y\u00f6nl\u00fcl\u00fck sunarak \u015fu sekt\u00f6rlere hizmet eder:<\/span><\/p>\n<ul>\n<li aria-level=\"1\"><b><span>\u00dcretim:\u00a0<\/span><\/b><span>Ekipman ve montaj hatlar\u0131 i\u00e7in kontroll\u00fc \u0131s\u0131y\u0131 koruyun.<\/span><\/li>\n<li aria-level=\"1\"><b><span>HVAC Sistemleri:\u00a0<\/span><\/b><span>Homojen hava ak\u0131\u015f\u0131 ve s\u0131cakl\u0131k da\u011f\u0131l\u0131m\u0131n\u0131 sa\u011flay\u0131n.<\/span><\/li>\n<li aria-level=\"1\"><b><span>Kimyasal \u0130\u015fleme:\u00a0<\/span><\/b><span>G\u00fcvenilir termal \u00e7\u0131k\u0131\u015f gerektiren kritik operasyonlar\u0131 kolayla\u015ft\u0131r\u0131r.<\/span><\/li>\n<li aria-level=\"1\"><b><span>G\u0131da ve \u0130\u00e7ecek:\u00a0<\/span><\/b><span>Sterilizasyon ve kurutma s\u00fcre\u00e7lerini destekler.<\/span><\/li>\n<\/ul>\n<p><span>Is\u0131tma ihtiya\u00e7lar\u0131n\u0131z\u0131n \u00f6l\u00e7e\u011fi veya karma\u015f\u0131kl\u0131\u011f\u0131 ne olursa olsun, Cheri Heater ihtiya\u00e7lar\u0131n\u0131za g\u00f6re uyarlanm\u0131\u015f \u00e7\u00f6z\u00fcmler sunar.<\/span><\/p>\n<h2><b><span>Cheri Heater&#8217;\u0131n Borulu Hava Is\u0131t\u0131c\u0131s\u0131n\u0131n Temel \u00d6zellikleri<\/span><\/b><\/h2>\n<ol>\n<li aria-level=\"1\"><b><span>Ola\u011fan\u00fcst\u00fc Is\u0131 Transfer Verimlili\u011fi\u00a0<\/span><\/b><span>Is\u0131l enerji \u00e7\u0131k\u0131\u015f\u0131n\u0131 optimize etmek i\u00e7in tasarlanan\u00a0<b>borulu hava \u0131s\u0131t\u0131c\u0131m\u0131z\u00a0<\/b>enerji t\u00fcketimini azaltarak i\u015fletme maliyetlerini d\u00fc\u015f\u00fcr\u00fcr.<\/span><b><br \/>\n<\/b><b><\/b><\/li>\n<li aria-level=\"1\"><b><span>\u00d6zelle\u015ftirilebilir Tasar\u0131m Se\u00e7enekleri\u00a0<\/span><\/b><span>Mevcut sistemlere veya yeni kurulumlara sorunsuz bir \u015fekilde entegrasyonu sa\u011flayan esnek yap\u0131land\u0131rmalar sunuyoruz.<\/span><b><br \/>\n<\/b><\/li>\n<li aria-level=\"1\"><b><span>Korozyona Dayan\u0131kl\u0131 Malzemeler\u00a0<\/span><\/b><span>Zorlu ortamlara dayanacak \u015fekilde \u00fcretilen \u0131s\u0131t\u0131c\u0131lar\u0131m\u0131z, g\u00fcvenilirli\u011fi garanti eder ve bak\u0131m gereksinimlerini en aza indirir.<\/span><b><br \/>\n<\/b><\/li>\n<li aria-level=\"1\"><b><span>Hassas S\u0131cakl\u0131k Kontrol\u00fc\u00a0<\/span><\/b><span>Kritik uygulamalar i\u00e7in hassas \u0131s\u0131 d\u00fczenlemesi elde edin, operasyonel standartlar\u0131 ve \u00fcr\u00fcn kalitesini koruyun.<\/span><b><br \/>\n<\/b><\/li>\n<li aria-level=\"1\"><b><span>End\u00fcstri Standartlar\u0131na Uygunluk\u00a0<\/span><\/b><span>T\u00fcm Cheri Heater \u00fcr\u00fcnleri,\u00a0<b>borulu hava \u0131s\u0131t\u0131c\u0131lar\u0131 da dahil olmak \u00fczere\u00a0<\/b>, k\u00fcresel g\u00fcvenlik ve performans sertifikalar\u0131na uygundur.<\/span><b><br \/>\n<\/b><b><\/b><\/li>\n<\/ol>\n<h2><b><span>Kurumsal Al\u0131c\u0131lar Neden Cheri Is\u0131t\u0131c\u0131y\u0131 Tercih Ediyor?<\/span><\/b><\/h2>\n<p><span>Cheri Heater&#8217;da yenilik\u00e7i m\u00fchendisli\u011fi m\u00fc\u015fteri odakl\u0131 bir yakla\u015f\u0131mla birle\u015ftiriyoruz. Toplu al\u0131c\u0131lar rekabet\u00e7i fiyatland\u0131rmadan, sorunsuz teslimattan ve kurulum ve teknik destek konusunda yard\u0131mc\u0131 olmaya haz\u0131r bir ekipten faydalan\u0131r. Mevcut sistemleri y\u00fckseltiyor veya yeni bir proje planl\u0131yor olun,\u00a0<\/span><b><span>borulu hava \u0131s\u0131t\u0131c\u0131m\u0131z\u00a0<\/span><\/b><span>verimlilik ve g\u00fcvenilirli\u011fe bir yat\u0131r\u0131md\u0131r.<\/span><\/p>\n<p><b><i><span>Cheri Is\u0131t\u0131c\u0131\u2014her t\u00fcrl\u00fc end\u00fcstriyel \u0131s\u0131tma ihtiyac\u0131 i\u00e7in performans\u0131n hassasiyetle bulu\u015ftu\u011fu yer.<\/span><\/i><\/b><\/p>\n","protected":false},"featured_media":1802,"template":"","meta":[],"product_brand":[],"product_cat":[28],"product_tag":[202],"class_list":{"0":"post-1801","1":"product","2":"type-product","3":"status-publish","4":"has-post-thumbnail","6":"product_cat-tubular-heater","7":"product_tag-borulu-hava-isiticisi","9":"first","10":"instock","11":"shipping-taxable","12":"product-type-simple"},"yoast_head":"<!-- This site is optimized with the Yoast SEO plugin v27.3 - https:\/\/yoast.com\/product\/yoast-seo-wordpress\/ -->\n<title>Y\u00fcksek Kaliteli Borulu Hava Is\u0131t\u0131c\u0131s\u0131 | Cheri-heater.com<\/title>\n<meta name=\"description\" content=\"End\u00fcstriyel uygulamalarda hassas s\u0131cakl\u0131k kontrol\u00fc i\u00e7in y\u00fcksek verimli borulu hava \u0131s\u0131t\u0131c\u0131lar\u0131n\u0131 ke\u015ffedin. Dayan\u0131kl\u0131, g\u00fcvenilir ve enerji tasarrufu sa\u011flayan \u00e7\u00f6z\u00fcmler.\" \/>\n<meta name=\"robots\" content=\"index, follow, max-snippet:-1, max-image-preview:large, max-video-preview:-1\" \/>\n<link rel=\"canonical\" href=\"https:\/\/cheri-heater.com\/tr\/product\/borulu-hava-isiticisi\/\" \/>\n<meta property=\"og:locale\" content=\"en_US\" \/>\n<meta property=\"og:type\" content=\"article\" \/>\n<meta property=\"og:title\" content=\"Y\u00fcksek Kaliteli Borulu Hava Is\u0131t\u0131c\u0131s\u0131 | Cheri-heater.com\" \/>\n<meta property=\"og:description\" content=\"End\u00fcstriyel uygulamalarda hassas s\u0131cakl\u0131k kontrol\u00fc i\u00e7in y\u00fcksek verimli borulu hava \u0131s\u0131t\u0131c\u0131lar\u0131n\u0131 ke\u015ffedin. Dayan\u0131kl\u0131, g\u00fcvenilir ve enerji tasarrufu sa\u011flayan \u00e7\u00f6z\u00fcmler.\" \/>\n<meta property=\"og:url\" content=\"https:\/\/cheri-heater.com\/tr\/product\/borulu-hava-isiticisi\/\" \/>\n<meta property=\"og:site_name\" content=\"Cheri Heater Technology Co.,Ltd.\" \/>\n<meta property=\"article:modified_time\" content=\"2025-05-17T05:37:36+00:00\" \/>\n<meta property=\"og:image\" content=\"https:\/\/cheri-heater.com\/tr\/wp-content\/uploads\/2025\/05\/air.jpg\" \/>\n\t<meta property=\"og:image:width\" content=\"320\" \/>\n\t<meta property=\"og:image:height\" content=\"320\" \/>\n\t<meta property=\"og:image:type\" content=\"image\/jpeg\" \/>\n<meta name=\"twitter:card\" content=\"summary_large_image\" \/>\n<meta name=\"twitter:label1\" content=\"Est. reading time\" \/>\n\t<meta name=\"twitter:data1\" content=\"1 minute\" \/>\n<!-- \/ Yoast SEO plugin. -->","yoast_head_json":{"title":"Y\u00fcksek Kaliteli Borulu Hava Is\u0131t\u0131c\u0131s\u0131 | Cheri-heater.com","description":"End\u00fcstriyel uygulamalarda hassas s\u0131cakl\u0131k kontrol\u00fc i\u00e7in y\u00fcksek verimli borulu hava \u0131s\u0131t\u0131c\u0131lar\u0131n\u0131 ke\u015ffedin. Dayan\u0131kl\u0131, g\u00fcvenilir ve enerji tasarrufu sa\u011flayan \u00e7\u00f6z\u00fcmler.","robots":{"index":"index","follow":"follow","max-snippet":"max-snippet:-1","max-image-preview":"max-image-preview:large","max-video-preview":"max-video-preview:-1"},"canonical":"https:\/\/cheri-heater.com\/tr\/product\/borulu-hava-isiticisi\/","og_locale":"en_US","og_type":"article","og_title":"Y\u00fcksek Kaliteli Borulu Hava Is\u0131t\u0131c\u0131s\u0131 | Cheri-heater.com","og_description":"End\u00fcstriyel uygulamalarda hassas s\u0131cakl\u0131k kontrol\u00fc i\u00e7in y\u00fcksek verimli borulu hava \u0131s\u0131t\u0131c\u0131lar\u0131n\u0131 ke\u015ffedin. Dayan\u0131kl\u0131, g\u00fcvenilir ve enerji tasarrufu sa\u011flayan \u00e7\u00f6z\u00fcmler.","og_url":"https:\/\/cheri-heater.com\/tr\/product\/borulu-hava-isiticisi\/","og_site_name":"Cheri Heater Technology Co.,Ltd.","article_modified_time":"2025-05-17T05:37:36+00:00","og_image":[{"width":320,"height":320,"url":"https:\/\/cheri-heater.com\/tr\/wp-content\/uploads\/2025\/05\/air.jpg","type":"image\/jpeg"}],"twitter_card":"summary_large_image","twitter_misc":{"Est. reading time":"1 minute"},"schema":{"@context":"https:\/\/schema.org","@graph":[{"@type":"WebPage","@id":"https:\/\/cheri-heater.com\/tr\/product\/borulu-hava-isiticisi\/","url":"https:\/\/cheri-heater.com\/tr\/product\/borulu-hava-isiticisi\/","name":"Y\u00fcksek Kaliteli Borulu Hava Is\u0131t\u0131c\u0131s\u0131 | Cheri-heater.com","isPartOf":{"@id":"https:\/\/cheri-heater.com\/tr\/#website"},"primaryImageOfPage":{"@id":"https:\/\/cheri-heater.com\/tr\/product\/borulu-hava-isiticisi\/#primaryimage"},"image":{"@id":"https:\/\/cheri-heater.com\/tr\/product\/borulu-hava-isiticisi\/#primaryimage"},"thumbnailUrl":"https:\/\/cheri-heater.com\/tr\/wp-content\/uploads\/2025\/05\/air.jpg","datePublished":"2025-05-17T05:37:35+00:00","dateModified":"2025-05-17T05:37:36+00:00","description":"End\u00fcstriyel uygulamalarda hassas s\u0131cakl\u0131k kontrol\u00fc i\u00e7in y\u00fcksek verimli borulu hava \u0131s\u0131t\u0131c\u0131lar\u0131n\u0131 ke\u015ffedin. Dayan\u0131kl\u0131, g\u00fcvenilir ve enerji tasarrufu sa\u011flayan \u00e7\u00f6z\u00fcmler.","breadcrumb":{"@id":"https:\/\/cheri-heater.com\/tr\/product\/borulu-hava-isiticisi\/#breadcrumb"},"inLanguage":"en-US","potentialAction":[{"@type":"ReadAction","target":["https:\/\/cheri-heater.com\/tr\/product\/borulu-hava-isiticisi\/"]}]},{"@type":"ImageObject","inLanguage":"en-US","@id":"https:\/\/cheri-heater.com\/tr\/product\/borulu-hava-isiticisi\/#primaryimage","url":"https:\/\/cheri-heater.com\/tr\/wp-content\/uploads\/2025\/05\/air.jpg","contentUrl":"https:\/\/cheri-heater.com\/tr\/wp-content\/uploads\/2025\/05\/air.jpg","width":320,"height":320,"caption":"Borulu Hava Is\u0131t\u0131c\u0131s\u0131"},{"@type":"BreadcrumbList","@id":"https:\/\/cheri-heater.com\/tr\/product\/borulu-hava-isiticisi\/#breadcrumb","itemListElement":[{"@type":"ListItem","position":1,"name":"Home","item":"https:\/\/cheri-heater.com\/tr\/"},{"@type":"ListItem","position":2,"name":"Products","item":"https:\/\/cheri-heater.com\/tr\/products\/"},{"@type":"ListItem","position":3,"name":"Borulu Hava Is\u0131t\u0131c\u0131s\u0131"}]},{"@type":"WebSite","@id":"https:\/\/cheri-heater.com\/tr\/#website","url":"https:\/\/cheri-heater.com\/tr\/","name":"Cheri Heater Technology Co.,Ltd.","description":"","publisher":{"@id":"https:\/\/cheri-heater.com\/tr\/#organization"},"potentialAction":[{"@type":"SearchAction","target":{"@type":"EntryPoint","urlTemplate":"https:\/\/cheri-heater.com\/tr\/?s={search_term_string}"},"query-input":{"@type":"PropertyValueSpecification","valueRequired":true,"valueName":"search_term_string"}}],"inLanguage":"en-US"},{"@type":"Organization","@id":"https:\/\/cheri-heater.com\/tr\/#organization","name":"Cheri Heater Technology Co.,Ltd.","url":"https:\/\/cheri-heater.com\/tr\/","logo":{"@type":"ImageObject","inLanguage":"en-US","@id":"https:\/\/cheri-heater.com\/tr\/#\/schema\/logo\/image\/","url":"https:\/\/cheri-heater.com\/tr\/wp-content\/uploads\/2024\/06\/cropped-logo-resize.png","contentUrl":"https:\/\/cheri-heater.com\/tr\/wp-content\/uploads\/2024\/06\/cropped-logo-resize.png","width":346,"height":99,"caption":"Cheri Heater Technology Co.,Ltd."},"image":{"@id":"https:\/\/cheri-heater.com\/tr\/#\/schema\/logo\/image\/"}}]}},"_links":{"self":[{"href":"https:\/\/cheri-heater.com\/tr\/wp-json\/wp\/v2\/product\/1801","targetHints":{"allow":["GET"]}}],"collection":[{"href":"https:\/\/cheri-heater.com\/tr\/wp-json\/wp\/v2\/product"}],"about":[{"href":"https:\/\/cheri-heater.com\/tr\/wp-json\/wp\/v2\/types\/product"}],"wp:featuredmedia":[{"embeddable":true,"href":"https:\/\/cheri-heater.com\/tr\/wp-json\/wp\/v2\/media\/1802"}],"wp:attachment":[{"href":"https:\/\/cheri-heater.com\/tr\/wp-json\/wp\/v2\/media?parent=1801"}],"wp:term":[{"taxonomy":"product_brand","embeddable":true,"href":"https:\/\/cheri-heater.com\/tr\/wp-json\/wp\/v2\/product_brand?post=1801"},{"taxonomy":"product_cat","embeddable":true,"href":"https:\/\/cheri-heater.com\/tr\/wp-json\/wp\/v2\/product_cat?post=1801"},{"taxonomy":"product_tag","embeddable":true,"href":"https:\/\/cheri-heater.com\/tr\/wp-json\/wp\/v2\/product_tag?post=1801"}],"curies":[{"name":"wp","href":"https:\/\/api.w.org\/{rel}","templated":true}]}}