{"id":842,"date":"2024-06-03T18:08:21","date_gmt":"2024-06-03T18:08:21","guid":{"rendered":"https:\/\/cheri-heater.com\/tr\/?post_type=product&#038;p=842"},"modified":"2024-07-30T23:06:59","modified_gmt":"2024-07-30T23:06:59","slug":"brass-band-heater","status":"publish","type":"product","link":"https:\/\/cheri-heater.com\/tr\/product\/brass-band-heater\/","title":{"rendered":"Brass Bant Is\u0131t\u0131c\u0131"},"content":{"rendered":"<table width=\"750\" cellspacing=\"0\" cellpadding=\"0\">\n<tbody>\n<tr valign=\"top\">\n<td bgcolor=\"#f3f4f8\" width=\"224\">\n<p class=\"western\" align=\"left\"><span style=\"font-family: \u5b8b\u4f53;\"><span style=\"font-size: medium;\"><b>\u00dcr\u00fcn Ad\u0131<\/b><\/span><\/span><\/p>\n<\/td>\n<td width=\"524\">\n<p class=\"western\" align=\"left\"><span style=\"font-family: \u5b8b\u4f53;\"><span style=\"font-size: small;\">Brass band \u0131s\u0131t\u0131c\u0131<\/span><\/span><\/p>\n<\/td>\n<\/tr>\n<tr valign=\"top\">\n<td bgcolor=\"#f3f4f8\" width=\"224\">\n<p class=\"western\" align=\"left\"><span style=\"font-family: \u5b8b\u4f53;\"><span style=\"font-size: medium;\"><b>Malzeme<\/b><\/span><\/span><\/p>\n<\/td>\n<td width=\"524\">\n<p class=\"western\" align=\"left\"><span style=\"font-family: \u5b8b\u4f53;\"><span style=\"font-size: small;\">Brass<\/span><\/span><\/p>\n<\/td>\n<\/tr>\n<tr valign=\"top\">\n<td bgcolor=\"#f3f4f8\" width=\"224\">\n<p class=\"western\" align=\"left\"><span style=\"font-family: \u5b8b\u4f53;\"><span style=\"font-size: medium;\"><b>Voltaj<\/b><\/span><\/span><\/p>\n<\/td>\n<td width=\"524\">\n<p class=\"western\" align=\"left\"><span style=\"font-family: \u5b8b\u4f53;\"><span style=\"font-size: small;\">110v, 220v, 450v<\/span><\/span><\/p>\n<\/td>\n<\/tr>\n<tr valign=\"top\">\n<td bgcolor=\"#f3f4f8\" width=\"224\">\n<p class=\"western\" align=\"left\"><span style=\"font-family: \u5b8b\u4f53;\"><span style=\"font-size: medium;\"><b>Boyut<\/b><\/span><\/span><\/p>\n<\/td>\n<td width=\"524\">\n<p class=\"western\" align=\"left\"><span style=\"font-family: \u5b8b\u4f53;\"><span style=\"font-size: small;\">35*45\/35*50\/35*60\/36*30\/36*35mm (\u00e7ap*y\u00fckseklik)<\/span><\/span><\/p>\n<\/td>\n<\/tr>\n<tr valign=\"top\">\n<td bgcolor=\"#f3f4f8\" width=\"224\">\n<p class=\"western\" align=\"left\"><span style=\"font-family: \u5b8b\u4f53;\"><span style=\"font-size: medium;\"><b>G\u00fc\u00e7<\/b><\/span><\/span><\/p>\n<\/td>\n<td width=\"524\">\n<p class=\"western\" align=\"left\"><span style=\"font-family: \u5b8b\u4f53;\"><span style=\"font-size: small;\">200W\/250W\/280W\/150W\/180W<\/span><\/span><\/p>\n<\/td>\n<\/tr>\n<tr valign=\"top\">\n<td bgcolor=\"#f3f4f8\" width=\"224\">\n<p class=\"western\" align=\"left\"><span style=\"font-family: \u5b8b\u4f53;\"><span style=\"font-size: medium;\"><b>Maksimum \u00e7al\u0131\u015fma s\u0131cakl\u0131\u011f\u0131<\/b><\/span><\/span><\/p>\n<\/td>\n<td width=\"524\">\n<p class=\"western\" align=\"left\"><span style=\"font-family: \u5b8b\u4f53;\"><span style=\"font-size: small;\"><span lang=\"en-US\">300-400<\/span><\/span><\/span><span style=\"font-family: \u5b8b\u4f53;\"><span style=\"font-size: small;\"><span lang=\"en-US\">\u2103<\/span><\/span><\/span><\/p>\n<\/td>\n<\/tr>\n<tr valign=\"top\">\n<td bgcolor=\"#f3f4f8\" width=\"224\">\n<p class=\"western\" align=\"left\"><span style=\"font-family: \u5b8b\u4f53;\"><span style=\"font-size: medium;\"><b>Diren\u00e7 Teli T\u00fcr\u00fc<\/b><\/span><\/span><\/p>\n<\/td>\n<td width=\"524\">\n<p class=\"western\" align=\"left\"><span style=\"font-family: \u5b8b\u4f53;\"><span style=\"font-size: small;\">NiCr 80\/20<\/span><\/span><\/p>\n<\/td>\n<\/tr>\n<tr valign=\"top\">\n<td bgcolor=\"#f3f4f8\" width=\"224\">\n<p class=\"western\" align=\"left\"><span style=\"font-family: \u5b8b\u4f53;\"><span style=\"font-size: medium;\"><b>Bant Yap\u0131s\u0131<\/b><\/span><\/span><\/p>\n<\/td>\n<td width=\"524\">\n<p class=\"western\" align=\"left\"><span style=\"font-family: \u5b8b\u4f53;\"><span style=\"font-size: small;\">Tek par\u00e7a veya \u0130ki Par\u00e7a<\/span><\/span><\/p>\n<\/td>\n<\/tr>\n<tr valign=\"top\">\n<td bgcolor=\"#f3f4f8\" width=\"224\">\n<p class=\"western\" align=\"left\"><span style=\"font-family: \u5b8b\u4f53;\"><span style=\"font-size: medium;\"><b>Bo\u015fluk Kilitleme Mekanizmas\u0131 T\u00fcr\u00fc<\/b><\/span><\/span><\/p>\n<\/td>\n<td width=\"524\">\n<p class=\"western\" align=\"left\"><span style=\"font-family: \u5b8b\u4f53;\"><span style=\"font-size: small;\">Flan\u015f, Silindirik Somunlar veya Yok<\/span><\/span><\/p>\n<\/td>\n<\/tr>\n<tr valign=\"top\">\n<td bgcolor=\"#f3f4f8\" width=\"224\">\n<p class=\"western\" align=\"left\"><span style=\"font-family: \u5b8b\u4f53;\"><span style=\"font-size: medium;\"><b>Kablo \u00c7\u0131k\u0131\u015f Yeri<\/b><\/span><\/span><\/p>\n<\/td>\n<td width=\"524\">\n<p class=\"western\" align=\"left\"><span style=\"font-family: \u5b8b\u4f53;\"><span style=\"font-size: small;\">Standart veya \u00d6zelle\u015ftirilmi\u015f<\/span><\/span><\/p>\n<\/td>\n<\/tr>\n<tr valign=\"top\">\n<td bgcolor=\"#f3f4f8\" width=\"224\">\n<p class=\"western\" align=\"left\"><span style=\"font-family: \u5b8b\u4f53;\"><span style=\"font-size: medium;\"><b>Ba\u011flant\u0131 Stili<\/b><\/span><\/span><\/p>\n<\/td>\n<td width=\"524\">\n<p class=\"western\" align=\"left\"><span style=\"font-family: \u5b8b\u4f53;\"><span style=\"font-size: small;\">Standart kablo, Vida terminali; 2-Pin Euro Priz veya 3-Pin Euro Priz<\/span><\/span><\/p>\n<\/td>\n<\/tr>\n<tr valign=\"top\">\n<td bgcolor=\"#f3f4f8\" width=\"224\">\n<p class=\"western\" align=\"left\"><span style=\"font-family: \u5b8b\u4f53;\"><span style=\"font-size: medium;\"><b>Delik Mevcudiyeti<\/b><\/span><\/span><\/p>\n<\/td>\n<td width=\"524\">\n<p class=\"western\" align=\"left\"><span style=\"font-family: \u5b8b\u4f53;\"><span style=\"font-size: small;\">M\u00fc\u015fteri-Tasar\u0131m<\/span><\/span><\/p>\n<\/td>\n<\/tr>\n<tr valign=\"top\">\n<td bgcolor=\"#f3f4f8\" width=\"224\">\n<p class=\"western\" align=\"left\"><span style=\"font-family: \u5b8b\u4f53;\"><span style=\"font-size: medium;\"><b>\u00c7entik Mevcudiyeti<\/b><\/span><\/span><\/p>\n<\/td>\n<td width=\"524\">\n<p class=\"western\" align=\"left\"><span style=\"font-family: \u5b8b\u4f53;\"><span style=\"font-size: small;\">M\u00fc\u015fteri-Tasar\u0131m<\/span><\/span><\/p>\n<\/td>\n<\/tr>\n<\/tbody>\n<\/table>\n","protected":false},"excerpt":{"rendered":"<p>\u00dcr\u00fcn Ad\u0131 Brass band \u0131s\u0131t\u0131c\u0131 Malzeme Brass Voltaj 110v, 220v, 450v Boyut 35*45\/35*50\/35*60\/36*30\/36*35mm (\u00e7ap*y\u00fckseklik) G\u00fc\u00e7 200W\/250W\/280W\/150W\/180W Maksimum \u00e7al\u0131\u015fma s\u0131cakl\u0131\u011f\u0131 300-400\u2103 Diren\u00e7 Teli T\u00fcr\u00fc NiCr 80\/20 Bant Yap\u0131s\u0131 Tek par\u00e7a veya \u0130ki Par\u00e7a Bo\u015fluk Kilitleme Mekanizmas\u0131 T\u00fcr\u00fc Flan\u015f, Silindirik Somunlar veya Yok Kablo \u00c7\u0131k\u0131\u015f Yeri Standart veya \u00d6zelle\u015ftirilmi\u015f Ba\u011flant\u0131 Stili Standart kablo, Vida terminali; 2-Pin Euro [&hellip;]<\/p>\n","protected":false},"featured_media":848,"template":"","meta":[],"product_brand":[],"product_cat":[20],"product_tag":[149],"class_list":{"0":"post-842","1":"product","2":"type-product","3":"status-publish","4":"has-post-thumbnail","6":"product_cat-band-heater","7":"product_tag-brass-band-heater","9":"first","10":"instock","11":"shipping-taxable","12":"product-type-simple"},"yoast_head":"<!-- This site is optimized with the Yoast SEO plugin v27.3 - https:\/\/yoast.com\/product\/yoast-seo-wordpress\/ -->\n<title>Brass Bant Is\u0131t\u0131c\u0131 - Cheri Heater Technology Co.,Ltd.<\/title>\n<meta name=\"robots\" content=\"index, follow, max-snippet:-1, max-image-preview:large, max-video-preview:-1\" \/>\n<link rel=\"canonical\" href=\"https:\/\/cheri-heater.com\/tr\/product\/brass-band-heater\/\" \/>\n<meta property=\"og:locale\" content=\"en_US\" \/>\n<meta property=\"og:type\" content=\"article\" \/>\n<meta property=\"og:title\" content=\"Brass Bant Is\u0131t\u0131c\u0131 - Cheri Heater Technology Co.,Ltd.\" \/>\n<meta property=\"og:description\" content=\"\u00dcr\u00fcn Ad\u0131 Brass band \u0131s\u0131t\u0131c\u0131 Malzeme Brass Voltaj 110v, 220v, 450v Boyut 35*45\/35*50\/35*60\/36*30\/36*35mm (\u00e7ap*y\u00fckseklik) G\u00fc\u00e7 200W\/250W\/280W\/150W\/180W Maksimum \u00e7al\u0131\u015fma s\u0131cakl\u0131\u011f\u0131 300-400\u2103 Diren\u00e7 Teli T\u00fcr\u00fc NiCr 80\/20 Bant Yap\u0131s\u0131 Tek par\u00e7a veya \u0130ki Par\u00e7a Bo\u015fluk Kilitleme Mekanizmas\u0131 T\u00fcr\u00fc Flan\u015f, Silindirik Somunlar veya Yok Kablo \u00c7\u0131k\u0131\u015f Yeri Standart veya \u00d6zelle\u015ftirilmi\u015f Ba\u011flant\u0131 Stili Standart kablo, Vida terminali; 2-Pin Euro [&hellip;]\" \/>\n<meta property=\"og:url\" content=\"https:\/\/cheri-heater.com\/tr\/product\/brass-band-heater\/\" \/>\n<meta property=\"og:site_name\" content=\"Cheri Heater Technology Co.,Ltd.\" \/>\n<meta property=\"article:modified_time\" content=\"2024-07-30T23:06:59+00:00\" \/>\n<meta property=\"og:image\" content=\"https:\/\/cheri-heater.com\/tr\/wp-content\/uploads\/2024\/06\/H0a276c6dba73471fa03c1e5099063a30b-1.jpg\" \/>\n\t<meta property=\"og:image:width\" content=\"800\" \/>\n\t<meta property=\"og:image:height\" content=\"800\" \/>\n\t<meta property=\"og:image:type\" content=\"image\/jpeg\" \/>\n<meta name=\"twitter:card\" content=\"summary_large_image\" \/>\n<meta name=\"twitter:label1\" content=\"Est. reading time\" \/>\n\t<meta name=\"twitter:data1\" content=\"1 minute\" \/>\n<!-- \/ Yoast SEO plugin. -->","yoast_head_json":{"title":"Brass Bant Is\u0131t\u0131c\u0131 - Cheri Heater Technology Co.,Ltd.","robots":{"index":"index","follow":"follow","max-snippet":"max-snippet:-1","max-image-preview":"max-image-preview:large","max-video-preview":"max-video-preview:-1"},"canonical":"https:\/\/cheri-heater.com\/tr\/product\/brass-band-heater\/","og_locale":"en_US","og_type":"article","og_title":"Brass Bant Is\u0131t\u0131c\u0131 - Cheri Heater Technology Co.,Ltd.","og_description":"\u00dcr\u00fcn Ad\u0131 Brass band \u0131s\u0131t\u0131c\u0131 Malzeme Brass Voltaj 110v, 220v, 450v Boyut 35*45\/35*50\/35*60\/36*30\/36*35mm (\u00e7ap*y\u00fckseklik) G\u00fc\u00e7 200W\/250W\/280W\/150W\/180W Maksimum \u00e7al\u0131\u015fma s\u0131cakl\u0131\u011f\u0131 300-400\u2103 Diren\u00e7 Teli T\u00fcr\u00fc NiCr 80\/20 Bant Yap\u0131s\u0131 Tek par\u00e7a veya \u0130ki Par\u00e7a Bo\u015fluk Kilitleme Mekanizmas\u0131 T\u00fcr\u00fc Flan\u015f, Silindirik Somunlar veya Yok Kablo \u00c7\u0131k\u0131\u015f Yeri Standart veya \u00d6zelle\u015ftirilmi\u015f Ba\u011flant\u0131 Stili Standart kablo, Vida terminali; 2-Pin Euro [&hellip;]","og_url":"https:\/\/cheri-heater.com\/tr\/product\/brass-band-heater\/","og_site_name":"Cheri Heater Technology Co.,Ltd.","article_modified_time":"2024-07-30T23:06:59+00:00","og_image":[{"width":800,"height":800,"url":"https:\/\/cheri-heater.com\/tr\/wp-content\/uploads\/2024\/06\/H0a276c6dba73471fa03c1e5099063a30b-1.jpg","type":"image\/jpeg"}],"twitter_card":"summary_large_image","twitter_misc":{"Est. reading time":"1 minute"},"schema":{"@context":"https:\/\/schema.org","@graph":[{"@type":"WebPage","@id":"https:\/\/cheri-heater.com\/tr\/product\/brass-band-heater\/","url":"https:\/\/cheri-heater.com\/tr\/product\/brass-band-heater\/","name":"Brass Bant Is\u0131t\u0131c\u0131 - Cheri Heater Technology Co.,Ltd.","isPartOf":{"@id":"https:\/\/cheri-heater.com\/tr\/#website"},"primaryImageOfPage":{"@id":"https:\/\/cheri-heater.com\/tr\/product\/brass-band-heater\/#primaryimage"},"image":{"@id":"https:\/\/cheri-heater.com\/tr\/product\/brass-band-heater\/#primaryimage"},"thumbnailUrl":"https:\/\/cheri-heater.com\/tr\/wp-content\/uploads\/2024\/06\/H0a276c6dba73471fa03c1e5099063a30b-1.jpg","datePublished":"2024-06-03T18:08:21+00:00","dateModified":"2024-07-30T23:06:59+00:00","breadcrumb":{"@id":"https:\/\/cheri-heater.com\/tr\/product\/brass-band-heater\/#breadcrumb"},"inLanguage":"en-US","potentialAction":[{"@type":"ReadAction","target":["https:\/\/cheri-heater.com\/tr\/product\/brass-band-heater\/"]}]},{"@type":"ImageObject","inLanguage":"en-US","@id":"https:\/\/cheri-heater.com\/tr\/product\/brass-band-heater\/#primaryimage","url":"https:\/\/cheri-heater.com\/tr\/wp-content\/uploads\/2024\/06\/H0a276c6dba73471fa03c1e5099063a30b-1.jpg","contentUrl":"https:\/\/cheri-heater.com\/tr\/wp-content\/uploads\/2024\/06\/H0a276c6dba73471fa03c1e5099063a30b-1.jpg","width":800,"height":800},{"@type":"BreadcrumbList","@id":"https:\/\/cheri-heater.com\/tr\/product\/brass-band-heater\/#breadcrumb","itemListElement":[{"@type":"ListItem","position":1,"name":"Home","item":"https:\/\/cheri-heater.com\/tr\/"},{"@type":"ListItem","position":2,"name":"Products","item":"https:\/\/cheri-heater.com\/tr\/products\/"},{"@type":"ListItem","position":3,"name":"Brass Bant Is\u0131t\u0131c\u0131"}]},{"@type":"WebSite","@id":"https:\/\/cheri-heater.com\/tr\/#website","url":"https:\/\/cheri-heater.com\/tr\/","name":"Cheri Heater Technology Co.,Ltd.","description":"","publisher":{"@id":"https:\/\/cheri-heater.com\/tr\/#organization"},"potentialAction":[{"@type":"SearchAction","target":{"@type":"EntryPoint","urlTemplate":"https:\/\/cheri-heater.com\/tr\/?s={search_term_string}"},"query-input":{"@type":"PropertyValueSpecification","valueRequired":true,"valueName":"search_term_string"}}],"inLanguage":"en-US"},{"@type":"Organization","@id":"https:\/\/cheri-heater.com\/tr\/#organization","name":"Cheri Heater Technology Co.,Ltd.","url":"https:\/\/cheri-heater.com\/tr\/","logo":{"@type":"ImageObject","inLanguage":"en-US","@id":"https:\/\/cheri-heater.com\/tr\/#\/schema\/logo\/image\/","url":"https:\/\/cheri-heater.com\/tr\/wp-content\/uploads\/2024\/06\/cropped-logo-resize.png","contentUrl":"https:\/\/cheri-heater.com\/tr\/wp-content\/uploads\/2024\/06\/cropped-logo-resize.png","width":346,"height":99,"caption":"Cheri Heater Technology Co.,Ltd."},"image":{"@id":"https:\/\/cheri-heater.com\/tr\/#\/schema\/logo\/image\/"}}]}},"_links":{"self":[{"href":"https:\/\/cheri-heater.com\/tr\/wp-json\/wp\/v2\/product\/842","targetHints":{"allow":["GET"]}}],"collection":[{"href":"https:\/\/cheri-heater.com\/tr\/wp-json\/wp\/v2\/product"}],"about":[{"href":"https:\/\/cheri-heater.com\/tr\/wp-json\/wp\/v2\/types\/product"}],"wp:featuredmedia":[{"embeddable":true,"href":"https:\/\/cheri-heater.com\/tr\/wp-json\/wp\/v2\/media\/848"}],"wp:attachment":[{"href":"https:\/\/cheri-heater.com\/tr\/wp-json\/wp\/v2\/media?parent=842"}],"wp:term":[{"taxonomy":"product_brand","embeddable":true,"href":"https:\/\/cheri-heater.com\/tr\/wp-json\/wp\/v2\/product_brand?post=842"},{"taxonomy":"product_cat","embeddable":true,"href":"https:\/\/cheri-heater.com\/tr\/wp-json\/wp\/v2\/product_cat?post=842"},{"taxonomy":"product_tag","embeddable":true,"href":"https:\/\/cheri-heater.com\/tr\/wp-json\/wp\/v2\/product_tag?post=842"}],"curies":[{"name":"wp","href":"https:\/\/api.w.org\/{rel}","templated":true}]}}