{"id":849,"date":"2024-06-03T18:08:33","date_gmt":"2024-06-03T18:08:33","guid":{"rendered":"https:\/\/cheri-heater.com\/tr\/?post_type=product&#038;p=849"},"modified":"2024-07-30T23:06:25","modified_gmt":"2024-07-30T23:06:25","slug":"ceramic-band-heater","status":"publish","type":"product","link":"https:\/\/cheri-heater.com\/tr\/product\/ceramic-band-heater\/","title":{"rendered":"Seramik Bant Is\u0131t\u0131c\u0131"},"content":{"rendered":"<table width=\"750\" cellspacing=\"0\" cellpadding=\"0\">\n<tbody>\n<tr valign=\"top\">\n<td bgcolor=\"#ffffff\" width=\"306\" height=\"19\">\n<p class=\"western\" align=\"left\"><span style=\"color: #333333;\"><span style=\"font-family: Helvetica, Arial, sans-serif;\"><span style=\"font-size: small;\">\u00dcr\u00fcn Ad\u0131<\/span><\/span><\/span><\/p>\n<\/td>\n<td bgcolor=\"#ffffff\" width=\"442\">\n<p class=\"western\" align=\"left\"><span style=\"color: #333333;\"><span style=\"font-family: Helvetica, Arial, sans-serif;\"><span style=\"font-size: small;\">Seramik Bant Is\u0131t\u0131c\u0131lar<\/span><\/span><\/span><\/p>\n<\/td>\n<\/tr>\n<tr valign=\"top\">\n<td bgcolor=\"#ffffff\" width=\"306\" height=\"20\">\n<p class=\"western\" align=\"left\"><span style=\"color: #333333;\"><span style=\"font-family: Helvetica, Arial, sans-serif;\"><span style=\"font-size: small;\">\u0130zolasyon Malzemesi<\/span><\/span><\/span><\/p>\n<\/td>\n<td bgcolor=\"#ffffff\" width=\"442\">\n<p class=\"western\" align=\"left\"><span style=\"color: #333333;\"><span style=\"font-family: Helvetica, Arial, sans-serif;\"><span style=\"font-size: small;\">Seramik Lif \u0130zolasyonu<\/span><\/span><\/span><\/p>\n<\/td>\n<\/tr>\n<tr valign=\"top\">\n<td bgcolor=\"#ffffff\" width=\"306\" height=\"20\">\n<p class=\"western\" align=\"left\"><span style=\"color: #333333;\"><span style=\"font-family: Helvetica, Arial, sans-serif;\"><span style=\"font-size: small;\">Dalga Boyu Aral\u0131\u011f\u0131<\/span><\/span><\/span><\/p>\n<\/td>\n<td bgcolor=\"#ffffff\" width=\"442\">\n<p class=\"western\" align=\"left\"><span style=\"color: #333333;\"><span style=\"font-family: Helvetica, Arial, sans-serif;\"><span style=\"font-size: small;\">2-10 Mikron<\/span><\/span><\/span><\/p>\n<\/td>\n<\/tr>\n<tr valign=\"top\">\n<td bgcolor=\"#ffffff\" width=\"306\" height=\"20\">\n<p class=\"western\" align=\"left\"><span style=\"color: #333333;\"><span style=\"font-family: Helvetica, Arial, sans-serif;\"><span style=\"font-size: small;\">Maksimum Watt Yo\u011funlu\u011fu<\/span><\/span><\/span><\/p>\n<\/td>\n<td bgcolor=\"#ffffff\" width=\"442\">\n<p class=\"western\" align=\"left\"><span style=\"color: #333333;\"><span style=\"font-family: Helvetica, Arial, sans-serif;\"><span style=\"font-size: small;\">6 W\/cm\u00b2<\/span><\/span><\/span><\/p>\n<\/td>\n<\/tr>\n<tr valign=\"top\">\n<td bgcolor=\"#ffffff\" width=\"306\" height=\"20\">\n<p class=\"western\" align=\"left\"><span style=\"color: #333333;\"><span style=\"font-family: Helvetica, Arial, sans-serif;\"><span style=\"font-size: small;\">Watt Tolerans\u0131<\/span><\/span><\/span><\/p>\n<\/td>\n<td bgcolor=\"#ffffff\" width=\"442\">\n<p class=\"western\" align=\"left\"><span style=\"color: #333333;\"><span style=\"font-family: Helvetica, Arial, sans-serif;\"><span style=\"font-size: small;\">+%5 -%10<\/span><\/span><\/span><\/p>\n<\/td>\n<\/tr>\n<tr valign=\"top\">\n<td bgcolor=\"#ffffff\" width=\"306\" height=\"20\">\n<p class=\"western\" align=\"left\"><span style=\"color: #333333;\"><span style=\"font-family: Helvetica, Arial, sans-serif;\"><span style=\"font-size: small;\">\u00c7al\u0131\u015fma S\u0131cakl\u0131\u011f\u0131<\/span><\/span><\/span><\/p>\n<\/td>\n<td bgcolor=\"#ffffff\" width=\"442\">\n<p class=\"western\" align=\"left\"><span style=\"color: #333333;\"><span style=\"font-family: Helvetica, Arial, sans-serif;\"><span style=\"font-size: small;\">300\u00b0C &#8211; 700\u00b0C (572\u00b0F &#8211; 1292\u00b0F)<\/span><\/span><\/span><\/p>\n<\/td>\n<\/tr>\n<tr valign=\"top\">\n<td bgcolor=\"#ffffff\" width=\"306\" height=\"20\">\n<p class=\"western\" align=\"left\"><span style=\"color: #333333;\"><span style=\"font-family: Helvetica, Arial, sans-serif;\"><span style=\"font-size: small;\">Mini \u00c7ap<\/span><\/span><\/span><\/p>\n<\/td>\n<td bgcolor=\"#ffffff\" width=\"442\">\n<p class=\"western\" align=\"left\"><span style=\"color: #333333;\"><span style=\"font-family: Helvetica, Arial, sans-serif;\"><span style=\"font-size: small;\">60mm<\/span><\/span><\/span><\/p>\n<\/td>\n<\/tr>\n<tr valign=\"top\">\n<td bgcolor=\"#ffffff\" width=\"306\" height=\"20\">\n<p class=\"western\" align=\"left\"><span style=\"color: #333333;\"><span style=\"font-family: Helvetica, Arial, sans-serif;\"><span style=\"font-size: small;\">Mini Y\u00fckseklik<\/span><\/span><\/span><\/p>\n<\/td>\n<td bgcolor=\"#ffffff\" width=\"442\">\n<p class=\"western\" align=\"left\"><span style=\"color: #333333;\"><span style=\"font-family: Helvetica, Arial, sans-serif;\"><span style=\"font-size: small;\">25.4mm<\/span><\/span><\/span><\/p>\n<\/td>\n<\/tr>\n<tr valign=\"top\">\n<td bgcolor=\"#ffffff\" width=\"306\" height=\"20\">\n<p class=\"western\" align=\"left\"><span style=\"color: #333333;\"><span style=\"font-family: Helvetica, Arial, sans-serif;\"><span style=\"font-size: small;\">Standart Kal\u0131nl\u0131k<\/span><\/span><\/span><\/p>\n<\/td>\n<td bgcolor=\"#ffffff\" width=\"442\">\n<p class=\"western\" align=\"left\"><span style=\"color: #333333;\"><span style=\"font-family: Helvetica, Arial, sans-serif;\"><span style=\"font-size: small;\">12 mm<\/span><\/span><\/span><\/p>\n<\/td>\n<\/tr>\n<tr valign=\"top\">\n<td bgcolor=\"#ffffff\" width=\"306\" height=\"20\">\n<p class=\"western\" align=\"left\"><span style=\"color: #333333;\"><span style=\"font-family: Helvetica, Arial, sans-serif;\"><span style=\"font-size: small;\">Standart Bo\u015fluk<\/span><\/span><\/span><\/p>\n<\/td>\n<td bgcolor=\"#ffffff\" width=\"442\">\n<p class=\"western\" align=\"left\"><span style=\"color: #333333;\"><span style=\"font-family: Helvetica, Arial, sans-serif;\"><span style=\"font-size: small;\">9 mm<\/span><\/span><\/span><\/p>\n<\/td>\n<\/tr>\n<tr valign=\"top\">\n<td bgcolor=\"#ffffff\" width=\"306\" height=\"19\">\n<p class=\"western\" align=\"left\"><span style=\"color: #333333;\"><span style=\"font-family: Helvetica, Arial, sans-serif;\"><span style=\"font-size: small;\">\u00c7al\u0131\u015fma \u00d6mr\u00fc<\/span><\/span><\/span><\/p>\n<\/td>\n<td bgcolor=\"#ffffff\" width=\"442\">\n<p class=\"western\" align=\"left\"><span style=\"color: #333333;\"><span style=\"font-family: Helvetica, Arial, sans-serif;\"><span style=\"font-size: small;\">20000 saat<\/span><\/span><\/span><\/p>\n<\/td>\n<p><\n\n<\/p>\n","protected":false},"excerpt":{"rendered":"<p class=\"western\"><span style=\"color: #333333;\"><span style=\"font-family: Helvetica, Arial, sans-serif;\"><span style=\"font-size: small;\">Seramik bant \u0131s\u0131t\u0131c\u0131lar\u0131, maksimum \u00e7al\u0131\u015fma s\u0131cakl\u0131\u011f\u0131 600\u2103 olan orta-y\u00fcksek s\u0131cakl\u0131k \u0131s\u0131t\u0131c\u0131lar\u0131d\u0131r. Uzun \u00f6m\u00fcr sa\u011flarlar ve plastik ekstr\u00fczyon ve enjeksiyon kal\u0131plama uygulamalar\u0131nda daha az watt t\u00fcketirler (izolasyon nedeniyle).<\/span><\/span><\/span><\/p>\n<p class=\"western\"><span style=\"color: #333333;\"><span style=\"font-family: Helvetica, Arial, sans-serif;\"><span style=\"font-size: small;\">Seramik bant \u0131s\u0131t\u0131c\u0131lar\u0131 farkl\u0131 terminal stillerinde mevcuttur, tamamen esnektir ve delikler ve kesikler i\u00e7erebilir. \u00d6zel gereksinimler i\u00e7in \u00f6zel \u0131s\u0131t\u0131c\u0131lar\u0131n tasar\u0131m\u0131 ve geli\u015ftirilmesi konusunda fabrika m\u00fchendislik deste\u011fi mevcuttur.<\/span><\/span><\/span><\/p>\n","protected":false},"featured_media":856,"template":"","meta":[],"product_brand":[],"product_cat":[20],"product_tag":[150],"class_list":{"0":"post-849","1":"product","2":"type-product","3":"status-publish","4":"has-post-thumbnail","6":"product_cat-band-heater","7":"product_tag-ceramic-band-heater","9":"first","10":"instock","11":"shipping-taxable","12":"product-type-simple"},"yoast_head":"<!-- This site is optimized with the Yoast SEO plugin v27.3 - https:\/\/yoast.com\/product\/yoast-seo-wordpress\/ -->\n<title>En \u0130yi Seramik Bant Is\u0131t\u0131c\u0131 \u00dcreticisi | Kaliteli Is\u0131tma \u00c7\u00f6z\u00fcmleri<\/title>\n<meta name=\"description\" content=\"\u00d6nde Gelen Seramik Band Is\u0131t\u0131c\u0131 \u00dcreticileri | Y\u00fcksek kaliteli ve verimli end\u00fcstriyel \u0131s\u0131tma \u00e7\u00f6z\u00fcmleri i\u00e7in en iyi \u00fcr\u00fcnleri bulun. Uzman rehberli\u011fi ve ola\u011fan\u00fcst\u00fc m\u00fc\u015fteri hizmetleri ile ihtiyac\u0131n\u0131za uygun \u00fcr\u00fcnleri ke\u015ffedin.\" \/>\n<meta name=\"robots\" content=\"index, follow, max-snippet:-1, max-image-preview:large, max-video-preview:-1\" \/>\n<link rel=\"canonical\" href=\"https:\/\/cheri-heater.com\/tr\/product\/ceramic-band-heater\/\" \/>\n<meta property=\"og:locale\" content=\"en_US\" \/>\n<meta property=\"og:type\" content=\"article\" \/>\n<meta property=\"og:title\" content=\"En \u0130yi Seramik Bant Is\u0131t\u0131c\u0131 \u00dcreticisi | Kaliteli Is\u0131tma \u00c7\u00f6z\u00fcmleri\" \/>\n<meta property=\"og:description\" content=\"\u00d6nde Gelen Seramik Band Is\u0131t\u0131c\u0131 \u00dcreticileri | Y\u00fcksek kaliteli ve verimli end\u00fcstriyel \u0131s\u0131tma \u00e7\u00f6z\u00fcmleri i\u00e7in en iyi \u00fcr\u00fcnleri bulun. Uzman rehberli\u011fi ve ola\u011fan\u00fcst\u00fc m\u00fc\u015fteri hizmetleri ile ihtiyac\u0131n\u0131za uygun \u00fcr\u00fcnleri ke\u015ffedin.\" \/>\n<meta property=\"og:url\" content=\"https:\/\/cheri-heater.com\/tr\/product\/ceramic-band-heater\/\" \/>\n<meta property=\"og:site_name\" content=\"Cheri Heater Technology Co.,Ltd.\" \/>\n<meta property=\"article:modified_time\" content=\"2024-07-30T23:06:25+00:00\" \/>\n<meta property=\"og:image\" content=\"https:\/\/cheri-heater.com\/tr\/wp-content\/uploads\/2024\/06\/HTB1J1hadjfguuRjSspkq6xchpXac-1.jpg\" \/>\n\t<meta property=\"og:image:width\" content=\"800\" \/>\n\t<meta property=\"og:image:height\" content=\"800\" \/>\n\t<meta property=\"og:image:type\" content=\"image\/jpeg\" \/>\n<meta name=\"twitter:card\" content=\"summary_large_image\" \/>\n<meta name=\"twitter:label1\" content=\"Est. reading time\" \/>\n\t<meta name=\"twitter:data1\" content=\"1 minute\" \/>\n<!-- \/ Yoast SEO plugin. -->","yoast_head_json":{"title":"En \u0130yi Seramik Bant Is\u0131t\u0131c\u0131 \u00dcreticisi | Kaliteli Is\u0131tma \u00c7\u00f6z\u00fcmleri","description":"\u00d6nde Gelen Seramik Band Is\u0131t\u0131c\u0131 \u00dcreticileri | Y\u00fcksek kaliteli ve verimli end\u00fcstriyel \u0131s\u0131tma \u00e7\u00f6z\u00fcmleri i\u00e7in en iyi \u00fcr\u00fcnleri bulun. Uzman rehberli\u011fi ve ola\u011fan\u00fcst\u00fc m\u00fc\u015fteri hizmetleri ile ihtiyac\u0131n\u0131za uygun \u00fcr\u00fcnleri ke\u015ffedin.","robots":{"index":"index","follow":"follow","max-snippet":"max-snippet:-1","max-image-preview":"max-image-preview:large","max-video-preview":"max-video-preview:-1"},"canonical":"https:\/\/cheri-heater.com\/tr\/product\/ceramic-band-heater\/","og_locale":"en_US","og_type":"article","og_title":"En \u0130yi Seramik Bant Is\u0131t\u0131c\u0131 \u00dcreticisi | Kaliteli Is\u0131tma \u00c7\u00f6z\u00fcmleri","og_description":"\u00d6nde Gelen Seramik Band Is\u0131t\u0131c\u0131 \u00dcreticileri | Y\u00fcksek kaliteli ve verimli end\u00fcstriyel \u0131s\u0131tma \u00e7\u00f6z\u00fcmleri i\u00e7in en iyi \u00fcr\u00fcnleri bulun. Uzman rehberli\u011fi ve ola\u011fan\u00fcst\u00fc m\u00fc\u015fteri hizmetleri ile ihtiyac\u0131n\u0131za uygun \u00fcr\u00fcnleri ke\u015ffedin.","og_url":"https:\/\/cheri-heater.com\/tr\/product\/ceramic-band-heater\/","og_site_name":"Cheri Heater Technology Co.,Ltd.","article_modified_time":"2024-07-30T23:06:25+00:00","og_image":[{"width":800,"height":800,"url":"https:\/\/cheri-heater.com\/tr\/wp-content\/uploads\/2024\/06\/HTB1J1hadjfguuRjSspkq6xchpXac-1.jpg","type":"image\/jpeg"}],"twitter_card":"summary_large_image","twitter_misc":{"Est. reading time":"1 minute"},"schema":{"@context":"https:\/\/schema.org","@graph":[{"@type":"WebPage","@id":"https:\/\/cheri-heater.com\/tr\/product\/ceramic-band-heater\/","url":"https:\/\/cheri-heater.com\/tr\/product\/ceramic-band-heater\/","name":"En \u0130yi Seramik Bant Is\u0131t\u0131c\u0131 \u00dcreticisi | Kaliteli Is\u0131tma \u00c7\u00f6z\u00fcmleri","isPartOf":{"@id":"https:\/\/cheri-heater.com\/tr\/#website"},"primaryImageOfPage":{"@id":"https:\/\/cheri-heater.com\/tr\/product\/ceramic-band-heater\/#primaryimage"},"image":{"@id":"https:\/\/cheri-heater.com\/tr\/product\/ceramic-band-heater\/#primaryimage"},"thumbnailUrl":"https:\/\/cheri-heater.com\/tr\/wp-content\/uploads\/2024\/06\/HTB1J1hadjfguuRjSspkq6xchpXac-1.jpg","datePublished":"2024-06-03T18:08:33+00:00","dateModified":"2024-07-30T23:06:25+00:00","description":"\u00d6nde Gelen Seramik Band Is\u0131t\u0131c\u0131 \u00dcreticileri | Y\u00fcksek kaliteli ve verimli end\u00fcstriyel \u0131s\u0131tma \u00e7\u00f6z\u00fcmleri i\u00e7in en iyi \u00fcr\u00fcnleri bulun. Uzman rehberli\u011fi ve ola\u011fan\u00fcst\u00fc m\u00fc\u015fteri hizmetleri ile ihtiyac\u0131n\u0131za uygun \u00fcr\u00fcnleri ke\u015ffedin.","breadcrumb":{"@id":"https:\/\/cheri-heater.com\/tr\/product\/ceramic-band-heater\/#breadcrumb"},"inLanguage":"en-US","potentialAction":[{"@type":"ReadAction","target":["https:\/\/cheri-heater.com\/tr\/product\/ceramic-band-heater\/"]}]},{"@type":"ImageObject","inLanguage":"en-US","@id":"https:\/\/cheri-heater.com\/tr\/product\/ceramic-band-heater\/#primaryimage","url":"https:\/\/cheri-heater.com\/tr\/wp-content\/uploads\/2024\/06\/HTB1J1hadjfguuRjSspkq6xchpXac-1.jpg","contentUrl":"https:\/\/cheri-heater.com\/tr\/wp-content\/uploads\/2024\/06\/HTB1J1hadjfguuRjSspkq6xchpXac-1.jpg","width":800,"height":800},{"@type":"BreadcrumbList","@id":"https:\/\/cheri-heater.com\/tr\/product\/ceramic-band-heater\/#breadcrumb","itemListElement":[{"@type":"ListItem","position":1,"name":"Home","item":"https:\/\/cheri-heater.com\/tr\/"},{"@type":"ListItem","position":2,"name":"Products","item":"https:\/\/cheri-heater.com\/tr\/products\/"},{"@type":"ListItem","position":3,"name":"Seramik Bant Is\u0131t\u0131c\u0131"}]},{"@type":"WebSite","@id":"https:\/\/cheri-heater.com\/tr\/#website","url":"https:\/\/cheri-heater.com\/tr\/","name":"Cheri Heater Technology Co.,Ltd.","description":"","publisher":{"@id":"https:\/\/cheri-heater.com\/tr\/#organization"},"potentialAction":[{"@type":"SearchAction","target":{"@type":"EntryPoint","urlTemplate":"https:\/\/cheri-heater.com\/tr\/?s={search_term_string}"},"query-input":{"@type":"PropertyValueSpecification","valueRequired":true,"valueName":"search_term_string"}}],"inLanguage":"en-US"},{"@type":"Organization","@id":"https:\/\/cheri-heater.com\/tr\/#organization","name":"Cheri Heater Technology Co.,Ltd.","url":"https:\/\/cheri-heater.com\/tr\/","logo":{"@type":"ImageObject","inLanguage":"en-US","@id":"https:\/\/cheri-heater.com\/tr\/#\/schema\/logo\/image\/","url":"https:\/\/cheri-heater.com\/tr\/wp-content\/uploads\/2024\/06\/cropped-logo-resize.png","contentUrl":"https:\/\/cheri-heater.com\/tr\/wp-content\/uploads\/2024\/06\/cropped-logo-resize.png","width":346,"height":99,"caption":"Cheri Heater Technology Co.,Ltd."},"image":{"@id":"https:\/\/cheri-heater.com\/tr\/#\/schema\/logo\/image\/"}}]}},"_links":{"self":[{"href":"https:\/\/cheri-heater.com\/tr\/wp-json\/wp\/v2\/product\/849","targetHints":{"allow":["GET"]}}],"collection":[{"href":"https:\/\/cheri-heater.com\/tr\/wp-json\/wp\/v2\/product"}],"about":[{"href":"https:\/\/cheri-heater.com\/tr\/wp-json\/wp\/v2\/types\/product"}],"wp:featuredmedia":[{"embeddable":true,"href":"https:\/\/cheri-heater.com\/tr\/wp-json\/wp\/v2\/media\/856"}],"wp:attachment":[{"href":"https:\/\/cheri-heater.com\/tr\/wp-json\/wp\/v2\/media?parent=849"}],"wp:term":[{"taxonomy":"product_brand","embeddable":true,"href":"https:\/\/cheri-heater.com\/tr\/wp-json\/wp\/v2\/product_brand?post=849"},{"taxonomy":"product_cat","embeddable":true,"href":"https:\/\/cheri-heater.com\/tr\/wp-json\/wp\/v2\/product_cat?post=849"},{"taxonomy":"product_tag","embeddable":true,"href":"https:\/\/cheri-heater.com\/tr\/wp-json\/wp\/v2\/product_tag?post=849"}],"curies":[{"name":"wp","href":"https:\/\/api.w.org\/{rel}","templated":true}]}}