{"id":857,"date":"2024-06-03T18:11:47","date_gmt":"2024-06-03T18:11:47","guid":{"rendered":"https:\/\/cheri-heater.com\/tr\/?post_type=product&#038;p=857"},"modified":"2024-07-30T23:02:33","modified_gmt":"2024-07-30T23:02:33","slug":"mica-band-heater","status":"publish","type":"product","link":"https:\/\/cheri-heater.com\/tr\/product\/mica-band-heater\/","title":{"rendered":"En \u0130yi Mica Band Is\u0131t\u0131c\u0131"},"content":{"rendered":"<table width=\"750\" cellspacing=\"0\" cellpadding=\"0\">\n<tbody>\n<tr valign=\"top\">\n<td bgcolor=\"#ffffff\" width=\"158\">\n<p class=\"western\" align=\"left\"><span style=\"font-family: Helvetica, Arial, sans-serif;\"><span style=\"font-size: medium;\"><span style=\"color: #333333;\">\u00dcr\u00fcn Ad\u0131<\/span><\/span><\/span><\/p>\n<\/td>\n<td bgcolor=\"#ffffff\" width=\"590\">\n<p class=\"western\" align=\"left\"><span style=\"font-family: Helvetica, Arial, sans-serif;\"><span style=\"font-size: medium;\"><span style=\"color: #333333;\">Mica bant \u0131s\u0131t\u0131c\u0131<\/span><\/span><\/span><\/p>\n<\/td>\n<\/tr>\n<tr valign=\"top\">\n<td bgcolor=\"#ffffff\" width=\"158\">\n<p class=\"western\" align=\"left\"><span style=\"font-family: Helvetica, Arial, sans-serif;\"><span style=\"font-size: medium;\"><span style=\"color: #333333;\">K\u0131l\u0131f Malzemesi<\/span><\/span><\/span><\/p>\n<\/td>\n<td bgcolor=\"#ffffff\" width=\"590\">\n<p class=\"western\" align=\"left\"><span style=\"font-family: Helvetica, Arial, sans-serif;\"><span style=\"font-size: medium;\"><span style=\"color: #333333;\">304 paslanmaz \u00e7elik veya di\u011fer \u00f6zel malzemeler<\/span><\/span><\/span><\/p>\n<\/td>\n<\/tr>\n<tr valign=\"top\">\n<td bgcolor=\"#ffffff\" width=\"158\">\n<p class=\"western\" align=\"left\"><span style=\"font-family: Helvetica, Arial, sans-serif;\"><span style=\"font-size: medium;\"><span style=\"color: #333333;\">\u0130zolasyon Malzemesi<\/span><\/span><\/span><\/p>\n<\/td>\n<td bgcolor=\"#ffffff\" width=\"590\">\n<p class=\"western\" align=\"left\"><span style=\"font-family: Helvetica, Arial, sans-serif;\"><span style=\"font-size: medium;\"><span style=\"color: #333333;\">Mica<\/span><\/span><\/span><\/p>\n<\/td>\n<\/tr>\n<tr valign=\"top\">\n<td bgcolor=\"#ffffff\" width=\"158\">\n<p class=\"western\" align=\"left\"><span style=\"font-family: Helvetica, Arial, sans-serif;\"><span style=\"font-size: medium;\"><span style=\"color: #333333;\">Diren\u00e7 Is\u0131tma Teli<\/span><\/span><\/span><\/p>\n<\/td>\n<td bgcolor=\"#ffffff\" width=\"590\">\n<p class=\"western\" align=\"left\"><span style=\"font-family: Helvetica, Arial, sans-serif;\"><span style=\"font-size: medium;\"><span style=\"color: #333333;\">Ni-Cr 8020<\/span><\/span><\/span><\/p>\n<\/td>\n<\/tr>\n<tr valign=\"top\">\n<td bgcolor=\"#ffffff\" width=\"158\">\n<p class=\"western\" align=\"left\"><span style=\"font-family: Helvetica, Arial, sans-serif;\"><span style=\"font-size: medium;\"><span style=\"color: #333333;\">S\u0131cakl\u0131k<\/span><\/span><\/span><\/p>\n<\/td>\n<td bgcolor=\"#ffffff\" width=\"590\">\n<p class=\"western\" align=\"left\"><span style=\"font-family: Helvetica, Arial, sans-serif;\"><span style=\"font-size: medium;\"><span style=\"color: #333333;\">500-600 derece Celsius<\/span><\/span><\/span><\/p>\n<\/td>\n<\/tr>\n<tr valign=\"top\">\n<td bgcolor=\"#ffffff\" width=\"158\">\n<p class=\"western\" align=\"left\"><span style=\"font-family: Helvetica, Arial, sans-serif;\"><span style=\"font-size: medium;\"><span style=\"color: #333333;\">Watt Yo\u011funlu\u011fu<\/span><\/span><\/span><\/p>\n<\/td>\n<td bgcolor=\"#ffffff\" width=\"590\">\n<p class=\"western\" align=\"left\"><span style=\"font-family: Helvetica, Arial, sans-serif;\"><span style=\"font-size: medium;\"><span style=\"color: #333333;\">Santimetrekare ba\u015f\u0131na 3w<\/span><\/span><\/span><\/p>\n<\/td>\n<\/tr>\n<tr valign=\"top\">\n<td bgcolor=\"#ffffff\" width=\"158\">\n<p class=\"western\" align=\"left\"><span style=\"font-family: Helvetica, Arial, sans-serif;\"><span style=\"font-size: medium;\"><span style=\"color: #333333;\">\u015eekil<\/span><\/span><\/span><\/p>\n<\/td>\n<td bgcolor=\"#ffffff\" width=\"590\">\n<p class=\"western\" align=\"left\"><span style=\"font-family: Helvetica, Arial, sans-serif;\"><span style=\"font-size: medium;\"><span style=\"color: #333333;\">\u00d6zel talepler kar\u015f\u0131lanabilir<\/span><\/span><\/span><\/p>\n<\/td>\n<\/tr>\n<tr valign=\"top\">\n<td bgcolor=\"#ffffff\" width=\"158\">\n<p class=\"western\" align=\"left\"><span style=\"font-family: Helvetica, Arial, sans-serif;\"><span style=\"font-size: medium;\"><span style=\"color: #333333;\">Boyut ve \u00d6l\u00e7\u00fcler<\/span><\/span><\/span><\/p>\n<\/td>\n<td bgcolor=\"#ffffff\" width=\"590\">\n<p class=\"western\" align=\"left\"><span style=\"font-family: Helvetica, Arial, sans-serif;\"><span style=\"font-size: medium;\"><span style=\"color: #333333;\">\u00d6zel<\/span><\/span><\/span><\/p>\n<\/td>\n<\/tr>\n<tr valign=\"top\">\n<td bgcolor=\"#ffffff\" width=\"158\">\n<p class=\"western\" align=\"left\"><span style=\"font-family: Helvetica, Arial, sans-serif;\"><span style=\"font-size: medium;\"><span style=\"color: #333333;\">Voltaj ve Watt<\/span><\/span><\/span><\/p>\n<\/td>\n<td bgcolor=\"#ffffff\" width=\"590\">\n<p class=\"western\" align=\"left\"><span style=\"font-family: Helvetica, Arial, sans-serif;\"><span style=\"font-size: medium;\"><span style=\"color: #333333;\">\u00d6zel<\/span><\/span><\/span><\/p>\n<\/td>\n<\/tr>\n<tr valign=\"top\">\n<td rowspan=\"4\" bgcolor=\"#ffffff\" width=\"158\">\n<p class=\"western\" align=\"left\"><span style=\"font-family: Helvetica, Arial, sans-serif;\"><span style=\"font-size: medium;\"><span style=\"color: #333333;\">Uygulama<\/span><\/span><\/span><\/p>\n<\/td>\n<td bgcolor=\"#ffffff\" width=\"590\">\n<p class=\"western\" align=\"left\"><span style=\"font-family: Helvetica, Arial, sans-serif;\"><span style=\"font-size: medium;\"><span style=\"color: #333333;\">\u00c7e\u015fitli makineler ve ekipmanlarda \u0131s\u0131tma eleman\u0131<\/span><\/span><\/span><\/p>\n<\/td>\n<\/tr>\n<tr valign=\"top\">\n<td bgcolor=\"#ffffff\" width=\"590\">\n<p class=\"western\" align=\"left\"><span style=\"font-family: Helvetica, Arial, sans-serif;\"><span style=\"font-size: medium;\"><span style=\"color: #333333;\">End\u00fcstriyel ve tar\u0131msal \u0131s\u0131tma uygulamalar\u0131<\/span><\/span><\/span><\/p>\n<\/td>\n<\/tr>\n<tr valign=\"top\">\n<td bgcolor=\"#ffffff\" width=\"590\">\n<p class=\"western\" align=\"left\"><span style=\"font-family: Helvetica, Arial, sans-serif;\"><span style=\"font-size: medium;\"><span style=\"color: #333333;\">Is\u0131tma cihazlar\u0131, metalurji, kimya end\u00fcstrisi, plastik i\u015fleme, elektrik end\u00fcstrisi<\/span><\/span><\/span><\/p>\n<\/td>\n<\/tr>\n<tr valign=\"top\">\n<td bgcolor=\"#ffffff\" width=\"590\">\n<p class=\"western\" align=\"left\"><span style=\"font-family: Helvetica, Arial, sans-serif;\"><span style=\"font-size: medium;\"><span style=\"color: #333333;\">Veya <\/p>\n","protected":false},"excerpt":{"rendered":"<p>\u00dcr\u00fcn Ad\u0131 Mica bant \u0131s\u0131t\u0131c\u0131 K\u0131l\u0131f Malzemesi 304 paslanmaz \u00e7elik veya di\u011fer \u00f6zel malzemeler \u0130zolasyon Malzemesi Mica Diren\u00e7 Is\u0131tma Teli Ni-Cr 8020 S\u0131cakl\u0131k 500-600 derece Celsius Watt Yo\u011funlu\u011fu Santimetrekare ba\u015f\u0131na 3w \u015eekil \u00d6zel talepler kar\u015f\u0131lanabilir Boyut ve \u00d6l\u00e7\u00fcler \u00d6zel Voltaj ve Watt \u00d6zel Uygulama \u00c7e\u015fitli makineler ve ekipmanlarda \u0131s\u0131tma eleman\u0131 End\u00fcstriyel ve tar\u0131msal \u0131s\u0131tma uygulamalar\u0131 [&hellip;]<\/p>\n","protected":false},"featured_media":870,"template":"","meta":[],"product_brand":[],"product_cat":[20],"product_tag":[151],"class_list":{"0":"post-857","1":"product","2":"type-product","3":"status-publish","4":"has-post-thumbnail","6":"product_cat-band-heater","7":"product_tag-mica-band-heater","9":"first","10":"instock","11":"shipping-taxable","12":"product-type-simple"},"yoast_head":"<!-- This site is optimized with the Yoast SEO plugin v27.5 - https:\/\/yoast.com\/product\/yoast-seo-wordpress\/ -->\n<title>En \u0130yi Mica Band Is\u0131t\u0131c\u0131 \u00dcreticileri | End\u00fcstriyel Is\u0131tma \u00c7\u00f6z\u00fcmleri<\/title>\n<meta name=\"description\" content=\"En \u0130yi Mica Band Is\u0131t\u0131c\u0131 \u00dcreticileri: \u00dcst\u00fcn end\u00fcstriyel \u0131s\u0131tma \u00e7\u00f6z\u00fcmleri sunan kaliteli, dayan\u0131kl\u0131 ve verimli mica band \u0131s\u0131t\u0131c\u0131lar\u0131yla ihtiyac\u0131n\u0131za uygun \u00fcr\u00fcn\u00fc bulun. Uzman tavsiyesi ve m\u00fckemmel m\u00fc\u015fteri deste\u011fi ile ideal \u00fcr\u00fcn\u00fcn\u00fcz\u00fc ke\u015ffedin. \u015eimdi al\u0131\u015fveri\u015f yap\u0131n!\" \/>\n<meta name=\"robots\" content=\"index, follow, max-snippet:-1, max-image-preview:large, max-video-preview:-1\" \/>\n<link rel=\"canonical\" href=\"https:\/\/cheri-heater.com\/tr\/product\/mica-band-heater\/\" \/>\n<meta property=\"og:locale\" content=\"en_US\" \/>\n<meta property=\"og:type\" content=\"article\" \/>\n<meta property=\"og:title\" content=\"En \u0130yi Mica Band Is\u0131t\u0131c\u0131 \u00dcreticileri | End\u00fcstriyel Is\u0131tma \u00c7\u00f6z\u00fcmleri\" \/>\n<meta property=\"og:description\" content=\"En \u0130yi Mica Band Is\u0131t\u0131c\u0131 \u00dcreticileri: \u00dcst\u00fcn end\u00fcstriyel \u0131s\u0131tma \u00e7\u00f6z\u00fcmleri sunan kaliteli, dayan\u0131kl\u0131 ve verimli mica band \u0131s\u0131t\u0131c\u0131lar\u0131yla ihtiyac\u0131n\u0131za uygun \u00fcr\u00fcn\u00fc bulun. Uzman tavsiyesi ve m\u00fckemmel m\u00fc\u015fteri deste\u011fi ile ideal \u00fcr\u00fcn\u00fcn\u00fcz\u00fc ke\u015ffedin. \u015eimdi al\u0131\u015fveri\u015f yap\u0131n!\" \/>\n<meta property=\"og:url\" content=\"https:\/\/cheri-heater.com\/tr\/product\/mica-band-heater\/\" \/>\n<meta property=\"og:site_name\" content=\"Cheri Heater Technology Co.,Ltd.\" \/>\n<meta property=\"article:modified_time\" content=\"2024-07-30T23:02:33+00:00\" \/>\n<meta property=\"og:image\" content=\"https:\/\/cheri-heater.com\/tr\/wp-content\/uploads\/2024\/06\/\u5fae\u4fe1\u56fe\u7247_202303151536127.jpg\" \/>\n\t<meta property=\"og:image:width\" content=\"760\" \/>\n\t<meta property=\"og:image:height\" content=\"760\" \/>\n\t<meta property=\"og:image:type\" content=\"image\/jpeg\" \/>\n<meta name=\"twitter:card\" content=\"summary_large_image\" \/>\n<meta name=\"twitter:label1\" content=\"Est. reading time\" \/>\n\t<meta name=\"twitter:data1\" content=\"1 minute\" \/>\n<!-- \/ Yoast SEO plugin. -->","yoast_head_json":{"title":"En \u0130yi Mica Band Is\u0131t\u0131c\u0131 \u00dcreticileri | End\u00fcstriyel Is\u0131tma \u00c7\u00f6z\u00fcmleri","description":"En \u0130yi Mica Band Is\u0131t\u0131c\u0131 \u00dcreticileri: \u00dcst\u00fcn end\u00fcstriyel \u0131s\u0131tma \u00e7\u00f6z\u00fcmleri sunan kaliteli, dayan\u0131kl\u0131 ve verimli mica band \u0131s\u0131t\u0131c\u0131lar\u0131yla ihtiyac\u0131n\u0131za uygun \u00fcr\u00fcn\u00fc bulun. Uzman tavsiyesi ve m\u00fckemmel m\u00fc\u015fteri deste\u011fi ile ideal \u00fcr\u00fcn\u00fcn\u00fcz\u00fc ke\u015ffedin. \u015eimdi al\u0131\u015fveri\u015f yap\u0131n!","robots":{"index":"index","follow":"follow","max-snippet":"max-snippet:-1","max-image-preview":"max-image-preview:large","max-video-preview":"max-video-preview:-1"},"canonical":"https:\/\/cheri-heater.com\/tr\/product\/mica-band-heater\/","og_locale":"en_US","og_type":"article","og_title":"En \u0130yi Mica Band Is\u0131t\u0131c\u0131 \u00dcreticileri | End\u00fcstriyel Is\u0131tma \u00c7\u00f6z\u00fcmleri","og_description":"En \u0130yi Mica Band Is\u0131t\u0131c\u0131 \u00dcreticileri: \u00dcst\u00fcn end\u00fcstriyel \u0131s\u0131tma \u00e7\u00f6z\u00fcmleri sunan kaliteli, dayan\u0131kl\u0131 ve verimli mica band \u0131s\u0131t\u0131c\u0131lar\u0131yla ihtiyac\u0131n\u0131za uygun \u00fcr\u00fcn\u00fc bulun. Uzman tavsiyesi ve m\u00fckemmel m\u00fc\u015fteri deste\u011fi ile ideal \u00fcr\u00fcn\u00fcn\u00fcz\u00fc ke\u015ffedin. \u015eimdi al\u0131\u015fveri\u015f yap\u0131n!","og_url":"https:\/\/cheri-heater.com\/tr\/product\/mica-band-heater\/","og_site_name":"Cheri Heater Technology Co.,Ltd.","article_modified_time":"2024-07-30T23:02:33+00:00","og_image":[{"width":760,"height":760,"url":"https:\/\/cheri-heater.com\/tr\/wp-content\/uploads\/2024\/06\/\u5fae\u4fe1\u56fe\u7247_202303151536127.jpg","type":"image\/jpeg"}],"twitter_card":"summary_large_image","twitter_misc":{"Est. reading time":"1 minute"},"schema":{"@context":"https:\/\/schema.org","@graph":[{"@type":"WebPage","@id":"https:\/\/cheri-heater.com\/tr\/product\/mica-band-heater\/","url":"https:\/\/cheri-heater.com\/tr\/product\/mica-band-heater\/","name":"En \u0130yi Mica Band Is\u0131t\u0131c\u0131 \u00dcreticileri | End\u00fcstriyel Is\u0131tma \u00c7\u00f6z\u00fcmleri","isPartOf":{"@id":"https:\/\/cheri-heater.com\/tr\/#website"},"primaryImageOfPage":{"@id":"https:\/\/cheri-heater.com\/tr\/product\/mica-band-heater\/#primaryimage"},"image":{"@id":"https:\/\/cheri-heater.com\/tr\/product\/mica-band-heater\/#primaryimage"},"thumbnailUrl":"https:\/\/cheri-heater.com\/tr\/wp-content\/uploads\/2024\/06\/\u5fae\u4fe1\u56fe\u7247_202303151536127.jpg","datePublished":"2024-06-03T18:11:47+00:00","dateModified":"2024-07-30T23:02:33+00:00","description":"En \u0130yi Mica Band Is\u0131t\u0131c\u0131 \u00dcreticileri: \u00dcst\u00fcn end\u00fcstriyel \u0131s\u0131tma \u00e7\u00f6z\u00fcmleri sunan kaliteli, dayan\u0131kl\u0131 ve verimli mica band \u0131s\u0131t\u0131c\u0131lar\u0131yla ihtiyac\u0131n\u0131za uygun \u00fcr\u00fcn\u00fc bulun. Uzman tavsiyesi ve m\u00fckemmel m\u00fc\u015fteri deste\u011fi ile ideal \u00fcr\u00fcn\u00fcn\u00fcz\u00fc ke\u015ffedin. \u015eimdi al\u0131\u015fveri\u015f yap\u0131n!","breadcrumb":{"@id":"https:\/\/cheri-heater.com\/tr\/product\/mica-band-heater\/#breadcrumb"},"inLanguage":"en-US","potentialAction":[{"@type":"ReadAction","target":["https:\/\/cheri-heater.com\/tr\/product\/mica-band-heater\/"]}]},{"@type":"ImageObject","inLanguage":"en-US","@id":"https:\/\/cheri-heater.com\/tr\/product\/mica-band-heater\/#primaryimage","url":"https:\/\/cheri-heater.com\/tr\/wp-content\/uploads\/2024\/06\/\u5fae\u4fe1\u56fe\u7247_202303151536127.jpg","contentUrl":"https:\/\/cheri-heater.com\/tr\/wp-content\/uploads\/2024\/06\/\u5fae\u4fe1\u56fe\u7247_202303151536127.jpg","width":760,"height":760},{"@type":"BreadcrumbList","@id":"https:\/\/cheri-heater.com\/tr\/product\/mica-band-heater\/#breadcrumb","itemListElement":[{"@type":"ListItem","position":1,"name":"Home","item":"https:\/\/cheri-heater.com\/tr\/"},{"@type":"ListItem","position":2,"name":"Products","item":"https:\/\/cheri-heater.com\/tr\/products\/"},{"@type":"ListItem","position":3,"name":"En \u0130yi Mica Band Is\u0131t\u0131c\u0131"}]},{"@type":"WebSite","@id":"https:\/\/cheri-heater.com\/tr\/#website","url":"https:\/\/cheri-heater.com\/tr\/","name":"Cheri Heater Technology Co.,Ltd.","description":"","publisher":{"@id":"https:\/\/cheri-heater.com\/tr\/#organization"},"potentialAction":[{"@type":"SearchAction","target":{"@type":"EntryPoint","urlTemplate":"https:\/\/cheri-heater.com\/tr\/?s={search_term_string}"},"query-input":{"@type":"PropertyValueSpecification","valueRequired":true,"valueName":"search_term_string"}}],"inLanguage":"en-US"},{"@type":"Organization","@id":"https:\/\/cheri-heater.com\/tr\/#organization","name":"Cheri Heater Technology Co.,Ltd.","url":"https:\/\/cheri-heater.com\/tr\/","logo":{"@type":"ImageObject","inLanguage":"en-US","@id":"https:\/\/cheri-heater.com\/tr\/#\/schema\/logo\/image\/","url":"https:\/\/cheri-heater.com\/tr\/wp-content\/uploads\/2024\/06\/cropped-logo-resize.png","contentUrl":"https:\/\/cheri-heater.com\/tr\/wp-content\/uploads\/2024\/06\/cropped-logo-resize.png","width":346,"height":99,"caption":"Cheri Heater Technology Co.,Ltd."},"image":{"@id":"https:\/\/cheri-heater.com\/tr\/#\/schema\/logo\/image\/"}}]}},"_links":{"self":[{"href":"https:\/\/cheri-heater.com\/tr\/wp-json\/wp\/v2\/product\/857","targetHints":{"allow":["GET"]}}],"collection":[{"href":"https:\/\/cheri-heater.com\/tr\/wp-json\/wp\/v2\/product"}],"about":[{"href":"https:\/\/cheri-heater.com\/tr\/wp-json\/wp\/v2\/types\/product"}],"wp:featuredmedia":[{"embeddable":true,"href":"https:\/\/cheri-heater.com\/tr\/wp-json\/wp\/v2\/media\/870"}],"wp:attachment":[{"href":"https:\/\/cheri-heater.com\/tr\/wp-json\/wp\/v2\/media?parent=857"}],"wp:term":[{"taxonomy":"product_brand","embeddable":true,"href":"https:\/\/cheri-heater.com\/tr\/wp-json\/wp\/v2\/product_brand?post=857"},{"taxonomy":"product_cat","embeddable":true,"href":"https:\/\/cheri-heater.com\/tr\/wp-json\/wp\/v2\/product_cat?post=857"},{"taxonomy":"product_tag","embeddable":true,"href":"https:\/\/cheri-heater.com\/tr\/wp-json\/wp\/v2\/product_tag?post=857"}],"curies":[{"name":"wp","href":"https:\/\/api.w.org\/{rel}","templated":true}]}}