{"id":916,"date":"2024-06-04T18:00:13","date_gmt":"2024-06-04T18:00:13","guid":{"rendered":"https:\/\/cheri-heater.com\/tr\/?post_type=product&#038;p=916"},"modified":"2025-06-26T03:03:23","modified_gmt":"2025-06-26T03:03:23","slug":"cartridge-heater-for-3d-printer","status":"publish","type":"product","link":"https:\/\/cheri-heater.com\/tr\/product\/cartridge-heater-for-3d-printer\/","title":{"rendered":"3D Yaz\u0131c\u0131 Is\u0131t\u0131c\u0131"},"content":{"rendered":"<table width=\"745\" cellspacing=\"0\" cellpadding=\"0\">\n<tbody>\n<tr>\n<td bgcolor=\"#ffffff\" width=\"291\" height=\"23\">\n<p class=\"western\" align=\"center\"><span style=\"font-size: medium;\"><span style=\"font-family: Arial, sans-serif;\">Diren\u00e7 \u0131s\u0131tma teli<\/span><\/span><\/p>\n<\/td>\n<td bgcolor=\"#ffffff\" width=\"452\">\n<p class=\"western\" align=\"center\"><span style=\"font-size: medium;\"><span style=\"font-family: Arial, sans-serif;\">NiCr 80\/20 teli<\/span><\/span><\/p>\n<\/td>\n<\/tr>\n<tr>\n<td bgcolor=\"#ffffff\" width=\"291\" height=\"24\">\n<p class=\"western\" align=\"center\"><span style=\"font-size: medium;\"><span style=\"font-family: Arial, sans-serif;\">Wattaj Tolerans\u0131<\/span><\/span><\/p>\n<\/td>\n<td bgcolor=\"#ffffff\" width=\"452\">\n<p class=\"western\" align=\"center\"><span style=\"font-size: medium;\"><span style=\"font-family: Arial, sans-serif;\">+%5, -%10<\/span><\/span><\/p>\n<\/td>\n<\/tr>\n<tr>\n<td bgcolor=\"#ffffff\" width=\"291\" height=\"24\">\n<p class=\"western\" align=\"center\"><span style=\"font-size: medium;\"><span style=\"font-family: Arial, sans-serif;\">Diren\u00e7 Tolerans\u0131<\/span><\/span><\/p>\n<\/td>\n<td bgcolor=\"#ffffff\" width=\"452\">\n<p class=\"western\" align=\"center\"><span style=\"font-size: medium;\"><span style=\"font-family: Arial, sans-serif;\">+%10, -%5<\/span><\/span><\/p>\n<\/td>\n<\/tr>\n<tr>\n<td bgcolor=\"#ffffff\" width=\"291\" height=\"24\">\n<p class=\"western\" align=\"center\"><span style=\"font-size: medium;\"><span style=\"font-family: Arial, sans-serif;\">Uzunluk Tolerans\u0131<\/span><\/span><\/p>\n<\/td>\n<td bgcolor=\"#ffffff\" width=\"452\">\n<p class=\"western\" align=\"center\"><span style=\"font-size: medium;\"><span style=\"font-family: Arial, sans-serif;\">\u00b11 mm<\/span><\/span><\/p>\n<\/td>\n<\/tr>\n<tr>\n<td bgcolor=\"#ffffff\" width=\"291\" height=\"24\">\n<p class=\"western\" align=\"center\"><span style=\"font-size: medium;\"><span style=\"font-family: Arial, sans-serif;\">\u00c7ap Tolerans\u0131<\/span><\/span><\/p>\n<\/td>\n<td bgcolor=\"#ffffff\" width=\"452\">\n<p class=\"western\" align=\"center\"><span style=\"font-size: medium;\"><span style=\"font-family: Arial, sans-serif;\">-0.02 mm<\/span><\/span><\/p>\n<\/td>\n<\/tr>\n<tr>\n<td bgcolor=\"#ffffff\" width=\"291\" height=\"24\">\n<p class=\"western\" align=\"center\"><span style=\"font-size: medium;\"><span style=\"font-family: Arial, sans-serif;\">Standart So\u011fuk B\u00f6lge<\/span><\/span><\/p>\n<\/td>\n<td bgcolor=\"#ffffff\" width=\"452\">\n<p class=\"western\" align=\"center\"><span style=\"font-size: medium;\"><span style=\"font-family: Arial, sans-serif;\">5-10 mm<\/span><\/span><\/p>\n<\/td>\n<\/tr>\n<tr>\n<td bgcolor=\"#ffffff\" width=\"291\" height=\"24\">\n<p class=\"western\" align=\"center\"><span style=\"font-size: medium;\"><span style=\"font-family: Arial, sans-serif;\">\u0130zolasyon Direnci (so\u011fuk)<\/span><\/span><\/p>\n<\/td>\n<td bgcolor=\"#ffffff\" width=\"452\">\n<p class=\"western\" align=\"center\">\u2265 <span style=\"font-family: Arial, sans-serif;\"><span style=\"font-size: medium;\">500 M\u03a9<\/span><\/span><\/p>\n<\/td>\n<\/tr>\n<tr>\n<td bgcolor=\"#ffffff\" width=\"291\" height=\"24\">\n<p class=\"western\" align=\"center\"><span style=\"font-size: medium;\"><span style=\"font-family: Arial, sans-serif;\">Maksimum Ka\u00e7ak Ak\u0131m\u0131 (so\u011fuk)<\/span><\/span><\/p>\n<\/td>\n<td bgcolor=\"#ffffff\" width=\"452\">\n<p class=\"western\" align=\"center\">\u2264 <span style=\"font-family: Arial, sans-serif;\"><span style=\"font-size: medium;\">0.5 mA<\/span><\/span><\/p>\n<\/td>\n<\/tr>\n<tr>\n<td bgcolor=\"#ffffff\" width=\"291\" height=\"28\">\n<p class=\"western\" align=\"center\"><span style=\"font-size: medium;\"><span style=\"font-family: Arial, sans-serif;\">Termokupl Konumu<\/span><\/span><\/p>\n<\/td>\n<td bgcolor=\"#ffffff\" width=\"452\">\n<p class=\"western\" align=\"center\"><span style=\"font-size: medium;\"><span style=\"font-family: Arial, sans-serif;\">tip J \/ K \/ Toprak teli<\/span><\/span><\/p>\n<\/td>\n<\/tr>\n<\/tbody>\n<\/table>\n<p><img fetchpriority=\"high\" decoding=\"async\" class=\"aligncenter size-full wp-image-931\" src=\"https:\/\/cheri-heater.com\/tr\/wp-content\/uploads\/2024\/06\/description1-1.jpg\" alt=\"\" width=\"750\" height=\"750\" srcset=\"https:\/\/cheri-heater.com\/tr\/wp-content\/uploads\/2024\/06\/description1-1.jpg 750w, https:\/\/cheri-heater.com\/tr\/wp-content\/uploads\/2024\/06\/description1-1-300x300.jpg 300w, https:\/\/cheri-heater.com\/tr\/wp-content\/uploads\/2024\/06\/description1-1-100x100.jpg 100w, https:\/\/cheri-heater.com\/tr\/wp-content\/uploads\/2024\/06\/description1-1-600x600.jpg 600w, https:\/\/cheri-heater.com\/tr\/wp-content\/uploads\/2024\/06\/description1-1-150x150.jpg 150w\" sizes=\"(max-width: 750px) 100vw, 750px\" \/><br \/>\n<img decoding=\"async\" class=\"aligncenter size-full wp-image-930 lazyload\" data-src=\"https:\/\/cheri-heater.com\/tr\/wp-content\/uploads\/2024\/06\/description2-1.jpg\" alt=\"\" width=\"746\" height=\"607\" data-srcset=\"https:\/\/cheri-heater.com\/tr\/wp-content\/uploads\/2024\/06\/description2-1.jpg 746w, https:\/\/cheri-heater.com\/tr\/wp-content\/uploads\/2024\/06\/description2-1-600x488.jpg 600w, https:\/\/cheri-heater.com\/tr\/wp-content\/uploads\/2024\/06\/description2-1-300x244.jpg 300w\" data-sizes=\"(max-width: 746px) 100vw, 746px\" src=\"data:image\/svg+xml;base64,PHN2ZyB3aWR0aD0iMSIgaGVpZ2h0PSIxIiB4bWxucz0iaHR0cDovL3d3dy53My5vcmcvMjAwMC9zdmciPjwvc3ZnPg==\" style=\"--smush-placeholder-width: 746px; --smush-placeholder-aspect-ratio: 746\/607;\" \/><br \/>\n<img decoding=\"async\" class=\"aligncenter size-full wp-image-929 lazyload\" data-src=\"https:\/\/cheri-heater.com\/tr\/wp-content\/uploads\/2024\/06\/description3-1.jpg\" alt=\"\" width=\"752\" height=\"671\" data-srcset=\"https:\/\/cheri-heater.com\/tr\/wp-content\/uploads\/2024\/06\/description3-1.jpg 752w, https:\/\/cheri-heater.com\/tr\/wp-content\/uploads\/2024\/06\/description3-1-600x535.jpg 600w, https:\/\/cheri-heater.com\/tr\/wp-content\/uploads\/2024\/06\/description3-1-300x268.jpg 300w\" data-sizes=\"(max-width: 752px) 100vw, 752px\" src=\"data:image\/svg+xml;base64,PHN2ZyB3aWR0aD0iMSIgaGVpZ2h0PSIxIiB4bWxucz0iaHR0cDovL3d3dy53My5vcmcvMjAwMC9zdmciPjwvc3ZnPg==\" style=\"--smush-placeholder-width: 752px; --smush-placeholder-aspect-ratio: 752\/671;\" \/><br \/>\n<img decoding=\"async\" class=\"aligncenter size-full wp-image-928 lazyload\" data-src=\"https:\/\/cheri-heater.com\/tr\/wp-content\/uploads\/2024\/06\/description4-1.jpg\" alt=\"\" width=\"960\" height=\"877\" data-srcset=\"https:\/\/cheri-heater.com\/tr\/wp-content\/uploads\/2024\/06\/description4-1.jpg 960w, https:\/\/cheri-heater.com\/tr\/wp-content\/uploads\/2024\/06\/description4-1-600x548.jpg 600w, https:\/\/cheri-heater.com\/tr\/wp-content\/uploads\/2024\/06\/description4-1-300x274.jpg 300w, https:\/\/cheri-heater.com\/tr\/wp-content\/uploads\/2024\/06\/description4-1-768x702.jpg 768w\" data-sizes=\"(max-width: 960px) 100vw, 960px\" src=\"data:image\/svg+xml;base64,PHN2ZyB3aWR0aD0iMSIgaGVpZ2h0PSIxIiB4bWxucz0iaHR0cDovL3d3dy53My5vcmcvMjAwMC9zdmciPjwvc3ZnPg==\" style=\"--smush-placeholder-width: 960px; --smush-placeholder-aspect-ratio: 960\/877;\" \/><\/p>\n","protected":false},"excerpt":{"rendered":"<h2><span lang=\"EN\" style=\"color: #000000;\">En \u0130yi 3D Yaz\u0131c\u0131 Is\u0131t\u0131c\u0131 \u00dcreticileri<\/span><\/h2>\n<p class=\"Normal1\"><span lang=\"EN\" style=\"color: #000000;\">Cheri Heater Co., s\u0131k\u0131 bir kalite s\u00fcrecine sahip en iyi 3D yaz\u0131c\u0131 \u0131s\u0131t\u0131c\u0131 \u00fcreticisidir. \u00dcr\u00fcnlerimiz, y\u00fcksek kalite standartlar\u0131yla bilinir ve bu da g\u00fcvenlik ve g\u00fcvenilirli\u011fi sa\u011flar.<\/span><\/p>\n<h3><span style=\"color: #000000;\"><a style=\"color: #000000;\" name=\"_h8hnhmuopb04\"><\/a><span lang=\"EN\">3D Yaz\u0131c\u0131 Is\u0131t\u0131c\u0131s\u0131 Nedir?<\/span><\/span><\/h3>\n<p class=\"Normal1\"><span lang=\"EN\" style=\"color: #000000;\">3D yaz\u0131c\u0131 kartu\u015f \u0131s\u0131t\u0131c\u0131lar\u0131, 3D yaz\u0131c\u0131larda kullan\u0131lmak \u00fczere \u00f6zel olarak tasarlanm\u0131\u015f bir t\u00fcrd\u00fcr. Nozulun \u0131s\u0131nmas\u0131n\u0131 ve filament malzemesinin ekstr\u00fczyon \u00f6ncesinde erimesini sa\u011flarlar. Kompakt ve silindirik bir \u015fekle sahiptirler, b\u00f6ylece s\u0131cak u\u00e7 montaj\u0131na m\u00fckemmel bir \u015fekilde uyum sa\u011flarlar.<\/span><\/p>\n<h3><span style=\"color: #000000;\"><a style=\"color: #000000;\" name=\"_q69mu7xpqrm\"><\/a><span lang=\"EN\">3D Yaz\u0131c\u0131 Is\u0131t\u0131c\u0131s\u0131n\u0131n Faydalar\u0131<\/span><\/span><\/h3>\n<p class=\"Normal1\"><span lang=\"EN\" style=\"color: #000000;\">Cheri Heater Co., g\u00fcvenilir bir 3D yaz\u0131c\u0131 \u0131s\u0131t\u0131c\u0131 \u00fcreticisi olarak bilinir. Is\u0131t\u0131c\u0131lar\u0131m\u0131z, 200\u00b0C ile 300\u00b0C aras\u0131nda s\u0131cakl\u0131klar\u0131 koruyabilme kapasitesine sahiptir. S\u0131cakl\u0131k sens\u00f6rleri ve kontrol cihazlar\u0131 sayesinde do\u011fru ve tutarl\u0131 bir s\u0131cakl\u0131k kontrol\u00fc sa\u011flarlar.<\/span><\/p>\n<p class=\"Normal1\"><span lang=\"EN\" style=\"color: #000000;\">Is\u0131t\u0131c\u0131lar\u0131m\u0131z, yaz\u0131c\u0131lar\u0131n gerekli bask\u0131 s\u0131cakl\u0131\u011f\u0131na h\u0131zla ula\u015fmas\u0131n\u0131 sa\u011flayarak zaman kazand\u0131r\u0131r. 3D yaz\u0131c\u0131 kartu\u015f \u0131s\u0131t\u0131c\u0131lar\u0131m\u0131z, uzun s\u00fcreli kullan\u0131mda bile a\u015f\u0131nma ve y\u0131pranmaya kar\u015f\u0131 dayan\u0131kl\u0131l\u0131k ve uzun \u00f6m\u00fcr sa\u011flamak i\u00e7in y\u00fcksek kaliteli malzemelerle \u00fcretilmi\u015ftir.<\/span><\/p>\n<h3><span style=\"color: #000000;\"><a style=\"color: #000000;\" name=\"_wq8x5862et7r\"><\/a><span lang=\"EN\">3D Yaz\u0131c\u0131 Is\u0131t\u0131c\u0131s\u0131n\u0131n Uygulamalar\u0131<\/span><\/span><\/h3>\n<p class=\"Normal1\"><span lang=\"EN\"><span style=\"color: #000000;\">3D yaz\u0131c\u0131larda uyumlu ve y\u00fcksek kaliteli kartu\u015f \u0131s\u0131t\u0131c\u0131lar\u0131n\u0131n kullan\u0131lmas\u0131, stabil ve tutarl\u0131 bask\u0131 sonu\u00e7lar\u0131 sa\u011flamak i\u00e7in kritiktir. 3D yaz\u0131c\u0131 \u0131s\u0131t\u0131c\u0131 \u00fcreticimiz, yaz\u0131c\u0131 spesifikasyonlar\u0131na g\u00f6re \u00e7e\u015fitli \u0131s\u0131t\u0131c\u0131lar \u00fcretmektedir. 3D bask\u0131 teknolojiyi adapte ettik\u00e7e h\u0131zl\u0131 bir \u015fekilde b\u00fcy\u00fcm\u00fc\u015f ve reklam, marka etiketleri, sanal ger\u00e7eklik sahneleri ve bir\u00e7ok di\u011fer end\u00fcstride yayg\u0131n olarak kullan\u0131lmaktad\u0131r. 3D yaz\u0131c\u0131 \u0131s\u0131t\u0131c\u0131lar\u0131, bask\u0131 kalitesini sa\u011flamak i\u00e7in kritik bir ekipmand\u0131r.<\/span><\/span><\/p>\n","protected":false},"featured_media":938,"template":"","meta":[],"product_brand":[],"product_cat":[21],"product_tag":[152],"class_list":{"0":"post-916","1":"product","2":"type-product","3":"status-publish","4":"has-post-thumbnail","6":"product_cat-cartridge-heater","7":"product_tag-cartridge-heater-for-3d-printer","9":"first","10":"instock","11":"shipping-taxable","12":"product-type-simple"},"yoast_head":"<!-- This site is optimized with the Yoast SEO plugin v27.3 - https:\/\/yoast.com\/product\/yoast-seo-wordpress\/ -->\n<title>Y\u00fcksek Kaliteli 3D Yaz\u0131c\u0131 Is\u0131t\u0131c\u0131 \u00dcreticileri | Cheri-heater.com<\/title>\n<meta name=\"description\" content=\"En \u0130yi 3D Yaz\u0131c\u0131 Is\u0131t\u0131c\u0131 \u00dcreticileri: G\u00fcvenilir ve hassas \u0131s\u0131tma \u00e7\u00f6z\u00fcmleri sunan 3D yaz\u0131c\u0131 \u0131s\u0131t\u0131c\u0131 \u00fcreticilerimiz, optimal 3D bask\u0131 performans\u0131 i\u00e7in tasarlanm\u0131\u015ft\u0131r. \u00d6zel tasar\u0131mlar i\u00e7in bizimle ileti\u015fime ge\u00e7in!\" \/>\n<meta name=\"robots\" content=\"index, follow, max-snippet:-1, max-image-preview:large, max-video-preview:-1\" \/>\n<link rel=\"canonical\" href=\"https:\/\/cheri-heater.com\/tr\/product\/cartridge-heater-for-3d-printer\/\" \/>\n<meta property=\"og:locale\" content=\"en_US\" \/>\n<meta property=\"og:type\" content=\"article\" \/>\n<meta property=\"og:title\" content=\"Y\u00fcksek Kaliteli 3D Yaz\u0131c\u0131 Is\u0131t\u0131c\u0131 \u00dcreticileri | Cheri-heater.com\" \/>\n<meta property=\"og:description\" content=\"En \u0130yi 3D Yaz\u0131c\u0131 Is\u0131t\u0131c\u0131 \u00dcreticileri: G\u00fcvenilir ve hassas \u0131s\u0131tma \u00e7\u00f6z\u00fcmleri sunan 3D yaz\u0131c\u0131 \u0131s\u0131t\u0131c\u0131 \u00fcreticilerimiz, optimal 3D bask\u0131 performans\u0131 i\u00e7in tasarlanm\u0131\u015ft\u0131r. \u00d6zel tasar\u0131mlar i\u00e7in bizimle ileti\u015fime ge\u00e7in!\" \/>\n<meta property=\"og:url\" content=\"https:\/\/cheri-heater.com\/tr\/product\/cartridge-heater-for-3d-printer\/\" \/>\n<meta property=\"og:site_name\" content=\"Cheri Heater Technology Co.,Ltd.\" \/>\n<meta property=\"article:modified_time\" content=\"2025-06-26T03:03:23+00:00\" \/>\n<meta property=\"og:image\" content=\"https:\/\/cheri-heater.com\/tr\/wp-content\/uploads\/2024\/06\/Cheri-Electrothermal-Equipment-Limited-Company-31.jpg\" \/>\n\t<meta property=\"og:image:width\" content=\"786\" \/>\n\t<meta property=\"og:image:height\" content=\"572\" \/>\n\t<meta property=\"og:image:type\" content=\"image\/jpeg\" \/>\n<meta name=\"twitter:card\" content=\"summary_large_image\" \/>\n<meta name=\"twitter:label1\" content=\"Est. reading time\" \/>\n\t<meta name=\"twitter:data1\" content=\"2 minutes\" \/>\n<!-- \/ Yoast SEO plugin. -->","yoast_head_json":{"title":"Y\u00fcksek Kaliteli 3D Yaz\u0131c\u0131 Is\u0131t\u0131c\u0131 \u00dcreticileri | Cheri-heater.com","description":"En \u0130yi 3D Yaz\u0131c\u0131 Is\u0131t\u0131c\u0131 \u00dcreticileri: G\u00fcvenilir ve hassas \u0131s\u0131tma \u00e7\u00f6z\u00fcmleri sunan 3D yaz\u0131c\u0131 \u0131s\u0131t\u0131c\u0131 \u00fcreticilerimiz, optimal 3D bask\u0131 performans\u0131 i\u00e7in tasarlanm\u0131\u015ft\u0131r. \u00d6zel tasar\u0131mlar i\u00e7in bizimle ileti\u015fime ge\u00e7in!","robots":{"index":"index","follow":"follow","max-snippet":"max-snippet:-1","max-image-preview":"max-image-preview:large","max-video-preview":"max-video-preview:-1"},"canonical":"https:\/\/cheri-heater.com\/tr\/product\/cartridge-heater-for-3d-printer\/","og_locale":"en_US","og_type":"article","og_title":"Y\u00fcksek Kaliteli 3D Yaz\u0131c\u0131 Is\u0131t\u0131c\u0131 \u00dcreticileri | Cheri-heater.com","og_description":"En \u0130yi 3D Yaz\u0131c\u0131 Is\u0131t\u0131c\u0131 \u00dcreticileri: G\u00fcvenilir ve hassas \u0131s\u0131tma \u00e7\u00f6z\u00fcmleri sunan 3D yaz\u0131c\u0131 \u0131s\u0131t\u0131c\u0131 \u00fcreticilerimiz, optimal 3D bask\u0131 performans\u0131 i\u00e7in tasarlanm\u0131\u015ft\u0131r. \u00d6zel tasar\u0131mlar i\u00e7in bizimle ileti\u015fime ge\u00e7in!","og_url":"https:\/\/cheri-heater.com\/tr\/product\/cartridge-heater-for-3d-printer\/","og_site_name":"Cheri Heater Technology Co.,Ltd.","article_modified_time":"2025-06-26T03:03:23+00:00","og_image":[{"width":786,"height":572,"url":"https:\/\/cheri-heater.com\/tr\/wp-content\/uploads\/2024\/06\/Cheri-Electrothermal-Equipment-Limited-Company-31.jpg","type":"image\/jpeg"}],"twitter_card":"summary_large_image","twitter_misc":{"Est. reading time":"2 minutes"},"schema":{"@context":"https:\/\/schema.org","@graph":[{"@type":"WebPage","@id":"https:\/\/cheri-heater.com\/tr\/product\/cartridge-heater-for-3d-printer\/","url":"https:\/\/cheri-heater.com\/tr\/product\/cartridge-heater-for-3d-printer\/","name":"Y\u00fcksek Kaliteli 3D Yaz\u0131c\u0131 Is\u0131t\u0131c\u0131 \u00dcreticileri | Cheri-heater.com","isPartOf":{"@id":"https:\/\/cheri-heater.com\/tr\/#website"},"primaryImageOfPage":{"@id":"https:\/\/cheri-heater.com\/tr\/product\/cartridge-heater-for-3d-printer\/#primaryimage"},"image":{"@id":"https:\/\/cheri-heater.com\/tr\/product\/cartridge-heater-for-3d-printer\/#primaryimage"},"thumbnailUrl":"https:\/\/cheri-heater.com\/tr\/wp-content\/uploads\/2024\/06\/Cheri-Electrothermal-Equipment-Limited-Company-31.jpg","datePublished":"2024-06-04T18:00:13+00:00","dateModified":"2025-06-26T03:03:23+00:00","description":"En \u0130yi 3D Yaz\u0131c\u0131 Is\u0131t\u0131c\u0131 \u00dcreticileri: G\u00fcvenilir ve hassas \u0131s\u0131tma \u00e7\u00f6z\u00fcmleri sunan 3D yaz\u0131c\u0131 \u0131s\u0131t\u0131c\u0131 \u00fcreticilerimiz, optimal 3D bask\u0131 performans\u0131 i\u00e7in tasarlanm\u0131\u015ft\u0131r. \u00d6zel tasar\u0131mlar i\u00e7in bizimle ileti\u015fime ge\u00e7in!","breadcrumb":{"@id":"https:\/\/cheri-heater.com\/tr\/product\/cartridge-heater-for-3d-printer\/#breadcrumb"},"inLanguage":"en-US","potentialAction":[{"@type":"ReadAction","target":["https:\/\/cheri-heater.com\/tr\/product\/cartridge-heater-for-3d-printer\/"]}]},{"@type":"ImageObject","inLanguage":"en-US","@id":"https:\/\/cheri-heater.com\/tr\/product\/cartridge-heater-for-3d-printer\/#primaryimage","url":"https:\/\/cheri-heater.com\/tr\/wp-content\/uploads\/2024\/06\/Cheri-Electrothermal-Equipment-Limited-Company-31.jpg","contentUrl":"https:\/\/cheri-heater.com\/tr\/wp-content\/uploads\/2024\/06\/Cheri-Electrothermal-Equipment-Limited-Company-31.jpg","width":786,"height":572},{"@type":"BreadcrumbList","@id":"https:\/\/cheri-heater.com\/tr\/product\/cartridge-heater-for-3d-printer\/#breadcrumb","itemListElement":[{"@type":"ListItem","position":1,"name":"Home","item":"https:\/\/cheri-heater.com\/tr\/"},{"@type":"ListItem","position":2,"name":"Products","item":"https:\/\/cheri-heater.com\/tr\/products\/"},{"@type":"ListItem","position":3,"name":"3D Yaz\u0131c\u0131 Is\u0131t\u0131c\u0131"}]},{"@type":"WebSite","@id":"https:\/\/cheri-heater.com\/tr\/#website","url":"https:\/\/cheri-heater.com\/tr\/","name":"Cheri Heater Technology Co.,Ltd.","description":"","publisher":{"@id":"https:\/\/cheri-heater.com\/tr\/#organization"},"potentialAction":[{"@type":"SearchAction","target":{"@type":"EntryPoint","urlTemplate":"https:\/\/cheri-heater.com\/tr\/?s={search_term_string}"},"query-input":{"@type":"PropertyValueSpecification","valueRequired":true,"valueName":"search_term_string"}}],"inLanguage":"en-US"},{"@type":"Organization","@id":"https:\/\/cheri-heater.com\/tr\/#organization","name":"Cheri Heater Technology Co.,Ltd.","url":"https:\/\/cheri-heater.com\/tr\/","logo":{"@type":"ImageObject","inLanguage":"en-US","@id":"https:\/\/cheri-heater.com\/tr\/#\/schema\/logo\/image\/","url":"https:\/\/cheri-heater.com\/tr\/wp-content\/uploads\/2024\/06\/cropped-logo-resize.png","contentUrl":"https:\/\/cheri-heater.com\/tr\/wp-content\/uploads\/2024\/06\/cropped-logo-resize.png","width":346,"height":99,"caption":"Cheri Heater Technology Co.,Ltd."},"image":{"@id":"https:\/\/cheri-heater.com\/tr\/#\/schema\/logo\/image\/"}}]}},"_links":{"self":[{"href":"https:\/\/cheri-heater.com\/tr\/wp-json\/wp\/v2\/product\/916","targetHints":{"allow":["GET"]}}],"collection":[{"href":"https:\/\/cheri-heater.com\/tr\/wp-json\/wp\/v2\/product"}],"about":[{"href":"https:\/\/cheri-heater.com\/tr\/wp-json\/wp\/v2\/types\/product"}],"wp:featuredmedia":[{"embeddable":true,"href":"https:\/\/cheri-heater.com\/tr\/wp-json\/wp\/v2\/media\/938"}],"wp:attachment":[{"href":"https:\/\/cheri-heater.com\/tr\/wp-json\/wp\/v2\/media?parent=916"}],"wp:term":[{"taxonomy":"product_brand","embeddable":true,"href":"https:\/\/cheri-heater.com\/tr\/wp-json\/wp\/v2\/product_brand?post=916"},{"taxonomy":"product_cat","embeddable":true,"href":"https:\/\/cheri-heater.com\/tr\/wp-json\/wp\/v2\/product_cat?post=916"},{"taxonomy":"product_tag","embeddable":true,"href":"https:\/\/cheri-heater.com\/tr\/wp-json\/wp\/v2\/product_tag?post=916"}],"curies":[{"name":"wp","href":"https:\/\/api.w.org\/{rel}","templated":true}]}}