{"id":939,"date":"2024-06-04T18:00:32","date_gmt":"2024-06-04T18:00:32","guid":{"rendered":"https:\/\/cheri-heater.com\/tr\/?post_type=product&#038;p=939"},"modified":"2024-07-30T22:59:02","modified_gmt":"2024-07-30T22:59:02","slug":"cartridge-heater-for-co2-heater","status":"publish","type":"product","link":"https:\/\/cheri-heater.com\/tr\/product\/cartridge-heater-for-co2-heater\/","title":{"rendered":"CO2 Is\u0131t\u0131c\u0131 i\u00e7in Kartu\u015f Is\u0131t\u0131c\u0131"},"content":{"rendered":"","protected":false},"excerpt":{"rendered":"<h2><span lang=\"TR\" style=\"color: #000000;\">En \u0130yi CO2 Is\u0131t\u0131c\u0131 \u00dcreticisi<\/span><\/h2>\n<p class=\"Normal1\"><span lang=\"TR\" style=\"color: #000000;\">Cheri Heater Technology Co., m\u00fckemmel \u0131s\u0131 transferi ve uzun \u00f6m\u00fcr sa\u011flayan geni\u015f bir \u00fcr\u00fcn yelpazesi ile \u00f6nde gelen bir CO2 \u0131s\u0131t\u0131c\u0131 \u00fcreticisidir. \u00dcr\u00fcnlerimizi en y\u00fcksek kalite malzemeler kullanarak ve zorlu \u00e7evresel parametrelere dayanacak \u015fekilde en y\u00fcksek standartlarda \u00fcretiyoruz.<\/span><\/p>\n<p class=\"Normal1\"><span lang=\"TR\" style=\"color: #000000;\">Kal\u0131plar, plakalar, kal\u0131plar ve di\u011fer yerel \u0131s\u0131tma gerektiren uygulamalar i\u00e7in g\u00fcvenilir CO2 \u0131s\u0131t\u0131c\u0131 \u00fcreticileriyiz. Is\u0131t\u0131c\u0131lar\u0131m\u0131z, 800 derece Santigrat&#8217;a kadar olan s\u0131cakl\u0131klarda kullan\u0131labilir.<\/span><\/p>\n<p class=\"Normal1\"><span lang=\"TR\" style=\"color: #000000;\">CO2 \u0131s\u0131t\u0131c\u0131lar\u0131m\u0131z, bas\u0131n\u00e7 reg\u00fclat\u00f6rlerinde donmay\u0131 ve kuru buz olu\u015fumunu \u00f6nler, b\u00f6ylece koruyucu gaz\u0131n istikrarl\u0131 bir \u015fekilde sa\u011flanmas\u0131n\u0131 sa\u011flar. Ayr\u0131ca gaz silindirlerine pratik bir ek olarak da kullan\u0131l\u0131rlar. Cheri Heater Co., ekipman ve \u00fcr\u00fcnlerimizin t\u00fcm t\u00fcrden zorlu s\u0131cakl\u0131klarda g\u00fcvenli bir \u015fekilde kullan\u0131lmas\u0131n\u0131 sa\u011flamak i\u00e7in y\u00fcksek g\u00fcvenlik ve g\u00fcvenilirlik standartlar\u0131n\u0131 garanti eder.<\/span><\/p>\n<h3><span style=\"color: #000000;\"><a style=\"color: #000000;\" name=\"_dzb2ukqsgyuy\"><\/a><span lang=\"TR\">CO2 Is\u0131t\u0131c\u0131lar\u0131 Nedir?<\/span><\/span><\/h3>\n<p class=\"Normal1\"><span lang=\"TR\" style=\"color: #000000;\">CO2 \u0131s\u0131t\u0131c\u0131lar\u0131, CO2, karbondioksit veya azotu \u0131s\u0131tmak i\u00e7in elektrik direnci kullanan elektrikli cihazlard\u0131r. Kartu\u015f \u0131s\u0131t\u0131c\u0131lar\u0131m\u0131z, talebinize ba\u011fl\u0131 olarak \u00e7e\u015fitli metrik ve in\u00e7 \u00f6l\u00e7\u00fclerinde mevcuttur. CO2 h\u0131zl\u0131 bir \u015fekilde geni\u015fledi\u011finde veya y\u00fcksek h\u0131zda transfer edildi\u011finde \u0131s\u0131 emilimi ve donma meydana gelebilir. Bu durumda, CO2 \u0131s\u0131t\u0131c\u0131lar\u0131 donmay\u0131 \u00f6nlemeye yard\u0131mc\u0131 olabilir.<\/span><\/p>\n<h3><span style=\"color: #000000;\"><a style=\"color: #000000;\" name=\"_ibngg91v3xsg\"><\/a><span lang=\"TR\">CO2 Is\u0131t\u0131c\u0131lar\u0131n\u0131n Uygulama Alanlar\u0131<\/span><\/span><\/h3>\n<p class=\"Normal1\"><span lang=\"TR\" style=\"color: #000000;\">G\u0131da i\u015fleme, \u0131s\u0131l i\u015flem ve \u00fcretim end\u00fcstrileri i\u00e7in \u00f6nde gelen CO2 \u0131s\u0131t\u0131c\u0131 \u00fcreticileriyiz. Kartu\u015f \u0131s\u0131t\u0131c\u0131lar\u0131m\u0131z ayr\u0131ca su veya gazlar\u0131 \u0131s\u0131tabilir. CO2 \u0131s\u0131t\u0131c\u0131lar\u0131n\u0131n di\u011fer uygulamalar\u0131 aras\u0131nda t\u0131bbi teknoloji, kimyasallar, elektronik, ambalajlama ve n\u00fckleer end\u00fcstriler yer almaktad\u0131r.<\/span><\/p>\n<p class=\"Normal1\">\n","protected":false},"featured_media":942,"template":"","meta":[],"product_brand":[],"product_cat":[21],"product_tag":[153],"class_list":{"0":"post-939","1":"product","2":"type-product","3":"status-publish","4":"has-post-thumbnail","6":"product_cat-cartridge-heater","7":"product_tag-cartridge-heater-for-co2-heater","9":"first","10":"instock","11":"shipping-taxable","12":"product-type-simple"},"yoast_head":"<!-- This site is optimized with the Yoast SEO plugin v27.3 - https:\/\/yoast.com\/product\/yoast-seo-wordpress\/ -->\n<title>\u00c7in&#039;in En \u0130yi CO2 Is\u0131t\u0131c\u0131 \u00dcreticisi | Cheri-heater.com<\/title>\n<meta name=\"description\" content=\"G\u00fcvenilir bir CO2 \u0131s\u0131t\u0131c\u0131 \u00fcreticisi mi ar\u0131yorsunuz? \u0130htiya\u00e7lar\u0131n\u0131za \u00f6zel olarak tasarlanm\u0131\u015f, y\u00fcksek performansl\u0131 ve g\u00fcvenilir CO2 \u0131s\u0131t\u0131c\u0131lar\u0131 sunuyoruz.\" \/>\n<meta name=\"robots\" content=\"index, follow, max-snippet:-1, max-image-preview:large, max-video-preview:-1\" \/>\n<link rel=\"canonical\" href=\"https:\/\/cheri-heater.com\/tr\/product\/cartridge-heater-for-co2-heater\/\" \/>\n<meta property=\"og:locale\" content=\"en_US\" \/>\n<meta property=\"og:type\" content=\"article\" \/>\n<meta property=\"og:title\" content=\"\u00c7in&#039;in En \u0130yi CO2 Is\u0131t\u0131c\u0131 \u00dcreticisi | Cheri-heater.com\" \/>\n<meta property=\"og:description\" content=\"G\u00fcvenilir bir CO2 \u0131s\u0131t\u0131c\u0131 \u00fcreticisi mi ar\u0131yorsunuz? \u0130htiya\u00e7lar\u0131n\u0131za \u00f6zel olarak tasarlanm\u0131\u015f, y\u00fcksek performansl\u0131 ve g\u00fcvenilir CO2 \u0131s\u0131t\u0131c\u0131lar\u0131 sunuyoruz.\" \/>\n<meta property=\"og:url\" content=\"https:\/\/cheri-heater.com\/tr\/product\/cartridge-heater-for-co2-heater\/\" \/>\n<meta property=\"og:site_name\" content=\"Cheri Heater Technology Co.,Ltd.\" \/>\n<meta property=\"article:modified_time\" content=\"2024-07-30T22:59:02+00:00\" \/>\n<meta property=\"og:image\" content=\"https:\/\/cheri-heater.com\/tr\/wp-content\/uploads\/2024\/06\/Cheri-Electrothermal-Equipment-Limited-Company-25.jpg\" \/>\n\t<meta property=\"og:image:width\" content=\"780\" \/>\n\t<meta property=\"og:image:height\" content=\"560\" \/>\n\t<meta property=\"og:image:type\" content=\"image\/jpeg\" \/>\n<meta name=\"twitter:card\" content=\"summary_large_image\" \/>\n<meta name=\"twitter:label1\" content=\"Est. reading time\" \/>\n\t<meta name=\"twitter:data1\" content=\"1 minute\" \/>\n<!-- \/ Yoast SEO plugin. -->","yoast_head_json":{"title":"\u00c7in'in En \u0130yi CO2 Is\u0131t\u0131c\u0131 \u00dcreticisi | Cheri-heater.com","description":"G\u00fcvenilir bir CO2 \u0131s\u0131t\u0131c\u0131 \u00fcreticisi mi ar\u0131yorsunuz? \u0130htiya\u00e7lar\u0131n\u0131za \u00f6zel olarak tasarlanm\u0131\u015f, y\u00fcksek performansl\u0131 ve g\u00fcvenilir CO2 \u0131s\u0131t\u0131c\u0131lar\u0131 sunuyoruz.","robots":{"index":"index","follow":"follow","max-snippet":"max-snippet:-1","max-image-preview":"max-image-preview:large","max-video-preview":"max-video-preview:-1"},"canonical":"https:\/\/cheri-heater.com\/tr\/product\/cartridge-heater-for-co2-heater\/","og_locale":"en_US","og_type":"article","og_title":"\u00c7in'in En \u0130yi CO2 Is\u0131t\u0131c\u0131 \u00dcreticisi | Cheri-heater.com","og_description":"G\u00fcvenilir bir CO2 \u0131s\u0131t\u0131c\u0131 \u00fcreticisi mi ar\u0131yorsunuz? \u0130htiya\u00e7lar\u0131n\u0131za \u00f6zel olarak tasarlanm\u0131\u015f, y\u00fcksek performansl\u0131 ve g\u00fcvenilir CO2 \u0131s\u0131t\u0131c\u0131lar\u0131 sunuyoruz.","og_url":"https:\/\/cheri-heater.com\/tr\/product\/cartridge-heater-for-co2-heater\/","og_site_name":"Cheri Heater Technology Co.,Ltd.","article_modified_time":"2024-07-30T22:59:02+00:00","og_image":[{"width":780,"height":560,"url":"https:\/\/cheri-heater.com\/tr\/wp-content\/uploads\/2024\/06\/Cheri-Electrothermal-Equipment-Limited-Company-25.jpg","type":"image\/jpeg"}],"twitter_card":"summary_large_image","twitter_misc":{"Est. reading time":"1 minute"},"schema":{"@context":"https:\/\/schema.org","@graph":[{"@type":"WebPage","@id":"https:\/\/cheri-heater.com\/tr\/product\/cartridge-heater-for-co2-heater\/","url":"https:\/\/cheri-heater.com\/tr\/product\/cartridge-heater-for-co2-heater\/","name":"\u00c7in'in En \u0130yi CO2 Is\u0131t\u0131c\u0131 \u00dcreticisi | Cheri-heater.com","isPartOf":{"@id":"https:\/\/cheri-heater.com\/tr\/#website"},"primaryImageOfPage":{"@id":"https:\/\/cheri-heater.com\/tr\/product\/cartridge-heater-for-co2-heater\/#primaryimage"},"image":{"@id":"https:\/\/cheri-heater.com\/tr\/product\/cartridge-heater-for-co2-heater\/#primaryimage"},"thumbnailUrl":"https:\/\/cheri-heater.com\/tr\/wp-content\/uploads\/2024\/06\/Cheri-Electrothermal-Equipment-Limited-Company-25.jpg","datePublished":"2024-06-04T18:00:32+00:00","dateModified":"2024-07-30T22:59:02+00:00","description":"G\u00fcvenilir bir CO2 \u0131s\u0131t\u0131c\u0131 \u00fcreticisi mi ar\u0131yorsunuz? \u0130htiya\u00e7lar\u0131n\u0131za \u00f6zel olarak tasarlanm\u0131\u015f, y\u00fcksek performansl\u0131 ve g\u00fcvenilir CO2 \u0131s\u0131t\u0131c\u0131lar\u0131 sunuyoruz.","breadcrumb":{"@id":"https:\/\/cheri-heater.com\/tr\/product\/cartridge-heater-for-co2-heater\/#breadcrumb"},"inLanguage":"en-US","potentialAction":[{"@type":"ReadAction","target":["https:\/\/cheri-heater.com\/tr\/product\/cartridge-heater-for-co2-heater\/"]}]},{"@type":"ImageObject","inLanguage":"en-US","@id":"https:\/\/cheri-heater.com\/tr\/product\/cartridge-heater-for-co2-heater\/#primaryimage","url":"https:\/\/cheri-heater.com\/tr\/wp-content\/uploads\/2024\/06\/Cheri-Electrothermal-Equipment-Limited-Company-25.jpg","contentUrl":"https:\/\/cheri-heater.com\/tr\/wp-content\/uploads\/2024\/06\/Cheri-Electrothermal-Equipment-Limited-Company-25.jpg","width":780,"height":560},{"@type":"BreadcrumbList","@id":"https:\/\/cheri-heater.com\/tr\/product\/cartridge-heater-for-co2-heater\/#breadcrumb","itemListElement":[{"@type":"ListItem","position":1,"name":"Home","item":"https:\/\/cheri-heater.com\/tr\/"},{"@type":"ListItem","position":2,"name":"Products","item":"https:\/\/cheri-heater.com\/tr\/products\/"},{"@type":"ListItem","position":3,"name":"CO2 Is\u0131t\u0131c\u0131 i\u00e7in Kartu\u015f Is\u0131t\u0131c\u0131"}]},{"@type":"WebSite","@id":"https:\/\/cheri-heater.com\/tr\/#website","url":"https:\/\/cheri-heater.com\/tr\/","name":"Cheri Heater Technology Co.,Ltd.","description":"","publisher":{"@id":"https:\/\/cheri-heater.com\/tr\/#organization"},"potentialAction":[{"@type":"SearchAction","target":{"@type":"EntryPoint","urlTemplate":"https:\/\/cheri-heater.com\/tr\/?s={search_term_string}"},"query-input":{"@type":"PropertyValueSpecification","valueRequired":true,"valueName":"search_term_string"}}],"inLanguage":"en-US"},{"@type":"Organization","@id":"https:\/\/cheri-heater.com\/tr\/#organization","name":"Cheri Heater Technology Co.,Ltd.","url":"https:\/\/cheri-heater.com\/tr\/","logo":{"@type":"ImageObject","inLanguage":"en-US","@id":"https:\/\/cheri-heater.com\/tr\/#\/schema\/logo\/image\/","url":"https:\/\/cheri-heater.com\/tr\/wp-content\/uploads\/2024\/06\/cropped-logo-resize.png","contentUrl":"https:\/\/cheri-heater.com\/tr\/wp-content\/uploads\/2024\/06\/cropped-logo-resize.png","width":346,"height":99,"caption":"Cheri Heater Technology Co.,Ltd."},"image":{"@id":"https:\/\/cheri-heater.com\/tr\/#\/schema\/logo\/image\/"}}]}},"_links":{"self":[{"href":"https:\/\/cheri-heater.com\/tr\/wp-json\/wp\/v2\/product\/939","targetHints":{"allow":["GET"]}}],"collection":[{"href":"https:\/\/cheri-heater.com\/tr\/wp-json\/wp\/v2\/product"}],"about":[{"href":"https:\/\/cheri-heater.com\/tr\/wp-json\/wp\/v2\/types\/product"}],"wp:featuredmedia":[{"embeddable":true,"href":"https:\/\/cheri-heater.com\/tr\/wp-json\/wp\/v2\/media\/942"}],"wp:attachment":[{"href":"https:\/\/cheri-heater.com\/tr\/wp-json\/wp\/v2\/media?parent=939"}],"wp:term":[{"taxonomy":"product_brand","embeddable":true,"href":"https:\/\/cheri-heater.com\/tr\/wp-json\/wp\/v2\/product_brand?post=939"},{"taxonomy":"product_cat","embeddable":true,"href":"https:\/\/cheri-heater.com\/tr\/wp-json\/wp\/v2\/product_cat?post=939"},{"taxonomy":"product_tag","embeddable":true,"href":"https:\/\/cheri-heater.com\/tr\/wp-json\/wp\/v2\/product_tag?post=939"}],"curies":[{"name":"wp","href":"https:\/\/api.w.org\/{rel}","templated":true}]}}