{"id":944,"date":"2024-06-04T18:02:15","date_gmt":"2024-06-04T18:02:15","guid":{"rendered":"https:\/\/cheri-heater.com\/tr\/?post_type=product&#038;p=944"},"modified":"2024-07-30T22:53:18","modified_gmt":"2024-07-30T22:53:18","slug":"fined-cartridge-heater","status":"publish","type":"product","link":"https:\/\/cheri-heater.com\/tr\/product\/fined-cartridge-heater\/","title":{"rendered":"Kanall\u0131 Kartu\u015f Is\u0131t\u0131c\u0131"},"content":{"rendered":"<table dir=\"ltr\" width=\"750\" cellspacing=\"0\" cellpadding=\"0\" align=\"left\">\n<tbody>\n<tr valign=\"top\">\n<td width=\"402\">\n<p class=\"western\" align=\"left\"><span style=\"font-size: small;\"><span style=\"font-family: \u5b8b\u4f53;\">Kartu\u015f Is\u0131t\u0131c\u0131n\u0131n Malzemesi<\/span><\/span><\/p>\n<\/td>\n<td width=\"346\">\n<p class=\"western\" align=\"left\"><span style=\"font-family: \u5b8b\u4f53;\"><span style=\"font-size: small;\"><span lang=\"en-US\">Ss<\/span><\/span><\/span><span style=\"font-family: \u5b8b\u4f53;\"><span style=\"font-size: small;\"><span lang=\"en-US\">304, ss310s,<\/span><\/span><\/span><span style=\"font-family: \u5b8b\u4f53;\"><span style=\"font-size: small;\"><span lang=\"en-US\">ss316, ss316<\/span><\/span><\/span><span style=\"font-family: \u5b8b\u4f53;\"><span style=\"font-size: small;\"><span lang=\"en-US\">L<\/span><\/span><\/span><span style=\"font-family: \u5b8b\u4f53;\"><span style=\"font-size: small;\"><span lang=\"en-US\">, ss321, incoly,<\/span><\/span><\/span><span style=\"font-family: \u5b8b\u4f53;\"><span style=\"font-size: small;\"><span lang=\"en-US\">vb.<\/span><\/span><\/span><\/p>\n<\/td>\n<\/tr>\n<tr valign=\"top\">\n<td width=\"402\">\n<p class=\"western\" align=\"left\"><span style=\"font-size: small;\"><span style=\"font-family: \u5b8b\u4f53;\">Kartu\u015f Is\u0131t\u0131c\u0131n\u0131n \u00c7ap\u0131<\/span><\/span><\/p>\n<\/td>\n<td width=\"346\">\n<p class=\"western\" align=\"left\"><span style=\"font-family: \u5b8b\u4f53;\"><span style=\"font-size: small;\"><span lang=\"en-US\">minimum:<\/span><\/span><\/span><span style=\"font-family: \u5b8b\u4f53;\"><span style=\"font-size: small;\"><span lang=\"en-US\">2<\/span><\/span><\/span><span style=\"font-family: \u5b8b\u4f53;\"><span style=\"font-size: small;\"><span lang=\"en-US\"> mm, \u00f6zelle\u015ftirilmi\u015f<\/span><\/span><\/span><\/p>\n<\/td>\n<\/tr>\n<tr valign=\"top\">\n<td width=\"402\">\n<p class=\"western\" align=\"left\"><span style=\"font-size: small;\"><span style=\"font-family: \u5b8b\u4f53;\">Kartu\u015f Is\u0131t\u0131c\u0131 Eleman\u0131n\u0131n Markas\u0131<\/span><\/span><\/p>\n<\/td>\n<td width=\"346\">\n<p class=\"western\" align=\"left\"><span style=\"font-size: small;\"><span style=\"font-family: \u5b8b\u4f53;\">OEM<\/span><\/span><\/p>\n<\/td>\n<\/tr>\n<tr valign=\"top\">\n<td width=\"402\">\n<p class=\"western\" align=\"left\"><span style=\"font-size: small;\"><span style=\"font-family: \u5b8b\u4f53;\">Kartu\u015f Is\u0131t\u0131c\u0131 Elemanlar\u0131n\u0131n Maksimum S\u0131cakl\u0131\u011f\u0131<\/span><\/span><\/p>\n<\/td>\n<td width=\"346\">\n<p class=\"western\" align=\"left\"><span style=\"color: #000000;\"><span style=\"font-family: Verdana;\"><span style=\"font-size: small;\"><span lang=\"en-US\">900 \u00baC<\/span><\/span><\/span><\/span><\/p>\n<\/td>\n<\/tr>\n<tr valign=\"top\">\n<td width=\"402\">\n<p class=\"western\" align=\"left\"><span style=\"font-size: small;\"><span style=\"font-family: \u5b8b\u4f53;\">Kartu\u015f Is\u0131t\u0131c\u0131 Elemanlar\u0131n\u0131n Teslim S\u00fcresi<\/span><\/span><\/p>\n<\/td>\n<td width=\"346\">\n<p class=\"western\" align=\"left\"><span style=\"font-size: small;\"><span style=\"font-family: \u5b8b\u4f53;\">Kartu\u015f Is\u0131t\u0131c\u0131 Elemanlar\u0131n\u0131n Teslim S\u00fcresi<\/span><\/span><\/p>\n<\/td>\n<\/tr>\n<tr valign=\"top\">\n<td width=\"402\">\n<p class=\"western\" align=\"left\"><span style=\"font-size: small;\"><span style=\"font-family: \u5b8b\u4f53;\">Kartu\u015f Is\u0131t\u0131c\u0131 Elemanlar\u0131n\u0131n \u0130\u00e7 Termokuplu<\/span><\/span><\/p>\n<\/td>\n<td width=\"346\">\n<p class=\"western\" align=\"left\"><span style=\"font-size: small;\"><span style=\"font-family: \u5b8b\u4f53;\">tip J, K<\/span><\/span><\/p>\n<\/td>\n<\/tr>\n<\/tbody>\n<\/table>\n<h3 class=\"western\">Ana \u00d6zellikler<\/h3>\n<p><span style=\"color: #333333;\"><span style=\"font-family: Times New Roman, serif;\"><span style=\"font-size: small;\"><span style=\"font-size: medium;\">1. Y\u00fcksek g\u00fc\u00e7 yo\u011funlu\u011fu (\u0131s\u0131 alan\u0131 y\u00fczey g\u00fcc\u00fc 10-25w\/cm\u00b2) \u00c7al\u0131\u015fma s\u0131cakl\u0131\u011f\u0131 < 450 derece\n2. Orta, d\u00fc\u015f\u00fck g\u00fc\u00e7 yo\u011funlu\u011fu (\u0131s\u0131 alan\u0131 y\u00fczey g\u00fcc\u00fc 5-11w\/cm\u00b2) \u00c7al\u0131\u015fma s\u0131cakl\u0131\u011f\u0131 < 300 derece\n3. Voltaj: 12-250V veya talep \u00fczerine\n4. Y\u00fcksek Yo\u011funluk Yap\u0131s\u0131\n5. Y\u00fcksek kaliteli paslanmaz \u00e7elik yap\u0131, en zorlu end\u00fcstriyel ortamlarda bile uzun \u00f6m\u00fcrl\u00fc koruma sa\u011flar. Paslanmaz \u00e7elik kaplama ile korunmu\u015f olup, watt yo\u011funlu\u011fu 50w\/cm\u00b2'ye ula\u015fabilir ve \u00e7al\u0131\u015fma s\u0131cakl\u0131\u011f\u0131 800 dereceye kadar \u00e7\u0131kabilir.<\/span><\/span><\/span><\/span><\/p>\n","protected":false},"excerpt":{"rendered":"<p>Kartu\u015f \u0131s\u0131t\u0131c\u0131lar\u0131, silindirik elektrikli \u0131s\u0131tma elemanlar\u0131d\u0131r. Genellikle enjeksiyon presleri, \u0131s\u0131tma plakalar\u0131 veya \u00e7e\u015fitli ara\u00e7lar gibi kat\u0131lar\u0131n \u0131s\u0131t\u0131lmas\u0131 i\u00e7in kullan\u0131l\u0131rlar; belirli ko\u015fullar alt\u0131nda su veya gazlar\u0131n \u0131s\u0131t\u0131lmas\u0131nda da kullan\u0131labilirler. Otomotiv end\u00fcstrisinde plastik ve kau\u00e7uk par\u00e7alar\u0131n \u00fcretiminde, g\u0131da i\u015fleme end\u00fcstrisinde, kimya, elektronik, t\u0131p ekipmanlar\u0131, ambalaj ve n\u00fckleer end\u00fcstrilerde yayg\u0131n olarak kullan\u0131l\u0131rlar.<\/p>\n","protected":false},"featured_media":949,"template":"","meta":[],"product_brand":[],"product_cat":[21],"product_tag":[],"class_list":{"0":"post-944","1":"product","2":"type-product","3":"status-publish","4":"has-post-thumbnail","6":"product_cat-cartridge-heater","8":"first","9":"instock","10":"shipping-taxable","11":"product-type-simple"},"yoast_head":"<!-- This site is optimized with the Yoast SEO plugin v27.3 - https:\/\/yoast.com\/product\/yoast-seo-wordpress\/ -->\n<title>\u00dcst D\u00fczey Kanall\u0131 Kartu\u015f Is\u0131t\u0131c\u0131 \u00dcreticileri | Cheri-heater.com<\/title>\n<meta name=\"description\" content=\"\u00d6nde gelen kanall\u0131 kartu\u015f \u0131s\u0131t\u0131c\u0131 \u00fcreticileri, verimli ve g\u00fcvenilir \u0131s\u0131tma \u00e7\u00f6z\u00fcmleri sunmaktad\u0131r. Y\u00fcksek kaliteli kanall\u0131 kartu\u015f \u0131s\u0131t\u0131c\u0131lar\u0131m\u0131z, optimal \u0131s\u0131 transferi ve dayan\u0131kl\u0131l\u0131k i\u00e7in tasarlanm\u0131\u015ft\u0131r. \u00c7e\u015fitli end\u00fcstriyel uygulamalar i\u00e7in m\u00fckemmel bir se\u00e7enektir. \u00d6zelle\u015ftirilmi\u015f \u00e7\u00f6z\u00fcmler i\u00e7in bug\u00fcn bizimle ileti\u015fime ge\u00e7in!\" \/>\n<meta name=\"robots\" content=\"index, follow, max-snippet:-1, max-image-preview:large, max-video-preview:-1\" \/>\n<link rel=\"canonical\" href=\"https:\/\/cheri-heater.com\/tr\/product\/fined-cartridge-heater\/\" \/>\n<meta property=\"og:locale\" content=\"en_US\" \/>\n<meta property=\"og:type\" content=\"article\" \/>\n<meta property=\"og:title\" content=\"\u00dcst D\u00fczey Kanall\u0131 Kartu\u015f Is\u0131t\u0131c\u0131 \u00dcreticileri | Cheri-heater.com\" \/>\n<meta property=\"og:description\" content=\"\u00d6nde gelen kanall\u0131 kartu\u015f \u0131s\u0131t\u0131c\u0131 \u00fcreticileri, verimli ve g\u00fcvenilir \u0131s\u0131tma \u00e7\u00f6z\u00fcmleri sunmaktad\u0131r. Y\u00fcksek kaliteli kanall\u0131 kartu\u015f \u0131s\u0131t\u0131c\u0131lar\u0131m\u0131z, optimal \u0131s\u0131 transferi ve dayan\u0131kl\u0131l\u0131k i\u00e7in tasarlanm\u0131\u015ft\u0131r. \u00c7e\u015fitli end\u00fcstriyel uygulamalar i\u00e7in m\u00fckemmel bir se\u00e7enektir. \u00d6zelle\u015ftirilmi\u015f \u00e7\u00f6z\u00fcmler i\u00e7in bug\u00fcn bizimle ileti\u015fime ge\u00e7in!\" \/>\n<meta property=\"og:url\" content=\"https:\/\/cheri-heater.com\/tr\/product\/fined-cartridge-heater\/\" \/>\n<meta property=\"og:site_name\" content=\"Cheri Heater Technology Co.,Ltd.\" \/>\n<meta property=\"article:modified_time\" content=\"2024-07-30T22:53:18+00:00\" \/>\n<meta property=\"og:image\" content=\"https:\/\/cheri-heater.com\/tr\/wp-content\/uploads\/2024\/06\/front2.jpg\" \/>\n\t<meta property=\"og:image:width\" content=\"720\" \/>\n\t<meta property=\"og:image:height\" content=\"720\" \/>\n\t<meta property=\"og:image:type\" content=\"image\/jpeg\" \/>\n<meta name=\"twitter:card\" content=\"summary_large_image\" \/>\n<meta name=\"twitter:label1\" content=\"Est. reading time\" \/>\n\t<meta name=\"twitter:data1\" content=\"1 minute\" \/>\n<!-- \/ Yoast SEO plugin. -->","yoast_head_json":{"title":"\u00dcst D\u00fczey Kanall\u0131 Kartu\u015f Is\u0131t\u0131c\u0131 \u00dcreticileri | Cheri-heater.com","description":"\u00d6nde gelen kanall\u0131 kartu\u015f \u0131s\u0131t\u0131c\u0131 \u00fcreticileri, verimli ve g\u00fcvenilir \u0131s\u0131tma \u00e7\u00f6z\u00fcmleri sunmaktad\u0131r. Y\u00fcksek kaliteli kanall\u0131 kartu\u015f \u0131s\u0131t\u0131c\u0131lar\u0131m\u0131z, optimal \u0131s\u0131 transferi ve dayan\u0131kl\u0131l\u0131k i\u00e7in tasarlanm\u0131\u015ft\u0131r. \u00c7e\u015fitli end\u00fcstriyel uygulamalar i\u00e7in m\u00fckemmel bir se\u00e7enektir. \u00d6zelle\u015ftirilmi\u015f \u00e7\u00f6z\u00fcmler i\u00e7in bug\u00fcn bizimle ileti\u015fime ge\u00e7in!","robots":{"index":"index","follow":"follow","max-snippet":"max-snippet:-1","max-image-preview":"max-image-preview:large","max-video-preview":"max-video-preview:-1"},"canonical":"https:\/\/cheri-heater.com\/tr\/product\/fined-cartridge-heater\/","og_locale":"en_US","og_type":"article","og_title":"\u00dcst D\u00fczey Kanall\u0131 Kartu\u015f Is\u0131t\u0131c\u0131 \u00dcreticileri | Cheri-heater.com","og_description":"\u00d6nde gelen kanall\u0131 kartu\u015f \u0131s\u0131t\u0131c\u0131 \u00fcreticileri, verimli ve g\u00fcvenilir \u0131s\u0131tma \u00e7\u00f6z\u00fcmleri sunmaktad\u0131r. Y\u00fcksek kaliteli kanall\u0131 kartu\u015f \u0131s\u0131t\u0131c\u0131lar\u0131m\u0131z, optimal \u0131s\u0131 transferi ve dayan\u0131kl\u0131l\u0131k i\u00e7in tasarlanm\u0131\u015ft\u0131r. \u00c7e\u015fitli end\u00fcstriyel uygulamalar i\u00e7in m\u00fckemmel bir se\u00e7enektir. \u00d6zelle\u015ftirilmi\u015f \u00e7\u00f6z\u00fcmler i\u00e7in bug\u00fcn bizimle ileti\u015fime ge\u00e7in!","og_url":"https:\/\/cheri-heater.com\/tr\/product\/fined-cartridge-heater\/","og_site_name":"Cheri Heater Technology Co.,Ltd.","article_modified_time":"2024-07-30T22:53:18+00:00","og_image":[{"width":720,"height":720,"url":"https:\/\/cheri-heater.com\/tr\/wp-content\/uploads\/2024\/06\/front2.jpg","type":"image\/jpeg"}],"twitter_card":"summary_large_image","twitter_misc":{"Est. reading time":"1 minute"},"schema":{"@context":"https:\/\/schema.org","@graph":[{"@type":"WebPage","@id":"https:\/\/cheri-heater.com\/tr\/product\/fined-cartridge-heater\/","url":"https:\/\/cheri-heater.com\/tr\/product\/fined-cartridge-heater\/","name":"\u00dcst D\u00fczey Kanall\u0131 Kartu\u015f Is\u0131t\u0131c\u0131 \u00dcreticileri | Cheri-heater.com","isPartOf":{"@id":"https:\/\/cheri-heater.com\/tr\/#website"},"primaryImageOfPage":{"@id":"https:\/\/cheri-heater.com\/tr\/product\/fined-cartridge-heater\/#primaryimage"},"image":{"@id":"https:\/\/cheri-heater.com\/tr\/product\/fined-cartridge-heater\/#primaryimage"},"thumbnailUrl":"https:\/\/cheri-heater.com\/tr\/wp-content\/uploads\/2024\/06\/front2.jpg","datePublished":"2024-06-04T18:02:15+00:00","dateModified":"2024-07-30T22:53:18+00:00","description":"\u00d6nde gelen kanall\u0131 kartu\u015f \u0131s\u0131t\u0131c\u0131 \u00fcreticileri, verimli ve g\u00fcvenilir \u0131s\u0131tma \u00e7\u00f6z\u00fcmleri sunmaktad\u0131r. Y\u00fcksek kaliteli kanall\u0131 kartu\u015f \u0131s\u0131t\u0131c\u0131lar\u0131m\u0131z, optimal \u0131s\u0131 transferi ve dayan\u0131kl\u0131l\u0131k i\u00e7in tasarlanm\u0131\u015ft\u0131r. \u00c7e\u015fitli end\u00fcstriyel uygulamalar i\u00e7in m\u00fckemmel bir se\u00e7enektir. \u00d6zelle\u015ftirilmi\u015f \u00e7\u00f6z\u00fcmler i\u00e7in bug\u00fcn bizimle ileti\u015fime ge\u00e7in!","breadcrumb":{"@id":"https:\/\/cheri-heater.com\/tr\/product\/fined-cartridge-heater\/#breadcrumb"},"inLanguage":"en-US","potentialAction":[{"@type":"ReadAction","target":["https:\/\/cheri-heater.com\/tr\/product\/fined-cartridge-heater\/"]}]},{"@type":"ImageObject","inLanguage":"en-US","@id":"https:\/\/cheri-heater.com\/tr\/product\/fined-cartridge-heater\/#primaryimage","url":"https:\/\/cheri-heater.com\/tr\/wp-content\/uploads\/2024\/06\/front2.jpg","contentUrl":"https:\/\/cheri-heater.com\/tr\/wp-content\/uploads\/2024\/06\/front2.jpg","width":720,"height":720},{"@type":"BreadcrumbList","@id":"https:\/\/cheri-heater.com\/tr\/product\/fined-cartridge-heater\/#breadcrumb","itemListElement":[{"@type":"ListItem","position":1,"name":"Home","item":"https:\/\/cheri-heater.com\/tr\/"},{"@type":"ListItem","position":2,"name":"Products","item":"https:\/\/cheri-heater.com\/tr\/products\/"},{"@type":"ListItem","position":3,"name":"Kanall\u0131 Kartu\u015f Is\u0131t\u0131c\u0131"}]},{"@type":"WebSite","@id":"https:\/\/cheri-heater.com\/tr\/#website","url":"https:\/\/cheri-heater.com\/tr\/","name":"Cheri Heater Technology Co.,Ltd.","description":"","publisher":{"@id":"https:\/\/cheri-heater.com\/tr\/#organization"},"potentialAction":[{"@type":"SearchAction","target":{"@type":"EntryPoint","urlTemplate":"https:\/\/cheri-heater.com\/tr\/?s={search_term_string}"},"query-input":{"@type":"PropertyValueSpecification","valueRequired":true,"valueName":"search_term_string"}}],"inLanguage":"en-US"},{"@type":"Organization","@id":"https:\/\/cheri-heater.com\/tr\/#organization","name":"Cheri Heater Technology Co.,Ltd.","url":"https:\/\/cheri-heater.com\/tr\/","logo":{"@type":"ImageObject","inLanguage":"en-US","@id":"https:\/\/cheri-heater.com\/tr\/#\/schema\/logo\/image\/","url":"https:\/\/cheri-heater.com\/tr\/wp-content\/uploads\/2024\/06\/cropped-logo-resize.png","contentUrl":"https:\/\/cheri-heater.com\/tr\/wp-content\/uploads\/2024\/06\/cropped-logo-resize.png","width":346,"height":99,"caption":"Cheri Heater Technology Co.,Ltd."},"image":{"@id":"https:\/\/cheri-heater.com\/tr\/#\/schema\/logo\/image\/"}}]}},"_links":{"self":[{"href":"https:\/\/cheri-heater.com\/tr\/wp-json\/wp\/v2\/product\/944","targetHints":{"allow":["GET"]}}],"collection":[{"href":"https:\/\/cheri-heater.com\/tr\/wp-json\/wp\/v2\/product"}],"about":[{"href":"https:\/\/cheri-heater.com\/tr\/wp-json\/wp\/v2\/types\/product"}],"wp:featuredmedia":[{"embeddable":true,"href":"https:\/\/cheri-heater.com\/tr\/wp-json\/wp\/v2\/media\/949"}],"wp:attachment":[{"href":"https:\/\/cheri-heater.com\/tr\/wp-json\/wp\/v2\/media?parent=944"}],"wp:term":[{"taxonomy":"product_brand","embeddable":true,"href":"https:\/\/cheri-heater.com\/tr\/wp-json\/wp\/v2\/product_brand?post=944"},{"taxonomy":"product_cat","embeddable":true,"href":"https:\/\/cheri-heater.com\/tr\/wp-json\/wp\/v2\/product_cat?post=944"},{"taxonomy":"product_tag","embeddable":true,"href":"https:\/\/cheri-heater.com\/tr\/wp-json\/wp\/v2\/product_tag?post=944"}],"curies":[{"name":"wp","href":"https:\/\/api.w.org\/{rel}","templated":true}]}}