{"id":950,"date":"2024-06-04T18:04:33","date_gmt":"2024-06-04T18:04:33","guid":{"rendered":"https:\/\/cheri-heater.com\/tr\/?post_type=product&#038;p=950"},"modified":"2024-07-30T22:50:47","modified_gmt":"2024-07-30T22:50:47","slug":"immersion-water-heater","status":"publish","type":"product","link":"https:\/\/cheri-heater.com\/tr\/product\/immersion-water-heater\/","title":{"rendered":"Dald\u0131rma Su Is\u0131t\u0131c\u0131lar\u0131"},"content":{"rendered":"<table width=\"100%\" cellspacing=\"0\" cellpadding=\"0\">\n<tbody>\n<tr valign=\"top\">\n<td bgcolor=\"#f3f4f8\" width=\"31%\">\n<p class=\"western\" align=\"left\"><span style=\"font-size: medium;\"><b><span style=\"font-family: \u5b8b\u4f53;\">Ad<\/span><\/b><\/span><\/p>\n<\/td>\n<td width=\"69%\">\n<p class=\"western\" align=\"left\"><span style=\"font-size: medium;\"><span style=\"font-family: \u5b8b\u4f53;\">12 Volt 230w Su Is\u0131tma Eleman\u0131 Paslanmaz \u00c7elik Kartu\u015f Is\u0131t\u0131c\u0131<\/span><\/span><\/p>\n<\/td>\n<\/tr>\n<tr valign=\"top\">\n<td bgcolor=\"#f3f4f8\" width=\"31%\">\n<p class=\"western\" align=\"left\"><span style=\"font-size: medium;\"><b><span style=\"font-family: \u5b8b\u4f53;\">G\u00fc\u00e7 Tolerans\u0131<\/span><\/b><\/span><\/p>\n<\/td>\n<td width=\"69%\">\n<p class=\"western\" align=\"left\"><span style=\"font-size: medium;\"><span style=\"font-family: \u5b8b\u4f53;\">+%5, -%10<\/span><\/span><\/p>\n<\/td>\n<\/tr>\n<tr valign=\"top\">\n<td bgcolor=\"#f3f4f8\" width=\"31%\">\n<p class=\"western\" align=\"left\"><span style=\"font-size: medium;\"><b><span style=\"font-family: \u5b8b\u4f53;\">Diren\u00e7 Tolerans\u0131<\/span><\/b><\/span><\/p>\n<\/td>\n<td width=\"69%\">\n<p class=\"western\" align=\"left\"><span style=\"font-size: medium;\"><span style=\"font-family: \u5b8b\u4f53;\">+%10, -%5<\/span><\/span><\/p>\n<\/td>\n<\/tr>\n<tr valign=\"top\">\n<td bgcolor=\"#f3f4f8\" width=\"31%\">\n<p class=\"western\" align=\"left\"><span style=\"font-size: medium;\"><b><span style=\"font-family: \u5b8b\u4f53;\">Mevcut Voltajlar<\/span><\/b><\/span><\/p>\n<\/td>\n<td width=\"69%\">\n<p class=\"western\" align=\"left\"><span style=\"font-size: medium;\"><span style=\"font-family: \u5b8b\u4f53;\">380V, 240V, 220V, 110V, 36V, 24V veya 12V<\/span><\/span><\/p>\n<\/td>\n<\/tr>\n<tr valign=\"top\">\n<td bgcolor=\"#f3f4f8\" width=\"31%\">\n<p class=\"western\" align=\"left\"><span style=\"font-size: medium;\"><b><span style=\"font-family: \u5b8b\u4f53;\">Maks. \u00c7al\u0131\u015fma S\u0131cakl\u0131\u011f\u0131<\/span><\/b><\/span><\/p>\n<\/td>\n<td width=\"69%\">\n<p class=\"western\" align=\"left\"><span style=\"font-size: medium;\"><span style=\"font-family: \u5b8b\u4f53;\">870\u00baC (1600F)<\/span><\/span><\/p>\n<\/td>\n<\/tr>\n<tr valign=\"top\">\n<td bgcolor=\"#f3f4f8\" width=\"31%\">\n<p class=\"western\" align=\"left\"><span style=\"font-size: medium;\"><b><span style=\"font-family: \u5b8b\u4f53;\">Uzunluk Tolerans\u0131<\/span><\/b><\/span><\/p>\n<\/td>\n<td width=\"69%\">\n<p class=\"western\" align=\"left\"><span style=\"font-size: medium;\"><span style=\"font-family: \u5b8b\u4f53;\">\u00b1 %2 veya 3.2mm (1\/8\u201d), hangisi b\u00fcy\u00fckse.<\/span><\/span><\/p>\n<\/td>\n<\/tr>\n<tr valign=\"top\">\n<td bgcolor=\"#f3f4f8\" width=\"31%\">\n<p class=\"western\" align=\"left\"><span style=\"font-size: medium;\"><b><span style=\"font-family: \u5b8b\u4f53;\">E\u011filme Tolerans\u0131<\/span><\/b><\/span><\/p>\n<\/td>\n<td width=\"69%\">\n<p class=\"western\" align=\"left\"><span style=\"font-size: medium;\"><span style=\"font-family: \u5b8b\u4f53;\">1.7mm metre ba\u015f\u0131na (0.020\u201d ayak ba\u015f\u0131na).<\/span><\/span><\/p>\n<\/td>\n<\/tr>\n<tr valign=\"top\">\n<td bgcolor=\"#f3f4f8\" width=\"31%\">\n<p class=\"western\" align=\"left\"><span style=\"font-size: medium;\"><b><span style=\"font-family: \u5b8b\u4f53;\">\u00c7ap Tolerans\u0131<\/span><\/b><\/span><\/p>\n<\/td>\n<td width=\"69%\">\n<p class=\"western\" align=\"left\"><span style=\"font-size: medium;\"><span style=\"font-family: \u5b8b\u4f53;\">Her iki u\u00e7ta \u00e7ap \u00b10.05mm ile -0.1mm aras\u0131nda de\u011fi\u015febilir (+.002&#8243; &#8211; .004&#8243;)<\/span><\/span><\/p>\n<\/td>\n<\/tr>\n<tr valign=\"top\">\n<td bgcolor=\"#f3f4f8\" width=\"31%\">\n<p class=\"western\" align=\"left\"><span style=\"font-size: medium;\"><b><span style=\"font-family: \u5b8b\u4f53;\">Standart Is\u0131t\u0131lmam\u0131\u015f B\u00f6lge<\/span><\/b><\/span><\/p>\n<\/td>\n<td width=\"69%\">\n<p class=\"western\" align=\"left\"><span style=\"font-size: medium;\"><span style=\"font-family: \u5b8b\u4f53;\">5-10mm;<\/span><\/span><\/p>\n<\/td>\n<\/tr>\n<tr valign=\"top\">\n<td bgcolor=\"#f3f4f8\" width=\"31%\">\n<p class=\"western\" align=\"left\"><span style=\"font-size: medium;\"><b><span style=\"font-family: \u5b8b\u4f53;\">\u0130\u00e7 Termokupl<\/span><\/b><\/span><\/p>\n<\/td>\n<td width=\"69%\">\n<p class=\"western\" align=\"left\"><span style=\"font-size: medium;\"><span style=\"font-family: \u5b8b\u4f53;\">tip J veya K;<\/span><\/span><\/p>\n<\/td>\n<\/tr>\n<tr valign=\"top\">\n<td bgcolor=\"#f3f4f8\" width=\"31%\">\n<p class=\"western\" align=\"left\"><span style=\"font-size: medium;\"><b><span style=\"font-family: \u5b8b\u4f53;\">Termokupl Konumu<\/span><\/b><\/span><\/p>\n<\/td>\n<td width=\"69%\">\n<p class=\"western\" align=\"left\"><span style=\"font-size: medium;\"><span style=\"font-family: \u5b8b\u4f53;\">Disk Ucu, K\u0131l\u0131f, Is\u0131t\u0131c\u0131n\u0131n Merkezi;<\/span><\/span><\/p>\n<\/td>\n<\/tr>\n<tr valign=\"top\">\n<td bgcolor=\"#f3f4f8\" width=\"31%\">\n<p class=\"western\" align=\"left\"><span style=\"font-size: medium;\"><b><span style=\"font-family: \u5b8b\u4f53;\">\u0130zolasyon Direnci (so\u011fuk)<\/span><\/b><\/span><\/p>\n<\/td>\n<td width=\"69%\">\n<p class=\"western\" align=\"left\">\u2265 <span style=\"font-family: \u5b8b\u4f53;\"><span style=\"font-size: medium;\">500 M\u03a9;<\/span><\/span><\/p>\n<\/td>\n<\/tr>\n<tr valign=\"top\">\n<td bgcolor=\"#f3f4f8\" width=\"31%\">\n<p class=\"western\" align=\"left\"><span style=\"font-size: medium;\"><b><span style=\"font-family: \u5b8b\u4f53;\">Maksimum S\u0131z\u0131nt\u0131 Ak\u0131m\u0131 (so\u011fuk)<\/span><\/b><\/span><\/p>\n<\/td>\n<td width=\"69%\">\n<p class=\"western\" align=\"left\">\u2264 <span style=\"font-family: \u5b8b\u4f53;\"><span style=\"font-size: medium;\">0.5 mA;<\/span><\/span><\/p>\n<\/td>\n<\/tr>\n<tr valign=\"top\">\n<td bgcolor=\"#f3f4f8\" width=\"31%\">\n<p class=\"western\" align=\"left\"><span style=\"font-size: medium;\"><b><span style=\"font-family: \u5b8b\u4f53;\">\u00c7ap<\/span><\/b><\/span><\/p>\n<\/td>\n<td width=\"69%\">\n<p class=\"western\" align=\"left\"><span style=\"font-family: \u5b8b\u4f53;\"><span style=\"font-size: medium;\"><span lang=\"en-US\">2<\/sp\n\n<\/p>\n","protected":false},"excerpt":{"rendered":"<p>Ad 12 Volt 230w Su Is\u0131tma Eleman\u0131 Paslanmaz \u00c7elik Kartu\u015f Is\u0131t\u0131c\u0131 G\u00fc\u00e7 Tolerans\u0131 +%5, -%10 Diren\u00e7 Tolerans\u0131 +%10, -%5 Mevcut Voltajlar 380V, 240V, 220V, 110V, 36V, 24V veya 12V Maks. \u00c7al\u0131\u015fma S\u0131cakl\u0131\u011f\u0131 870\u00baC (1600F) Uzunluk Tolerans\u0131 \u00b1 %2 veya 3.2mm (1\/8\u201d), hangisi b\u00fcy\u00fckse. E\u011filme Tolerans\u0131 1.7mm metre ba\u015f\u0131na (0.020\u201d ayak ba\u015f\u0131na). \u00c7ap Tolerans\u0131 Her iki [&hellip;]<\/p>\n","protected":false},"featured_media":955,"template":"","meta":[],"product_brand":[],"product_cat":[21],"product_tag":[],"class_list":{"0":"post-950","1":"product","2":"type-product","3":"status-publish","4":"has-post-thumbnail","6":"product_cat-cartridge-heater","8":"first","9":"instock","10":"shipping-taxable","11":"product-type-simple"},"yoast_head":"<!-- This site is optimized with the Yoast SEO plugin v27.3 - https:\/\/yoast.com\/product\/yoast-seo-wordpress\/ -->\n<title>Verimli Dald\u0131rma Su Is\u0131t\u0131c\u0131lar\u0131 | H\u0131zl\u0131 Is\u0131nma \u0130\u00e7in<\/title>\n<meta name=\"description\" content=\"Verimli dald\u0131rma su \u0131s\u0131t\u0131c\u0131lar\u0131m\u0131z, h\u0131zl\u0131 ve g\u00fcvenilir su \u0131s\u0131tma i\u00e7in tasarlanm\u0131\u015ft\u0131r. \u00c7e\u015fitli uygulamalar i\u00e7in m\u00fckemmel olan \u0131s\u0131t\u0131c\u0131lar\u0131m\u0131z, dayan\u0131kl\u0131l\u0131k ve enerji tasarrufu performans\u0131 sunar. Y\u00fcksek kaliteli dald\u0131rma su \u0131s\u0131t\u0131c\u0131lar\u0131m\u0131zdan se\u00e7im yap\u0131n ve an\u0131nda s\u0131cak suyun tad\u0131n\u0131 \u00e7\u0131kar\u0131n. \u015eimdi al\u0131\u015fveri\u015f yap\u0131n!\" \/>\n<meta name=\"robots\" content=\"index, follow, max-snippet:-1, max-image-preview:large, max-video-preview:-1\" \/>\n<link rel=\"canonical\" href=\"https:\/\/cheri-heater.com\/tr\/product\/immersion-water-heater\/\" \/>\n<meta property=\"og:locale\" content=\"en_US\" \/>\n<meta property=\"og:type\" content=\"article\" \/>\n<meta property=\"og:title\" content=\"Verimli Dald\u0131rma Su Is\u0131t\u0131c\u0131lar\u0131 | H\u0131zl\u0131 Is\u0131nma \u0130\u00e7in\" \/>\n<meta property=\"og:description\" content=\"Verimli dald\u0131rma su \u0131s\u0131t\u0131c\u0131lar\u0131m\u0131z, h\u0131zl\u0131 ve g\u00fcvenilir su \u0131s\u0131tma i\u00e7in tasarlanm\u0131\u015ft\u0131r. \u00c7e\u015fitli uygulamalar i\u00e7in m\u00fckemmel olan \u0131s\u0131t\u0131c\u0131lar\u0131m\u0131z, dayan\u0131kl\u0131l\u0131k ve enerji tasarrufu performans\u0131 sunar. Y\u00fcksek kaliteli dald\u0131rma su \u0131s\u0131t\u0131c\u0131lar\u0131m\u0131zdan se\u00e7im yap\u0131n ve an\u0131nda s\u0131cak suyun tad\u0131n\u0131 \u00e7\u0131kar\u0131n. \u015eimdi al\u0131\u015fveri\u015f yap\u0131n!\" \/>\n<meta property=\"og:url\" content=\"https:\/\/cheri-heater.com\/tr\/product\/immersion-water-heater\/\" \/>\n<meta property=\"og:site_name\" content=\"Cheri Heater Technology Co.,Ltd.\" \/>\n<meta property=\"article:modified_time\" content=\"2024-07-30T22:50:47+00:00\" \/>\n<meta property=\"og:image\" content=\"https:\/\/cheri-heater.com\/tr\/wp-content\/uploads\/2024\/06\/\u5fae\u4fe1\u56fe\u7247_202302171252586.jpg\" \/>\n\t<meta property=\"og:image:width\" content=\"760\" \/>\n\t<meta property=\"og:image:height\" content=\"760\" \/>\n\t<meta property=\"og:image:type\" content=\"image\/jpeg\" \/>\n<meta name=\"twitter:card\" content=\"summary_large_image\" \/>\n<meta name=\"twitter:label1\" content=\"Est. reading time\" \/>\n\t<meta name=\"twitter:data1\" content=\"1 minute\" \/>\n<!-- \/ Yoast SEO plugin. -->","yoast_head_json":{"title":"Verimli Dald\u0131rma Su Is\u0131t\u0131c\u0131lar\u0131 | H\u0131zl\u0131 Is\u0131nma \u0130\u00e7in","description":"Verimli dald\u0131rma su \u0131s\u0131t\u0131c\u0131lar\u0131m\u0131z, h\u0131zl\u0131 ve g\u00fcvenilir su \u0131s\u0131tma i\u00e7in tasarlanm\u0131\u015ft\u0131r. \u00c7e\u015fitli uygulamalar i\u00e7in m\u00fckemmel olan \u0131s\u0131t\u0131c\u0131lar\u0131m\u0131z, dayan\u0131kl\u0131l\u0131k ve enerji tasarrufu performans\u0131 sunar. Y\u00fcksek kaliteli dald\u0131rma su \u0131s\u0131t\u0131c\u0131lar\u0131m\u0131zdan se\u00e7im yap\u0131n ve an\u0131nda s\u0131cak suyun tad\u0131n\u0131 \u00e7\u0131kar\u0131n. \u015eimdi al\u0131\u015fveri\u015f yap\u0131n!","robots":{"index":"index","follow":"follow","max-snippet":"max-snippet:-1","max-image-preview":"max-image-preview:large","max-video-preview":"max-video-preview:-1"},"canonical":"https:\/\/cheri-heater.com\/tr\/product\/immersion-water-heater\/","og_locale":"en_US","og_type":"article","og_title":"Verimli Dald\u0131rma Su Is\u0131t\u0131c\u0131lar\u0131 | H\u0131zl\u0131 Is\u0131nma \u0130\u00e7in","og_description":"Verimli dald\u0131rma su \u0131s\u0131t\u0131c\u0131lar\u0131m\u0131z, h\u0131zl\u0131 ve g\u00fcvenilir su \u0131s\u0131tma i\u00e7in tasarlanm\u0131\u015ft\u0131r. \u00c7e\u015fitli uygulamalar i\u00e7in m\u00fckemmel olan \u0131s\u0131t\u0131c\u0131lar\u0131m\u0131z, dayan\u0131kl\u0131l\u0131k ve enerji tasarrufu performans\u0131 sunar. Y\u00fcksek kaliteli dald\u0131rma su \u0131s\u0131t\u0131c\u0131lar\u0131m\u0131zdan se\u00e7im yap\u0131n ve an\u0131nda s\u0131cak suyun tad\u0131n\u0131 \u00e7\u0131kar\u0131n. \u015eimdi al\u0131\u015fveri\u015f yap\u0131n!","og_url":"https:\/\/cheri-heater.com\/tr\/product\/immersion-water-heater\/","og_site_name":"Cheri Heater Technology Co.,Ltd.","article_modified_time":"2024-07-30T22:50:47+00:00","og_image":[{"width":760,"height":760,"url":"https:\/\/cheri-heater.com\/tr\/wp-content\/uploads\/2024\/06\/\u5fae\u4fe1\u56fe\u7247_202302171252586.jpg","type":"image\/jpeg"}],"twitter_card":"summary_large_image","twitter_misc":{"Est. reading time":"1 minute"},"schema":{"@context":"https:\/\/schema.org","@graph":[{"@type":"WebPage","@id":"https:\/\/cheri-heater.com\/tr\/product\/immersion-water-heater\/","url":"https:\/\/cheri-heater.com\/tr\/product\/immersion-water-heater\/","name":"Verimli Dald\u0131rma Su Is\u0131t\u0131c\u0131lar\u0131 | H\u0131zl\u0131 Is\u0131nma \u0130\u00e7in","isPartOf":{"@id":"https:\/\/cheri-heater.com\/tr\/#website"},"primaryImageOfPage":{"@id":"https:\/\/cheri-heater.com\/tr\/product\/immersion-water-heater\/#primaryimage"},"image":{"@id":"https:\/\/cheri-heater.com\/tr\/product\/immersion-water-heater\/#primaryimage"},"thumbnailUrl":"https:\/\/cheri-heater.com\/tr\/wp-content\/uploads\/2024\/06\/\u5fae\u4fe1\u56fe\u7247_202302171252586.jpg","datePublished":"2024-06-04T18:04:33+00:00","dateModified":"2024-07-30T22:50:47+00:00","description":"Verimli dald\u0131rma su \u0131s\u0131t\u0131c\u0131lar\u0131m\u0131z, h\u0131zl\u0131 ve g\u00fcvenilir su \u0131s\u0131tma i\u00e7in tasarlanm\u0131\u015ft\u0131r. \u00c7e\u015fitli uygulamalar i\u00e7in m\u00fckemmel olan \u0131s\u0131t\u0131c\u0131lar\u0131m\u0131z, dayan\u0131kl\u0131l\u0131k ve enerji tasarrufu performans\u0131 sunar. Y\u00fcksek kaliteli dald\u0131rma su \u0131s\u0131t\u0131c\u0131lar\u0131m\u0131zdan se\u00e7im yap\u0131n ve an\u0131nda s\u0131cak suyun tad\u0131n\u0131 \u00e7\u0131kar\u0131n. \u015eimdi al\u0131\u015fveri\u015f yap\u0131n!","breadcrumb":{"@id":"https:\/\/cheri-heater.com\/tr\/product\/immersion-water-heater\/#breadcrumb"},"inLanguage":"en-US","potentialAction":[{"@type":"ReadAction","target":["https:\/\/cheri-heater.com\/tr\/product\/immersion-water-heater\/"]}]},{"@type":"ImageObject","inLanguage":"en-US","@id":"https:\/\/cheri-heater.com\/tr\/product\/immersion-water-heater\/#primaryimage","url":"https:\/\/cheri-heater.com\/tr\/wp-content\/uploads\/2024\/06\/\u5fae\u4fe1\u56fe\u7247_202302171252586.jpg","contentUrl":"https:\/\/cheri-heater.com\/tr\/wp-content\/uploads\/2024\/06\/\u5fae\u4fe1\u56fe\u7247_202302171252586.jpg","width":760,"height":760},{"@type":"BreadcrumbList","@id":"https:\/\/cheri-heater.com\/tr\/product\/immersion-water-heater\/#breadcrumb","itemListElement":[{"@type":"ListItem","position":1,"name":"Home","item":"https:\/\/cheri-heater.com\/tr\/"},{"@type":"ListItem","position":2,"name":"Products","item":"https:\/\/cheri-heater.com\/tr\/products\/"},{"@type":"ListItem","position":3,"name":"Dald\u0131rma Su Is\u0131t\u0131c\u0131lar\u0131"}]},{"@type":"WebSite","@id":"https:\/\/cheri-heater.com\/tr\/#website","url":"https:\/\/cheri-heater.com\/tr\/","name":"Cheri Heater Technology Co.,Ltd.","description":"","publisher":{"@id":"https:\/\/cheri-heater.com\/tr\/#organization"},"potentialAction":[{"@type":"SearchAction","target":{"@type":"EntryPoint","urlTemplate":"https:\/\/cheri-heater.com\/tr\/?s={search_term_string}"},"query-input":{"@type":"PropertyValueSpecification","valueRequired":true,"valueName":"search_term_string"}}],"inLanguage":"en-US"},{"@type":"Organization","@id":"https:\/\/cheri-heater.com\/tr\/#organization","name":"Cheri Heater Technology Co.,Ltd.","url":"https:\/\/cheri-heater.com\/tr\/","logo":{"@type":"ImageObject","inLanguage":"en-US","@id":"https:\/\/cheri-heater.com\/tr\/#\/schema\/logo\/image\/","url":"https:\/\/cheri-heater.com\/tr\/wp-content\/uploads\/2024\/06\/cropped-logo-resize.png","contentUrl":"https:\/\/cheri-heater.com\/tr\/wp-content\/uploads\/2024\/06\/cropped-logo-resize.png","width":346,"height":99,"caption":"Cheri Heater Technology Co.,Ltd."},"image":{"@id":"https:\/\/cheri-heater.com\/tr\/#\/schema\/logo\/image\/"}}]}},"_links":{"self":[{"href":"https:\/\/cheri-heater.com\/tr\/wp-json\/wp\/v2\/product\/950","targetHints":{"allow":["GET"]}}],"collection":[{"href":"https:\/\/cheri-heater.com\/tr\/wp-json\/wp\/v2\/product"}],"about":[{"href":"https:\/\/cheri-heater.com\/tr\/wp-json\/wp\/v2\/types\/product"}],"wp:featuredmedia":[{"embeddable":true,"href":"https:\/\/cheri-heater.com\/tr\/wp-json\/wp\/v2\/media\/955"}],"wp:attachment":[{"href":"https:\/\/cheri-heater.com\/tr\/wp-json\/wp\/v2\/media?parent=950"}],"wp:term":[{"taxonomy":"product_brand","embeddable":true,"href":"https:\/\/cheri-heater.com\/tr\/wp-json\/wp\/v2\/product_brand?post=950"},{"taxonomy":"product_cat","embeddable":true,"href":"https:\/\/cheri-heater.com\/tr\/wp-json\/wp\/v2\/product_cat?post=950"},{"taxonomy":"product_tag","embeddable":true,"href":"https:\/\/cheri-heater.com\/tr\/wp-json\/wp\/v2\/product_tag?post=950"}],"curies":[{"name":"wp","href":"https:\/\/api.w.org\/{rel}","templated":true}]}}