{"id":956,"date":"2024-06-04T18:06:57","date_gmt":"2024-06-04T18:06:57","guid":{"rendered":"https:\/\/cheri-heater.com\/tr\/?post_type=product&#038;p=956"},"modified":"2024-07-30T22:48:59","modified_gmt":"2024-07-30T22:48:59","slug":"mold-cartridge-heater","status":"publish","type":"product","link":"https:\/\/cheri-heater.com\/tr\/product\/mold-cartridge-heater\/","title":{"rendered":"Kal\u0131p Kartu\u015f Is\u0131t\u0131c\u0131lar\u0131"},"content":{"rendered":"<p align=\"left\"><span style=\"color: #000000;\"><strong><span style=\"font-family: Arial, sans-serif;\"><span style=\"font-size: medium;\">\u00dcretim S\u00fcreci:<\/span><\/span><\/strong><\/span><\/p>\n<p align=\"left\"><span style=\"font-family: Arial, sans-serif; color: #000000;\"><span style=\"font-size: medium;\">Kuyu \u0131s\u0131tma tellerini diki\u015fsiz \u00e7elik boru, bak\u0131r veya al\u00fcminyum t\u00fcpten ge\u00e7irin. Yal\u0131t\u0131m ve termal oksidasyon maddelerini bo\u015fluklara e\u015fit olarak doldurmak i\u00e7in dolum makinesi kullan\u0131n; \u00f6rne\u011fin Kristal magnezyum oksit tozu (al\u00fcmina veya temiz kuvars kumu da kullan\u0131labilir) vb. Daha sonra daralma t\u00fcp makinesi kullanarak boru \u00e7ap\u0131n\u0131 daralt\u0131n, oksit ortam\u0131n\u0131 yo\u011funla\u015ft\u0131r\u0131n (yo\u011funlu\u011fu 3.3 g\/cm\u00b3&#8217;\u00fcn \u00fczerine \u00e7\u0131kar\u0131n), \u0131s\u0131tma telinin havadan kesilmesini sa\u011flay\u0131n, merkez pozisyonunun boru duvar\u0131na dokundu\u011fundan ve kaymad\u0131\u011f\u0131ndan emin olun. Bu, birim alan ba\u015f\u0131na \u0131s\u0131tma g\u00fcc\u00fcn\u00fc on kat art\u0131rabilir. Kullan\u0131m \u00f6mr\u00fc 10 y\u0131ldan fazla olabilir. B\u00fcy\u00fck \u0131s\u0131tma g\u00fcc\u00fcne sahip elektrik elemanlar\u0131yla kar\u015f\u0131la\u015ft\u0131r\u0131ld\u0131\u011f\u0131nda, boru \u0131s\u0131t\u0131c\u0131lar\u0131 %5 malzeme tasarrufu sa\u011flayabilir. Termal verimlilik %90&#8217;\u0131n \u00fczerine \u00e7\u0131kabilir.<\/span><\/span><\/p>\n<p align=\"left\"><span style=\"color: #000000;\"><strong><span style=\"font-family: Arial Black, sans-serif;\"><span style=\"font-size: large;\">Uygulama:<\/span><\/span><\/strong><\/span><\/p>\n<p align=\"left\"><span style=\"font-family: Arial, sans-serif; color: #000000;\"><span style=\"font-size: medium;\">1 Yar\u0131 iletken odas\u0131 \u0131s\u0131tma<\/span><\/span><\/p>\n<p align=\"left\"><span style=\"font-size: medium; color: #000000;\"><span style=\"font-family: Arial, sans-serif;\">2 Yar\u0131 iletken wafer ba\u011flant\u0131s\u0131<\/span><\/span><\/p>\n<p align=\"left\"><span style=\"font-family: Arial, sans-serif; color: #000000;\"><span style=\"font-size: medium;\">3 Yar\u0131 iletken tel ve kal\u0131p ba\u011flama<\/span><\/span><\/p>\n<p align=\"left\"><span style=\"font-family: Arial, sans-serif; color: #000000;\"><span style=\"font-size: medium;\">4 So\u011fuk iklimlerde veya uygulamalarda ekipman dondurma korumas\u0131 ve buz \u00e7\u00f6zme<\/span><\/span><\/p>\n<p align=\"left\"><span style=\"font-family: Arial, sans-serif; color: #000000;\"><span style=\"font-size: medium;\">5 Nem Kontrol\u00fc<\/span><\/span><\/p>\n<p align=\"left\"><span style=\"font-family: Arial, sans-serif; color: #000000;\"><span style=\"font-size: medium;\">6 T\u0131bbi cihazlarda hasta konforu \u0131s\u0131tmas\u0131<\/span><\/span><\/p>\n<p align=\"left\"><span style=\"font-family: Arial, sans-serif; color: #000000;\"><span style=\"font-size: medium;\">7 Kal\u0131p ve plaka \u0131s\u0131tma<\/span><\/span><\/p>\n<p align=\"left\"><span style=\"font-family: Arial, sans-serif; color: #000000;\"><span style=\"font-size: medium;\">8 Ambalajlama ekipmanlar\u0131nda kullan\u0131lan s\u0131zd\u0131rmazl\u0131k \u00e7ubuklar\u0131<\/span><\/span><\/p>\n<p align=\"left\"><span style=\"font-family: Arial, sans-serif; color: #000000;\"><span style=\"font-size: medium;\">9 Gaz kromatografisinde test \u00f6rne\u011fi \u0131s\u0131tma<\/span><\/span><\/p>\n<p align=\"left\"><span style=\"font-family: Arial, sans-serif;\"><span style=\"font-size: large;\"><b>\u00d6zellikler &amp; Nitelikler<\/b><\/span><\/span><\/p>\n<p align=\"left\"><span style=\"font-family: Arial, sans-serif; color: #000000;\"><span style=\"font-size: medium;\">Borunun \u00e7ap\u0131: \u03a62 mm-\u03a630 mm<\/span><\/span><\/p>\n<p align=\"left\"><span style=\"font-family: Arial, sans-serif; color: #000000;\"><span style=\"font-size: medium;\">Borunun Malzemesi: SS201, SS304, SS316, SS321 ve INCOLOY800 vb.<\/span><\/span><\/p>\n<p align=\"left\"><span style=\"font-family: Arial, sans-serif; color: #000000;\"><span style=\"font-size: medium;\">Yal\u0131t\u0131m Malzemesi: MgO<\/span><\/span><\/p>\n<p align=\"left\"><span style=\"font-family: Arial, sans-serif; color: #000000;\"><span style=\"font-size: medium;\">\u0130letken Malzeme: Nikel-Krom Diren\u00e7 Teli<\/span><\/span><\/p>\n<p align=\"left\"><span style=\"font-family: Arial, sans-serif; color: #000000;\"><span style=\"font-size: medium;\">Watt Yo\u011funlu\u011fu: Y\u00fcksek\/Orta\/D\u00fc\u015f\u00fck (5-25w\/cm\u00b2)<\/span><\/span><\/p>\n<p align=\"left\"><span style=\"font-family: Arial, sans-serif; color: #000000;\"><span style=\"font-size: medium;\">Kablo Ba\u011flant\u0131 Se\u00e7ene\u011fi: Di\u015fli \u00c7ubuk Terminali veya Kablo<\/span><\/span><\/p>\n<p align=\"left\"><span style=\"font-family: Arial, sans-serif; color: #000000;\"><span style=\"font-size: medium;\">Kablo T\u00fcr\u00fc: 300 mm Standart (Teflon\/Silicon Y\u00fcksek S\u0131cakl\u0131k Fiber Cam, kartu\u015f elektrikli \u0131s\u0131t\u0131c\u0131 i\u00e7in mevcuttur)<\/span><\/span><\/p>\n<p align=\"left\"><span style=\"color: #000000;\"><strong><span style=\"font-family: Arial, sans-serif;\"><span style=\"font-size: large;\"><b>Avantajlar<\/b><\/span><\/span><\/strong><\/span><\/p>\n<p align=\"left\"><span style=\"font-family: Arial, sans-serif; color: #000000;\"><span style=\"font-size: medium;\">Dahili kablolama: y\u00fcksek s\u0131cakl\u0131k direnci, d\u00fczg\u00fcn \u0131s\u0131tma, y\u00fcksek termal iletkenlik ve zor k\u0131r\u0131lan kablo.<\/span><\/span><\/p>\n<p align=\"left\"><span style=\"font-family: Arial, sans-serif; color: #000000;\"><span style=\"font-size: medium;\">D\u0131\u015f kablolama: y\u00fcksek s\u0131cakl\u0131k direnci, d\u00fczg\u00fcn \u0131s\u0131tma ve y\u00fcksek termal iletkenlik.<\/span><\/span><\/p>\n<p align=\"left\"><span style=\"color: #000000;\"><strong><span style=\"font-family: Arial, sans-serif;\"><span style=\"font-size: small;\"><b><span style=\"font-size: medium;\">Teknik Veriler<\/span><\/b><\/span><\/span><\/strong><\/span><\/p>\n<table width=\"745\" cellspacing=\"0\" cellpadding=\"0\">\n<tbody>\n<tr>\n<td bgcolor=\"#ffffff\" width=\"291\" height=\"17\">\n<p class=\"western\" align=\"center\"><span style=\"font-size: medium; color: #000000;\"><span style=\"font-family: Arial, sans-serif;\">Diren\u00e7 \u0131s\u0131tma teli<\/span><\/span><\/p>\n<\/td>\n<td bgcolor=\"#ffffff\" width=\"452\">\n<p class=\"western\" align=\"center\"><span style=\"font-size: medium; color: #000000;\"><span style=\"font-family: Arial, sans-serif;\">NiCr 80\/20 teli<\/span><\/span><\/p>\n<\/td>\n<\/tr>\n<tr>\n<td bgcolor=\"#ffffff\" width=\"291\" height=\"18\">\n<p class=\"western\" align=\"center\"><span style=\"font-size: medium; color: #000000;\"><span style=\"font-family: Arial, sans-serif;\">Wattaj Tolerans\u0131<\/span><\/span><\/p>\n<\/td>\n<td bgcolor=\"#ffffff\" width=\"452\">\n<p class=\"western\" align=\"center\"><span style=\"font-size: medium; color: #000000;\"><span style=\"font-family: Arial, sans-serif;\">+%5, -%10<\/span><\/span><\/p>\n<\/td>\n<\/tr>\n<tr>\n<td bgcolor=\"#ffffff\" width=\"291\" height=\"18\">\n<p class=\"western\" align=\"center\"><span style=\"font-size: medium; color: #000000;\"><span style=\"font-family: Arial, sans-serif;\">Diren\u00e7 Tolerans\u0131<\/span><\/span><\/p>\n<\/td>\n<td bgcolor=\"#ffffff\" width=\"452\">\n<p class=\"western\" align=\"center\"><span style=\"font-size: medium; color: #000000;\"><span style=\"font-family: Arial, sans-serif;\">+%10, -%5<\/span><\/span><\/p>\n<\/td>\n<\/tr>\n<tr>\n<td bgcolor=\"#ffffff\" width=\"291\" height=\"18\">\n<p class=\"western\" align=\"center\"><span style=\"font-size: medium; color: #000000;\"><span style=\"font-family: Arial, sans-serif;\">Uzunluk Tolerans\u0131<\/span><\/span><\/p>\n<\/td>\n<td bgcolor=\"#ffffff\" width=\"452\">\n<p class=\"western\" align=\"center\"><span style=\"font-size: medium; color: #000000;\"><span style=\"font-family: Arial, sans-serif;\">\u00b11 mm<\/span><\/span><\/p>\n<\/td>\n<\/tr>\n<tr>\n<td bgcolor=\"#ffffff\" width=\"291\" height=\"18\">\n<p class=\"western\" align=\"center\"><span style=\"font-size: medium; color: #000000;\"><span style=\"font-family: Arial, sans-serif;\">\u00c7ap Tolerans\u0131<\/span><\/span><\/p>\n<\/td>\n<td bgcolor=\"#ffffff\" width=\"452\">\n<p class=\"western\" align=\"center\"><span style=\"color: #000000;\"><span style=\"font-family: Arial, sans-serif;\"><span style=\"font-size: medium;\">\u00b1 0.02 mm<\/span><\/span><\/span><\/p>\n<\/td>\n<\/tr>\n<tr>\n<td bgcolor=\"#ffffff\" width=\"291\" height=\"18\">\n<p class=\"western\" align=\"center\"><span style=\"font-size: medium; color: #000000;\"><span style=\"font-family: Arial, sans-serif;\">Standart So\u011fuk B\u00f6lge<\/span><\/span><\/p>\n<\/td>\n<td bgcolor=\"#ffffff\" width=\"452\">\n<p class=\"western\" align=\"center\"><span style=\"font-size: medium; color: #000000;\"><span style=\"font-family: Arial, sans-serif;\">5-10 mm<\/span><\/span><\/p>\n<\/td>\n<\/tr>\n<tr>\n<td bgcolor=\"#ffffff\" width=\"291\" height=\"18\">\n<p class=\"western\" align=\"center\"><span style=\"font-size: medium; color: #000000;\"><span style=\"font-family: Arial, sans-serif;\">Yal\u0131t\u0131m Direnci (so\u011fuk)<\/span><\/span><\/p>\n<\/td>\n<td bgcolor=\"#ffffff\" width=\"452\">\n<p class=\"western\" align=\"center\"><span style=\"color: #000000;\">\u2265 <span style=\"font-family: Arial, sans-serif;\"><span style=\"font-size: medium;\">500 M\u03a9<\/span><\/span><\/span><\/p>\n<\/td>\n<\/tr>\n<tr>\n<td bgcolor=\"#ffffff\" width=\"291\" height=\"18\">\n<p class=\"western\" align=\"center\"><span style=\"font-size: medium; color: #000000;\"><span style=\"font-family: Arial, sans-serif;\">Maksimum S\u0131z\u0131nt\u0131 Ak\u0131m\u0131 (so\u011fuk)<\/span><\/span><\/p>\n<\/td>\n<td bgcolor=\"#ffffff\" width=\"452\">\n<p class=\"western\" align=\"center\"><span style=\"color: #000000;\">\u2264 <span style=\"font-family: Arial, sans-serif;\"><span style=\"font-size: medium;\">0.5 mA<\/span><\/span><\/span><\/p>\n<\/td>\n<\/tr>\n<tr>\n<td bgcolor=\"#ffffff\" width=\"291\" height=\"35\">\n<p class=\"western\" align=\"center\"><span style=\"font-size: medium; color: #000000;\"><span style=\"font-family: Arial, sans-serif;\">Termokupl Yeri<\/span><\/span><\/p>\n<\/td>\n<td bgcolor=\"#ffffff\" width=\"452\">\n<p class=\"western\" align=\"center\"><span style=\"font-size: medium; color: #000000;\"><span style=\"font-family: Arial, sans-serif;\">tip J \/ K \/ Toprak tel<\/span><\/span><\/p>\n<\/td>\n<\/tr>\n<\/tbody>\n<\/table>\n<p><span style=\"color: #000000;\"><img fetchpriority=\"high\" decoding=\"async\" class=\"aligncenter size-full wp-image-967\" src=\"https:\/\/cheri-heater.com\/tr\/wp-content\/uploads\/2024\/06\/H4fb30f9ec0f74e66949697022506984dA.jpg\" alt=\"\" width=\"750\" height=\"789\" srcset=\"https:\/\/cheri-heater.com\/tr\/wp-content\/uploads\/2024\/06\/H4fb30f9ec0f74e66949697022506984dA.jpg 750w, https:\/\/cheri-heater.com\/tr\/wp-content\/uploads\/2024\/06\/H4fb30f9ec0f74e66949697022506984dA-600x631.jpg 600w, https:\/\/cheri-heater.com\/tr\/wp-content\/uploads\/2024\/06\/H4fb30f9ec0f74e66949697022506984dA-285x300.jpg 285w\" sizes=\"(max-width: 750px) 100vw, 750px\" \/> <img decoding=\"async\" class=\"aligncenter size-full wp-image-968 lazyload\" data-src=\"https:\/\/cheri-heater.com\/tr\/wp-content\/uploads\/2024\/06\/H8e04086bbf3d44f3bf7703abaf948773c.jpg\" alt=\"\" width=\"800\" height=\"735\" data-srcset=\"https:\/\/cheri-heater.com\/tr\/wp-content\/uploads\/2024\/06\/H8e04086bbf3d44f3bf7703abaf948773c.jpg 800w, https:\/\/cheri-heater.com\/tr\/wp-content\/uploads\/2024\/06\/H8e04086bbf3d44f3bf7703abaf948773c-600x551.jpg 600w, https:\/\/cheri-heater.com\/tr\/wp-content\/uploads\/2024\/06\/H8e04086bbf3d44f3bf7703abaf948773c-300x276.jpg 300w, https:\/\/cheri-heater.com\/tr\/wp-content\/uploads\/2024\/06\/H8e04086bbf3d44f3bf7703abaf948773c-768x706.jpg 768w\" data-sizes=\"(max-width: 800px) 100vw, 800px\" src=\"data:image\/svg+xml;base64,PHN2ZyB3aWR0aD0iMSIgaGVpZ2h0PSIxIiB4bWxucz0iaHR0cDovL3d3dy53My5vcmcvMjAwMC9zdmciPjwvc3ZnPg==\" style=\"--smush-placeholder-width: 800px; --smush-placeholder-aspect-ratio: 800\/735;\" \/> <img decoding=\"async\" class=\"aligncenter size-full wp-image-969 lazyload\" data-src=\"https:\/\/cheri-heater.com\/tr\/wp-content\/uploads\/2024\/06\/HTB1jF1kaOjrK1RjSsplq6xHmVXaC.jpg\" alt=\"\" width=\"750\" height=\"600\" data-srcset=\"https:\/\/cheri-heater.com\/tr\/wp-content\/uploads\/2024\/06\/HTB1jF1kaOjrK1RjSsplq6xHmVXaC.jpg 750w, https:\/\/cheri-heater.com\/tr\/wp-content\/uploads\/2024\/06\/HTB1jF1kaOjrK1RjSsplq6xHmVXaC-600x480.jpg 600w, https:\/\/cheri-heater.com\/tr\/wp-content\/uploads\/2024\/06\/HTB1jF1kaOjrK1RjSsplq6xHmVXaC-300x240.jpg 300w\" data-sizes=\"(max-width: 750px) 100vw, 750px\" src=\"data:image\/svg+xml;base64,PHN2ZyB3aWR0aD0iMSIgaGVpZ2h0PSIxIiB4bWxucz0iaHR0cDovL3d3dy53My5vcmcvMjAwMC9zdmciPjwvc3ZnPg==\" style=\"--smush-placeholder-width: 750px; --smush-placeholder-aspect-ratio: 750\/600;\" \/><\/span><\/p>\n","protected":false},"excerpt":{"rendered":"<h1><span style=\"color: #000000;\">Uzman Kal\u0131p Kartu\u015f Is\u0131t\u0131c\u0131 \u00dcreticisi<\/span><\/h1>\n<p><span style=\"color: #000000;\">\u00dcst\u00fcn performans ve g\u00fcvenilirlik i\u00e7in tasarlanm\u0131\u015f y\u00fcksek kaliteli kal\u0131p kartu\u015f \u0131s\u0131t\u0131c\u0131lar\u0131 m\u0131 ar\u0131yorsunuz? <a href=\"https:\/\/cheri-heater.com\/tr\/\">Y\u00fcksek kaliteli end\u00fcstriyel \u0131s\u0131t\u0131c\u0131lar<\/a> \u00fcretiminde uzmanla\u015fm\u0131\u015f \u00f6nc\u00fc bir \u00fcretici olan Cheri Heater Technology Co., Ltd&#8217;ye g\u00f6z at\u0131n.<\/span><\/p>\n<h2><span style=\"color: #000000;\">En \u00dcst D\u00fczey Kal\u0131p Kartu\u015f Is\u0131t\u0131c\u0131 Serimiz<\/span><\/h2>\n<p><span style=\"color: #000000;\">Cheri Heater Technology Co., Ltd, end\u00fcstriyel uygulamalar\u0131n zorlu taleplerini kar\u015f\u0131lamak i\u00e7in geni\u015f bir kal\u0131p kartu\u015f \u0131s\u0131t\u0131c\u0131 yelpazesi sunmaktad\u0131r. \u00dcst\u00fcn kalite ve hassas m\u00fchendislik odakl\u0131 yakla\u015f\u0131m\u0131m\u0131zla, kal\u0131p kartu\u015f \u0131s\u0131t\u0131c\u0131lar\u0131m\u0131z \u00e7e\u015fitli end\u00fcstriyel gereksinimler i\u00e7in mevcut olup, optimal termal performans ve uzun \u00f6m\u00fcr sa\u011flamak \u00fczere titizlikle tasarlanm\u0131\u015ft\u0131r.<\/span><\/p>\n<h3><span style=\"color: #000000;\">Neden Kal\u0131p Kartu\u015f Is\u0131t\u0131c\u0131lar\u0131 \u0130\u00e7in Cheri Heater&#8217;\u0131 Se\u00e7melisiniz?<\/span><\/h3>\n<p><span style=\"color: #000000;\">Cheri Heater Technology Co., Ltd&#8217;yi kal\u0131p kartu\u015f \u0131s\u0131t\u0131c\u0131lar\u0131n\u0131z i\u00e7in \u00fcretici olarak se\u00e7ti\u011finizde, benzersiz m\u00fc\u015fteri deste\u011fi, \u00f6zel \u0131s\u0131tma \u00e7\u00f6z\u00fcmleri ve sa\u011flam garanti taahh\u00fctlerine eri\u015fim sa\u011flars\u0131n\u0131z. Deneyimli ekibimiz, end\u00fcstriyel m\u00fc\u015fterilerimizin benzersiz ihtiya\u00e7lar\u0131n\u0131 kar\u015f\u0131lamak i\u00e7in kal\u0131p kartu\u015f \u0131s\u0131t\u0131c\u0131lar\u0131n\u0131 hassas \u015fekillerde, boyutlarda ve malzemelerde tasarlamak konusunda \u00f6zveriyle \u00e7al\u0131\u015fmaktad\u0131r.<\/span><\/p>\n","protected":false},"featured_media":964,"template":"","meta":[],"product_brand":[],"product_cat":[21],"product_tag":[154],"class_list":{"0":"post-956","1":"product","2":"type-product","3":"status-publish","4":"has-post-thumbnail","6":"product_cat-cartridge-heater","7":"product_tag-mold-cartridge-heater","9":"first","10":"instock","11":"shipping-taxable","12":"product-type-simple"},"yoast_head":"<!-- This site is optimized with the Yoast SEO plugin v27.3 - https:\/\/yoast.com\/product\/yoast-seo-wordpress\/ -->\n<title>En \u0130yi Kal\u0131p Kartu\u015f Is\u0131t\u0131c\u0131lar\u0131 \u00dcreticisi | Kaliteli Is\u0131tma \u00c7\u00f6z\u00fcmleri<\/title>\n<meta name=\"description\" content=\"G\u00fcvenilir Kal\u0131p Kartu\u015f Is\u0131t\u0131c\u0131lar\u0131 m\u0131 Ar\u0131yorsunuz? \u00dcst d\u00fczey \u00fcretim hizmetlerimiz, end\u00fcstriyel ihtiya\u00e7lar\u0131n\u0131z i\u00e7in hassas m\u00fchendislik \u0131s\u0131tma \u00e7\u00f6z\u00fcmleri sunar.\" \/>\n<meta name=\"robots\" content=\"index, follow, max-snippet:-1, max-image-preview:large, max-video-preview:-1\" \/>\n<link rel=\"canonical\" href=\"https:\/\/cheri-heater.com\/tr\/product\/mold-cartridge-heater\/\" \/>\n<meta property=\"og:locale\" content=\"en_US\" \/>\n<meta property=\"og:type\" content=\"article\" \/>\n<meta property=\"og:title\" content=\"En \u0130yi Kal\u0131p Kartu\u015f Is\u0131t\u0131c\u0131lar\u0131 \u00dcreticisi | Kaliteli Is\u0131tma \u00c7\u00f6z\u00fcmleri\" \/>\n<meta property=\"og:description\" content=\"G\u00fcvenilir Kal\u0131p Kartu\u015f Is\u0131t\u0131c\u0131lar\u0131 m\u0131 Ar\u0131yorsunuz? \u00dcst d\u00fczey \u00fcretim hizmetlerimiz, end\u00fcstriyel ihtiya\u00e7lar\u0131n\u0131z i\u00e7in hassas m\u00fchendislik \u0131s\u0131tma \u00e7\u00f6z\u00fcmleri sunar.\" \/>\n<meta property=\"og:url\" content=\"https:\/\/cheri-heater.com\/tr\/product\/mold-cartridge-heater\/\" \/>\n<meta property=\"og:site_name\" content=\"Cheri Heater Technology Co.,Ltd.\" \/>\n<meta property=\"article:modified_time\" content=\"2024-07-30T22:48:59+00:00\" \/>\n<meta property=\"og:image\" content=\"https:\/\/cheri-heater.com\/tr\/wp-content\/uploads\/2024\/06\/Cheri-Electrothermal-Equipment-Limited-Company-9.jpg\" \/>\n\t<meta property=\"og:image:width\" content=\"790\" \/>\n\t<meta property=\"og:image:height\" content=\"545\" \/>\n\t<meta property=\"og:image:type\" content=\"image\/jpeg\" \/>\n<meta name=\"twitter:card\" content=\"summary_large_image\" \/>\n<meta name=\"twitter:label1\" content=\"Est. reading time\" \/>\n\t<meta name=\"twitter:data1\" content=\"3 minutes\" \/>\n<!-- \/ Yoast SEO plugin. -->","yoast_head_json":{"title":"En \u0130yi Kal\u0131p Kartu\u015f Is\u0131t\u0131c\u0131lar\u0131 \u00dcreticisi | Kaliteli Is\u0131tma \u00c7\u00f6z\u00fcmleri","description":"G\u00fcvenilir Kal\u0131p Kartu\u015f Is\u0131t\u0131c\u0131lar\u0131 m\u0131 Ar\u0131yorsunuz? \u00dcst d\u00fczey \u00fcretim hizmetlerimiz, end\u00fcstriyel ihtiya\u00e7lar\u0131n\u0131z i\u00e7in hassas m\u00fchendislik \u0131s\u0131tma \u00e7\u00f6z\u00fcmleri sunar.","robots":{"index":"index","follow":"follow","max-snippet":"max-snippet:-1","max-image-preview":"max-image-preview:large","max-video-preview":"max-video-preview:-1"},"canonical":"https:\/\/cheri-heater.com\/tr\/product\/mold-cartridge-heater\/","og_locale":"en_US","og_type":"article","og_title":"En \u0130yi Kal\u0131p Kartu\u015f Is\u0131t\u0131c\u0131lar\u0131 \u00dcreticisi | Kaliteli Is\u0131tma \u00c7\u00f6z\u00fcmleri","og_description":"G\u00fcvenilir Kal\u0131p Kartu\u015f Is\u0131t\u0131c\u0131lar\u0131 m\u0131 Ar\u0131yorsunuz? \u00dcst d\u00fczey \u00fcretim hizmetlerimiz, end\u00fcstriyel ihtiya\u00e7lar\u0131n\u0131z i\u00e7in hassas m\u00fchendislik \u0131s\u0131tma \u00e7\u00f6z\u00fcmleri sunar.","og_url":"https:\/\/cheri-heater.com\/tr\/product\/mold-cartridge-heater\/","og_site_name":"Cheri Heater Technology Co.,Ltd.","article_modified_time":"2024-07-30T22:48:59+00:00","og_image":[{"width":790,"height":545,"url":"https:\/\/cheri-heater.com\/tr\/wp-content\/uploads\/2024\/06\/Cheri-Electrothermal-Equipment-Limited-Company-9.jpg","type":"image\/jpeg"}],"twitter_card":"summary_large_image","twitter_misc":{"Est. reading time":"3 minutes"},"schema":{"@context":"https:\/\/schema.org","@graph":[{"@type":"WebPage","@id":"https:\/\/cheri-heater.com\/tr\/product\/mold-cartridge-heater\/","url":"https:\/\/cheri-heater.com\/tr\/product\/mold-cartridge-heater\/","name":"En \u0130yi Kal\u0131p Kartu\u015f Is\u0131t\u0131c\u0131lar\u0131 \u00dcreticisi | Kaliteli Is\u0131tma \u00c7\u00f6z\u00fcmleri","isPartOf":{"@id":"https:\/\/cheri-heater.com\/tr\/#website"},"primaryImageOfPage":{"@id":"https:\/\/cheri-heater.com\/tr\/product\/mold-cartridge-heater\/#primaryimage"},"image":{"@id":"https:\/\/cheri-heater.com\/tr\/product\/mold-cartridge-heater\/#primaryimage"},"thumbnailUrl":"https:\/\/cheri-heater.com\/tr\/wp-content\/uploads\/2024\/06\/Cheri-Electrothermal-Equipment-Limited-Company-9.jpg","datePublished":"2024-06-04T18:06:57+00:00","dateModified":"2024-07-30T22:48:59+00:00","description":"G\u00fcvenilir Kal\u0131p Kartu\u015f Is\u0131t\u0131c\u0131lar\u0131 m\u0131 Ar\u0131yorsunuz? \u00dcst d\u00fczey \u00fcretim hizmetlerimiz, end\u00fcstriyel ihtiya\u00e7lar\u0131n\u0131z i\u00e7in hassas m\u00fchendislik \u0131s\u0131tma \u00e7\u00f6z\u00fcmleri sunar.","breadcrumb":{"@id":"https:\/\/cheri-heater.com\/tr\/product\/mold-cartridge-heater\/#breadcrumb"},"inLanguage":"en-US","potentialAction":[{"@type":"ReadAction","target":["https:\/\/cheri-heater.com\/tr\/product\/mold-cartridge-heater\/"]}]},{"@type":"ImageObject","inLanguage":"en-US","@id":"https:\/\/cheri-heater.com\/tr\/product\/mold-cartridge-heater\/#primaryimage","url":"https:\/\/cheri-heater.com\/tr\/wp-content\/uploads\/2024\/06\/Cheri-Electrothermal-Equipment-Limited-Company-9.jpg","contentUrl":"https:\/\/cheri-heater.com\/tr\/wp-content\/uploads\/2024\/06\/Cheri-Electrothermal-Equipment-Limited-Company-9.jpg","width":790,"height":545},{"@type":"BreadcrumbList","@id":"https:\/\/cheri-heater.com\/tr\/product\/mold-cartridge-heater\/#breadcrumb","itemListElement":[{"@type":"ListItem","position":1,"name":"Home","item":"https:\/\/cheri-heater.com\/tr\/"},{"@type":"ListItem","position":2,"name":"Products","item":"https:\/\/cheri-heater.com\/tr\/products\/"},{"@type":"ListItem","position":3,"name":"Kal\u0131p Kartu\u015f Is\u0131t\u0131c\u0131lar\u0131"}]},{"@type":"WebSite","@id":"https:\/\/cheri-heater.com\/tr\/#website","url":"https:\/\/cheri-heater.com\/tr\/","name":"Cheri Heater Technology Co.,Ltd.","description":"","publisher":{"@id":"https:\/\/cheri-heater.com\/tr\/#organization"},"potentialAction":[{"@type":"SearchAction","target":{"@type":"EntryPoint","urlTemplate":"https:\/\/cheri-heater.com\/tr\/?s={search_term_string}"},"query-input":{"@type":"PropertyValueSpecification","valueRequired":true,"valueName":"search_term_string"}}],"inLanguage":"en-US"},{"@type":"Organization","@id":"https:\/\/cheri-heater.com\/tr\/#organization","name":"Cheri Heater Technology Co.,Ltd.","url":"https:\/\/cheri-heater.com\/tr\/","logo":{"@type":"ImageObject","inLanguage":"en-US","@id":"https:\/\/cheri-heater.com\/tr\/#\/schema\/logo\/image\/","url":"https:\/\/cheri-heater.com\/tr\/wp-content\/uploads\/2024\/06\/cropped-logo-resize.png","contentUrl":"https:\/\/cheri-heater.com\/tr\/wp-content\/uploads\/2024\/06\/cropped-logo-resize.png","width":346,"height":99,"caption":"Cheri Heater Technology Co.,Ltd."},"image":{"@id":"https:\/\/cheri-heater.com\/tr\/#\/schema\/logo\/image\/"}}]}},"_links":{"self":[{"href":"https:\/\/cheri-heater.com\/tr\/wp-json\/wp\/v2\/product\/956","targetHints":{"allow":["GET"]}}],"collection":[{"href":"https:\/\/cheri-heater.com\/tr\/wp-json\/wp\/v2\/product"}],"about":[{"href":"https:\/\/cheri-heater.com\/tr\/wp-json\/wp\/v2\/types\/product"}],"wp:featuredmedia":[{"embeddable":true,"href":"https:\/\/cheri-heater.com\/tr\/wp-json\/wp\/v2\/media\/964"}],"wp:attachment":[{"href":"https:\/\/cheri-heater.com\/tr\/wp-json\/wp\/v2\/media?parent=956"}],"wp:term":[{"taxonomy":"product_brand","embeddable":true,"href":"https:\/\/cheri-heater.com\/tr\/wp-json\/wp\/v2\/product_brand?post=956"},{"taxonomy":"product_cat","embeddable":true,"href":"https:\/\/cheri-heater.com\/tr\/wp-json\/wp\/v2\/product_cat?post=956"},{"taxonomy":"product_tag","embeddable":true,"href":"https:\/\/cheri-heater.com\/tr\/wp-json\/wp\/v2\/product_tag?post=956"}],"curies":[{"name":"wp","href":"https:\/\/api.w.org\/{rel}","templated":true}]}}