{"id":965,"date":"2024-06-04T18:08:44","date_gmt":"2024-06-04T18:08:44","guid":{"rendered":"https:\/\/cheri-heater.com\/tr\/?post_type=product&#038;p=965"},"modified":"2024-07-30T22:46:31","modified_gmt":"2024-07-30T22:46:31","slug":"pellet-stove-igniter-heater","status":"publish","type":"product","link":"https:\/\/cheri-heater.com\/tr\/product\/pellet-stove-igniter-heater\/","title":{"rendered":"Pelet Sobas\u0131 Ate\u015fleyici Is\u0131t\u0131c\u0131lar"},"content":{"rendered":"","protected":false},"excerpt":{"rendered":"","protected":false},"featured_media":973,"template":"","meta":[],"product_brand":[],"product_cat":[21],"product_tag":[],"class_list":{"0":"post-965","1":"product","2":"type-product","3":"status-publish","4":"has-post-thumbnail","6":"product_cat-cartridge-heater","8":"first","9":"instock","10":"shipping-taxable","11":"product-type-simple"},"yoast_head":"<!-- This site is optimized with the Yoast SEO plugin v27.3 - https:\/\/yoast.com\/product\/yoast-seo-wordpress\/ -->\n<title>G\u00fcvenilir Pelet Sobas\u0131 Ate\u015fleyici Is\u0131t\u0131c\u0131lar | Cheri-heater.com<\/title>\n<meta name=\"description\" content=\"G\u00fcvenilir pelet sobas\u0131 ate\u015fleyici \u0131s\u0131t\u0131c\u0131lar\u0131m\u0131z, pelet ocaklar\u0131n\u0131n etkili ve h\u0131zl\u0131 bir \u015fekilde ate\u015flenmesi i\u00e7in tasarlanm\u0131\u015ft\u0131r. Y\u00fcksek kaliteli ate\u015fleyici \u0131s\u0131t\u0131c\u0131lar\u0131m\u0131zla optimal performans ve dayan\u0131kl\u0131l\u0131\u011f\u0131 garanti edin. Konut ve ticari kullan\u0131m i\u00e7in m\u00fckemmeldir. Sorunsuz bir \u0131s\u0131tma deneyimi i\u00e7in hemen sat\u0131n al\u0131n!\" \/>\n<meta name=\"robots\" content=\"index, follow, max-snippet:-1, max-image-preview:large, max-video-preview:-1\" \/>\n<link rel=\"canonical\" href=\"https:\/\/cheri-heater.com\/tr\/product\/pellet-stove-igniter-heater\/\" \/>\n<meta property=\"og:locale\" content=\"en_US\" \/>\n<meta property=\"og:type\" content=\"article\" \/>\n<meta property=\"og:title\" content=\"G\u00fcvenilir Pelet Sobas\u0131 Ate\u015fleyici Is\u0131t\u0131c\u0131lar | Cheri-heater.com\" \/>\n<meta property=\"og:description\" content=\"G\u00fcvenilir pelet sobas\u0131 ate\u015fleyici \u0131s\u0131t\u0131c\u0131lar\u0131m\u0131z, pelet ocaklar\u0131n\u0131n etkili ve h\u0131zl\u0131 bir \u015fekilde ate\u015flenmesi i\u00e7in tasarlanm\u0131\u015ft\u0131r. Y\u00fcksek kaliteli ate\u015fleyici \u0131s\u0131t\u0131c\u0131lar\u0131m\u0131zla optimal performans ve dayan\u0131kl\u0131l\u0131\u011f\u0131 garanti edin. Konut ve ticari kullan\u0131m i\u00e7in m\u00fckemmeldir. Sorunsuz bir \u0131s\u0131tma deneyimi i\u00e7in hemen sat\u0131n al\u0131n!\" \/>\n<meta property=\"og:url\" content=\"https:\/\/cheri-heater.com\/tr\/product\/pellet-stove-igniter-heater\/\" \/>\n<meta property=\"og:site_name\" content=\"Cheri Heater Technology Co.,Ltd.\" \/>\n<meta property=\"article:modified_time\" content=\"2024-07-30T22:46:31+00:00\" \/>\n<meta property=\"og:image\" content=\"https:\/\/cheri-heater.com\/tr\/wp-content\/uploads\/2024\/06\/Cheri-Electrothermal-Equipment-Limited-Company-2.jpg\" \/>\n\t<meta property=\"og:image:width\" content=\"1920\" \/>\n\t<meta property=\"og:image:height\" content=\"1685\" \/>\n\t<meta property=\"og:image:type\" content=\"image\/jpeg\" \/>\n<meta name=\"twitter:card\" content=\"summary_large_image\" \/>\n<meta name=\"twitter:label1\" content=\"Est. reading time\" \/>\n\t<meta name=\"twitter:data1\" content=\"1 minute\" \/>\n<!-- \/ Yoast SEO plugin. -->","yoast_head_json":{"title":"G\u00fcvenilir Pelet Sobas\u0131 Ate\u015fleyici Is\u0131t\u0131c\u0131lar | Cheri-heater.com","description":"G\u00fcvenilir pelet sobas\u0131 ate\u015fleyici \u0131s\u0131t\u0131c\u0131lar\u0131m\u0131z, pelet ocaklar\u0131n\u0131n etkili ve h\u0131zl\u0131 bir \u015fekilde ate\u015flenmesi i\u00e7in tasarlanm\u0131\u015ft\u0131r. Y\u00fcksek kaliteli ate\u015fleyici \u0131s\u0131t\u0131c\u0131lar\u0131m\u0131zla optimal performans ve dayan\u0131kl\u0131l\u0131\u011f\u0131 garanti edin. Konut ve ticari kullan\u0131m i\u00e7in m\u00fckemmeldir. Sorunsuz bir \u0131s\u0131tma deneyimi i\u00e7in hemen sat\u0131n al\u0131n!","robots":{"index":"index","follow":"follow","max-snippet":"max-snippet:-1","max-image-preview":"max-image-preview:large","max-video-preview":"max-video-preview:-1"},"canonical":"https:\/\/cheri-heater.com\/tr\/product\/pellet-stove-igniter-heater\/","og_locale":"en_US","og_type":"article","og_title":"G\u00fcvenilir Pelet Sobas\u0131 Ate\u015fleyici Is\u0131t\u0131c\u0131lar | Cheri-heater.com","og_description":"G\u00fcvenilir pelet sobas\u0131 ate\u015fleyici \u0131s\u0131t\u0131c\u0131lar\u0131m\u0131z, pelet ocaklar\u0131n\u0131n etkili ve h\u0131zl\u0131 bir \u015fekilde ate\u015flenmesi i\u00e7in tasarlanm\u0131\u015ft\u0131r. Y\u00fcksek kaliteli ate\u015fleyici \u0131s\u0131t\u0131c\u0131lar\u0131m\u0131zla optimal performans ve dayan\u0131kl\u0131l\u0131\u011f\u0131 garanti edin. Konut ve ticari kullan\u0131m i\u00e7in m\u00fckemmeldir. Sorunsuz bir \u0131s\u0131tma deneyimi i\u00e7in hemen sat\u0131n al\u0131n!","og_url":"https:\/\/cheri-heater.com\/tr\/product\/pellet-stove-igniter-heater\/","og_site_name":"Cheri Heater Technology Co.,Ltd.","article_modified_time":"2024-07-30T22:46:31+00:00","og_image":[{"width":1920,"height":1685,"url":"https:\/\/cheri-heater.com\/tr\/wp-content\/uploads\/2024\/06\/Cheri-Electrothermal-Equipment-Limited-Company-2.jpg","type":"image\/jpeg"}],"twitter_card":"summary_large_image","twitter_misc":{"Est. reading time":"1 minute"},"schema":{"@context":"https:\/\/schema.org","@graph":[{"@type":"WebPage","@id":"https:\/\/cheri-heater.com\/tr\/product\/pellet-stove-igniter-heater\/","url":"https:\/\/cheri-heater.com\/tr\/product\/pellet-stove-igniter-heater\/","name":"G\u00fcvenilir Pelet Sobas\u0131 Ate\u015fleyici Is\u0131t\u0131c\u0131lar | Cheri-heater.com","isPartOf":{"@id":"https:\/\/cheri-heater.com\/tr\/#website"},"primaryImageOfPage":{"@id":"https:\/\/cheri-heater.com\/tr\/product\/pellet-stove-igniter-heater\/#primaryimage"},"image":{"@id":"https:\/\/cheri-heater.com\/tr\/product\/pellet-stove-igniter-heater\/#primaryimage"},"thumbnailUrl":"https:\/\/cheri-heater.com\/tr\/wp-content\/uploads\/2024\/06\/Cheri-Electrothermal-Equipment-Limited-Company-2.jpg","datePublished":"2024-06-04T18:08:44+00:00","dateModified":"2024-07-30T22:46:31+00:00","description":"G\u00fcvenilir pelet sobas\u0131 ate\u015fleyici \u0131s\u0131t\u0131c\u0131lar\u0131m\u0131z, pelet ocaklar\u0131n\u0131n etkili ve h\u0131zl\u0131 bir \u015fekilde ate\u015flenmesi i\u00e7in tasarlanm\u0131\u015ft\u0131r. Y\u00fcksek kaliteli ate\u015fleyici \u0131s\u0131t\u0131c\u0131lar\u0131m\u0131zla optimal performans ve dayan\u0131kl\u0131l\u0131\u011f\u0131 garanti edin. Konut ve ticari kullan\u0131m i\u00e7in m\u00fckemmeldir. Sorunsuz bir \u0131s\u0131tma deneyimi i\u00e7in hemen sat\u0131n al\u0131n!","breadcrumb":{"@id":"https:\/\/cheri-heater.com\/tr\/product\/pellet-stove-igniter-heater\/#breadcrumb"},"inLanguage":"en-US","potentialAction":[{"@type":"ReadAction","target":["https:\/\/cheri-heater.com\/tr\/product\/pellet-stove-igniter-heater\/"]}]},{"@type":"ImageObject","inLanguage":"en-US","@id":"https:\/\/cheri-heater.com\/tr\/product\/pellet-stove-igniter-heater\/#primaryimage","url":"https:\/\/cheri-heater.com\/tr\/wp-content\/uploads\/2024\/06\/Cheri-Electrothermal-Equipment-Limited-Company-2.jpg","contentUrl":"https:\/\/cheri-heater.com\/tr\/wp-content\/uploads\/2024\/06\/Cheri-Electrothermal-Equipment-Limited-Company-2.jpg","width":1920,"height":1685},{"@type":"BreadcrumbList","@id":"https:\/\/cheri-heater.com\/tr\/product\/pellet-stove-igniter-heater\/#breadcrumb","itemListElement":[{"@type":"ListItem","position":1,"name":"Home","item":"https:\/\/cheri-heater.com\/tr\/"},{"@type":"ListItem","position":2,"name":"Products","item":"https:\/\/cheri-heater.com\/tr\/products\/"},{"@type":"ListItem","position":3,"name":"Pelet Sobas\u0131 Ate\u015fleyici Is\u0131t\u0131c\u0131lar"}]},{"@type":"WebSite","@id":"https:\/\/cheri-heater.com\/tr\/#website","url":"https:\/\/cheri-heater.com\/tr\/","name":"Cheri Heater Technology Co.,Ltd.","description":"","publisher":{"@id":"https:\/\/cheri-heater.com\/tr\/#organization"},"potentialAction":[{"@type":"SearchAction","target":{"@type":"EntryPoint","urlTemplate":"https:\/\/cheri-heater.com\/tr\/?s={search_term_string}"},"query-input":{"@type":"PropertyValueSpecification","valueRequired":true,"valueName":"search_term_string"}}],"inLanguage":"en-US"},{"@type":"Organization","@id":"https:\/\/cheri-heater.com\/tr\/#organization","name":"Cheri Heater Technology Co.,Ltd.","url":"https:\/\/cheri-heater.com\/tr\/","logo":{"@type":"ImageObject","inLanguage":"en-US","@id":"https:\/\/cheri-heater.com\/tr\/#\/schema\/logo\/image\/","url":"https:\/\/cheri-heater.com\/tr\/wp-content\/uploads\/2024\/06\/cropped-logo-resize.png","contentUrl":"https:\/\/cheri-heater.com\/tr\/wp-content\/uploads\/2024\/06\/cropped-logo-resize.png","width":346,"height":99,"caption":"Cheri Heater Technology Co.,Ltd."},"image":{"@id":"https:\/\/cheri-heater.com\/tr\/#\/schema\/logo\/image\/"}}]}},"_links":{"self":[{"href":"https:\/\/cheri-heater.com\/tr\/wp-json\/wp\/v2\/product\/965","targetHints":{"allow":["GET"]}}],"collection":[{"href":"https:\/\/cheri-heater.com\/tr\/wp-json\/wp\/v2\/product"}],"about":[{"href":"https:\/\/cheri-heater.com\/tr\/wp-json\/wp\/v2\/types\/product"}],"wp:featuredmedia":[{"embeddable":true,"href":"https:\/\/cheri-heater.com\/tr\/wp-json\/wp\/v2\/media\/973"}],"wp:attachment":[{"href":"https:\/\/cheri-heater.com\/tr\/wp-json\/wp\/v2\/media?parent=965"}],"wp:term":[{"taxonomy":"product_brand","embeddable":true,"href":"https:\/\/cheri-heater.com\/tr\/wp-json\/wp\/v2\/product_brand?post=965"},{"taxonomy":"product_cat","embeddable":true,"href":"https:\/\/cheri-heater.com\/tr\/wp-json\/wp\/v2\/product_cat?post=965"},{"taxonomy":"product_tag","embeddable":true,"href":"https:\/\/cheri-heater.com\/tr\/wp-json\/wp\/v2\/product_tag?post=965"}],"curies":[{"name":"wp","href":"https:\/\/api.w.org\/{rel}","templated":true}]}}