{"id":974,"date":"2024-06-04T18:13:00","date_gmt":"2024-06-04T18:13:00","guid":{"rendered":"https:\/\/cheri-heater.com\/tr\/?post_type=product&#038;p=974"},"modified":"2024-07-30T22:44:34","modified_gmt":"2024-07-30T22:44:34","slug":"threaded-cartridge-heater","status":"publish","type":"product","link":"https:\/\/cheri-heater.com\/tr\/product\/threaded-cartridge-heater\/","title":{"rendered":"Di\u015fli Kartu\u015f Is\u0131t\u0131c\u0131lar"},"content":{"rendered":"<p class=\"western\" align=\"left\"><span style=\"color: #333333;\"><span style=\"font-family: Times New Roman, serif;\"><span style=\"font-size: medium;\">Kartu\u015f \u0131s\u0131t\u0131c\u0131lar\u0131 750\u2103&#8217;ye kadar s\u0131cakl\u0131klarda \u00e7al\u0131\u015fabilir ve santimetrekare ba\u015f\u0131na 30 watt&#8217;a kadar g\u00fc\u00e7 yo\u011funluklar\u0131 elde edebilir. Stokta mevcut veya bireysel uygulama ihtiya\u00e7lar\u0131n\u0131za g\u00f6re \u00f6zel olarak \u00fcretilmi\u015f olarak sunulurlar. Farkl\u0131 in\u00e7 ve metrik \u00e7aplarda ve uzunluklarda bir\u00e7ok farkl\u0131 stil biti\u015fi, wattaj ve voltaj dereceleri ile mevcuttur. Kartu\u015f \u0131s\u0131t\u0131c\u0131lar\u0131, kat\u0131 metal plakalar, bloklar ve kal\u0131plar i\u00e7in iletken bir \u0131s\u0131 kayna\u011f\u0131 olarak veya \u00e7e\u015fitli s\u0131v\u0131lar ve gazlar i\u00e7in konvektif bir \u0131s\u0131 kayna\u011f\u0131 olarak m\u00fckemmel bir se\u00e7imdir. Kartu\u015f \u0131s\u0131t\u0131c\u0131lar\u0131 uygun tasar\u0131m y\u00f6nergeleri ile vakum ortam\u0131nda kullan\u0131labilir.<\/span><\/span><\/span><\/span><\/p>\n<table width=\"750\" cellspacing=\"0\" cellpadding=\"0\">\n<tbody>\n<tr valign=\"top\">\n<td bgcolor=\"#f3f4f8\" width=\"151\">\n<p class=\"western\" align=\"left\"><span style=\"font-size: medium;\"><span style=\"font-family: Times New Roman, serif;\">\u00dcr\u00fcn Ad\u0131<\/span><\/span><\/p>\n<\/td>\n<td width=\"597\">\n<p class=\"western\" align=\"left\"><span style=\"font-family: Times New Roman, serif;\"><span style=\"font-size: medium;\">Y\u00fcksek g\u00fc\u00e7l\u00fc <span lang=\"tr\">di\u015fli<\/span> kartu\u015f \u0131s\u0131t\u0131c\u0131<\/span><\/span><\/p>\n<\/td>\n<\/tr>\n<tr valign=\"top\">\n<td bgcolor=\"#f3f4f8\" width=\"151\">\n<p class=\"western\" align=\"left\"><span style=\"font-size: medium;\"><span style=\"font-family: Times New Roman, serif;\">Diren\u00e7 \u0131s\u0131tma teli<\/span><\/span><\/p>\n<\/td>\n<td width=\"597\">\n<p class=\"western\" align=\"left\"><span style=\"font-size: medium;\"><span style=\"font-family: Times New Roman, serif;\">Ni-Cr veya FeCr<\/span><\/span><\/p>\n<\/td>\n<\/tr>\n<tr valign=\"top\">\n<td bgcolor=\"#f3f4f8\" width=\"151\">\n<p class=\"western\" align=\"left\"><span style=\"font-size: medium;\"><span style=\"font-family: Times New Roman, serif;\">K\u0131l\u0131f<\/span><\/span><\/p>\n<\/td>\n<td width=\"597\">\n<p class=\"western\" align=\"left\"><span style=\"font-size: medium;\"><span style=\"font-family: Times New Roman, serif;\">paslanmaz \u00e7elik 304, 321, 316, Incoloy 800, Incoloy 840, Ti<\/span><\/span><\/p>\n<\/td>\n<\/tr>\n<tr valign=\"top\">\n<td bgcolor=\"#f3f4f8\" width=\"151\">\n<p class=\"western\" align=\"left\"><span style=\"font-size: medium;\"><span style=\"font-family: Times New Roman, serif;\">\u0130zolasyon<\/span><\/span><\/p>\n<\/td>\n<td width=\"597\">\n<p class=\"western\" align=\"left\"><span style=\"font-size: medium;\"><span style=\"font-family: Times New Roman, serif;\">Y\u00fcksek safl\u0131kl\u0131 Mgo<\/span><\/span><\/p>\n<\/td>\n<\/tr>\n<tr valign=\"top\">\n<td bgcolor=\"#f3f4f8\" width=\"151\">\n<p class=\"western\" align=\"left\"><span style=\"font-size: medium;\"><span style=\"font-family: Times New Roman, serif;\">Maksimum s\u0131cakl\u0131k<\/span><\/span><\/p>\n<\/td>\n<td width=\"597\">\n<p class=\"western\" align=\"left\"><span style=\"font-family: Times New Roman, serif;\"><span style=\"font-size: medium;\">900 derece Celsius<\/span><\/span><\/p>\n<\/td>\n<\/tr>\n<tr valign=\"top\">\n<td bgcolor=\"#f3f4f8\" width=\"151\">\n<p class=\"western\" align=\"left\"><span style=\"font-size: medium;\"><span style=\"font-family: Times New Roman, serif;\">Ka\u00e7ak ak\u0131m<\/span><\/span><\/p>\n<\/td>\n<td width=\"597\">\n<p class=\"western\" align=\"left\"><span style=\"font-size: medium;\"><span style=\"font-family: Times New Roman, serif;\">750\u2103&#8217;de, < 0.3mA<\/span><\/span><\/p>\n<\/td>\n<\/tr>\n<tr valign=\"top\">\n<td bgcolor=\"#f3f4f8\" width=\"151\">\n<p class=\"western\" align=\"left\"><span style=\"font-size: medium;\"><span style=\"font-family: Times New Roman, serif;\">Dayan\u0131m voltaj\u0131<\/span><\/span><\/p>\n<\/td>\n<td width=\"597\">\n<p class=\"western\" align=\"left\"><span style=\"font-size: medium;\"><span style=\"font-family: Times New Roman, serif;\">> 2KV, 1dk<\/span><\/span><\/p>\n<\/td>\n<\/tr>\n<tr valign=\"top\">\n<td bgcolor=\"#f3f4f8\" width=\"151\">\n<p class=\"western\" align=\"left\"><span style=\"font-size: medium;\"><span style=\"font-family: Times New Roman, serif;\">AC a\u00e7ma-kapama testi<\/span><\/span><\/p>\n<\/td>\n<td width=\"597\">\n<p class=\"western\" align=\"left\"><span style=\"font-size: medium;\"><span style=\"font-family: Times New Roman, serif;\">2000 kez<\/span><\/span><\/p>\n<\/td>\n<\/tr>\n<tr valign=\"top\">\n<td bgcolor=\"#f3f4f8\" width=\"151\">\n<p class=\"western\" align=\"left\"><span style=\"font-size: medium;\"><span style=\"font-family: Times New Roman, serif;\">Mevcut voltajlar<\/span><\/span><\/p>\n<\/td>\n<td width=\"597\">\n<p class=\"western\" align=\"left\"><span style=\"font-size: medium;\"><span style=\"font-family: Times New Roman, serif;\">380V, 240V, 220V, 110V, 36V, 24V veya 12V<\/span><\/span><\/p>\n<\/td>\n<\/tr>\n<tr valign=\"top\">\n<td bgcolor=\"#f3f4f8\" width=\"151\">\n<p class=\"western\" align=\"left\"><span style=\"font-size: medium;\"><span style=\"font-family: Times New Roman, serif;\">Wattaj Tolerans\u0131<\/span><\/span><\/p>\n<\/td>\n<td width=\"597\">\n<p class=\"western\" align=\"left\"><span style=\"font-size: medium;\"><span style=\"font-family: Times New Roman, serif;\">+%5, -%10<\/span><\/span><\/p>\n<\/td>\n<\/tr>\n<tr valign=\"top\">\n<td bgcolor=\"#f3f4f8\" width=\"151\">\n<p class=\"western\" align=\"left\"><span style=\"font-size: medium;\"><span style=\"font-family: Times New Roman, serif;\">Termokupl<\/span><\/span><\/p>\n<\/td>\n<td width=\"597\">\n<p class=\"western\" align=\"left\"><span style=\"font-size: medium;\"><span style=\"font-family: Times New Roman, serif;\">K tipi veya J tipi<\/span><\/span><\/p>\n<\/td>\n<\/tr>\n<tr valign=\"top\">\n<td bgcolor=\"#f3f4f8\" width=\"151\">\n<p class=\"western\" align=\"left\"><span style=\"font-size: medium;\"><span style=\"font-family: Times New Roman, serif;\">Kablo uzunlu\u011fu<\/span><\/span><\/p>\n<\/td>\n<td width=\"597\">\n<p class=\"western\" align=\"left\"><span style=\"font-size: medium;\"><span style=\"font-family: Times New Roman, serif;\">300mm uzunluk; Farkl\u0131 tip kablo (Teflon\/silikon y\u00fcksek s\u0131cakl\u0131k fiberglass) mevcuttur<\/span><\/span><\/p>\n<\/td>\n<\/tr>\n<\/tbody>\n<\/table>\n<p><img fetchpriority=\"high\" decoding=\"async\" class=\"aligncenter size-full wp-image-975\" src=\"https:\/\/cheri-heater.com\/tr\/wp-content\/uploads\/2024\/06\/description-1.jpg\" alt=\"\" width=\"899\" height=\"515\" srcset=\"https:\/\/cheri-heater.com\/tr\/wp-content\/uploads\/2024\/06\/description-1.jpg 899w, https:\/\/cheri-heater.com\/tr\/wp-content\/uploads\/2024\/06\/description-1-600x344.jpg 600w, https:\/\/cheri-heater.com\/tr\/wp-content\/uploads\/2024\/06\/description-1-300x172.jpg 300w, https:\/\/cheri-heater.com\/tr\/wp-content\/uploads\/2024\/06\/description-1-768x440.jpg 768w\" sizes=\"(max-width: 899px) 100vw, 899px\" \/><br \/>\n<img decoding=\"async\" class=\"aligncenter size-full wp-image-976 lazyload\" data-src=\"https:\/\/cheri-heater.com\/tr\/wp-content\/uploads\/2024\/06\/descritpion2.jpg\" alt=\"\" width=\"865\" height=\"639\" data-srcset=\"https:\/\/cheri-heater.com\/tr\/wp-content\/uploads\/2024\/06\/descritpion2.jpg 865w, https:\/\/cheri-heater.com\/tr\/wp-content\/uploads\/2024\/06\/descritpion2-600x443.jpg 600w, https:\/\/cheri-heater.com\/tr\/wp-content\/uploads\/2024\/06\/descritpion2-300x222.jpg 300w, https:\/\/cheri-heater.com\/tr\/wp-content\/uploads\/2024\/06\/descritpion2-768x567.jpg 768w\" data-sizes=\"(max-width: 865px) 100vw, 865px\" src=\"data:image\/svg+xml;base64,PHN2ZyB3aWR0aD0iMSIgaGVpZ2h0PSIxIiB4bWxucz0iaHR0cDovL3d3dy53My5vcmcvMjAwMC9zdmciPjwvc3ZnPg==\" style=\"--smush-placeholder-width: 865px; --smush-placeholder-aspect-ratio: 865\/639;\" \/><\/p>\n","protected":false},"excerpt":{"rendered":"<p class=\"western\" align=\"left\"><span style=\"color: #333333;\"><span style=\"font-family: Times New Roman, serif;\"><span style=\"font-size: medium;\"><span lang=\"tr\">Kartu\u015f \u0131s\u0131t\u0131c\u0131lar\u0131, a\u011f\u0131r sanayi plastikleri ve ambalaj uygulamalar\u0131ndan analitik test cihazlar\u0131na, u\u00e7aklarda, demiryolu ara\u00e7lar\u0131nda ve kamyonlarda kullan\u0131lmaya kadar \u00e7e\u015fitli s\u00fcre\u00e7leri \u0131s\u0131tmak i\u00e7in kullan\u0131lan son derece \u00e7ok y\u00f6nl\u00fc ve dayan\u0131kl\u0131 bir \u00fcr\u00fcnd\u00fcr.<\/span><\/span><\/span><\/span><\/p>\n","protected":false},"featured_media":983,"template":"","meta":[],"product_brand":[],"product_cat":[21],"product_tag":[],"class_list":{"0":"post-974","1":"product","2":"type-product","3":"status-publish","4":"has-post-thumbnail","6":"product_cat-cartridge-heater","8":"first","9":"instock","10":"shipping-taxable","11":"product-type-simple"},"yoast_head":"<!-- This site is optimized with the Yoast SEO plugin v27.3 - https:\/\/yoast.com\/product\/yoast-seo-wordpress\/ -->\n<title>Hassas Is\u0131tma \u0130\u00e7in Y\u00fcksek Kaliteli Di\u015fli Kartu\u015f Is\u0131t\u0131c\u0131lar<\/title>\n<meta name=\"description\" content=\"Y\u00fcksek kaliteli di\u015fli kartu\u015f \u0131s\u0131t\u0131c\u0131lar\u0131m\u0131z, \u00e7e\u015fitli end\u00fcstriyel uygulamalarda hassas ve verimli \u0131s\u0131tma i\u00e7in tasarlanm\u0131\u015ft\u0131r. G\u00fcvenilir ve kolayca monte edilebilen di\u015fli kartu\u015f \u0131s\u0131t\u0131c\u0131lar\u0131m\u0131zla optimal performans ve dayan\u0131kl\u0131l\u0131k sa\u011flay\u0131n. \u00dcst\u00fcn \u0131s\u0131tma \u00e7\u00f6z\u00fcmleri i\u00e7in hemen al\u0131\u015fveri\u015f yap\u0131n!\" \/>\n<meta name=\"robots\" content=\"index, follow, max-snippet:-1, max-image-preview:large, max-video-preview:-1\" \/>\n<link rel=\"canonical\" href=\"https:\/\/cheri-heater.com\/tr\/product\/threaded-cartridge-heater\/\" \/>\n<meta property=\"og:locale\" content=\"en_US\" \/>\n<meta property=\"og:type\" content=\"article\" \/>\n<meta property=\"og:title\" content=\"Hassas Is\u0131tma \u0130\u00e7in Y\u00fcksek Kaliteli Di\u015fli Kartu\u015f Is\u0131t\u0131c\u0131lar\" \/>\n<meta property=\"og:description\" content=\"Y\u00fcksek kaliteli di\u015fli kartu\u015f \u0131s\u0131t\u0131c\u0131lar\u0131m\u0131z, \u00e7e\u015fitli end\u00fcstriyel uygulamalarda hassas ve verimli \u0131s\u0131tma i\u00e7in tasarlanm\u0131\u015ft\u0131r. G\u00fcvenilir ve kolayca monte edilebilen di\u015fli kartu\u015f \u0131s\u0131t\u0131c\u0131lar\u0131m\u0131zla optimal performans ve dayan\u0131kl\u0131l\u0131k sa\u011flay\u0131n. \u00dcst\u00fcn \u0131s\u0131tma \u00e7\u00f6z\u00fcmleri i\u00e7in hemen al\u0131\u015fveri\u015f yap\u0131n!\" \/>\n<meta property=\"og:url\" content=\"https:\/\/cheri-heater.com\/tr\/product\/threaded-cartridge-heater\/\" \/>\n<meta property=\"og:site_name\" content=\"Cheri Heater Technology Co.,Ltd.\" \/>\n<meta property=\"article:modified_time\" content=\"2024-07-30T22:44:34+00:00\" \/>\n<meta property=\"og:image\" content=\"https:\/\/cheri-heater.com\/tr\/wp-content\/uploads\/2024\/06\/Cheri-Electrothermal-Equipment-Limited-Company-6-2.jpg\" \/>\n\t<meta property=\"og:image:width\" content=\"800\" \/>\n\t<meta property=\"og:image:height\" content=\"800\" \/>\n\t<meta property=\"og:image:type\" content=\"image\/jpeg\" \/>\n<meta name=\"twitter:card\" content=\"summary_large_image\" \/>\n<meta name=\"twitter:label1\" content=\"Est. reading time\" \/>\n\t<meta name=\"twitter:data1\" content=\"2 minutes\" \/>\n<!-- \/ Yoast SEO plugin. -->","yoast_head_json":{"title":"Hassas Is\u0131tma \u0130\u00e7in Y\u00fcksek Kaliteli Di\u015fli Kartu\u015f Is\u0131t\u0131c\u0131lar","description":"Y\u00fcksek kaliteli di\u015fli kartu\u015f \u0131s\u0131t\u0131c\u0131lar\u0131m\u0131z, \u00e7e\u015fitli end\u00fcstriyel uygulamalarda hassas ve verimli \u0131s\u0131tma i\u00e7in tasarlanm\u0131\u015ft\u0131r. G\u00fcvenilir ve kolayca monte edilebilen di\u015fli kartu\u015f \u0131s\u0131t\u0131c\u0131lar\u0131m\u0131zla optimal performans ve dayan\u0131kl\u0131l\u0131k sa\u011flay\u0131n. \u00dcst\u00fcn \u0131s\u0131tma \u00e7\u00f6z\u00fcmleri i\u00e7in hemen al\u0131\u015fveri\u015f yap\u0131n!","robots":{"index":"index","follow":"follow","max-snippet":"max-snippet:-1","max-image-preview":"max-image-preview:large","max-video-preview":"max-video-preview:-1"},"canonical":"https:\/\/cheri-heater.com\/tr\/product\/threaded-cartridge-heater\/","og_locale":"en_US","og_type":"article","og_title":"Hassas Is\u0131tma \u0130\u00e7in Y\u00fcksek Kaliteli Di\u015fli Kartu\u015f Is\u0131t\u0131c\u0131lar","og_description":"Y\u00fcksek kaliteli di\u015fli kartu\u015f \u0131s\u0131t\u0131c\u0131lar\u0131m\u0131z, \u00e7e\u015fitli end\u00fcstriyel uygulamalarda hassas ve verimli \u0131s\u0131tma i\u00e7in tasarlanm\u0131\u015ft\u0131r. G\u00fcvenilir ve kolayca monte edilebilen di\u015fli kartu\u015f \u0131s\u0131t\u0131c\u0131lar\u0131m\u0131zla optimal performans ve dayan\u0131kl\u0131l\u0131k sa\u011flay\u0131n. \u00dcst\u00fcn \u0131s\u0131tma \u00e7\u00f6z\u00fcmleri i\u00e7in hemen al\u0131\u015fveri\u015f yap\u0131n!","og_url":"https:\/\/cheri-heater.com\/tr\/product\/threaded-cartridge-heater\/","og_site_name":"Cheri Heater Technology Co.,Ltd.","article_modified_time":"2024-07-30T22:44:34+00:00","og_image":[{"width":800,"height":800,"url":"https:\/\/cheri-heater.com\/tr\/wp-content\/uploads\/2024\/06\/Cheri-Electrothermal-Equipment-Limited-Company-6-2.jpg","type":"image\/jpeg"}],"twitter_card":"summary_large_image","twitter_misc":{"Est. reading time":"2 minutes"},"schema":{"@context":"https:\/\/schema.org","@graph":[{"@type":"WebPage","@id":"https:\/\/cheri-heater.com\/tr\/product\/threaded-cartridge-heater\/","url":"https:\/\/cheri-heater.com\/tr\/product\/threaded-cartridge-heater\/","name":"Hassas Is\u0131tma \u0130\u00e7in Y\u00fcksek Kaliteli Di\u015fli Kartu\u015f Is\u0131t\u0131c\u0131lar","isPartOf":{"@id":"https:\/\/cheri-heater.com\/tr\/#website"},"primaryImageOfPage":{"@id":"https:\/\/cheri-heater.com\/tr\/product\/threaded-cartridge-heater\/#primaryimage"},"image":{"@id":"https:\/\/cheri-heater.com\/tr\/product\/threaded-cartridge-heater\/#primaryimage"},"thumbnailUrl":"https:\/\/cheri-heater.com\/tr\/wp-content\/uploads\/2024\/06\/Cheri-Electrothermal-Equipment-Limited-Company-6-2.jpg","datePublished":"2024-06-04T18:13:00+00:00","dateModified":"2024-07-30T22:44:34+00:00","description":"Y\u00fcksek kaliteli di\u015fli kartu\u015f \u0131s\u0131t\u0131c\u0131lar\u0131m\u0131z, \u00e7e\u015fitli end\u00fcstriyel uygulamalarda hassas ve verimli \u0131s\u0131tma i\u00e7in tasarlanm\u0131\u015ft\u0131r. G\u00fcvenilir ve kolayca monte edilebilen di\u015fli kartu\u015f \u0131s\u0131t\u0131c\u0131lar\u0131m\u0131zla optimal performans ve dayan\u0131kl\u0131l\u0131k sa\u011flay\u0131n. \u00dcst\u00fcn \u0131s\u0131tma \u00e7\u00f6z\u00fcmleri i\u00e7in hemen al\u0131\u015fveri\u015f yap\u0131n!","breadcrumb":{"@id":"https:\/\/cheri-heater.com\/tr\/product\/threaded-cartridge-heater\/#breadcrumb"},"inLanguage":"en-US","potentialAction":[{"@type":"ReadAction","target":["https:\/\/cheri-heater.com\/tr\/product\/threaded-cartridge-heater\/"]}]},{"@type":"ImageObject","inLanguage":"en-US","@id":"https:\/\/cheri-heater.com\/tr\/product\/threaded-cartridge-heater\/#primaryimage","url":"https:\/\/cheri-heater.com\/tr\/wp-content\/uploads\/2024\/06\/Cheri-Electrothermal-Equipment-Limited-Company-6-2.jpg","contentUrl":"https:\/\/cheri-heater.com\/tr\/wp-content\/uploads\/2024\/06\/Cheri-Electrothermal-Equipment-Limited-Company-6-2.jpg","width":800,"height":800},{"@type":"BreadcrumbList","@id":"https:\/\/cheri-heater.com\/tr\/product\/threaded-cartridge-heater\/#breadcrumb","itemListElement":[{"@type":"ListItem","position":1,"name":"Home","item":"https:\/\/cheri-heater.com\/tr\/"},{"@type":"ListItem","position":2,"name":"Products","item":"https:\/\/cheri-heater.com\/tr\/products\/"},{"@type":"ListItem","position":3,"name":"Di\u015fli Kartu\u015f Is\u0131t\u0131c\u0131lar"}]},{"@type":"WebSite","@id":"https:\/\/cheri-heater.com\/tr\/#website","url":"https:\/\/cheri-heater.com\/tr\/","name":"Cheri Heater Technology Co.,Ltd.","description":"","publisher":{"@id":"https:\/\/cheri-heater.com\/tr\/#organization"},"potentialAction":[{"@type":"SearchAction","target":{"@type":"EntryPoint","urlTemplate":"https:\/\/cheri-heater.com\/tr\/?s={search_term_string}"},"query-input":{"@type":"PropertyValueSpecification","valueRequired":true,"valueName":"search_term_string"}}],"inLanguage":"en-US"},{"@type":"Organization","@id":"https:\/\/cheri-heater.com\/tr\/#organization","name":"Cheri Heater Technology Co.,Ltd.","url":"https:\/\/cheri-heater.com\/tr\/","logo":{"@type":"ImageObject","inLanguage":"en-US","@id":"https:\/\/cheri-heater.com\/tr\/#\/schema\/logo\/image\/","url":"https:\/\/cheri-heater.com\/tr\/wp-content\/uploads\/2024\/06\/cropped-logo-resize.png","contentUrl":"https:\/\/cheri-heater.com\/tr\/wp-content\/uploads\/2024\/06\/cropped-logo-resize.png","width":346,"height":99,"caption":"Cheri Heater Technology Co.,Ltd."},"image":{"@id":"https:\/\/cheri-heater.com\/tr\/#\/schema\/logo\/image\/"}}]}},"_links":{"self":[{"href":"https:\/\/cheri-heater.com\/tr\/wp-json\/wp\/v2\/product\/974","targetHints":{"allow":["GET"]}}],"collection":[{"href":"https:\/\/cheri-heater.com\/tr\/wp-json\/wp\/v2\/product"}],"about":[{"href":"https:\/\/cheri-heater.com\/tr\/wp-json\/wp\/v2\/types\/product"}],"wp:featuredmedia":[{"embeddable":true,"href":"https:\/\/cheri-heater.com\/tr\/wp-json\/wp\/v2\/media\/983"}],"wp:attachment":[{"href":"https:\/\/cheri-heater.com\/tr\/wp-json\/wp\/v2\/media?parent=974"}],"wp:term":[{"taxonomy":"product_brand","embeddable":true,"href":"https:\/\/cheri-heater.com\/tr\/wp-json\/wp\/v2\/product_brand?post=974"},{"taxonomy":"product_cat","embeddable":true,"href":"https:\/\/cheri-heater.com\/tr\/wp-json\/wp\/v2\/product_cat?post=974"},{"taxonomy":"product_tag","embeddable":true,"href":"https:\/\/cheri-heater.com\/tr\/wp-json\/wp\/v2\/product_tag?post=974"}],"curies":[{"name":"wp","href":"https:\/\/api.w.org\/{rel}","templated":true}]}}