{"id":993,"date":"2024-06-04T18:20:12","date_gmt":"2024-06-04T18:20:12","guid":{"rendered":"https:\/\/cheri-heater.com\/tr\/?post_type=product&#038;p=993"},"modified":"2024-07-30T22:09:53","modified_gmt":"2024-07-30T22:09:53","slug":"selfregulating-heating-cable","status":"publish","type":"product","link":"https:\/\/cheri-heater.com\/tr\/product\/selfregulating-heating-cable\/","title":{"rendered":"Kendi Kendini D\u00fczenleyen Is\u0131tma Kablosu"},"content":{"rendered":"<p class=\"western\"><span style=\"color: #333333;\"><span style=\"font-family: Times New Roman, serif;\"><span style=\"font-size: medium;\">Kendili\u011finden d\u00fczenlenen elektrikli \u0131s\u0131tma kablolar\u0131, borular, ekipmanlar ve kaplar\u0131n s\u0131cakl\u0131k kontrol\u00fc, \u0131s\u0131tma, yal\u0131t\u0131m ve \u00f6zellikle malzemenin kolayca bozuldu\u011fu, k\u00f6t\u00fcle\u015fti\u011fi, kristalle\u015fti\u011fi, yo\u011funla\u015ft\u0131\u011f\u0131 ve dondu\u011fu yerlerde kullan\u0131l\u0131r. Petrol, kimya, enerji, metalurji, hafif sanayi, g\u0131da, donmu\u015f, in\u015faat, gaz, tar\u0131m ve yan \u00fcr\u00fcn \u00fcretimi, i\u015fleme ve di\u011fer sekt\u00f6rlerde geni\u015f bir kullan\u0131m alan\u0131na sahiptir.<\/span><\/span><\/span><\/p>\n<h3 class=\"western\"><span style=\"font-family: Times New Roman, serif;\"><span style=\"font-size: x-large;\"><b><span style=\"color: #333333;\">\u00d6zellikler<\/span><\/b><\/span><\/span><\/h3>\n<p><span style=\"color: #333333;\">\u2022<\/span><span style=\"color: #333333;\"><span style=\"font-family: Times New Roman, serif;\"><span style=\"font-size: medium;\">Enerji verimlili\u011fi sa\u011flar, kendili\u011finden d\u00fczenlenen kablo daha az \u0131s\u0131 gerekti\u011finde daha az enerji t\u00fcketir.<br \/>\n\u2022Kurulumu kolayd\u0131r, saha i\u00e7inde herhangi bir uzunlu\u011fa (maksimum devre uzunlu\u011funa kadar) kesilebilir.<br \/>\n\u2022Buhar izleme sistemlerinden daha d\u00fc\u015f\u00fck kurulum maliyeti, daha az bak\u0131m masraf\u0131 ve daha az duru\u015f s\u00fcresi sa\u011flar.<br \/>\n\u2022Yanma olmadan tek bir \u00f6rt\u00fc\u015fme ile kullan\u0131labilir, bu da valfler, dirsekler ve pompalar gibi hattaki proses ekipmanlar\u0131n\u0131n \u0131s\u0131 takibini basitle\u015ftirir.<br \/>\n\u2022Kendili\u011finden d\u00fczenlendi\u011fi i\u00e7in a\u015f\u0131r\u0131 s\u0131cakl\u0131k ko\u015fullar\u0131 minimize edilir.<br \/>\n\u2022Ba\u011flant\u0131 Kitleri kurulum s\u00fcresini k\u0131salt\u0131r.<\/span><\/span><\/span><\/p>\n<p>&nbsp;<\/p>\n<table dir=\"ltr\" width=\"750\" cellspacing=\"0\" cellpadding=\"0\" align=\"left\">\n<tbody>\n<tr valign=\"top\">\n<td bgcolor=\"#f3f4f8\" width=\"113\">\n<p class=\"western\" align=\"center\"><span style=\"color: #333333;\"><span style=\"font-family: Helvetica, Arial, sans-serif;\"><span style=\"font-size: small;\">T\u00fcr<\/span><\/span><\/span><\/p>\n<\/td>\n<td bgcolor=\"#f7f8fa\" width=\"74\">\n<p class=\"western\" align=\"center\"><span style=\"color: #333333;\"><span style=\"font-family: Helvetica, Arial, sans-serif;\"><span style=\"font-size: small;\">G\u00fc\u00e7<\/span><\/span><\/span><\/p>\n<p class=\"western\" align=\"center\"><span style=\"color: #333333;\"><span style=\"font-family: Helvetica, Arial, sans-serif;\"><span style=\"font-size: small;\">(W\/M, 10\u2103&#8217;de)<\/span><\/span><\/span><\/p>\n<\/td>\n<td bgcolor=\"#f7f8fa\" width=\"162\">\n<p class=\"western\" align=\"center\"><span style=\"color: #333333;\"><span style=\"font-family: Helvetica, Arial, sans-serif;\"><span style=\"font-size: small;\">Maksimum Tolerans S\u0131cakl\u0131\u011f\u0131<\/span><\/span><\/span><\/p>\n<\/td>\n<td bgcolor=\"#f7f8fa\" width=\"156\">\n<p class=\"western\" align=\"center\"><span style=\"color: #333333;\"><span style=\"font-family: Helvetica, Arial, sans-serif;\"><span style=\"font-size: small;\">Maksimum S\u00fcrd\u00fcrme S\u0131cakl\u0131\u011f\u0131<\/span><\/span><\/span><\/p>\n<\/td>\n<td bgcolor=\"#f7f8fa\" width=\"125\">\n<p class=\"western\" align=\"center\"><span style=\"color: #333333;\"><span style=\"font-family: Helvetica, Arial, sans-serif;\"><span style=\"font-size: small;\">Minimum<\/span><\/span><\/span><\/p>\n<p class=\"western\" align=\"center\"><span style=\"color: #333333;\"><span style=\"font-family: Helvetica, Arial, sans-serif;\"><span style=\"font-size: small;\">Kurulum S\u0131cakl\u0131\u011f\u0131<\/span><\/span><\/span><\/p>\n<\/td>\n<td bgcolor=\"#f7f8fa\" width=\"118\">\n<p class=\"western\" align=\"center\"><span style=\"color: #333333;\"><span style=\"font-family: Helvetica, Arial, sans-serif;\"><span style=\"font-size: small;\">Maksimum Kullan\u0131m Uzunlu\u011fu<\/span><\/span><\/span><\/p>\n<p class=\"western\" align=\"center\"><span style=\"color: #333333;\"><span style=\"font-family: Helvetica, Arial, sans-serif;\"><span style=\"font-size: small;\">(110\/220V&#8217;e g\u00f6re)<\/span><\/span><\/span><\/p>\n<\/td>\n<\/tr>\n<tr valign=\"top\">\n<td bgcolor=\"#f3f4f8\" width=\"113\">\n<p class=\"western\" align=\"center\"><span style=\"color: #333333;\"><span style=\"font-family: Helvetica, Arial, sans-serif;\"><span style=\"font-size: small;\">D\u00fc\u015f\u00fck S\u0131cakl\u0131k<\/span><\/span><\/span><\/p>\n<\/td>\n<td bgcolor=\"#ffffff\" width=\"74\">\n<p class=\"western\" align=\"center\"><span style=\"color: #333333;\"><span style=\"font-family: Helvetica, Arial, sans-serif;\"><span style=\"font-size: small;\">10W\/M<\/span><\/span><\/span><\/p>\n<p class=\"western\" align=\"center\"><span style=\"color: #333333;\"><span style=\"font-family: Helvetica, Arial, sans-serif;\"><span style=\"font-size: small;\">15W\/M<\/span><\/span><\/span><\/p>\n<p class=\"western\" align=\"center\"><span style=\"color: #333333;\"><span style=\"font-family: Helvetica, Arial, sans-serif;\"><span style=\"font-size: small;\">25W\/M<\/span><\/span><\/span><\/p>\n<p class=\"western\" align=\"center\"><span style=\"color: #333333;\"><span style=\"font-family: Helvetica, Arial, sans-serif;\"><span style=\"font-size: small;\">35W\/M<\/span><\/span><\/span><\/p>\n<\/td>\n<td bgcolor=\"#ffffff\" width=\"162\">\n<p class=\"western\" align=\"center\"><span style=\"color: #333333;\"><span style=\"font-family: Helvetica, Arial, sans-serif;\"><span style=\"font-size: small;\">105\u2103<\/span><\/span><\/span><\/p>\n<\/td>\n<td bgcolor=\"#ffffff\" width=\"156\">\n<p class=\"western\" align=\"center\"><span style=\"color: #333333;\"><span style=\"font-family: Helvetica, Arial, sans-serif;\"><span style=\"font-size: small;\">65\u2103\u00b15\u2103<\/span><\/span><\/span><\/p>\n<\/td>\n<td bgcolor=\"#ffffff\" width=\"125\">\n<p class=\"western\" align=\"center\"><span style=\"color: #333333;\"><span style=\"font-family: Helvetica, Arial, sans-serif;\"><span style=\"font-size: small;\">-40\u2103<\/span><\/span><\/span><\/p>\n<\/td>\n<td bgcolor=\"#ffffff\" width=\"118\">\n<p class=\"western\" align=\"center\"><span style=\"color: #333333;\"><span style=\"font-family: Helvetica, Arial, sans-serif;\"><span style=\"font-size: small;\">50\/100m<\/span><\/span><\/span><\/p>\n<\/td>\n<\/tr>\n<tr valign=\"top\">\n<td bgcolor=\"#f3f4f8\" width=\"113\">\n<p class=\"western\" align=\"center\"><span style=\"color: #333333;\"><span style=\"font-family: Helvetica, Arial, sans-serif;\"><span style=\"font-size: small;\">Orta S\u0131cakl\u0131k<\/span><\/span><\/span><\/p>\n<\/td>\n<td bgcolor=\"#ffffff\" width=\"74\">\n<p class=\"western\" align=\"center\"><span style=\"color: #333333;\"><span style=\"font-family: Helvetica, Arial, sans-serif;\"><span style=\"font-size: small;\">35W\/M<\/span><\/span><\/span><\/p>\n<p class=\"western\" align=\"center\"><span style=\"color: #333333;\"><span style=\"font-family: Helvetica, Arial, sans-serif;\"><span style=\"font-size: small;\">45W\/M<\/span><\/span><\/span><\/p>\n<p class=\"western\" align=\"center\"><span style=\"color: #333333;\"><span style=\"font-family: Helvetica, Arial, sans-serif;\"><span style=\"font-size: small;\">50W\/M<\/span><\/span><\/span><\/p>\n<p class=\"western\" align=\"center\"><span style=\"color: #333333;\"><span style=\"font-family: Helvetica, Arial, sans-serif;\"><span style=\"font-size: small;\">60W\/M<\/span><\/span><\/span><\/p>\n<\/td>\n<td bgcolor=\"#ffffff\" width=\"162\">\n<p class=\"western\" align=\"center\"><span style=\"color: #333333;\"><span style=\"font-family: Helvetica, Arial, sans-serif;\"><span style=\"font-size: small;\">135\u2103<\/span><\/span><\/span><\/p>\n<\/td>\n<td bgcolor=\"#ffffff\" width=\"156\">\n<p class=\"western\" align=\"center\"><span style=\"color: #333333;\"><span style=\"font-family: Helvetica, Arial, sans-serif;\"><span style=\"font-size: small;\">105\u2103\u00b15\u2103<\/span><\/span><\/span><\/p>\n<\/td>\n<td bgcolor=\"#ffffff\" width=\"125\">\n<p class=\"western\" align=\"center\"><span style=\"color: #333333;\"><span style=\"font-family: Helvetica, Arial, sans-serif;\"><span style=\"font-size: small;\">-40\u2103<\/span><\/span><\/span><\/p>\n<\/td>\n<td bgcolor=\"#ffffff\" width=\"118\">\n<p class=\"western\" align=\"center\"><span style=\"color: #333333;\"><span style=\"font-family: Helvetica, Arial, sans-serif;\"><span style=\"font-size: small;\">50\/100m<\/span><\/span><\/span><\/p>\n<\/td>\n<\/tr>\n<tr valign=\"top\">\n<td bgcolor=\"#f3f4f8\" width=\"113\">\n<p class=\"western\" align=\"center\"><span style=\"color: #333333;\"><span style=\"font-family: Helvetica, Arial, sans-serif;\"><span style=\"font-size: small;\">Y\u00fcksek S\u0131cakl\u0131k<\/span><\/span><\/span><\/p>\n<\/td>\n<td bgcolor=\"#ffffff\" width=\"74\">\n<p class=\"western\" align=\"center\"><span style=\"color: #333333;\"><span style=\"font-family: Helvetica, Arial, sans-serif;\"><span style=\"font-size: small;\">60W\/M<\/span><\/span><\/span><\/p>\n<p class=\"western\" align=\"center\"><span style=\"color: #333333;\"><span style=\"font-family: Helvetica, Arial, sans-serif;\"><span style=\"font-size: small;\">70W\/M<\/span><\/span><\/span><\/p>\n<p class=\"western\" align=\"center\"><span style=\"color: #333333;\"><span style=\"font-family: Helvetica, Arial, sans-serif;\"><span style=\"font-size: small;\">80W\/M<\/span><\/span><\/span><\/p>\n<p class=\"western\" align=\"center\"><span style=\"color: #333333;\"><span style=\"font-family: Helvetica, Arial, sans-serif;\"><span style=\"font-size: small;\">90W\/M<\/span><\/span><\/span><\/p>\n<\/td>\n<td bgcolor=\"#ffffff\" width=\"162\">\n<p class=\"western\" align=\"center\"><span style=\"color: #333333;\"><span style=\"font-family: Helvetica, Arial, sans-serif;\"><span style=\"font-size: small;\">165\u2103<\/span><\/span><\/span><\/p>\n<\/td>\n<td bgcolor=\"#ffffff\" width=\"156\">\n<p class=\"western\" align=\"center\"><span style=\"color: #333333;\"><span style=\"font-family: Helvetica, Arial, sans-serif;\"><span style=\"font-size: small;\">135\u2103\u00b15\u2103<\/span><\/span><\/span><\/p>\n<\/td>\n<td bgcolor=\"#ffffff\" width=\"125\">\n<p class=\"western\" align=\"center\"><span style=\"color: #333333;\"><span style=\"font-family: Helvetica, Arial, sans-serif;\"><span style=\"font-size: small;\">-40\u2103<\/span><\/span><\/span><\/p>\n<\/td>\n<td bgcolor=\"#ffffff\" width=\"118\">\n<p class=\"western\" align=\"center\"><span style=\"color: #333333;\"><span style=\"font-family: Helvetica, Arial, sans-serif;\"><span style=\"font-size: small;\">50\/100m<\/span><\/span><\/span><\/p>\n<\/td>\n<\/tr>\n<\/tbody>\n<\/table>\n","protected":false},"excerpt":{"rendered":"<p><span style=\"color: #333333;\"><span style=\"font-family: Times New Roman, serif;\"><span style=\"font-size: medium;\">Kendili\u011finden d\u00fczenlenen \u0131s\u0131tma kablolar\u0131, \u0131s\u0131 izleme tasar\u0131m\u0131 ve uygulamalar\u0131nda en fazla esnekli\u011fi sa\u011flar. Paralel enerji iletkenleri aras\u0131na d\u00f6\u015fenmi\u015f yar\u0131 iletken \u0131s\u0131tma matrisinden \u00fcretilmi\u015ftir; kendili\u011finden d\u00fczenlenen bir kablo, uzunlu\u011fu boyunca \u00e7evresel s\u0131cakl\u0131klara ba\u011f\u0131ms\u0131z olarak yan\u0131t verir. S\u0131cakl\u0131klar artt\u0131k\u00e7a, \u0131s\u0131t\u0131c\u0131n\u0131n direnci artar ve bu da \u00e7\u0131k\u0131\u015f wattaj\u0131n\u0131 d\u00fc\u015f\u00fcr\u00fcr. Tersine, s\u0131cakl\u0131k azald\u0131\u011f\u0131nda diren\u00e7 d\u00fc\u015fer ve kablo daha fazla \u0131s\u0131 \u00fcretir. Bu nedenle baz\u0131 uygulamalarda termostat gereksizdir. Kendi kendine sar\u0131ld\u0131\u011f\u0131nda (\u00f6rt\u00fc\u015fm\u00fc\u015f) bile a\u015f\u0131r\u0131 \u0131s\u0131nma veya yanma yapmaz. Ayr\u0131ca herhangi bir uzunlu\u011fa kesilebilir. Kullan\u0131m\u0131 kolay, bak\u0131m gerektirmeyen ve enerji verimli bir \u0131s\u0131tma kablosudur.<\/span><\/span><\/span><\/p>\n","protected":false},"featured_media":999,"template":"","meta":[],"product_brand":[],"product_cat":[22],"product_tag":[155],"class_list":{"0":"post-993","1":"product","2":"type-product","3":"status-publish","4":"has-post-thumbnail","6":"product_cat-heating-cable","7":"product_tag-selfregulating-heating-cable","9":"first","10":"instock","11":"shipping-taxable","12":"product-type-simple"},"yoast_head":"<!-- This site is optimized with the Yoast SEO plugin v27.3 - https:\/\/yoast.com\/product\/yoast-seo-wordpress\/ -->\n<title>Kendi Kendini D\u00fczenleyen Is\u0131tma Kablo \u00dcreticisi | Cheri-heater.com<\/title>\n<meta name=\"description\" content=\"En y\u00fcksek kaliteye sahip kendi kendini d\u00fczenleyen \u0131s\u0131tma kablolar\u0131, en iyi \u00fcreticiden. Enerji verimli kablolar\u0131m\u0131z, s\u0131cakl\u0131k de\u011fi\u015fikliklerine uyum sa\u011flar, \u00e7e\u015fitli uygulamalar i\u00e7in g\u00fcvenilir ve g\u00fcvenli \u0131s\u0131tma sunar. Yenilik\u00e7i ve maliyet etkin \u0131s\u0131tma \u00e7\u00f6z\u00fcmleri i\u00e7in bug\u00fcn bizimle ileti\u015fime ge\u00e7in!\" \/>\n<meta name=\"robots\" content=\"index, follow, max-snippet:-1, max-image-preview:large, max-video-preview:-1\" \/>\n<link rel=\"canonical\" href=\"https:\/\/cheri-heater.com\/tr\/product\/selfregulating-heating-cable\/\" \/>\n<meta property=\"og:locale\" content=\"en_US\" \/>\n<meta property=\"og:type\" content=\"article\" \/>\n<meta property=\"og:title\" content=\"Kendi Kendini D\u00fczenleyen Is\u0131tma Kablo \u00dcreticisi | Cheri-heater.com\" \/>\n<meta property=\"og:description\" content=\"En y\u00fcksek kaliteye sahip kendi kendini d\u00fczenleyen \u0131s\u0131tma kablolar\u0131, en iyi \u00fcreticiden. Enerji verimli kablolar\u0131m\u0131z, s\u0131cakl\u0131k de\u011fi\u015fikliklerine uyum sa\u011flar, \u00e7e\u015fitli uygulamalar i\u00e7in g\u00fcvenilir ve g\u00fcvenli \u0131s\u0131tma sunar. Yenilik\u00e7i ve maliyet etkin \u0131s\u0131tma \u00e7\u00f6z\u00fcmleri i\u00e7in bug\u00fcn bizimle ileti\u015fime ge\u00e7in!\" \/>\n<meta property=\"og:url\" content=\"https:\/\/cheri-heater.com\/tr\/product\/selfregulating-heating-cable\/\" \/>\n<meta property=\"og:site_name\" content=\"Cheri Heater Technology Co.,Ltd.\" \/>\n<meta property=\"article:modified_time\" content=\"2024-07-30T22:09:53+00:00\" \/>\n<meta property=\"og:image\" content=\"https:\/\/cheri-heater.com\/tr\/wp-content\/uploads\/2024\/06\/O1CN01LBt59i1s6RB6asYTI_2215940465717-0-cib-1.jpg\" \/>\n\t<meta property=\"og:image:width\" content=\"800\" \/>\n\t<meta property=\"og:image:height\" content=\"800\" \/>\n\t<meta property=\"og:image:type\" content=\"image\/jpeg\" \/>\n<meta name=\"twitter:card\" content=\"summary_large_image\" \/>\n<meta name=\"twitter:label1\" content=\"Est. reading time\" \/>\n\t<meta name=\"twitter:data1\" content=\"4 minutes\" \/>\n<!-- \/ Yoast SEO plugin. -->","yoast_head_json":{"title":"Kendi Kendini D\u00fczenleyen Is\u0131tma Kablo \u00dcreticisi | Cheri-heater.com","description":"En y\u00fcksek kaliteye sahip kendi kendini d\u00fczenleyen \u0131s\u0131tma kablolar\u0131, en iyi \u00fcreticiden. Enerji verimli kablolar\u0131m\u0131z, s\u0131cakl\u0131k de\u011fi\u015fikliklerine uyum sa\u011flar, \u00e7e\u015fitli uygulamalar i\u00e7in g\u00fcvenilir ve g\u00fcvenli \u0131s\u0131tma sunar. Yenilik\u00e7i ve maliyet etkin \u0131s\u0131tma \u00e7\u00f6z\u00fcmleri i\u00e7in bug\u00fcn bizimle ileti\u015fime ge\u00e7in!","robots":{"index":"index","follow":"follow","max-snippet":"max-snippet:-1","max-image-preview":"max-image-preview:large","max-video-preview":"max-video-preview:-1"},"canonical":"https:\/\/cheri-heater.com\/tr\/product\/selfregulating-heating-cable\/","og_locale":"en_US","og_type":"article","og_title":"Kendi Kendini D\u00fczenleyen Is\u0131tma Kablo \u00dcreticisi | Cheri-heater.com","og_description":"En y\u00fcksek kaliteye sahip kendi kendini d\u00fczenleyen \u0131s\u0131tma kablolar\u0131, en iyi \u00fcreticiden. Enerji verimli kablolar\u0131m\u0131z, s\u0131cakl\u0131k de\u011fi\u015fikliklerine uyum sa\u011flar, \u00e7e\u015fitli uygulamalar i\u00e7in g\u00fcvenilir ve g\u00fcvenli \u0131s\u0131tma sunar. Yenilik\u00e7i ve maliyet etkin \u0131s\u0131tma \u00e7\u00f6z\u00fcmleri i\u00e7in bug\u00fcn bizimle ileti\u015fime ge\u00e7in!","og_url":"https:\/\/cheri-heater.com\/tr\/product\/selfregulating-heating-cable\/","og_site_name":"Cheri Heater Technology Co.,Ltd.","article_modified_time":"2024-07-30T22:09:53+00:00","og_image":[{"width":800,"height":800,"url":"https:\/\/cheri-heater.com\/tr\/wp-content\/uploads\/2024\/06\/O1CN01LBt59i1s6RB6asYTI_2215940465717-0-cib-1.jpg","type":"image\/jpeg"}],"twitter_card":"summary_large_image","twitter_misc":{"Est. reading time":"4 minutes"},"schema":{"@context":"https:\/\/schema.org","@graph":[{"@type":"WebPage","@id":"https:\/\/cheri-heater.com\/tr\/product\/selfregulating-heating-cable\/","url":"https:\/\/cheri-heater.com\/tr\/product\/selfregulating-heating-cable\/","name":"Kendi Kendini D\u00fczenleyen Is\u0131tma Kablo \u00dcreticisi | Cheri-heater.com","isPartOf":{"@id":"https:\/\/cheri-heater.com\/tr\/#website"},"primaryImageOfPage":{"@id":"https:\/\/cheri-heater.com\/tr\/product\/selfregulating-heating-cable\/#primaryimage"},"image":{"@id":"https:\/\/cheri-heater.com\/tr\/product\/selfregulating-heating-cable\/#primaryimage"},"thumbnailUrl":"https:\/\/cheri-heater.com\/tr\/wp-content\/uploads\/2024\/06\/O1CN01LBt59i1s6RB6asYTI_2215940465717-0-cib-1.jpg","datePublished":"2024-06-04T18:20:12+00:00","dateModified":"2024-07-30T22:09:53+00:00","description":"En y\u00fcksek kaliteye sahip kendi kendini d\u00fczenleyen \u0131s\u0131tma kablolar\u0131, en iyi \u00fcreticiden. Enerji verimli kablolar\u0131m\u0131z, s\u0131cakl\u0131k de\u011fi\u015fikliklerine uyum sa\u011flar, \u00e7e\u015fitli uygulamalar i\u00e7in g\u00fcvenilir ve g\u00fcvenli \u0131s\u0131tma sunar. Yenilik\u00e7i ve maliyet etkin \u0131s\u0131tma \u00e7\u00f6z\u00fcmleri i\u00e7in bug\u00fcn bizimle ileti\u015fime ge\u00e7in!","breadcrumb":{"@id":"https:\/\/cheri-heater.com\/tr\/product\/selfregulating-heating-cable\/#breadcrumb"},"inLanguage":"en-US","potentialAction":[{"@type":"ReadAction","target":["https:\/\/cheri-heater.com\/tr\/product\/selfregulating-heating-cable\/"]}]},{"@type":"ImageObject","inLanguage":"en-US","@id":"https:\/\/cheri-heater.com\/tr\/product\/selfregulating-heating-cable\/#primaryimage","url":"https:\/\/cheri-heater.com\/tr\/wp-content\/uploads\/2024\/06\/O1CN01LBt59i1s6RB6asYTI_2215940465717-0-cib-1.jpg","contentUrl":"https:\/\/cheri-heater.com\/tr\/wp-content\/uploads\/2024\/06\/O1CN01LBt59i1s6RB6asYTI_2215940465717-0-cib-1.jpg","width":800,"height":800},{"@type":"BreadcrumbList","@id":"https:\/\/cheri-heater.com\/tr\/product\/selfregulating-heating-cable\/#breadcrumb","itemListElement":[{"@type":"ListItem","position":1,"name":"Home","item":"https:\/\/cheri-heater.com\/tr\/"},{"@type":"ListItem","position":2,"name":"Products","item":"https:\/\/cheri-heater.com\/tr\/products\/"},{"@type":"ListItem","position":3,"name":"Kendi Kendini D\u00fczenleyen Is\u0131tma Kablosu"}]},{"@type":"WebSite","@id":"https:\/\/cheri-heater.com\/tr\/#website","url":"https:\/\/cheri-heater.com\/tr\/","name":"Cheri Heater Technology Co.,Ltd.","description":"","publisher":{"@id":"https:\/\/cheri-heater.com\/tr\/#organization"},"potentialAction":[{"@type":"SearchAction","target":{"@type":"EntryPoint","urlTemplate":"https:\/\/cheri-heater.com\/tr\/?s={search_term_string}"},"query-input":{"@type":"PropertyValueSpecification","valueRequired":true,"valueName":"search_term_string"}}],"inLanguage":"en-US"},{"@type":"Organization","@id":"https:\/\/cheri-heater.com\/tr\/#organization","name":"Cheri Heater Technology Co.,Ltd.","url":"https:\/\/cheri-heater.com\/tr\/","logo":{"@type":"ImageObject","inLanguage":"en-US","@id":"https:\/\/cheri-heater.com\/tr\/#\/schema\/logo\/image\/","url":"https:\/\/cheri-heater.com\/tr\/wp-content\/uploads\/2024\/06\/cropped-logo-resize.png","contentUrl":"https:\/\/cheri-heater.com\/tr\/wp-content\/uploads\/2024\/06\/cropped-logo-resize.png","width":346,"height":99,"caption":"Cheri Heater Technology Co.,Ltd."},"image":{"@id":"https:\/\/cheri-heater.com\/tr\/#\/schema\/logo\/image\/"}}]}},"_links":{"self":[{"href":"https:\/\/cheri-heater.com\/tr\/wp-json\/wp\/v2\/product\/993","targetHints":{"allow":["GET"]}}],"collection":[{"href":"https:\/\/cheri-heater.com\/tr\/wp-json\/wp\/v2\/product"}],"about":[{"href":"https:\/\/cheri-heater.com\/tr\/wp-json\/wp\/v2\/types\/product"}],"wp:featuredmedia":[{"embeddable":true,"href":"https:\/\/cheri-heater.com\/tr\/wp-json\/wp\/v2\/media\/999"}],"wp:attachment":[{"href":"https:\/\/cheri-heater.com\/tr\/wp-json\/wp\/v2\/media?parent=993"}],"wp:term":[{"taxonomy":"product_brand","embeddable":true,"href":"https:\/\/cheri-heater.com\/tr\/wp-json\/wp\/v2\/product_brand?post=993"},{"taxonomy":"product_cat","embeddable":true,"href":"https:\/\/cheri-heater.com\/tr\/wp-json\/wp\/v2\/product_cat?post=993"},{"taxonomy":"product_tag","embeddable":true,"href":"https:\/\/cheri-heater.com\/tr\/wp-json\/wp\/v2\/product_tag?post=993"}],"curies":[{"name":"wp","href":"https:\/\/api.w.org\/{rel}","templated":true}]}}