{"id":738,"date":"2024-06-03T16:31:11","date_gmt":"2024-06-03T16:31:11","guid":{"rendered":"https:\/\/cheri-heater.com\/vn\/?page_id=738"},"modified":"2024-07-27T21:15:31","modified_gmt":"2024-07-27T21:15:31","slug":"about-us","status":"publish","type":"page","link":"https:\/\/cheri-heater.com\/vn\/about-us\/","title":{"rendered":"About Us"},"content":{"rendered":"\t\t<div data-elementor-type=\"wp-page\" data-elementor-id=\"738\" class=\"elementor elementor-738\" data-elementor-post-type=\"page\">\n\t\t\t\t<div class=\"elementor-element elementor-element-bb5efb9 e-con-full e-flex e-con e-parent\" data-id=\"bb5efb9\" data-element_type=\"container\" data-e-type=\"container\" data-settings=\"{&quot;background_background&quot;:&quot;classic&quot;}\">\n\t\t\t\t<\/div>\n\t\t<div class=\"elementor-element elementor-element-398da0a e-con-full e-flex e-con e-parent\" data-id=\"398da0a\" data-element_type=\"container\" data-e-type=\"container\" data-settings=\"{&quot;background_background&quot;:&quot;classic&quot;}\">\n\t\t\t\t<div class=\"elementor-element elementor-element-276b9c4 elementor-widget elementor-widget-woocommerce-breadcrumb\" data-id=\"276b9c4\" data-element_type=\"widget\" data-e-type=\"widget\" data-widget_type=\"woocommerce-breadcrumb.default\">\n\t\t\t\t<div class=\"elementor-widget-container\">\n\t\t\t\t\t<nav class=\"woocommerce-breadcrumb\" aria-label=\"Breadcrumb\">Home<\/nav>\t\t\t\t<\/div>\n\t\t\t\t<\/div>\n\t\t\t\t<\/div>\n\t\t<div class=\"elementor-element elementor-element-ca81484 e-con-full e-flex e-con e-parent\" data-id=\"ca81484\" data-element_type=\"container\" data-e-type=\"container\">\n\t\t<div class=\"elementor-element elementor-element-2d95ec7 e-con-full e-flex e-con e-child\" data-id=\"2d95ec7\" data-element_type=\"container\" data-e-type=\"container\" data-settings=\"{&quot;background_background&quot;:&quot;video&quot;,&quot;background_video_link&quot;:&quot;https:\\\/\\\/www.youtube.com\\\/watch?v=nivzp4Ywl7U&quot;,&quot;background_play_on_mobile&quot;:&quot;yes&quot;,&quot;background_video_start&quot;:10}\">\n\t\t<div class=\"elementor-background-video-container\">\n\t\t\t\t\t\t\t<div class=\"elementor-background-video-embed\" role=\"presentation\"><\/div>\n\t\t\t\t\t\t<\/div>\t\t<div class=\"elementor-element elementor-element-18c991f elementor-widget elementor-widget-image\" data-id=\"18c991f\" data-element_type=\"widget\" data-e-type=\"widget\" data-widget_type=\"image.default\">\n\t\t\t\t<div class=\"elementor-widget-container\">\n\t\t\t\t\t\t\t\t\t\t\t\t\t\t\t<img decoding=\"async\" width=\"346\" height=\"99\" data-src=\"https:\/\/cheri-heater.com\/vn\/wp-content\/uploads\/2024\/06\/cropped-logo-resize.png\" class=\"attachment-full size-full wp-image-21 lazyload\" alt=\"\" data-srcset=\"https:\/\/cheri-heater.com\/vn\/wp-content\/uploads\/2024\/06\/cropped-logo-resize.png 346w, https:\/\/cheri-heater.com\/vn\/wp-content\/uploads\/2024\/06\/cropped-logo-resize-300x86.png 300w\" data-sizes=\"(max-width: 346px) 100vw, 346px\" src=\"data:image\/svg+xml;base64,PHN2ZyB3aWR0aD0iMSIgaGVpZ2h0PSIxIiB4bWxucz0iaHR0cDovL3d3dy53My5vcmcvMjAwMC9zdmciPjwvc3ZnPg==\" style=\"--smush-placeholder-width: 346px; --smush-placeholder-aspect-ratio: 346\/99;\" \/>\t\t\t\t\t\t\t\t\t\t\t\t\t\t\t<\/div>\n\t\t\t\t<\/div>\n\t\t\t\t<\/div>\n\t\t<div class=\"elementor-element elementor-element-08730a7 e-con-full e-flex e-con e-child\" data-id=\"08730a7\" data-element_type=\"container\" data-e-type=\"container\">\n\t\t\t\t<div class=\"elementor-element elementor-element-80a72f2 elementor-widget elementor-widget-heading\" data-id=\"80a72f2\" data-element_type=\"widget\" data-e-type=\"widget\" data-widget_type=\"heading.default\">\n\t\t\t\t<div class=\"elementor-widget-container\">\n\t\t\t\t\t<div class=\"elementor-heading-title elementor-size-default\">V\u1ec0 CH\u00daNG T\u00d4I<\/div>\t\t\t\t<\/div>\n\t\t\t\t<\/div>\n\t\t\t\t<div class=\"elementor-element elementor-element-2d08514 elementor-widget elementor-widget-heading\" data-id=\"2d08514\" data-element_type=\"widget\" data-e-type=\"widget\" data-widget_type=\"heading.default\">\n\t\t\t\t<div class=\"elementor-widget-container\">\n\t\t\t\t\t<div class=\"elementor-heading-title elementor-size-default\">Cheri Heater Technology Co.,Ltd.<\/div>\t\t\t\t<\/div>\n\t\t\t\t<\/div>\n\t\t\t\t<div class=\"elementor-element elementor-element-58b383e elementor-widget elementor-widget-text-editor\" data-id=\"58b383e\" data-element_type=\"widget\" data-e-type=\"widget\" data-widget_type=\"text-editor.default\">\n\t\t\t\t<div class=\"elementor-widget-container\">\n\t\t\t\t\t\t\t\t\t<p><span>Cheri Heater Technology Co.,Ltd., C\u00f4ng ty \u0111\u01b0\u1ee3c ch\u1ee9ng nh\u1eadn ISO 9001:2008 &amp; CE l\u00e0 m\u1ed9t trong nh\u1eefng nh\u00e0 s\u1ea3n xu\u1ea5t h\u00e0ng \u0111\u1ea7u v\u1ec1 M\u00e1y s\u01b0\u1edfi c\u00f4ng nghi\u1ec7p ch\u1ea5t l\u01b0\u1ee3ng cao. Ch\u00fang t\u00f4i s\u1ea3n xu\u1ea5t B\u1ed9 gia nhi\u1ec7t h\u1ed9p m\u1ef1c (M\u1eadt \u0111\u1ed9 th\u1ea5p &amp; M\u1eadt \u0111\u1ed9 cao), B\u1ed9 gia nhi\u1ec7t v\u00f2i phun, B\u1ed9 gia nhi\u1ec7t h\u00ecnh \u1ed1ng, B\u1ed9 gia nhi\u1ec7t d\u1ea3i mica &amp; g\u1ed1m, v.v.<\/span><\/p><p><span>C\u00f4ng ty TNHH C\u00f4ng ngh\u1ec7 M\u00e1y s\u01b0\u1edfi Cheri \u0111\u01b0\u1ee3c Ng\u01b0\u1eddi s\u00e1ng l\u1eadp c\u1ee7a ch\u00fang t\u00f4i th\u00e0nh l\u1eadp v\u00e0o n\u0103m 2003. Trong 20 n\u0103m l\u00e0m vi\u1ec7c trong ng\u00e0nh, \u00f4ng \u0111\u00e3 nh\u1eadn th\u1ea5y nhu c\u1ea7u m\u1ea1nh m\u1ebd v\u1ec1 M\u00e1y s\u01b0\u1edfi c\u00f4ng nghi\u1ec7p \u0111\u01b0\u1ee3c thi\u1ebft k\u1ebf theo y\u00eau c\u1ea7u, ch\u1ea5t l\u01b0\u1ee3ng t\u1ed1t.<\/span><\/p><p><span>Trong nh\u1eefng n\u0103m qua, ch\u00fang t\u00f4i \u0111\u00e3 ph\u00e1t tri\u1ec3n danh m\u1ee5c s\u1ea3n ph\u1ea9m v\u00e0 c\u01a1 s\u1edf kh\u00e1ch h\u00e0ng b\u1eb1ng vi\u1ec7c m\u1edf r\u1ed9ng n\u0103ng l\u1ef1c s\u1ea3n xu\u1ea5t &amp; k\u1ef9 thu\u1eadt, \u0111\u1ed3ng th\u1eddi duy tr\u00ec ch\u1ea5t l\u01b0\u1ee3ng s\u1ea3n ph\u1ea9m v\u00e0 m\u00f4 h\u00ecnh kinh doanh h\u01b0\u1edbng \u0111\u1ebfn kh\u00e1ch h\u00e0ng. Gi\u1edd \u0111\u00e2y, ch\u00fang t\u00f4i c\u00f3 kh\u1ea3 n\u0103ng c\u1eaft, t\u1ea1o h\u00ecnh, gia c\u00f4ng, thu gi\u1eef v\u00e0 ho\u00e0n thi\u1ec7n n\u1ed9i b\u1ed9. Ch\u00fang t\u00f4i thi\u1ebft k\u1ebf M\u00e1y s\u01b0\u1edfi c\u1ee7a ri\u00eang m\u00ecnh v\u1edbi vi\u1ec7c duy tr\u00ec chi ph\u00ed c\u1ea1nh tranh v\u00e0 ki\u1ec3m so\u00e1t ch\u1ea5t l\u01b0\u1ee3ng.<\/span><\/p>\t\t\t\t\t\t\t\t<\/div>\n\t\t\t\t<\/div>\n\t\t\t\t<\/div>\n\t\t\t\t<\/div>\n\t\t<div class=\"elementor-element elementor-element-bc79b83 e-con-full e-flex e-con e-parent\" data-id=\"bc79b83\" data-element_type=\"container\" data-e-type=\"container\">\n\t\t<div class=\"elementor-element elementor-element-bb6b7bd e-con-full e-flex e-con e-child\" data-id=\"bb6b7bd\" data-element_type=\"container\" data-e-type=\"container\">\n\t\t\t\t<div class=\"elementor-element elementor-element-7e36285 elementor-widget elementor-widget-heading\" data-id=\"7e36285\" data-element_type=\"widget\" data-e-type=\"widget\" data-widget_type=\"heading.default\">\n\t\t\t\t<div class=\"elementor-widget-container\">\n\t\t\t\t\t<div class=\"elementor-heading-title elementor-size-default\">Gi\u1ea3i ph\u00e1p s\u01b0\u1edfi \u1ea5m c\u00f4ng nghi\u1ec7p to\u00e0n di\u1ec7n: S\u1ef1 xu\u1ea5t s\u1eafc trong thi\u1ebft k\u1ebf, s\u1ea3n xu\u1ea5t v\u00e0 s\u1ef1 h\u00e0i l\u00f2ng c\u1ee7a kh\u00e1ch h\u00e0ng<\/div>\t\t\t\t<\/div>\n\t\t\t\t<\/div>\n\t\t\t\t<div class=\"elementor-element elementor-element-0d125b3 elementor-widget elementor-widget-text-editor\" data-id=\"0d125b3\" data-element_type=\"widget\" data-e-type=\"widget\" data-widget_type=\"text-editor.default\">\n\t\t\t\t<div class=\"elementor-widget-container\">\n\t\t\t\t\t\t\t\t\t<p><span>Hi\u1ec7n t\u1ea1i, ch\u00fang t\u00f4i c\u00f3 c\u01a1 s\u1edf s\u1ea3n xu\u1ea5t hi\u1ec7n \u0111\u1ea1i,<\/span><br \/><span>c\u01a1 s\u1edf Nghi\u00ean c\u1ee9u &amp; Ph\u00e1t tri\u1ec3n, Ph\u00f2ng th\u00ed nghi\u1ec7m th\u1eed nghi\u1ec7m, t\u1ea5t c\u1ea3 \u0111\u1ec1u d\u01b0\u1edbi m\u1ed9t m\u00e1i nh\u00e0. Cho \u0111\u1ebfn nay, ch\u00fang t\u00f4i \u0111\u00e3<\/span><br \/><span>thi\u1ebft k\u1ebf v\u00e0 s\u1ea3n xu\u1ea5t h\u00e0ng ng\u00e0n M\u00e1y s\u01b0\u1edfi c\u00f4ng nghi\u1ec7p theo<\/span><br \/><span>y\u00eau c\u1ea7u c\u1ee7a kh\u00e1ch h\u00e0ng v\u1edbi hi\u1ec7u su\u1ea5t v\u01b0\u1ee3t tr\u1ed9i \u1edf m\u1ee9c gi\u00e1 th\u1ea5p nh\u1ea5t. Ch\u00fang t\u00f4i<\/span><br \/><span>hi\u1ec3u gi\u00e1 tr\u1ecb c\u1ee7a vi\u1ec7c kinh doanh l\u1eb7p l\u1ea1i.<\/span><\/p><p><span>Ch\u00fang t\u00f4i cam k\u1ebft mang l\u1ea1i s\u1ef1 h\u00e0i l\u00f2ng ho\u00e0n to\u00e0n cho kh\u00e1ch h\u00e0ng b\u1eb1ng c\u00e1ch li\u00ean t\u1ee5c<\/span><br \/><span>c\u1ea3i ti\u1ebfn S\u1ea3n ph\u1ea9m, Quy tr\u00ecnh v\u00e0 Con ng\u01b0\u1eddi c\u1ee7a ch\u00fang t\u00f4i.<\/span><\/p>\t\t\t\t\t\t\t\t<\/div>\n\t\t\t\t<\/div>\n\t\t\t\t<\/div>\n\t\t<div class=\"elementor-element elementor-element-6d567ab e-con-full e-flex e-con e-child\" data-id=\"6d567ab\" data-element_type=\"container\" data-e-type=\"container\" data-settings=\"{&quot;background_background&quot;:&quot;video&quot;,&quot;background_video_link&quot;:&quot;https:\\\/\\\/youtu.be\\\/KVdWeNMSoTo?si=XJ65geJKVIBUdw97&quot;,&quot;background_play_on_mobile&quot;:&quot;yes&quot;,&quot;background_video_start&quot;:10}\">\n\t\t<div class=\"elementor-background-video-container\">\n\t\t\t\t\t\t\t<div class=\"elementor-background-video-embed\" role=\"presentation\"><\/div>\n\t\t\t\t\t\t<\/div>\t\t<div class=\"elementor-element elementor-element-a8e447f elementor-widget elementor-widget-image\" data-id=\"a8e447f\" data-element_type=\"widget\" data-e-type=\"widget\" data-widget_type=\"image.default\">\n\t\t\t\t<div class=\"elementor-widget-container\">\n\t\t\t\t\t\t\t\t\t\t\t\t\t\t\t<img decoding=\"async\" width=\"346\" height=\"99\" data-src=\"https:\/\/cheri-heater.com\/vn\/wp-content\/uploads\/2024\/06\/cropped-logo-resize.png\" class=\"attachment-full size-full wp-image-21 lazyload\" alt=\"\" data-srcset=\"https:\/\/cheri-heater.com\/vn\/wp-content\/uploads\/2024\/06\/cropped-logo-resize.png 346w, https:\/\/cheri-heater.com\/vn\/wp-content\/uploads\/2024\/06\/cropped-logo-resize-300x86.png 300w\" data-sizes=\"(max-width: 346px) 100vw, 346px\" src=\"data:image\/svg+xml;base64,PHN2ZyB3aWR0aD0iMSIgaGVpZ2h0PSIxIiB4bWxucz0iaHR0cDovL3d3dy53My5vcmcvMjAwMC9zdmciPjwvc3ZnPg==\" style=\"--smush-placeholder-width: 346px; --smush-placeholder-aspect-ratio: 346\/99;\" \/>\t\t\t\t\t\t\t\t\t\t\t\t\t\t\t<\/div>\n\t\t\t\t<\/div>\n\t\t\t\t<\/div>\n\t\t\t\t<\/div>\n\t\t<div class=\"elementor-element elementor-element-22927ef e-con-full e-flex e-con e-parent\" data-id=\"22927ef\" data-element_type=\"container\" data-e-type=\"container\" data-settings=\"{&quot;background_background&quot;:&quot;classic&quot;}\">\n\t\t\t\t<\/div>\n\t\t<div class=\"elementor-element elementor-element-cf983fe e-con-full e-flex e-con e-parent\" data-id=\"cf983fe\" data-element_type=\"container\" data-e-type=\"container\" data-settings=\"{&quot;background_background&quot;:&quot;classic&quot;}\">\n\t\t\t\t<\/div>\n\t\t<div class=\"elementor-element elementor-element-6812ba9 e-con-full e-flex e-con e-parent\" data-id=\"6812ba9\" data-element_type=\"container\" data-e-type=\"container\">\n\t\t<div class=\"elementor-element elementor-element-4d974bb e-con-full e-flex e-con e-child\" data-id=\"4d974bb\" data-element_type=\"container\" data-e-type=\"container\">\n\t\t\t\t<div class=\"elementor-element elementor-element-4ecafe5 elementor-widget elementor-widget-heading\" data-id=\"4ecafe5\" data-element_type=\"widget\" data-e-type=\"widget\" data-widget_type=\"heading.default\">\n\t\t\t\t<div class=\"elementor-widget-container\">\n\t\t\t\t\t<div class=\"elementor-heading-title elementor-size-default\">Thi\u1ebft k\u1ebf v\u00e0 ph\u00e1t tri\u1ec3n s\u00e1ng t\u1ea1o<\/div>\t\t\t\t<\/div>\n\t\t\t\t<\/div>\n\t\t\t\t<div class=\"elementor-element elementor-element-0675a08 elementor-widget elementor-widget-image\" data-id=\"0675a08\" data-element_type=\"widget\" data-e-type=\"widget\" data-widget_type=\"image.default\">\n\t\t\t\t<div class=\"elementor-widget-container\">\n\t\t\t\t\t\t\t\t\t\t\t\t\t\t\t<img fetchpriority=\"high\" decoding=\"async\" width=\"704\" height=\"704\" src=\"https:\/\/cheri-heater.com\/vn\/wp-content\/uploads\/2024\/06\/dOeHx5VZ5qg-VzBiR89gQOd6DXiN2bSb-1.png\" class=\"attachment-full size-full wp-image-778\" alt=\"\" srcset=\"https:\/\/cheri-heater.com\/vn\/wp-content\/uploads\/2024\/06\/dOeHx5VZ5qg-VzBiR89gQOd6DXiN2bSb-1.png 704w, https:\/\/cheri-heater.com\/vn\/wp-content\/uploads\/2024\/06\/dOeHx5VZ5qg-VzBiR89gQOd6DXiN2bSb-1-300x300.png 300w, https:\/\/cheri-heater.com\/vn\/wp-content\/uploads\/2024\/06\/dOeHx5VZ5qg-VzBiR89gQOd6DXiN2bSb-1-100x100.png 100w, https:\/\/cheri-heater.com\/vn\/wp-content\/uploads\/2024\/06\/dOeHx5VZ5qg-VzBiR89gQOd6DXiN2bSb-1-600x600.png 600w, https:\/\/cheri-heater.com\/vn\/wp-content\/uploads\/2024\/06\/dOeHx5VZ5qg-VzBiR89gQOd6DXiN2bSb-1-150x150.png 150w\" sizes=\"(max-width: 704px) 100vw, 704px\" \/>\t\t\t\t\t\t\t\t\t\t\t\t\t\t\t<\/div>\n\t\t\t\t<\/div>\n\t\t\t\t<div class=\"elementor-element elementor-element-a35a166 elementor-widget elementor-widget-text-editor\" data-id=\"a35a166\" data-element_type=\"widget\" data-e-type=\"widget\" data-widget_type=\"text-editor.default\">\n\t\t\t\t<div class=\"elementor-widget-container\">\n\t\t\t\t\t\t\t\t\t<p>M\u00e1y s\u01b0\u1edfi c\u00f4ng nghi\u1ec7p t\u00f9y ch\u1ec9nh d\u1ef1a tr\u00ean y\u00eau c\u1ea7u c\u1ee5 th\u1ec3 c\u1ee7a kh\u00e1ch h\u00e0ng. H\u00e0ng ng\u00e0n m\u00e1y s\u01b0\u1edfi c\u00f4ng nghi\u1ec7p \u0111\u01b0\u1ee3c thi\u1ebft k\u1ebf v\u00e0 s\u1ea3n xu\u1ea5t.<\/p>\t\t\t\t\t\t\t\t<\/div>\n\t\t\t\t<\/div>\n\t\t\t\t<\/div>\n\t\t<div class=\"elementor-element elementor-element-4ac647b e-con-full e-flex e-con e-child\" data-id=\"4ac647b\" data-element_type=\"container\" data-e-type=\"container\">\n\t\t\t\t<div class=\"elementor-element elementor-element-d695e7b elementor-widget elementor-widget-heading\" data-id=\"d695e7b\" data-element_type=\"widget\" data-e-type=\"widget\" data-widget_type=\"heading.default\">\n\t\t\t\t<div class=\"elementor-widget-container\">\n\t\t\t\t\t<div class=\"elementor-heading-title elementor-size-default\">Cam k\u1ebft ch\u1ea5t l\u01b0\u1ee3ng<\/div>\t\t\t\t<\/div>\n\t\t\t\t<\/div>\n\t\t\t\t<div class=\"elementor-element elementor-element-16c8f51 elementor-widget elementor-widget-image\" data-id=\"16c8f51\" data-element_type=\"widget\" data-e-type=\"widget\" data-widget_type=\"image.default\">\n\t\t\t\t<div class=\"elementor-widget-container\">\n\t\t\t\t\t\t\t\t\t\t\t\t\t\t\t<img decoding=\"async\" width=\"990\" height=\"990\" data-src=\"https:\/\/cheri-heater.com\/vn\/wp-content\/uploads\/2024\/06\/nr_pE0X1BCErtojMZqDNXldSPxVH7CIRu4fI91Em2I1r8pFL-UGRHRTbrBKpP1zJIii3euxz-1.jpg\" class=\"attachment-full size-full wp-image-779 lazyload\" alt=\"\" data-srcset=\"https:\/\/cheri-heater.com\/vn\/wp-content\/uploads\/2024\/06\/nr_pE0X1BCErtojMZqDNXldSPxVH7CIRu4fI91Em2I1r8pFL-UGRHRTbrBKpP1zJIii3euxz-1.jpg 990w, https:\/\/cheri-heater.com\/vn\/wp-content\/uploads\/2024\/06\/nr_pE0X1BCErtojMZqDNXldSPxVH7CIRu4fI91Em2I1r8pFL-UGRHRTbrBKpP1zJIii3euxz-1-300x300.jpg 300w, https:\/\/cheri-heater.com\/vn\/wp-content\/uploads\/2024\/06\/nr_pE0X1BCErtojMZqDNXldSPxVH7CIRu4fI91Em2I1r8pFL-UGRHRTbrBKpP1zJIii3euxz-1-100x100.jpg 100w, https:\/\/cheri-heater.com\/vn\/wp-content\/uploads\/2024\/06\/nr_pE0X1BCErtojMZqDNXldSPxVH7CIRu4fI91Em2I1r8pFL-UGRHRTbrBKpP1zJIii3euxz-1-600x600.jpg 600w, https:\/\/cheri-heater.com\/vn\/wp-content\/uploads\/2024\/06\/nr_pE0X1BCErtojMZqDNXldSPxVH7CIRu4fI91Em2I1r8pFL-UGRHRTbrBKpP1zJIii3euxz-1-150x150.jpg 150w, https:\/\/cheri-heater.com\/vn\/wp-content\/uploads\/2024\/06\/nr_pE0X1BCErtojMZqDNXldSPxVH7CIRu4fI91Em2I1r8pFL-UGRHRTbrBKpP1zJIii3euxz-1-768x768.jpg 768w\" data-sizes=\"(max-width: 990px) 100vw, 990px\" src=\"data:image\/svg+xml;base64,PHN2ZyB3aWR0aD0iMSIgaGVpZ2h0PSIxIiB4bWxucz0iaHR0cDovL3d3dy53My5vcmcvMjAwMC9zdmciPjwvc3ZnPg==\" style=\"--smush-placeholder-width: 990px; --smush-placeholder-aspect-ratio: 990\/990;\" \/>\t\t\t\t\t\t\t\t\t\t\t\t\t\t\t<\/div>\n\t\t\t\t<\/div>\n\t\t\t\t<div class=\"elementor-element elementor-element-49dabd1 elementor-widget elementor-widget-text-editor\" data-id=\"49dabd1\" data-element_type=\"widget\" data-e-type=\"widget\" data-widget_type=\"text-editor.default\">\n\t\t\t\t<div class=\"elementor-widget-container\">\n\t\t\t\t\t\t\t\t\t<p>H\u01a1n 20 n\u0103m kinh nghi\u1ec7m. Ph\u00f2ng th\u00ed nghi\u1ec7m S\u1ea3n xu\u1ea5t, Nghi\u00ean c\u1ee9u &amp; Ph\u00e1t tri\u1ec3n v\u00e0 Th\u1eed nghi\u1ec7m hi\u1ec7n \u0111\u1ea1i. C\u00e1c gi\u1ea3i ph\u00e1p \u0111\u01b0\u1ee3c thi\u1ebft k\u1ebf t\u00f9y ch\u1ec9nh v\u1edbi hi\u1ec7u su\u1ea5t v\u01b0\u1ee3t tr\u1ed9i v\u1edbi m\u1ee9c gi\u00e1 c\u1ea1nh tranh.<\/p>\t\t\t\t\t\t\t\t<\/div>\n\t\t\t\t<\/div>\n\t\t\t\t<\/div>\n\t\t<div class=\"elementor-element elementor-element-91ad04f e-con-full e-flex e-con e-child\" data-id=\"91ad04f\" data-element_type=\"container\" data-e-type=\"container\">\n\t\t\t\t<div class=\"elementor-element elementor-element-f0ba558 elementor-widget elementor-widget-heading\" data-id=\"f0ba558\" data-element_type=\"widget\" data-e-type=\"widget\" data-widget_type=\"heading.default\">\n\t\t\t\t<div class=\"elementor-widget-container\">\n\t\t\t\t\t<div class=\"elementor-heading-title elementor-size-default\">Ki\u1ec3m so\u00e1t ch\u1ea5t l\u01b0\u1ee3ng<\/div>\t\t\t\t<\/div>\n\t\t\t\t<\/div>\n\t\t\t\t<div class=\"elementor-element elementor-element-22df1e8 elementor-widget elementor-widget-image\" data-id=\"22df1e8\" data-element_type=\"widget\" data-e-type=\"widget\" data-widget_type=\"image.default\">\n\t\t\t\t<div class=\"elementor-widget-container\">\n\t\t\t\t\t\t\t\t\t\t\t\t\t\t\t<img decoding=\"async\" width=\"1080\" height=\"1080\" data-src=\"https:\/\/cheri-heater.com\/vn\/wp-content\/uploads\/2024\/06\/5f6330f6d79c21f746e526f7_Muenchner-Kindl92-Instagram-1.jpg\" class=\"attachment-full size-full wp-image-780 lazyload\" alt=\"\" data-srcset=\"https:\/\/cheri-heater.com\/vn\/wp-content\/uploads\/2024\/06\/5f6330f6d79c21f746e526f7_Muenchner-Kindl92-Instagram-1.jpg 1080w, https:\/\/cheri-heater.com\/vn\/wp-content\/uploads\/2024\/06\/5f6330f6d79c21f746e526f7_Muenchner-Kindl92-Instagram-1-300x300.jpg 300w, https:\/\/cheri-heater.com\/vn\/wp-content\/uploads\/2024\/06\/5f6330f6d79c21f746e526f7_Muenchner-Kindl92-Instagram-1-100x100.jpg 100w, https:\/\/cheri-heater.com\/vn\/wp-content\/uploads\/2024\/06\/5f6330f6d79c21f746e526f7_Muenchner-Kindl92-Instagram-1-600x600.jpg 600w, https:\/\/cheri-heater.com\/vn\/wp-content\/uploads\/2024\/06\/5f6330f6d79c21f746e526f7_Muenchner-Kindl92-Instagram-1-1024x1024.jpg 1024w, https:\/\/cheri-heater.com\/vn\/wp-content\/uploads\/2024\/06\/5f6330f6d79c21f746e526f7_Muenchner-Kindl92-Instagram-1-150x150.jpg 150w, https:\/\/cheri-heater.com\/vn\/wp-content\/uploads\/2024\/06\/5f6330f6d79c21f746e526f7_Muenchner-Kindl92-Instagram-1-768x768.jpg 768w\" data-sizes=\"(max-width: 1080px) 100vw, 1080px\" src=\"data:image\/svg+xml;base64,PHN2ZyB3aWR0aD0iMSIgaGVpZ2h0PSIxIiB4bWxucz0iaHR0cDovL3d3dy53My5vcmcvMjAwMC9zdmciPjwvc3ZnPg==\" style=\"--smush-placeholder-width: 1080px; --smush-placeholder-aspect-ratio: 1080\/1080;\" \/>\t\t\t\t\t\t\t\t\t\t\t\t\t\t\t<\/div>\n\t\t\t\t<\/div>\n\t\t\t\t<div class=\"elementor-element elementor-element-48a17b3 elementor-widget elementor-widget-text-editor\" data-id=\"48a17b3\" data-element_type=\"widget\" data-e-type=\"widget\" data-widget_type=\"text-editor.default\">\n\t\t\t\t<div class=\"elementor-widget-container\">\n\t\t\t\t\t\t\t\t\t<p>Duy tr\u00ec chi ph\u00ed c\u1ea1nh tranh nh\u01b0ng v\u1eabn \u0111\u1ea3m b\u1ea3o ti\u00eau chu\u1ea9n ch\u1ea5t l\u01b0\u1ee3ng cao. C\u1ea3i ti\u1ebfn li\u00ean t\u1ee5c v\u1ec1 s\u1ea3n ph\u1ea9m, quy tr\u00ecnh v\u00e0 nh\u00e2n s\u1ef1.<\/p>\t\t\t\t\t\t\t\t<\/div>\n\t\t\t\t<\/div>\n\t\t\t\t<\/div>\n\t\t\t\t<\/div>\n\t\t\t\t<\/div>\n\t\t","protected":false},"excerpt":{"rendered":"<p>V\u1ec0 CH\u00daNG T\u00d4I Cheri Heater Technology Co.,Ltd. Cheri Heater Technology Co.,Ltd., C\u00f4ng ty \u0111\u01b0\u1ee3c ch\u1ee9ng nh\u1eadn ISO 9001:2008 &amp; CE l\u00e0 m\u1ed9t trong nh\u1eefng nh\u00e0 s\u1ea3n xu\u1ea5t h\u00e0ng \u0111\u1ea7u v\u1ec1 M\u00e1y s\u01b0\u1edfi c\u00f4ng nghi\u1ec7p ch\u1ea5t l\u01b0\u1ee3ng cao. Ch\u00fang t\u00f4i s\u1ea3n xu\u1ea5t B\u1ed9 gia nhi\u1ec7t h\u1ed9p m\u1ef1c (M\u1eadt \u0111\u1ed9 th\u1ea5p &amp; M\u1eadt \u0111\u1ed9 cao), B\u1ed9 gia [&hellip;]<\/p>\n","protected":false},"author":1,"featured_media":0,"parent":0,"menu_order":0,"comment_status":"closed","ping_status":"closed","template":"","meta":{"footnotes":""},"class_list":["post-738","page","type-page","status-publish","hentry"],"yoast_head":"<!-- This site is optimized with the Yoast SEO plugin v27.3 - https:\/\/yoast.com\/product\/yoast-seo-wordpress\/ -->\n<title>About Us - Cheri Heater Technology Co.,Ltd.<\/title>\n<meta name=\"robots\" content=\"index, follow, max-snippet:-1, max-image-preview:large, max-video-preview:-1\" \/>\n<link rel=\"canonical\" href=\"https:\/\/cheri-heater.com\/vn\/about-us\/\" \/>\n<meta property=\"og:locale\" content=\"en_US\" \/>\n<meta property=\"og:type\" content=\"article\" \/>\n<meta property=\"og:title\" content=\"About Us - Cheri Heater Technology Co.,Ltd.\" \/>\n<meta property=\"og:description\" content=\"V\u1ec0 CH\u00daNG T\u00d4I Cheri Heater Technology Co.,Ltd. Cheri Heater Technology Co.,Ltd., C\u00f4ng ty \u0111\u01b0\u1ee3c ch\u1ee9ng nh\u1eadn ISO 9001:2008 &amp; CE l\u00e0 m\u1ed9t trong nh\u1eefng nh\u00e0 s\u1ea3n xu\u1ea5t h\u00e0ng \u0111\u1ea7u v\u1ec1 M\u00e1y s\u01b0\u1edfi c\u00f4ng nghi\u1ec7p ch\u1ea5t l\u01b0\u1ee3ng cao. Ch\u00fang t\u00f4i s\u1ea3n xu\u1ea5t B\u1ed9 gia nhi\u1ec7t h\u1ed9p m\u1ef1c (M\u1eadt \u0111\u1ed9 th\u1ea5p &amp; M\u1eadt \u0111\u1ed9 cao), B\u1ed9 gia [&hellip;]\" \/>\n<meta property=\"og:url\" content=\"https:\/\/cheri-heater.com\/vn\/about-us\/\" \/>\n<meta property=\"og:site_name\" content=\"Cheri Heater Technology Co.,Ltd.\" \/>\n<meta property=\"article:modified_time\" content=\"2024-07-27T21:15:31+00:00\" \/>\n<meta property=\"og:image\" content=\"http:\/\/cheri-heater.com\/vn\/wp-content\/uploads\/2024\/06\/cropped-logo-resize.png\" \/>\n<meta name=\"twitter:card\" content=\"summary_large_image\" \/>\n<meta name=\"twitter:label1\" content=\"Est. reading time\" \/>\n\t<meta name=\"twitter:data1\" content=\"3 minutes\" \/>\n<!-- \/ Yoast SEO plugin. -->","yoast_head_json":{"title":"About Us - Cheri Heater Technology Co.,Ltd.","robots":{"index":"index","follow":"follow","max-snippet":"max-snippet:-1","max-image-preview":"max-image-preview:large","max-video-preview":"max-video-preview:-1"},"canonical":"https:\/\/cheri-heater.com\/vn\/about-us\/","og_locale":"en_US","og_type":"article","og_title":"About Us - Cheri Heater Technology Co.,Ltd.","og_description":"V\u1ec0 CH\u00daNG T\u00d4I Cheri Heater Technology Co.,Ltd. Cheri Heater Technology Co.,Ltd., C\u00f4ng ty \u0111\u01b0\u1ee3c ch\u1ee9ng nh\u1eadn ISO 9001:2008 &amp; CE l\u00e0 m\u1ed9t trong nh\u1eefng nh\u00e0 s\u1ea3n xu\u1ea5t h\u00e0ng \u0111\u1ea7u v\u1ec1 M\u00e1y s\u01b0\u1edfi c\u00f4ng nghi\u1ec7p ch\u1ea5t l\u01b0\u1ee3ng cao. Ch\u00fang t\u00f4i s\u1ea3n xu\u1ea5t B\u1ed9 gia nhi\u1ec7t h\u1ed9p m\u1ef1c (M\u1eadt \u0111\u1ed9 th\u1ea5p &amp; M\u1eadt \u0111\u1ed9 cao), B\u1ed9 gia [&hellip;]","og_url":"https:\/\/cheri-heater.com\/vn\/about-us\/","og_site_name":"Cheri Heater Technology Co.,Ltd.","article_modified_time":"2024-07-27T21:15:31+00:00","og_image":[{"url":"http:\/\/cheri-heater.com\/vn\/wp-content\/uploads\/2024\/06\/cropped-logo-resize.png","type":"","width":"","height":""}],"twitter_card":"summary_large_image","twitter_misc":{"Est. reading time":"3 minutes"},"schema":{"@context":"https:\/\/schema.org","@graph":[{"@type":"WebPage","@id":"https:\/\/cheri-heater.com\/vn\/about-us\/","url":"https:\/\/cheri-heater.com\/vn\/about-us\/","name":"About Us - Cheri Heater Technology Co.,Ltd.","isPartOf":{"@id":"https:\/\/cheri-heater.com\/vn\/#website"},"primaryImageOfPage":{"@id":"https:\/\/cheri-heater.com\/vn\/about-us\/#primaryimage"},"image":{"@id":"https:\/\/cheri-heater.com\/vn\/about-us\/#primaryimage"},"thumbnailUrl":"http:\/\/cheri-heater.com\/vn\/wp-content\/uploads\/2024\/06\/cropped-logo-resize.png","datePublished":"2024-06-03T16:31:11+00:00","dateModified":"2024-07-27T21:15:31+00:00","breadcrumb":{"@id":"https:\/\/cheri-heater.com\/vn\/about-us\/#breadcrumb"},"inLanguage":"en-US","potentialAction":[{"@type":"ReadAction","target":["https:\/\/cheri-heater.com\/vn\/about-us\/"]}]},{"@type":"ImageObject","inLanguage":"en-US","@id":"https:\/\/cheri-heater.com\/vn\/about-us\/#primaryimage","url":"https:\/\/cheri-heater.com\/vn\/wp-content\/uploads\/2024\/06\/cropped-logo-resize.png","contentUrl":"https:\/\/cheri-heater.com\/vn\/wp-content\/uploads\/2024\/06\/cropped-logo-resize.png","width":346,"height":99},{"@type":"BreadcrumbList","@id":"https:\/\/cheri-heater.com\/vn\/about-us\/#breadcrumb","itemListElement":[{"@type":"ListItem","position":1,"name":"Home","item":"https:\/\/cheri-heater.com\/vn\/"},{"@type":"ListItem","position":2,"name":"About Us"}]},{"@type":"WebSite","@id":"https:\/\/cheri-heater.com\/vn\/#website","url":"https:\/\/cheri-heater.com\/vn\/","name":"Cheri Heater Technology Co.,Ltd.","description":"","publisher":{"@id":"https:\/\/cheri-heater.com\/vn\/#organization"},"potentialAction":[{"@type":"SearchAction","target":{"@type":"EntryPoint","urlTemplate":"https:\/\/cheri-heater.com\/vn\/?s={search_term_string}"},"query-input":{"@type":"PropertyValueSpecification","valueRequired":true,"valueName":"search_term_string"}}],"inLanguage":"en-US"},{"@type":"Organization","@id":"https:\/\/cheri-heater.com\/vn\/#organization","name":"Cheri Heater Technology Co.,Ltd.","url":"https:\/\/cheri-heater.com\/vn\/","logo":{"@type":"ImageObject","inLanguage":"en-US","@id":"https:\/\/cheri-heater.com\/vn\/#\/schema\/logo\/image\/","url":"https:\/\/cheri-heater.com\/vn\/wp-content\/uploads\/2024\/06\/cropped-logo-resize.png","contentUrl":"https:\/\/cheri-heater.com\/vn\/wp-content\/uploads\/2024\/06\/cropped-logo-resize.png","width":346,"height":99,"caption":"Cheri Heater Technology Co.,Ltd."},"image":{"@id":"https:\/\/cheri-heater.com\/vn\/#\/schema\/logo\/image\/"}}]}},"_links":{"self":[{"href":"https:\/\/cheri-heater.com\/vn\/wp-json\/wp\/v2\/pages\/738","targetHints":{"allow":["GET"]}}],"collection":[{"href":"https:\/\/cheri-heater.com\/vn\/wp-json\/wp\/v2\/pages"}],"about":[{"href":"https:\/\/cheri-heater.com\/vn\/wp-json\/wp\/v2\/types\/page"}],"author":[{"embeddable":true,"href":"https:\/\/cheri-heater.com\/vn\/wp-json\/wp\/v2\/users\/1"}],"replies":[{"embeddable":true,"href":"https:\/\/cheri-heater.com\/vn\/wp-json\/wp\/v2\/comments?post=738"}],"version-history":[{"count":55,"href":"https:\/\/cheri-heater.com\/vn\/wp-json\/wp\/v2\/pages\/738\/revisions"}],"predecessor-version":[{"id":1640,"href":"https:\/\/cheri-heater.com\/vn\/wp-json\/wp\/v2\/pages\/738\/revisions\/1640"}],"wp:attachment":[{"href":"https:\/\/cheri-heater.com\/vn\/wp-json\/wp\/v2\/media?parent=738"}],"curies":[{"name":"wp","href":"https:\/\/api.w.org\/{rel}","templated":true}]}}