{"id":1014,"date":"2024-06-04T18:28:49","date_gmt":"2024-06-04T18:28:49","guid":{"rendered":"https:\/\/cheri-heater.com\/vn\/?post_type=product&#038;p=1014"},"modified":"2024-07-28T02:51:04","modified_gmt":"2024-07-28T02:51:04","slug":"warm-floor-cable","status":"publish","type":"product","link":"https:\/\/cheri-heater.com\/vn\/product\/warm-floor-cable\/","title":{"rendered":"C\u00e1p s\u01b0\u1edfi \u1ea5m s\u00e0n"},"content":{"rendered":"<p align=\"left\"><strong class=\"western\"><span style=\"color: #000000;\"><span style=\"font-family: Arial, sans-serif;\"><span style=\"font-size: x-large;\"><b><span style=\"font-size: medium;\">Th\u00f4ng S\u1ed1 K\u1ef9 Thu\u1eadt:<\/span><\/b><\/span><\/span><\/span><\/strong><\/p>\n<p class=\"western\" align=\"left\"><span style=\"font-size: large;\"><span style=\"font-family: Arial, sans-serif;\">T\u00ean S\u1ea3n Ph\u1ea9m: D\u00e2y s\u01b0\u1edfi s\u1ee3i carbon<\/span><\/span><\/p>\n<p class=\"western\" align=\"left\"><span style=\"font-size: large;\"><span style=\"font-family: Arial, sans-serif;\">V\u1eadt li\u1ec7u c\u00e1ch \u0111i\u1ec7n: Cao su silicon<\/span><\/span><\/p>\n<p class=\"western\" align=\"left\"><span style=\"font-size: large;\"><span style=\"font-family: Arial, sans-serif;\">Nhi\u1ec7t \u0111\u1ed9 ch\u1ecbu \u0111\u1ef1ng t\u1ed1i \u0111a: 200 \u0111\u1ed9 C<\/span><\/span><\/p>\n<p class=\"western\" align=\"left\"><span style=\"font-size: large;\"><span style=\"font-family: Arial, sans-serif;\">Nhi\u1ec7t \u0111\u1ed9 s\u01b0\u1edfi \u1ea5m: d\u1ef1a tr\u00ean chi\u1ec1u d\u00e0i s\u1eed d\u1ee5ng<\/span><\/span><\/p>\n<p class=\"western\" align=\"left\"><span style=\"font-size: large;\"><span style=\"font-family: Arial, sans-serif;\">D\u00e2y d\u1eabn s\u01b0\u1edfi \u1ea5m: 12K<\/span><\/span><\/p>\n<p class=\"western\" align=\"left\"><span style=\"font-size: large;\"><span style=\"font-family: Arial, sans-serif;\">D\u00f2ng r\u00f2: 0.05mA\/m<\/span><\/span><\/p>\n<p class=\"western\" align=\"left\"><span style=\"font-size: large;\"><span style=\"font-family: Arial, sans-serif;\">S\u1ea3n ph\u1ea9m c\u00f3 th\u1ec3 ch\u1ecbu \u0111\u01b0\u1ee3c c\u00f4ng su\u1ea5t t\u1ed1i \u0111a: 25W\/M<\/span><\/span><\/p>\n<p class=\"western\" align=\"left\"><span style=\"color: #000000;\"><span style=\"font-family: Arial, sans-serif;\"><span style=\"font-size: large;\"><span lang=\"en-US\">\u0110\u01b0\u1eddng k\u00ednh: 3\u00b10.1\u00a0MM (<\/span><\/span><\/span><\/span><span style=\"color: #000000;\"><span style=\"font-family: Arial, sans-serif;\"><span style=\"font-size: large;\"><span lang=\"en-US\"><b><strong class=\"western\">D\u00e0y h\u01a1n v\u00e0 An to\u00e0n h\u01a1n<\/strong><\/b><\/span><\/span><\/span><\/span><span style=\"color: #000000;\"><span style=\"font-family: Arial, sans-serif;\"><span style=\"font-size: large;\"><span lang=\"en-US\">)<\/span><\/span><\/span><\/span><\/p>\n<p class=\"western\" align=\"left\"><span style=\"font-size: large;\"><span style=\"font-family: Arial, sans-serif;\">M\u00e0u s\u1eafc: \u0110\u1ecf<\/span><\/span><\/p>\n<p class=\"western\" align=\"left\"><span style=\"font-size: large;\"><span style=\"font-family: Arial, sans-serif;\">B\u01b0\u1edbc s\u00f3ng h\u1ed3ng ngo\u1ea1i: 8UM-18UM<\/span><\/span><\/p>\n<p class=\"western\" align=\"left\"><span style=\"font-size: large;\"><span style=\"font-family: Arial, sans-serif;\">\u0110i\u1ec7n tr\u1edf c\u1ee7a d\u00e2y d\u1eabn: 33\u00b110% \u03a9\/m<\/span><\/span><\/p>\n<p class=\"western\" align=\"left\"><span style=\"color: #000000;\"><span style=\"font-family: Arial, sans-serif;\"><span style=\"font-size: x-large;\"><span lang=\"en-US\"><b><strong class=\"western\">C\u00e1ch t\u00ednh c\u00f4ng su\u1ea5t?<\/strong><\/b><\/span><\/span><\/span><\/span><\/p>\n<p class=\"western\" align=\"left\"><span style=\"font-size: large;\"><span style=\"font-family: Arial, sans-serif;\">\u0110i\u1ec7n \u00e1p*\u0110i\u1ec7n \u00e1p \u00f7 \u0111i\u1ec7n tr\u1edf = c\u00f4ng su\u1ea5t \u0111i\u1ec7n<\/span><\/span><\/p>\n<p class=\"western\" align=\"left\"><span style=\"font-size: large;\"><span style=\"font-family: Arial, sans-serif;\">12K = 33ohm\/meter<\/span><\/span><\/p>\n<p class=\"western\" align=\"left\"><span style=\"font-size: large;\"><span style=\"font-family: Arial, sans-serif;\">V\u00ed d\u1ee5, s\u1eed d\u1ee5ng 10m d\u00e2y s\u01b0\u1edfi s\u1ee3i carbon 12K \u1edf 220V, c\u00f4ng su\u1ea5t l\u00e0:<\/span><\/span><\/p>\n<p class=\"western\" align=\"left\"><span style=\"font-size: large;\"><span style=\"font-family: Arial, sans-serif;\">220V*220V \u00f7 (10 m\u00e9t * 33\u03a9) = 150W<\/span><\/span><\/p>\n<p class=\"western\" align=\"left\"><span style=\"font-family: Arial, sans-serif;\"><span style=\"font-size: large;\"><span lang=\"en-US\">V\u00ed d\u1ee5,\u00a0<\/span><\/span><\/span><span style=\"font-family: Arial, sans-serif;\"><span style=\"font-size: small;\"><span lang=\"en-US\">\u00a0<\/span><\/span><\/span><span style=\"font-family: Arial, sans-serif;\"><span style=\"font-size: large;\"><span lang=\"en-US\">s\u1eed d\u1ee5ng\u00a0<\/span><\/span><\/span><span style=\"font-family: Arial, sans-serif;\"><span style=\"font-size: small;\"><span lang=\"en-US\">\u00a0<\/span><\/span><\/span><span style=\"font-family: Arial, sans-serif;\"><span style=\"font-size: large;\"><span lang=\"en-US\">15m d\u00e2y s\u01b0\u1edfi s\u1ee3i carbon 12K \u1edf 220V, c\u00f4ng su\u1ea5t l\u00e0:<\/span><\/span><\/span><\/p>\n<p class=\"western\" align=\"left\"><span style=\"font-size: large;\"><span style=\"font-family: Arial, sans-serif;\">220V*220V \u00f7 (15 m\u00e9t * 33\u03a9) = 100W<\/span><\/span><\/p>\n<p class=\"western\" align=\"left\"><span style=\"font-size: large;\"><span style=\"font-family: Arial, sans-serif;\">Chi\u1ec1u d\u00e0i c\u00e0ng l\u1edbn, c\u00f4ng su\u1ea5t c\u00e0ng nh\u1ecf v\u00e0 nhi\u1ec7t \u0111\u1ed9 s\u01b0\u1edfi c\u00e0ng th\u1ea5p.<\/span><\/span><\/p>\n<p align=\"left\"><strong class=\"western\"><span style=\"color: #000000;\"><span style=\"font-family: Arial, sans-serif;\"><span style=\"font-size: x-large;\"><b><span style=\"font-size: medium;\">C\u00e2u h\u1ecfi v\u00e0 Tr\u1ea3 l\u1eddi:<\/span><\/b><\/span><\/span><\/span><\/strong><\/p>\n<p class=\"western\" align=\"left\"><span style=\"color: #000000;\"><span style=\"font-family: Arial, sans-serif;\"><span style=\"font-size: medium;\"><span lang=\"en-US\"><b><strong class=\"western\">C1:<\/strong><\/b><\/span><\/span><\/span><\/span><span style=\"color: #000000;\"><span style=\"font-family: Arial, sans-serif;\"><span style=\"font-size: medium;\"><span lang=\"en-US\"> &#8220;12K&#8221; c\u00f3 ngh\u0129a l\u00e0 g\u00ec? V\u00e0 s\u1ef1 kh\u00e1c bi\u1ec7t gi\u1eefa 12K v\u00e0 24K l\u00e0 g\u00ec?<\/span><\/span><\/span><\/span><\/p>\n<p class=\"western\" align=\"left\"><span style=\"color: #000000;\"><span style=\"font-family: Arial, sans-serif;\"><span style=\"font-size: medium;\"><span lang=\"en-US\"><b><strong class=\"western\">T1:<\/strong><\/b><\/span><\/span><\/span><\/span><span style=\"color: #000000;\"><span style=\"font-family: Arial, sans-serif;\"><span style=\"font-size: medium;\"><span lang=\"en-US\"> &#8220;K&#8221; c\u00f3 ngh\u0129a l\u00e0 m\u1ed9t ngh\u00ecn, v\u00ec v\u1eady 12K l\u00e0 12 ngh\u00ecn, c\u00f3 ngh\u0129a l\u00e0 d\u00e2y d\u1eabn c\u1ee7a d\u00e2y s\u01b0\u1edfi s\u1ee3i carbon 12K \u0111\u01b0\u1ee3c k\u1ebft h\u1ee3p v\u1edbi 12000 s\u1ee3i carbon, \u0111i\u1ec7n tr\u1edf l\u00e0 33 Ohm\/m. D\u00e2y d\u1eabn c\u1ee7a d\u00e2y c\u00e1p 24K \u0111\u01b0\u1ee3c k\u1ebft h\u1ee3p v\u1edbi 24000 s\u1ee3i carbon, \u0111i\u1ec7n tr\u1edf l\u00e0 17 Ohm\/m.<\/span><\/span><\/span><\/span><\/p>\n<p class=\"western\" align=\"left\"><span style=\"color: #000000;\"><span style=\"font-family: Arial, sans-serif;\"><span style=\"font-size: medium;\"><span lang=\"en-US\"><b><strong class=\"western\">C2:<\/strong><\/b><\/span><\/span><\/span><\/span><span style=\"color: #000000;\"><span style=\"font-family: Arial, sans-serif;\"><span style=\"font-size: medium;\"><span lang=\"en-US\"> S\u1ef1 kh\u00e1c bi\u1ec7t gi\u1eefa v\u1ecf cao su v\u00e0 v\u1ecf Teflon l\u00e0 g\u00ec?<\/span><\/span><\/span><\/span><\/p>\n<p class=\"western\" align=\"left\"><span style=\"color: #000000;\"><span style=\"font-family: Arial, sans-serif;\"><span style=\"font-size: medium;\"><span lang=\"en-US\"><b><strong class=\"western\">T2:<\/strong><\/b><\/span><\/span><\/span><\/span><span style=\"color: #000000;\"><span style=\"font-family: Arial, sans-serif;\"><span style=\"font-size: medium;\"><span lang=\"en-US\"> 1. V\u1ecf cao su linh ho\u1ea1t h\u01a1n v\u00e0 d\u00e0y h\u01a1n. S\u1ebd c\u00f3 m\u1ed9t ch\u00fat m\u00f9i, v\u00e0 m\u00f9i s\u1ebd bi\u1ebfn m\u1ea5t sau v\u00e0i ng\u00e0y s\u1eed d\u1ee5ng.<\/span><\/span><\/span><\/span><\/p>\n<p class=\"western\" align=\"left\">\u00a0\u00a0\u00a0\u00a0\u00a0\u00a0 <span style=\"font-family: Arial, sans-serif;\"><span style=\"font-size: medium;\">2. V\u1ecf Teflon c\u1ee9ng h\u01a1n v\u00e0 m\u1ecfng h\u01a1n so v\u1edbi v\u1ecf cao su, nh\u01b0ng kh\u00f4ng c\u00f3 m\u00f9i v\u00e0 c\u00f3 t\u00ednh n\u0103ng ch\u1ed1ng \u0103n m\u00f2n t\u1ed1t.<\/span><\/span><\/p>\n<p class=\"western\" align=\"left\"><span style=\"color: #000000;\"><span style=\"font-family: Arial, sans-serif;\"><span style=\"font-size: medium;\"><span lang=\"en-US\"><b><strong class=\"western\">C3:\u00a0<\/strong><\/b><\/span><\/span><\/span><\/span><span style=\"color: #000000;\"><span style=\"font-family: Arial, sans-serif;\"><span style=\"font-size: medium;\"><span lang=\"en-US\">C\u00f4ng su\u1ea5t c\u1ee7a d\u00e2y c\u00e1p l\u00e0 bao nhi\u00eau? V\u00e0 nhi\u1ec7t \u0111\u1ed9 s\u01b0\u1edfi \u1ea5m l\u00e0 bao nhi\u00eau?<\/span><\/span><\/span><\/span><\/p>\n<p class=\"western\" align=\"left\"><span style=\"color: #000000;\"><span style=\"font-family: Arial, sans-serif;\"><span style=\"font-size: medium;\"><span lang=\"en-US\"><b><strong class=\"western\">T3:<\/strong><\/b><\/span><\/span><\/span><\/span><span style=\"color: #000000;\"><span style=\"font-family: Arial, sans-serif;\"><span style=\"font-size: medium;\"><span lang=\"en-US\"> 1. C\u00f4ng su\u1ea5t c\u1ee7a d\u00e2y c\u00e1p d\u1ef1a tr\u00ean chi\u1ec1u d\u00e0i b\u1ea1n s\u1eed d\u1ee5ng, b\u1ea1n c\u00f3 th\u1ec3 t\u00ednh c\u00f4ng su\u1ea5t theo c\u00e1c v\u00ed d\u1ee5 tr\u00ean.<\/span><\/span><\/span><\/span><\/p>\n<p class=\"western\" align=\"left\">\u00a0\u00a0\u00a0\u00a0\u00a0\u00a0 <span style=\"font-family: Arial, sans-serif;\"><span style=\"font-size: medium;\">2. C\u00f4ng su\u1ea5t = 5W\/m, nhi\u1ec7t \u0111\u1ed9 kho\u1ea3ng 30~40 \u0111\u1ed9 C;<\/span><\/span><\/p>\n<p class=\"western\" align=\"left\">\u00a0\u00a0\u00a0\u00a0\u00a0\u00a0\u00a0\u00a0\u00a0\u00a0 <span style=\"font-family: Arial, sans-serif;\"><span style=\"font-size: medium;\">C\u00f4ng su\u1ea5t = 10W\/m, nhi\u1ec7t \u0111\u1ed9 kho\u1ea3ng 40~50 \u0111\u1ed9 C;<\/span><\/span><\/p>\n<p class=\"western\" align=\"left\">\u00a0\u00a0\u00a0\u00a0\u00a0\u00a0\u00a0\u00a0\u00a0\u00a0 <span style=\"font-family: Arial, sans-serif;\"><span style=\"font-size: medium;\">C\u00f4ng su\u1ea5t = 15W\/m, nhi\u1ec7t \u0111\u1ed9 kho\u1ea3ng 50~60 \u0111\u1ed9 C;<\/span><\/span><\/p>\n<p class=\"western\" align=\"left\">\u00a0\u00a0\u00a0\u00a0\u00a0\u00a0\u00a0\u00a0\u00a0\u00a0 <span style=\"font-family: Arial, sans-serif;\"><span style=\"font-size: medium;\">C\u00f4ng su\u1ea5t = 20W\/m, nhi\u1ec7t \u0111\u1ed9 kho\u1ea3ng 60~70 \u0111\u1ed9 C;<\/span><\/span><\/p>\n<p class=\"western\" align=\"left\">\u00a0\u00a0\u00a0\u00a0\u00a0\u00a0\u00a0\u00a0\u00a0\u00a0 <span style=\"font-family: Arial, sans-serif;\"><span style=\"font-size: medium;\">C\u00f4ng su\u1ea5t = 25W\/m, nhi\u1ec7t \u0111\u1ed9 kho\u1ea3ng 70~90 \u0111\u1ed9 C. Xin l\u01b0u \u00fd r\u1eb1ng \u0111\u00e2y ch\u1ec9 l\u00e0 tham kh\u1ea3o, kh\u00f4ng ho\u00e0n to\u00e0n ch\u00ednh x\u00e1c do c\u00e1c \u0111i\u1ec1u ki\u1ec7n th\u1eed nghi\u1ec7m kh\u00e1c nhau.<\/span><\/span><\/p>\n<p align=\"left\"><img fetchpriority=\"high\" decoding=\"async\" class=\"aligncenter size-full wp-image-1018\" src=\"http:\/\/cheri-heater.com\/vn\/wp-content\/uploads\/2024\/06\/description-2.jpg\" alt=\"\" width=\"720\" height=\"498\" srcset=\"https:\/\/cheri-heater.com\/vn\/wp-content\/uploads\/2024\/06\/description-2.jpg 720w, https:\/\/cheri-heater.com\/vn\/wp-content\/uploads\/2024\/06\/description-2-600x415.jpg 600w, https:\/\/cheri-heater.com\/vn\/wp-content\/uploads\/2024\/06\/description-2-300x208.jpg 300w\" sizes=\"(max-width: 720px) 100vw, 720px\" \/><\/p>\n<p align=\"left\"><img decoding=\"async\" class=\"aligncenter size-full wp-image-1019 lazyload\" data-src=\"http:\/\/cheri-heater.com\/vn\/wp-content\/uploads\/2024\/06\/description2-3.jpg\" alt=\"\" width=\"1000\" height=\"857\" data-srcset=\"https:\/\/cheri-heater.com\/vn\/wp-content\/uploads\/2024\/06\/description2-3.jpg 1000w, https:\/\/cheri-heater.com\/vn\/wp-content\/uploads\/2024\/06\/description2-3-600x514.jpg 600w, https:\/\/cheri-heater.com\/vn\/wp-content\/uploads\/2024\/06\/description2-3-300x257.jpg 300w, https:\/\/cheri-heater.com\/vn\/wp-content\/uploads\/2024\/06\/description2-3-768x658.jpg 768w\" data-sizes=\"(max-width: 1000px) 100vw, 1000px\" src=\"data:image\/svg+xml;base64,PHN2ZyB3aWR0aD0iMSIgaGVpZ2h0PSIxIiB4bWxucz0iaHR0cDovL3d3dy53My5vcmcvMjAwMC9zdmciPjwvc3ZnPg==\" style=\"--smush-placeholder-width: 1000px; --smush-placeholder-aspect-ratio: 1000\/857;\" \/><\/p>\n","protected":false},"excerpt":{"rendered":"<p>Th\u00f4ng S\u1ed1 K\u1ef9 Thu\u1eadt: T\u00ean S\u1ea3n Ph\u1ea9m: D\u00e2y s\u01b0\u1edfi s\u1ee3i carbon V\u1eadt li\u1ec7u c\u00e1ch \u0111i\u1ec7n: Cao su silicon Nhi\u1ec7t \u0111\u1ed9 ch\u1ecbu \u0111\u1ef1ng t\u1ed1i \u0111a: 200 \u0111\u1ed9 C Nhi\u1ec7t \u0111\u1ed9 s\u01b0\u1edfi \u1ea5m: d\u1ef1a tr\u00ean chi\u1ec1u d\u00e0i s\u1eed d\u1ee5ng D\u00e2y d\u1eabn s\u01b0\u1edfi \u1ea5m: 12K D\u00f2ng r\u00f2: 0.05mA\/m S\u1ea3n ph\u1ea9m c\u00f3 th\u1ec3 ch\u1ecbu \u0111\u01b0\u1ee3c c\u00f4ng su\u1ea5t t\u1ed1i \u0111a: [&hellip;]<\/p>\n","protected":false},"featured_media":1017,"template":"","meta":[],"product_brand":[],"product_cat":[22],"product_tag":[156],"class_list":{"0":"post-1014","1":"product","2":"type-product","3":"status-publish","4":"has-post-thumbnail","6":"product_cat-heating-cable","7":"product_tag-warm-floor-cable","9":"first","10":"instock","11":"shipping-taxable","12":"product-type-simple"},"yoast_head":"<!-- This site is optimized with the Yoast SEO plugin v27.5 - https:\/\/yoast.com\/product\/yoast-seo-wordpress\/ -->\n<title>C\u00e1c Nh\u00e0 S\u1ea3n Xu\u1ea5t C\u00e1p S\u01b0\u1edfi S\u00e0n Cao C\u1ea5p | Cheri-heater.com<\/title>\n<meta name=\"description\" content=\"C\u00e1p s\u01b0\u1edfi s\u00e0n cao c\u1ea5p cho h\u1ec7 th\u1ed1ng s\u01b0\u1edfi d\u01b0\u1edbi s\u00e0n hi\u1ec7u qu\u1ea3. C\u00e1p ch\u1ea5t l\u01b0\u1ee3ng cao c\u1ee7a ch\u00fang t\u00f4i \u0111\u1ea3m b\u1ea3o ph\u00e2n ph\u1ed1i nhi\u1ec7t \u0111\u1ec1u v\u00e0 ti\u1ebft ki\u1ec7m n\u0103ng l\u01b0\u1ee3ng, t\u1ea1o n\u00ean kh\u00f4ng gian s\u1ed1ng \u1ea5m \u00e1p v\u00e0 tho\u1ea3i m\u00e1i. Li\u00ean h\u1ec7 v\u1edbi ch\u00fang t\u00f4i ngay h\u00f4m nay \u0111\u1ec3 \u0111\u01b0\u1ee3c l\u1eafp \u0111\u1eb7t v\u00e0 h\u1ed7 tr\u1ee3 chuy\u00ean nghi\u1ec7p!\" \/>\n<meta name=\"robots\" content=\"index, follow, max-snippet:-1, max-image-preview:large, max-video-preview:-1\" \/>\n<link rel=\"canonical\" href=\"https:\/\/cheri-heater.com\/vn\/product\/warm-floor-cable\/\" \/>\n<meta property=\"og:locale\" content=\"en_US\" \/>\n<meta property=\"og:type\" content=\"article\" \/>\n<meta property=\"og:title\" content=\"C\u00e1c Nh\u00e0 S\u1ea3n Xu\u1ea5t C\u00e1p S\u01b0\u1edfi S\u00e0n Cao C\u1ea5p | Cheri-heater.com\" \/>\n<meta property=\"og:description\" content=\"C\u00e1p s\u01b0\u1edfi s\u00e0n cao c\u1ea5p cho h\u1ec7 th\u1ed1ng s\u01b0\u1edfi d\u01b0\u1edbi s\u00e0n hi\u1ec7u qu\u1ea3. C\u00e1p ch\u1ea5t l\u01b0\u1ee3ng cao c\u1ee7a ch\u00fang t\u00f4i \u0111\u1ea3m b\u1ea3o ph\u00e2n ph\u1ed1i nhi\u1ec7t \u0111\u1ec1u v\u00e0 ti\u1ebft ki\u1ec7m n\u0103ng l\u01b0\u1ee3ng, t\u1ea1o n\u00ean kh\u00f4ng gian s\u1ed1ng \u1ea5m \u00e1p v\u00e0 tho\u1ea3i m\u00e1i. Li\u00ean h\u1ec7 v\u1edbi ch\u00fang t\u00f4i ngay h\u00f4m nay \u0111\u1ec3 \u0111\u01b0\u1ee3c l\u1eafp \u0111\u1eb7t v\u00e0 h\u1ed7 tr\u1ee3 chuy\u00ean nghi\u1ec7p!\" \/>\n<meta property=\"og:url\" content=\"https:\/\/cheri-heater.com\/vn\/product\/warm-floor-cable\/\" \/>\n<meta property=\"og:site_name\" content=\"Cheri Heater Technology Co.,Ltd.\" \/>\n<meta property=\"article:modified_time\" content=\"2024-07-28T02:51:04+00:00\" \/>\n<meta property=\"og:image\" content=\"http:\/\/cheri-heater.com\/vn\/wp-content\/uploads\/2024\/06\/H725fe4e01ae94c68b8d1262a9d01f9afU-1.jpg_720x720q50-1.jpg\" \/>\n\t<meta property=\"og:image:width\" content=\"720\" \/>\n\t<meta property=\"og:image:height\" content=\"720\" \/>\n\t<meta property=\"og:image:type\" content=\"image\/jpeg\" \/>\n<meta name=\"twitter:card\" content=\"summary_large_image\" \/>\n<meta name=\"twitter:label1\" content=\"Est. reading time\" \/>\n\t<meta name=\"twitter:data1\" content=\"2 minutes\" \/>\n<!-- \/ Yoast SEO plugin. -->","yoast_head_json":{"title":"C\u00e1c Nh\u00e0 S\u1ea3n Xu\u1ea5t C\u00e1p S\u01b0\u1edfi S\u00e0n Cao C\u1ea5p | Cheri-heater.com","description":"C\u00e1p s\u01b0\u1edfi s\u00e0n cao c\u1ea5p cho h\u1ec7 th\u1ed1ng s\u01b0\u1edfi d\u01b0\u1edbi s\u00e0n hi\u1ec7u qu\u1ea3. C\u00e1p ch\u1ea5t l\u01b0\u1ee3ng cao c\u1ee7a ch\u00fang t\u00f4i \u0111\u1ea3m b\u1ea3o ph\u00e2n ph\u1ed1i nhi\u1ec7t \u0111\u1ec1u v\u00e0 ti\u1ebft ki\u1ec7m n\u0103ng l\u01b0\u1ee3ng, t\u1ea1o n\u00ean kh\u00f4ng gian s\u1ed1ng \u1ea5m \u00e1p v\u00e0 tho\u1ea3i m\u00e1i. Li\u00ean h\u1ec7 v\u1edbi ch\u00fang t\u00f4i ngay h\u00f4m nay \u0111\u1ec3 \u0111\u01b0\u1ee3c l\u1eafp \u0111\u1eb7t v\u00e0 h\u1ed7 tr\u1ee3 chuy\u00ean nghi\u1ec7p!","robots":{"index":"index","follow":"follow","max-snippet":"max-snippet:-1","max-image-preview":"max-image-preview:large","max-video-preview":"max-video-preview:-1"},"canonical":"https:\/\/cheri-heater.com\/vn\/product\/warm-floor-cable\/","og_locale":"en_US","og_type":"article","og_title":"C\u00e1c Nh\u00e0 S\u1ea3n Xu\u1ea5t C\u00e1p S\u01b0\u1edfi S\u00e0n Cao C\u1ea5p | Cheri-heater.com","og_description":"C\u00e1p s\u01b0\u1edfi s\u00e0n cao c\u1ea5p cho h\u1ec7 th\u1ed1ng s\u01b0\u1edfi d\u01b0\u1edbi s\u00e0n hi\u1ec7u qu\u1ea3. C\u00e1p ch\u1ea5t l\u01b0\u1ee3ng cao c\u1ee7a ch\u00fang t\u00f4i \u0111\u1ea3m b\u1ea3o ph\u00e2n ph\u1ed1i nhi\u1ec7t \u0111\u1ec1u v\u00e0 ti\u1ebft ki\u1ec7m n\u0103ng l\u01b0\u1ee3ng, t\u1ea1o n\u00ean kh\u00f4ng gian s\u1ed1ng \u1ea5m \u00e1p v\u00e0 tho\u1ea3i m\u00e1i. Li\u00ean h\u1ec7 v\u1edbi ch\u00fang t\u00f4i ngay h\u00f4m nay \u0111\u1ec3 \u0111\u01b0\u1ee3c l\u1eafp \u0111\u1eb7t v\u00e0 h\u1ed7 tr\u1ee3 chuy\u00ean nghi\u1ec7p!","og_url":"https:\/\/cheri-heater.com\/vn\/product\/warm-floor-cable\/","og_site_name":"Cheri Heater Technology Co.,Ltd.","article_modified_time":"2024-07-28T02:51:04+00:00","og_image":[{"width":720,"height":720,"url":"http:\/\/cheri-heater.com\/vn\/wp-content\/uploads\/2024\/06\/H725fe4e01ae94c68b8d1262a9d01f9afU-1.jpg_720x720q50-1.jpg","type":"image\/jpeg"}],"twitter_card":"summary_large_image","twitter_misc":{"Est. reading time":"2 minutes"},"schema":{"@context":"https:\/\/schema.org","@graph":[{"@type":"WebPage","@id":"https:\/\/cheri-heater.com\/vn\/product\/warm-floor-cable\/","url":"https:\/\/cheri-heater.com\/vn\/product\/warm-floor-cable\/","name":"C\u00e1c Nh\u00e0 S\u1ea3n Xu\u1ea5t C\u00e1p S\u01b0\u1edfi S\u00e0n Cao C\u1ea5p | Cheri-heater.com","isPartOf":{"@id":"https:\/\/cheri-heater.com\/vn\/#website"},"primaryImageOfPage":{"@id":"https:\/\/cheri-heater.com\/vn\/product\/warm-floor-cable\/#primaryimage"},"image":{"@id":"https:\/\/cheri-heater.com\/vn\/product\/warm-floor-cable\/#primaryimage"},"thumbnailUrl":"https:\/\/cheri-heater.com\/vn\/wp-content\/uploads\/2024\/06\/H725fe4e01ae94c68b8d1262a9d01f9afU-1.jpg_720x720q50-1.jpg","datePublished":"2024-06-04T18:28:49+00:00","dateModified":"2024-07-28T02:51:04+00:00","description":"C\u00e1p s\u01b0\u1edfi s\u00e0n cao c\u1ea5p cho h\u1ec7 th\u1ed1ng s\u01b0\u1edfi d\u01b0\u1edbi s\u00e0n hi\u1ec7u qu\u1ea3. C\u00e1p ch\u1ea5t l\u01b0\u1ee3ng cao c\u1ee7a ch\u00fang t\u00f4i \u0111\u1ea3m b\u1ea3o ph\u00e2n ph\u1ed1i nhi\u1ec7t \u0111\u1ec1u v\u00e0 ti\u1ebft ki\u1ec7m n\u0103ng l\u01b0\u1ee3ng, t\u1ea1o n\u00ean kh\u00f4ng gian s\u1ed1ng \u1ea5m \u00e1p v\u00e0 tho\u1ea3i m\u00e1i. Li\u00ean h\u1ec7 v\u1edbi ch\u00fang t\u00f4i ngay h\u00f4m nay \u0111\u1ec3 \u0111\u01b0\u1ee3c l\u1eafp \u0111\u1eb7t v\u00e0 h\u1ed7 tr\u1ee3 chuy\u00ean nghi\u1ec7p!","breadcrumb":{"@id":"https:\/\/cheri-heater.com\/vn\/product\/warm-floor-cable\/#breadcrumb"},"inLanguage":"en-US","potentialAction":[{"@type":"ReadAction","target":["https:\/\/cheri-heater.com\/vn\/product\/warm-floor-cable\/"]}]},{"@type":"ImageObject","inLanguage":"en-US","@id":"https:\/\/cheri-heater.com\/vn\/product\/warm-floor-cable\/#primaryimage","url":"https:\/\/cheri-heater.com\/vn\/wp-content\/uploads\/2024\/06\/H725fe4e01ae94c68b8d1262a9d01f9afU-1.jpg_720x720q50-1.jpg","contentUrl":"https:\/\/cheri-heater.com\/vn\/wp-content\/uploads\/2024\/06\/H725fe4e01ae94c68b8d1262a9d01f9afU-1.jpg_720x720q50-1.jpg","width":720,"height":720},{"@type":"BreadcrumbList","@id":"https:\/\/cheri-heater.com\/vn\/product\/warm-floor-cable\/#breadcrumb","itemListElement":[{"@type":"ListItem","position":1,"name":"Home","item":"https:\/\/cheri-heater.com\/vn\/"},{"@type":"ListItem","position":2,"name":"Products","item":"https:\/\/cheri-heater.com\/vn\/products\/"},{"@type":"ListItem","position":3,"name":"C\u00e1p s\u01b0\u1edfi \u1ea5m s\u00e0n"}]},{"@type":"WebSite","@id":"https:\/\/cheri-heater.com\/vn\/#website","url":"https:\/\/cheri-heater.com\/vn\/","name":"Cheri Heater Technology Co.,Ltd.","description":"","publisher":{"@id":"https:\/\/cheri-heater.com\/vn\/#organization"},"potentialAction":[{"@type":"SearchAction","target":{"@type":"EntryPoint","urlTemplate":"https:\/\/cheri-heater.com\/vn\/?s={search_term_string}"},"query-input":{"@type":"PropertyValueSpecification","valueRequired":true,"valueName":"search_term_string"}}],"inLanguage":"en-US"},{"@type":"Organization","@id":"https:\/\/cheri-heater.com\/vn\/#organization","name":"Cheri Heater Technology Co.,Ltd.","url":"https:\/\/cheri-heater.com\/vn\/","logo":{"@type":"ImageObject","inLanguage":"en-US","@id":"https:\/\/cheri-heater.com\/vn\/#\/schema\/logo\/image\/","url":"https:\/\/cheri-heater.com\/vn\/wp-content\/uploads\/2024\/06\/cropped-logo-resize.png","contentUrl":"https:\/\/cheri-heater.com\/vn\/wp-content\/uploads\/2024\/06\/cropped-logo-resize.png","width":346,"height":99,"caption":"Cheri Heater Technology Co.,Ltd."},"image":{"@id":"https:\/\/cheri-heater.com\/vn\/#\/schema\/logo\/image\/"}}]}},"_links":{"self":[{"href":"https:\/\/cheri-heater.com\/vn\/wp-json\/wp\/v2\/product\/1014","targetHints":{"allow":["GET"]}}],"collection":[{"href":"https:\/\/cheri-heater.com\/vn\/wp-json\/wp\/v2\/product"}],"about":[{"href":"https:\/\/cheri-heater.com\/vn\/wp-json\/wp\/v2\/types\/product"}],"wp:featuredmedia":[{"embeddable":true,"href":"https:\/\/cheri-heater.com\/vn\/wp-json\/wp\/v2\/media\/1017"}],"wp:attachment":[{"href":"https:\/\/cheri-heater.com\/vn\/wp-json\/wp\/v2\/media?parent=1014"}],"wp:term":[{"taxonomy":"product_brand","embeddable":true,"href":"https:\/\/cheri-heater.com\/vn\/wp-json\/wp\/v2\/product_brand?post=1014"},{"taxonomy":"product_cat","embeddable":true,"href":"https:\/\/cheri-heater.com\/vn\/wp-json\/wp\/v2\/product_cat?post=1014"},{"taxonomy":"product_tag","embeddable":true,"href":"https:\/\/cheri-heater.com\/vn\/wp-json\/wp\/v2\/product_tag?post=1014"}],"curies":[{"name":"wp","href":"https:\/\/api.w.org\/{rel}","templated":true}]}}