{"id":1020,"date":"2024-06-04T18:32:03","date_gmt":"2024-06-04T18:32:03","guid":{"rendered":"https:\/\/cheri-heater.com\/vn\/?post_type=product&#038;p=1020"},"modified":"2024-07-28T03:00:40","modified_gmt":"2024-07-28T03:00:40","slug":"mica-heat-proof-cable","status":"publish","type":"product","link":"https:\/\/cheri-heater.com\/vn\/product\/mica-heat-proof-cable\/","title":{"rendered":"C\u00e1p ch\u1ecbu nhi\u1ec7t mica"},"content":{"rendered":"<p align=\"left\"><strong class=\"western\"><span style=\"color: #333333;\"><span style=\"font-family: Arial, sans-serif;\"><span style=\"font-size: large;\"><b><span style=\"font-size: medium;\">Th\u00f4ng s\u1ed1 k\u1ef9 thu\u1eadt<\/span><\/b><\/span><\/span><\/span><\/strong><span style=\"color: #333333;\">\u00a0<\/span><\/p>\n<table cellspacing=\"0\" cellpadding=\"2\">\n<tbody>\n<tr>\n<td bgcolor=\"#ffffff\" height=\"24\">\n<p class=\"western\" align=\"center\"><span style=\"font-family: Arial, sans-serif;\"><span style=\"font-size: large;\"><span lang=\"en-US\"><b><strong class=\"western\">T\u00ean<\/strong><\/b><\/span><\/span><\/span><\/p>\n<\/td>\n<td bgcolor=\"#ffffff\">\n<p class=\"western\" align=\"center\"><span style=\"font-family: Arial, sans-serif;\"><span style=\"font-size: large;\"><span lang=\"en-US\"><b><strong class=\"western\">Nhi\u1ec7t \u0111\u1ed9 s\u1eed d\u1ee5ng<\/strong><\/b><\/span><\/span><\/span><\/p>\n<\/td>\n<td bgcolor=\"#ffffff\">\n<p class=\"western\" align=\"center\"><span style=\"font-family: Arial, sans-serif;\"><span style=\"font-size: large;\"><span lang=\"en-US\"><b><strong class=\"western\">V\u1eadt li\u1ec7u d\u1eabn<\/strong><\/b><\/span><\/span><\/span><\/p>\n<\/td>\n<td bgcolor=\"#ffffff\">\n<p class=\"western\" align=\"center\"><span style=\"font-family: Arial, sans-serif;\"><span style=\"font-size: large;\"><span lang=\"en-US\"><b><strong class=\"western\">V\u1eadt li\u1ec7u c\u00e1ch \u0111i\u1ec7n<\/strong><\/b><\/span><\/span><\/span><\/p>\n<\/td>\n<\/tr>\n<tr>\n<td bgcolor=\"#ffffff\" height=\"20\">\n<p align=\"center\"><span style=\"font-size: medium;\"><span style=\"font-family: Arial, sans-serif;\">GN 500<\/span><\/span><\/p>\n<\/td>\n<td bgcolor=\"#ffffff\">\n<p class=\"western\" align=\"center\"><span style=\"font-size: medium;\"><span style=\"font-family: Arial, sans-serif;\">500\u00b0C<\/span><\/span><\/p>\n<\/td>\n<td bgcolor=\"#ffffff\">\n<p class=\"western\" align=\"center\"><span style=\"font-size: medium;\"><span style=\"font-family: Arial, sans-serif;\">D\u00e2y \u0111\u1ed3ng nguy\u00ean ch\u1ea5t<\/span><\/span><\/p>\n<\/td>\n<td bgcolor=\"#ffffff\">\n<p class=\"western\" align=\"center\"><span style=\"font-size: medium;\"><span style=\"font-family: Arial, sans-serif;\">S\u1ee3i th\u1ee7y tinh + b\u0103ng mica + s\u1ee3i th\u1ee7y tinh<\/span><\/span><\/p>\n<\/td>\n<\/tr>\n<tr>\n<td bgcolor=\"#ffffff\" height=\"44\">\n<p class=\"western\" align=\"center\"><span style=\"font-size: medium;\"><span style=\"font-family: Arial, sans-serif;\">GN 600<\/span><\/span><\/p>\n<\/td>\n<td bgcolor=\"#ffffff\">\n<p class=\"western\" align=\"center\"><span style=\"font-size: medium;\"><span style=\"font-family: Arial, sans-serif;\">600\u00b0C<\/span><\/span><\/p>\n<\/td>\n<td bgcolor=\"#ffffff\">\n<p class=\"western\" align=\"center\"><span style=\"font-size: medium;\"><span style=\"font-family: Arial, sans-serif;\">D\u00e2y \u0111\u1ed3ng m\u1ea1 niken<\/span><\/span><\/p>\n<\/td>\n<td bgcolor=\"#ffffff\">\n<p class=\"western\" align=\"center\"><span style=\"font-size: medium;\"><span style=\"font-family: Verdana;\">S\u1ee3i th\u1ee7y tinh + b\u0103ng mica + s\u1ee3i th\u1ee7y tinh<\/span><\/span><\/p>\n<\/td>\n<\/tr>\n<tr>\n<td bgcolor=\"#ffffff\" height=\"20\">\n<p class=\"western\" align=\"center\"><span style=\"font-size: medium;\"><span style=\"font-family: Arial, sans-serif;\">GN 800<\/span><\/span><\/p>\n<\/td>\n<td bgcolor=\"#ffffff\">\n<p class=\"western\" align=\"center\"><span style=\"font-size: medium;\"><span style=\"font-family: Arial, sans-serif;\">800\u00b0C<\/span><\/span><\/p>\n<\/td>\n<td bgcolor=\"#ffffff\">\n<p class=\"western\" align=\"center\"><span style=\"font-size: medium;\"><span style=\"font-family: Arial, sans-serif;\">D\u00e2y niken nguy\u00ean ch\u1ea5t<\/span><\/span><\/p>\n<td bgcolor=\"#ffffff\">\n<p class=\"western\" align=\"center\"><span style=\"font-size: medium;\"><span style=\"font-family: Verdana;\">S\u1ee3i th\u1ee7y tinh + b\u0103ng mica + s\u1ee3i th\u1ee7y tinh<\/span><\/span><\/p>\n<\/tr>\n<tr>\n<td bgcolor=\"#ffffff\" height=\"43\">\n<p class=\"western\" align=\"center\"><span style=\"font-size: medium;\"><span style=\"font-family: Arial, sans-serif;\">GN 1000<\/span><\/span><\/p>\n<\/td>\n<td bgcolor=\"#ffffff\">\n<p class=\"western\" align=\"center\"><span style=\"font-size: medium;\"><span style=\"font-family: Arial, sans-serif;\">1000\u00b0C<\/span><\/span><\/p>\n<\/td>\n<td bgcolor=\"#ffffff\">\n<p class=\"western\" align=\"center\"><span style=\"font-size: medium;\"><span style=\"font-family: Arial, sans-serif;\">D\u00e2y niken nguy\u00ean ch\u1ea5t ch\u1ecbu nhi\u1ec7t \u0111\u1ed9 cao<\/span><\/span><\/p>\n<td bgcolor=\"#ffffff\">\n<p class=\"western\" align=\"center\"><span style=\"font-size: medium;\"><span style=\"font-family: Verdana;\">S\u1ee3i g\u1ed1m + b\u0103ng mica + s\u1ee3i g\u1ed1m<\/span><\/span><\/p>\n<\/tr>\n<\/tbody>\n<\/table>\n<p><img decoding=\"async\" class=\"aligncenter size-full wp-image-1027 lazyload\" data-src=\"http:\/\/cheri-heater.com\/vn\/wp-content\/uploads\/2024\/06\/13723875654_740155133.jpg\" alt=\"\" height=\"208\" data-srcset=\"https:\/\/cheri-heater.com\/vn\/wp-content\/uploads\/2024\/06\/13723875654_740155133.jpg 793w, https:\/\/cheri-heater.com\/vn\/wp-content\/uploads\/2024\/06\/13723875654_740155133-600x157.jpg 600w, https:\/\/cheri-heater.com\/vn\/wp-content\/uploads\/2024\/06\/13723875654_740155133-300x79.jpg 300w, https:\/\/cheri-heater.com\/vn\/wp-content\/uploads\/2024\/06\/13723875654_740155133-768x201.jpg 768w\" data-sizes=\"(max-width: 793px) 100vw, 793px\" src=\"data:image\/svg+xml;base64,PHN2ZyB3aWR0aD0iMSIgaGVpZ2h0PSIxIiB4bWxucz0iaHR0cDovL3d3dy53My5vcmcvMjAwMC9zdmciPjwvc3ZnPg==\" style=\"--smush-placeholder-width: 793px; --smush-placeholder-aspect-ratio: 793\/208;\" \/><br \/>\n<img decoding=\"async\" class=\"aligncenter size-full wp-image-1028 lazyload\" data-src=\"http:\/\/cheri-heater.com\/vn\/wp-content\/uploads\/2024\/06\/O1CN01a2Xfgz1Mzn7NP0lmx_6000000001506-0-cib.jpg_Q75_\u526f\u672c.jpg\" alt=\"\" height=\"497\" data-srcset=\"https:\/\/cheri-heater.com\/vn\/wp-content\/uploads\/2024\/06\/O1CN01a2Xfgz1Mzn7NP0lmx_6000000001506-0-cib.jpg_Q75_\u526f\u672c.jpg 447w, https:\/\/cheri-heater.com\/vn\/wp-content\/uploads\/2024\/06\/O1CN01a2Xfgz1Mzn7NP0lmx_6000000001506-0-cib.jpg_Q75_\u526f\u672c-270x300.jpg 270w\" data-sizes=\"(max-width: 447px) 100vw, 447px\" src=\"data:image\/svg+xml;base64,PHN2ZyB3aWR0aD0iMSIgaGVpZ2h0PSIxIiB4bWxucz0iaHR0cDovL3d3dy53My5vcmcvMjAwMC9zdmciPjwvc3ZnPg==\" style=\"--smush-placeholder-width: 447px; --smush-placeholder-aspect-ratio: 447\/497;\" \/><\/p>\n","protected":false},"excerpt":{"rendered":"<h1><span style=\"color: #000000;\">Nh\u00e0 S\u1ea3n Xu\u1ea5t C\u00e1p Ch\u1ed1ng Nhi\u1ec7t Mica Ch\u1ea5t L\u01b0\u1ee3ng Cao<\/span><\/h1>\n<p><span style=\"color: #000000;\">C\u00f4ng ty TNHH C\u00f4ng ngh\u1ec7 Cheri Heater \u0111\u00e3 \u0111i \u0111\u1ea7u trong vi\u1ec7c cung c\u1ea5p c\u00e1c gi\u1ea3i ph\u00e1p s\u01b0\u1edfi c\u00f4ng nghi\u1ec7p cao c\u1ea5p t\u1eeb n\u0103m 2003. D\u00f2ng s\u1ea3n ph\u1ea9m \u0111a d\u1ea1ng c\u1ee7a ch\u00fang t\u00f4i bao g\u1ed3m C\u00e1p Ch\u1ed1ng Nhi\u1ec7t Mica nhi\u1ec7t \u0111\u1ed9 cao \u0111\u01b0\u1ee3c thi\u1ebft k\u1ebf \u0111\u1ec3 \u0111\u00e1p \u1ee9ng c\u00e1c y\u00eau c\u1ea7u kh\u1eaft khe c\u1ee7a m\u00f4i tr\u01b0\u1eddng c\u00f4ng nghi\u1ec7p.<\/span><\/p>\n<h2><span style=\"color: #000000;\">D\u1eabn \u0110\u1ea7u Ng\u00e0nh C\u00f4ng Nghi\u1ec7p V\u1edbi C\u00e1p Ch\u1ed1ng Nhi\u1ec7t Mica<\/span><\/h2>\n<p><span style=\"color: #000000;\">T\u1ea1i Cheri Heater, ch\u00fang t\u00f4i hi\u1ec3u t\u1ea7m quan tr\u1ecdng thi\u1ebft y\u1ebfu c\u1ee7a \u0111\u1ed9 tin c\u1eady v\u00e0 hi\u1ec7u su\u1ea5t trong c\u00e1c \u1ee9ng d\u1ee5ng c\u00f4ng nghi\u1ec7p. C\u00e1c C\u00e1p Ch\u1ed1ng Nhi\u1ec7t Mica c\u1ee7a ch\u00fang t\u00f4i \u0111\u01b0\u1ee3c ch\u1ebf t\u1ea1o t\u1ec9 m\u1ec9 \u0111\u1ec3 ch\u1ecbu \u0111\u01b0\u1ee3c nhi\u1ec7t \u0111\u1ed9 c\u1ef1c cao, l\u00e0 l\u1ef1a ch\u1ecdn l\u00fd t\u01b0\u1edfng cho c\u00e1c \u1ee9ng d\u1ee5ng trong luy\u1ec7n kim v\u00e0 c\u00e1c m\u00f4i tr\u01b0\u1eddng chuy\u00ean d\u1ee5ng kh\u00e1c. B\u1eb1ng c\u00e1ch t\u1eadn d\u1ee5ng kh\u1ea3 n\u0103ng c\u1eaft, t\u1ea1o h\u00ecnh, gia c\u00f4ng, ni\u00eam phong v\u00e0 ho\u00e0n thi\u1ec7n n\u1ed9i b\u1ed9, ch\u00fang t\u00f4i li\u00ean t\u1ee5c s\u1ea3n xu\u1ea5t c\u00e1c C\u00e1p Ch\u1ed1ng Nhi\u1ec7t Mica c\u00f3 hi\u1ec7u su\u1ea5t v\u00e0 \u0111\u1ed9 b\u1ec1n \u1ed5n \u0111\u1ecbnh.<\/span><\/p>\n<h3><span style=\"color: #000000;\">T\u1ea1i Sao N\u00ean Ch\u1ecdn Cheri Heater Cho C\u00e1p Ch\u1ed1ng Nhi\u1ec7t Mica?<\/span><\/h3>\n<p><span style=\"color: #000000;\">Khi b\u1ea1n ch\u1ecdn C\u00f4ng ty TNHH C\u00f4ng ngh\u1ec7 Cheri Heater l\u00e0m nh\u00e0 s\u1ea3n xu\u1ea5t C\u00e1p Ch\u1ed1ng Nhi\u1ec7t Mica c\u1ee7a m\u00ecnh, b\u1ea1n s\u1ebd c\u00f3 quy\u1ec1n truy c\u1eadp v\u00e0o chuy\u00ean m\u00f4n, h\u1ed7 tr\u1ee3 kh\u00e1ch h\u00e0ng v\u00f4 song v\u00e0 cam k\u1ebft t\u1ea1o ra c\u00e1c gi\u1ea3i ph\u00e1p s\u01b0\u1edfi \u1ea5m t\u00f9y ch\u1ec9nh \u0111\u1ec3 \u0111\u00e1p \u1ee9ng nhu c\u1ea7u \u0111\u1ed9c \u0111\u00e1o c\u1ee7a c\u00e1c \u1ee9ng d\u1ee5ng c\u00f4ng nghi\u1ec7p c\u1ee7a b\u1ea1n. C\u00e1c thi\u1ebft b\u1ecb s\u01b0\u1edfi c\u00f4ng nghi\u1ec7p \u0111\u1ea1t ch\u1ee9ng nh\u1eadn ISO 9001:2008 v\u00e0 CE c\u1ee7a ch\u00fang t\u00f4i, bao g\u1ed3m C\u00e1p Ch\u1ed1ng Nhi\u1ec7t Mica, \u0111\u01b0\u1ee3c s\u1ea3n xu\u1ea5t b\u1eb1ng c\u00e1c v\u1eadt li\u1ec7u cao c\u1ea5p \u0111\u1ec3 \u0111\u1ea3m b\u1ea3o hi\u1ec7u su\u1ea5t nhi\u1ec7t t\u1ed1i \u01b0u, ti\u00eau th\u1ee5 n\u0103ng l\u01b0\u1ee3ng t\u1ed1i thi\u1ec3u v\u00e0 \u0111\u1ed9 b\u1ec1n cao. Ch\u00fang t\u00f4i c\u0169ng cung c\u1ea5p c\u00e1c b\u1ea3o h\u00e0nh m\u1ea1nh m\u1ebd v\u00e0 d\u1ecbch v\u1ee5 sau b\u00e1n h\u00e0ng to\u00e0n di\u1ec7n \u0111\u1ec3 \u0111\u1ea3m b\u1ea3o s\u1ef1 h\u00e0i l\u00f2ng ho\u00e0n to\u00e0n c\u1ee7a b\u1ea1n.<\/span><\/p>\n<h4><span style=\"color: #000000;\">Kh\u00e1m Ph\u00e1 C\u00e1c Gi\u1ea3i Ph\u00e1p S\u01b0\u1edfi C\u00f4ng Nghi\u1ec7p C\u1ee7a Ch\u00fang T\u00f4i<\/span><\/h4>\n<p><span style=\"color: #000000;\">Ngo\u00e0i C\u00e1p Ch\u1ed1ng Nhi\u1ec7t Mica, <a style=\"color: #000000;\" href=\"https:\/\/cheri-heater.com\/vn\/\">Cheri Heater<\/a> c\u00f2n cung c\u1ea5p m\u1ed9t lo\u1ea1t c\u00e1c ph\u1ea7n t\u1eed s\u01b0\u1edfi c\u00f4ng nghi\u1ec7p kh\u00e1c nh\u01b0 b\u1ed9 gia nhi\u1ec7t \u1ed1ng, b\u1ed9 gia nhi\u1ec7t nhi\u1ec7t \u0111i\u1ec7n tr\u1edf, nhi\u1ec7t \u0111i\u1ec7n tr\u1edf v\u00e0 nhi\u1ec1u s\u1ea3n ph\u1ea9m kh\u00e1c. S\u1ea3n ph\u1ea9m c\u1ee7a ch\u00fang t\u00f4i \u0111\u01b0\u1ee3c ch\u1ebf t\u1ea1o v\u1edbi \u0111\u1ed9 ch\u00ednh x\u00e1c cao v\u00e0 tu\u00e2n th\u1ee7 c\u00e1c ti\u00eau chu\u1ea9n ng\u00e0nh cao nh\u1ea5t, l\u00e0m cho ch\u00fang t\u00f4i tr\u1edf th\u00e0nh s\u1ef1 l\u1ef1a ch\u1ecdn \u01b0u ti\u00ean c\u1ee7a c\u00e1c doanh nghi\u1ec7p t\u00ecm ki\u1ebfm gi\u1ea3i ph\u00e1p s\u01b0\u1edfi \u1ea5m \u0111\u00e1ng tin c\u1eady.<\/span><\/p>\n","protected":false},"featured_media":1024,"template":"","meta":[],"product_brand":[],"product_cat":[23],"product_tag":[42,43],"class_list":{"0":"post-1020","1":"product","2":"type-product","3":"status-publish","4":"has-post-thumbnail","6":"product_cat-high-temperature-cable","7":"product_tag-mica-heat-proof-cable","8":"product_tag-mica-heat-proof-cable-manufacturer","10":"first","11":"instock","12":"shipping-taxable","13":"product-type-simple"},"yoast_head":"<!-- This site is optimized with the Yoast SEO plugin v27.4 - https:\/\/yoast.com\/product\/yoast-seo-wordpress\/ -->\n<title>Nh\u00e0 s\u1ea3n xu\u1ea5t c\u00e1p ch\u1ecbu nhi\u1ec7t mica | C\u00e1p b\u1ec1n v\u00e0 \u0111\u00e1ng tin c\u1eady<\/title>\n<meta name=\"description\" content=\"Kh\u00e1m ph\u00e1 c\u00e1c lo\u1ea1i c\u00e1p ch\u1ecbu nhi\u1ec7t mica ch\u1ea5t l\u01b0\u1ee3ng cao t\u1eeb nh\u00e0 s\u1ea3n xu\u1ea5t h\u00e0ng \u0111\u1ea7u. C\u00e1p c\u1ee7a ch\u00fang t\u00f4i b\u1ec1n v\u00e0 \u0111\u00e1ng tin c\u1eady, \u0111\u01b0\u1ee3c thi\u1ebft k\u1ebf \u0111\u1ec3 ch\u1ecbu \u0111\u01b0\u1ee3c nhi\u1ec7t \u0111\u1ed9 c\u1ef1c cao, \u0111\u1ea3m b\u1ea3o an to\u00e0n v\u00e0 hi\u1ec7u qu\u1ea3 trong c\u00e1c \u1ee9ng d\u1ee5ng c\u1ee7a b\u1ea1n. Li\u00ean h\u1ec7 v\u1edbi ch\u00fang t\u00f4i ngay h\u00f4m nay \u0111\u1ec3 c\u00f3 c\u00e1c gi\u1ea3i ph\u00e1p t\u00f9y ch\u1ec9nh!\" \/>\n<meta name=\"robots\" content=\"index, follow, max-snippet:-1, max-image-preview:large, max-video-preview:-1\" \/>\n<link rel=\"canonical\" href=\"https:\/\/cheri-heater.com\/vn\/product\/mica-heat-proof-cable\/\" \/>\n<meta property=\"og:locale\" content=\"en_US\" \/>\n<meta property=\"og:type\" content=\"article\" \/>\n<meta property=\"og:title\" content=\"Nh\u00e0 s\u1ea3n xu\u1ea5t c\u00e1p ch\u1ecbu nhi\u1ec7t mica | C\u00e1p b\u1ec1n v\u00e0 \u0111\u00e1ng tin c\u1eady\" \/>\n<meta property=\"og:description\" content=\"Kh\u00e1m ph\u00e1 c\u00e1c lo\u1ea1i c\u00e1p ch\u1ecbu nhi\u1ec7t mica ch\u1ea5t l\u01b0\u1ee3ng cao t\u1eeb nh\u00e0 s\u1ea3n xu\u1ea5t h\u00e0ng \u0111\u1ea7u. C\u00e1p c\u1ee7a ch\u00fang t\u00f4i b\u1ec1n v\u00e0 \u0111\u00e1ng tin c\u1eady, \u0111\u01b0\u1ee3c thi\u1ebft k\u1ebf \u0111\u1ec3 ch\u1ecbu \u0111\u01b0\u1ee3c nhi\u1ec7t \u0111\u1ed9 c\u1ef1c cao, \u0111\u1ea3m b\u1ea3o an to\u00e0n v\u00e0 hi\u1ec7u qu\u1ea3 trong c\u00e1c \u1ee9ng d\u1ee5ng c\u1ee7a b\u1ea1n. Li\u00ean h\u1ec7 v\u1edbi ch\u00fang t\u00f4i ngay h\u00f4m nay \u0111\u1ec3 c\u00f3 c\u00e1c gi\u1ea3i ph\u00e1p t\u00f9y ch\u1ec9nh!\" \/>\n<meta property=\"og:url\" content=\"https:\/\/cheri-heater.com\/vn\/product\/mica-heat-proof-cable\/\" \/>\n<meta property=\"og:site_name\" content=\"Cheri Heater Technology Co.,Ltd.\" \/>\n<meta property=\"article:modified_time\" content=\"2024-07-28T03:00:40+00:00\" \/>\n<meta property=\"og:image\" content=\"http:\/\/cheri-heater.com\/vn\/wp-content\/uploads\/2024\/06\/19117442473_740155133.jpg\" \/>\n\t<meta property=\"og:image:width\" content=\"800\" \/>\n\t<meta property=\"og:image:height\" content=\"800\" \/>\n\t<meta property=\"og:image:type\" content=\"image\/jpeg\" \/>\n<meta name=\"twitter:card\" content=\"summary_large_image\" \/>\n<meta name=\"twitter:label1\" content=\"Est. reading time\" \/>\n\t<meta name=\"twitter:data1\" content=\"1 minute\" \/>\n<!-- \/ Yoast SEO plugin. -->","yoast_head_json":{"title":"Nh\u00e0 s\u1ea3n xu\u1ea5t c\u00e1p ch\u1ecbu nhi\u1ec7t mica | C\u00e1p b\u1ec1n v\u00e0 \u0111\u00e1ng tin c\u1eady","description":"Kh\u00e1m ph\u00e1 c\u00e1c lo\u1ea1i c\u00e1p ch\u1ecbu nhi\u1ec7t mica ch\u1ea5t l\u01b0\u1ee3ng cao t\u1eeb nh\u00e0 s\u1ea3n xu\u1ea5t h\u00e0ng \u0111\u1ea7u. C\u00e1p c\u1ee7a ch\u00fang t\u00f4i b\u1ec1n v\u00e0 \u0111\u00e1ng tin c\u1eady, \u0111\u01b0\u1ee3c thi\u1ebft k\u1ebf \u0111\u1ec3 ch\u1ecbu \u0111\u01b0\u1ee3c nhi\u1ec7t \u0111\u1ed9 c\u1ef1c cao, \u0111\u1ea3m b\u1ea3o an to\u00e0n v\u00e0 hi\u1ec7u qu\u1ea3 trong c\u00e1c \u1ee9ng d\u1ee5ng c\u1ee7a b\u1ea1n. Li\u00ean h\u1ec7 v\u1edbi ch\u00fang t\u00f4i ngay h\u00f4m nay \u0111\u1ec3 c\u00f3 c\u00e1c gi\u1ea3i ph\u00e1p t\u00f9y ch\u1ec9nh!","robots":{"index":"index","follow":"follow","max-snippet":"max-snippet:-1","max-image-preview":"max-image-preview:large","max-video-preview":"max-video-preview:-1"},"canonical":"https:\/\/cheri-heater.com\/vn\/product\/mica-heat-proof-cable\/","og_locale":"en_US","og_type":"article","og_title":"Nh\u00e0 s\u1ea3n xu\u1ea5t c\u00e1p ch\u1ecbu nhi\u1ec7t mica | C\u00e1p b\u1ec1n v\u00e0 \u0111\u00e1ng tin c\u1eady","og_description":"Kh\u00e1m ph\u00e1 c\u00e1c lo\u1ea1i c\u00e1p ch\u1ecbu nhi\u1ec7t mica ch\u1ea5t l\u01b0\u1ee3ng cao t\u1eeb nh\u00e0 s\u1ea3n xu\u1ea5t h\u00e0ng \u0111\u1ea7u. C\u00e1p c\u1ee7a ch\u00fang t\u00f4i b\u1ec1n v\u00e0 \u0111\u00e1ng tin c\u1eady, \u0111\u01b0\u1ee3c thi\u1ebft k\u1ebf \u0111\u1ec3 ch\u1ecbu \u0111\u01b0\u1ee3c nhi\u1ec7t \u0111\u1ed9 c\u1ef1c cao, \u0111\u1ea3m b\u1ea3o an to\u00e0n v\u00e0 hi\u1ec7u qu\u1ea3 trong c\u00e1c \u1ee9ng d\u1ee5ng c\u1ee7a b\u1ea1n. Li\u00ean h\u1ec7 v\u1edbi ch\u00fang t\u00f4i ngay h\u00f4m nay \u0111\u1ec3 c\u00f3 c\u00e1c gi\u1ea3i ph\u00e1p t\u00f9y ch\u1ec9nh!","og_url":"https:\/\/cheri-heater.com\/vn\/product\/mica-heat-proof-cable\/","og_site_name":"Cheri Heater Technology Co.,Ltd.","article_modified_time":"2024-07-28T03:00:40+00:00","og_image":[{"width":800,"height":800,"url":"http:\/\/cheri-heater.com\/vn\/wp-content\/uploads\/2024\/06\/19117442473_740155133.jpg","type":"image\/jpeg"}],"twitter_card":"summary_large_image","twitter_misc":{"Est. reading time":"1 minute"},"schema":{"@context":"https:\/\/schema.org","@graph":[{"@type":"WebPage","@id":"https:\/\/cheri-heater.com\/vn\/product\/mica-heat-proof-cable\/","url":"https:\/\/cheri-heater.com\/vn\/product\/mica-heat-proof-cable\/","name":"Nh\u00e0 s\u1ea3n xu\u1ea5t c\u00e1p ch\u1ecbu nhi\u1ec7t mica | C\u00e1p b\u1ec1n v\u00e0 \u0111\u00e1ng tin c\u1eady","isPartOf":{"@id":"https:\/\/cheri-heater.com\/vn\/#website"},"primaryImageOfPage":{"@id":"https:\/\/cheri-heater.com\/vn\/product\/mica-heat-proof-cable\/#primaryimage"},"image":{"@id":"https:\/\/cheri-heater.com\/vn\/product\/mica-heat-proof-cable\/#primaryimage"},"thumbnailUrl":"https:\/\/cheri-heater.com\/vn\/wp-content\/uploads\/2024\/06\/19117442473_740155133.jpg","datePublished":"2024-06-04T18:32:03+00:00","dateModified":"2024-07-28T03:00:40+00:00","description":"Kh\u00e1m ph\u00e1 c\u00e1c lo\u1ea1i c\u00e1p ch\u1ecbu nhi\u1ec7t mica ch\u1ea5t l\u01b0\u1ee3ng cao t\u1eeb nh\u00e0 s\u1ea3n xu\u1ea5t h\u00e0ng \u0111\u1ea7u. C\u00e1p c\u1ee7a ch\u00fang t\u00f4i b\u1ec1n v\u00e0 \u0111\u00e1ng tin c\u1eady, \u0111\u01b0\u1ee3c thi\u1ebft k\u1ebf \u0111\u1ec3 ch\u1ecbu \u0111\u01b0\u1ee3c nhi\u1ec7t \u0111\u1ed9 c\u1ef1c cao, \u0111\u1ea3m b\u1ea3o an to\u00e0n v\u00e0 hi\u1ec7u qu\u1ea3 trong c\u00e1c \u1ee9ng d\u1ee5ng c\u1ee7a b\u1ea1n. Li\u00ean h\u1ec7 v\u1edbi ch\u00fang t\u00f4i ngay h\u00f4m nay \u0111\u1ec3 c\u00f3 c\u00e1c gi\u1ea3i ph\u00e1p t\u00f9y ch\u1ec9nh!","breadcrumb":{"@id":"https:\/\/cheri-heater.com\/vn\/product\/mica-heat-proof-cable\/#breadcrumb"},"inLanguage":"en-US","potentialAction":[{"@type":"ReadAction","target":["https:\/\/cheri-heater.com\/vn\/product\/mica-heat-proof-cable\/"]}]},{"@type":"ImageObject","inLanguage":"en-US","@id":"https:\/\/cheri-heater.com\/vn\/product\/mica-heat-proof-cable\/#primaryimage","url":"https:\/\/cheri-heater.com\/vn\/wp-content\/uploads\/2024\/06\/19117442473_740155133.jpg","contentUrl":"https:\/\/cheri-heater.com\/vn\/wp-content\/uploads\/2024\/06\/19117442473_740155133.jpg","width":800,"height":800},{"@type":"BreadcrumbList","@id":"https:\/\/cheri-heater.com\/vn\/product\/mica-heat-proof-cable\/#breadcrumb","itemListElement":[{"@type":"ListItem","position":1,"name":"Home","item":"https:\/\/cheri-heater.com\/vn\/"},{"@type":"ListItem","position":2,"name":"Products","item":"https:\/\/cheri-heater.com\/vn\/products\/"},{"@type":"ListItem","position":3,"name":"C\u00e1p ch\u1ecbu nhi\u1ec7t mica"}]},{"@type":"WebSite","@id":"https:\/\/cheri-heater.com\/vn\/#website","url":"https:\/\/cheri-heater.com\/vn\/","name":"Cheri Heater Technology Co.,Ltd.","description":"","publisher":{"@id":"https:\/\/cheri-heater.com\/vn\/#organization"},"potentialAction":[{"@type":"SearchAction","target":{"@type":"EntryPoint","urlTemplate":"https:\/\/cheri-heater.com\/vn\/?s={search_term_string}"},"query-input":{"@type":"PropertyValueSpecification","valueRequired":true,"valueName":"search_term_string"}}],"inLanguage":"en-US"},{"@type":"Organization","@id":"https:\/\/cheri-heater.com\/vn\/#organization","name":"Cheri Heater Technology Co.,Ltd.","url":"https:\/\/cheri-heater.com\/vn\/","logo":{"@type":"ImageObject","inLanguage":"en-US","@id":"https:\/\/cheri-heater.com\/vn\/#\/schema\/logo\/image\/","url":"https:\/\/cheri-heater.com\/vn\/wp-content\/uploads\/2024\/06\/cropped-logo-resize.png","contentUrl":"https:\/\/cheri-heater.com\/vn\/wp-content\/uploads\/2024\/06\/cropped-logo-resize.png","width":346,"height":99,"caption":"Cheri Heater Technology Co.,Ltd."},"image":{"@id":"https:\/\/cheri-heater.com\/vn\/#\/schema\/logo\/image\/"}}]}},"_links":{"self":[{"href":"https:\/\/cheri-heater.com\/vn\/wp-json\/wp\/v2\/product\/1020","targetHints":{"allow":["GET"]}}],"collection":[{"href":"https:\/\/cheri-heater.com\/vn\/wp-json\/wp\/v2\/product"}],"about":[{"href":"https:\/\/cheri-heater.com\/vn\/wp-json\/wp\/v2\/types\/product"}],"wp:featuredmedia":[{"embeddable":true,"href":"https:\/\/cheri-heater.com\/vn\/wp-json\/wp\/v2\/media\/1024"}],"wp:attachment":[{"href":"https:\/\/cheri-heater.com\/vn\/wp-json\/wp\/v2\/media?parent=1020"}],"wp:term":[{"taxonomy":"product_brand","embeddable":true,"href":"https:\/\/cheri-heater.com\/vn\/wp-json\/wp\/v2\/product_brand?post=1020"},{"taxonomy":"product_cat","embeddable":true,"href":"https:\/\/cheri-heater.com\/vn\/wp-json\/wp\/v2\/product_cat?post=1020"},{"taxonomy":"product_tag","embeddable":true,"href":"https:\/\/cheri-heater.com\/vn\/wp-json\/wp\/v2\/product_tag?post=1020"}],"curies":[{"name":"wp","href":"https:\/\/api.w.org\/{rel}","templated":true}]}}