{"id":1029,"date":"2024-06-04T18:36:02","date_gmt":"2024-06-04T18:36:02","guid":{"rendered":"https:\/\/cheri-heater.com\/vn\/?post_type=product&#038;p=1029"},"modified":"2024-07-28T02:57:28","modified_gmt":"2024-07-28T02:57:28","slug":"silicone-fiberglass-cable","status":"publish","type":"product","link":"https:\/\/cheri-heater.com\/vn\/product\/silicone-fiberglass-cable\/","title":{"rendered":"C\u00e1p s\u1ee3i th\u1ee7y tinh silicone"},"content":{"rendered":"<p class=\"western\" lang=\"ar-SA\" align=\"left\"><span style=\"color: #333333;\"><span style=\"font-family: Arial, serif;\"><span style=\"font-size: small;\"><span lang=\"ar-SA\">T\u00ean s\u1ea3n ph\u1ea9m: D\u00e2y ch\u1ecbu nhi\u1ec7t cao b\u1ecdc silicone<\/span><\/span><\/span><\/span><\/p>\n<p class=\"western\" lang=\"ar-SA\" align=\"left\"><span style=\"color: #333333;\"><span style=\"font-family: Arial, serif;\"><span style=\"font-size: small;\"><span lang=\"ar-SA\">Th\u00f4ng s\u1ed1 s\u1ea3n ph\u1ea9m:<\/span><\/span><\/span><\/span><\/p>\n<p class=\"western\" lang=\"ar-SA\" align=\"left\"><span style=\"color: #333333;\"><span style=\"font-family: Arial, serif;\"><span style=\"font-size: small;\"><span lang=\"ar-SA\">22AWG (0,3 mm\u00b2)<\/span><\/span><\/span><\/span><\/p>\n<p class=\"western\" lang=\"ar-SA\" align=\"left\"><span style=\"color: #333333;\"><span style=\"font-family: Arial, serif;\"><span style=\"font-size: small;\"><span lang=\"ar-SA\">20AWG (0,5 mm\u00b2)<\/span><\/span><\/span><\/span><\/p>\n<p class=\"western\" lang=\"ar-SA\" align=\"left\"><span style=\"color: #333333;\"><span style=\"font-family: Arial, serif;\"><span style=\"font-size: small;\"><span lang=\"ar-SA\">18AWG (0,75 mm\u00b2)<\/span><\/span><\/span><\/span><\/p>\n<p class=\"western\" lang=\"ar-SA\" align=\"left\"><span style=\"color: #333333;\"><span style=\"font-family: Arial, serif;\"><span style=\"font-size: small;\"><span lang=\"ar-SA\">17AWG (1,0 mm\u00b2)<\/span><\/span><\/span><\/span><\/p>\n<p class=\"western\" lang=\"ar-SA\" align=\"left\"><span style=\"color: #333333;\"><span style=\"font-family: Arial, serif;\"><span style=\"font-size: small;\"><span lang=\"ar-SA\">15AWG (1,5 mm\u00b2)<\/span><\/span><\/span><\/span><\/p>\n<p class=\"western\" lang=\"ar-SA\" align=\"left\"><span style=\"color: #333333;\"><span style=\"font-family: Arial, serif;\"><span style=\"font-size: small;\"><span lang=\"ar-SA\">13AWG (2,5 mm\u00b2)<\/span><\/span><\/span><\/span><\/p>\n<p class=\"western\" lang=\"ar-SA\" align=\"left\"><span style=\"color: #333333;\"><span style=\"font-family: Arial, serif;\"><span style=\"font-size: small;\"><span lang=\"ar-SA\">11AWG (4,0 mm\u00b2)<\/span><\/span><\/span><\/span><\/p>\n<p class=\"western\" lang=\"ar-SA\" align=\"left\"><span style=\"color: #333333;\"><span style=\"font-family: Arial, serif;\"><span style=\"font-size: small;\"><span lang=\"ar-SA\">9AWG (6,0 mm\u00b2)<\/span><\/span><\/span><\/span><\/p>\n<p class=\"western\" lang=\"ar-SA\" align=\"left\"><span style=\"color: #333333;\"><span style=\"font-family: Arial, serif;\"><span style=\"font-size: small;\"><span lang=\"ar-SA\">M\u00e0u s\u1eafc: \u0111\u1ecf, \u0111en, v\u00e0ng, xanh lam, tr\u1eafng, xanh l\u00e1 c\u00e2y (t\u00f9y ch\u1ecdn)<\/span><\/span><\/span><\/span><\/p>\n<p class=\"western\" lang=\"ar-SA\" align=\"left\"><span style=\"color: #333333;\"><span style=\"font-family: Arial, serif;\"><span style=\"font-size: small;\"><span lang=\"ar-SA\">Ph\u1ea1m vi \u1ee9ng d\u1ee5ng:<\/span><\/span><\/span><\/span><\/p>\n<p class=\"western\" lang=\"ar-SA\" align=\"left\"><span style=\"color: #333333;\">\u00a0<\/span><span style=\"color: #333333;\"><span style=\"font-family: Arial, serif;\"><span style=\"font-size: small;\"><span lang=\"ar-SA\">N\u00f3 \u0111\u01b0\u1ee3c s\u1eed d\u1ee5ng r\u1ed9ng r\u00e3i trong c\u00e1c ng\u00e0nh c\u00f4ng nghi\u1ec7p s\u1ea3n xu\u1ea5t m\u00e1y m\u00f3c kh\u00e1c nhau trong c\u00e1c m\u00f4i tr\u01b0\u1eddng \u0111\u1eb7c bi\u1ec7t nh\u01b0 luy\u1ec7n kim, d\u1ea7u kh\u00ed, h\u00f3a ch\u1ea5t, l\u1ecdc d\u1ea7u, kh\u00ed \u0111\u1ed1t, v.v. N\u00f3 y\u00eau c\u1ea7u c\u00e1c d\u00e2y v\u00e0 c\u00e1p ch\u1ed1ng ch\u00e1y v\u1edbi c\u00e1c \u0111\u1eb7c t\u00ednh \u0111i\u1ec7n kh\u00e1c nhau, c\u0169ng nh\u01b0 c\u00e1c thi\u1ebft b\u1ecb \u0111i\u1ec7n v\u00e0 thi\u1ebft b\u1ecb s\u01b0\u1edfi \u0111i\u1ec7n kh\u00e1c nhau.<\/span><\/span><\/span><\/span><\/p>\n<p class=\"western\" lang=\"ar-SA\" align=\"left\"><span style=\"color: #333333;\"><span style=\"font-family: Arial, serif;\"><span style=\"font-size: small;\"><span lang=\"ar-SA\">\u0110i\u1ec7n \u00e1p \u0111\u1ecbnh m\u1ee9c: 500V.<\/span><\/span><\/span><\/span><\/p>\n<p class=\"western\" lang=\"ar-SA\" align=\"left\"><span style=\"color: #333333;\"><span style=\"font-family: Arial, serif;\"><span style=\"font-size: small;\"><span lang=\"ar-SA\">Nhi\u1ec7t \u0111\u1ed9 \u0111\u1ecbnh m\u1ee9c: 300\u00b0 (ch\u1ecbu nhi\u1ec7t \u0111\u1ed9 th\u1ea5p -60\u00b0)<\/span><\/span><\/span><\/span><\/p>\n<p class=\"western\" lang=\"ar-SA\" align=\"left\"><span style=\"color: #333333;\"><span style=\"font-family: Arial, serif;\"><span style=\"font-size: small;\"><span lang=\"ar-SA\">T\u00ednh n\u0103ng:<\/span><\/span><\/span><\/span><\/p>\n<p class=\"western\" lang=\"ar-SA\" align=\"left\"><span style=\"color: #333333;\"><span style=\"font-family: Arial, serif;\"><span style=\"font-size: small;\"><span lang=\"ar-SA\">Ch\u1ed1ng ch\u00e1y, ch\u1ecbu nhi\u1ec7t cao, ch\u1ed1ng l\u00e3o h\u00f3a, ch\u1ed1ng m\u00e0i m\u00f2n, m\u1ec1m v\u00e0 \u0111\u00e0n h\u1ed3i, c\u00f3 th\u1ec3 u\u1ed1n cong, kh\u00f4ng ch\u00e1y, ch\u1ed1ng ch\u00e1y, tu\u1ed5i th\u1ecd d\u00e0i.<\/span><\/span><\/span><\/span><\/p>\n","protected":false},"excerpt":{"rendered":"<p class=\"western\" lang=\"ar-SA\" align=\"left\"><span style=\"color: #333333;\"><span style=\"font-family: Arial, serif;\"><span style=\"font-size: small;\"><span lang=\"ar-SA\">N\u00f3 s\u1eed d\u1ee5ng c\u00e1ch \u0111i\u1ec7n b\u1eb1ng d\u00e2y tr\u1ea7n tinh khi\u1ebft, bao b\u1ecdc b\u1eb1ng s\u1ee3i th\u1ee7y tinh ch\u1ecbu nhi\u1ec7t \u0111\u1ed9 cao, v\u1ecf ngo\u00e0i b\u1ecdc b\u1eb1ng s\u1ee3i th\u1ee7y tinh, v\u1edbi kh\u1ea3 n\u0103ng ch\u1ecbu nhi\u1ec7t \u0111\u1ed9 cao, ch\u1ed1ng ch\u00e1y, ch\u1ed1ng th\u1ea5m n\u01b0\u1edbc, ch\u1ed1ng l\u00e3o h\u00f3a, ch\u1ed1ng m\u00e0i m\u00f2n v\u00e0 b\u1ea3o v\u1ec7 an to\u00e0n!<\/span><\/span><\/span><\/span><\/p>\n","protected":false},"featured_media":1036,"template":"","meta":[],"product_brand":[],"product_cat":[23],"product_tag":[157],"class_list":{"0":"post-1029","1":"product","2":"type-product","3":"status-publish","4":"has-post-thumbnail","6":"product_cat-high-temperature-cable","7":"product_tag-silicone-fiberglass-cable","9":"first","10":"instock","11":"shipping-taxable","12":"product-type-simple"},"yoast_head":"<!-- This site is optimized with the Yoast SEO plugin v27.4 - https:\/\/yoast.com\/product\/yoast-seo-wordpress\/ -->\n<title>Nh\u00e0 s\u1ea3n xu\u1ea5t c\u00e1p s\u1ee3i th\u1ee7y tinh silicone ch\u1ea5t l\u01b0\u1ee3ng cao<\/title>\n<meta name=\"description\" content=\"C\u00e1p s\u1ee3i th\u1ee7y tinh silicone hi\u1ec7u su\u1ea5t cao \u0111\u01b0\u1ee3c thi\u1ebft k\u1ebf \u0111\u1ec3 c\u00f3 \u0111\u1ed9 b\u1ec1n v\u00e0 kh\u1ea3 n\u0103ng ch\u1ecbu nhi\u1ec7t. L\u00fd t\u01b0\u1edfng cho c\u00e1c \u1ee9ng d\u1ee5ng c\u00f4ng nghi\u1ec7p \u0111\u00f2i h\u1ecfi cao, c\u00e1p c\u1ee7a ch\u00fang t\u00f4i \u0111\u1ea3m b\u1ea3o hi\u1ec7u su\u1ea5t \u0111\u00e1ng tin c\u1eady trong c\u00e1c \u0111i\u1ec1u ki\u1ec7n kh\u1eafc nghi\u1ec7t. Li\u00ean h\u1ec7 v\u1edbi ch\u00fang t\u00f4i ngay h\u00f4m nay \u0111\u1ec3 c\u00f3 c\u00e1c gi\u1ea3i ph\u00e1p t\u00f9y ch\u1ec9nh v\u00e0 h\u1ed7 tr\u1ee3 chuy\u00ean nghi\u1ec7p!\" \/>\n<meta name=\"robots\" content=\"index, follow, max-snippet:-1, max-image-preview:large, max-video-preview:-1\" \/>\n<link rel=\"canonical\" href=\"https:\/\/cheri-heater.com\/vn\/product\/silicone-fiberglass-cable\/\" \/>\n<meta property=\"og:locale\" content=\"en_US\" \/>\n<meta property=\"og:type\" content=\"article\" \/>\n<meta property=\"og:title\" content=\"Nh\u00e0 s\u1ea3n xu\u1ea5t c\u00e1p s\u1ee3i th\u1ee7y tinh silicone ch\u1ea5t l\u01b0\u1ee3ng cao\" \/>\n<meta property=\"og:description\" content=\"C\u00e1p s\u1ee3i th\u1ee7y tinh silicone hi\u1ec7u su\u1ea5t cao \u0111\u01b0\u1ee3c thi\u1ebft k\u1ebf \u0111\u1ec3 c\u00f3 \u0111\u1ed9 b\u1ec1n v\u00e0 kh\u1ea3 n\u0103ng ch\u1ecbu nhi\u1ec7t. L\u00fd t\u01b0\u1edfng cho c\u00e1c \u1ee9ng d\u1ee5ng c\u00f4ng nghi\u1ec7p \u0111\u00f2i h\u1ecfi cao, c\u00e1p c\u1ee7a ch\u00fang t\u00f4i \u0111\u1ea3m b\u1ea3o hi\u1ec7u su\u1ea5t \u0111\u00e1ng tin c\u1eady trong c\u00e1c \u0111i\u1ec1u ki\u1ec7n kh\u1eafc nghi\u1ec7t. Li\u00ean h\u1ec7 v\u1edbi ch\u00fang t\u00f4i ngay h\u00f4m nay \u0111\u1ec3 c\u00f3 c\u00e1c gi\u1ea3i ph\u00e1p t\u00f9y ch\u1ec9nh v\u00e0 h\u1ed7 tr\u1ee3 chuy\u00ean nghi\u1ec7p!\" \/>\n<meta property=\"og:url\" content=\"https:\/\/cheri-heater.com\/vn\/product\/silicone-fiberglass-cable\/\" \/>\n<meta property=\"og:site_name\" content=\"Cheri Heater Technology Co.,Ltd.\" \/>\n<meta property=\"article:modified_time\" content=\"2024-07-28T02:57:28+00:00\" \/>\n<meta property=\"og:image\" content=\"http:\/\/cheri-heater.com\/vn\/wp-content\/uploads\/2024\/06\/O1CN010mJouR27kwLoHm0Cb_1858937836-0-cib.jpg\" \/>\n\t<meta property=\"og:image:width\" content=\"800\" \/>\n\t<meta property=\"og:image:height\" content=\"800\" \/>\n\t<meta property=\"og:image:type\" content=\"image\/jpeg\" \/>\n<meta name=\"twitter:card\" content=\"summary_large_image\" \/>\n<meta name=\"twitter:label1\" content=\"Est. reading time\" \/>\n\t<meta name=\"twitter:data1\" content=\"1 minute\" \/>\n<!-- \/ Yoast SEO plugin. -->","yoast_head_json":{"title":"Nh\u00e0 s\u1ea3n xu\u1ea5t c\u00e1p s\u1ee3i th\u1ee7y tinh silicone ch\u1ea5t l\u01b0\u1ee3ng cao","description":"C\u00e1p s\u1ee3i th\u1ee7y tinh silicone hi\u1ec7u su\u1ea5t cao \u0111\u01b0\u1ee3c thi\u1ebft k\u1ebf \u0111\u1ec3 c\u00f3 \u0111\u1ed9 b\u1ec1n v\u00e0 kh\u1ea3 n\u0103ng ch\u1ecbu nhi\u1ec7t. L\u00fd t\u01b0\u1edfng cho c\u00e1c \u1ee9ng d\u1ee5ng c\u00f4ng nghi\u1ec7p \u0111\u00f2i h\u1ecfi cao, c\u00e1p c\u1ee7a ch\u00fang t\u00f4i \u0111\u1ea3m b\u1ea3o hi\u1ec7u su\u1ea5t \u0111\u00e1ng tin c\u1eady trong c\u00e1c \u0111i\u1ec1u ki\u1ec7n kh\u1eafc nghi\u1ec7t. Li\u00ean h\u1ec7 v\u1edbi ch\u00fang t\u00f4i ngay h\u00f4m nay \u0111\u1ec3 c\u00f3 c\u00e1c gi\u1ea3i ph\u00e1p t\u00f9y ch\u1ec9nh v\u00e0 h\u1ed7 tr\u1ee3 chuy\u00ean nghi\u1ec7p!","robots":{"index":"index","follow":"follow","max-snippet":"max-snippet:-1","max-image-preview":"max-image-preview:large","max-video-preview":"max-video-preview:-1"},"canonical":"https:\/\/cheri-heater.com\/vn\/product\/silicone-fiberglass-cable\/","og_locale":"en_US","og_type":"article","og_title":"Nh\u00e0 s\u1ea3n xu\u1ea5t c\u00e1p s\u1ee3i th\u1ee7y tinh silicone ch\u1ea5t l\u01b0\u1ee3ng cao","og_description":"C\u00e1p s\u1ee3i th\u1ee7y tinh silicone hi\u1ec7u su\u1ea5t cao \u0111\u01b0\u1ee3c thi\u1ebft k\u1ebf \u0111\u1ec3 c\u00f3 \u0111\u1ed9 b\u1ec1n v\u00e0 kh\u1ea3 n\u0103ng ch\u1ecbu nhi\u1ec7t. L\u00fd t\u01b0\u1edfng cho c\u00e1c \u1ee9ng d\u1ee5ng c\u00f4ng nghi\u1ec7p \u0111\u00f2i h\u1ecfi cao, c\u00e1p c\u1ee7a ch\u00fang t\u00f4i \u0111\u1ea3m b\u1ea3o hi\u1ec7u su\u1ea5t \u0111\u00e1ng tin c\u1eady trong c\u00e1c \u0111i\u1ec1u ki\u1ec7n kh\u1eafc nghi\u1ec7t. Li\u00ean h\u1ec7 v\u1edbi ch\u00fang t\u00f4i ngay h\u00f4m nay \u0111\u1ec3 c\u00f3 c\u00e1c gi\u1ea3i ph\u00e1p t\u00f9y ch\u1ec9nh v\u00e0 h\u1ed7 tr\u1ee3 chuy\u00ean nghi\u1ec7p!","og_url":"https:\/\/cheri-heater.com\/vn\/product\/silicone-fiberglass-cable\/","og_site_name":"Cheri Heater Technology Co.,Ltd.","article_modified_time":"2024-07-28T02:57:28+00:00","og_image":[{"width":800,"height":800,"url":"http:\/\/cheri-heater.com\/vn\/wp-content\/uploads\/2024\/06\/O1CN010mJouR27kwLoHm0Cb_1858937836-0-cib.jpg","type":"image\/jpeg"}],"twitter_card":"summary_large_image","twitter_misc":{"Est. reading time":"1 minute"},"schema":{"@context":"https:\/\/schema.org","@graph":[{"@type":"WebPage","@id":"https:\/\/cheri-heater.com\/vn\/product\/silicone-fiberglass-cable\/","url":"https:\/\/cheri-heater.com\/vn\/product\/silicone-fiberglass-cable\/","name":"Nh\u00e0 s\u1ea3n xu\u1ea5t c\u00e1p s\u1ee3i th\u1ee7y tinh silicone ch\u1ea5t l\u01b0\u1ee3ng cao","isPartOf":{"@id":"https:\/\/cheri-heater.com\/vn\/#website"},"primaryImageOfPage":{"@id":"https:\/\/cheri-heater.com\/vn\/product\/silicone-fiberglass-cable\/#primaryimage"},"image":{"@id":"https:\/\/cheri-heater.com\/vn\/product\/silicone-fiberglass-cable\/#primaryimage"},"thumbnailUrl":"https:\/\/cheri-heater.com\/vn\/wp-content\/uploads\/2024\/06\/O1CN010mJouR27kwLoHm0Cb_1858937836-0-cib.jpg","datePublished":"2024-06-04T18:36:02+00:00","dateModified":"2024-07-28T02:57:28+00:00","description":"C\u00e1p s\u1ee3i th\u1ee7y tinh silicone hi\u1ec7u su\u1ea5t cao \u0111\u01b0\u1ee3c thi\u1ebft k\u1ebf \u0111\u1ec3 c\u00f3 \u0111\u1ed9 b\u1ec1n v\u00e0 kh\u1ea3 n\u0103ng ch\u1ecbu nhi\u1ec7t. L\u00fd t\u01b0\u1edfng cho c\u00e1c \u1ee9ng d\u1ee5ng c\u00f4ng nghi\u1ec7p \u0111\u00f2i h\u1ecfi cao, c\u00e1p c\u1ee7a ch\u00fang t\u00f4i \u0111\u1ea3m b\u1ea3o hi\u1ec7u su\u1ea5t \u0111\u00e1ng tin c\u1eady trong c\u00e1c \u0111i\u1ec1u ki\u1ec7n kh\u1eafc nghi\u1ec7t. Li\u00ean h\u1ec7 v\u1edbi ch\u00fang t\u00f4i ngay h\u00f4m nay \u0111\u1ec3 c\u00f3 c\u00e1c gi\u1ea3i ph\u00e1p t\u00f9y ch\u1ec9nh v\u00e0 h\u1ed7 tr\u1ee3 chuy\u00ean nghi\u1ec7p!","breadcrumb":{"@id":"https:\/\/cheri-heater.com\/vn\/product\/silicone-fiberglass-cable\/#breadcrumb"},"inLanguage":"en-US","potentialAction":[{"@type":"ReadAction","target":["https:\/\/cheri-heater.com\/vn\/product\/silicone-fiberglass-cable\/"]}]},{"@type":"ImageObject","inLanguage":"en-US","@id":"https:\/\/cheri-heater.com\/vn\/product\/silicone-fiberglass-cable\/#primaryimage","url":"https:\/\/cheri-heater.com\/vn\/wp-content\/uploads\/2024\/06\/O1CN010mJouR27kwLoHm0Cb_1858937836-0-cib.jpg","contentUrl":"https:\/\/cheri-heater.com\/vn\/wp-content\/uploads\/2024\/06\/O1CN010mJouR27kwLoHm0Cb_1858937836-0-cib.jpg","width":800,"height":800},{"@type":"BreadcrumbList","@id":"https:\/\/cheri-heater.com\/vn\/product\/silicone-fiberglass-cable\/#breadcrumb","itemListElement":[{"@type":"ListItem","position":1,"name":"Home","item":"https:\/\/cheri-heater.com\/vn\/"},{"@type":"ListItem","position":2,"name":"Products","item":"https:\/\/cheri-heater.com\/vn\/products\/"},{"@type":"ListItem","position":3,"name":"C\u00e1p s\u1ee3i th\u1ee7y tinh silicone"}]},{"@type":"WebSite","@id":"https:\/\/cheri-heater.com\/vn\/#website","url":"https:\/\/cheri-heater.com\/vn\/","name":"Cheri Heater Technology Co.,Ltd.","description":"","publisher":{"@id":"https:\/\/cheri-heater.com\/vn\/#organization"},"potentialAction":[{"@type":"SearchAction","target":{"@type":"EntryPoint","urlTemplate":"https:\/\/cheri-heater.com\/vn\/?s={search_term_string}"},"query-input":{"@type":"PropertyValueSpecification","valueRequired":true,"valueName":"search_term_string"}}],"inLanguage":"en-US"},{"@type":"Organization","@id":"https:\/\/cheri-heater.com\/vn\/#organization","name":"Cheri Heater Technology Co.,Ltd.","url":"https:\/\/cheri-heater.com\/vn\/","logo":{"@type":"ImageObject","inLanguage":"en-US","@id":"https:\/\/cheri-heater.com\/vn\/#\/schema\/logo\/image\/","url":"https:\/\/cheri-heater.com\/vn\/wp-content\/uploads\/2024\/06\/cropped-logo-resize.png","contentUrl":"https:\/\/cheri-heater.com\/vn\/wp-content\/uploads\/2024\/06\/cropped-logo-resize.png","width":346,"height":99,"caption":"Cheri Heater Technology Co.,Ltd."},"image":{"@id":"https:\/\/cheri-heater.com\/vn\/#\/schema\/logo\/image\/"}}]}},"_links":{"self":[{"href":"https:\/\/cheri-heater.com\/vn\/wp-json\/wp\/v2\/product\/1029","targetHints":{"allow":["GET"]}}],"collection":[{"href":"https:\/\/cheri-heater.com\/vn\/wp-json\/wp\/v2\/product"}],"about":[{"href":"https:\/\/cheri-heater.com\/vn\/wp-json\/wp\/v2\/types\/product"}],"wp:featuredmedia":[{"embeddable":true,"href":"https:\/\/cheri-heater.com\/vn\/wp-json\/wp\/v2\/media\/1036"}],"wp:attachment":[{"href":"https:\/\/cheri-heater.com\/vn\/wp-json\/wp\/v2\/media?parent=1029"}],"wp:term":[{"taxonomy":"product_brand","embeddable":true,"href":"https:\/\/cheri-heater.com\/vn\/wp-json\/wp\/v2\/product_brand?post=1029"},{"taxonomy":"product_cat","embeddable":true,"href":"https:\/\/cheri-heater.com\/vn\/wp-json\/wp\/v2\/product_cat?post=1029"},{"taxonomy":"product_tag","embeddable":true,"href":"https:\/\/cheri-heater.com\/vn\/wp-json\/wp\/v2\/product_tag?post=1029"}],"curies":[{"name":"wp","href":"https:\/\/api.w.org\/{rel}","templated":true}]}}