{"id":1037,"date":"2024-06-04T18:38:29","date_gmt":"2024-06-04T18:38:29","guid":{"rendered":"https:\/\/cheri-heater.com\/vn\/?post_type=product&#038;p=1037"},"modified":"2024-07-28T04:10:57","modified_gmt":"2024-07-28T04:10:57","slug":"hot-runner-heater","status":"publish","type":"product","link":"https:\/\/cheri-heater.com\/vn\/product\/hot-runner-heater\/","title":{"rendered":"m\u00e1y s\u01b0\u1edfi \u0111\u01b0\u1eddng n\u00f3ng"},"content":{"rendered":"<p class=\"western\" align=\"left\"><span style=\"font-family: Helvetica, Arial, sans-serif;\"><span style=\"font-size: small;\"><span style=\"color: #333333;\">V\u1edbi nhi\u1ec7t \u0111\u1ed9 l\u00e0m vi\u1ec7c cao, l\u00e0m n\u00f3ng nhanh, \u0111\u1ed9 ch\u00ednh x\u00e1c l\u00e0m n\u00f3ng \u0111\u1ed3ng \u0111\u1ec1u, tu\u1ed5i th\u1ecd d\u00e0i, c\u00f3 th\u1ec3 \u0111\u01b0\u1ee3c \u0111i\u1ec1u khi\u1ec3n t\u1ef1 \u0111\u1ed9ng khu v\u1ef1c, d\u1eabn nhi\u1ec7t cao, trong khi v\u1eadt li\u1ec7u l\u00e0m n\u00f3ng b\u00ean trong b\u1ecb h\u1ecfng, b\u00ean ngo\u00e0i c\u00f3 th\u1ec3 \u0111\u01b0\u1ee3c t\u00e1i s\u1eed d\u1ee5ng. C\u00e1c b\u1ed9 gia nhi\u1ec7t \u0111\u01b0\u1ee3c \u1ee7 \u0111\u1ec3 c\u00f3 \u0111\u01b0\u1ee3c t\u00ednh d\u1ebbo \u0111\u1ec3 u\u1ed1n cong th\u00e0nh b\u1ea5t k\u1ef3 h\u00ecnh d\u1ea1ng n\u00e0o. C\u00e1c b\u1ed9 gia nhi\u1ec7t \u0111\u01b0\u1eddng n\u00f3ng v\u1edbi c\u1eb7p nhi\u1ec7t \u0111i\u1ec7n t\u00edch h\u1ee3p c\u0169ng c\u00f3 s\u1eb5n.<\/span><\/span><\/span><\/p>\n<table width=\"750\" cellspacing=\"0\" cellpadding=\"0\">\n<tbody>\n<tr valign=\"top\">\n<td width=\"198\">\n<p class=\"western\" align=\"left\"><span style=\"font-size: small;\"><b><span style=\"font-family: \u5b8b\u4f53;\">V\u1eadt li\u1ec7u v\u1ecf<\/span><\/b><\/span><\/p>\n<\/td>\n<td width=\"121\">\n<p class=\"western\" align=\"left\"><span style=\"font-size: small;\"><span style=\"font-family: \u5b8b\u4f53;\">Th\u00e9p Cr Ni<\/span><\/span><\/p>\n<\/td>\n<td width=\"225\">\n<p class=\"western\" align=\"left\"><span style=\"font-size: small;\"><b><span style=\"font-family: \u5b8b\u4f53;\">C\u1eb7p nhi\u1ec7t \u0111i\u1ec7n<\/span><\/b><\/span><\/p>\n<\/td>\n<td width=\"205\">\n<p class=\"western\" align=\"left\"><span style=\"font-size: small;\"><span style=\"font-family: \u5b8b\u4f53;\">Lo\u1ea1i J (chu\u1ea9n); Lo\u1ea1i K<\/span><\/span><\/p>\n<\/td>\n<\/tr>\n<tr valign=\"top\">\n<td width=\"198\">\n<p class=\"western\" align=\"left\"><span style=\"font-size: small;\"><b><span style=\"font-family: \u5b8b\u4f53;\">V\u1eadt li\u1ec7u c\u00e1ch nhi\u1ec7t<\/span><\/b><\/span><\/p>\n<\/td>\n<td width=\"121\">\n<p class=\"western\" align=\"left\"><span style=\"font-size: small;\"><span style=\"font-family: \u5b8b\u4f53;\">MgO<\/span><\/span><\/p>\n<\/td>\n<td width=\"225\">\n<p class=\"western\" align=\"left\"><span style=\"font-size: small;\"><b><span style=\"font-family: \u5b8b\u4f53;\">Dung sai chi\u1ec1u d\u00e0i (th\u1eb3ng)<\/span><\/b><\/span><\/p>\n<\/td>\n<td width=\"205\">\n<p class=\"western\" align=\"left\"><span style=\"font-size: small;\"><span style=\"font-family: \u5b8b\u4f53;\">5%<\/span><\/span><\/p>\n<\/td>\n<\/tr>\n<tr valign=\"top\">\n<td width=\"198\">\n<p class=\"western\" align=\"left\"><span style=\"font-size: small;\"><b><span style=\"font-family: \u5b8b\u4f53;\">D\u00e2y \u0111i\u1ec7n tr\u1edf<\/span><\/b><\/span><\/p>\n<\/td>\n<td width=\"121\">\n<p class=\"western\" align=\"left\"><span style=\"font-size: small;\"><span style=\"font-family: \u5b8b\u4f53;\">NiCr 80-20<\/span><\/span><\/p>\n<\/td>\n<td width=\"225\">\n<p class=\"western\" align=\"left\"><span style=\"font-size: small;\"><b><span style=\"font-family: \u5b8b\u4f53;\">Dung sai c\u00f4ng su\u1ea5t<\/span><\/b><\/span><\/p>\n<\/td>\n<td width=\"205\">\n<p class=\"western\" align=\"left\"><span style=\"font-size: small;\"><span style=\"font-family: \u5b8b\u4f53;\">5%<\/span><\/span><\/p>\n<\/td>\n<\/tr>\n<tr valign=\"top\">\n<td width=\"198\">\n<p class=\"western\" align=\"left\"><span style=\"font-size: small;\"><b><span style=\"font-family: \u5b8b\u4f53;\">C\u1eb7p nhi\u1ec7t \u0111i\u1ec7n<\/span><\/b><\/span><\/p>\n<\/td>\n<td width=\"121\">\n<p class=\"western\" align=\"left\"><span style=\"font-size: small;\"><span style=\"font-family: \u5b8b\u4f53;\">Lo\u1ea1i J; Lo\u1ea1i K<\/span><\/span><\/p>\n<\/td>\n<td width=\"225\">\n<p class=\"western\" align=\"left\"><span style=\"font-size: small;\"><b><span style=\"font-family: \u5b8b\u4f53;\">Dung sai \u0111i\u1ec7n tr\u1edf<\/span><\/b><\/span><\/p>\n<\/td>\n<td width=\"205\">\n<p class=\"western\" align=\"left\"><span style=\"font-size: small;\"><span style=\"font-family: \u5b8b\u4f53;\">5%<\/span><\/span><\/p>\n<\/td>\n<\/tr>\n<tr valign=\"top\">\n<td width=\"198\">\n<p class=\"western\" align=\"left\"><span style=\"font-size: small;\"><b><span style=\"font-family: \u5b8b\u4f53;\">Nhi\u1ec7t \u0111\u1ed9 v\u1ecf t\u1ed1i \u0111a<\/span><\/b><\/span><\/p>\n<\/td>\n<td width=\"121\">\n<p class=\"western\" align=\"left\"><span style=\"font-size: small;\"><span style=\"font-family: \u5b8b\u4f53;\">650\u00b0C<\/span><\/span><\/p>\n<\/td>\n<td width=\"225\">\n<p class=\"western\" align=\"left\"><span style=\"font-size: small;\"><b><span style=\"font-family: \u5b8b\u4f53;\">Chi\u1ec1u d\u00e0i kh\u00f4ng gia nhi\u1ec7t<\/span><\/b><\/span><\/p>\n<td width=\"205\">\n<p class=\"western\" align=\"left\"><span style=\"font-size: small;\"><span style=\"font-family: \u5b8b\u4f53;\">35mm (chu\u1ea9n)<\/span><\/span><\/p>\n<\/td>\n<\/tr>\n<tr valign=\"top\">\n<td width=\"198\">\n<p class=\"western\" align=\"left\"><span style=\"font-size: small;\"><b><span style=\"font-family: \u5b8b\u4f53;\">\u0110i\u1ec7n tr\u1edf c\u00e1ch \u0111i\u1ec7n<\/span><\/b><\/span><\/p>\n<\/td>\n<td width=\"121\">\n<p class=\"western\" align=\"left\"><span style=\"font-size: small;\"><span style=\"font-family: \u5b8b\u4f53;\">800V A\/C<\/span><\/span><\/p>\n<td rowspan=\"2\" width=\"225\">\n<p class=\"western\" align=\"center\"><span style=\"font-size: small;\"><b><span style=\"font-family: \u5b8b\u4f53;\">Dung sai k\u00edch th\u01b0\u1edbc<\/span><\/b><\/span><\/p>\n<\/td>\n<td width=\"205\">\n<p class=\"western\" align=\"left\"><span style=\"font-size: small;\"><span style=\"font-family: \u5b8b\u4f53;\">\u0110\u01b0\u1eddng k\u00ednh trong cu\u1ed9n + 0.1~0.2mm<\/span><\/span><\/p>\n<\/td>\n<\/tr>\n<tr valign=\"top\">\n<td width=\"198\">\n<p class=\"western\" align=\"left\"><span style=\"font-size: small;\"><b><span style=\"font-family: \u5b8b\u4f53;\">C\u00e1ch \u0111i\u1ec7n<\/span><\/b><\/span><\/p>\n<\/td>\n<td width=\"121\">\n<p class=\"western\" align=\"left\"><span style=\"font-size: small;\"><span style=\"font-family: \u5b8b\u4f53;\">&gt;5MW<\/span><\/span><\/p>\n<\/td>\n<td width=\"205\">\n<p class=\"western\" align=\"left\"><span style=\"font-size: small;\"><span style=\"font-family: \u5b8b\u4f53;\">Chi\u1ec1u d\u00e0i cu\u1ed9n +1mm<\/span><\/span><\/p>\n<\/td>\n<\/tr>\n<\/tbody>\n<\/table>\n<p><img fetchpriority=\"high\" decoding=\"async\" class=\"aligncenter size-full wp-image-1048\" src=\"http:\/\/cheri-heater.com\/vn\/wp-content\/uploads\/2024\/06\/H73bf5cf87a994a70be1b61577df4bc1d0.jpg\" alt=\"\" width=\"1000\" height=\"747\" srcset=\"https:\/\/cheri-heater.com\/vn\/wp-content\/uploads\/2024\/06\/H73bf5cf87a994a70be1b61577df4bc1d0.jpg 1000w, https:\/\/cheri-heater.com\/vn\/wp-content\/uploads\/2024\/06\/H73bf5cf87a994a70be1b61577df4bc1d0-600x448.jpg 600w, https:\/\/cheri-heater.com\/vn\/wp-content\/uploads\/2024\/06\/H73bf5cf87a994a70be1b61577df4bc1d0-300x224.jpg 300w, https:\/\/cheri-heater.com\/vn\/wp-content\/uploads\/2024\/06\/H73bf5cf87a994a70be1b61577df4bc1d0-768x574.jpg 768w\" sizes=\"(max-width: 1000px) 100vw, 1000px\" \/><\/p>\n","protected":false},"excerpt":{"rendered":"<p class=\"western\" align=\"left\"><span style=\"color: #333333;\"><span style=\"font-family: Arial, sans-serif;\"><span style=\"font-size: medium;\"><span lang=\"en-US\">Ph\u1ea7n t\u1eed gia nhi\u1ec7t cu\u1ed9n n\u00f3ng \u0111\u01b0\u1eddng ti\u00eam c\u00f4ng nghi\u1ec7p<\/span><\/span><\/span><\/span><span style=\"color: #333333;\"><span style=\"font-family: Arial, sans-serif;\"><span style=\"font-size: medium;\"><span lang=\"en-US\"> \u0111\u01b0\u1ee3c n\u00e9n \u0111\u1ec3 truy\u1ec1n nhi\u1ec7t nhanh h\u01a1n v\u00e0 hi\u1ec7u qu\u1ea3 h\u01a1n. Th\u00f4ng th\u01b0\u1eddng d\u00e0i 20-3000mm, v\u00f2ng gia nhi\u1ec7t l\u00f2 xo b\u00ean ngo\u00e0i s\u1eed d\u1ee5ng \u1ed1ng th\u00e9p Ni-Cr ch\u1ea5t l\u01b0\u1ee3ng cao, b\u00ean trong s\u1eed d\u1ee5ng oxit magi\u00ea \u0111\u1ed9 tinh khi\u1ebft cao, d\u00e2y \u0111i\u1ec7n tr\u1edf nhi\u1ec7t \u0111\u1ed9 cao. <\/span><\/span><\/span><\/span><\/p>\n","protected":false},"featured_media":1047,"template":"","meta":[],"product_brand":[],"product_cat":[33],"product_tag":[],"class_list":{"0":"post-1037","1":"product","2":"type-product","3":"status-publish","4":"has-post-thumbnail","6":"product_cat-hot-runner-heater","8":"first","9":"instock","10":"shipping-taxable","11":"product-type-simple"},"yoast_head":"<!-- This site is optimized with the Yoast SEO plugin v27.3 - https:\/\/yoast.com\/product\/yoast-seo-wordpress\/ -->\n<title>m\u00e1y s\u01b0\u1edfi \u0111\u01b0\u1eddng n\u00f3ng - Cheri Heater Technology Co.,Ltd.<\/title>\n<meta name=\"robots\" content=\"index, follow, max-snippet:-1, max-image-preview:large, max-video-preview:-1\" \/>\n<link rel=\"canonical\" href=\"https:\/\/cheri-heater.com\/vn\/product\/hot-runner-heater\/\" \/>\n<meta property=\"og:locale\" content=\"en_US\" \/>\n<meta property=\"og:type\" content=\"article\" \/>\n<meta property=\"og:title\" content=\"m\u00e1y s\u01b0\u1edfi \u0111\u01b0\u1eddng n\u00f3ng - Cheri Heater Technology Co.,Ltd.\" \/>\n<meta property=\"og:description\" content=\"Ph\u1ea7n t\u1eed gia nhi\u1ec7t cu\u1ed9n n\u00f3ng \u0111\u01b0\u1eddng ti\u00eam c\u00f4ng nghi\u1ec7p \u0111\u01b0\u1ee3c n\u00e9n \u0111\u1ec3 truy\u1ec1n nhi\u1ec7t nhanh h\u01a1n v\u00e0 hi\u1ec7u qu\u1ea3 h\u01a1n. Th\u00f4ng th\u01b0\u1eddng d\u00e0i 20-3000mm, v\u00f2ng gia nhi\u1ec7t l\u00f2 xo b\u00ean ngo\u00e0i s\u1eed d\u1ee5ng \u1ed1ng th\u00e9p Ni-Cr ch\u1ea5t l\u01b0\u1ee3ng cao, b\u00ean trong s\u1eed d\u1ee5ng oxit magi\u00ea \u0111\u1ed9 tinh khi\u1ebft cao, d\u00e2y \u0111i\u1ec7n tr\u1edf nhi\u1ec7t \u0111\u1ed9 cao.\" \/>\n<meta property=\"og:url\" content=\"https:\/\/cheri-heater.com\/vn\/product\/hot-runner-heater\/\" \/>\n<meta property=\"og:site_name\" content=\"Cheri Heater Technology Co.,Ltd.\" \/>\n<meta property=\"article:modified_time\" content=\"2024-07-28T04:10:57+00:00\" \/>\n<meta property=\"og:image\" content=\"http:\/\/cheri-heater.com\/vn\/wp-content\/uploads\/2024\/06\/H51a98d732aa84388a57c4fecf7a365bfg.jpg_720x720q50.jpg\" \/>\n\t<meta property=\"og:image:width\" content=\"720\" \/>\n\t<meta property=\"og:image:height\" content=\"720\" \/>\n\t<meta property=\"og:image:type\" content=\"image\/jpeg\" \/>\n<meta name=\"twitter:card\" content=\"summary_large_image\" \/>\n<meta name=\"twitter:label1\" content=\"Est. reading time\" \/>\n\t<meta name=\"twitter:data1\" content=\"1 minute\" \/>\n<!-- \/ Yoast SEO plugin. -->","yoast_head_json":{"title":"m\u00e1y s\u01b0\u1edfi \u0111\u01b0\u1eddng n\u00f3ng - Cheri Heater Technology Co.,Ltd.","robots":{"index":"index","follow":"follow","max-snippet":"max-snippet:-1","max-image-preview":"max-image-preview:large","max-video-preview":"max-video-preview:-1"},"canonical":"https:\/\/cheri-heater.com\/vn\/product\/hot-runner-heater\/","og_locale":"en_US","og_type":"article","og_title":"m\u00e1y s\u01b0\u1edfi \u0111\u01b0\u1eddng n\u00f3ng - Cheri Heater Technology Co.,Ltd.","og_description":"Ph\u1ea7n t\u1eed gia nhi\u1ec7t cu\u1ed9n n\u00f3ng \u0111\u01b0\u1eddng ti\u00eam c\u00f4ng nghi\u1ec7p \u0111\u01b0\u1ee3c n\u00e9n \u0111\u1ec3 truy\u1ec1n nhi\u1ec7t nhanh h\u01a1n v\u00e0 hi\u1ec7u qu\u1ea3 h\u01a1n. Th\u00f4ng th\u01b0\u1eddng d\u00e0i 20-3000mm, v\u00f2ng gia nhi\u1ec7t l\u00f2 xo b\u00ean ngo\u00e0i s\u1eed d\u1ee5ng \u1ed1ng th\u00e9p Ni-Cr ch\u1ea5t l\u01b0\u1ee3ng cao, b\u00ean trong s\u1eed d\u1ee5ng oxit magi\u00ea \u0111\u1ed9 tinh khi\u1ebft cao, d\u00e2y \u0111i\u1ec7n tr\u1edf nhi\u1ec7t \u0111\u1ed9 cao.","og_url":"https:\/\/cheri-heater.com\/vn\/product\/hot-runner-heater\/","og_site_name":"Cheri Heater Technology Co.,Ltd.","article_modified_time":"2024-07-28T04:10:57+00:00","og_image":[{"width":720,"height":720,"url":"http:\/\/cheri-heater.com\/vn\/wp-content\/uploads\/2024\/06\/H51a98d732aa84388a57c4fecf7a365bfg.jpg_720x720q50.jpg","type":"image\/jpeg"}],"twitter_card":"summary_large_image","twitter_misc":{"Est. reading time":"1 minute"},"schema":{"@context":"https:\/\/schema.org","@graph":[{"@type":"WebPage","@id":"https:\/\/cheri-heater.com\/vn\/product\/hot-runner-heater\/","url":"https:\/\/cheri-heater.com\/vn\/product\/hot-runner-heater\/","name":"m\u00e1y s\u01b0\u1edfi \u0111\u01b0\u1eddng n\u00f3ng - Cheri Heater Technology Co.,Ltd.","isPartOf":{"@id":"https:\/\/cheri-heater.com\/vn\/#website"},"primaryImageOfPage":{"@id":"https:\/\/cheri-heater.com\/vn\/product\/hot-runner-heater\/#primaryimage"},"image":{"@id":"https:\/\/cheri-heater.com\/vn\/product\/hot-runner-heater\/#primaryimage"},"thumbnailUrl":"https:\/\/cheri-heater.com\/vn\/wp-content\/uploads\/2024\/06\/H51a98d732aa84388a57c4fecf7a365bfg.jpg_720x720q50.jpg","datePublished":"2024-06-04T18:38:29+00:00","dateModified":"2024-07-28T04:10:57+00:00","breadcrumb":{"@id":"https:\/\/cheri-heater.com\/vn\/product\/hot-runner-heater\/#breadcrumb"},"inLanguage":"en-US","potentialAction":[{"@type":"ReadAction","target":["https:\/\/cheri-heater.com\/vn\/product\/hot-runner-heater\/"]}]},{"@type":"ImageObject","inLanguage":"en-US","@id":"https:\/\/cheri-heater.com\/vn\/product\/hot-runner-heater\/#primaryimage","url":"https:\/\/cheri-heater.com\/vn\/wp-content\/uploads\/2024\/06\/H51a98d732aa84388a57c4fecf7a365bfg.jpg_720x720q50.jpg","contentUrl":"https:\/\/cheri-heater.com\/vn\/wp-content\/uploads\/2024\/06\/H51a98d732aa84388a57c4fecf7a365bfg.jpg_720x720q50.jpg","width":720,"height":720},{"@type":"BreadcrumbList","@id":"https:\/\/cheri-heater.com\/vn\/product\/hot-runner-heater\/#breadcrumb","itemListElement":[{"@type":"ListItem","position":1,"name":"Home","item":"https:\/\/cheri-heater.com\/vn\/"},{"@type":"ListItem","position":2,"name":"Products","item":"https:\/\/cheri-heater.com\/vn\/products\/"},{"@type":"ListItem","position":3,"name":"m\u00e1y s\u01b0\u1edfi \u0111\u01b0\u1eddng n\u00f3ng"}]},{"@type":"WebSite","@id":"https:\/\/cheri-heater.com\/vn\/#website","url":"https:\/\/cheri-heater.com\/vn\/","name":"Cheri Heater Technology Co.,Ltd.","description":"","publisher":{"@id":"https:\/\/cheri-heater.com\/vn\/#organization"},"potentialAction":[{"@type":"SearchAction","target":{"@type":"EntryPoint","urlTemplate":"https:\/\/cheri-heater.com\/vn\/?s={search_term_string}"},"query-input":{"@type":"PropertyValueSpecification","valueRequired":true,"valueName":"search_term_string"}}],"inLanguage":"en-US"},{"@type":"Organization","@id":"https:\/\/cheri-heater.com\/vn\/#organization","name":"Cheri Heater Technology Co.,Ltd.","url":"https:\/\/cheri-heater.com\/vn\/","logo":{"@type":"ImageObject","inLanguage":"en-US","@id":"https:\/\/cheri-heater.com\/vn\/#\/schema\/logo\/image\/","url":"https:\/\/cheri-heater.com\/vn\/wp-content\/uploads\/2024\/06\/cropped-logo-resize.png","contentUrl":"https:\/\/cheri-heater.com\/vn\/wp-content\/uploads\/2024\/06\/cropped-logo-resize.png","width":346,"height":99,"caption":"Cheri Heater Technology Co.,Ltd."},"image":{"@id":"https:\/\/cheri-heater.com\/vn\/#\/schema\/logo\/image\/"}}]}},"_links":{"self":[{"href":"https:\/\/cheri-heater.com\/vn\/wp-json\/wp\/v2\/product\/1037","targetHints":{"allow":["GET"]}}],"collection":[{"href":"https:\/\/cheri-heater.com\/vn\/wp-json\/wp\/v2\/product"}],"about":[{"href":"https:\/\/cheri-heater.com\/vn\/wp-json\/wp\/v2\/types\/product"}],"wp:featuredmedia":[{"embeddable":true,"href":"https:\/\/cheri-heater.com\/vn\/wp-json\/wp\/v2\/media\/1047"}],"wp:attachment":[{"href":"https:\/\/cheri-heater.com\/vn\/wp-json\/wp\/v2\/media?parent=1037"}],"wp:term":[{"taxonomy":"product_brand","embeddable":true,"href":"https:\/\/cheri-heater.com\/vn\/wp-json\/wp\/v2\/product_brand?post=1037"},{"taxonomy":"product_cat","embeddable":true,"href":"https:\/\/cheri-heater.com\/vn\/wp-json\/wp\/v2\/product_cat?post=1037"},{"taxonomy":"product_tag","embeddable":true,"href":"https:\/\/cheri-heater.com\/vn\/wp-json\/wp\/v2\/product_tag?post=1037"}],"curies":[{"name":"wp","href":"https:\/\/api.w.org\/{rel}","templated":true}]}}