{"id":1049,"date":"2024-06-04T18:38:54","date_gmt":"2024-06-04T18:38:54","guid":{"rendered":"https:\/\/cheri-heater.com\/vn\/?post_type=product&#038;p=1049"},"modified":"2024-07-28T04:04:39","modified_gmt":"2024-07-28T04:04:39","slug":"pipeline-heater","status":"publish","type":"product","link":"https:\/\/cheri-heater.com\/vn\/product\/pipeline-heater\/","title":{"rendered":"m\u00e1y s\u01b0\u1edfi \u0111\u01b0\u1eddng \u1ed1ng"},"content":{"rendered":"<p class=\"western\"><span style=\"color: #333333;\"><span style=\"font-family: Roboto, serif;\"><span style=\"font-size: medium;\"><span lang=\"en-US\"><b>T<\/b><\/span><\/span><\/span><\/span><span style=\"color: #333333;\"><span style=\"font-family: Roboto, serif;\"><span style=\"font-size: medium;\"><b>\u00ednh n\u0103ng:<\/b><\/span><\/span><\/span> <span style=\"color: #333333;\"><span style=\"font-family: Arial, serif;\"><span style=\"font-size: small;\">1. Hi\u1ec7u su\u1ea5t nhi\u1ec7t l\u1edbn h\u01a1n 95% 2. B\u1ed9 s\u01b0\u1edfi \u0111\u01b0\u1eddng \u1ed1ng lo\u1ea1i d\u1ecdc chi\u1ebfm di\u1ec7n t\u00edch nh\u1ecf nh\u01b0ng c\u00f3 y\u00eau c\u1ea7u v\u1ec1 chi\u1ec1u cao. Lo\u1ea1i ngang chi\u1ebfm di\u1ec7n t\u00edch l\u1edbn nh\u01b0ng kh\u00f4ng c\u00f3 y\u00eau c\u1ea7u v\u1ec1 chi\u1ec1u cao. 3. V\u1eadt li\u1ec7u c\u1ee7a b\u1ed9 s\u01b0\u1edfi \u0111\u01b0\u1eddng \u1ed1ng l\u00e0: th\u00e9p cacbon, th\u00e9p kh\u00f4ng g\u1ec9 SUS304, th\u00e9p kh\u00f4ng g\u1ec9 SUS316L, th\u00e9p kh\u00f4ng g\u1ec9 310S, v.v. Ch\u1ecdn v\u1eadt li\u1ec7u ph\u00f9 h\u1ee3p theo c\u00e1c y\u00eau c\u1ea7u quy tr\u00ecnh gia nhi\u1ec7t kh\u00e1c nhau. 4. M\u00e1y s\u01b0\u1edfi \u0111\u01b0\u1eddng \u1ed1ng \u0111\u01b0\u1ee3c l\u00e0m n\u00f3ng b\u1eb1ng \u1ed1ng \u0111i\u1ec7n m\u1eb7t b\u00edch v\u00e0 \u0111\u01b0\u1ee3c trang b\u1ecb c\u00e1c t\u1ea5m ch\u1eafn \u0111\u01b0\u1ee3c thi\u1ebft k\u1ebf chuy\u00ean nghi\u1ec7p \u0111\u1ec3 \u0111\u1ea3m b\u1ea3o \u1ed1ng \u0111i\u1ec7n t\u1ea1o ra nhi\u1ec7t \u0111\u1ec1u v\u00e0 m\u00f4i tr\u01b0\u1eddng gia nhi\u1ec7t h\u1ea5p th\u1ee5 nhi\u1ec7t ho\u00e0n to\u00e0n. 5. \u0110\u1ed1i v\u1edbi c\u00e1c y\u00eau c\u1ea7u nhi\u1ec7t \u0111\u1ed9 cao (nhi\u1ec7t \u0111\u1ed9 kh\u00f4ng kh\u00ed \u0111\u1ea7u ra l\u1edbn h\u01a1n 600 \u0111\u1ed9), s\u1eed d\u1ee5ng \u1ed1ng gia nhi\u1ec7t b\u1ee9c x\u1ea1 \u0111i\u1ec7n b\u1eb1ng th\u00e9p kh\u00f4ng g\u1ec9 310S ch\u1ecbu nhi\u1ec7t \u0111\u1ed9 cao \u0111\u1ec3 gia nhi\u1ec7t v\u00e0 nhi\u1ec7t \u0111\u1ed9 kh\u00f4ng kh\u00ed \u0111\u1ea7u ra c\u00f3 th\u1ec3 \u0111\u1ea1t t\u1edbi 800 \u2103.<\/span><\/span><\/span><\/p>\n<p><img fetchpriority=\"high\" decoding=\"async\" class=\"aligncenter size-full wp-image-1054\" src=\"http:\/\/cheri-heater.com\/vn\/wp-content\/uploads\/2024\/06\/decription.png\" alt=\"\" width=\"1213\" height=\"412\" srcset=\"https:\/\/cheri-heater.com\/vn\/wp-content\/uploads\/2024\/06\/decription.png 1213w, https:\/\/cheri-heater.com\/vn\/wp-content\/uploads\/2024\/06\/decription-600x204.png 600w, https:\/\/cheri-heater.com\/vn\/wp-content\/uploads\/2024\/06\/decription-300x102.png 300w, https:\/\/cheri-heater.com\/vn\/wp-content\/uploads\/2024\/06\/decription-1024x348.png 1024w, https:\/\/cheri-heater.com\/vn\/wp-content\/uploads\/2024\/06\/decription-768x261.png 768w\" sizes=\"(max-width: 1213px) 100vw, 1213px\" \/><\/p>\n<p>&nbsp;<\/p>\n<p class=\"western\" align=\"left\"><strong><span style=\"font-family: Helvetica, Arial, sans-serif;\"><span style=\"font-size: medium;\"><span style=\"color: #222222;\">C\u00e1c ng\u00e0nh c\u00f4ng nghi\u1ec7p \u00e1p d\u1ee5ng: <\/span><\/span><\/span><\/strong><span style=\"font-family: Helvetica, Arial, sans-serif;\"><span style=\"font-size: medium;\"><span style=\"color: #222222;\">C\u1eeda h\u00e0ng s\u1eeda ch\u1eefa m\u00e1y m\u00f3c, nh\u00e0 m\u00e1y s\u1ea3n xu\u1ea5t, trang tr\u1ea1i, c\u1eeda h\u00e0ng in \u1ea5n, c\u00f4ng tr\u00ecnh x\u00e2y d\u1ef1ng, n\u0103ng l\u01b0\u1ee3ng &#038; khai th\u00e1c m\u1ecf<\/span><\/span><\/span><\/p>\n<p class=\"western\" align=\"left\"><strong><span style=\"font-family: Helvetica, Arial, sans-serif;\"><span style=\"font-size: medium;\"><span style=\"color: #222222;\">Xu\u1ea5t x\u1ee9: <\/span><\/span><\/span><\/strong><span style=\"font-family: Helvetica, Arial, sans-serif;\"><span style=\"font-size: medium;\"><span style=\"color: #222222;\">Giang T\u00f4, Trung Qu\u1ed1c<\/span><\/span><\/span><\/p>\n<p class=\"western\" align=\"left\"><strong><span style=\"font-family: Helvetica, Arial, sans-serif;\"><span style=\"font-size: medium;\"><span style=\"color: #222222;\">Tr\u1ecdng l\u01b0\u1ee3ng: <\/span><\/span><\/span><\/strong><span style=\"font-family: Helvetica, Arial, sans-serif;\"><span style=\"font-size: medium;\"><span style=\"color: #222222;\">250 KG<\/span><\/span><\/span><\/p>\n<p class=\"western\" align=\"left\"><strong><span style=\"font-family: Helvetica, Arial, sans-serif;\"><span style=\"font-size: medium;\"><span style=\"color: #222222;\">B\u1ea3o h\u00e0nh: <\/span><\/span><\/span><\/strong><span style=\"font-family: Helvetica, Arial, sans-serif;\"><span style=\"font-size: medium;\"><span style=\"color: #222222;\">1 N\u0103m<\/span><\/span><\/span><\/p>\n<p class=\"western\" align=\"left\"><strong><span style=\"font-family: Helvetica, Arial, sans-serif;\"><span style=\"font-size: medium;\"><span style=\"color: #222222;\">V\u1eadt li\u1ec7u: <\/span><\/span><\/span><\/strong><span style=\"font-family: Helvetica, Arial, sans-serif;\"><span style=\"font-size: medium;\"><span style=\"color: #222222;\">Th\u00e9p kh\u00f4ng g\u1ec9<\/span><\/span><\/span><\/p>\n<p class=\"western\" align=\"left\"><strong><span style=\"font-family: Helvetica, Arial, sans-serif;\"><span style=\"font-size: medium;\"><span style=\"color: #222222;\">\u0110i\u1ec3m b\u00e1n h\u00e0ng ch\u00ednh: <\/span><\/span><\/span><\/strong><span style=\"font-family: Helvetica, Arial, sans-serif;\"><span style=\"font-size: medium;\"><span style=\"color: #222222;\">Ti\u1ebft ki\u1ec7m n\u0103ng l\u01b0\u1ee3ng<\/span><\/span><\/span><\/p>\n<p class=\"western\" align=\"left\"><strong><span style=\"font-family: Helvetica, Arial, sans-serif;\"><span style=\"font-size: medium;\"><span style=\"color: #222222;\">T\u00ecnh tr\u1ea1ng: <\/span><\/span><\/span><\/strong><span style=\"font-family: Helvetica, Arial, sans-serif;\"><span style=\"font-size: medium;\"><span style=\"color: #222222;\">M\u1edbi<\/span><\/span><\/span><\/p>\n<p class=\"western\" align=\"left\"><strong><span style=\"font-family: Helvetica, Arial, sans-serif;\"><span style=\"font-size: medium;\"><span style=\"color: #222222;\">T\u00ean th\u01b0\u01a1ng hi\u1ec7u: <\/span><\/span><\/span><\/strong><span style=\"font-family: Helvetica, Arial, sans-serif;\"><span style=\"font-size: medium;\"><span style=\"color: #222222;\">Cheri<\/span><\/span><\/span><\/p>\n<p class=\"western\" align=\"left\"><strong><span style=\"font-family: Helvetica, Arial, sans-serif;\"><span style=\"font-size: medium;\"><span style=\"color: #222222;\">K\u00edch th\u01b0\u1edbc (D*R*C): <\/span><\/span><\/span><\/strong><span style=\"font-family: Helvetica, Arial, sans-serif;\"><span style=\"font-size: medium;\"><span style=\"color: #222222;\">1250*285*585<\/span><\/span><\/span><\/p>\n<p class=\"western\" align=\"left\"><strong><span style=\"font-family: Helvetica, Arial, sans-serif;\"><span style=\"font-size: medium;\"><span style=\"color: #222222;\">Ph\u1ea1m vi nhi\u1ec7t \u0111\u1ed9 l\u00e0m vi\u1ec7c: <\/span><\/span><\/span><\/strong><span style=\"font-family: Helvetica, Arial, sans-serif;\"><span style=\"font-size: medium;\"><span style=\"color: #222222;\">0 &#8211; 600 \u2103<\/span><\/span><\/span><\/p>\n<p class=\"western\" align=\"left\"><strong><span style=\"font-family: Helvetica, Arial, sans-serif;\"><span style=\"font-size: medium;\"><span style=\"color: #222222;\">B\u1ea3o h\u00e0nh c\u00e1c b\u1ed9 ph\u1eadn ch\u00ednh: <\/span><\/span><\/span><\/strong><span style=\"font-family: Helvetica, Arial, sans-serif;\"><span style=\"font-size: medium;\"><span style=\"color: #222222;\">1 N\u0103m<\/span><\/span><\/span><\/p>\n<p class=\"western\" align=\"left\"><strong><span style=\"font-family: Helvetica, Arial, sans-serif;\"><span style=\"font-size: medium;\"><span style=\"color: #222222;\">C\u00e1c th\u00e0nh ph\u1ea7n ch\u00ednh: <\/span><\/span><\/span><\/strong><span style=\"font-family: Helvetica, Arial, sans-serif;\"><span style=\"font-size: medium;\"><span style=\"color: #222222;\">C\u00e1c ph\u1ea7n t\u1eed gia nhi\u1ec7t<\/span><\/span><\/span><\/p>\n<p class=\"western\" align=\"left\"><strong><span style=\"font-family: Helvetica, Arial, sans-serif;\"><span style=\"font-size: medium;\"><span style=\"color: #222222;\">T\u00ean s\u1ea3n ph\u1ea9m: <\/span><\/span><\/span><\/strong><span style=\"font-family: Helvetica, Arial, sans-serif;\"><span style=\"font-size: medium;\"><span style=\"color: #222222;\">B\u1ed9 s\u01b0\u1edfi \u0111\u01b0\u1eddng \u1ed1ng<\/span><\/span><\/span><\/p>\n<p class=\"western\" align=\"left\"><strong><span style=\"font-family: Helvetica, Arial, sans-serif;\"><span style=\"font-size: medium;\"><span style=\"color: #222222;\">\u0110i\u1ec7n \u00e1p c\u00f3 s\u1eb5n: <\/span><\/span><\/span><\/strong><span style=\"font-family: Helvetica, Arial, sans-serif;\"><span style=\"font-size: medium;\"><span style=\"color: #222222;\">110V-600V<\/span><\/span><\/span><\/p>\n<p class=\"western\" align=\"left\"><strong><span style=\"font-family: Helvetica, Arial, sans-serif;\"><span style=\"font-size: medium;\"><span style=\"color: #222222;\">C\u00f4ng su\u1ea5t: <\/span><\/span><\/span><\/strong><span style=\"font-family: Helvetica, Arial, sans-serif;\"><span style=\"font-size: medium;\"><span style=\"color: #222222;\">5KW-1000KW<\/span><\/span><\/span><\/p>\n<p class=\"western\" align=\"left\"><strong><span style=\"font-family: Helvetica, Arial, sans-serif;\"><span style=\"font-size: medium;\"><span style=\"color: #222222;\">M\u00f4i tr\u01b0\u1eddng gia nhi\u1ec7t: <\/span><\/span><\/span><\/strong><span style=\"font-family: Helvetica, Arial, sans-serif;\"><span style=\"font-size: medium;\"><span style=\"color: #222222;\">l\u1ecfng ho\u1eb7c kh\u00ed<\/span><\/span><\/span><\/p>\n<p class=\"western\" align=\"left\"><strong><span style=\"font-family: Helvetica, Arial, sans-serif;\"><span style=\"font-size: medium;\"><span style=\"color: #222222;\">V\u1eadt li\u1ec7u: <\/span><\/span><\/span><\/strong><span style=\"font-family: Helvetica, Arial, sans-serif;\"><span style=\"font-size: medium;\"><span style=\"color: #222222;\">Th\u00e9p Cacbon ho\u1eb7c th\u00e9p kh\u00f4ng g\u1ec9<\/span><\/span><\/span><\/p>\n<p class=\"western\" align=\"left\"><strong><span style=\"font-family: Helvetica, Arial, sans-serif;\"><span style=\"font-size: medium;\"><span style=\"color: #222222;\">D\u1ecbch v\u1ee5 h\u1eadu m\u00e3i cung c\u1ea5p: <\/span><\/span><\/span><\/strong><span style=\"font-family: Helvetica, Arial, sans-serif;\"><span style=\"font-size: medium;\"><span style=\"color: #222222;\">H\u1ed7 tr\u1ee3 tr\u1ef1c tuy\u1ebfn<\/span><\/span><\/span><\/p>\n<p class=\"western\" align=\"left\"><strong><span style=\"font-family: Helvetica, Arial, sans-serif;\"><span style=\"font-size: medium;\"><span style=\"color: #222222;\">V\u1eadt li\u1ec7u v\u1ecf: <\/span><\/span><\/span><\/strong><span style=\"font-family: Helvetica, Arial, sans-serif;\"><span style=\"font-size: medium;\"><span style=\"color: #222222;\">Th\u00e9p Cacbon ho\u1eb7c th\u00e9p kh\u00f4ng g\u1ec9<\/span><\/span><\/span><\/p>\n<p class=\"western\" align=\"left\"><strong><span style=\"font-family: Helvetica, Arial, sans-serif;\"><span style=\"font-size: medium;\"><span style=\"color: #222222;\">Nhi\u1ec7t \u0111\u1ed9 l\u00e0m vi\u1ec7c: <\/span><\/span><\/span><\/strong><span style=\"font-family: Helvetica, Arial, sans-serif;\"><span style=\"font-size: medium;\"><span style=\"color: #222222;\">0-600C<\/span><\/span><\/span><\/p>\n<p class=\"western\" align=\"left\"><strong><span style=\"font-family: Helvetica, Arial, sans-serif;\"><span style=\"font-size: medium;\"><span style=\"color: #222222;\">Ph\u01b0\u01a1ng ph\u00e1p gia nhi\u1ec7t: <\/span><\/span><\/span><\/strong><span style=\"font-family: Helvetica, Arial, sans-serif;\"><span style=\"font-size: medium;\"><span style=\"color: #222222;\">Gia nhi\u1ec7t \u0111i\u1ec7n<\/span><\/span><\/span><\/p>\n<p class=\"western\" align=\"left\"><strong><span style=\"font-family: Helvetica, Arial, sans-serif;\"><span style=\"font-size: medium;\"><span style=\"color: #222222;\">\u0110\u00f3ng g\u00f3i: <\/span><\/span><\/span><\/strong><span style=\"font-family: Helvetica, Arial, sans-serif;\"><span style=\"font-size: medium;\"><span style=\"color: #222222;\">\u0110\u00f3ng g\u00f3i g\u1ed7<\/span><\/span><\/span><\/p>\n<p><img decoding=\"async\" class=\"aligncenter size-full wp-image-1055 lazyload\" data-src=\"http:\/\/cheri-heater.com\/vn\/wp-content\/uploads\/2024\/06\/\u5fae\u4fe1\u56fe\u7247_202306151303051.jpg\" alt=\"\" width=\"711\" height=\"846\" data-srcset=\"https:\/\/cheri-heater.com\/vn\/wp-content\/uploads\/2024\/06\/\u5fae\u4fe1\u56fe\u7247_202306151303051.jpg 711w, https:\/\/cheri-heater.com\/vn\/wp-content\/uploads\/2024\/06\/\u5fae\u4fe1\u56fe\u7247_202306151303051-600x714.jpg 600w, https:\/\/cheri-heater.com\/vn\/wp-content\/uploads\/2024\/06\/\u5fae\u4fe1\u56fe\u7247_202306151303051-252x300.jpg 252w\" data-sizes=\"(max-width: 711px) 100vw, 711px\" src=\"data:image\/svg+xml;base64,PHN2ZyB3aWR0aD0iMSIgaGVpZ2h0PSIxIiB4bWxucz0iaHR0cDovL3d3dy53My5vcmcvMjAwMC9zdmciPjwvc3ZnPg==\" style=\"--smush-placeholder-width: 711px; --smush-placeholder-aspect-ratio: 711\/846;\" \/><\/p>\n","protected":false},"excerpt":{"rendered":"<p class=\"western\" align=\"justify\"><span style=\"color: #333333;\"><span style=\"font-family: Arial, serif;\"><span style=\"font-size: small;\"><span lang=\"en-US\">M\u00e1y s\u01b0\u1edfi \u0111\u01b0\u1eddng \u1ed1ng l\u00e0 m\u1ed9t thi\u1ebft b\u1ecb ti\u1ebft ki\u1ec7m n\u0103ng l\u01b0\u1ee3ng, \u0111\u01b0\u1ee3c s\u1eed d\u1ee5ng \u0111\u1ec3 l\u00e0m n\u00f3ng tr\u01b0\u1edbc m\u00f4i tr\u01b0\u1eddng gia nhi\u1ec7t. N\u00f3 \u0111\u01b0\u1ee3c l\u1eafp \u0111\u1eb7t tr\u01b0\u1edbc thi\u1ebft b\u1ecb gia nhi\u1ec7t \u0111\u1ec3 l\u00e0m n\u00f3ng tr\u1ef1c ti\u1ebfp m\u00f4i tr\u01b0\u1eddng, gi\u00fap tu\u1ea7n ho\u00e0n gia nhi\u1ec7t \u1edf nhi\u1ec7t \u0111\u1ed9 cao v\u00e0 cu\u1ed1i c\u00f9ng \u0111\u1ea1t \u0111\u01b0\u1ee3c m\u1ee5c \u0111\u00edch ti\u1ebft ki\u1ec7m n\u0103ng l\u01b0\u1ee3ng. N\u00f3 \u0111\u01b0\u1ee3c s\u1eed d\u1ee5ng r\u1ed9ng r\u00e3i trong vi\u1ec7c l\u00e0m n\u00f3ng tr\u01b0\u1edbc d\u1ea7u nhi\u00ean li\u1ec7u nh\u01b0 d\u1ea7u n\u1eb7ng, nh\u1ef1a \u0111\u01b0\u1eddng v\u00e0 d\u1ea7u trong. B\u1ed9 s\u01b0\u1edfi \u0111\u01b0\u1eddng \u1ed1ng bao g\u1ed3m m\u1ed9t th\u00e2n m\u00e1y v\u00e0 m\u1ed9t h\u1ec7 th\u1ed1ng \u0111i\u1ec1u khi\u1ec3n. Ph\u1ea7n t\u1eed gia nhi\u1ec7t \u0111\u01b0\u1ee3c l\u00e0m b\u1eb1ng \u1ed1ng th\u00e9p kh\u00f4ng g\u1ec9 li\u1ec1n m\u1ea1ch l\u00e0m \u1ed1ng b\u1ea3o v\u1ec7, d\u00e2y h\u1ee3p kim ch\u1ecbu nhi\u1ec7t \u0111\u1ed9 cao v\u00e0 b\u1ed9t magi\u00ea oxit tinh khi\u1ebft cao, \u0111\u01b0\u1ee3c x\u1eed l\u00fd b\u1eb1ng quy tr\u00ecnh n\u00e9n, v\u00e0 ph\u1ea7n \u0111i\u1ec1u khi\u1ec3n s\u1eed d\u1ee5ng m\u1ea1ch k\u1ef9 thu\u1eadt s\u1ed1 ti\u00ean ti\u1ebfn, b\u1ed9 k\u00edch t\u00edch h\u1ee3p, v.v. t\u1ea1o th\u00e0nh m\u1ed9t h\u1ec7 th\u1ed1ng \u0111o nhi\u1ec7t \u0111\u1ed9 c\u00f3 th\u1ec3 \u0111i\u1ec1u ch\u1ec9nh v\u00e0 duy tr\u00ec nhi\u1ec7t \u0111\u1ed9 \u1ed5n \u0111\u1ecbnh \u0111\u1ec3 \u0111\u1ea3m b\u1ea3o ho\u1ea1t \u0111\u1ed9ng b\u00ecnh th\u01b0\u1eddng c\u1ee7a m\u00e1y s\u01b0\u1edfi \u0111i\u1ec7n.<\/span><\/span><\/span><\/span><\/p>\n","protected":false},"featured_media":1053,"template":"","meta":[],"product_brand":[],"product_cat":[34],"product_tag":[],"class_list":{"0":"post-1049","1":"product","2":"type-product","3":"status-publish","4":"has-post-thumbnail","6":"product_cat-pipeline-heater","8":"first","9":"instock","10":"shipping-taxable","11":"product-type-simple"},"yoast_head":"<!-- This site is optimized with the Yoast SEO plugin v27.4 - https:\/\/yoast.com\/product\/yoast-seo-wordpress\/ -->\n<title>m\u00e1y s\u01b0\u1edfi \u0111\u01b0\u1eddng \u1ed1ng - Cheri Heater Technology Co.,Ltd.<\/title>\n<meta name=\"robots\" content=\"index, follow, max-snippet:-1, max-image-preview:large, max-video-preview:-1\" \/>\n<link rel=\"canonical\" href=\"https:\/\/cheri-heater.com\/vn\/product\/pipeline-heater\/\" \/>\n<meta property=\"og:locale\" content=\"en_US\" \/>\n<meta property=\"og:type\" content=\"article\" \/>\n<meta property=\"og:title\" content=\"m\u00e1y s\u01b0\u1edfi \u0111\u01b0\u1eddng \u1ed1ng - Cheri Heater Technology Co.,Ltd.\" \/>\n<meta property=\"og:description\" content=\"M\u00e1y s\u01b0\u1edfi \u0111\u01b0\u1eddng \u1ed1ng l\u00e0 m\u1ed9t thi\u1ebft b\u1ecb ti\u1ebft ki\u1ec7m n\u0103ng l\u01b0\u1ee3ng, \u0111\u01b0\u1ee3c s\u1eed d\u1ee5ng \u0111\u1ec3 l\u00e0m n\u00f3ng tr\u01b0\u1edbc m\u00f4i tr\u01b0\u1eddng gia nhi\u1ec7t. N\u00f3 \u0111\u01b0\u1ee3c l\u1eafp \u0111\u1eb7t tr\u01b0\u1edbc thi\u1ebft b\u1ecb gia nhi\u1ec7t \u0111\u1ec3 l\u00e0m n\u00f3ng tr\u1ef1c ti\u1ebfp m\u00f4i tr\u01b0\u1eddng, gi\u00fap tu\u1ea7n ho\u00e0n gia nhi\u1ec7t \u1edf nhi\u1ec7t \u0111\u1ed9 cao v\u00e0 cu\u1ed1i c\u00f9ng \u0111\u1ea1t \u0111\u01b0\u1ee3c m\u1ee5c \u0111\u00edch ti\u1ebft ki\u1ec7m n\u0103ng l\u01b0\u1ee3ng. N\u00f3 \u0111\u01b0\u1ee3c s\u1eed d\u1ee5ng r\u1ed9ng r\u00e3i trong vi\u1ec7c l\u00e0m n\u00f3ng tr\u01b0\u1edbc d\u1ea7u nhi\u00ean li\u1ec7u nh\u01b0 d\u1ea7u n\u1eb7ng, nh\u1ef1a \u0111\u01b0\u1eddng v\u00e0 d\u1ea7u trong. B\u1ed9 s\u01b0\u1edfi \u0111\u01b0\u1eddng \u1ed1ng bao g\u1ed3m m\u1ed9t th\u00e2n m\u00e1y v\u00e0 m\u1ed9t h\u1ec7 th\u1ed1ng \u0111i\u1ec1u khi\u1ec3n. Ph\u1ea7n t\u1eed gia nhi\u1ec7t \u0111\u01b0\u1ee3c l\u00e0m b\u1eb1ng \u1ed1ng th\u00e9p kh\u00f4ng g\u1ec9 li\u1ec1n m\u1ea1ch l\u00e0m \u1ed1ng b\u1ea3o v\u1ec7, d\u00e2y h\u1ee3p kim ch\u1ecbu nhi\u1ec7t \u0111\u1ed9 cao v\u00e0 b\u1ed9t magi\u00ea oxit tinh khi\u1ebft cao, \u0111\u01b0\u1ee3c x\u1eed l\u00fd b\u1eb1ng quy tr\u00ecnh n\u00e9n, v\u00e0 ph\u1ea7n \u0111i\u1ec1u khi\u1ec3n s\u1eed d\u1ee5ng m\u1ea1ch k\u1ef9 thu\u1eadt s\u1ed1 ti\u00ean ti\u1ebfn, b\u1ed9 k\u00edch t\u00edch h\u1ee3p, v.v. t\u1ea1o th\u00e0nh m\u1ed9t h\u1ec7 th\u1ed1ng \u0111o nhi\u1ec7t \u0111\u1ed9 c\u00f3 th\u1ec3 \u0111i\u1ec1u ch\u1ec9nh v\u00e0 duy tr\u00ec nhi\u1ec7t \u0111\u1ed9 \u1ed5n \u0111\u1ecbnh \u0111\u1ec3 \u0111\u1ea3m b\u1ea3o ho\u1ea1t \u0111\u1ed9ng b\u00ecnh th\u01b0\u1eddng c\u1ee7a m\u00e1y s\u01b0\u1edfi \u0111i\u1ec7n.\" \/>\n<meta property=\"og:url\" content=\"https:\/\/cheri-heater.com\/vn\/product\/pipeline-heater\/\" \/>\n<meta property=\"og:site_name\" content=\"Cheri Heater Technology Co.,Ltd.\" \/>\n<meta property=\"article:modified_time\" content=\"2024-07-28T04:04:39+00:00\" \/>\n<meta property=\"og:image\" content=\"http:\/\/cheri-heater.com\/vn\/wp-content\/uploads\/2024\/06\/\u5fae\u4fe1\u56fe\u7247_202306151303055.jpg\" \/>\n\t<meta property=\"og:image:width\" content=\"750\" \/>\n\t<meta property=\"og:image:height\" content=\"750\" \/>\n\t<meta property=\"og:image:type\" content=\"image\/jpeg\" \/>\n<meta name=\"twitter:card\" content=\"summary_large_image\" \/>\n<meta name=\"twitter:label1\" content=\"Est. reading time\" \/>\n\t<meta name=\"twitter:data1\" content=\"2 minutes\" \/>\n<!-- \/ Yoast SEO plugin. -->","yoast_head_json":{"title":"m\u00e1y s\u01b0\u1edfi \u0111\u01b0\u1eddng \u1ed1ng - Cheri Heater Technology Co.,Ltd.","robots":{"index":"index","follow":"follow","max-snippet":"max-snippet:-1","max-image-preview":"max-image-preview:large","max-video-preview":"max-video-preview:-1"},"canonical":"https:\/\/cheri-heater.com\/vn\/product\/pipeline-heater\/","og_locale":"en_US","og_type":"article","og_title":"m\u00e1y s\u01b0\u1edfi \u0111\u01b0\u1eddng \u1ed1ng - Cheri Heater Technology Co.,Ltd.","og_description":"M\u00e1y s\u01b0\u1edfi \u0111\u01b0\u1eddng \u1ed1ng l\u00e0 m\u1ed9t thi\u1ebft b\u1ecb ti\u1ebft ki\u1ec7m n\u0103ng l\u01b0\u1ee3ng, \u0111\u01b0\u1ee3c s\u1eed d\u1ee5ng \u0111\u1ec3 l\u00e0m n\u00f3ng tr\u01b0\u1edbc m\u00f4i tr\u01b0\u1eddng gia nhi\u1ec7t. N\u00f3 \u0111\u01b0\u1ee3c l\u1eafp \u0111\u1eb7t tr\u01b0\u1edbc thi\u1ebft b\u1ecb gia nhi\u1ec7t \u0111\u1ec3 l\u00e0m n\u00f3ng tr\u1ef1c ti\u1ebfp m\u00f4i tr\u01b0\u1eddng, gi\u00fap tu\u1ea7n ho\u00e0n gia nhi\u1ec7t \u1edf nhi\u1ec7t \u0111\u1ed9 cao v\u00e0 cu\u1ed1i c\u00f9ng \u0111\u1ea1t \u0111\u01b0\u1ee3c m\u1ee5c \u0111\u00edch ti\u1ebft ki\u1ec7m n\u0103ng l\u01b0\u1ee3ng. N\u00f3 \u0111\u01b0\u1ee3c s\u1eed d\u1ee5ng r\u1ed9ng r\u00e3i trong vi\u1ec7c l\u00e0m n\u00f3ng tr\u01b0\u1edbc d\u1ea7u nhi\u00ean li\u1ec7u nh\u01b0 d\u1ea7u n\u1eb7ng, nh\u1ef1a \u0111\u01b0\u1eddng v\u00e0 d\u1ea7u trong. B\u1ed9 s\u01b0\u1edfi \u0111\u01b0\u1eddng \u1ed1ng bao g\u1ed3m m\u1ed9t th\u00e2n m\u00e1y v\u00e0 m\u1ed9t h\u1ec7 th\u1ed1ng \u0111i\u1ec1u khi\u1ec3n. Ph\u1ea7n t\u1eed gia nhi\u1ec7t \u0111\u01b0\u1ee3c l\u00e0m b\u1eb1ng \u1ed1ng th\u00e9p kh\u00f4ng g\u1ec9 li\u1ec1n m\u1ea1ch l\u00e0m \u1ed1ng b\u1ea3o v\u1ec7, d\u00e2y h\u1ee3p kim ch\u1ecbu nhi\u1ec7t \u0111\u1ed9 cao v\u00e0 b\u1ed9t magi\u00ea oxit tinh khi\u1ebft cao, \u0111\u01b0\u1ee3c x\u1eed l\u00fd b\u1eb1ng quy tr\u00ecnh n\u00e9n, v\u00e0 ph\u1ea7n \u0111i\u1ec1u khi\u1ec3n s\u1eed d\u1ee5ng m\u1ea1ch k\u1ef9 thu\u1eadt s\u1ed1 ti\u00ean ti\u1ebfn, b\u1ed9 k\u00edch t\u00edch h\u1ee3p, v.v. t\u1ea1o th\u00e0nh m\u1ed9t h\u1ec7 th\u1ed1ng \u0111o nhi\u1ec7t \u0111\u1ed9 c\u00f3 th\u1ec3 \u0111i\u1ec1u ch\u1ec9nh v\u00e0 duy tr\u00ec nhi\u1ec7t \u0111\u1ed9 \u1ed5n \u0111\u1ecbnh \u0111\u1ec3 \u0111\u1ea3m b\u1ea3o ho\u1ea1t \u0111\u1ed9ng b\u00ecnh th\u01b0\u1eddng c\u1ee7a m\u00e1y s\u01b0\u1edfi \u0111i\u1ec7n.","og_url":"https:\/\/cheri-heater.com\/vn\/product\/pipeline-heater\/","og_site_name":"Cheri Heater Technology Co.,Ltd.","article_modified_time":"2024-07-28T04:04:39+00:00","og_image":[{"width":750,"height":750,"url":"http:\/\/cheri-heater.com\/vn\/wp-content\/uploads\/2024\/06\/\u5fae\u4fe1\u56fe\u7247_202306151303055.jpg","type":"image\/jpeg"}],"twitter_card":"summary_large_image","twitter_misc":{"Est. reading time":"2 minutes"},"schema":{"@context":"https:\/\/schema.org","@graph":[{"@type":"WebPage","@id":"https:\/\/cheri-heater.com\/vn\/product\/pipeline-heater\/","url":"https:\/\/cheri-heater.com\/vn\/product\/pipeline-heater\/","name":"m\u00e1y s\u01b0\u1edfi \u0111\u01b0\u1eddng \u1ed1ng - Cheri Heater Technology Co.,Ltd.","isPartOf":{"@id":"https:\/\/cheri-heater.com\/vn\/#website"},"primaryImageOfPage":{"@id":"https:\/\/cheri-heater.com\/vn\/product\/pipeline-heater\/#primaryimage"},"image":{"@id":"https:\/\/cheri-heater.com\/vn\/product\/pipeline-heater\/#primaryimage"},"thumbnailUrl":"https:\/\/cheri-heater.com\/vn\/wp-content\/uploads\/2024\/06\/\u5fae\u4fe1\u56fe\u7247_202306151303055.jpg","datePublished":"2024-06-04T18:38:54+00:00","dateModified":"2024-07-28T04:04:39+00:00","breadcrumb":{"@id":"https:\/\/cheri-heater.com\/vn\/product\/pipeline-heater\/#breadcrumb"},"inLanguage":"en-US","potentialAction":[{"@type":"ReadAction","target":["https:\/\/cheri-heater.com\/vn\/product\/pipeline-heater\/"]}]},{"@type":"ImageObject","inLanguage":"en-US","@id":"https:\/\/cheri-heater.com\/vn\/product\/pipeline-heater\/#primaryimage","url":"https:\/\/cheri-heater.com\/vn\/wp-content\/uploads\/2024\/06\/\u5fae\u4fe1\u56fe\u7247_202306151303055.jpg","contentUrl":"https:\/\/cheri-heater.com\/vn\/wp-content\/uploads\/2024\/06\/\u5fae\u4fe1\u56fe\u7247_202306151303055.jpg","width":750,"height":750},{"@type":"BreadcrumbList","@id":"https:\/\/cheri-heater.com\/vn\/product\/pipeline-heater\/#breadcrumb","itemListElement":[{"@type":"ListItem","position":1,"name":"Home","item":"https:\/\/cheri-heater.com\/vn\/"},{"@type":"ListItem","position":2,"name":"Products","item":"https:\/\/cheri-heater.com\/vn\/products\/"},{"@type":"ListItem","position":3,"name":"m\u00e1y s\u01b0\u1edfi \u0111\u01b0\u1eddng \u1ed1ng"}]},{"@type":"WebSite","@id":"https:\/\/cheri-heater.com\/vn\/#website","url":"https:\/\/cheri-heater.com\/vn\/","name":"Cheri Heater Technology Co.,Ltd.","description":"","publisher":{"@id":"https:\/\/cheri-heater.com\/vn\/#organization"},"potentialAction":[{"@type":"SearchAction","target":{"@type":"EntryPoint","urlTemplate":"https:\/\/cheri-heater.com\/vn\/?s={search_term_string}"},"query-input":{"@type":"PropertyValueSpecification","valueRequired":true,"valueName":"search_term_string"}}],"inLanguage":"en-US"},{"@type":"Organization","@id":"https:\/\/cheri-heater.com\/vn\/#organization","name":"Cheri Heater Technology Co.,Ltd.","url":"https:\/\/cheri-heater.com\/vn\/","logo":{"@type":"ImageObject","inLanguage":"en-US","@id":"https:\/\/cheri-heater.com\/vn\/#\/schema\/logo\/image\/","url":"https:\/\/cheri-heater.com\/vn\/wp-content\/uploads\/2024\/06\/cropped-logo-resize.png","contentUrl":"https:\/\/cheri-heater.com\/vn\/wp-content\/uploads\/2024\/06\/cropped-logo-resize.png","width":346,"height":99,"caption":"Cheri Heater Technology Co.,Ltd."},"image":{"@id":"https:\/\/cheri-heater.com\/vn\/#\/schema\/logo\/image\/"}}]}},"_links":{"self":[{"href":"https:\/\/cheri-heater.com\/vn\/wp-json\/wp\/v2\/product\/1049","targetHints":{"allow":["GET"]}}],"collection":[{"href":"https:\/\/cheri-heater.com\/vn\/wp-json\/wp\/v2\/product"}],"about":[{"href":"https:\/\/cheri-heater.com\/vn\/wp-json\/wp\/v2\/types\/product"}],"wp:featuredmedia":[{"embeddable":true,"href":"https:\/\/cheri-heater.com\/vn\/wp-json\/wp\/v2\/media\/1053"}],"wp:attachment":[{"href":"https:\/\/cheri-heater.com\/vn\/wp-json\/wp\/v2\/media?parent=1049"}],"wp:term":[{"taxonomy":"product_brand","embeddable":true,"href":"https:\/\/cheri-heater.com\/vn\/wp-json\/wp\/v2\/product_brand?post=1049"},{"taxonomy":"product_cat","embeddable":true,"href":"https:\/\/cheri-heater.com\/vn\/wp-json\/wp\/v2\/product_cat?post=1049"},{"taxonomy":"product_tag","embeddable":true,"href":"https:\/\/cheri-heater.com\/vn\/wp-json\/wp\/v2\/product_tag?post=1049"}],"curies":[{"name":"wp","href":"https:\/\/api.w.org\/{rel}","templated":true}]}}