{"id":1056,"date":"2024-06-04T18:44:01","date_gmt":"2024-06-04T18:44:01","guid":{"rendered":"https:\/\/cheri-heater.com\/vn\/?post_type=product&#038;p=1056"},"modified":"2024-07-28T04:01:29","modified_gmt":"2024-07-28T04:01:29","slug":"silicone-rubber-heater","status":"publish","type":"product","link":"https:\/\/cheri-heater.com\/vn\/product\/silicone-rubber-heater\/","title":{"rendered":"l\u00f2 s\u01b0\u1edfi cao su silicon"},"content":{"rendered":"<table width=\"1060\" cellspacing=\"0\" cellpadding=\"2\">\n<tbody>\n<tr>\n<td bgcolor=\"#f3f4f8\" width=\"283\">\n<p class=\"western\" align=\"center\"><span style=\"font-size: small;\"><span style=\"font-family: Arial, sans-serif;\">K\u00edch th\u01b0\u1edbc<\/span><\/span><\/p>\n<\/td>\n<td bgcolor=\"#ffffff\" width=\"767\">\n<p class=\"western\" align=\"left\"><span style=\"font-size: small;\"><span style=\"font-family: Arial, sans-serif;\">H\u00ecnh ch\u1eef nh\u1eadt (Chi\u1ec1u d\u00e0i * Chi\u1ec1u r\u1ed9ng), Tr\u00f2n (\u0110\u01b0\u1eddng k\u00ednh), ho\u1eb7c cung c\u1ea5p b\u1ea3n v\u1ebd<\/span><\/span><\/p>\n<\/td>\n<\/tr>\n<tr>\n<td bgcolor=\"#f3f4f8\" width=\"283\">\n<p class=\"western\" align=\"center\"><span style=\"font-size: small;\"><span style=\"font-family: Arial, sans-serif;\">H\u00ecnh d\u1ea1ng<\/span><\/span><\/p>\n<\/td>\n<td bgcolor=\"#ffffff\" width=\"767\">\n<p class=\"western\" align=\"left\"><span style=\"font-size: small;\"><span style=\"font-family: Arial, sans-serif;\">Tr\u00f2n, H\u00ecnh ch\u1eef nh\u1eadt, H\u00ecnh vu\u00f4ng, b\u1ea5t k\u1ef3 h\u00ecnh d\u1ea1ng n\u00e0o theo y\u00eau c\u1ea7u c\u1ee7a b\u1ea1n<\/span><\/span><\/p>\n<\/td>\n<\/tr>\n<tr>\n<td bgcolor=\"#f3f4f8\" width=\"283\">\n<p class=\"western\" align=\"center\"><span style=\"font-size: small;\"><span style=\"font-family: Arial, sans-serif;\">Ph\u1ea1m vi \u0111i\u1ec7n \u00e1p<\/span><\/span><\/p>\n<\/td>\n<td bgcolor=\"#ffffff\" width=\"767\">\n<p class=\"western\" align=\"left\"><span style=\"font-size: small;\"><span style=\"font-family: Arial, sans-serif;\">1.5V~400V<\/span><\/span><\/p>\n<\/td>\n<\/tr>\n<tr>\n<td bgcolor=\"#f3f4f8\" width=\"283\">\n<p class=\"western\" align=\"center\"><span style=\"font-size: small;\"><span style=\"font-family: Arial, sans-serif;\">Ph\u1ea1m vi m\u1eadt \u0111\u1ed9 c\u00f4ng su\u1ea5t<\/span><\/span><\/p>\n<\/td>\n<td bgcolor=\"#ffffff\" width=\"767\">\n<p class=\"western\" align=\"left\"><span style=\"font-size: small;\"><span style=\"font-family: Arial, sans-serif;\">0.1w\/cm\u00b2 &#8211; 2.5w\/cm\u00b2<\/span><\/span><\/p>\n<\/td>\n<\/tr>\n<tr>\n<td bgcolor=\"#f3f4f8\" width=\"283\">\n<p class=\"western\" align=\"center\"><span style=\"font-size: small;\"><span style=\"font-family: Arial, sans-serif;\">K\u00edch th\u01b0\u1edbc b\u1ed9 s\u01b0\u1edfi<\/span><\/span><\/p>\n<\/td>\n<td bgcolor=\"#ffffff\" width=\"767\">\n<p class=\"western\" align=\"left\"><span style=\"font-size: small;\"><span style=\"font-family: Arial, sans-serif;\">10mm~1000mm<\/span><\/span><\/p>\n<\/td>\n<\/tr>\n<tr>\n<td bgcolor=\"#f3f4f8\" width=\"283\">\n<p class=\"western\" align=\"center\"><span style=\"font-size: small;\"><span style=\"font-family: Arial, sans-serif;\">\u0110\u1ed9 d\u00e0y c\u1ee7a m\u00e1y s\u01b0\u1edfi<\/span><\/span><\/p>\n<\/td>\n<td bgcolor=\"#ffffff\" width=\"767\">\n<p class=\"western\" align=\"left\"><span style=\"font-size: small;\"><span style=\"font-family: Arial, sans-serif;\">1.5mm<\/span><\/span><\/p>\n<\/td>\n<\/tr>\n<tr>\n<td bgcolor=\"#f3f4f8\" width=\"283\">\n<p class=\"western\" align=\"center\"><span style=\"font-size: small;\"><span style=\"font-family: Arial, sans-serif;\">Ph\u1ea1m vi nhi\u1ec7t \u0111\u1ed9 s\u1eed d\u1ee5ng<\/span><\/span><\/p>\n<\/td>\n<td bgcolor=\"#ffffff\" width=\"767\">\n<p class=\"western\" align=\"left\"><span style=\"font-size: small;\"><span style=\"font-family: Arial, sans-serif;\">0\u00baC~180\u00baC<\/span><\/span><\/p>\n<\/td>\n<\/tr>\n<tr>\n<td bgcolor=\"#f3f4f8\" width=\"283\">\n<p class=\"western\" align=\"center\"><span style=\"font-size: small;\"><span style=\"font-family: Arial, sans-serif;\">V\u1eadt li\u1ec7u gia nhi\u1ec7t<\/span><\/span><\/p>\n<\/td>\n<td bgcolor=\"#ffffff\" width=\"767\">\n<p class=\"western\" align=\"left\"><span style=\"font-size: small;\"><span style=\"font-family: Arial, sans-serif;\">Gi\u1ea5y b\u1ea1c niken chrome \u0103n m\u00f2n<\/span><\/span><\/p>\n<\/td>\n<\/tr>\n<tr>\n<td bgcolor=\"#f3f4f8\" width=\"283\">\n<p class=\"western\" align=\"center\"><span style=\"font-size: small;\"><span style=\"font-family: Arial, sans-serif;\">V\u1eadt li\u1ec7u c\u00e1ch nhi\u1ec7t<\/span><\/span><\/p>\n<\/td>\n<td bgcolor=\"#ffffff\" width=\"767\">\n<p class=\"western\" align=\"left\"><span style=\"font-size: small;\"><span style=\"font-family: Arial, sans-serif;\">Cao su silicone<\/span><\/span><\/p>\n<\/td>\n<\/tr>\n<tr>\n<td bgcolor=\"#f3f4f8\" width=\"283\">\n<p class=\"western\" align=\"center\"><span style=\"font-size: small;\"><span style=\"font-family: Arial, sans-serif;\">D\u00e2y d\u1eabn<\/span><\/span><\/p>\n<\/td>\n<td bgcolor=\"#ffffff\" width=\"767\">\n<p class=\"western\" align=\"left\"><span style=\"font-size: small;\"><span style=\"font-family: Arial, sans-serif;\">D\u00e2y d\u1eabn c\u00e1ch nhi\u1ec7t kapton ho\u1eb7c silicone<\/span><\/span><\/p>\n<\/td>\n<\/tr>\n<\/tbody>\n<\/table>\n<p align=\"left\"><span style=\"color: #212529;\"><span style=\"font-family: Arial, sans-serif;\"><span style=\"font-size: small;\"><span style=\"font-size: medium;\"><\/span><\/span><\/span><\/span><span style=\"color: #333333;\"><span style=\"font-family: Arial, sans-serif;\"><span style=\"font-size: small;\"><b>T\u00f3m t\u1eaft<\/b><\/span><\/span><\/span><span style=\"color: #333333;\"><span style=\"font-family: Arial, sans-serif;\"><span style=\"font-size: medium;\"><br \/>\n&#8212; N\u00f3 c\u00f3 \u0111\u1eb7c \u0111i\u1ec3m l\u00e0m n\u00f3ng nhanh, nhi\u1ec7t \u0111\u1ed9 \u0111\u1ec1u, hi\u1ec7u su\u1ea5t nhi\u1ec7t cao, \u0111\u1ed9 b\u1ec1n cao, s\u1eed d\u1ee5ng thu\u1eadn ti\u1ec7n, tu\u1ed5i th\u1ecd l\u00e2u d\u00e0i, kh\u00f4ng d\u1ec5 b\u1ecb l\u00e3o h\u00f3a v\u00e0 c\u00f3 th\u1ec3 u\u1ed1n cong v\u00e0 bi\u1ebfn d\u1ea1ng b\u1ec1 m\u1eb7t c\u1ee7a v\u1eadt th\u1ec3, gi\u00fap nhi\u1ec7t truy\u1ec1n \u0111\u1ec1u \u0111\u1ebfn t\u1eebng ph\u1ea7n ti\u1ebfp x\u00fac v\u1edbi v\u1eadt th\u1ec3 \u0111\u01b0\u1ee3c nung n\u00f3ng.<\/span><\/span><\/span><\/p>\n<p><span style=\"color: #212529;\"><span style=\"font-family: Arial, sans-serif;\"><span style=\"font-size: small;\"><b>T\u00ednh n\u0103ng<\/b><\/span><\/span><\/span><\/p>\n<p class=\"western\" align=\"left\"><span style=\"font-family: Arial, sans-serif;\"><span style=\"font-size: small;\"><span style=\"color: #333333;\">* M\u00e1y s\u01b0\u1edfi b\u1eb1ng cao su silicon c\u00f3 \u01b0u \u0111i\u1ec3m l\u00e0 m\u1ecfng, nh\u1eb9 v\u00e0 linh ho\u1ea1t;<\/span><\/span><\/span><\/p>\n<p class=\"western\" align=\"left\"><span style=\"color: #333333;\"><span style=\"font-family: Arial, sans-serif;\"><span style=\"font-size: small;\"><span lang=\"en-US\">* M\u00e1y s\u01b0\u1edfi cao su silicon c\u00f3 th\u1ec3 c\u1ea3i thi\u1ec7n kh\u1ea3 n\u0103ng truy\u1ec1n nhi\u1ec7t, t\u0103ng t\u1ed1c \u0111\u1ed9 l\u00e0m \u1ea5m v\u00e0 gi\u1ea3m c\u00f4ng su\u1ea5t trong qu\u00e1 tr\u00ecnh v\u1eadn h\u00e0nh;<br \/>\n* Cao su silicon gia c\u1ed1 b\u1eb1ng s\u1ee3i th\u1ee7y tinh \u1ed5n \u0111\u1ecbnh k\u00edch th\u01b0\u1edbc c\u1ee7a m\u00e1y s\u01b0\u1edfi;<br \/>\n* C\u00f4ng su\u1ea5t t\u1ed1i \u0111a c\u1ee7a m\u00e1y s\u01b0\u1edfi b\u1eb1ng cao su silicon c\u00f3 th\u1ec3 \u0111\u01b0\u1ee3c l\u00e0m v\u1edbi 1 w\/cm\u00b2;<br \/>\n* M\u00e1y s\u01b0\u1edfi b\u1eb1ng cao su silicon c\u00f3 th\u1ec3 \u0111\u01b0\u1ee3c l\u00e0m v\u1edbi b\u1ea5t k\u1ef3 k\u00edch th\u01b0\u1edbc v\u00e0 h\u00ecnh d\u1ea1ng n\u00e0o.<\/span><\/span><\/span><\/span><\/p>\n<p>&nbsp;<\/p>\n<p><img fetchpriority=\"high\" decoding=\"async\" class=\"aligncenter size-full wp-image-1066\" src=\"http:\/\/cheri-heater.com\/vn\/wp-content\/uploads\/2024\/06\/\u5fae\u4fe1\u56fe\u7247_20240428145609.jpg\" alt=\"\" width=\"750\" height=\"836\" srcset=\"https:\/\/cheri-heater.com\/vn\/wp-content\/uploads\/2024\/06\/\u5fae\u4fe1\u56fe\u7247_20240428145609.jpg 750w, https:\/\/cheri-heater.com\/vn\/wp-content\/uploads\/2024\/06\/\u5fae\u4fe1\u56fe\u7247_20240428145609-600x669.jpg 600w, https:\/\/cheri-heater.com\/vn\/wp-content\/uploads\/2024\/06\/\u5fae\u4fe1\u56fe\u7247_20240428145609-269x300.jpg 269w\" sizes=\"(max-width: 750px) 100vw, 750px\" \/><\/p>\n","protected":false},"excerpt":{"rendered":"<p class=\"western\" align=\"justify\"><span style=\"color: #333333;\"><span style=\"font-family: Arial, sans-serif;\"><span style=\"font-size: medium;\">&#8212; M\u00e1y s\u01b0\u1edfi silicon ch\u1ee7 y\u1ebfu bao g\u1ed3m d\u00e2y \u0111i\u1ec7n tr\u1edf h\u1ee3p kim niken-cr\u00f4m v\u00e0 v\u1ea3i c\u00e1ch nhi\u1ec7t cao su silicon gia c\u1ed1 b\u1eb1ng s\u1ee3i th\u1ee7y tinh.<\/span><\/span><\/span><\/p>\n","protected":false},"featured_media":1057,"template":"","meta":[],"product_brand":[],"product_cat":[35],"product_tag":[],"class_list":{"0":"post-1056","1":"product","2":"type-product","3":"status-publish","4":"has-post-thumbnail","6":"product_cat-silicone-rubber-heater","8":"first","9":"instock","10":"shipping-taxable","11":"product-type-simple"},"yoast_head":"<!-- This site is optimized with the Yoast SEO plugin v27.4 - https:\/\/yoast.com\/product\/yoast-seo-wordpress\/ -->\n<title>l\u00f2 s\u01b0\u1edfi cao su silicon - Cheri Heater Technology Co.,Ltd.<\/title>\n<meta name=\"robots\" content=\"index, follow, max-snippet:-1, max-image-preview:large, max-video-preview:-1\" \/>\n<link rel=\"canonical\" href=\"https:\/\/cheri-heater.com\/vn\/product\/silicone-rubber-heater\/\" \/>\n<meta property=\"og:locale\" content=\"en_US\" \/>\n<meta property=\"og:type\" content=\"article\" \/>\n<meta property=\"og:title\" content=\"l\u00f2 s\u01b0\u1edfi cao su silicon - Cheri Heater Technology Co.,Ltd.\" \/>\n<meta property=\"og:description\" content=\"-- M\u00e1y s\u01b0\u1edfi silicon ch\u1ee7 y\u1ebfu bao g\u1ed3m d\u00e2y \u0111i\u1ec7n tr\u1edf h\u1ee3p kim niken-cr\u00f4m v\u00e0 v\u1ea3i c\u00e1ch nhi\u1ec7t cao su silicon gia c\u1ed1 b\u1eb1ng s\u1ee3i th\u1ee7y tinh.\" \/>\n<meta property=\"og:url\" content=\"https:\/\/cheri-heater.com\/vn\/product\/silicone-rubber-heater\/\" \/>\n<meta property=\"og:site_name\" content=\"Cheri Heater Technology Co.,Ltd.\" \/>\n<meta property=\"article:modified_time\" content=\"2024-07-28T04:01:29+00:00\" \/>\n<meta property=\"og:image\" content=\"http:\/\/cheri-heater.com\/vn\/wp-content\/uploads\/2024\/06\/\u52a0\u70ed\u5e26\u52a0\u6e29\u63a72.jpg\" \/>\n\t<meta property=\"og:image:width\" content=\"2000\" \/>\n\t<meta property=\"og:image:height\" content=\"2000\" \/>\n\t<meta property=\"og:image:type\" content=\"image\/jpeg\" \/>\n<meta name=\"twitter:card\" content=\"summary_large_image\" \/>\n<meta name=\"twitter:label1\" content=\"Est. reading time\" \/>\n\t<meta name=\"twitter:data1\" content=\"2 minutes\" \/>\n<!-- \/ Yoast SEO plugin. -->","yoast_head_json":{"title":"l\u00f2 s\u01b0\u1edfi cao su silicon - Cheri Heater Technology Co.,Ltd.","robots":{"index":"index","follow":"follow","max-snippet":"max-snippet:-1","max-image-preview":"max-image-preview:large","max-video-preview":"max-video-preview:-1"},"canonical":"https:\/\/cheri-heater.com\/vn\/product\/silicone-rubber-heater\/","og_locale":"en_US","og_type":"article","og_title":"l\u00f2 s\u01b0\u1edfi cao su silicon - Cheri Heater Technology Co.,Ltd.","og_description":"-- M\u00e1y s\u01b0\u1edfi silicon ch\u1ee7 y\u1ebfu bao g\u1ed3m d\u00e2y \u0111i\u1ec7n tr\u1edf h\u1ee3p kim niken-cr\u00f4m v\u00e0 v\u1ea3i c\u00e1ch nhi\u1ec7t cao su silicon gia c\u1ed1 b\u1eb1ng s\u1ee3i th\u1ee7y tinh.","og_url":"https:\/\/cheri-heater.com\/vn\/product\/silicone-rubber-heater\/","og_site_name":"Cheri Heater Technology Co.,Ltd.","article_modified_time":"2024-07-28T04:01:29+00:00","og_image":[{"width":2000,"height":2000,"url":"http:\/\/cheri-heater.com\/vn\/wp-content\/uploads\/2024\/06\/\u52a0\u70ed\u5e26\u52a0\u6e29\u63a72.jpg","type":"image\/jpeg"}],"twitter_card":"summary_large_image","twitter_misc":{"Est. reading time":"2 minutes"},"schema":{"@context":"https:\/\/schema.org","@graph":[{"@type":"WebPage","@id":"https:\/\/cheri-heater.com\/vn\/product\/silicone-rubber-heater\/","url":"https:\/\/cheri-heater.com\/vn\/product\/silicone-rubber-heater\/","name":"l\u00f2 s\u01b0\u1edfi cao su silicon - Cheri Heater Technology Co.,Ltd.","isPartOf":{"@id":"https:\/\/cheri-heater.com\/vn\/#website"},"primaryImageOfPage":{"@id":"https:\/\/cheri-heater.com\/vn\/product\/silicone-rubber-heater\/#primaryimage"},"image":{"@id":"https:\/\/cheri-heater.com\/vn\/product\/silicone-rubber-heater\/#primaryimage"},"thumbnailUrl":"https:\/\/cheri-heater.com\/vn\/wp-content\/uploads\/2024\/06\/\u52a0\u70ed\u5e26\u52a0\u6e29\u63a72.jpg","datePublished":"2024-06-04T18:44:01+00:00","dateModified":"2024-07-28T04:01:29+00:00","breadcrumb":{"@id":"https:\/\/cheri-heater.com\/vn\/product\/silicone-rubber-heater\/#breadcrumb"},"inLanguage":"en-US","potentialAction":[{"@type":"ReadAction","target":["https:\/\/cheri-heater.com\/vn\/product\/silicone-rubber-heater\/"]}]},{"@type":"ImageObject","inLanguage":"en-US","@id":"https:\/\/cheri-heater.com\/vn\/product\/silicone-rubber-heater\/#primaryimage","url":"https:\/\/cheri-heater.com\/vn\/wp-content\/uploads\/2024\/06\/\u52a0\u70ed\u5e26\u52a0\u6e29\u63a72.jpg","contentUrl":"https:\/\/cheri-heater.com\/vn\/wp-content\/uploads\/2024\/06\/\u52a0\u70ed\u5e26\u52a0\u6e29\u63a72.jpg","width":2000,"height":2000},{"@type":"BreadcrumbList","@id":"https:\/\/cheri-heater.com\/vn\/product\/silicone-rubber-heater\/#breadcrumb","itemListElement":[{"@type":"ListItem","position":1,"name":"Home","item":"https:\/\/cheri-heater.com\/vn\/"},{"@type":"ListItem","position":2,"name":"Products","item":"https:\/\/cheri-heater.com\/vn\/products\/"},{"@type":"ListItem","position":3,"name":"l\u00f2 s\u01b0\u1edfi cao su silicon"}]},{"@type":"WebSite","@id":"https:\/\/cheri-heater.com\/vn\/#website","url":"https:\/\/cheri-heater.com\/vn\/","name":"Cheri Heater Technology Co.,Ltd.","description":"","publisher":{"@id":"https:\/\/cheri-heater.com\/vn\/#organization"},"potentialAction":[{"@type":"SearchAction","target":{"@type":"EntryPoint","urlTemplate":"https:\/\/cheri-heater.com\/vn\/?s={search_term_string}"},"query-input":{"@type":"PropertyValueSpecification","valueRequired":true,"valueName":"search_term_string"}}],"inLanguage":"en-US"},{"@type":"Organization","@id":"https:\/\/cheri-heater.com\/vn\/#organization","name":"Cheri Heater Technology Co.,Ltd.","url":"https:\/\/cheri-heater.com\/vn\/","logo":{"@type":"ImageObject","inLanguage":"en-US","@id":"https:\/\/cheri-heater.com\/vn\/#\/schema\/logo\/image\/","url":"https:\/\/cheri-heater.com\/vn\/wp-content\/uploads\/2024\/06\/cropped-logo-resize.png","contentUrl":"https:\/\/cheri-heater.com\/vn\/wp-content\/uploads\/2024\/06\/cropped-logo-resize.png","width":346,"height":99,"caption":"Cheri Heater Technology Co.,Ltd."},"image":{"@id":"https:\/\/cheri-heater.com\/vn\/#\/schema\/logo\/image\/"}}]}},"_links":{"self":[{"href":"https:\/\/cheri-heater.com\/vn\/wp-json\/wp\/v2\/product\/1056","targetHints":{"allow":["GET"]}}],"collection":[{"href":"https:\/\/cheri-heater.com\/vn\/wp-json\/wp\/v2\/product"}],"about":[{"href":"https:\/\/cheri-heater.com\/vn\/wp-json\/wp\/v2\/types\/product"}],"wp:featuredmedia":[{"embeddable":true,"href":"https:\/\/cheri-heater.com\/vn\/wp-json\/wp\/v2\/media\/1057"}],"wp:attachment":[{"href":"https:\/\/cheri-heater.com\/vn\/wp-json\/wp\/v2\/media?parent=1056"}],"wp:term":[{"taxonomy":"product_brand","embeddable":true,"href":"https:\/\/cheri-heater.com\/vn\/wp-json\/wp\/v2\/product_brand?post=1056"},{"taxonomy":"product_cat","embeddable":true,"href":"https:\/\/cheri-heater.com\/vn\/wp-json\/wp\/v2\/product_cat?post=1056"},{"taxonomy":"product_tag","embeddable":true,"href":"https:\/\/cheri-heater.com\/vn\/wp-json\/wp\/v2\/product_tag?post=1056"}],"curies":[{"name":"wp","href":"https:\/\/api.w.org\/{rel}","templated":true}]}}