{"id":1082,"date":"2024-06-05T17:08:06","date_gmt":"2024-06-05T17:08:06","guid":{"rendered":"https:\/\/cheri-heater.com\/vn\/?post_type=product&#038;p=1082"},"modified":"2024-07-28T03:26:47","modified_gmt":"2024-07-28T03:26:47","slug":"kejtn-type-thermocouple","status":"publish","type":"product","link":"https:\/\/cheri-heater.com\/vn\/product\/kejtn-type-thermocouple\/","title":{"rendered":"C\u1eb7p nhi\u1ec7t \u0111i\u1ec7n lo\u1ea1i K, E, J, T, N"},"content":{"rendered":"<h3 class=\"western\"><span style=\"font-size: large;\"><b><span style=\"font-family: Arial, sans-serif;\">M\u00f4 t\u1ea3 v\u1ec1 c\u1eb7p nhi\u1ec7t \u0111i\u1ec7n lo\u1ea1i K:<\/span><\/b><\/span><\/h3>\n<p class=\"western\" align=\"left\"><span style=\"color: #000000;\"><span style=\"font-family: Arial, sans-serif;\"><span style=\"font-size: small;\"><b>Lo\u1ea1i K <\/b><\/span><\/span><\/span><span style=\"color: #000000;\"><span style=\"font-family: Arial, sans-serif;\"><span style=\"font-size: small;\">c\u1ee7a c\u1eb7p nhi\u1ec7t \u0111i\u1ec7n l\u00e0 c\u1ea3m bi\u1ebfn nhi\u1ec7t \u0111\u1ed9 r\u1ea5t \u0111\u01a1n gi\u1ea3n v\u00e0 b\u1ec1n. C\u1eb7p nhi\u1ec7t \u0111i\u1ec7n c\u00f3 nhi\u1ec1u lo\u1ea1i v\u1eadt li\u1ec7u k\u1ebft h\u1ee3p kh\u00e1c nhau cho ph\u00e9p s\u1eed d\u1ee5ng trong ph\u1ea1m vi \u1ee9ng d\u1ee5ng r\u1ea5t r\u1ed9ng. C\u00e1c th\u00e0nh ph\u1ea7n kh\u00e1c nhau \u0111\u01b0\u1ee3c ti\u00eau chu\u1ea9n h\u00f3a th\u00e0nh c\u00e1c lo\u1ea1i c\u1eb7p nhi\u1ec7t \u0111i\u1ec7n. C\u00e1c lo\u1ea1i kh\u00e1c nhau \u0111\u01b0\u1ee3c \u0111\u1eb7t t\u00ean theo ch\u1eef c\u00e1i v\u00e0 \u0111\u01b0\u1ee3c ti\u00eau chu\u1ea9n h\u00f3a trong to\u00e0n ng\u00e0nh.<\/span><\/span><\/span><span style=\"color: #000000;\"><span style=\"font-family: Arial, sans-serif;\"><span style=\"font-size: small;\"><br \/>\n<b>Lo\u1ea1i K <\/b><\/span><\/span><\/span><span style=\"color: #000000;\"><span style=\"font-family: Arial, sans-serif;\"><span style=\"font-size: small;\">c\u1ee7a c\u1eb7p nhi\u1ec7t \u0111i\u1ec7n \u0111\u01b0\u1ee3c s\u1ea3n xu\u1ea5t theo nhi\u1ec1u c\u1ea5u h\u00ecnh kh\u00e1c nhau cho nhi\u1ec1u \u1ee9ng d\u1ee5ng. \u0110\u01b0\u1eddng k\u00ednh, chi\u1ec1u d\u00e0i, v\u1eadt li\u1ec7u v\u1ecf b\u1ecdc, chi\u1ec1u d\u00e0i d\u00e2y d\u1eabn v\u00e0 v\u1eadt li\u1ec7u c\u1ea3m bi\u1ebfn ch\u1ec9 l\u00e0 m\u1ed9t v\u00e0i bi\u1ebfn s\u1ed1 khi x\u00e1c \u0111\u1ecbnh ki\u1ec3u c\u1eb7p nhi\u1ec7t \u0111i\u1ec7n khi s\u1ea3n xu\u1ea5t. C\u00e1c y\u1ebfu t\u1ed1 ch\u00ednh quy\u1ebft \u0111\u1ecbnh lo\u1ea1i c\u1eb7p nhi\u1ec7t \u0111i\u1ec7n c\u1ea7n s\u1eed d\u1ee5ng trong m\u1ed9t \u1ee9ng d\u1ee5ng l\u00e0 nhi\u1ec7t \u0111\u1ed9, m\u00f4i tr\u01b0\u1eddng, th\u1eddi gian ph\u1ea3n h\u1ed3i v\u00e0 \u0111\u1ed9 ch\u00ednh x\u00e1c. \u0110i\u1ec3m n\u1ed1i c\u1ee7a c\u1eb7p nhi\u1ec7t \u0111i\u1ec7n c\u00f3 th\u1ec3 \u0111\u01b0\u1ee3c n\u1ed1i \u0111\u1ea5t, kh\u00f4ng n\u1ed1i \u0111\u1ea5t ho\u1eb7c l\u1ed9 ra.<\/span><\/span><\/span><span style=\"color: #000000;\"><span style=\"font-family: Arial, sans-serif;\"><span style=\"font-size: small;\"><br \/>\n<b>Lo\u1ea1i K <\/b><\/span><\/span><\/span><span style=\"color: #000000;\"><span style=\"font-family: Arial, sans-serif;\"><span style=\"font-size: small;\">c\u1ee7a c\u1eb7p nhi\u1ec7t \u0111i\u1ec7n d\u1ec5 s\u1eed d\u1ee5ng, c\u1eb7p nhi\u1ec7t \u0111i\u1ec7n l\u00e0 c\u1ea3m bi\u1ebfn nhi\u1ec7t \u0111\u1ed9 ph\u1ed5 bi\u1ebfn nh\u1ea5t. Ch\u00fang r\u1ebb ti\u1ec1n, c\u00f3 th\u1ec3 thay th\u1ebf, c\u00f3 \u0111\u1ea7u n\u1ed1i ti\u00eau chu\u1ea9n v\u00e0 c\u00f3 th\u1ec3 \u0111o nhi\u1ec7t \u0111\u1ed9 trong ph\u1ea1m vi r\u1ed9ng.<br \/>\n<\/span><br \/>\n<\/span><\/span><span style=\"font-size: large;\"><b><span style=\"font-family: Arial, sans-serif;\">C\u00e1c lo\u1ea1i c\u1eb7p nhi\u1ec7t \u0111i\u1ec7n \u0111\u1ec3 ch\u1ecdn:<\/span><\/b><br \/>\n<\/span><\/p>\n<table dir=\"ltr\" width=\"750\" cellspacing=\"0\" cellpadding=\"0\" align=\"left\">\n<tbody>\n<tr valign=\"top\">\n<td bgcolor=\"#f3f4f8\" width=\"130\">\n<p class=\"western\" align=\"left\"><span style=\"font-size: small;\"><span style=\"font-family: Arial, sans-serif;\">S\u1ea3n ph\u1ea9m<\/span><\/span><\/p>\n<\/td>\n<td bgcolor=\"#f7f8fa\" width=\"160\">\n<p class=\"western\" align=\"left\"><span style=\"font-size: small;\"><span style=\"font-family: Arial, sans-serif;\">V\u1eadt li\u1ec7u d\u1eabn<\/span><\/span><\/p>\n<\/td>\n<td bgcolor=\"#f7f8fa\" width=\"39\">\n<p class=\"western\" align=\"left\"><span style=\"font-size: small;\"><span style=\"font-family: Arial, sans-serif;\">Lo\u1ea1i<\/span><\/span><\/p>\n<\/td>\n<td bgcolor=\"#f7f8fa\" width=\"77\">\n<p class=\"western\" align=\"left\"><span style=\"font-size: small;\"><span style=\"font-family: Arial, sans-serif;\">Thang \u0111o<\/span><\/span><\/p>\n<\/td>\n<td bgcolor=\"#f7f8fa\" width=\"210\">\n<p class=\"western\" align=\"left\"><span style=\"font-size: small;\"><span style=\"font-family: Arial, sans-serif;\">Nhi\u1ec7t \u0111\u1ed9 s\u1eed d\u1ee5ng \u00b0C (th\u1eddi gian ng\u1eafn)<\/span><\/span><\/p>\n<\/td>\n<td bgcolor=\"#f7f8fa\" width=\"131\">\n<p class=\"western\" align=\"left\"><span style=\"font-size: small;\"><span style=\"font-family: Arial, sans-serif;\">Nhi\u1ec7t \u0111\u1ed9 s\u1eed d\u1ee5ng \u00b0C<\/span><\/span><\/p>\n<\/td>\n<\/tr>\n<tr valign=\"top\">\n<td bgcolor=\"#f3f4f8\" width=\"130\">\n<p class=\"western\" align=\"left\"><span style=\"font-size: small;\"><span style=\"font-family: Arial, sans-serif;\">C\u1eb7p nhi\u1ec7t \u0111i\u1ec7n<\/span><\/span><\/p>\n<\/td>\n<td width=\"160\">\n<p class=\"western\" align=\"left\"><span style=\"font-size: small;\"><span style=\"font-family: Arial, sans-serif;\">PtRh30-Ptrh6<\/span><\/span><\/p>\n<\/td>\n<td width=\"39\">\n<p class=\"western\" align=\"left\"><span style=\"font-size: small;\"><span style=\"font-family: Arial, sans-serif;\">WRR<\/span><\/span><\/p>\n<\/td>\n<td width=\"77\">\n<p class=\"western\" align=\"left\"><span style=\"font-size: small;\"><span style=\"font-family: Arial, sans-serif;\">B<\/span><\/span><\/p>\n<\/td>\n<td width=\"210\">\n<p class=\"western\" align=\"left\"><span style=\"font-size: small;\"><span style=\"font-family: Arial, sans-serif;\">0-1800\u00b0C<\/span><\/span><\/p>\n<\/td>\n<td width=\"131\">\n<p class=\"western\" align=\"left\"><span style=\"font-size: small;\"><span style=\"font-family: Arial, sans-serif;\">0-1600\u00b0C<\/span><\/span><\/p>\n<\/td>\n<\/tr>\n<tr valign=\"top\">\n<td bgcolor=\"#f3f4f8\" width=\"130\"><\/td>\n<td width=\"160\">\n<p class=\"western\" align=\"left\"><span style=\"font-size: small;\"><span style=\"font-family: Arial, sans-serif;\">PtRh10-Pt<\/span><\/span><\/p>\n<\/td>\n<td width=\"39\">\n<p class=\"western\" align=\"left\"><span style=\"font-size: small;\"><span style=\"font-family: Arial, sans-serif;\">WRP<\/span><\/span><\/p>\n<\/td>\n<td width=\"77\">\n<p class=\"western\" align=\"left\"><span style=\"font-size: small;\"><span style=\"font-family: Arial, sans-serif;\">R<\/span><\/span><\/p>\n<\/td>\n<td width=\"210\">\n<p class=\"western\" align=\"left\"><span style=\"font-size: small;\"><span style=\"font-family: Arial, sans-serif;\">0-1600\u00b0C<\/span><\/span><\/p>\n<\/td>\n<td width=\"131\">\n<p class=\"western\" align=\"left\"><span style=\"font-size: small;\"><span style=\"font-family: Arial, sans-serif;\">0-1300\u00b0C<\/span><\/span><\/p>\n<\/td>\n<\/tr>\n<tr valign=\"top\">\n<td bgcolor=\"#f3f4f8\" width=\"130\"><\/td>\n<td width=\"160\">\n<p class=\"western\" align=\"left\"><span style=\"font-size: small;\"><span style=\"font-family: Arial, sans-serif;\">PtRh13-Pt<\/span><\/span><\/p>\n<\/td>\n<td width=\"39\">\n<p class=\"western\" align=\"left\"><span style=\"font-size: small;\"><span style=\"font-family: Arial, sans-serif;\">WRB<\/span><\/span><\/p>\n<\/td>\n<td width=\"77\">\n<p class=\"western\" align=\"left\"><span style=\"font-size: small;\"><span style=\"font-family: Arial, sans-serif;\">S<\/span><\/span><\/p>\n<\/td>\n<td width=\"210\">\n<p class=\"western\" align=\"left\"><span style=\"font-size: small;\"><span style=\"font-family: Arial, sans-serif;\">0-1600\u00b0C<\/span><\/span><\/p>\n<\/td>\n<td width=\"131\">\n<p class=\"western\" align=\"left\"><span style=\"font-size: small;\"><span style=\"font-family: Arial, sans-serif;\">0-1300\u00b0C<\/span><\/span><\/p>\n<\/td>\n<\/tr>\n<tr valign=\"top\">\n<td bgcolor=\"#f3f4f8\" width=\"130\"><\/td>\n<td width=\"160\">\n<p class=\"western\" align=\"left\"><span style=\"font-size: small;\"><span style=\"font-family: Arial, sans-serif;\">NiCr-NiSi\/MgO<\/span><\/span><\/p>\n<\/td>\n<td width=\"39\">\n<p class=\"western\" align=\"left\"><span style=\"font-size: small;\"><span style=\"font-family: Arial, sans-serif;\">WRN<\/span><\/span><\/p>\n<\/td>\n<td width=\"77\">\n<p class=\"western\" align=\"left\"><span style=\"font-size: small;\"><span style=\"font-family: Arial, sans-serif;\">K<\/span><\/span><\/p>\n<\/td>\n<td width=\"210\">\n<p class=\"western\" align=\"left\"><span style=\"font-size: small;\"><span style=\"font-family: Arial, sans-serif;\">0-1200\u00b0C<\/span><\/span><\/p>\n<\/td>\n<td width=\"131\">\n<p class=\"western\" align=\"left\"><span style=\"font-size: small;\"><span style=\"font-family: Arial, sans-serif;\">0-900\u00b0C<\/span><\/span><\/p>\n<\/td>\n<\/tr>\n<tr valign=\"top\">\n<td bgcolor=\"#f3f4f8\" width=\"130\"><\/td>\n<td width=\"160\">\n<p class=\"western\" align=\"left\"><span style=\"font-size: small;\"><span style=\"font-family: Arial, sans-serif;\">NiCr-NiSi\/Ptfe<\/span><\/span><\/p>\n<\/td>\n<td width=\"39\">\n<p class=\"western\" align=\"left\"><span style=\"font-size: small;\"><span style=\"font-family: Arial, sans-serif;\">WRN<\/span><\/span><\/p>\n<\/td>\n<td width=\"77\">\n<p class=\"western\" align=\"left\"><span style=\"font-size: small;\"><span style=\"font-family: Arial, sans-serif;\">K<\/span><\/span><\/p>\n<\/td>\n<td width=\"210\">\n<p class=\"western\" align=\"left\"><span style=\"font-size: small;\"><span style=\"font-family: Arial, sans-serif;\">0-300\u00b0C<\/span><\/span><\/p>\n<\/td>\n<td width=\"131\">\n<p class=\"western\" align=\"left\"><span style=\"font-size: small;\"><span style=\"font-family: Arial, sans-serif;\">0-250\u00b0C<\/span><\/span><\/p>\n<\/td>\n<\/tr>\n<tr valign=\"top\">\n<td bgcolor=\"#f3f4f8\" width=\"130\"><\/td>\n<td width=\"160\">\n<p class=\"western\" align=\"left\"><span style=\"font-size: small;\"><span style=\"font-family: Arial, sans-serif;\">NiCr-CuNi<\/span><\/span><\/p>\n<\/td>\n<td width=\"39\">\n<p class=\"western\" align=\"left\"><span style=\"font-size: small;\"><span style=\"font-family: Arial, sans-serif;\">WRE<\/span><\/span><\/p>\n<\/td>\n<td width=\"77\">\n<p class=\"western\" align=\"left\"><span style=\"font-size: small;\"><span style=\"font-family: Arial, sans-serif;\">E<\/span><\/span><\/p>\n<\/td>\n<td width=\"210\">\n<p class=\"western\" align=\"left\"><span style=\"font-size: small;\"><span style=\"font-family: Arial, sans-serif;\">0-800\u00b0C<\/span><\/span><\/p>\n<\/td>\n<td width=\"131\">\n<p class=\"western\" align=\"left\"><span style=\"font-size: small;\"><span style=\"font-family: Arial, sans-serif;\">0-600\u00b0C<\/span><\/span><\/p>\n<\/td>\n<\/tr>\n<tr valign=\"top\">\n<td bgcolor=\"#f3f4f8\" width=\"130\"><\/td>\n<td width=\"160\">\n<p class=\"western\" align=\"left\"><span style=\"font-size: small;\"><span style=\"font-family: Arial, sans-serif;\">NiCr-CuNi<\/span><\/span><\/p>\n<\/td>\n<td width=\"39\">\n<p class=\"western\" align=\"left\"><span style=\"font-size: small;\"><span style=\"font-family: Arial, sans-serif;\">WRE<\/span><\/span><\/p>\n<\/td>\n<td width=\"77\">\n<p class=\"western\" align=\"left\"><span style=\"font-size: small;\"><span style=\"font-family: Arial, sans-serif;\">J<\/span><\/span><\/p>\n<\/td>\n<td width=\"210\">\n<p class=\"western\" align=\"left\"><span style=\"font-size: small;\"><span style=\"font-family: Arial, sans-serif;\">0-600\u00b0C<\/span><\/span><\/p>\n<\/td>\n<td width=\"131\">\n<p class=\"western\" align=\"left\"><span style=\"font-size: small;\"><span style=\"font-family: Arial, sans-serif;\">0-500\u00b0C<\/span><\/span><\/p>\n<\/td>\n<\/tr>\n<\/tbody>\n<\/table>\n<p class=\"western\" align=\"left\"><span style=\"color: #000000;\"><br \/>\n<span style=\"font-family: Arial, sans-serif;\"><br \/>\n<span style=\"font-size: small;\"><br \/>\n<b>Lo\u1ea1i K<\/b><br \/>\n<\/span><br \/>\n<\/span><br \/>\n<\/span><br \/>\n<span style=\"color: #000000;\"><br \/>\n<span style=\"font-family: Arial, sans-serif;\"><br \/>\n<span style=\"font-size: small;\"><br \/>\nc\u1ee7a c\u1eb7p nhi\u1ec7t \u0111i\u1ec7n l\u00e0 c\u1ea3m bi\u1ebfn nhi\u1ec7t \u0111\u1ed9 r\u1ea5t \u0111\u01a1n gi\u1ea3n v\u00e0 b\u1ec1n. C\u1eb7p nhi\u1ec7t \u0111i\u1ec7n l\u00e0 c\u1ea3m bi\u1ebfn nhi\u1ec7t \u0111\u1ed9 ph\u1ed5 bi\u1ebfn nh\u1ea5t hi\u1ec7n nay. Ch\u00fang d\u1ec5 s\u1eed d\u1ee5ng v\u00e0 cung c\u1ea5p \u0111\u1ed9 ch\u00ednh x\u00e1c cao.<br \/>\n<\/span><br \/>\n<\/span><br \/>\n<\/span><\/p>\n","protected":false},"excerpt":{"rendered":"<p class=\"western\" align=\"left\"><span style=\"color: #000000;\"><span style=\"font-family: Arial, sans-serif;\"><span style=\"font-size: small;\"><b>Lo\u1ea1i K<\/b><\/span><\/span><\/span><span style=\"color: #000000;\"><span style=\"font-family: Arial, sans-serif;\"><span style=\"font-size: small;\"> c\u1ee7a c\u1eb7p nhi\u1ec7t \u0111i\u1ec7n l\u00e0 c\u1ea3m bi\u1ebfn nhi\u1ec7t \u0111\u1ed9 r\u1ea5t \u0111\u01a1n gi\u1ea3n v\u00e0 b\u1ec1n. C\u1eb7p nhi\u1ec7t \u0111i\u1ec7n c\u00f3 nhi\u1ec1u lo\u1ea1i v\u1eadt li\u1ec7u k\u1ebft h\u1ee3p kh\u00e1c nhau cho ph\u00e9p s\u1eed d\u1ee5ng trong ph\u1ea1m vi \u1ee9ng d\u1ee5ng r\u1ea5t r\u1ed9ng.<\/span><\/span><\/span><\/p>\n","protected":false},"featured_media":1086,"template":"","meta":[],"product_brand":[],"product_cat":[27],"product_tag":[160],"class_list":{"0":"post-1082","1":"product","2":"type-product","3":"status-publish","4":"has-post-thumbnail","6":"product_cat-thermocouple","7":"product_tag-kejtn-type-thermocouple","9":"first","10":"instock","11":"shipping-taxable","12":"product-type-simple"},"yoast_head":"<!-- This site is optimized with the Yoast SEO plugin v27.4 - https:\/\/yoast.com\/product\/yoast-seo-wordpress\/ -->\n<title>C\u1eb7p Nhi\u1ec7t \u0110i\u1ec7n Lo\u1ea1i K E J T N T\u1ed1t Nh\u1ea5t | Cheri-heater.com<\/title>\n<meta name=\"description\" content=\"Kh\u00e1m ph\u00e1 d\u1ea3i s\u1ea3n ph\u1ea9m c\u1eb7p nhi\u1ec7t \u0111i\u1ec7n \u0111a n\u0103ng c\u1ee7a ch\u00fang t\u00f4i bao g\u1ed3m c\u00e1c lo\u1ea1i K, E, J, T v\u00e0 N, \u0111\u01b0\u1ee3c thi\u1ebft k\u1ebf \u0111\u1ec3 \u0111o nhi\u1ec7t \u0111\u1ed9 ch\u00ednh x\u00e1c trong c\u00e1c \u1ee9ng d\u1ee5ng \u0111a d\u1ea1ng. Tin t\u01b0\u1edfng v\u00e0o c\u1eb7p nhi\u1ec7t \u0111i\u1ec7n ch\u1ea5t l\u01b0\u1ee3ng c\u1ee7a ch\u00fang t\u00f4i \u0111\u1ec3 c\u00f3 \u0111\u01b0\u1ee3c \u0111\u1ed9 ch\u00ednh x\u00e1c cao v\u00e0 hi\u1ec7u su\u1ea5t \u0111\u00e1ng tin c\u1eady. Duy\u1ec7t ngay!\" \/>\n<meta name=\"robots\" content=\"index, follow, max-snippet:-1, max-image-preview:large, max-video-preview:-1\" \/>\n<link rel=\"canonical\" href=\"https:\/\/cheri-heater.com\/vn\/product\/kejtn-type-thermocouple\/\" \/>\n<meta property=\"og:locale\" content=\"en_US\" \/>\n<meta property=\"og:type\" content=\"article\" \/>\n<meta property=\"og:title\" content=\"C\u1eb7p Nhi\u1ec7t \u0110i\u1ec7n Lo\u1ea1i K E J T N T\u1ed1t Nh\u1ea5t | Cheri-heater.com\" \/>\n<meta property=\"og:description\" content=\"Kh\u00e1m ph\u00e1 d\u1ea3i s\u1ea3n ph\u1ea9m c\u1eb7p nhi\u1ec7t \u0111i\u1ec7n \u0111a n\u0103ng c\u1ee7a ch\u00fang t\u00f4i bao g\u1ed3m c\u00e1c lo\u1ea1i K, E, J, T v\u00e0 N, \u0111\u01b0\u1ee3c thi\u1ebft k\u1ebf \u0111\u1ec3 \u0111o nhi\u1ec7t \u0111\u1ed9 ch\u00ednh x\u00e1c trong c\u00e1c \u1ee9ng d\u1ee5ng \u0111a d\u1ea1ng. Tin t\u01b0\u1edfng v\u00e0o c\u1eb7p nhi\u1ec7t \u0111i\u1ec7n ch\u1ea5t l\u01b0\u1ee3ng c\u1ee7a ch\u00fang t\u00f4i \u0111\u1ec3 c\u00f3 \u0111\u01b0\u1ee3c \u0111\u1ed9 ch\u00ednh x\u00e1c cao v\u00e0 hi\u1ec7u su\u1ea5t \u0111\u00e1ng tin c\u1eady. Duy\u1ec7t ngay!\" \/>\n<meta property=\"og:url\" content=\"https:\/\/cheri-heater.com\/vn\/product\/kejtn-type-thermocouple\/\" \/>\n<meta property=\"og:site_name\" content=\"Cheri Heater Technology Co.,Ltd.\" \/>\n<meta property=\"article:modified_time\" content=\"2024-07-28T03:26:47+00:00\" \/>\n<meta property=\"og:image\" content=\"http:\/\/cheri-heater.com\/vn\/wp-content\/uploads\/2024\/06\/\u5fae\u4fe1\u56fe\u7247_202303061512584.jpg\" \/>\n\t<meta property=\"og:image:width\" content=\"760\" \/>\n\t<meta property=\"og:image:height\" content=\"760\" \/>\n\t<meta property=\"og:image:type\" content=\"image\/jpeg\" \/>\n<meta name=\"twitter:card\" content=\"summary_large_image\" \/>\n<meta name=\"twitter:label1\" content=\"Est. reading time\" \/>\n\t<meta name=\"twitter:data1\" content=\"2 minutes\" \/>\n<!-- \/ Yoast SEO plugin. -->","yoast_head_json":{"title":"C\u1eb7p Nhi\u1ec7t \u0110i\u1ec7n Lo\u1ea1i K E J T N T\u1ed1t Nh\u1ea5t | Cheri-heater.com","description":"Kh\u00e1m ph\u00e1 d\u1ea3i s\u1ea3n ph\u1ea9m c\u1eb7p nhi\u1ec7t \u0111i\u1ec7n \u0111a n\u0103ng c\u1ee7a ch\u00fang t\u00f4i bao g\u1ed3m c\u00e1c lo\u1ea1i K, E, J, T v\u00e0 N, \u0111\u01b0\u1ee3c thi\u1ebft k\u1ebf \u0111\u1ec3 \u0111o nhi\u1ec7t \u0111\u1ed9 ch\u00ednh x\u00e1c trong c\u00e1c \u1ee9ng d\u1ee5ng \u0111a d\u1ea1ng. Tin t\u01b0\u1edfng v\u00e0o c\u1eb7p nhi\u1ec7t \u0111i\u1ec7n ch\u1ea5t l\u01b0\u1ee3ng c\u1ee7a ch\u00fang t\u00f4i \u0111\u1ec3 c\u00f3 \u0111\u01b0\u1ee3c \u0111\u1ed9 ch\u00ednh x\u00e1c cao v\u00e0 hi\u1ec7u su\u1ea5t \u0111\u00e1ng tin c\u1eady. Duy\u1ec7t ngay!","robots":{"index":"index","follow":"follow","max-snippet":"max-snippet:-1","max-image-preview":"max-image-preview:large","max-video-preview":"max-video-preview:-1"},"canonical":"https:\/\/cheri-heater.com\/vn\/product\/kejtn-type-thermocouple\/","og_locale":"en_US","og_type":"article","og_title":"C\u1eb7p Nhi\u1ec7t \u0110i\u1ec7n Lo\u1ea1i K E J T N T\u1ed1t Nh\u1ea5t | Cheri-heater.com","og_description":"Kh\u00e1m ph\u00e1 d\u1ea3i s\u1ea3n ph\u1ea9m c\u1eb7p nhi\u1ec7t \u0111i\u1ec7n \u0111a n\u0103ng c\u1ee7a ch\u00fang t\u00f4i bao g\u1ed3m c\u00e1c lo\u1ea1i K, E, J, T v\u00e0 N, \u0111\u01b0\u1ee3c thi\u1ebft k\u1ebf \u0111\u1ec3 \u0111o nhi\u1ec7t \u0111\u1ed9 ch\u00ednh x\u00e1c trong c\u00e1c \u1ee9ng d\u1ee5ng \u0111a d\u1ea1ng. Tin t\u01b0\u1edfng v\u00e0o c\u1eb7p nhi\u1ec7t \u0111i\u1ec7n ch\u1ea5t l\u01b0\u1ee3ng c\u1ee7a ch\u00fang t\u00f4i \u0111\u1ec3 c\u00f3 \u0111\u01b0\u1ee3c \u0111\u1ed9 ch\u00ednh x\u00e1c cao v\u00e0 hi\u1ec7u su\u1ea5t \u0111\u00e1ng tin c\u1eady. Duy\u1ec7t ngay!","og_url":"https:\/\/cheri-heater.com\/vn\/product\/kejtn-type-thermocouple\/","og_site_name":"Cheri Heater Technology Co.,Ltd.","article_modified_time":"2024-07-28T03:26:47+00:00","og_image":[{"width":760,"height":760,"url":"http:\/\/cheri-heater.com\/vn\/wp-content\/uploads\/2024\/06\/\u5fae\u4fe1\u56fe\u7247_202303061512584.jpg","type":"image\/jpeg"}],"twitter_card":"summary_large_image","twitter_misc":{"Est. reading time":"2 minutes"},"schema":{"@context":"https:\/\/schema.org","@graph":[{"@type":"WebPage","@id":"https:\/\/cheri-heater.com\/vn\/product\/kejtn-type-thermocouple\/","url":"https:\/\/cheri-heater.com\/vn\/product\/kejtn-type-thermocouple\/","name":"C\u1eb7p Nhi\u1ec7t \u0110i\u1ec7n Lo\u1ea1i K E J T N T\u1ed1t Nh\u1ea5t | Cheri-heater.com","isPartOf":{"@id":"https:\/\/cheri-heater.com\/vn\/#website"},"primaryImageOfPage":{"@id":"https:\/\/cheri-heater.com\/vn\/product\/kejtn-type-thermocouple\/#primaryimage"},"image":{"@id":"https:\/\/cheri-heater.com\/vn\/product\/kejtn-type-thermocouple\/#primaryimage"},"thumbnailUrl":"https:\/\/cheri-heater.com\/vn\/wp-content\/uploads\/2024\/06\/\u5fae\u4fe1\u56fe\u7247_202303061512584.jpg","datePublished":"2024-06-05T17:08:06+00:00","dateModified":"2024-07-28T03:26:47+00:00","description":"Kh\u00e1m ph\u00e1 d\u1ea3i s\u1ea3n ph\u1ea9m c\u1eb7p nhi\u1ec7t \u0111i\u1ec7n \u0111a n\u0103ng c\u1ee7a ch\u00fang t\u00f4i bao g\u1ed3m c\u00e1c lo\u1ea1i K, E, J, T v\u00e0 N, \u0111\u01b0\u1ee3c thi\u1ebft k\u1ebf \u0111\u1ec3 \u0111o nhi\u1ec7t \u0111\u1ed9 ch\u00ednh x\u00e1c trong c\u00e1c \u1ee9ng d\u1ee5ng \u0111a d\u1ea1ng. Tin t\u01b0\u1edfng v\u00e0o c\u1eb7p nhi\u1ec7t \u0111i\u1ec7n ch\u1ea5t l\u01b0\u1ee3ng c\u1ee7a ch\u00fang t\u00f4i \u0111\u1ec3 c\u00f3 \u0111\u01b0\u1ee3c \u0111\u1ed9 ch\u00ednh x\u00e1c cao v\u00e0 hi\u1ec7u su\u1ea5t \u0111\u00e1ng tin c\u1eady. Duy\u1ec7t ngay!","breadcrumb":{"@id":"https:\/\/cheri-heater.com\/vn\/product\/kejtn-type-thermocouple\/#breadcrumb"},"inLanguage":"en-US","potentialAction":[{"@type":"ReadAction","target":["https:\/\/cheri-heater.com\/vn\/product\/kejtn-type-thermocouple\/"]}]},{"@type":"ImageObject","inLanguage":"en-US","@id":"https:\/\/cheri-heater.com\/vn\/product\/kejtn-type-thermocouple\/#primaryimage","url":"https:\/\/cheri-heater.com\/vn\/wp-content\/uploads\/2024\/06\/\u5fae\u4fe1\u56fe\u7247_202303061512584.jpg","contentUrl":"https:\/\/cheri-heater.com\/vn\/wp-content\/uploads\/2024\/06\/\u5fae\u4fe1\u56fe\u7247_202303061512584.jpg","width":760,"height":760},{"@type":"BreadcrumbList","@id":"https:\/\/cheri-heater.com\/vn\/product\/kejtn-type-thermocouple\/#breadcrumb","itemListElement":[{"@type":"ListItem","position":1,"name":"Home","item":"https:\/\/cheri-heater.com\/vn\/"},{"@type":"ListItem","position":2,"name":"Products","item":"https:\/\/cheri-heater.com\/vn\/products\/"},{"@type":"ListItem","position":3,"name":"C\u1eb7p nhi\u1ec7t \u0111i\u1ec7n lo\u1ea1i K, E, J, T, N"}]},{"@type":"WebSite","@id":"https:\/\/cheri-heater.com\/vn\/#website","url":"https:\/\/cheri-heater.com\/vn\/","name":"Cheri Heater Technology Co.,Ltd.","description":"","publisher":{"@id":"https:\/\/cheri-heater.com\/vn\/#organization"},"potentialAction":[{"@type":"SearchAction","target":{"@type":"EntryPoint","urlTemplate":"https:\/\/cheri-heater.com\/vn\/?s={search_term_string}"},"query-input":{"@type":"PropertyValueSpecification","valueRequired":true,"valueName":"search_term_string"}}],"inLanguage":"en-US"},{"@type":"Organization","@id":"https:\/\/cheri-heater.com\/vn\/#organization","name":"Cheri Heater Technology Co.,Ltd.","url":"https:\/\/cheri-heater.com\/vn\/","logo":{"@type":"ImageObject","inLanguage":"en-US","@id":"https:\/\/cheri-heater.com\/vn\/#\/schema\/logo\/image\/","url":"https:\/\/cheri-heater.com\/vn\/wp-content\/uploads\/2024\/06\/cropped-logo-resize.png","contentUrl":"https:\/\/cheri-heater.com\/vn\/wp-content\/uploads\/2024\/06\/cropped-logo-resize.png","width":346,"height":99,"caption":"Cheri Heater Technology Co.,Ltd."},"image":{"@id":"https:\/\/cheri-heater.com\/vn\/#\/schema\/logo\/image\/"}}]}},"_links":{"self":[{"href":"https:\/\/cheri-heater.com\/vn\/wp-json\/wp\/v2\/product\/1082","targetHints":{"allow":["GET"]}}],"collection":[{"href":"https:\/\/cheri-heater.com\/vn\/wp-json\/wp\/v2\/product"}],"about":[{"href":"https:\/\/cheri-heater.com\/vn\/wp-json\/wp\/v2\/types\/product"}],"wp:featuredmedia":[{"embeddable":true,"href":"https:\/\/cheri-heater.com\/vn\/wp-json\/wp\/v2\/media\/1086"}],"wp:attachment":[{"href":"https:\/\/cheri-heater.com\/vn\/wp-json\/wp\/v2\/media?parent=1082"}],"wp:term":[{"taxonomy":"product_brand","embeddable":true,"href":"https:\/\/cheri-heater.com\/vn\/wp-json\/wp\/v2\/product_brand?post=1082"},{"taxonomy":"product_cat","embeddable":true,"href":"https:\/\/cheri-heater.com\/vn\/wp-json\/wp\/v2\/product_cat?post=1082"},{"taxonomy":"product_tag","embeddable":true,"href":"https:\/\/cheri-heater.com\/vn\/wp-json\/wp\/v2\/product_tag?post=1082"}],"curies":[{"name":"wp","href":"https:\/\/api.w.org\/{rel}","templated":true}]}}