{"id":1097,"date":"2024-06-05T17:08:13","date_gmt":"2024-06-05T17:08:13","guid":{"rendered":"https:\/\/cheri-heater.com\/vn\/?post_type=product&#038;p=1097"},"modified":"2024-07-28T03:28:40","modified_gmt":"2024-07-28T03:28:40","slug":"rtd-sensor","status":"publish","type":"product","link":"https:\/\/cheri-heater.com\/vn\/product\/rtd-sensor\/","title":{"rendered":"C\u1ea3m bi\u1ebfn RTD"},"content":{"rendered":"<p>C\u1ea3m bi\u1ebfn Nhi\u1ec7t \u0111\u1ed9 \u0110i\u1ec7n tr\u1edf (RTD) l\u00e0 c\u1ea3m bi\u1ebfn nhi\u1ec7t \u0111\u1ed9 ch\u1ee9a m\u1ed9t \u0111i\u1ec7n tr\u1edf thay \u0111\u1ed5i gi\u00e1 tr\u1ecb \u0111i\u1ec7n tr\u1edf khi nhi\u1ec7t \u0111\u1ed9 thay \u0111\u1ed5i. Ch\u00fang \u0111\u00e3 \u0111\u01b0\u1ee3c s\u1eed d\u1ee5ng trong nhi\u1ec1u n\u0103m \u0111\u1ec3 \u0111o nhi\u1ec7t \u0111\u1ed9 trong c\u00e1c quy tr\u00ecnh ph\u00f2ng th\u00ed nghi\u1ec7m v\u00e0 c\u00f4ng nghi\u1ec7p, v\u00e0 \u0111\u00e3 ph\u00e1t tri\u1ec3n m\u1ed9t danh ti\u1ebfng v\u1ec1 \u0111\u1ed9 ch\u00ednh x\u00e1c, t\u00ednh l\u1eb7p l\u1ea1i v\u00e0 \u1ed5n \u0111\u1ecbnh. RTD l\u00e0 m\u1ed9t trong nh\u1eefng c\u1ea3m bi\u1ebfn nhi\u1ec7t \u0111\u1ed9 ch\u00ednh x\u00e1c nh\u1ea5t. Kh\u00f4ng ch\u1ec9 cung c\u1ea5p \u0111\u1ed9 ch\u00ednh x\u00e1c t\u1ed1t, RTD c\u00f2n cung c\u1ea5p s\u1ef1 \u1ed5n \u0111\u1ecbnh v\u00e0 t\u00ednh l\u1eb7p l\u1ea1i xu\u1ea5t s\u1eafc. RTD t\u01b0\u01a1ng \u0111\u1ed1i mi\u1ec5n nhi\u1ec5m v\u1edbi nhi\u1ec5u \u0111i\u1ec7n v\u00e0 do \u0111\u00f3 r\u1ea5t ph\u00f9 h\u1ee3p \u0111\u1ec3 \u0111o nhi\u1ec7t \u0111\u1ed9 trong m\u00f4i tr\u01b0\u1eddng c\u00f4ng nghi\u1ec7p, \u0111\u1eb7c bi\u1ec7t l\u00e0 xung quanh \u0111\u1ed9ng c\u01a1, m\u00e1y ph\u00e1t \u0111i\u1ec7n v\u00e0 c\u00e1c thi\u1ebft b\u1ecb \u0111i\u1ec7n \u00e1p cao kh\u00e1c.<\/p>\n","protected":false},"excerpt":{"rendered":"<p>C\u1ea3m bi\u1ebfn Nhi\u1ec7t \u0111\u1ed9 \u0110i\u1ec7n tr\u1edf (RTD) l\u00e0 c\u1ea3m bi\u1ebfn nhi\u1ec7t \u0111\u1ed9 ch\u1ee9a m\u1ed9t \u0111i\u1ec7n tr\u1edf thay \u0111\u1ed5i gi\u00e1 tr\u1ecb \u0111i\u1ec7n tr\u1edf khi nhi\u1ec7t \u0111\u1ed9 thay \u0111\u1ed5i. Ch\u00fang \u0111\u00e3 \u0111\u01b0\u1ee3c s\u1eed d\u1ee5ng trong nhi\u1ec1u n\u0103m \u0111\u1ec3 \u0111o nhi\u1ec7t \u0111\u1ed9 trong c\u00e1c quy tr\u00ecnh ph\u00f2ng th\u00ed nghi\u1ec7m v\u00e0 c\u00f4ng nghi\u1ec7p, v\u00e0 \u0111\u00e3 ph\u00e1t tri\u1ec3n m\u1ed9t danh [&hellip;]<\/p>\n","protected":false},"featured_media":1101,"template":"","meta":[],"product_brand":[],"product_cat":[27],"product_tag":[161],"class_list":{"0":"post-1097","1":"product","2":"type-product","3":"status-publish","4":"has-post-thumbnail","6":"product_cat-thermocouple","7":"product_tag-rtd-sensor","9":"first","10":"instock","11":"shipping-taxable","12":"product-type-simple"},"yoast_head":"<!-- This site is optimized with the Yoast SEO plugin v27.4 - https:\/\/yoast.com\/product\/yoast-seo-wordpress\/ -->\n<title>C\u00e1c Nh\u00e0 S\u1ea3n Xu\u1ea5t C\u1ea3m Bi\u1ebfn RTD H\u00e0ng \u0110\u1ea7u | Cheri-heater.com<\/title>\n<meta name=\"description\" content=\"T\u00ecm c\u1ea3m bi\u1ebfn RTD ch\u1ea5t l\u01b0\u1ee3ng h\u00e0ng \u0111\u1ea7u t\u1eeb nh\u00e0 s\u1ea3n xu\u1ea5t \u0111\u00e1ng tin c\u1eady \u0111\u1ec3 gi\u1ea3i ph\u00e1p \u0111o nhi\u1ec7t \u0111\u1ed9 ch\u00ednh x\u00e1c. Kh\u00e1m ph\u00e1 d\u1ea3i c\u1ea3m bi\u1ebfn RTD \u0111\u00e1ng tin c\u1eady c\u1ee7a ch\u00fang t\u00f4i, \u0111\u01b0\u1ee3c thi\u1ebft k\u1ebf cho \u0111\u1ed9 ch\u00ednh x\u00e1c v\u00e0 \u0111\u1ed9 b\u1ec1n trong c\u00e1c ng\u00e0nh c\u00f4ng nghi\u1ec7p kh\u00e1c nhau. Li\u00ean h\u1ec7 v\u1edbi ch\u00fang t\u00f4i ngay h\u00f4m nay cho nhu c\u1ea7u \u0111o nhi\u1ec7t \u0111\u1ed9 c\u1ee7a b\u1ea1n!\" \/>\n<meta name=\"robots\" content=\"index, follow, max-snippet:-1, max-image-preview:large, max-video-preview:-1\" \/>\n<link rel=\"canonical\" href=\"https:\/\/cheri-heater.com\/vn\/product\/rtd-sensor\/\" \/>\n<meta property=\"og:locale\" content=\"en_US\" \/>\n<meta property=\"og:type\" content=\"article\" \/>\n<meta property=\"og:title\" content=\"C\u00e1c Nh\u00e0 S\u1ea3n Xu\u1ea5t C\u1ea3m Bi\u1ebfn RTD H\u00e0ng \u0110\u1ea7u | Cheri-heater.com\" \/>\n<meta property=\"og:description\" content=\"T\u00ecm c\u1ea3m bi\u1ebfn RTD ch\u1ea5t l\u01b0\u1ee3ng h\u00e0ng \u0111\u1ea7u t\u1eeb nh\u00e0 s\u1ea3n xu\u1ea5t \u0111\u00e1ng tin c\u1eady \u0111\u1ec3 gi\u1ea3i ph\u00e1p \u0111o nhi\u1ec7t \u0111\u1ed9 ch\u00ednh x\u00e1c. Kh\u00e1m ph\u00e1 d\u1ea3i c\u1ea3m bi\u1ebfn RTD \u0111\u00e1ng tin c\u1eady c\u1ee7a ch\u00fang t\u00f4i, \u0111\u01b0\u1ee3c thi\u1ebft k\u1ebf cho \u0111\u1ed9 ch\u00ednh x\u00e1c v\u00e0 \u0111\u1ed9 b\u1ec1n trong c\u00e1c ng\u00e0nh c\u00f4ng nghi\u1ec7p kh\u00e1c nhau. Li\u00ean h\u1ec7 v\u1edbi ch\u00fang t\u00f4i ngay h\u00f4m nay cho nhu c\u1ea7u \u0111o nhi\u1ec7t \u0111\u1ed9 c\u1ee7a b\u1ea1n!\" \/>\n<meta property=\"og:url\" content=\"https:\/\/cheri-heater.com\/vn\/product\/rtd-sensor\/\" \/>\n<meta property=\"og:site_name\" content=\"Cheri Heater Technology Co.,Ltd.\" \/>\n<meta property=\"article:modified_time\" content=\"2024-07-28T03:28:40+00:00\" \/>\n<meta property=\"og:image\" content=\"http:\/\/cheri-heater.com\/vn\/wp-content\/uploads\/2024\/06\/\u5fae\u4fe1\u56fe\u7247_20230221123322.jpg\" \/>\n\t<meta property=\"og:image:width\" content=\"973\" \/>\n\t<meta property=\"og:image:height\" content=\"760\" \/>\n\t<meta property=\"og:image:type\" content=\"image\/jpeg\" \/>\n<meta name=\"twitter:card\" content=\"summary_large_image\" \/>\n<meta name=\"twitter:label1\" content=\"Est. reading time\" \/>\n\t<meta name=\"twitter:data1\" content=\"1 minute\" \/>\n<!-- \/ Yoast SEO plugin. -->","yoast_head_json":{"title":"C\u00e1c Nh\u00e0 S\u1ea3n Xu\u1ea5t C\u1ea3m Bi\u1ebfn RTD H\u00e0ng \u0110\u1ea7u | Cheri-heater.com","description":"T\u00ecm c\u1ea3m bi\u1ebfn RTD ch\u1ea5t l\u01b0\u1ee3ng h\u00e0ng \u0111\u1ea7u t\u1eeb nh\u00e0 s\u1ea3n xu\u1ea5t \u0111\u00e1ng tin c\u1eady \u0111\u1ec3 gi\u1ea3i ph\u00e1p \u0111o nhi\u1ec7t \u0111\u1ed9 ch\u00ednh x\u00e1c. Kh\u00e1m ph\u00e1 d\u1ea3i c\u1ea3m bi\u1ebfn RTD \u0111\u00e1ng tin c\u1eady c\u1ee7a ch\u00fang t\u00f4i, \u0111\u01b0\u1ee3c thi\u1ebft k\u1ebf cho \u0111\u1ed9 ch\u00ednh x\u00e1c v\u00e0 \u0111\u1ed9 b\u1ec1n trong c\u00e1c ng\u00e0nh c\u00f4ng nghi\u1ec7p kh\u00e1c nhau. Li\u00ean h\u1ec7 v\u1edbi ch\u00fang t\u00f4i ngay h\u00f4m nay cho nhu c\u1ea7u \u0111o nhi\u1ec7t \u0111\u1ed9 c\u1ee7a b\u1ea1n!","robots":{"index":"index","follow":"follow","max-snippet":"max-snippet:-1","max-image-preview":"max-image-preview:large","max-video-preview":"max-video-preview:-1"},"canonical":"https:\/\/cheri-heater.com\/vn\/product\/rtd-sensor\/","og_locale":"en_US","og_type":"article","og_title":"C\u00e1c Nh\u00e0 S\u1ea3n Xu\u1ea5t C\u1ea3m Bi\u1ebfn RTD H\u00e0ng \u0110\u1ea7u | Cheri-heater.com","og_description":"T\u00ecm c\u1ea3m bi\u1ebfn RTD ch\u1ea5t l\u01b0\u1ee3ng h\u00e0ng \u0111\u1ea7u t\u1eeb nh\u00e0 s\u1ea3n xu\u1ea5t \u0111\u00e1ng tin c\u1eady \u0111\u1ec3 gi\u1ea3i ph\u00e1p \u0111o nhi\u1ec7t \u0111\u1ed9 ch\u00ednh x\u00e1c. Kh\u00e1m ph\u00e1 d\u1ea3i c\u1ea3m bi\u1ebfn RTD \u0111\u00e1ng tin c\u1eady c\u1ee7a ch\u00fang t\u00f4i, \u0111\u01b0\u1ee3c thi\u1ebft k\u1ebf cho \u0111\u1ed9 ch\u00ednh x\u00e1c v\u00e0 \u0111\u1ed9 b\u1ec1n trong c\u00e1c ng\u00e0nh c\u00f4ng nghi\u1ec7p kh\u00e1c nhau. Li\u00ean h\u1ec7 v\u1edbi ch\u00fang t\u00f4i ngay h\u00f4m nay cho nhu c\u1ea7u \u0111o nhi\u1ec7t \u0111\u1ed9 c\u1ee7a b\u1ea1n!","og_url":"https:\/\/cheri-heater.com\/vn\/product\/rtd-sensor\/","og_site_name":"Cheri Heater Technology Co.,Ltd.","article_modified_time":"2024-07-28T03:28:40+00:00","og_image":[{"width":973,"height":760,"url":"http:\/\/cheri-heater.com\/vn\/wp-content\/uploads\/2024\/06\/\u5fae\u4fe1\u56fe\u7247_20230221123322.jpg","type":"image\/jpeg"}],"twitter_card":"summary_large_image","twitter_misc":{"Est. reading time":"1 minute"},"schema":{"@context":"https:\/\/schema.org","@graph":[{"@type":"WebPage","@id":"https:\/\/cheri-heater.com\/vn\/product\/rtd-sensor\/","url":"https:\/\/cheri-heater.com\/vn\/product\/rtd-sensor\/","name":"C\u00e1c Nh\u00e0 S\u1ea3n Xu\u1ea5t C\u1ea3m Bi\u1ebfn RTD H\u00e0ng \u0110\u1ea7u | Cheri-heater.com","isPartOf":{"@id":"https:\/\/cheri-heater.com\/vn\/#website"},"primaryImageOfPage":{"@id":"https:\/\/cheri-heater.com\/vn\/product\/rtd-sensor\/#primaryimage"},"image":{"@id":"https:\/\/cheri-heater.com\/vn\/product\/rtd-sensor\/#primaryimage"},"thumbnailUrl":"https:\/\/cheri-heater.com\/vn\/wp-content\/uploads\/2024\/06\/\u5fae\u4fe1\u56fe\u7247_20230221123322.jpg","datePublished":"2024-06-05T17:08:13+00:00","dateModified":"2024-07-28T03:28:40+00:00","description":"T\u00ecm c\u1ea3m bi\u1ebfn RTD ch\u1ea5t l\u01b0\u1ee3ng h\u00e0ng \u0111\u1ea7u t\u1eeb nh\u00e0 s\u1ea3n xu\u1ea5t \u0111\u00e1ng tin c\u1eady \u0111\u1ec3 gi\u1ea3i ph\u00e1p \u0111o nhi\u1ec7t \u0111\u1ed9 ch\u00ednh x\u00e1c. Kh\u00e1m ph\u00e1 d\u1ea3i c\u1ea3m bi\u1ebfn RTD \u0111\u00e1ng tin c\u1eady c\u1ee7a ch\u00fang t\u00f4i, \u0111\u01b0\u1ee3c thi\u1ebft k\u1ebf cho \u0111\u1ed9 ch\u00ednh x\u00e1c v\u00e0 \u0111\u1ed9 b\u1ec1n trong c\u00e1c ng\u00e0nh c\u00f4ng nghi\u1ec7p kh\u00e1c nhau. Li\u00ean h\u1ec7 v\u1edbi ch\u00fang t\u00f4i ngay h\u00f4m nay cho nhu c\u1ea7u \u0111o nhi\u1ec7t \u0111\u1ed9 c\u1ee7a b\u1ea1n!","breadcrumb":{"@id":"https:\/\/cheri-heater.com\/vn\/product\/rtd-sensor\/#breadcrumb"},"inLanguage":"en-US","potentialAction":[{"@type":"ReadAction","target":["https:\/\/cheri-heater.com\/vn\/product\/rtd-sensor\/"]}]},{"@type":"ImageObject","inLanguage":"en-US","@id":"https:\/\/cheri-heater.com\/vn\/product\/rtd-sensor\/#primaryimage","url":"https:\/\/cheri-heater.com\/vn\/wp-content\/uploads\/2024\/06\/\u5fae\u4fe1\u56fe\u7247_20230221123322.jpg","contentUrl":"https:\/\/cheri-heater.com\/vn\/wp-content\/uploads\/2024\/06\/\u5fae\u4fe1\u56fe\u7247_20230221123322.jpg","width":973,"height":760},{"@type":"BreadcrumbList","@id":"https:\/\/cheri-heater.com\/vn\/product\/rtd-sensor\/#breadcrumb","itemListElement":[{"@type":"ListItem","position":1,"name":"Home","item":"https:\/\/cheri-heater.com\/vn\/"},{"@type":"ListItem","position":2,"name":"Products","item":"https:\/\/cheri-heater.com\/vn\/products\/"},{"@type":"ListItem","position":3,"name":"C\u1ea3m bi\u1ebfn RTD"}]},{"@type":"WebSite","@id":"https:\/\/cheri-heater.com\/vn\/#website","url":"https:\/\/cheri-heater.com\/vn\/","name":"Cheri Heater Technology Co.,Ltd.","description":"","publisher":{"@id":"https:\/\/cheri-heater.com\/vn\/#organization"},"potentialAction":[{"@type":"SearchAction","target":{"@type":"EntryPoint","urlTemplate":"https:\/\/cheri-heater.com\/vn\/?s={search_term_string}"},"query-input":{"@type":"PropertyValueSpecification","valueRequired":true,"valueName":"search_term_string"}}],"inLanguage":"en-US"},{"@type":"Organization","@id":"https:\/\/cheri-heater.com\/vn\/#organization","name":"Cheri Heater Technology Co.,Ltd.","url":"https:\/\/cheri-heater.com\/vn\/","logo":{"@type":"ImageObject","inLanguage":"en-US","@id":"https:\/\/cheri-heater.com\/vn\/#\/schema\/logo\/image\/","url":"https:\/\/cheri-heater.com\/vn\/wp-content\/uploads\/2024\/06\/cropped-logo-resize.png","contentUrl":"https:\/\/cheri-heater.com\/vn\/wp-content\/uploads\/2024\/06\/cropped-logo-resize.png","width":346,"height":99,"caption":"Cheri Heater Technology Co.,Ltd."},"image":{"@id":"https:\/\/cheri-heater.com\/vn\/#\/schema\/logo\/image\/"}}]}},"_links":{"self":[{"href":"https:\/\/cheri-heater.com\/vn\/wp-json\/wp\/v2\/product\/1097","targetHints":{"allow":["GET"]}}],"collection":[{"href":"https:\/\/cheri-heater.com\/vn\/wp-json\/wp\/v2\/product"}],"about":[{"href":"https:\/\/cheri-heater.com\/vn\/wp-json\/wp\/v2\/types\/product"}],"wp:featuredmedia":[{"embeddable":true,"href":"https:\/\/cheri-heater.com\/vn\/wp-json\/wp\/v2\/media\/1101"}],"wp:attachment":[{"href":"https:\/\/cheri-heater.com\/vn\/wp-json\/wp\/v2\/media?parent=1097"}],"wp:term":[{"taxonomy":"product_brand","embeddable":true,"href":"https:\/\/cheri-heater.com\/vn\/wp-json\/wp\/v2\/product_brand?post=1097"},{"taxonomy":"product_cat","embeddable":true,"href":"https:\/\/cheri-heater.com\/vn\/wp-json\/wp\/v2\/product_cat?post=1097"},{"taxonomy":"product_tag","embeddable":true,"href":"https:\/\/cheri-heater.com\/vn\/wp-json\/wp\/v2\/product_tag?post=1097"}],"curies":[{"name":"wp","href":"https:\/\/api.w.org\/{rel}","templated":true}]}}