{"id":1106,"date":"2024-06-05T17:09:59","date_gmt":"2024-06-05T17:09:59","guid":{"rendered":"https:\/\/cheri-heater.com\/vn\/?post_type=product&#038;p=1106"},"modified":"2024-07-28T03:33:44","modified_gmt":"2024-07-28T03:33:44","slug":"sbr-type-pt-rh-thermocouple","status":"publish","type":"product","link":"https:\/\/cheri-heater.com\/vn\/product\/sbr-type-pt-rh-thermocouple\/","title":{"rendered":"C\u1eb7p nhi\u1ec7t \u0111i\u1ec7n lo\u1ea1i S, B, R Pt-Rh"},"content":{"rendered":"<h3 class=\"western\"><span style=\"font-size: large;\"><b><span style=\"font-family: Arial, sans-serif;\">M\u00f4 t\u1ea3 v\u1ec1 c\u1ea3m bi\u1ebfn nhi\u1ec7t \u0111\u1ed9 RTD:<\/span><\/b><\/span><\/h3>\n<p class=\"western\" align=\"left\">\n    <span style=\"color: #000000;\"><br \/>\n        <span style=\"font-family: Arial, sans-serif;\"><br \/>\n            <span style=\"font-size: small;\"><br \/>\n                <b>Resistance Temperature Detectors (RTDs)<\/b> l\u00e0 c\u1ea3m bi\u1ebfn nhi\u1ec7t \u0111\u1ed9 ch\u1ee9a m\u1ed9t \u0111i\u1ec7n tr\u1edf thay \u0111\u1ed5i gi\u00e1 tr\u1ecb \u0111i\u1ec7n tr\u1edf c\u1ee7a n\u00f3 khi nhi\u1ec7t \u0111\u1ed9 c\u1ee7a n\u00f3 thay \u0111\u1ed5i. RTDs \u0111\u00e3 \u0111\u01b0\u1ee3c s\u1eed d\u1ee5ng nhi\u1ec1u n\u0103m \u0111\u1ec3 \u0111o nhi\u1ec7t \u0111\u1ed9 trong c\u00e1c quy tr\u00ecnh ph\u00f2ng th\u00ed nghi\u1ec7m v\u00e0 c\u00f4ng nghi\u1ec7p, v\u00e0 \u0111\u00e3 ph\u00e1t tri\u1ec3n danh ti\u1ebfng v\u1ec1 \u0111\u1ed9 ch\u00ednh x\u00e1c, \u0111\u1ed9 l\u1eb7p l\u1ea1i v\u00e0 \u0111\u1ed9 \u1ed5n \u0111\u1ecbnh. RTD l\u00e0 m\u1ed9t trong nh\u1eefng c\u1ea3m bi\u1ebfn nhi\u1ec7t \u0111\u1ed9 ch\u00ednh x\u00e1c nh\u1ea5t. Kh\u00f4ng ch\u1ec9 cung c\u1ea5p \u0111\u1ed9 ch\u00ednh x\u00e1c t\u1ed1t, n\u00f3 c\u00f2n cung c\u1ea5p s\u1ef1 \u1ed5n \u0111\u1ecbnh v\u00e0 \u0111\u1ed9 l\u1eb7p l\u1ea1i tuy\u1ec7t v\u1eddi. RTDs t\u01b0\u01a1ng \u0111\u1ed1i mi\u1ec5n nhi\u1ec5m v\u1edbi nhi\u1ec5u \u0111i\u1ec7n v\u00e0 do \u0111\u00f3 ph\u00f9 h\u1ee3p \u0111\u1ec3 \u0111o nhi\u1ec7t \u0111\u1ed9 trong m\u00f4i tr\u01b0\u1eddng c\u00f4ng nghi\u1ec7p, \u0111\u1eb7c bi\u1ec7t l\u00e0 xung quanh \u0111\u1ed9ng c\u01a1, m\u00e1y ph\u00e1t \u0111i\u1ec7n v\u00e0 c\u00e1c thi\u1ebft b\u1ecb \u0111i\u1ec7n \u00e1p cao kh\u00e1c.<br \/>\n            <\/span><br \/>\n        <\/span><br \/>\n    <\/span>\n<\/p>\n<table dir=\"ltr\" width=\"750\" cellspacing=\"0\" cellpadding=\"0\" align=\"left\">\n<tbody>\n<tr valign=\"top\">\n<td rowspan=\"2\" bgcolor=\"#f3f4f8\" width=\"127\">\n<p class=\"western\" align=\"center\"><span style=\"font-size: small;\"><b><span style=\"font-family: \u5b8b\u4f53;\">Conductor material<\/span><\/b><\/span><\/p>\n<\/td>\n<td rowspan=\"2\" width=\"29\">\n<p class=\"western\" align=\"center\"><span style=\"font-size: small;\"><b><span style=\"font-family: \u5b8b\u4f53;\">Type<\/span><\/b><\/span><\/p>\n<\/td>\n<td rowspan=\"2\" width=\"36\">\n<p class=\"western\" align=\"center\"><span style=\"font-size: small;\"><b><span style=\"font-family: \u5b8b\u4f53;\">Grade<\/span><\/b><\/span><\/p>\n<\/td>\n<td colspan=\"4\" width=\"463\">\n<p class=\"western\" align=\"center\"><span style=\"font-size: small;\"><b><span style=\"font-family: \u5b8b\u4f53;\">Spec. of protection tube (mm)<\/span><\/b><\/span><\/p>\n<\/td>\n<td rowspan=\"2\" width=\"92\">\n<p class=\"western\" align=\"left\"><span style=\"font-size: small;\"><b><span style=\"font-family: \u5b8b\u4f53;\">Temperature (\u00b0C)<\/span><\/b><\/span><\/p>\n<\/td>\n<\/tr>\n<tr valign=\"top\">\n<td width=\"86\">\n<p class=\"western\" align=\"left\"><span style=\"font-size: small;\"><b><span style=\"font-family: \u5b8b\u4f53;\">Total length<\/span><\/b><\/span><\/p>\n<\/td>\n<td width=\"114\">\n<p class=\"western\" align=\"left\"><span style=\"font-size: small;\"><b><span style=\"font-family: \u5b8b\u4f53;\">Immersion length<\/span><\/b><\/span><\/p>\n<\/td>\n<td width=\"71\">\n<p class=\"western\" align=\"left\"><span style=\"font-size: small;\"><b><span style=\"font-family: \u5b8b\u4f53;\">Diameter<\/span><\/b><\/span><\/p>\n<\/td>\n<td width=\"192\">\n<p class=\"western\" align=\"left\"><span style=\"font-size: small;\"><b><span style=\"font-family: \u5b8b\u4f53;\">Material of protection tube<\/span><\/b><\/span><\/p>\n<\/td>\n<\/tr>\n<tr valign=\"top\">\n<td bgcolor=\"#f3f4f8\" width=\"127\">\n<p class=\"western\" align=\"center\"><span style=\"font-size: small;\"><span style=\"font-family: \u5b8b\u4f53;\">PtRh10-Pt<\/span><\/span><\/p>\n<\/td>\n<td width=\"29\">\n<p class=\"western\" align=\"center\"><span style=\"font-size: small;\"><span style=\"font-family: \u5b8b\u4f53;\">WRP<\/span><\/span><\/p>\n<\/td>\n<td width=\"36\">\n<p class=\"western\" align=\"center\"><span style=\"font-size: small;\"><span style=\"font-family: \u5b8b\u4f53;\">S<\/span><\/span><\/p>\n<\/td>\n<td rowspan=\"3\" width=\"86\">\n<p class=\"western\" align=\"center\"><span style=\"font-size: small;\"><span style=\"font-family: \u5b8b\u4f53;\">300<\/span><\/span><\/p>\n<p class=\"western\" align=\"center\"><span style=\"font-size: small;\"><span style=\"font-family: \u5b8b\u4f53;\">350<\/span><\/span><\/p>\n<p class=\"western\" align=\"center\"><span style=\"font-size: small;\"><span style=\"font-family: \u5b8b\u4f53;\">400<\/span><\/span><\/p>\n<p class=\"western\" align=\"center\"><span style=\"font-size: small;\"><span style=\"font-family: \u5b8b\u4f53;\">450<\/span><\/span><\/p>\n<p class=\"western\" align=\"center\"><span style=\"font-size: small;\"><span style=\"font-family: \u5b8b\u4f53;\">550<\/span><\/span><\/p>\n<p class=\"western\" align=\"center\"><span style=\"font-size: small;\"><span style=\"font-family: \u5b8b\u4f53;\">650<\/span><\/span><\/p>\n<p class=\"western\" align=\"center\"><span style=\"font-size: small;\"><span style=\"font-family: \u5b8b\u4f53;\">900<\/span><\/span><\/p>\n<p class=\"western\" align=\"center\"><span style=\"font-size: small;\"><span style=\"font-family: \u5b8b\u4f53;\">1150<\/span><\/span><\/p>\n<p class=\"western\" align=\"center\"><span style=\"font-size: small;\"><span style=\"font-family: \u5b8b\u4f53;\">1300<\/span><\/span><\/p>\n<\/td>\n<td rowspan=\"3\" width=\"114\">\n<p class=\"western\" align=\"center\"><span style=\"font-size: small;\"><span style=\"font-family: \u5b8b\u4f53;\">150<\/span><\/span><\/p>\n<p class=\"western\" align=\"center\"><span style=\"font-size: small;\"><span style=\"font-family: \u5b8b\u4f53;\">200<\/span><\/span><\/p>\n<p class=\"western\" align=\"center\"><span style=\"font-size: small;\"><span style=\"font-family: \u5b8b\u4f53;\">250<\/span><\/span><\/p>\n<p class=\"western\" align=\"center\"><span style=\"font-size: small;\"><span style=\"font-family: \u5b8b\u4f53;\">300<\/span><\/span><\/p>\n<p class=\"western\" align=\"center\"><span style=\"font-size: small;\"><span style=\"font-family: \u5b8b\u4f53;\">400<\/span><\/span><\/p>\n<p class=\"western\" align=\"center\"><span style=\"font-size: small;\"><span style=\"font-family: \u5b8b\u4f53;\">500<\/span><\/span><\/p>\n<p class=\"western\" align=\"center\"><span style=\"font-size: small;\"><span style=\"font-family: \u5b8b\u4f53;\">750<\/span><\/span><\/p>\n<p class=\"western\" align=\"center\"><span style=\"font-size: small;\"><span style=\"font-family: \u5b8b\u4f53;\">1000<\/span><\/span><\/p>\n<p class=\"western\" align=\"center\"><span style=\"font-size: small;\"><span style=\"font-family: \u5b8b\u4f53;\">1100<\/span><\/span><\/p>\n<\/td>\n<td rowspan=\"4\" width=\"71\">\n<p class=\"western\" align=\"left\"><span style=\"font-size: small;\"><span style=\"font-family: \u5b8b\u4f53;\">8\/10\/16\/25<\/span><\/span><\/p>\n<\/td>\n<td width=\"192\">\n<p class=\"western\" align=\"left\"><span style=\"font-size: small;\"><span style=\"font-family: \u5b8b\u4f53;\">99.9% Al2O3 ceramic<\/span><\/span><\/p>\n<\/td>\n<td width=\"92\">\n<p class=\"western\" align=\"center\"><span style=\"font-size: small;\"><span style=\"font-family: \u5b8b\u4f53;\">0-1300<\/span><\/span><\/p>\n<\/td>\n<\/tr>\n<tr valign=\"top\">\n<td bgcolor=\"#f3f4f8\" width=\"127\">\n<p class=\"western\" align=\"center\"><span style=\"font-size: small;\"><span style=\"font-family: \u5b8b\u4f53;\">Pt-Rh30-Pt6<\/span><\/span><\/p>\n<\/td>\n<td width=\"29\">\n<p class=\"western\" align=\"center\"><span style=\"font-size: small;\"><span style=\"font-family: \u5b8b\u4f53;\">WRR<\/span><\/span><\/p>\n<\/td>\n<td width=\"36\">\n<p class=\"western\" align=\"center\"><span style=\"font-size: small;\"><span style=\"font-family: \u5b8b\u4f53;\">B<\/span><\/span><\/p>\n<\/td>\n<td width=\"192\">\n<p class=\"western\" align=\"left\"><span style=\"font-size: small;\"><span style=\"font-family: \u5b8b\u4f53;\">99.9% Al2O3 ceramic<\/span><\/span><\/p>\n<\/td>\n<td width=\"92\">\n<p class=\"western\" align=\"center\"><span style=\"font-size: small;\"><span style=\"font-family: \u5b8b\u4f53;\">0-1600<\/span><\/span><\/p>\n<\/td>\n<\/tr>\n<tr valign=\"top\">\n<td bgcolor=\"#f3f4f8\" width=\"127\">\n<p class=\"western\" align=\"center\"><span style=\"font-size: small;\"><span style=\"font-family: \u5b8b\u4f53;\">PtRh13-Pt<\/span><\/span><\/p>\n<\/td>\n<td width=\"29\">\n<p class=\"western\" align=\"center\"><span style=\"font-size: small;\"><span style=\"font-family: \u5b8b\u4f53;\">WRQ<\/span><\/span><\/p>\n<\/td>\n<td width=\"36\">\n<p class=\"western\" align=\"center\"><span style=\"font-size: small;\"><span style=\"font-family: \u5b8b\u4f53;\">R<\/span><\/span><\/p>\n<td width=\"192\">\n<p class=\"western\" align=\"left\"><span style=\"font-size: small;\"><span style=\"font-family: \u5b8b\u4f53;\">99.9% Al2O3 ceramic<\/span><\/span><\/p>\n<\/td>\n<td width=\"92\">\n<p class=\"western\" align=\"center\"><span style=\"font-size: small;\"><span style=\"font-family: \u5b8b\u4f53;\">0-1300<\/span><\/span><\/p>\n<\/td>\n<\/tr>\n<tr valign=\"top\">\n<td bgcolor=\"#f3f4f8\" width=\"127\">\n<p class=\"western\" align=\"center\"><span style=\"font-size: small;\"><span style=\"font-family: \u5b8b\u4f53;\">Mini PtRh10-Pt<\/span><\/span><\/p>\n<\/td>\n<td width=\"29\">\n<p class=\"western\" align=\"center\"><span style=\"font-size: small;\"><span style=\"font-family: \u5b8b\u4f53;\">WRP<\/span><\/span><\/p>\n<\/td>\n<td width=\"36\">\n<p class=\"western\" align=\"center\"><span style=\"font-size: small;\"><span style=\"font-family: \u5b8b\u4f53;\">S<\/span><\/span><\/p>\n<\/td>\n<td width=\"86\">\n<p class=\"western\" align=\"left\"><span style=\"font-size: small;\"><span style=\"font-family: \u5b8b\u4f53;\">150-1500<\/span><\/span><\/p>\n<td width=\"114\">\n<p class=\"western\" align=\"left\"><span style=\"font-size: small;\"><span style=\"font-family: \u5b8b\u4f53;\">150-1500<\/span><\/span><\/p>\n<\/td>\n<td width=\"192\">\n<p class=\"western\" align=\"left\"><span style=\"font-size: small;\"><span style=\"font-family: \u5b8b\u4f53;\">99.9% Al2O3 ceramic<\/span><\/span><\/p>\n<\/td>\n<td width=\"92\">\n<p class=\"western\" align=\"center\"><span style=\"font-size: small;\"><span style=\"font-family: \u5b8b\u4f53;\">0-1300<\/span><\/span><\/p>\n<\/td>\n<\/tr>\n<\/tbody>\n<\/table>\n<p><img fetchpriority=\"high\" decoding=\"async\" class=\"aligncenter size-full wp-image-1114\" src=\"http:\/\/cheri-heater.com\/vn\/wp-content\/uploads\/2024\/06\/description-1-2.jpg\" alt=\"\" width=\"800\" height=\"800\" srcset=\"https:\/\/cheri-heater.com\/vn\/wp-content\/uploads\/2024\/06\/description-1-2.jpg 800w, https:\/\/cheri-heater.com\/vn\/wp-content\/uploads\/2024\/06\/description-1-2-300x300.jpg 300w, https:\/\/cheri-heater.com\/vn\/wp-content\/uploads\/2024\/06\/description-1-2-100x100.jpg 100w, https:\/\/cheri-heater.com\/vn\/wp-content\/uploads\/2024\/06\/description-1-2-600x600.jpg 600w, https:\/\/cheri-heater.com\/vn\/wp-content\/uploads\/2024\/06\/description-1-2-150x150.jpg 150w, https:\/\/cheri-heater.com\/vn\/wp-content\/uploads\/2024\/06\/description-1-2-768x768.jpg 768w\" sizes=\"(max-width: 800px) 100vw, 800px\" \/><\/p>\n<p><img decoding=\"async\" class=\"aligncenter size-full wp-image-1115 lazyload\" data-src=\"http:\/\/cheri-heater.com\/vn\/wp-content\/uploads\/2024\/06\/description-2-2.jpg\" alt=\"\" width=\"800\" height=\"800\" data-srcset=\"https:\/\/cheri-heater.com\/vn\/wp-content\/uploads\/2024\/06\/description-2-2.jpg 800w, https:\/\/cheri-heater.com\/vn\/wp-content\/uploads\/2024\/06\/description-2-2-300x300.jpg 300w, https:\/\/cheri-heater.com\/vn\/wp-content\/uploads\/2024\/06\/description-2-2-100x100.jpg 100w, https:\/\/cheri-heater.com\/vn\/wp-content\/uploads\/2024\/06\/description-2-2-600x600.jpg 600w, https:\/\/cheri-heater.com\/vn\/wp-content\/uploads\/2024\/06\/description-2-2-150x150.jpg 150w, https:\/\/cheri-heater.com\/vn\/wp-content\/uploads\/2024\/06\/description-2-2-768x768.jpg 768w\" data-sizes=\"(max-width: 800px) 100vw, 800px\" src=\"data:image\/svg+xml;base64,PHN2ZyB3aWR0aD0iMSIgaGVpZ2h0PSIxIiB4bWxucz0iaHR0cDovL3d3dy53My5vcmcvMjAwMC9zdmciPjwvc3ZnPg==\" style=\"--smush-placeholder-width: 800px; --smush-placeholder-aspect-ratio: 800\/800;\" \/><\/p>\n<p><img decoding=\"async\" class=\"aligncenter size-full wp-image-1116 lazyload\" data-src=\"http:\/\/cheri-heater.com\/vn\/wp-content\/uploads\/2024\/06\/description-3-1.jpg\" alt=\"\" width=\"800\" height=\"800\" data-srcset=\"https:\/\/cheri-heater.com\/vn\/wp-content\/uploads\/2024\/06\/description-3-1.jpg 800w, https:\/\/cheri-heater.com\/vn\/wp-content\/uploads\/2024\/06\/description-3-1-300x300.jpg 300w, https:\/\/cheri-heater.com\/vn\/wp-content\/uploads\/2024\/06\/description-3-1-100x100.jpg 100w, https:\/\/cheri-heater.com\/vn\/wp-content\/uploads\/2024\/06\/description-3-1-600x600.jpg 600w, https:\/\/cheri-heater.com\/vn\/wp-content\/uploads\/2024\/06\/description-3-1-150x150.jpg 150w, https:\/\/cheri-heater.com\/vn\/wp-content\/uploads\/2024\/06\/description-3-1-768x768.jpg 768w\" data-sizes=\"(max-width: 800px) 100vw, 800px\" src=\"data:image\/svg+xml;base64,PHN2ZyB3aWR0aD0iMSIgaGVpZ2h0PSIxIiB4bWxucz0iaHR0cDovL3d3dy53My5vcmcvMjAwMC9zdmciPjwvc3ZnPg==\" style=\"--smush-placeholder-width: 800px; --smush-placeholder-aspect-ratio: 800\/800;\" \/><\/p>\n<p><img decoding=\"async\" class=\"aligncenter size-full wp-image-1117 lazyload\" data-src=\"http:\/\/cheri-heater.com\/vn\/wp-content\/uploads\/2024\/06\/description-4-1.jpg\" alt=\"\" width=\"788\" height=\"1598\" data-srcset=\"https:\/\/cheri-heater.com\/vn\/wp-content\/uploads\/2024\/06\/description-4-1.jpg 788w, https:\/\/cheri-heater.com\/vn\/wp-content\/uploads\/2024\/06\/description-4-1-600x1217.jpg 600w, https:\/\/cheri-heater.com\/vn\/wp-content\/uploads\/2024\/06\/description-4-1-148x300.jpg 148w, https:\/\/cheri-heater.com\/vn\/wp-content\/uploads\/2024\/06\/description-4-1-505x1024.jpg 505w, https:\/\/cheri-heater.com\/vn\/wp-content\/uploads\/2024\/06\/description-4-1-768x1557.jpg 768w, https:\/\/cheri-heater.com\/vn\/wp-content\/uploads\/2024\/06\/description-4-1-757x1536.jpg 757w\" data-sizes=\"(max-width: 788px) 100vw, 788px\" src=\"data:image\/svg+xml;base64,PHN2ZyB3aWR0aD0iMSIgaGVpZ2h0PSIxIiB4bWxucz0iaHR0cDovL3d3dy53My5vcmcvMjAwMC9zdmciPjwvc3ZnPg==\" style=\"--smush-placeholder-width: 788px; --smush-placeholder-aspect-ratio: 788\/1598;\" \/><\/p>\n","protected":false},"excerpt":{"rendered":"<p>C\u1eb7p nhi\u1ec7t \u0111i\u1ec7n Platinum-rhodium<br \/>\nC\u1eb7p nhi\u1ec7t \u0111i\u1ec7n lo\u1ea1i l\u1eafp r\u00e1p Platinum Rhodium \u0111\u01b0\u1ee3c s\u1eed d\u1ee5ng r\u1ed9ng r\u00e3i \u1edf nh\u1eefng n\u01a1i s\u1ea3n xu\u1ea5t c\u00f3 nhi\u1ec7t \u0111\u1ed9 cao. N\u00f3 ch\u1ee7 y\u1ebfu \u0111\u01b0\u1ee3c s\u1eed d\u1ee5ng \u0111\u1ec3 \u0111o nhi\u1ec7t \u0111\u1ed9 trong ng\u00e0nh c\u00f4ng nghi\u1ec7p th\u1ee7y tinh v\u00e0 g\u1ed1m s\u1ee9 v\u00e0 l\u00f2 mu\u1ed1i c\u00f4ng nghi\u1ec7p.<\/p>\n","protected":false},"featured_media":1111,"template":"","meta":[],"product_brand":[],"product_cat":[27],"product_tag":[162],"class_list":{"0":"post-1106","1":"product","2":"type-product","3":"status-publish","4":"has-post-thumbnail","6":"product_cat-thermocouple","7":"product_tag-sbr-type-pt-rh-thermocouple","9":"first","10":"instock","11":"shipping-taxable","12":"product-type-simple"},"yoast_head":"<!-- This site is optimized with the Yoast SEO plugin v27.4 - https:\/\/yoast.com\/product\/yoast-seo-wordpress\/ -->\n<title>C\u1eb7p Nhi\u1ec7t \u0110i\u1ec7n Lo\u1ea1i S B R Pt Rh Cao C\u1ea5p Cho \u0110o Nhi\u1ec7t \u0110\u1ed9 Ch\u00ednh X\u00e1c<\/title>\n<meta name=\"description\" content=\"L\u1ef1a ch\u1ecdn cao c\u1ea5p c\u00e1c c\u1eb7p nhi\u1ec7t \u0111i\u1ec7n lo\u1ea1i S, B, R Pt-Rh c\u1ee7a ch\u00fang t\u00f4i, \u0111\u01b0\u1ee3c thi\u1ebft k\u1ebf cho \u0111o nhi\u1ec7t \u0111\u1ed9 ch\u00ednh x\u00e1c trong m\u00f4i tr\u01b0\u1eddng kh\u1eafc nghi\u1ec7t. Tin t\u01b0\u1edfng v\u00e0o \u0111\u1ed9 ch\u00ednh x\u00e1c v\u00e0 \u0111\u1ed9 tin c\u1eady c\u1ee7a c\u1eb7p nhi\u1ec7t \u0111i\u1ec7n c\u1ee7a ch\u00fang t\u00f4i cho nhu c\u1ea7u gi\u00e1m s\u00e1t nhi\u1ec7t \u0111\u1ed9 quan tr\u1ecdng c\u1ee7a b\u1ea1n. Kh\u00e1m ph\u00e1 d\u00f2ng s\u1ea3n ph\u1ea9m c\u1ee7a ch\u00fang t\u00f4i ngay b\u00e2y gi\u1edd!\" \/>\n<meta name=\"robots\" content=\"index, follow, max-snippet:-1, max-image-preview:large, max-video-preview:-1\" \/>\n<link rel=\"canonical\" href=\"https:\/\/cheri-heater.com\/vn\/product\/sbr-type-pt-rh-thermocouple\/\" \/>\n<meta property=\"og:locale\" content=\"en_US\" \/>\n<meta property=\"og:type\" content=\"article\" \/>\n<meta property=\"og:title\" content=\"C\u1eb7p Nhi\u1ec7t \u0110i\u1ec7n Lo\u1ea1i S B R Pt Rh Cao C\u1ea5p Cho \u0110o Nhi\u1ec7t \u0110\u1ed9 Ch\u00ednh X\u00e1c\" \/>\n<meta property=\"og:description\" content=\"L\u1ef1a ch\u1ecdn cao c\u1ea5p c\u00e1c c\u1eb7p nhi\u1ec7t \u0111i\u1ec7n lo\u1ea1i S, B, R Pt-Rh c\u1ee7a ch\u00fang t\u00f4i, \u0111\u01b0\u1ee3c thi\u1ebft k\u1ebf cho \u0111o nhi\u1ec7t \u0111\u1ed9 ch\u00ednh x\u00e1c trong m\u00f4i tr\u01b0\u1eddng kh\u1eafc nghi\u1ec7t. Tin t\u01b0\u1edfng v\u00e0o \u0111\u1ed9 ch\u00ednh x\u00e1c v\u00e0 \u0111\u1ed9 tin c\u1eady c\u1ee7a c\u1eb7p nhi\u1ec7t \u0111i\u1ec7n c\u1ee7a ch\u00fang t\u00f4i cho nhu c\u1ea7u gi\u00e1m s\u00e1t nhi\u1ec7t \u0111\u1ed9 quan tr\u1ecdng c\u1ee7a b\u1ea1n. Kh\u00e1m ph\u00e1 d\u00f2ng s\u1ea3n ph\u1ea9m c\u1ee7a ch\u00fang t\u00f4i ngay b\u00e2y gi\u1edd!\" \/>\n<meta property=\"og:url\" content=\"https:\/\/cheri-heater.com\/vn\/product\/sbr-type-pt-rh-thermocouple\/\" \/>\n<meta property=\"og:site_name\" content=\"Cheri Heater Technology Co.,Ltd.\" \/>\n<meta property=\"article:modified_time\" content=\"2024-07-28T03:33:44+00:00\" \/>\n<meta property=\"og:image\" content=\"http:\/\/cheri-heater.com\/vn\/wp-content\/uploads\/2024\/06\/\u5fae\u4fe1\u56fe\u7247_202303151621482.jpg\" \/>\n\t<meta property=\"og:image:width\" content=\"760\" \/>\n\t<meta property=\"og:image:height\" content=\"760\" \/>\n\t<meta property=\"og:image:type\" content=\"image\/jpeg\" \/>\n<meta name=\"twitter:card\" content=\"summary_large_image\" \/>\n<meta name=\"twitter:label1\" content=\"Est. reading time\" \/>\n\t<meta name=\"twitter:data1\" content=\"2 minutes\" \/>\n<!-- \/ Yoast SEO plugin. -->","yoast_head_json":{"title":"C\u1eb7p Nhi\u1ec7t \u0110i\u1ec7n Lo\u1ea1i S B R Pt Rh Cao C\u1ea5p Cho \u0110o Nhi\u1ec7t \u0110\u1ed9 Ch\u00ednh X\u00e1c","description":"L\u1ef1a ch\u1ecdn cao c\u1ea5p c\u00e1c c\u1eb7p nhi\u1ec7t \u0111i\u1ec7n lo\u1ea1i S, B, R Pt-Rh c\u1ee7a ch\u00fang t\u00f4i, \u0111\u01b0\u1ee3c thi\u1ebft k\u1ebf cho \u0111o nhi\u1ec7t \u0111\u1ed9 ch\u00ednh x\u00e1c trong m\u00f4i tr\u01b0\u1eddng kh\u1eafc nghi\u1ec7t. Tin t\u01b0\u1edfng v\u00e0o \u0111\u1ed9 ch\u00ednh x\u00e1c v\u00e0 \u0111\u1ed9 tin c\u1eady c\u1ee7a c\u1eb7p nhi\u1ec7t \u0111i\u1ec7n c\u1ee7a ch\u00fang t\u00f4i cho nhu c\u1ea7u gi\u00e1m s\u00e1t nhi\u1ec7t \u0111\u1ed9 quan tr\u1ecdng c\u1ee7a b\u1ea1n. Kh\u00e1m ph\u00e1 d\u00f2ng s\u1ea3n ph\u1ea9m c\u1ee7a ch\u00fang t\u00f4i ngay b\u00e2y gi\u1edd!","robots":{"index":"index","follow":"follow","max-snippet":"max-snippet:-1","max-image-preview":"max-image-preview:large","max-video-preview":"max-video-preview:-1"},"canonical":"https:\/\/cheri-heater.com\/vn\/product\/sbr-type-pt-rh-thermocouple\/","og_locale":"en_US","og_type":"article","og_title":"C\u1eb7p Nhi\u1ec7t \u0110i\u1ec7n Lo\u1ea1i S B R Pt Rh Cao C\u1ea5p Cho \u0110o Nhi\u1ec7t \u0110\u1ed9 Ch\u00ednh X\u00e1c","og_description":"L\u1ef1a ch\u1ecdn cao c\u1ea5p c\u00e1c c\u1eb7p nhi\u1ec7t \u0111i\u1ec7n lo\u1ea1i S, B, R Pt-Rh c\u1ee7a ch\u00fang t\u00f4i, \u0111\u01b0\u1ee3c thi\u1ebft k\u1ebf cho \u0111o nhi\u1ec7t \u0111\u1ed9 ch\u00ednh x\u00e1c trong m\u00f4i tr\u01b0\u1eddng kh\u1eafc nghi\u1ec7t. Tin t\u01b0\u1edfng v\u00e0o \u0111\u1ed9 ch\u00ednh x\u00e1c v\u00e0 \u0111\u1ed9 tin c\u1eady c\u1ee7a c\u1eb7p nhi\u1ec7t \u0111i\u1ec7n c\u1ee7a ch\u00fang t\u00f4i cho nhu c\u1ea7u gi\u00e1m s\u00e1t nhi\u1ec7t \u0111\u1ed9 quan tr\u1ecdng c\u1ee7a b\u1ea1n. Kh\u00e1m ph\u00e1 d\u00f2ng s\u1ea3n ph\u1ea9m c\u1ee7a ch\u00fang t\u00f4i ngay b\u00e2y gi\u1edd!","og_url":"https:\/\/cheri-heater.com\/vn\/product\/sbr-type-pt-rh-thermocouple\/","og_site_name":"Cheri Heater Technology Co.,Ltd.","article_modified_time":"2024-07-28T03:33:44+00:00","og_image":[{"width":760,"height":760,"url":"http:\/\/cheri-heater.com\/vn\/wp-content\/uploads\/2024\/06\/\u5fae\u4fe1\u56fe\u7247_202303151621482.jpg","type":"image\/jpeg"}],"twitter_card":"summary_large_image","twitter_misc":{"Est. reading time":"2 minutes"},"schema":{"@context":"https:\/\/schema.org","@graph":[{"@type":"WebPage","@id":"https:\/\/cheri-heater.com\/vn\/product\/sbr-type-pt-rh-thermocouple\/","url":"https:\/\/cheri-heater.com\/vn\/product\/sbr-type-pt-rh-thermocouple\/","name":"C\u1eb7p Nhi\u1ec7t \u0110i\u1ec7n Lo\u1ea1i S B R Pt Rh Cao C\u1ea5p Cho \u0110o Nhi\u1ec7t \u0110\u1ed9 Ch\u00ednh X\u00e1c","isPartOf":{"@id":"https:\/\/cheri-heater.com\/vn\/#website"},"primaryImageOfPage":{"@id":"https:\/\/cheri-heater.com\/vn\/product\/sbr-type-pt-rh-thermocouple\/#primaryimage"},"image":{"@id":"https:\/\/cheri-heater.com\/vn\/product\/sbr-type-pt-rh-thermocouple\/#primaryimage"},"thumbnailUrl":"https:\/\/cheri-heater.com\/vn\/wp-content\/uploads\/2024\/06\/\u5fae\u4fe1\u56fe\u7247_202303151621482.jpg","datePublished":"2024-06-05T17:09:59+00:00","dateModified":"2024-07-28T03:33:44+00:00","description":"L\u1ef1a ch\u1ecdn cao c\u1ea5p c\u00e1c c\u1eb7p nhi\u1ec7t \u0111i\u1ec7n lo\u1ea1i S, B, R Pt-Rh c\u1ee7a ch\u00fang t\u00f4i, \u0111\u01b0\u1ee3c thi\u1ebft k\u1ebf cho \u0111o nhi\u1ec7t \u0111\u1ed9 ch\u00ednh x\u00e1c trong m\u00f4i tr\u01b0\u1eddng kh\u1eafc nghi\u1ec7t. Tin t\u01b0\u1edfng v\u00e0o \u0111\u1ed9 ch\u00ednh x\u00e1c v\u00e0 \u0111\u1ed9 tin c\u1eady c\u1ee7a c\u1eb7p nhi\u1ec7t \u0111i\u1ec7n c\u1ee7a ch\u00fang t\u00f4i cho nhu c\u1ea7u gi\u00e1m s\u00e1t nhi\u1ec7t \u0111\u1ed9 quan tr\u1ecdng c\u1ee7a b\u1ea1n. Kh\u00e1m ph\u00e1 d\u00f2ng s\u1ea3n ph\u1ea9m c\u1ee7a ch\u00fang t\u00f4i ngay b\u00e2y gi\u1edd!","breadcrumb":{"@id":"https:\/\/cheri-heater.com\/vn\/product\/sbr-type-pt-rh-thermocouple\/#breadcrumb"},"inLanguage":"en-US","potentialAction":[{"@type":"ReadAction","target":["https:\/\/cheri-heater.com\/vn\/product\/sbr-type-pt-rh-thermocouple\/"]}]},{"@type":"ImageObject","inLanguage":"en-US","@id":"https:\/\/cheri-heater.com\/vn\/product\/sbr-type-pt-rh-thermocouple\/#primaryimage","url":"https:\/\/cheri-heater.com\/vn\/wp-content\/uploads\/2024\/06\/\u5fae\u4fe1\u56fe\u7247_202303151621482.jpg","contentUrl":"https:\/\/cheri-heater.com\/vn\/wp-content\/uploads\/2024\/06\/\u5fae\u4fe1\u56fe\u7247_202303151621482.jpg","width":760,"height":760},{"@type":"BreadcrumbList","@id":"https:\/\/cheri-heater.com\/vn\/product\/sbr-type-pt-rh-thermocouple\/#breadcrumb","itemListElement":[{"@type":"ListItem","position":1,"name":"Home","item":"https:\/\/cheri-heater.com\/vn\/"},{"@type":"ListItem","position":2,"name":"Products","item":"https:\/\/cheri-heater.com\/vn\/products\/"},{"@type":"ListItem","position":3,"name":"C\u1eb7p nhi\u1ec7t \u0111i\u1ec7n lo\u1ea1i S, B, R Pt-Rh"}]},{"@type":"WebSite","@id":"https:\/\/cheri-heater.com\/vn\/#website","url":"https:\/\/cheri-heater.com\/vn\/","name":"Cheri Heater Technology Co.,Ltd.","description":"","publisher":{"@id":"https:\/\/cheri-heater.com\/vn\/#organization"},"potentialAction":[{"@type":"SearchAction","target":{"@type":"EntryPoint","urlTemplate":"https:\/\/cheri-heater.com\/vn\/?s={search_term_string}"},"query-input":{"@type":"PropertyValueSpecification","valueRequired":true,"valueName":"search_term_string"}}],"inLanguage":"en-US"},{"@type":"Organization","@id":"https:\/\/cheri-heater.com\/vn\/#organization","name":"Cheri Heater Technology Co.,Ltd.","url":"https:\/\/cheri-heater.com\/vn\/","logo":{"@type":"ImageObject","inLanguage":"en-US","@id":"https:\/\/cheri-heater.com\/vn\/#\/schema\/logo\/image\/","url":"https:\/\/cheri-heater.com\/vn\/wp-content\/uploads\/2024\/06\/cropped-logo-resize.png","contentUrl":"https:\/\/cheri-heater.com\/vn\/wp-content\/uploads\/2024\/06\/cropped-logo-resize.png","width":346,"height":99,"caption":"Cheri Heater Technology Co.,Ltd."},"image":{"@id":"https:\/\/cheri-heater.com\/vn\/#\/schema\/logo\/image\/"}}]}},"_links":{"self":[{"href":"https:\/\/cheri-heater.com\/vn\/wp-json\/wp\/v2\/product\/1106","targetHints":{"allow":["GET"]}}],"collection":[{"href":"https:\/\/cheri-heater.com\/vn\/wp-json\/wp\/v2\/product"}],"about":[{"href":"https:\/\/cheri-heater.com\/vn\/wp-json\/wp\/v2\/types\/product"}],"wp:featuredmedia":[{"embeddable":true,"href":"https:\/\/cheri-heater.com\/vn\/wp-json\/wp\/v2\/media\/1111"}],"wp:attachment":[{"href":"https:\/\/cheri-heater.com\/vn\/wp-json\/wp\/v2\/media?parent=1106"}],"wp:term":[{"taxonomy":"product_brand","embeddable":true,"href":"https:\/\/cheri-heater.com\/vn\/wp-json\/wp\/v2\/product_brand?post=1106"},{"taxonomy":"product_cat","embeddable":true,"href":"https:\/\/cheri-heater.com\/vn\/wp-json\/wp\/v2\/product_cat?post=1106"},{"taxonomy":"product_tag","embeddable":true,"href":"https:\/\/cheri-heater.com\/vn\/wp-json\/wp\/v2\/product_tag?post=1106"}],"curies":[{"name":"wp","href":"https:\/\/api.w.org\/{rel}","templated":true}]}}