{"id":1118,"date":"2024-06-05T17:12:41","date_gmt":"2024-06-05T17:12:41","guid":{"rendered":"https:\/\/cheri-heater.com\/vn\/?post_type=product&#038;p=1118"},"modified":"2024-07-28T04:27:06","modified_gmt":"2024-07-28T04:27:06","slug":"spring-thermocouple","status":"publish","type":"product","link":"https:\/\/cheri-heater.com\/vn\/product\/spring-thermocouple\/","title":{"rendered":"C\u1ea3m bi\u1ebfn nhi\u1ec7t \u0111\u1ed9 d\u1ea1ng l\u00f2 xo"},"content":{"rendered":"<p>N\u00f3 c\u00f3 th\u1ec3 \u0111o tr\u1ef1c ti\u1ebfp nhi\u1ec7t \u0111\u1ed9 b\u1ec1 m\u1eb7t c\u1ee7a ch\u1ea5t r\u1eafn trong kho\u1ea3ng t\u1eeb 0~400\u2103 v\u00e0 -200~400\u2103 trong c\u00e1c quy tr\u00ecnh s\u1ea3n xu\u1ea5t kh\u00e1c nhau.<br \/>\nN\u00f3 c\u00f3 k\u00edch th\u01b0\u1edbc nh\u1ecf, ph\u1ea3n \u1ee9ng nhi\u1ec7t nhanh v\u00e0 d\u00e2y d\u1eabn d\u00e0i c\u00f3 th\u1ec3 u\u1ed1n cong t\u00f9y \u00fd, c\u1ea5u tr\u00fac \u0111\u01a1n gi\u1ea3n v\u00e0 d\u1ec5 s\u1eed d\u1ee5ng v\u00e0 c\u00e1c \u0111\u1eb7c t\u00ednh kh\u00e1c, ph\u00f9 h\u1ee3p cho m\u00e1y m\u00f3c nh\u1ef1a, d\u1ec7t may, c\u00f4ng nghi\u1ec7p th\u1ef1c ph\u1ea9m, v.v.<\/p>\n<p><img fetchpriority=\"high\" decoding=\"async\" class=\"aligncenter size-full wp-image-1121\" src=\"http:\/\/cheri-heater.com\/vn\/wp-content\/uploads\/2024\/06\/description-1-3.jpg\" alt=\"\" width=\"790\" height=\"1018\" srcset=\"https:\/\/cheri-heater.com\/vn\/wp-content\/uploads\/2024\/06\/description-1-3.jpg 790w, https:\/\/cheri-heater.com\/vn\/wp-content\/uploads\/2024\/06\/description-1-3-600x773.jpg 600w, https:\/\/cheri-heater.com\/vn\/wp-content\/uploads\/2024\/06\/description-1-3-233x300.jpg 233w, https:\/\/cheri-heater.com\/vn\/wp-content\/uploads\/2024\/06\/description-1-3-768x990.jpg 768w\" sizes=\"(max-width: 790px) 100vw, 790px\" \/><\/p>\n<p><img decoding=\"async\" class=\"aligncenter size-full wp-image-1122 lazyload\" data-src=\"http:\/\/cheri-heater.com\/vn\/wp-content\/uploads\/2024\/06\/description-2-3.jpg\" alt=\"\" width=\"790\" height=\"462\" data-srcset=\"https:\/\/cheri-heater.com\/vn\/wp-content\/uploads\/2024\/06\/description-2-3.jpg 790w, https:\/\/cheri-heater.com\/vn\/wp-content\/uploads\/2024\/06\/description-2-3-600x351.jpg 600w, https:\/\/cheri-heater.com\/vn\/wp-content\/uploads\/2024\/06\/description-2-3-300x175.jpg 300w, https:\/\/cheri-heater.com\/vn\/wp-content\/uploads\/2024\/06\/description-2-3-768x449.jpg 768w\" data-sizes=\"(max-width: 790px) 100vw, 790px\" src=\"data:image\/svg+xml;base64,PHN2ZyB3aWR0aD0iMSIgaGVpZ2h0PSIxIiB4bWxucz0iaHR0cDovL3d3dy53My5vcmcvMjAwMC9zdmciPjwvc3ZnPg==\" style=\"--smush-placeholder-width: 790px; --smush-placeholder-aspect-ratio: 790\/462;\" \/><\/p>\n<p><img decoding=\"async\" class=\"aligncenter size-full wp-image-1123 lazyload\" data-src=\"http:\/\/cheri-heater.com\/vn\/wp-content\/uploads\/2024\/06\/description-3-2.jpg\" alt=\"\" width=\"790\" height=\"270\" data-srcset=\"https:\/\/cheri-heater.com\/vn\/wp-content\/uploads\/2024\/06\/description-3-2.jpg 790w, https:\/\/cheri-heater.com\/vn\/wp-content\/uploads\/2024\/06\/description-3-2-600x205.jpg 600w, https:\/\/cheri-heater.com\/vn\/wp-content\/uploads\/2024\/06\/description-3-2-300x103.jpg 300w, https:\/\/cheri-heater.com\/vn\/wp-content\/uploads\/2024\/06\/description-3-2-768x262.jpg 768w\" data-sizes=\"(max-width: 790px) 100vw, 790px\" src=\"data:image\/svg+xml;base64,PHN2ZyB3aWR0aD0iMSIgaGVpZ2h0PSIxIiB4bWxucz0iaHR0cDovL3d3dy53My5vcmcvMjAwMC9zdmciPjwvc3ZnPg==\" style=\"--smush-placeholder-width: 790px; --smush-placeholder-aspect-ratio: 790\/270;\" \/><\/p>\n","protected":false},"excerpt":{"rendered":"<p>This simple small thermocouples and thermal resistances are used as temperature sensors, usually used with display instruments, recording instruments and electronic regulators.<\/p>\n","protected":false},"featured_media":1119,"template":"","meta":[],"product_brand":[],"product_cat":[27],"product_tag":[],"class_list":{"0":"post-1118","1":"product","2":"type-product","3":"status-publish","4":"has-post-thumbnail","6":"product_cat-thermocouple","8":"first","9":"instock","10":"shipping-taxable","11":"product-type-simple"},"yoast_head":"<!-- This site is optimized with the Yoast SEO plugin v27.4 - https:\/\/yoast.com\/product\/yoast-seo-wordpress\/ -->\n<title>C\u00e1c nh\u00e0 s\u1ea3n xu\u1ea5t c\u1ea3m bi\u1ebfn nhi\u1ec7t \u0111\u1ed9 d\u1ea1ng l\u00f2 xo ch\u1ea5t l\u01b0\u1ee3ng | Cheri-heater.com<\/title>\n<meta name=\"description\" content=\"C\u1ea3m bi\u1ebfn nhi\u1ec7t \u0111\u1ed9 d\u1ea1ng l\u00f2 xo hi\u1ec7u su\u1ea5t cao c\u1ee7a ch\u00fang t\u00f4i, \u0111\u01b0\u1ee3c thi\u1ebft k\u1ebf \u0111\u1ec3 c\u1ea3m bi\u1ebfn nhi\u1ec7t \u0111\u1ed9 linh ho\u1ea1t v\u00e0 \u0111\u00e1ng tin c\u1eady trong nhi\u1ec1u \u1ee9ng d\u1ee5ng kh\u00e1c nhau. \u0110\u1ea3m b\u1ea3o \u0111o l\u01b0\u1eddng ch\u00ednh x\u00e1c v\u00e0 nh\u1ea5t qu\u00e1n v\u1edbi c\u1ea3m bi\u1ebfn nhi\u1ec7t \u0111\u1ed9 d\u1ea1ng l\u00f2 xo b\u1ec1n b\u1ec9 v\u00e0 \u0111a n\u0103ng c\u1ee7a ch\u00fang t\u00f4i. Mua ngay v\u00e0 n\u00e2ng cao c\u00e1c gi\u1ea3i ph\u00e1p gi\u00e1m s\u00e1t nhi\u1ec7t \u0111\u1ed9 c\u1ee7a b\u1ea1n!\" \/>\n<meta name=\"robots\" content=\"index, follow, max-snippet:-1, max-image-preview:large, max-video-preview:-1\" \/>\n<link rel=\"canonical\" href=\"https:\/\/cheri-heater.com\/vn\/product\/spring-thermocouple\/\" \/>\n<meta property=\"og:locale\" content=\"en_US\" \/>\n<meta property=\"og:type\" content=\"article\" \/>\n<meta property=\"og:title\" content=\"C\u00e1c nh\u00e0 s\u1ea3n xu\u1ea5t c\u1ea3m bi\u1ebfn nhi\u1ec7t \u0111\u1ed9 d\u1ea1ng l\u00f2 xo ch\u1ea5t l\u01b0\u1ee3ng | Cheri-heater.com\" \/>\n<meta property=\"og:description\" content=\"C\u1ea3m bi\u1ebfn nhi\u1ec7t \u0111\u1ed9 d\u1ea1ng l\u00f2 xo hi\u1ec7u su\u1ea5t cao c\u1ee7a ch\u00fang t\u00f4i, \u0111\u01b0\u1ee3c thi\u1ebft k\u1ebf \u0111\u1ec3 c\u1ea3m bi\u1ebfn nhi\u1ec7t \u0111\u1ed9 linh ho\u1ea1t v\u00e0 \u0111\u00e1ng tin c\u1eady trong nhi\u1ec1u \u1ee9ng d\u1ee5ng kh\u00e1c nhau. \u0110\u1ea3m b\u1ea3o \u0111o l\u01b0\u1eddng ch\u00ednh x\u00e1c v\u00e0 nh\u1ea5t qu\u00e1n v\u1edbi c\u1ea3m bi\u1ebfn nhi\u1ec7t \u0111\u1ed9 d\u1ea1ng l\u00f2 xo b\u1ec1n b\u1ec9 v\u00e0 \u0111a n\u0103ng c\u1ee7a ch\u00fang t\u00f4i. Mua ngay v\u00e0 n\u00e2ng cao c\u00e1c gi\u1ea3i ph\u00e1p gi\u00e1m s\u00e1t nhi\u1ec7t \u0111\u1ed9 c\u1ee7a b\u1ea1n!\" \/>\n<meta property=\"og:url\" content=\"https:\/\/cheri-heater.com\/vn\/product\/spring-thermocouple\/\" \/>\n<meta property=\"og:site_name\" content=\"Cheri Heater Technology Co.,Ltd.\" \/>\n<meta property=\"article:modified_time\" content=\"2024-07-28T04:27:06+00:00\" \/>\n<meta property=\"og:image\" content=\"http:\/\/cheri-heater.com\/vn\/wp-content\/uploads\/2024\/06\/front-1.jpg\" \/>\n\t<meta property=\"og:image:width\" content=\"720\" \/>\n\t<meta property=\"og:image:height\" content=\"720\" \/>\n\t<meta property=\"og:image:type\" content=\"image\/jpeg\" \/>\n<meta name=\"twitter:card\" content=\"summary_large_image\" \/>\n<meta name=\"twitter:label1\" content=\"Est. reading time\" \/>\n\t<meta name=\"twitter:data1\" content=\"2 minutes\" \/>\n<!-- \/ Yoast SEO plugin. -->","yoast_head_json":{"title":"C\u00e1c nh\u00e0 s\u1ea3n xu\u1ea5t c\u1ea3m bi\u1ebfn nhi\u1ec7t \u0111\u1ed9 d\u1ea1ng l\u00f2 xo ch\u1ea5t l\u01b0\u1ee3ng | Cheri-heater.com","description":"C\u1ea3m bi\u1ebfn nhi\u1ec7t \u0111\u1ed9 d\u1ea1ng l\u00f2 xo hi\u1ec7u su\u1ea5t cao c\u1ee7a ch\u00fang t\u00f4i, \u0111\u01b0\u1ee3c thi\u1ebft k\u1ebf \u0111\u1ec3 c\u1ea3m bi\u1ebfn nhi\u1ec7t \u0111\u1ed9 linh ho\u1ea1t v\u00e0 \u0111\u00e1ng tin c\u1eady trong nhi\u1ec1u \u1ee9ng d\u1ee5ng kh\u00e1c nhau. \u0110\u1ea3m b\u1ea3o \u0111o l\u01b0\u1eddng ch\u00ednh x\u00e1c v\u00e0 nh\u1ea5t qu\u00e1n v\u1edbi c\u1ea3m bi\u1ebfn nhi\u1ec7t \u0111\u1ed9 d\u1ea1ng l\u00f2 xo b\u1ec1n b\u1ec9 v\u00e0 \u0111a n\u0103ng c\u1ee7a ch\u00fang t\u00f4i. Mua ngay v\u00e0 n\u00e2ng cao c\u00e1c gi\u1ea3i ph\u00e1p gi\u00e1m s\u00e1t nhi\u1ec7t \u0111\u1ed9 c\u1ee7a b\u1ea1n!","robots":{"index":"index","follow":"follow","max-snippet":"max-snippet:-1","max-image-preview":"max-image-preview:large","max-video-preview":"max-video-preview:-1"},"canonical":"https:\/\/cheri-heater.com\/vn\/product\/spring-thermocouple\/","og_locale":"en_US","og_type":"article","og_title":"C\u00e1c nh\u00e0 s\u1ea3n xu\u1ea5t c\u1ea3m bi\u1ebfn nhi\u1ec7t \u0111\u1ed9 d\u1ea1ng l\u00f2 xo ch\u1ea5t l\u01b0\u1ee3ng | Cheri-heater.com","og_description":"C\u1ea3m bi\u1ebfn nhi\u1ec7t \u0111\u1ed9 d\u1ea1ng l\u00f2 xo hi\u1ec7u su\u1ea5t cao c\u1ee7a ch\u00fang t\u00f4i, \u0111\u01b0\u1ee3c thi\u1ebft k\u1ebf \u0111\u1ec3 c\u1ea3m bi\u1ebfn nhi\u1ec7t \u0111\u1ed9 linh ho\u1ea1t v\u00e0 \u0111\u00e1ng tin c\u1eady trong nhi\u1ec1u \u1ee9ng d\u1ee5ng kh\u00e1c nhau. \u0110\u1ea3m b\u1ea3o \u0111o l\u01b0\u1eddng ch\u00ednh x\u00e1c v\u00e0 nh\u1ea5t qu\u00e1n v\u1edbi c\u1ea3m bi\u1ebfn nhi\u1ec7t \u0111\u1ed9 d\u1ea1ng l\u00f2 xo b\u1ec1n b\u1ec9 v\u00e0 \u0111a n\u0103ng c\u1ee7a ch\u00fang t\u00f4i. Mua ngay v\u00e0 n\u00e2ng cao c\u00e1c gi\u1ea3i ph\u00e1p gi\u00e1m s\u00e1t nhi\u1ec7t \u0111\u1ed9 c\u1ee7a b\u1ea1n!","og_url":"https:\/\/cheri-heater.com\/vn\/product\/spring-thermocouple\/","og_site_name":"Cheri Heater Technology Co.,Ltd.","article_modified_time":"2024-07-28T04:27:06+00:00","og_image":[{"width":720,"height":720,"url":"http:\/\/cheri-heater.com\/vn\/wp-content\/uploads\/2024\/06\/front-1.jpg","type":"image\/jpeg"}],"twitter_card":"summary_large_image","twitter_misc":{"Est. reading time":"2 minutes"},"schema":{"@context":"https:\/\/schema.org","@graph":[{"@type":"WebPage","@id":"https:\/\/cheri-heater.com\/vn\/product\/spring-thermocouple\/","url":"https:\/\/cheri-heater.com\/vn\/product\/spring-thermocouple\/","name":"C\u00e1c nh\u00e0 s\u1ea3n xu\u1ea5t c\u1ea3m bi\u1ebfn nhi\u1ec7t \u0111\u1ed9 d\u1ea1ng l\u00f2 xo ch\u1ea5t l\u01b0\u1ee3ng | Cheri-heater.com","isPartOf":{"@id":"https:\/\/cheri-heater.com\/vn\/#website"},"primaryImageOfPage":{"@id":"https:\/\/cheri-heater.com\/vn\/product\/spring-thermocouple\/#primaryimage"},"image":{"@id":"https:\/\/cheri-heater.com\/vn\/product\/spring-thermocouple\/#primaryimage"},"thumbnailUrl":"https:\/\/cheri-heater.com\/vn\/wp-content\/uploads\/2024\/06\/front-1.jpg","datePublished":"2024-06-05T17:12:41+00:00","dateModified":"2024-07-28T04:27:06+00:00","description":"C\u1ea3m bi\u1ebfn nhi\u1ec7t \u0111\u1ed9 d\u1ea1ng l\u00f2 xo hi\u1ec7u su\u1ea5t cao c\u1ee7a ch\u00fang t\u00f4i, \u0111\u01b0\u1ee3c thi\u1ebft k\u1ebf \u0111\u1ec3 c\u1ea3m bi\u1ebfn nhi\u1ec7t \u0111\u1ed9 linh ho\u1ea1t v\u00e0 \u0111\u00e1ng tin c\u1eady trong nhi\u1ec1u \u1ee9ng d\u1ee5ng kh\u00e1c nhau. \u0110\u1ea3m b\u1ea3o \u0111o l\u01b0\u1eddng ch\u00ednh x\u00e1c v\u00e0 nh\u1ea5t qu\u00e1n v\u1edbi c\u1ea3m bi\u1ebfn nhi\u1ec7t \u0111\u1ed9 d\u1ea1ng l\u00f2 xo b\u1ec1n b\u1ec9 v\u00e0 \u0111a n\u0103ng c\u1ee7a ch\u00fang t\u00f4i. Mua ngay v\u00e0 n\u00e2ng cao c\u00e1c gi\u1ea3i ph\u00e1p gi\u00e1m s\u00e1t nhi\u1ec7t \u0111\u1ed9 c\u1ee7a b\u1ea1n!","breadcrumb":{"@id":"https:\/\/cheri-heater.com\/vn\/product\/spring-thermocouple\/#breadcrumb"},"inLanguage":"en-US","potentialAction":[{"@type":"ReadAction","target":["https:\/\/cheri-heater.com\/vn\/product\/spring-thermocouple\/"]}]},{"@type":"ImageObject","inLanguage":"en-US","@id":"https:\/\/cheri-heater.com\/vn\/product\/spring-thermocouple\/#primaryimage","url":"https:\/\/cheri-heater.com\/vn\/wp-content\/uploads\/2024\/06\/front-1.jpg","contentUrl":"https:\/\/cheri-heater.com\/vn\/wp-content\/uploads\/2024\/06\/front-1.jpg","width":720,"height":720},{"@type":"BreadcrumbList","@id":"https:\/\/cheri-heater.com\/vn\/product\/spring-thermocouple\/#breadcrumb","itemListElement":[{"@type":"ListItem","position":1,"name":"Home","item":"https:\/\/cheri-heater.com\/vn\/"},{"@type":"ListItem","position":2,"name":"Products","item":"https:\/\/cheri-heater.com\/vn\/products\/"},{"@type":"ListItem","position":3,"name":"C\u1ea3m bi\u1ebfn nhi\u1ec7t \u0111\u1ed9 d\u1ea1ng l\u00f2 xo"}]},{"@type":"WebSite","@id":"https:\/\/cheri-heater.com\/vn\/#website","url":"https:\/\/cheri-heater.com\/vn\/","name":"Cheri Heater Technology Co.,Ltd.","description":"","publisher":{"@id":"https:\/\/cheri-heater.com\/vn\/#organization"},"potentialAction":[{"@type":"SearchAction","target":{"@type":"EntryPoint","urlTemplate":"https:\/\/cheri-heater.com\/vn\/?s={search_term_string}"},"query-input":{"@type":"PropertyValueSpecification","valueRequired":true,"valueName":"search_term_string"}}],"inLanguage":"en-US"},{"@type":"Organization","@id":"https:\/\/cheri-heater.com\/vn\/#organization","name":"Cheri Heater Technology Co.,Ltd.","url":"https:\/\/cheri-heater.com\/vn\/","logo":{"@type":"ImageObject","inLanguage":"en-US","@id":"https:\/\/cheri-heater.com\/vn\/#\/schema\/logo\/image\/","url":"https:\/\/cheri-heater.com\/vn\/wp-content\/uploads\/2024\/06\/cropped-logo-resize.png","contentUrl":"https:\/\/cheri-heater.com\/vn\/wp-content\/uploads\/2024\/06\/cropped-logo-resize.png","width":346,"height":99,"caption":"Cheri Heater Technology Co.,Ltd."},"image":{"@id":"https:\/\/cheri-heater.com\/vn\/#\/schema\/logo\/image\/"}}]}},"_links":{"self":[{"href":"https:\/\/cheri-heater.com\/vn\/wp-json\/wp\/v2\/product\/1118","targetHints":{"allow":["GET"]}}],"collection":[{"href":"https:\/\/cheri-heater.com\/vn\/wp-json\/wp\/v2\/product"}],"about":[{"href":"https:\/\/cheri-heater.com\/vn\/wp-json\/wp\/v2\/types\/product"}],"wp:featuredmedia":[{"embeddable":true,"href":"https:\/\/cheri-heater.com\/vn\/wp-json\/wp\/v2\/media\/1119"}],"wp:attachment":[{"href":"https:\/\/cheri-heater.com\/vn\/wp-json\/wp\/v2\/media?parent=1118"}],"wp:term":[{"taxonomy":"product_brand","embeddable":true,"href":"https:\/\/cheri-heater.com\/vn\/wp-json\/wp\/v2\/product_brand?post=1118"},{"taxonomy":"product_cat","embeddable":true,"href":"https:\/\/cheri-heater.com\/vn\/wp-json\/wp\/v2\/product_cat?post=1118"},{"taxonomy":"product_tag","embeddable":true,"href":"https:\/\/cheri-heater.com\/vn\/wp-json\/wp\/v2\/product_tag?post=1118"}],"curies":[{"name":"wp","href":"https:\/\/api.w.org\/{rel}","templated":true}]}}