{"id":1124,"date":"2024-06-05T17:16:39","date_gmt":"2024-06-05T17:16:39","guid":{"rendered":"https:\/\/cheri-heater.com\/vn\/?post_type=product&#038;p=1124"},"modified":"2024-07-28T03:42:56","modified_gmt":"2024-07-28T03:42:56","slug":"ceramic-radiant-tube-heater","status":"publish","type":"product","link":"https:\/\/cheri-heater.com\/vn\/product\/ceramic-radiant-tube-heater\/","title":{"rendered":"M\u00e1y s\u01b0\u1edfi \u1ed1ng b\u1ee9c x\u1ea1 g\u1ed1m"},"content":{"rendered":"<h3 class=\"western\"><span style=\"font-size: large;\"><b><span style=\"font-family: Arial, sans-serif;\">M\u00f4 t\u1ea3 v\u1ec1 c\u1ea3m bi\u1ebfn nhi\u1ec7t \u0111\u1ed9 RTD:<\/span><\/b><\/span><span style=\"color: #000000;\"><span style=\"font-family: Arial, sans-serif;\"><br \/>\n<span style=\"font-size: small;\"><br \/>\n<b>Resistance Temperature Detectors (RTDs)<\/b> l\u00e0 c\u1ea3m bi\u1ebfn nhi\u1ec7t \u0111\u1ed9 ch\u1ee9a m\u1ed9t \u0111i\u1ec7n tr\u1edf thay \u0111\u1ed5i gi\u00e1 tr\u1ecb \u0111i\u1ec7n tr\u1edf c\u1ee7a n\u00f3 khi nhi\u1ec7t \u0111\u1ed9 c\u1ee7a n\u00f3 thay \u0111\u1ed5i. RTDs \u0111\u00e3 \u0111\u01b0\u1ee3c s\u1eed d\u1ee5ng nhi\u1ec1u n\u0103m \u0111\u1ec3 \u0111o nhi\u1ec7t \u0111\u1ed9 trong c\u00e1c quy tr\u00ecnh ph\u00f2ng th\u00ed nghi\u1ec7m v\u00e0 c\u00f4ng nghi\u1ec7p, v\u00e0 \u0111\u00e3 ph\u00e1t tri\u1ec3n danh ti\u1ebfng v\u1ec1 \u0111\u1ed9 ch\u00ednh x\u00e1c, \u0111\u1ed9 l\u1eb7p l\u1ea1i v\u00e0 \u0111\u1ed9 \u1ed5n \u0111\u1ecbnh. RTD l\u00e0 m\u1ed9t trong nh\u1eefng c\u1ea3m bi\u1ebfn nhi\u1ec7t \u0111\u1ed9 ch\u00ednh x\u00e1c nh\u1ea5t. Kh\u00f4ng ch\u1ec9 cung c\u1ea5p \u0111\u1ed9 ch\u00ednh x\u00e1c t\u1ed1t, n\u00f3 c\u00f2n cung c\u1ea5p s\u1ef1 \u1ed5n \u0111\u1ecbnh v\u00e0 \u0111\u1ed9 l\u1eb7p l\u1ea1i tuy\u1ec7t v\u1eddi. RTDs t\u01b0\u01a1ng \u0111\u1ed1i mi\u1ec5n nhi\u1ec5m v\u1edbi nhi\u1ec5u \u0111i\u1ec7n v\u00e0 do \u0111\u00f3 ph\u00f9 h\u1ee3p \u0111\u1ec3 \u0111o nhi\u1ec7t \u0111\u1ed9 trong m\u00f4i tr\u01b0\u1eddng c\u00f4ng nghi\u1ec7p, \u0111\u1eb7c bi\u1ec7t l\u00e0 xung quanh \u0111\u1ed9ng c\u01a1, m\u00e1y ph\u00e1t \u0111i\u1ec7n v\u00e0 c\u00e1c thi\u1ebft b\u1ecb \u0111i\u1ec7n \u00e1p cao kh\u00e1c.<br \/>\n<\/span><\/span><br \/>\n<\/span><\/h3>\n<h4 class=\"western\"><\/h4>\n<div class=\"flex flex-grow flex-col max-w-full\">\n<div class=\"min-h-[20px] text-message flex w-full flex-col items-end gap-2 whitespace-pre-wrap break-words [.text-message+&amp;]:mt-5 overflow-x-auto\" dir=\"auto\" data-message-author-role=\"assistant\" data-message-id=\"a9c80ed3-551b-4275-b508-9c7869d86343\">\n<div class=\"flex w-full flex-col gap-1 empty:hidden first:pt-[3px]\">\n<div class=\"markdown prose w-full break-words dark:prose-invert light\">\n<h3>Thu\u1ed9c t\u00ednh c\u1ee5 th\u1ec3 theo ng\u00e0nh<\/h3>\n<p><strong>Lo\u1ea1i:<\/strong><\/p>\n<ul>\n<li>M\u00e1y s\u01b0\u1edfi kh\u00f4ng kh\u00ed<\/li>\n<\/ul>\n<p><strong>Ngu\u1ed3n \u0111i\u1ec7n:<\/strong><\/p>\n<ul>\n<li>\u0110i\u1ec7n<\/li>\n<\/ul>\n<p><strong>\u0110i\u1ec7n \u00e1p:<\/strong><\/p>\n<ul>\n<li>T\u00f9y ch\u1ec9nh<\/li>\n<\/ul>\n<p><strong>C\u00e1c thu\u1ed9c t\u00ednh kh\u00e1c:<\/strong><\/p>\n<p><strong>Ng\u00e0nh c\u00f4ng nghi\u1ec7p \u00e1p d\u1ee5ng:<\/strong><\/p>\n<ul>\n<li>Nh\u00e0 m\u00e1y Th\u1ef1c ph\u1ea9m &amp; \u0110\u1ed3 u\u1ed1ng<\/li>\n<li>Kh\u00e1c<\/li>\n<\/ul>\n<p><strong>N\u01a1i xu\u1ea5t x\u1ee9:<\/strong><\/p>\n<ul>\n<li>Giang T\u00f4, Trung Qu\u1ed1c<\/li>\n<\/ul>\n<p><strong>Tr\u1ecdng l\u01b0\u1ee3ng:<\/strong><\/p>\n<ul>\n<li>2.5 KG<\/li>\n<\/ul>\n<p><strong>B\u1ea3o h\u00e0nh:<\/strong><\/p>\n<ul>\n<li>1 n\u0103m<\/li>\n<\/ul>\n<p><strong>V\u1eadt li\u1ec7u:<\/strong><\/p>\n<ul>\n<li>Kh\u00e1c<\/li>\n<\/ul>\n<p><strong>\u0110i\u1ec3m b\u00e1n h\u00e0ng ch\u00ednh:<\/strong><\/p>\n<ul>\n<li>Ti\u1ebft ki\u1ec7m n\u0103ng l\u01b0\u1ee3ng<\/li>\n<\/ul>\n<p><strong>T\u00ecnh tr\u1ea1ng:<\/strong><\/p>\n<ul>\n<li>M\u1edbi<\/li>\n<\/ul>\n<p><strong>T\u00ean th\u01b0\u01a1ng hi\u1ec7u:<\/strong><\/p>\n<ul>\n<li>Cheri<\/li>\n<\/ul>\n<p><strong>Ph\u1ea1m vi nhi\u1ec7t \u0111\u1ed9 l\u00e0m vi\u1ec7c:<\/strong><\/p>\n<ul>\n<li>1 &#8211; 1200 \u2103<\/li>\n<\/ul>\n<p><strong>B\u1ea3o h\u00e0nh c\u00e1c b\u1ed9 ph\u1eadn c\u1ed1t l\u00f5i:<\/strong><\/p>\n<ul>\n<li>1 n\u0103m<\/li>\n<\/ul>\n<p><strong>C\u00e1c b\u1ed9 ph\u1eadn c\u1ed1t l\u00f5i:<\/strong><\/p>\n<ul>\n<li>\u0110\u1ed9ng c\u01a1<\/li>\n<\/ul>\n<p><strong>B\u00e1o c\u00e1o th\u1eed nghi\u1ec7m m\u00e1y m\u00f3c:<\/strong><\/p>\n<ul>\n<li>\u0110\u01b0\u1ee3c cung c\u1ea5p<\/li>\n<\/ul>\n<p><strong>Ki\u1ec3m tra video xu\u1ea5t x\u01b0\u1edfng:<\/strong><\/p>\n<ul>\n<li>\u0110\u01b0\u1ee3c cung c\u1ea5p<\/li>\n<\/ul>\n<p><strong>Nhi\u1ec7t \u0111\u1ed9 l\u00e0m vi\u1ec7c:<\/strong><\/p>\n<ul>\n<li>1250<\/li>\n<\/ul>\n<p><strong>Ph\u1ea7n t\u1eed s\u01b0\u1edfi:<\/strong><\/p>\n<ul>\n<li>M\u00e1y s\u01b0\u1edfi \u1ed1ng b\u1ee9c x\u1ea1<\/li>\n<\/ul>\n<p><strong>D\u00e2y s\u01b0\u1edfi:<\/strong><\/p>\n<ul>\n<li>\u0110i\u1ec7n \u00e1p: 220V<\/li>\n<\/ul>\n<\/div>\n<\/div>\n<\/div>\n<\/div>\n<div class=\"mt-1 flex gap-3 empty:hidden -ml-2\">\n<div class=\"items-center justify-start rounded-xl p-1 flex\"><\/div>\n<\/div>\n<table class=\"cms-table\" border=\"1\" width=\"100%\">\n<tbody>\n<tr valign=\"top\">\n<td width=\"127\">\n<p class=\"western\" align=\"center\"><span style=\"font-size: small;\"><span style=\"font-family: \u5b8b\u4f53;\">Model<\/span><\/span><\/p>\n<\/td>\n<td width=\"29\">\n<p class=\"western\" align=\"center\"><span style=\"font-size: small;\"><span style=\"font-family: \u5b8b\u4f53;\">Code<\/span><\/span><\/p>\n<\/td>\n<td width=\"36\">\n<p class=\"western\" align=\"center\"><span style=\"font-size: small;\"><span style=\"font-family: \u5b8b\u4f53;\">Type<\/span><\/span><\/p>\n<\/td>\n<td width=\"86\">\n<p class=\"western\" align=\"center\"><span style=\"font-size: small;\"><span style=\"font-family: \u5b8b\u4f53;\">Temperature Range (\u2103)<\/span><\/span><\/p>\n<\/td>\n<td width=\"114\">\n<p class=\"western\" align=\"center\"><span style=\"font-size: small;\"><span style=\"font-family: \u5b8b\u4f53;\">Short-term Temp (\u2103)<\/span><\/span><\/p>\n<\/td>\n<td width=\"192\">\n<p class=\"western\" align=\"center\"><span style=\"font-size: small;\"><span style=\"font-family: \u5b8b\u4f53;\">Material<\/span><\/span><\/p>\n<\/td>\n<td width=\"92\">\n<p class=\"western\" align=\"center\"><span style=\"font-size: small;\"><span style=\"font-family: \u5b8b\u4f53;\">Max Temp (\u2103)<\/span><\/span><\/p>\n<\/td>\n<\/tr>\n<tr valign=\"top\">\n<td bgcolor=\"#f3f4f8\" width=\"127\">\n<p class=\"western\" align=\"center\"><span style=\"font-size: small;\"><span style=\"font-family: \u5b8b\u4f53;\">Standard Pt100<\/span><\/span><\/p>\n<\/td>\n<td width=\"29\">\n<p class=\"western\" align=\"center\"><span style=\"font-size: small;\"><span style=\"font-family: \u5b8b\u4f53;\">WZP<\/span><\/span><\/p>\n<\/td>\n<td width=\"36\">\n<p class=\"western\" align=\"center\"><span style=\"font-size: small;\"><span style=\"font-family: \u5b8b\u4f53;\">A<\/span><\/span><\/p>\n<\/td>\n<td width=\"86\">\n<p class=\"western\" align=\"center\"><span style=\"font-size: small;\"><span style=\"font-family: \u5b8b\u4f53;\">-200-600<\/span><\/span><\/p>\n<\/td>\n<td width=\"114\">\n<p class=\"western\" align=\"center\"><span style=\"font-size: small;\"><span style=\"font-family: \u5b8b\u4f53;\">0-800<\/span><\/span><\/p>\n<\/td>\n<td width=\"192\">\n<p class=\"western\" align=\"left\"><span style=\"font-size: small;\"><span style=\"font-family: \u5b8b\u4f53;\">304\/316 stainless steel<\/span><\/span><\/p>\n<\/td>\n<td width=\"92\">\n<p class=\"western\" align=\"center\"><span style=\"font-size: small;\"><span style=\"font-family: \u5b8b\u4f53;\">0-600<\/span><\/span><\/p>\n<\/td>\n<\/tr>\n<tr valign=\"top\">\n<td width=\"127\">\n<p class=\"western\" align=\"center\"><span style=\"font-size: small;\"><span style=\"font-family: \u5b8b\u4f53;\">Standard Pt1000<\/span><\/span><\/p>\n<\/td>\n<td width=\"29\">\n<p class=\"western\" align=\"center\"><span style=\"font-size: small;\"><span style=\"font-family: \u5b8b\u4f53;\">WZC<\/span><\/span><\/p>\n<\/td>\n<td width=\"36\">\n<p class=\"western\" align=\"center\"><span style=\"font-size: small;\"><span style=\"font-family: \u5b8b\u4f53;\">B<\/span><\/span><\/p>\n<\/td>\n<td width=\"86\">\n<p class=\"western\" align=\"center\"><span style=\"font-size: small;\"><span style=\"font-family: \u5b8b\u4f53;\">-200-600<\/span><\/span><\/p>\n<\/td>\n<td width=\"114\">\n<p class=\"western\" align=\"center\"><span style=\"font-size: small;\"><span style=\"font-family: \u5b8b\u4f53;\">0-800<\/span><\/span><\/p>\n<\/td>\n<td width=\"192\">\n<p class=\"western\" align=\"left\"><span style=\"font-size: small;\"><span style=\"font-family: \u5b8b\u4f53;\">304\/316 stainless steel<\/span><\/span><\/p>\n<\/td>\n<td width=\"92\">\n<p class=\"western\" align=\"center\"><span style=\"font-size: small;\"><span style=\"font-family: \u5b8b\u4f53;\">0-600<\/span><\/span><\/p>\n<\/td>\n<\/tr>\n<tr valign=\"top\">\n<td bgcolor=\"#f3f4f8\" width=\"127\">\n<p class=\"western\" align=\"center\"><span style=\"font-size: small;\"><span style=\"font-family: \u5b8b\u4f53;\">High Temp Pt100<\/span><\/span><\/p>\n<\/td>\n<td width=\"29\">\n<p class=\"western\" align=\"center\"><span style=\"font-size: small;\"><span style=\"font-family: \u5b8b\u4f53;\">WRR<\/span><\/span><\/p>\n<\/td>\n<td width=\"36\">\n<p class=\"western\" align=\"center\"><span style=\"font-size: small;\"><span style=\"font-family: \u5b8b\u4f53;\">C<\/span><\/span><\/p>\n<\/td>\n<td width=\"86\">\n<p class=\"western\" align=\"left\"><span style=\"font-size: small;\"><span style=\"font-family: \u5b8b\u4f53;\">0-1200<\/span><\/span><\/p>\n<\/td>\n<td width=\"114\">\n<p class=\"western\" align=\"left\"><span style=\"font-size: small;\"><span style=\"font-family: \u5b8b\u4f53;\">0-1200<\/span><\/span><\/p>\n<\/td>\n<td width=\"192\">\n<p class=\"western\" align=\"left\"><span style=\"font-size: small;\"><span style=\"font-family: \u5b8b\u4f53;\">99.9% Al2O3 ceramic<\/span><\/span><\/p>\n<\/td>\n<td width=\"92\">\n<p class=\"western\" align=\"center\"><span style=\"font-size: small;\"><span style=\"font-family: \u5b8b\u4f53;\">0-1200<\/span><\/span><\/p>\n<\/td>\n<\/tr>\n<tr valign=\"top\">\n<td width=\"127\">\n<p class=\"western\" align=\"center\"><span style=\"font-size: small;\"><span style=\"font-family: \u5b8b\u4f53;\">High Temp Pt1000<\/span><\/span><\/p>\n<\/td>\n<td width=\"29\">\n<p class=\"western\" align=\"center\"><span style=\"font-size: small;\"><span style=\"font-family: \u5b8b\u4f53;\">WRQ<\/span><\/span><\/p>\n<\/td>\n<td width=\"36\">\n<p class=\"western\" align=\"center\"><span style=\"font-size: small;\"><span style=\"font-family: \u5b8b\u4f53;\">R<\/span><\/span><\/p>\n<\/td>\n<td width=\"86\">\n<p class=\"western\" align=\"left\"><span style=\"font-size: small;\"><span style=\"font-family: \u5b8b\u4f53;\">0-1300<\/span><\/span><\/p>\n<\/td>\n<td width=\"114\">\n<p class=\"western\" align=\"left\"><span style=\"font-size: small;\"><span style=\"font-family: \u5b8b\u4f53;\">0-1300<\/span><\/span><\/p>\n<\/td>\n<td width=\"192\">\n<p class=\"western\" align=\"left\"><span style=\"font-size: small;\"><span style=\"font-family: \u5b8b\u4f53;\">99.9% Al2O3 ceramic<\/span><\/span><\/p>\n<\/td>\n<td width=\"92\">\n<p class=\"western\" align=\"center\"><span style=\"font-size: small;\"><span style=\"font-family: \u5b8b\u4f53;\">0-1300<\/span><\/span><\/p>\n<\/td>\n<\/tr>\n<\/tbody>\n<\/table>\n","protected":false},"excerpt":{"rendered":"<p>M\u00e1y s\u01b0\u1edfi \u1ed1ng b\u1ee9c x\u1ea1 g\u1ed1m c\u00f4ng nghi\u1ec7p chuy\u00ean nghi\u1ec7p bao g\u1ed3m \u1ed1ng h\u1ee3p kim ch\u1ecbu nhi\u1ec7t trong \u0111\u00f3 c\u00e1c ph\u1ea7n t\u1eed l\u00e0m n\u00f3ng \u0111\u01b0\u1ee3c g\u1eafn v\u00e0o.<\/p>\n","protected":false},"featured_media":1132,"template":"","meta":[],"product_brand":[],"product_cat":[28],"product_tag":[158],"class_list":{"0":"post-1124","1":"product","2":"type-product","3":"status-publish","4":"has-post-thumbnail","6":"product_cat-tubular-heater","7":"product_tag-ceramic-radiant-tube-heater","9":"first","10":"instock","11":"shipping-taxable","12":"product-type-simple"},"yoast_head":"<!-- This site is optimized with the Yoast SEO plugin v27.4 - https:\/\/yoast.com\/product\/yoast-seo-wordpress\/ -->\n<title>M\u00e1y s\u01b0\u1edfi \u1ed1ng b\u1ee9c x\u1ea1 g\u1ed1m h\u00e0ng \u0111\u1ea7u | Gi\u1ea3i ph\u00e1p s\u01b0\u1edfi \u1ea5m c\u00f4ng nghi\u1ec7p<\/title>\n<meta name=\"description\" content=\"M\u00e1y s\u01b0\u1edfi \u1ed1ng b\u1ee9c x\u1ea1 g\u1ed1m t\u1ed1t nh\u1ea5t cho s\u01b0\u1edfi \u1ea5m c\u00f4ng nghi\u1ec7p hi\u1ec7u qu\u1ea3. M\u00e1y s\u01b0\u1edfi h\u00e0ng \u0111\u1ea7u c\u1ee7a ch\u00fang t\u00f4i mang l\u1ea1i hi\u1ec7u su\u1ea5t v\u01b0\u1ee3t tr\u1ed9i, \u0111\u1ed9 b\u1ec1n cao v\u00e0 ti\u1ebft ki\u1ec7m n\u0103ng l\u01b0\u1ee3ng. T\u00ecm gi\u1ea3i ph\u00e1p s\u01b0\u1edfi \u1ea5m ho\u00e0n h\u1ea3o cho nhu c\u1ea7u c\u1ee7a b\u1ea1n v\u1edbi s\u1ef1 h\u01b0\u1edbng d\u1eabn chuy\u00ean nghi\u1ec7p v\u00e0 d\u1ecbch v\u1ee5 kh\u00e1ch h\u00e0ng xu\u1ea5t s\u1eafc. Kh\u00e1m ph\u00e1 l\u1ef1a ch\u1ecdn c\u1ee7a ch\u00fang t\u00f4i h\u00f4m nay!\" \/>\n<meta name=\"robots\" content=\"index, follow, max-snippet:-1, max-image-preview:large, max-video-preview:-1\" \/>\n<link rel=\"canonical\" href=\"https:\/\/cheri-heater.com\/vn\/product\/ceramic-radiant-tube-heater\/\" \/>\n<meta property=\"og:locale\" content=\"en_US\" \/>\n<meta property=\"og:type\" content=\"article\" \/>\n<meta property=\"og:title\" content=\"M\u00e1y s\u01b0\u1edfi \u1ed1ng b\u1ee9c x\u1ea1 g\u1ed1m h\u00e0ng \u0111\u1ea7u | Gi\u1ea3i ph\u00e1p s\u01b0\u1edfi \u1ea5m c\u00f4ng nghi\u1ec7p\" \/>\n<meta property=\"og:description\" content=\"M\u00e1y s\u01b0\u1edfi \u1ed1ng b\u1ee9c x\u1ea1 g\u1ed1m t\u1ed1t nh\u1ea5t cho s\u01b0\u1edfi \u1ea5m c\u00f4ng nghi\u1ec7p hi\u1ec7u qu\u1ea3. M\u00e1y s\u01b0\u1edfi h\u00e0ng \u0111\u1ea7u c\u1ee7a ch\u00fang t\u00f4i mang l\u1ea1i hi\u1ec7u su\u1ea5t v\u01b0\u1ee3t tr\u1ed9i, \u0111\u1ed9 b\u1ec1n cao v\u00e0 ti\u1ebft ki\u1ec7m n\u0103ng l\u01b0\u1ee3ng. T\u00ecm gi\u1ea3i ph\u00e1p s\u01b0\u1edfi \u1ea5m ho\u00e0n h\u1ea3o cho nhu c\u1ea7u c\u1ee7a b\u1ea1n v\u1edbi s\u1ef1 h\u01b0\u1edbng d\u1eabn chuy\u00ean nghi\u1ec7p v\u00e0 d\u1ecbch v\u1ee5 kh\u00e1ch h\u00e0ng xu\u1ea5t s\u1eafc. Kh\u00e1m ph\u00e1 l\u1ef1a ch\u1ecdn c\u1ee7a ch\u00fang t\u00f4i h\u00f4m nay!\" \/>\n<meta property=\"og:url\" content=\"https:\/\/cheri-heater.com\/vn\/product\/ceramic-radiant-tube-heater\/\" \/>\n<meta property=\"og:site_name\" content=\"Cheri Heater Technology Co.,Ltd.\" \/>\n<meta property=\"article:modified_time\" content=\"2024-07-28T03:42:56+00:00\" \/>\n<meta property=\"og:image\" content=\"http:\/\/cheri-heater.com\/vn\/wp-content\/uploads\/2024\/06\/\u5fae\u4fe1\u56fe\u7247_202306151435146.jpg\" \/>\n\t<meta property=\"og:image:width\" content=\"620\" \/>\n\t<meta property=\"og:image:height\" content=\"620\" \/>\n\t<meta property=\"og:image:type\" content=\"image\/jpeg\" \/>\n<meta name=\"twitter:card\" content=\"summary_large_image\" \/>\n<meta name=\"twitter:label1\" content=\"Est. reading time\" \/>\n\t<meta name=\"twitter:data1\" content=\"2 minutes\" \/>\n<!-- \/ Yoast SEO plugin. -->","yoast_head_json":{"title":"M\u00e1y s\u01b0\u1edfi \u1ed1ng b\u1ee9c x\u1ea1 g\u1ed1m h\u00e0ng \u0111\u1ea7u | Gi\u1ea3i ph\u00e1p s\u01b0\u1edfi \u1ea5m c\u00f4ng nghi\u1ec7p","description":"M\u00e1y s\u01b0\u1edfi \u1ed1ng b\u1ee9c x\u1ea1 g\u1ed1m t\u1ed1t nh\u1ea5t cho s\u01b0\u1edfi \u1ea5m c\u00f4ng nghi\u1ec7p hi\u1ec7u qu\u1ea3. M\u00e1y s\u01b0\u1edfi h\u00e0ng \u0111\u1ea7u c\u1ee7a ch\u00fang t\u00f4i mang l\u1ea1i hi\u1ec7u su\u1ea5t v\u01b0\u1ee3t tr\u1ed9i, \u0111\u1ed9 b\u1ec1n cao v\u00e0 ti\u1ebft ki\u1ec7m n\u0103ng l\u01b0\u1ee3ng. T\u00ecm gi\u1ea3i ph\u00e1p s\u01b0\u1edfi \u1ea5m ho\u00e0n h\u1ea3o cho nhu c\u1ea7u c\u1ee7a b\u1ea1n v\u1edbi s\u1ef1 h\u01b0\u1edbng d\u1eabn chuy\u00ean nghi\u1ec7p v\u00e0 d\u1ecbch v\u1ee5 kh\u00e1ch h\u00e0ng xu\u1ea5t s\u1eafc. Kh\u00e1m ph\u00e1 l\u1ef1a ch\u1ecdn c\u1ee7a ch\u00fang t\u00f4i h\u00f4m nay!","robots":{"index":"index","follow":"follow","max-snippet":"max-snippet:-1","max-image-preview":"max-image-preview:large","max-video-preview":"max-video-preview:-1"},"canonical":"https:\/\/cheri-heater.com\/vn\/product\/ceramic-radiant-tube-heater\/","og_locale":"en_US","og_type":"article","og_title":"M\u00e1y s\u01b0\u1edfi \u1ed1ng b\u1ee9c x\u1ea1 g\u1ed1m h\u00e0ng \u0111\u1ea7u | Gi\u1ea3i ph\u00e1p s\u01b0\u1edfi \u1ea5m c\u00f4ng nghi\u1ec7p","og_description":"M\u00e1y s\u01b0\u1edfi \u1ed1ng b\u1ee9c x\u1ea1 g\u1ed1m t\u1ed1t nh\u1ea5t cho s\u01b0\u1edfi \u1ea5m c\u00f4ng nghi\u1ec7p hi\u1ec7u qu\u1ea3. M\u00e1y s\u01b0\u1edfi h\u00e0ng \u0111\u1ea7u c\u1ee7a ch\u00fang t\u00f4i mang l\u1ea1i hi\u1ec7u su\u1ea5t v\u01b0\u1ee3t tr\u1ed9i, \u0111\u1ed9 b\u1ec1n cao v\u00e0 ti\u1ebft ki\u1ec7m n\u0103ng l\u01b0\u1ee3ng. T\u00ecm gi\u1ea3i ph\u00e1p s\u01b0\u1edfi \u1ea5m ho\u00e0n h\u1ea3o cho nhu c\u1ea7u c\u1ee7a b\u1ea1n v\u1edbi s\u1ef1 h\u01b0\u1edbng d\u1eabn chuy\u00ean nghi\u1ec7p v\u00e0 d\u1ecbch v\u1ee5 kh\u00e1ch h\u00e0ng xu\u1ea5t s\u1eafc. Kh\u00e1m ph\u00e1 l\u1ef1a ch\u1ecdn c\u1ee7a ch\u00fang t\u00f4i h\u00f4m nay!","og_url":"https:\/\/cheri-heater.com\/vn\/product\/ceramic-radiant-tube-heater\/","og_site_name":"Cheri Heater Technology Co.,Ltd.","article_modified_time":"2024-07-28T03:42:56+00:00","og_image":[{"width":620,"height":620,"url":"http:\/\/cheri-heater.com\/vn\/wp-content\/uploads\/2024\/06\/\u5fae\u4fe1\u56fe\u7247_202306151435146.jpg","type":"image\/jpeg"}],"twitter_card":"summary_large_image","twitter_misc":{"Est. reading time":"2 minutes"},"schema":{"@context":"https:\/\/schema.org","@graph":[{"@type":"WebPage","@id":"https:\/\/cheri-heater.com\/vn\/product\/ceramic-radiant-tube-heater\/","url":"https:\/\/cheri-heater.com\/vn\/product\/ceramic-radiant-tube-heater\/","name":"M\u00e1y s\u01b0\u1edfi \u1ed1ng b\u1ee9c x\u1ea1 g\u1ed1m h\u00e0ng \u0111\u1ea7u | Gi\u1ea3i ph\u00e1p s\u01b0\u1edfi \u1ea5m c\u00f4ng nghi\u1ec7p","isPartOf":{"@id":"https:\/\/cheri-heater.com\/vn\/#website"},"primaryImageOfPage":{"@id":"https:\/\/cheri-heater.com\/vn\/product\/ceramic-radiant-tube-heater\/#primaryimage"},"image":{"@id":"https:\/\/cheri-heater.com\/vn\/product\/ceramic-radiant-tube-heater\/#primaryimage"},"thumbnailUrl":"https:\/\/cheri-heater.com\/vn\/wp-content\/uploads\/2024\/06\/\u5fae\u4fe1\u56fe\u7247_202306151435146.jpg","datePublished":"2024-06-05T17:16:39+00:00","dateModified":"2024-07-28T03:42:56+00:00","description":"M\u00e1y s\u01b0\u1edfi \u1ed1ng b\u1ee9c x\u1ea1 g\u1ed1m t\u1ed1t nh\u1ea5t cho s\u01b0\u1edfi \u1ea5m c\u00f4ng nghi\u1ec7p hi\u1ec7u qu\u1ea3. M\u00e1y s\u01b0\u1edfi h\u00e0ng \u0111\u1ea7u c\u1ee7a ch\u00fang t\u00f4i mang l\u1ea1i hi\u1ec7u su\u1ea5t v\u01b0\u1ee3t tr\u1ed9i, \u0111\u1ed9 b\u1ec1n cao v\u00e0 ti\u1ebft ki\u1ec7m n\u0103ng l\u01b0\u1ee3ng. T\u00ecm gi\u1ea3i ph\u00e1p s\u01b0\u1edfi \u1ea5m ho\u00e0n h\u1ea3o cho nhu c\u1ea7u c\u1ee7a b\u1ea1n v\u1edbi s\u1ef1 h\u01b0\u1edbng d\u1eabn chuy\u00ean nghi\u1ec7p v\u00e0 d\u1ecbch v\u1ee5 kh\u00e1ch h\u00e0ng xu\u1ea5t s\u1eafc. Kh\u00e1m ph\u00e1 l\u1ef1a ch\u1ecdn c\u1ee7a ch\u00fang t\u00f4i h\u00f4m nay!","breadcrumb":{"@id":"https:\/\/cheri-heater.com\/vn\/product\/ceramic-radiant-tube-heater\/#breadcrumb"},"inLanguage":"en-US","potentialAction":[{"@type":"ReadAction","target":["https:\/\/cheri-heater.com\/vn\/product\/ceramic-radiant-tube-heater\/"]}]},{"@type":"ImageObject","inLanguage":"en-US","@id":"https:\/\/cheri-heater.com\/vn\/product\/ceramic-radiant-tube-heater\/#primaryimage","url":"https:\/\/cheri-heater.com\/vn\/wp-content\/uploads\/2024\/06\/\u5fae\u4fe1\u56fe\u7247_202306151435146.jpg","contentUrl":"https:\/\/cheri-heater.com\/vn\/wp-content\/uploads\/2024\/06\/\u5fae\u4fe1\u56fe\u7247_202306151435146.jpg","width":620,"height":620},{"@type":"BreadcrumbList","@id":"https:\/\/cheri-heater.com\/vn\/product\/ceramic-radiant-tube-heater\/#breadcrumb","itemListElement":[{"@type":"ListItem","position":1,"name":"Home","item":"https:\/\/cheri-heater.com\/vn\/"},{"@type":"ListItem","position":2,"name":"Products","item":"https:\/\/cheri-heater.com\/vn\/products\/"},{"@type":"ListItem","position":3,"name":"M\u00e1y s\u01b0\u1edfi \u1ed1ng b\u1ee9c x\u1ea1 g\u1ed1m"}]},{"@type":"WebSite","@id":"https:\/\/cheri-heater.com\/vn\/#website","url":"https:\/\/cheri-heater.com\/vn\/","name":"Cheri Heater Technology Co.,Ltd.","description":"","publisher":{"@id":"https:\/\/cheri-heater.com\/vn\/#organization"},"potentialAction":[{"@type":"SearchAction","target":{"@type":"EntryPoint","urlTemplate":"https:\/\/cheri-heater.com\/vn\/?s={search_term_string}"},"query-input":{"@type":"PropertyValueSpecification","valueRequired":true,"valueName":"search_term_string"}}],"inLanguage":"en-US"},{"@type":"Organization","@id":"https:\/\/cheri-heater.com\/vn\/#organization","name":"Cheri Heater Technology Co.,Ltd.","url":"https:\/\/cheri-heater.com\/vn\/","logo":{"@type":"ImageObject","inLanguage":"en-US","@id":"https:\/\/cheri-heater.com\/vn\/#\/schema\/logo\/image\/","url":"https:\/\/cheri-heater.com\/vn\/wp-content\/uploads\/2024\/06\/cropped-logo-resize.png","contentUrl":"https:\/\/cheri-heater.com\/vn\/wp-content\/uploads\/2024\/06\/cropped-logo-resize.png","width":346,"height":99,"caption":"Cheri Heater Technology Co.,Ltd."},"image":{"@id":"https:\/\/cheri-heater.com\/vn\/#\/schema\/logo\/image\/"}}]}},"_links":{"self":[{"href":"https:\/\/cheri-heater.com\/vn\/wp-json\/wp\/v2\/product\/1124","targetHints":{"allow":["GET"]}}],"collection":[{"href":"https:\/\/cheri-heater.com\/vn\/wp-json\/wp\/v2\/product"}],"about":[{"href":"https:\/\/cheri-heater.com\/vn\/wp-json\/wp\/v2\/types\/product"}],"wp:featuredmedia":[{"embeddable":true,"href":"https:\/\/cheri-heater.com\/vn\/wp-json\/wp\/v2\/media\/1132"}],"wp:attachment":[{"href":"https:\/\/cheri-heater.com\/vn\/wp-json\/wp\/v2\/media?parent=1124"}],"wp:term":[{"taxonomy":"product_brand","embeddable":true,"href":"https:\/\/cheri-heater.com\/vn\/wp-json\/wp\/v2\/product_brand?post=1124"},{"taxonomy":"product_cat","embeddable":true,"href":"https:\/\/cheri-heater.com\/vn\/wp-json\/wp\/v2\/product_cat?post=1124"},{"taxonomy":"product_tag","embeddable":true,"href":"https:\/\/cheri-heater.com\/vn\/wp-json\/wp\/v2\/product_tag?post=1124"}],"curies":[{"name":"wp","href":"https:\/\/api.w.org\/{rel}","templated":true}]}}