{"id":1125,"date":"2024-06-05T17:19:12","date_gmt":"2024-06-05T17:19:12","guid":{"rendered":"https:\/\/cheri-heater.com\/vn\/?post_type=product&#038;p=1125"},"modified":"2024-07-28T03:42:32","modified_gmt":"2024-07-28T03:42:32","slug":"finned-tubular-heater","status":"publish","type":"product","link":"https:\/\/cheri-heater.com\/vn\/product\/finned-tubular-heater\/","title":{"rendered":"M\u00e1y s\u01b0\u1edfi \u1ed1ng c\u00f3 v\u00e2y"},"content":{"rendered":"<table width=\"100%\" cellspacing=\"0\" cellpadding=\"0\">\n<tbody>\n<tr valign=\"top\">\n<td width=\"42%\">\n<p class=\"western\" align=\"left\"><span style=\"font-family: \u5b8b\u4f53;\"><span style=\"font-size: small;\">Lo\u1ea1i s\u1ea3n ph\u1ea9m<\/span><\/span><\/p>\n<\/td>\n<td width=\"58%\">\n<p class=\"western\" align=\"left\"><span style=\"font-family: \u5b8b\u4f53;\"><span style=\"font-size: small;\">\u1ed0ng s\u01b0\u1edfi c\u00f3 c\u00e1nh<\/span><\/span><\/p>\n<\/td>\n<\/tr>\n<tr valign=\"top\">\n<td width=\"42%\">\n<p class=\"western\" align=\"left\"><span style=\"font-family: \u5b8b\u4f53;\"><span style=\"font-size: small;\">M\u1eabu<\/span><\/span><\/p>\n<\/td>\n<td width=\"58%\">\n<p class=\"western\" align=\"left\"><span style=\"font-family: \u5b8b\u4f53;\"><span style=\"font-size: small;\"><span lang=\"en-US\">H\u00ecnh W<\/span><\/span><\/span><span style=\"font-family: \u5b8b\u4f53;\"><span style=\"font-size: small;\"><span lang=\"en-US\">\/H\u00ecnh U\/th\u1eb3ng<\/span><\/span><\/span><\/p>\n<\/td>\n<\/tr>\n<tr valign=\"top\">\n<td width=\"42%\">\n<p class=\"western\" align=\"left\"><span style=\"font-family: \u5b8b\u4f53;\"><span style=\"font-size: small;\">\u0110i\u1ec7n \u00e1p<\/span><\/span><\/p>\n<\/td>\n<td width=\"58%\">\n<p class=\"western\" align=\"left\"><span style=\"font-family: \u5b8b\u4f53;\"><span style=\"font-size: small;\">T\u00f9y ch\u1ec9nh<\/span><\/span><\/p>\n<\/td>\n<\/tr>\n<tr valign=\"top\">\n<td width=\"42%\">\n<p class=\"western\" align=\"left\"><span style=\"font-family: \u5b8b\u4f53;\"><span style=\"font-size: small;\">C\u00f4ng su\u1ea5t<\/span><\/span><\/p>\n<\/td>\n<td width=\"58%\">\n<p class=\"western\" align=\"left\"><span style=\"font-family: \u5b8b\u4f53;\"><span style=\"font-size: small;\">T\u00f9y ch\u1ec9nh<\/span><\/span><\/p>\n<\/td>\n<\/tr>\n<tr valign=\"top\">\n<td width=\"42%\">\n<p class=\"western\" align=\"left\"><span style=\"font-family: \u5b8b\u4f53;\"><span style=\"font-size: small;\">\u0110\u01b0\u1eddng k\u00ednh \u1ed1ng (mm)<\/span><\/span><\/p>\n<\/td>\n<td width=\"58%\">\n<p class=\"western\" align=\"left\"><span style=\"font-family: \u5b8b\u4f53;\"><span style=\"font-size: small;\">T\u00f9y ch\u1ec9nh theo nhu c\u1ea7u<\/span><\/span><\/p>\n<\/td>\n<\/tr>\n<tr valign=\"top\">\n<td width=\"42%\">\n<p class=\"western\" align=\"left\"><span style=\"font-family: \u5b8b\u4f53;\"><span style=\"font-size: small;\">V\u1eadt li\u1ec7u v\u1ecf b\u1ecdc<\/span><\/span><span style=\"font-family: \u5b8b\u4f53;\"><span style=\"font-size: small;\"><span lang=\"zh-CN\">\uff08<\/span><\/span><\/span><span style=\"font-family: \u5b8b\u4f53;\"><span style=\"font-size: small;\">Th\u00e9p kh\u00f4ng g\u1ec9<\/span><\/span><span style=\"font-family: \u5b8b\u4f53;\"><span style=\"font-size: small;\"><span lang=\"zh-CN\">\uff09<\/span><\/span><\/span><\/p>\n<\/td>\n<td width=\"58%\">\n<p class=\"western\" align=\"left\"><span style=\"font-family: \u5b8b\u4f53;\"><span style=\"font-size: small;\">201\/304 (V\u1eadt li\u1ec7u c\u00e1nh nh\u00f4m\/th\u00e9p kh\u00f4ng g\u1ec9)<\/span><\/span><\/p>\n<\/td>\n<\/tr>\n<tr valign=\"top\">\n<td width=\"42%\">\n<p class=\"western\" align=\"left\"><span style=\"font-family: \u5b8b\u4f53;\"><span style=\"font-size: small;\">\u1ee8ng d\u1ee5ng<\/span><\/span><\/p>\n<\/td>\n<td width=\"58%\">\n<p class=\"western\" align=\"left\"><span style=\"font-family: \u5b8b\u4f53;\"><span style=\"font-size: small;\">L\u00f2 c\u00f4ng nghi\u1ec7p\/m\u00e1y s\u1ea5y t\u00f3c n\u00f3ng.<\/span><\/span><\/p>\n<\/td>\n<\/tr>\n<tr valign=\"top\">\n<td width=\"42%\">\n<p class=\"western\" align=\"left\"><span style=\"font-family: \u5b8b\u4f53;\"><span style=\"font-size: small;\">Th\u00f4ng s\u1ed1 ren<\/span><\/span><\/p>\n<\/td>\n<td width=\"58%\">\n<p class=\"western\" align=\"left\"><span style=\"font-family: \u5b8b\u4f53;\"><span style=\"font-size: small;\">M10\/12\/16\/20\/24\/27\/30, v.v.<\/span><\/span><\/p>\n<\/td>\n<\/tr>\n<\/tbody>\n<\/table>\n<p><img fetchpriority=\"high\" decoding=\"async\" class=\"aligncenter size-full wp-image-1138\" src=\"http:\/\/cheri-heater.com\/vn\/wp-content\/uploads\/2024\/06\/H9eebc13db6f24308b9c83965fa9b1af17.jpg\" alt=\"\" width=\"750\" height=\"400\" srcset=\"https:\/\/cheri-heater.com\/vn\/wp-content\/uploads\/2024\/06\/H9eebc13db6f24308b9c83965fa9b1af17.jpg 750w, https:\/\/cheri-heater.com\/vn\/wp-content\/uploads\/2024\/06\/H9eebc13db6f24308b9c83965fa9b1af17-600x320.jpg 600w, https:\/\/cheri-heater.com\/vn\/wp-content\/uploads\/2024\/06\/H9eebc13db6f24308b9c83965fa9b1af17-300x160.jpg 300w\" sizes=\"(max-width: 750px) 100vw, 750px\" \/><\/p>\n<p><img decoding=\"async\" class=\"aligncenter size-full wp-image-1139 lazyload\" data-src=\"http:\/\/cheri-heater.com\/vn\/wp-content\/uploads\/2024\/06\/H59c6492ce300472f95148d07030edc7d2.jpg\" alt=\"\" width=\"750\" height=\"619\" data-srcset=\"https:\/\/cheri-heater.com\/vn\/wp-content\/uploads\/2024\/06\/H59c6492ce300472f95148d07030edc7d2.jpg 750w, https:\/\/cheri-heater.com\/vn\/wp-content\/uploads\/2024\/06\/H59c6492ce300472f95148d07030edc7d2-600x495.jpg 600w, https:\/\/cheri-heater.com\/vn\/wp-content\/uploads\/2024\/06\/H59c6492ce300472f95148d07030edc7d2-300x248.jpg 300w\" data-sizes=\"(max-width: 750px) 100vw, 750px\" src=\"data:image\/svg+xml;base64,PHN2ZyB3aWR0aD0iMSIgaGVpZ2h0PSIxIiB4bWxucz0iaHR0cDovL3d3dy53My5vcmcvMjAwMC9zdmciPjwvc3ZnPg==\" style=\"--smush-placeholder-width: 750px; --smush-placeholder-aspect-ratio: 750\/619;\" \/><\/p>\n<p><img decoding=\"async\" class=\"aligncenter size-full wp-image-1140 lazyload\" data-src=\"http:\/\/cheri-heater.com\/vn\/wp-content\/uploads\/2024\/06\/H879ff686e5e8434293683cbfa757f501u.jpg\" alt=\"\" width=\"772\" height=\"278\" data-srcset=\"https:\/\/cheri-heater.com\/vn\/wp-content\/uploads\/2024\/06\/H879ff686e5e8434293683cbfa757f501u.jpg 772w, https:\/\/cheri-heater.com\/vn\/wp-content\/uploads\/2024\/06\/H879ff686e5e8434293683cbfa757f501u-600x216.jpg 600w, https:\/\/cheri-heater.com\/vn\/wp-content\/uploads\/2024\/06\/H879ff686e5e8434293683cbfa757f501u-300x108.jpg 300w, https:\/\/cheri-heater.com\/vn\/wp-content\/uploads\/2024\/06\/H879ff686e5e8434293683cbfa757f501u-768x277.jpg 768w\" data-sizes=\"(max-width: 772px) 100vw, 772px\" src=\"data:image\/svg+xml;base64,PHN2ZyB3aWR0aD0iMSIgaGVpZ2h0PSIxIiB4bWxucz0iaHR0cDovL3d3dy53My5vcmcvMjAwMC9zdmciPjwvc3ZnPg==\" style=\"--smush-placeholder-width: 772px; --smush-placeholder-aspect-ratio: 772\/278;\" \/><\/p>\n<p><img decoding=\"async\" class=\"aligncenter size-full wp-image-1141 lazyload\" data-src=\"http:\/\/cheri-heater.com\/vn\/wp-content\/uploads\/2024\/06\/H1888d911b0154c8c9c39ebef512fa15eH.jpg\" alt=\"\" width=\"750\" height=\"683\" data-srcset=\"https:\/\/cheri-heater.com\/vn\/wp-content\/uploads\/2024\/06\/H1888d911b0154c8c9c39ebef512fa15eH.jpg 750w, https:\/\/cheri-heater.com\/vn\/wp-content\/uploads\/2024\/06\/H1888d911b0154c8c9c39ebef512fa15eH-600x546.jpg 600w, https:\/\/cheri-heater.com\/vn\/wp-content\/uploads\/2024\/06\/H1888d911b0154c8c9c39ebef512fa15eH-300x273.jpg 300w\" data-sizes=\"(max-width: 750px) 100vw, 750px\" src=\"data:image\/svg+xml;base64,PHN2ZyB3aWR0aD0iMSIgaGVpZ2h0PSIxIiB4bWxucz0iaHR0cDovL3d3dy53My5vcmcvMjAwMC9zdmciPjwvc3ZnPg==\" style=\"--smush-placeholder-width: 750px; --smush-placeholder-aspect-ratio: 750\/683;\" \/><\/p>\n<p><img decoding=\"async\" class=\"aligncenter size-full wp-image-1142 lazyload\" data-src=\"http:\/\/cheri-heater.com\/vn\/wp-content\/uploads\/2024\/06\/H6625aa49ef194abd8662bc7375708ca3X.jpg\" alt=\"\" width=\"800\" height=\"393\" data-srcset=\"https:\/\/cheri-heater.com\/vn\/wp-content\/uploads\/2024\/06\/H6625aa49ef194abd8662bc7375708ca3X.jpg 800w, https:\/\/cheri-heater.com\/vn\/wp-content\/uploads\/2024\/06\/H6625aa49ef194abd8662bc7375708ca3X-600x295.jpg 600w, https:\/\/cheri-heater.com\/vn\/wp-content\/uploads\/2024\/06\/H6625aa49ef194abd8662bc7375708ca3X-300x147.jpg 300w, https:\/\/cheri-heater.com\/vn\/wp-content\/uploads\/2024\/06\/H6625aa49ef194abd8662bc7375708ca3X-768x377.jpg 768w\" data-sizes=\"(max-width: 800px) 100vw, 800px\" src=\"data:image\/svg+xml;base64,PHN2ZyB3aWR0aD0iMSIgaGVpZ2h0PSIxIiB4bWxucz0iaHR0cDovL3d3dy53My5vcmcvMjAwMC9zdmciPjwvc3ZnPg==\" style=\"--smush-placeholder-width: 800px; --smush-placeholder-aspect-ratio: 800\/393;\" \/><\/p>\n<p><img decoding=\"async\" class=\"aligncenter size-full wp-image-1143 lazyload\" data-src=\"http:\/\/cheri-heater.com\/vn\/wp-content\/uploads\/2024\/06\/Ha8542368b0434bffa65a1a37f60a6739p.jpg\" alt=\"\" width=\"812\" height=\"894\" data-srcset=\"https:\/\/cheri-heater.com\/vn\/wp-content\/uploads\/2024\/06\/Ha8542368b0434bffa65a1a37f60a6739p.jpg 812w, https:\/\/cheri-heater.com\/vn\/wp-content\/uploads\/2024\/06\/Ha8542368b0434bffa65a1a37f60a6739p-600x661.jpg 600w, https:\/\/cheri-heater.com\/vn\/wp-content\/uploads\/2024\/06\/Ha8542368b0434bffa65a1a37f60a6739p-272x300.jpg 272w, https:\/\/cheri-heater.com\/vn\/wp-content\/uploads\/2024\/06\/Ha8542368b0434bffa65a1a37f60a6739p-768x846.jpg 768w\" data-sizes=\"(max-width: 812px) 100vw, 812px\" src=\"data:image\/svg+xml;base64,PHN2ZyB3aWR0aD0iMSIgaGVpZ2h0PSIxIiB4bWxucz0iaHR0cDovL3d3dy53My5vcmcvMjAwMC9zdmciPjwvc3ZnPg==\" style=\"--smush-placeholder-width: 812px; --smush-placeholder-aspect-ratio: 812\/894;\" \/><\/p>\n<p><img decoding=\"async\" class=\"aligncenter size-full wp-image-1144 lazyload\" data-src=\"http:\/\/cheri-heater.com\/vn\/wp-content\/uploads\/2024\/06\/Hc8bb5ef6abb640d7b382464a32dc12f4m.jpg\" alt=\"\" width=\"800\" height=\"800\" data-srcset=\"https:\/\/cheri-heater.com\/vn\/wp-content\/uploads\/2024\/06\/Hc8bb5ef6abb640d7b382464a32dc12f4m.jpg 800w, https:\/\/cheri-heater.com\/vn\/wp-content\/uploads\/2024\/06\/Hc8bb5ef6abb640d7b382464a32dc12f4m-300x300.jpg 300w, https:\/\/cheri-heater.com\/vn\/wp-content\/uploads\/2024\/06\/Hc8bb5ef6abb640d7b382464a32dc12f4m-100x100.jpg 100w, https:\/\/cheri-heater.com\/vn\/wp-content\/uploads\/2024\/06\/Hc8bb5ef6abb640d7b382464a32dc12f4m-600x600.jpg 600w, https:\/\/cheri-heater.com\/vn\/wp-content\/uploads\/2024\/06\/Hc8bb5ef6abb640d7b382464a32dc12f4m-150x150.jpg 150w, https:\/\/cheri-heater.com\/vn\/wp-content\/uploads\/2024\/06\/Hc8bb5ef6abb640d7b382464a32dc12f4m-768x768.jpg 768w\" data-sizes=\"(max-width: 800px) 100vw, 800px\" src=\"data:image\/svg+xml;base64,PHN2ZyB3aWR0aD0iMSIgaGVpZ2h0PSIxIiB4bWxucz0iaHR0cDovL3d3dy53My5vcmcvMjAwMC9zdmciPjwvc3ZnPg==\" style=\"--smush-placeholder-width: 800px; --smush-placeholder-aspect-ratio: 800\/800;\" \/><\/p>\n<p><img decoding=\"async\" class=\"aligncenter size-full wp-image-1145 lazyload\" data-src=\"http:\/\/cheri-heater.com\/vn\/wp-content\/uploads\/2024\/06\/Hf10dc1a000fe4592bafe37fa75d50c7cj.jpg\" alt=\"\" width=\"887\" height=\"588\" data-srcset=\"https:\/\/cheri-heater.com\/vn\/wp-content\/uploads\/2024\/06\/Hf10dc1a000fe4592bafe37fa75d50c7cj.jpg 887w, https:\/\/cheri-heater.com\/vn\/wp-content\/uploads\/2024\/06\/Hf10dc1a000fe4592bafe37fa75d50c7cj-600x398.jpg 600w, https:\/\/cheri-heater.com\/vn\/wp-content\/uploads\/2024\/06\/Hf10dc1a000fe4592bafe37fa75d50c7cj-300x199.jpg 300w, https:\/\/cheri-heater.com\/vn\/wp-content\/uploads\/2024\/06\/Hf10dc1a000fe4592bafe37fa75d50c7cj-768x509.jpg 768w\" data-sizes=\"(max-width: 887px) 100vw, 887px\" src=\"data:image\/svg+xml;base64,PHN2ZyB3aWR0aD0iMSIgaGVpZ2h0PSIxIiB4bWxucz0iaHR0cDovL3d3dy53My5vcmcvMjAwMC9zdmciPjwvc3ZnPg==\" style=\"--smush-placeholder-width: 887px; --smush-placeholder-aspect-ratio: 887\/588;\" \/><\/p>\n","protected":false},"excerpt":{"rendered":"<p>M\u00e1y s\u01b0\u1edfi \u1ed1ng c\u00f3 v\u00e2y \u0111i\u1ec7n trong \u1ed1ng d\u1eabn kh\u00ed \u0111\u01b0\u1ee3c ch\u1ebf t\u1ea1o nh\u01b0 c\u00e1c ph\u1ea7n t\u1eed \u1ed1ng c\u01a1 b\u1ea3n v\u1edbi vi\u1ec7c b\u1ed5 sung c\u00e1c v\u00e2y xo\u1eafn li\u00ean t\u1ee5c, 4-5 c\u00e1i m\u1ed7i inch, \u0111\u01b0\u1ee3c h\u00e0n v\u0129nh vi\u1ec5n v\u00e0o v\u1ecf. C\u00e1c v\u00e2y t\u0103ng \u0111\u00e1ng k\u1ec3 di\u1ec7n t\u00edch b\u1ec1 m\u1eb7t v\u00e0 cho ph\u00e9p truy\u1ec1n nhi\u1ec7t nhanh h\u01a1n v\u00e0o kh\u00f4ng kh\u00ed, d\u1eabn \u0111\u1ebfn nhi\u1ec7t \u0111\u1ed9 b\u1ec1 m\u1eb7t ph\u1ea7n t\u1eed th\u1ea5p h\u01a1n.<\/p>\n","protected":false},"featured_media":1136,"template":"","meta":[],"product_brand":[],"product_cat":[28],"product_tag":[159],"class_list":{"0":"post-1125","1":"product","2":"type-product","3":"status-publish","4":"has-post-thumbnail","6":"product_cat-tubular-heater","7":"product_tag-finned-tubular-heater","9":"first","10":"instock","11":"shipping-taxable","12":"product-type-simple"},"yoast_head":"<!-- This site is optimized with the Yoast SEO plugin v27.4 - https:\/\/yoast.com\/product\/yoast-seo-wordpress\/ -->\n<title>M\u00e1y s\u01b0\u1edfi \u1ed1ng c\u00f3 v\u00e2y ch\u1ea5t l\u01b0\u1ee3ng cao | Gi\u1ea3i ph\u00e1p s\u01b0\u1edfi \u1ea5m hi\u1ec7u qu\u1ea3<\/title>\n<meta name=\"description\" content=\"M\u00e1y s\u01b0\u1edfi \u1ed1ng c\u00f3 v\u00e2y ch\u1ea5t l\u01b0\u1ee3ng cao, \u0111\u01b0\u1ee3c thi\u1ebft k\u1ebf cho c\u00e1c gi\u1ea3i ph\u00e1p s\u01b0\u1edfi \u1ea5m hi\u1ec7u qu\u1ea3 v\u00e0 \u0111\u00e1ng tin c\u1eady. Ho\u00e0n h\u1ea3o cho c\u00e1c \u1ee9ng d\u1ee5ng c\u00f4ng nghi\u1ec7p kh\u00e1c nhau, m\u00e1y s\u01b0\u1edfi c\u1ee7a ch\u00fang t\u00f4i \u0111\u1ea3m b\u1ea3o hi\u1ec7u su\u1ea5t v\u01b0\u1ee3t tr\u1ed9i v\u00e0 \u0111\u1ed9 b\u1ec1n cao. Nh\u1eadn t\u01b0 v\u1ea5n chuy\u00ean gia v\u00e0 h\u1ed7 tr\u1ee3 kh\u00e1ch h\u00e0ng xu\u1ea5t s\u1eafc \u0111\u1ec3 t\u00ecm s\u1ea3n ph\u1ea9m l\u00fd t\u01b0\u1edfng cho nhu c\u1ea7u c\u1ee7a b\u1ea1n. Mua ngay!\" \/>\n<meta name=\"robots\" content=\"index, follow, max-snippet:-1, max-image-preview:large, max-video-preview:-1\" \/>\n<link rel=\"canonical\" href=\"https:\/\/cheri-heater.com\/vn\/product\/finned-tubular-heater\/\" \/>\n<meta property=\"og:locale\" content=\"en_US\" \/>\n<meta property=\"og:type\" content=\"article\" \/>\n<meta property=\"og:title\" content=\"M\u00e1y s\u01b0\u1edfi \u1ed1ng c\u00f3 v\u00e2y ch\u1ea5t l\u01b0\u1ee3ng cao | Gi\u1ea3i ph\u00e1p s\u01b0\u1edfi \u1ea5m hi\u1ec7u qu\u1ea3\" \/>\n<meta property=\"og:description\" content=\"M\u00e1y s\u01b0\u1edfi \u1ed1ng c\u00f3 v\u00e2y ch\u1ea5t l\u01b0\u1ee3ng cao, \u0111\u01b0\u1ee3c thi\u1ebft k\u1ebf cho c\u00e1c gi\u1ea3i ph\u00e1p s\u01b0\u1edfi \u1ea5m hi\u1ec7u qu\u1ea3 v\u00e0 \u0111\u00e1ng tin c\u1eady. Ho\u00e0n h\u1ea3o cho c\u00e1c \u1ee9ng d\u1ee5ng c\u00f4ng nghi\u1ec7p kh\u00e1c nhau, m\u00e1y s\u01b0\u1edfi c\u1ee7a ch\u00fang t\u00f4i \u0111\u1ea3m b\u1ea3o hi\u1ec7u su\u1ea5t v\u01b0\u1ee3t tr\u1ed9i v\u00e0 \u0111\u1ed9 b\u1ec1n cao. Nh\u1eadn t\u01b0 v\u1ea5n chuy\u00ean gia v\u00e0 h\u1ed7 tr\u1ee3 kh\u00e1ch h\u00e0ng xu\u1ea5t s\u1eafc \u0111\u1ec3 t\u00ecm s\u1ea3n ph\u1ea9m l\u00fd t\u01b0\u1edfng cho nhu c\u1ea7u c\u1ee7a b\u1ea1n. Mua ngay!\" \/>\n<meta property=\"og:url\" content=\"https:\/\/cheri-heater.com\/vn\/product\/finned-tubular-heater\/\" \/>\n<meta property=\"og:site_name\" content=\"Cheri Heater Technology Co.,Ltd.\" \/>\n<meta property=\"article:modified_time\" content=\"2024-07-28T03:42:32+00:00\" \/>\n<meta property=\"og:image\" content=\"http:\/\/cheri-heater.com\/vn\/wp-content\/uploads\/2024\/06\/Cheri-Electrothermal-Equipment-Limited-Company-11-2.jpg\" \/>\n\t<meta property=\"og:image:width\" content=\"712\" \/>\n\t<meta property=\"og:image:height\" content=\"506\" \/>\n\t<meta property=\"og:image:type\" content=\"image\/jpeg\" \/>\n<meta name=\"twitter:card\" content=\"summary_large_image\" \/>\n<meta name=\"twitter:label1\" content=\"Est. reading time\" \/>\n\t<meta name=\"twitter:data1\" content=\"2 minutes\" \/>\n<!-- \/ Yoast SEO plugin. -->","yoast_head_json":{"title":"M\u00e1y s\u01b0\u1edfi \u1ed1ng c\u00f3 v\u00e2y ch\u1ea5t l\u01b0\u1ee3ng cao | Gi\u1ea3i ph\u00e1p s\u01b0\u1edfi \u1ea5m hi\u1ec7u qu\u1ea3","description":"M\u00e1y s\u01b0\u1edfi \u1ed1ng c\u00f3 v\u00e2y ch\u1ea5t l\u01b0\u1ee3ng cao, \u0111\u01b0\u1ee3c thi\u1ebft k\u1ebf cho c\u00e1c gi\u1ea3i ph\u00e1p s\u01b0\u1edfi \u1ea5m hi\u1ec7u qu\u1ea3 v\u00e0 \u0111\u00e1ng tin c\u1eady. Ho\u00e0n h\u1ea3o cho c\u00e1c \u1ee9ng d\u1ee5ng c\u00f4ng nghi\u1ec7p kh\u00e1c nhau, m\u00e1y s\u01b0\u1edfi c\u1ee7a ch\u00fang t\u00f4i \u0111\u1ea3m b\u1ea3o hi\u1ec7u su\u1ea5t v\u01b0\u1ee3t tr\u1ed9i v\u00e0 \u0111\u1ed9 b\u1ec1n cao. Nh\u1eadn t\u01b0 v\u1ea5n chuy\u00ean gia v\u00e0 h\u1ed7 tr\u1ee3 kh\u00e1ch h\u00e0ng xu\u1ea5t s\u1eafc \u0111\u1ec3 t\u00ecm s\u1ea3n ph\u1ea9m l\u00fd t\u01b0\u1edfng cho nhu c\u1ea7u c\u1ee7a b\u1ea1n. Mua ngay!","robots":{"index":"index","follow":"follow","max-snippet":"max-snippet:-1","max-image-preview":"max-image-preview:large","max-video-preview":"max-video-preview:-1"},"canonical":"https:\/\/cheri-heater.com\/vn\/product\/finned-tubular-heater\/","og_locale":"en_US","og_type":"article","og_title":"M\u00e1y s\u01b0\u1edfi \u1ed1ng c\u00f3 v\u00e2y ch\u1ea5t l\u01b0\u1ee3ng cao | Gi\u1ea3i ph\u00e1p s\u01b0\u1edfi \u1ea5m hi\u1ec7u qu\u1ea3","og_description":"M\u00e1y s\u01b0\u1edfi \u1ed1ng c\u00f3 v\u00e2y ch\u1ea5t l\u01b0\u1ee3ng cao, \u0111\u01b0\u1ee3c thi\u1ebft k\u1ebf cho c\u00e1c gi\u1ea3i ph\u00e1p s\u01b0\u1edfi \u1ea5m hi\u1ec7u qu\u1ea3 v\u00e0 \u0111\u00e1ng tin c\u1eady. Ho\u00e0n h\u1ea3o cho c\u00e1c \u1ee9ng d\u1ee5ng c\u00f4ng nghi\u1ec7p kh\u00e1c nhau, m\u00e1y s\u01b0\u1edfi c\u1ee7a ch\u00fang t\u00f4i \u0111\u1ea3m b\u1ea3o hi\u1ec7u su\u1ea5t v\u01b0\u1ee3t tr\u1ed9i v\u00e0 \u0111\u1ed9 b\u1ec1n cao. Nh\u1eadn t\u01b0 v\u1ea5n chuy\u00ean gia v\u00e0 h\u1ed7 tr\u1ee3 kh\u00e1ch h\u00e0ng xu\u1ea5t s\u1eafc \u0111\u1ec3 t\u00ecm s\u1ea3n ph\u1ea9m l\u00fd t\u01b0\u1edfng cho nhu c\u1ea7u c\u1ee7a b\u1ea1n. Mua ngay!","og_url":"https:\/\/cheri-heater.com\/vn\/product\/finned-tubular-heater\/","og_site_name":"Cheri Heater Technology Co.,Ltd.","article_modified_time":"2024-07-28T03:42:32+00:00","og_image":[{"width":712,"height":506,"url":"http:\/\/cheri-heater.com\/vn\/wp-content\/uploads\/2024\/06\/Cheri-Electrothermal-Equipment-Limited-Company-11-2.jpg","type":"image\/jpeg"}],"twitter_card":"summary_large_image","twitter_misc":{"Est. reading time":"2 minutes"},"schema":{"@context":"https:\/\/schema.org","@graph":[{"@type":"WebPage","@id":"https:\/\/cheri-heater.com\/vn\/product\/finned-tubular-heater\/","url":"https:\/\/cheri-heater.com\/vn\/product\/finned-tubular-heater\/","name":"M\u00e1y s\u01b0\u1edfi \u1ed1ng c\u00f3 v\u00e2y ch\u1ea5t l\u01b0\u1ee3ng cao | Gi\u1ea3i ph\u00e1p s\u01b0\u1edfi \u1ea5m hi\u1ec7u qu\u1ea3","isPartOf":{"@id":"https:\/\/cheri-heater.com\/vn\/#website"},"primaryImageOfPage":{"@id":"https:\/\/cheri-heater.com\/vn\/product\/finned-tubular-heater\/#primaryimage"},"image":{"@id":"https:\/\/cheri-heater.com\/vn\/product\/finned-tubular-heater\/#primaryimage"},"thumbnailUrl":"https:\/\/cheri-heater.com\/vn\/wp-content\/uploads\/2024\/06\/Cheri-Electrothermal-Equipment-Limited-Company-11-2.jpg","datePublished":"2024-06-05T17:19:12+00:00","dateModified":"2024-07-28T03:42:32+00:00","description":"M\u00e1y s\u01b0\u1edfi \u1ed1ng c\u00f3 v\u00e2y ch\u1ea5t l\u01b0\u1ee3ng cao, \u0111\u01b0\u1ee3c thi\u1ebft k\u1ebf cho c\u00e1c gi\u1ea3i ph\u00e1p s\u01b0\u1edfi \u1ea5m hi\u1ec7u qu\u1ea3 v\u00e0 \u0111\u00e1ng tin c\u1eady. Ho\u00e0n h\u1ea3o cho c\u00e1c \u1ee9ng d\u1ee5ng c\u00f4ng nghi\u1ec7p kh\u00e1c nhau, m\u00e1y s\u01b0\u1edfi c\u1ee7a ch\u00fang t\u00f4i \u0111\u1ea3m b\u1ea3o hi\u1ec7u su\u1ea5t v\u01b0\u1ee3t tr\u1ed9i v\u00e0 \u0111\u1ed9 b\u1ec1n cao. Nh\u1eadn t\u01b0 v\u1ea5n chuy\u00ean gia v\u00e0 h\u1ed7 tr\u1ee3 kh\u00e1ch h\u00e0ng xu\u1ea5t s\u1eafc \u0111\u1ec3 t\u00ecm s\u1ea3n ph\u1ea9m l\u00fd t\u01b0\u1edfng cho nhu c\u1ea7u c\u1ee7a b\u1ea1n. Mua ngay!","breadcrumb":{"@id":"https:\/\/cheri-heater.com\/vn\/product\/finned-tubular-heater\/#breadcrumb"},"inLanguage":"en-US","potentialAction":[{"@type":"ReadAction","target":["https:\/\/cheri-heater.com\/vn\/product\/finned-tubular-heater\/"]}]},{"@type":"ImageObject","inLanguage":"en-US","@id":"https:\/\/cheri-heater.com\/vn\/product\/finned-tubular-heater\/#primaryimage","url":"https:\/\/cheri-heater.com\/vn\/wp-content\/uploads\/2024\/06\/Cheri-Electrothermal-Equipment-Limited-Company-11-2.jpg","contentUrl":"https:\/\/cheri-heater.com\/vn\/wp-content\/uploads\/2024\/06\/Cheri-Electrothermal-Equipment-Limited-Company-11-2.jpg","width":712,"height":506},{"@type":"BreadcrumbList","@id":"https:\/\/cheri-heater.com\/vn\/product\/finned-tubular-heater\/#breadcrumb","itemListElement":[{"@type":"ListItem","position":1,"name":"Home","item":"https:\/\/cheri-heater.com\/vn\/"},{"@type":"ListItem","position":2,"name":"Products","item":"https:\/\/cheri-heater.com\/vn\/products\/"},{"@type":"ListItem","position":3,"name":"M\u00e1y s\u01b0\u1edfi \u1ed1ng c\u00f3 v\u00e2y"}]},{"@type":"WebSite","@id":"https:\/\/cheri-heater.com\/vn\/#website","url":"https:\/\/cheri-heater.com\/vn\/","name":"Cheri Heater Technology Co.,Ltd.","description":"","publisher":{"@id":"https:\/\/cheri-heater.com\/vn\/#organization"},"potentialAction":[{"@type":"SearchAction","target":{"@type":"EntryPoint","urlTemplate":"https:\/\/cheri-heater.com\/vn\/?s={search_term_string}"},"query-input":{"@type":"PropertyValueSpecification","valueRequired":true,"valueName":"search_term_string"}}],"inLanguage":"en-US"},{"@type":"Organization","@id":"https:\/\/cheri-heater.com\/vn\/#organization","name":"Cheri Heater Technology Co.,Ltd.","url":"https:\/\/cheri-heater.com\/vn\/","logo":{"@type":"ImageObject","inLanguage":"en-US","@id":"https:\/\/cheri-heater.com\/vn\/#\/schema\/logo\/image\/","url":"https:\/\/cheri-heater.com\/vn\/wp-content\/uploads\/2024\/06\/cropped-logo-resize.png","contentUrl":"https:\/\/cheri-heater.com\/vn\/wp-content\/uploads\/2024\/06\/cropped-logo-resize.png","width":346,"height":99,"caption":"Cheri Heater Technology Co.,Ltd."},"image":{"@id":"https:\/\/cheri-heater.com\/vn\/#\/schema\/logo\/image\/"}}]}},"_links":{"self":[{"href":"https:\/\/cheri-heater.com\/vn\/wp-json\/wp\/v2\/product\/1125","targetHints":{"allow":["GET"]}}],"collection":[{"href":"https:\/\/cheri-heater.com\/vn\/wp-json\/wp\/v2\/product"}],"about":[{"href":"https:\/\/cheri-heater.com\/vn\/wp-json\/wp\/v2\/types\/product"}],"wp:featuredmedia":[{"embeddable":true,"href":"https:\/\/cheri-heater.com\/vn\/wp-json\/wp\/v2\/media\/1136"}],"wp:attachment":[{"href":"https:\/\/cheri-heater.com\/vn\/wp-json\/wp\/v2\/media?parent=1125"}],"wp:term":[{"taxonomy":"product_brand","embeddable":true,"href":"https:\/\/cheri-heater.com\/vn\/wp-json\/wp\/v2\/product_brand?post=1125"},{"taxonomy":"product_cat","embeddable":true,"href":"https:\/\/cheri-heater.com\/vn\/wp-json\/wp\/v2\/product_cat?post=1125"},{"taxonomy":"product_tag","embeddable":true,"href":"https:\/\/cheri-heater.com\/vn\/wp-json\/wp\/v2\/product_tag?post=1125"}],"curies":[{"name":"wp","href":"https:\/\/api.w.org\/{rel}","templated":true}]}}