{"id":1126,"date":"2024-06-05T17:21:32","date_gmt":"2024-06-05T17:21:32","guid":{"rendered":"https:\/\/cheri-heater.com\/vn\/?post_type=product&#038;p=1126"},"modified":"2024-07-28T03:51:18","modified_gmt":"2024-07-28T03:51:18","slug":"flange-tubular-heater","status":"publish","type":"product","link":"https:\/\/cheri-heater.com\/vn\/product\/flange-tubular-heater\/","title":{"rendered":"B\u1ed9 s\u01b0\u1edfi \u1ed1ng m\u1eb7t b\u00edch"},"content":{"rendered":"<table width=\"750\" cellspacing=\"0\" cellpadding=\"0\">\n<tbody>\n<tr valign=\"top\">\n<td bgcolor=\"#f3f4f8\" width=\"226\">\n<p class=\"western\" align=\"left\"><span style=\"font-family: \u9ed1\u4f53;\"><span style=\"font-size: medium;\"><span style=\"color: #333333;\">T\u00ean s\u1ea3n ph\u1ea9m<\/span><\/span><\/span><\/p>\n<\/td>\n<td bgcolor=\"#f7f8fa\" width=\"522\">\n<p class=\"western\" align=\"left\"><span style=\"font-family: \u9ed1\u4f53;\"><span style=\"font-size: medium;\"><span style=\"color: #333333;\">\u1ed0ng gia nhi\u1ec7t m\u1eb7t b\u00edch<\/span><\/span><\/span><\/p>\n<\/td>\n<\/tr>\n<tr valign=\"top\">\n<td bgcolor=\"#f3f4f8\" width=\"226\">\n<p class=\"western\" align=\"left\"><span style=\"font-family: \u9ed1\u4f53;\"><span style=\"font-size: medium;\"><span style=\"color: #333333;\">Dung sai c\u00f4ng su\u1ea5t<\/span><\/span><\/span><\/p>\n<\/td>\n<td bgcolor=\"#ffffff\" width=\"522\">\n<p class=\"western\" align=\"left\"><span style=\"font-family: \u9ed1\u4f53;\"><span style=\"font-size: medium;\"><span style=\"color: #333333;\">+5%, -10%<\/span><\/span><\/span><\/p>\n<\/td>\n<\/tr>\n<tr valign=\"top\">\n<td bgcolor=\"#f3f4f8\" width=\"226\">\n<p class=\"western\" align=\"left\"><span style=\"font-family: \u9ed1\u4f53;\"><span style=\"font-size: medium;\"><span style=\"color: #333333;\">Dung sai \u0111i\u1ec7n tr\u1edf<\/span><\/span><\/span><\/p>\n<\/td>\n<td bgcolor=\"#f7f8fa\" width=\"522\">\n<p class=\"western\" align=\"left\"><span style=\"font-family: \u9ed1\u4f53;\"><span style=\"font-size: medium;\"><span style=\"color: #333333;\">+10%, -5%<\/span><\/span><\/span><\/p>\n<\/td>\n<\/tr>\n<tr valign=\"top\">\n<td bgcolor=\"#f3f4f8\" width=\"226\">\n<p class=\"western\" align=\"left\"><span style=\"font-family: \u9ed1\u4f53;\"><span style=\"font-size: medium;\"><span style=\"color: #333333;\">\u0110i\u1ec7n tr\u1edf c\u00e1ch \u0111i\u1ec7n (l\u1ea1nh)<\/span><\/span><\/span><\/p>\n<\/td>\n<td bgcolor=\"#ffffff\" width=\"522\">\n<p class=\"western\" align=\"left\"><span style=\"color: #333333;\">\u2265 <span style=\"font-family: \u9ed1\u4f53;\"><span style=\"font-size: medium;\">500 M\u03a9<\/span><\/span><\/span><\/p>\n<\/td>\n<\/tr>\n<tr valign=\"top\">\n<td bgcolor=\"#f3f4f8\" width=\"226\">\n<p class=\"western\" align=\"left\"><span style=\"font-family: \u9ed1\u4f53;\"><span style=\"font-size: medium;\"><span style=\"color: #333333;\">D\u00f2ng r\u00f2 t\u1ed1i \u0111a (l\u1ea1nh)<\/span><\/span><\/span><\/p>\n<\/td>\n<td bgcolor=\"#f7f8fa\" width=\"522\">\n<p class=\"western\" align=\"left\"><span style=\"color: #333333;\">\u2264 <span style=\"font-family: \u9ed1\u4f53;\"><span style=\"font-size: medium;\">0.5 mA<\/span><\/span><\/span><\/p>\n<\/td>\n<\/tr>\n<tr valign=\"top\">\n<td bgcolor=\"#f3f4f8\" width=\"226\">\n<p class=\"western\" align=\"left\"><span style=\"font-family: \u9ed1\u4f53;\"><span style=\"font-size: medium;\"><span style=\"color: #333333;\">\u0110\u01b0\u1eddng k\u00ednh \u1ed1ng<\/span><\/span><\/span><\/p>\n<\/td>\n<td bgcolor=\"#ffffff\" width=\"522\">\n<p class=\"western\" align=\"left\"><span style=\"font-family: \u9ed1\u4f53;\"><span style=\"font-size: medium;\"><span style=\"color: #333333;\">\u03a66.5mm-\u03a620mm<\/span><\/span><\/span><\/p>\n<\/td>\n<\/tr>\n<tr valign=\"top\">\n<td bgcolor=\"#f3f4f8\" width=\"226\">\n<p class=\"western\" align=\"left\"><span style=\"font-family: \u9ed1\u4f53;\"><span style=\"font-size: medium;\"><span style=\"color: #333333;\">V\u1eadt li\u1ec7u c\u00e1ch \u0111i\u1ec7n<\/span><\/span><\/span><\/p>\n<\/td>\n<td bgcolor=\"#f7f8fa\" width=\"522\">\n<p class=\"western\" align=\"left\"><span style=\"font-family: \u9ed1\u4f53;\"><span style=\"font-size: medium;\"><span style=\"color: #333333;\">Mgo tinh khi\u1ebft cao<\/span><\/span><\/span><\/p>\n<\/td>\n<\/tr>\n<tr valign=\"top\">\n<td bgcolor=\"#f3f4f8\" width=\"226\">\n<p class=\"western\" align=\"left\"><span style=\"font-family: \u9ed1\u4f53;\"><span style=\"font-size: medium;\"><span style=\"color: #333333;\">Ph\u1ea7n t\u1eed d\u00e2y \u0111i\u1ec7n tr\u1edf<\/span><\/span><\/span><\/p>\n<\/td>\n<td bgcolor=\"#ffffff\" width=\"522\">\n<p class=\"western\" align=\"left\"><span style=\"font-family: \u9ed1\u4f53;\"><span style=\"font-size: medium;\"><span style=\"color: #333333;\">Ni-Cr ho\u1eb7c FeCr<\/span><\/span><\/span><\/p>\n<\/td>\n<\/tr>\n<tr valign=\"top\">\n<td bgcolor=\"#f3f4f8\" width=\"226\">\n<p class=\"western\" align=\"left\"><span style=\"font-family: \u9ed1\u4f53;\"><span style=\"font-size: medium;\"><span style=\"color: #333333;\">T\u00f9y ch\u1ecdn k\u1ebft n\u1ed1i \u0111\u1ea7u d\u1eabn<\/span><\/span><\/span><\/p>\n<\/td>\n<td bgcolor=\"#f7f8fa\" width=\"522\">\n<p class=\"western\" align=\"left\"><span style=\"font-family: \u9ed1\u4f53;\"><span style=\"font-size: medium;\"><span style=\"color: #333333;\">\u0110\u1ea7u n\u1ed1i u\u1ed1n ho\u1eb7c n\u00e9n<\/span><\/span><\/span><\/p>\n<\/td>\n<\/tr>\n<tr valign=\"top\">\n<td bgcolor=\"#f3f4f8\" width=\"226\">\n<p class=\"western\" align=\"left\"><span style=\"font-family: \u9ed1\u4f53;\"><span style=\"font-size: medium;\"><span style=\"color: #333333;\">\u0110i\u1ec7n \u00e1p v\u00e0 c\u00f4ng su\u1ea5t<\/span><\/span><\/span><\/p>\n<\/td>\n<td bgcolor=\"#ffffff\" width=\"522\">\n<p class=\"western\" align=\"left\"><span style=\"font-family: \u9ed1\u4f53;\"><span style=\"font-size: medium;\"><span style=\"color: #333333;\">t\u00f9y ch\u1ec9nh<\/span><\/span><\/span><\/p>\n<\/td>\n<\/tr>\n<tr valign=\"top\">\n<td bgcolor=\"#f3f4f8\" width=\"226\">\n<p class=\"western\" align=\"left\"><span style=\"font-family: \u9ed1\u4f53;\"><span style=\"font-size: medium;\"><span style=\"color: #333333;\">B\u1ea3o h\u00e0nh<\/span><\/span><\/span><\/p>\n<\/td>\n<td bgcolor=\"#f7f8fa\" width=\"522\">\n<p class=\"western\" align=\"left\"><span style=\"font-family: \u9ed1\u4f53;\"><span style=\"font-size: medium;\"><span style=\"color: #333333;\">m\u1ed9t n\u0103m<\/span><\/span><\/span><\/p>\n<\/td>\n<\/tr>\n<tr valign=\"top\">\n<td bgcolor=\"#f3f4f8\" width=\"226\">\n<p class=\"western\" align=\"left\"><span style=\"font-family: \u9ed1\u4f53;\"><span style=\"font-size: medium;\"><span style=\"color: #333333;\">V\u1eadt li\u1ec7u<\/span><\/span><\/span><\/p>\n<\/td>\n<td bgcolor=\"#ffffff\" width=\"522\">\n<p class=\"western\" align=\"left\"><span style=\"font-family: \u9ed1\u4f53;\"><span style=\"font-size: medium;\"><span style=\"color: #333333;\">SUS304, SUS321, SUS316 v\u00e0 t\u00f9y ch\u1ec9nh kh\u00e1c<\/span><\/span><\/span><\/p>\n<\/td>\n<\/tr>\n<tr valign=\"top\">\n<td bgcolor=\"#f3f4f8\" width=\"226\">\n<p class=\"western\" align=\"left\"><span style=\"font-family: \u9ed1\u4f53;\"><span style=\"font-size: medium;\"><span style=\"color: #333333;\">K\u00edch th\u01b0\u1edbc ren<\/span><\/span><\/span><\/p>\n<\/td>\n<td bgcolor=\"#f7f8fa\" width=\"522\">\n<p class=\"western\" align=\"left\"><span style=\"font-family: \u9ed1\u4f53;\"><span style=\"font-size: medium;\"><span style=\"color: #333333;\">1&#8243;, 1.25&#8243;, 1.5&#8243;, 2&#8243;, 2.5&#8243; v\u00e0 t\u00f9y ch\u1ec9nh kh\u00e1c<\/span><\/span><\/span><\/p>\n<\/td>\n<\/tr>\n<tr valign=\"top\">\n<td bgcolor=\"#f3f4f8\" width=\"226\">\n<p class=\"western\" align=\"left\"><span style=\"font-family: \u9ed1\u4f53;\"><span style=\"font-size: medium;\"><span style=\"color: #333333;\">Chi\u1ec1u d\u00e0i \u1ed1ng<\/span><\/span><\/span><\/p>\n<\/td>\n<td bgcolor=\"#ffffff\" width=\"522\">\n<p class=\"western\" align=\"left\"><span style=\"color: #333333;\">\u2265<span style=\"font-family: \u9ed1\u4f53;\"><span style=\"font-size: medium;\">200mm<\/span><\/span><\/span><\/p>\n<\/td>\n<\/tr>\n<tr valign=\"top\">\n<td bgcolor=\"#f3f4f8\" width=\"226\">\n<p class=\"western\" align=\"left\"><span style=\"font-family: \u9ed1\u4f53;\"><span style=\"font-size: medium;\"><span style=\"color: #333333;\">S\u1eed d\u1ee5ng nhi\u1ec7t \u0111\u1ed9 b\u1ec1 m\u1eb7t<\/span><\/span><\/span><\/p>\n<\/td>\n<td bgcolor=\"#f7f8fa\" width=\"522\">\n<p class=\"western\" align=\"left\"><span style=\"font-family: \u9ed1\u4f53;\"><span style=\"font-size: medium;\"><span style=\"color: #333333;\">\u2264850\u2103<\/span><\/span><\/span><\/p>\n<\/td>\n<\/tr>\n<\/tbody>\n<\/table>\n<p class=\"western\" align=\"left\" style=\"margin-top: 0cm; margin-bottom: 0cm; line-height: 150%\"><span style=\"font-family: \u9ed1\u4f53;\"><span style=\"font-size: medium;\"><span style=\"color: #333333;\">C\u00e1c s\u1ea3n ph\u1ea9m \u1ed1ng gia nhi\u1ec7t c\u00f4ng nghi\u1ec7p c\u1ee7a c\u00f4ng ty ch\u00fang t\u00f4i \u0111\u00e3 v\u01b0\u1ee3t qua ch\u1ee9ng nh\u1eadn CE c\u1ee7a EU v\u00e0 xu\u1ea5t kh\u1ea9u sang h\u01a1n 100 qu\u1ed1c gia. S\u1ea3n ph\u1ea9m ch\u1ea5t l\u01b0\u1ee3ng cao v\u00e0 d\u1ecbch v\u1ee5 ch\u1ea5t l\u01b0\u1ee3ng cao \u0111\u00e3 \u0111\u01b0\u1ee3c kh\u00e1ch h\u00e0ng to\u00e0n c\u1ea7u c\u00f4ng nh\u1eadn. M\u1ee5c ti\u00eau c\u1ee7a ch\u00fang t\u00f4i l\u00e0 ti\u1ebfp t\u1ee5c cung c\u1ea5p s\u1ea3n ph\u1ea9m tuy\u1ec7t v\u1eddi cho t\u1ea5t c\u1ea3 kh\u00e1ch h\u00e0ng.<\/span><\/span><\/span><\/p>\n<p class=\"western\" align=\"left\" style=\"margin-top: 0cm; margin-bottom: 0cm; line-height: 150%\"><span style=\"font-family: \u9ed1\u4f53;\"><span style=\"font-size: medium;\"><span style=\"color: #333333;\">Ch\u00fang t\u00f4i c\u0169ng cung c\u1ea5p d\u1ecbch v\u1ee5 t\u00f9y ch\u1ec9nh \u1ed1ng gia nhi\u1ec7t m\u1eb7t b\u00edch theo y\u00eau c\u1ea7u c\u1ee7a kh\u00e1ch h\u00e0ng. Ch\u00e0o m\u1eebng b\u1ea1n li\u00ean h\u1ec7 v\u1edbi ch\u00fang t\u00f4i \u0111\u1ec3 bi\u1ebft th\u00eam th\u00f4ng tin v\u00e0 y\u00eau c\u1ea7u b\u00e1o gi\u00e1.<\/span><\/span><\/span><\/p>\n","protected":false},"excerpt":{"rendered":"<p>C\u00e1c b\u1ed9 ph\u1eadn l\u00e0m n\u00f3ng b\u1eb1ng \u1ed1ng \u0111\u01b0\u1ee3c s\u1eed d\u1ee5ng cho h\u1ea7u h\u1ebft c\u00e1c lo\u1ea1i thi\u1ebft b\u1ecb s\u01b0\u1edfi \u1ea5m. Ch\u00fang d\u1ec5 d\u00e0ng u\u1ed1n cong v\u00e0 c\u00f3 t\u00ednh \u1ed5n \u0111\u1ecbnh c\u01a1 h\u1ecdc cao nh\u1ea5t c\u00f9ng v\u1edbi c\u00e1c \u0111\u1eb7c t\u00ednh \u0111i\u1ec7n t\u1ed1t nh\u1ea5t c\u00f9ng l\u00fac.<\/p>\n","protected":false},"featured_media":1147,"template":"","meta":[],"product_brand":[],"product_cat":[28],"product_tag":[],"class_list":{"0":"post-1126","1":"product","2":"type-product","3":"status-publish","4":"has-post-thumbnail","6":"product_cat-tubular-heater","8":"first","9":"instock","10":"shipping-taxable","11":"product-type-simple"},"yoast_head":"<!-- This site is optimized with the Yoast SEO plugin v27.3 - https:\/\/yoast.com\/product\/yoast-seo-wordpress\/ -->\n<title>B\u1ed9 s\u01b0\u1edfi \u1ed1ng m\u1eb7t b\u00edch h\u00e0ng \u0111\u1ea7u | Gi\u1ea3i ph\u00e1p s\u01b0\u1edfi c\u00f4ng nghi\u1ec7p \u0111\u00e1ng tin c\u1eady<\/title>\n<meta name=\"description\" content=\"B\u1ed9 s\u01b0\u1edfi \u1ed1ng m\u1eb7t b\u00edch t\u1ed1t nh\u1ea5t cho s\u01b0\u1edfi c\u00f4ng nghi\u1ec7p \u0111\u00e1ng tin c\u1eady v\u00e0 hi\u1ec7u qu\u1ea3. B\u1ed9 s\u01b0\u1edfi ch\u1ea5t l\u01b0\u1ee3ng cao c\u1ee7a ch\u00fang t\u00f4i cung c\u1ea5p hi\u1ec7u su\u1ea5t v\u00e0 \u0111\u1ed9 b\u1ec1n v\u01b0\u1ee3t tr\u1ed9i cho nhi\u1ec1u \u1ee9ng d\u1ee5ng kh\u00e1c nhau. Nh\u1eadn h\u01b0\u1edbng d\u1eabn chuy\u00ean nghi\u1ec7p v\u00e0 d\u1ecbch v\u1ee5 kh\u00e1ch h\u00e0ng xu\u1ea5t s\u1eafc \u0111\u1ec3 t\u00ecm ra gi\u1ea3i ph\u00e1p s\u01b0\u1edfi \u1ea5m ho\u00e0n h\u1ea3o. Kh\u00e1m ph\u00e1 b\u1ed9 s\u01b0u t\u1eadp c\u1ee7a ch\u00fang t\u00f4i ngay h\u00f4m nay!\" \/>\n<meta name=\"robots\" content=\"index, follow, max-snippet:-1, max-image-preview:large, max-video-preview:-1\" \/>\n<link rel=\"canonical\" href=\"https:\/\/cheri-heater.com\/vn\/product\/flange-tubular-heater\/\" \/>\n<meta property=\"og:locale\" content=\"en_US\" \/>\n<meta property=\"og:type\" content=\"article\" \/>\n<meta property=\"og:title\" content=\"B\u1ed9 s\u01b0\u1edfi \u1ed1ng m\u1eb7t b\u00edch h\u00e0ng \u0111\u1ea7u | Gi\u1ea3i ph\u00e1p s\u01b0\u1edfi c\u00f4ng nghi\u1ec7p \u0111\u00e1ng tin c\u1eady\" \/>\n<meta property=\"og:description\" content=\"B\u1ed9 s\u01b0\u1edfi \u1ed1ng m\u1eb7t b\u00edch t\u1ed1t nh\u1ea5t cho s\u01b0\u1edfi c\u00f4ng nghi\u1ec7p \u0111\u00e1ng tin c\u1eady v\u00e0 hi\u1ec7u qu\u1ea3. B\u1ed9 s\u01b0\u1edfi ch\u1ea5t l\u01b0\u1ee3ng cao c\u1ee7a ch\u00fang t\u00f4i cung c\u1ea5p hi\u1ec7u su\u1ea5t v\u00e0 \u0111\u1ed9 b\u1ec1n v\u01b0\u1ee3t tr\u1ed9i cho nhi\u1ec1u \u1ee9ng d\u1ee5ng kh\u00e1c nhau. Nh\u1eadn h\u01b0\u1edbng d\u1eabn chuy\u00ean nghi\u1ec7p v\u00e0 d\u1ecbch v\u1ee5 kh\u00e1ch h\u00e0ng xu\u1ea5t s\u1eafc \u0111\u1ec3 t\u00ecm ra gi\u1ea3i ph\u00e1p s\u01b0\u1edfi \u1ea5m ho\u00e0n h\u1ea3o. Kh\u00e1m ph\u00e1 b\u1ed9 s\u01b0u t\u1eadp c\u1ee7a ch\u00fang t\u00f4i ngay h\u00f4m nay!\" \/>\n<meta property=\"og:url\" content=\"https:\/\/cheri-heater.com\/vn\/product\/flange-tubular-heater\/\" \/>\n<meta property=\"og:site_name\" content=\"Cheri Heater Technology Co.,Ltd.\" \/>\n<meta property=\"article:modified_time\" content=\"2024-07-28T03:51:18+00:00\" \/>\n<meta property=\"og:image\" content=\"http:\/\/cheri-heater.com\/vn\/wp-content\/uploads\/2024\/06\/front-1-1.jpg\" \/>\n\t<meta property=\"og:image:width\" content=\"760\" \/>\n\t<meta property=\"og:image:height\" content=\"760\" \/>\n\t<meta property=\"og:image:type\" content=\"image\/jpeg\" \/>\n<meta name=\"twitter:card\" content=\"summary_large_image\" \/>\n<meta name=\"twitter:label1\" content=\"Est. reading time\" \/>\n\t<meta name=\"twitter:data1\" content=\"2 minutes\" \/>\n<!-- \/ Yoast SEO plugin. -->","yoast_head_json":{"title":"B\u1ed9 s\u01b0\u1edfi \u1ed1ng m\u1eb7t b\u00edch h\u00e0ng \u0111\u1ea7u | Gi\u1ea3i ph\u00e1p s\u01b0\u1edfi c\u00f4ng nghi\u1ec7p \u0111\u00e1ng tin c\u1eady","description":"B\u1ed9 s\u01b0\u1edfi \u1ed1ng m\u1eb7t b\u00edch t\u1ed1t nh\u1ea5t cho s\u01b0\u1edfi c\u00f4ng nghi\u1ec7p \u0111\u00e1ng tin c\u1eady v\u00e0 hi\u1ec7u qu\u1ea3. B\u1ed9 s\u01b0\u1edfi ch\u1ea5t l\u01b0\u1ee3ng cao c\u1ee7a ch\u00fang t\u00f4i cung c\u1ea5p hi\u1ec7u su\u1ea5t v\u00e0 \u0111\u1ed9 b\u1ec1n v\u01b0\u1ee3t tr\u1ed9i cho nhi\u1ec1u \u1ee9ng d\u1ee5ng kh\u00e1c nhau. Nh\u1eadn h\u01b0\u1edbng d\u1eabn chuy\u00ean nghi\u1ec7p v\u00e0 d\u1ecbch v\u1ee5 kh\u00e1ch h\u00e0ng xu\u1ea5t s\u1eafc \u0111\u1ec3 t\u00ecm ra gi\u1ea3i ph\u00e1p s\u01b0\u1edfi \u1ea5m ho\u00e0n h\u1ea3o. Kh\u00e1m ph\u00e1 b\u1ed9 s\u01b0u t\u1eadp c\u1ee7a ch\u00fang t\u00f4i ngay h\u00f4m nay!","robots":{"index":"index","follow":"follow","max-snippet":"max-snippet:-1","max-image-preview":"max-image-preview:large","max-video-preview":"max-video-preview:-1"},"canonical":"https:\/\/cheri-heater.com\/vn\/product\/flange-tubular-heater\/","og_locale":"en_US","og_type":"article","og_title":"B\u1ed9 s\u01b0\u1edfi \u1ed1ng m\u1eb7t b\u00edch h\u00e0ng \u0111\u1ea7u | Gi\u1ea3i ph\u00e1p s\u01b0\u1edfi c\u00f4ng nghi\u1ec7p \u0111\u00e1ng tin c\u1eady","og_description":"B\u1ed9 s\u01b0\u1edfi \u1ed1ng m\u1eb7t b\u00edch t\u1ed1t nh\u1ea5t cho s\u01b0\u1edfi c\u00f4ng nghi\u1ec7p \u0111\u00e1ng tin c\u1eady v\u00e0 hi\u1ec7u qu\u1ea3. B\u1ed9 s\u01b0\u1edfi ch\u1ea5t l\u01b0\u1ee3ng cao c\u1ee7a ch\u00fang t\u00f4i cung c\u1ea5p hi\u1ec7u su\u1ea5t v\u00e0 \u0111\u1ed9 b\u1ec1n v\u01b0\u1ee3t tr\u1ed9i cho nhi\u1ec1u \u1ee9ng d\u1ee5ng kh\u00e1c nhau. Nh\u1eadn h\u01b0\u1edbng d\u1eabn chuy\u00ean nghi\u1ec7p v\u00e0 d\u1ecbch v\u1ee5 kh\u00e1ch h\u00e0ng xu\u1ea5t s\u1eafc \u0111\u1ec3 t\u00ecm ra gi\u1ea3i ph\u00e1p s\u01b0\u1edfi \u1ea5m ho\u00e0n h\u1ea3o. Kh\u00e1m ph\u00e1 b\u1ed9 s\u01b0u t\u1eadp c\u1ee7a ch\u00fang t\u00f4i ngay h\u00f4m nay!","og_url":"https:\/\/cheri-heater.com\/vn\/product\/flange-tubular-heater\/","og_site_name":"Cheri Heater Technology Co.,Ltd.","article_modified_time":"2024-07-28T03:51:18+00:00","og_image":[{"width":760,"height":760,"url":"http:\/\/cheri-heater.com\/vn\/wp-content\/uploads\/2024\/06\/front-1-1.jpg","type":"image\/jpeg"}],"twitter_card":"summary_large_image","twitter_misc":{"Est. reading time":"2 minutes"},"schema":{"@context":"https:\/\/schema.org","@graph":[{"@type":"WebPage","@id":"https:\/\/cheri-heater.com\/vn\/product\/flange-tubular-heater\/","url":"https:\/\/cheri-heater.com\/vn\/product\/flange-tubular-heater\/","name":"B\u1ed9 s\u01b0\u1edfi \u1ed1ng m\u1eb7t b\u00edch h\u00e0ng \u0111\u1ea7u | Gi\u1ea3i ph\u00e1p s\u01b0\u1edfi c\u00f4ng nghi\u1ec7p \u0111\u00e1ng tin c\u1eady","isPartOf":{"@id":"https:\/\/cheri-heater.com\/vn\/#website"},"primaryImageOfPage":{"@id":"https:\/\/cheri-heater.com\/vn\/product\/flange-tubular-heater\/#primaryimage"},"image":{"@id":"https:\/\/cheri-heater.com\/vn\/product\/flange-tubular-heater\/#primaryimage"},"thumbnailUrl":"https:\/\/cheri-heater.com\/vn\/wp-content\/uploads\/2024\/06\/front-1-1.jpg","datePublished":"2024-06-05T17:21:32+00:00","dateModified":"2024-07-28T03:51:18+00:00","description":"B\u1ed9 s\u01b0\u1edfi \u1ed1ng m\u1eb7t b\u00edch t\u1ed1t nh\u1ea5t cho s\u01b0\u1edfi c\u00f4ng nghi\u1ec7p \u0111\u00e1ng tin c\u1eady v\u00e0 hi\u1ec7u qu\u1ea3. B\u1ed9 s\u01b0\u1edfi ch\u1ea5t l\u01b0\u1ee3ng cao c\u1ee7a ch\u00fang t\u00f4i cung c\u1ea5p hi\u1ec7u su\u1ea5t v\u00e0 \u0111\u1ed9 b\u1ec1n v\u01b0\u1ee3t tr\u1ed9i cho nhi\u1ec1u \u1ee9ng d\u1ee5ng kh\u00e1c nhau. Nh\u1eadn h\u01b0\u1edbng d\u1eabn chuy\u00ean nghi\u1ec7p v\u00e0 d\u1ecbch v\u1ee5 kh\u00e1ch h\u00e0ng xu\u1ea5t s\u1eafc \u0111\u1ec3 t\u00ecm ra gi\u1ea3i ph\u00e1p s\u01b0\u1edfi \u1ea5m ho\u00e0n h\u1ea3o. Kh\u00e1m ph\u00e1 b\u1ed9 s\u01b0u t\u1eadp c\u1ee7a ch\u00fang t\u00f4i ngay h\u00f4m nay!","breadcrumb":{"@id":"https:\/\/cheri-heater.com\/vn\/product\/flange-tubular-heater\/#breadcrumb"},"inLanguage":"en-US","potentialAction":[{"@type":"ReadAction","target":["https:\/\/cheri-heater.com\/vn\/product\/flange-tubular-heater\/"]}]},{"@type":"ImageObject","inLanguage":"en-US","@id":"https:\/\/cheri-heater.com\/vn\/product\/flange-tubular-heater\/#primaryimage","url":"https:\/\/cheri-heater.com\/vn\/wp-content\/uploads\/2024\/06\/front-1-1.jpg","contentUrl":"https:\/\/cheri-heater.com\/vn\/wp-content\/uploads\/2024\/06\/front-1-1.jpg","width":760,"height":760},{"@type":"BreadcrumbList","@id":"https:\/\/cheri-heater.com\/vn\/product\/flange-tubular-heater\/#breadcrumb","itemListElement":[{"@type":"ListItem","position":1,"name":"Home","item":"https:\/\/cheri-heater.com\/vn\/"},{"@type":"ListItem","position":2,"name":"Products","item":"https:\/\/cheri-heater.com\/vn\/products\/"},{"@type":"ListItem","position":3,"name":"B\u1ed9 s\u01b0\u1edfi \u1ed1ng m\u1eb7t b\u00edch"}]},{"@type":"WebSite","@id":"https:\/\/cheri-heater.com\/vn\/#website","url":"https:\/\/cheri-heater.com\/vn\/","name":"Cheri Heater Technology Co.,Ltd.","description":"","publisher":{"@id":"https:\/\/cheri-heater.com\/vn\/#organization"},"potentialAction":[{"@type":"SearchAction","target":{"@type":"EntryPoint","urlTemplate":"https:\/\/cheri-heater.com\/vn\/?s={search_term_string}"},"query-input":{"@type":"PropertyValueSpecification","valueRequired":true,"valueName":"search_term_string"}}],"inLanguage":"en-US"},{"@type":"Organization","@id":"https:\/\/cheri-heater.com\/vn\/#organization","name":"Cheri Heater Technology Co.,Ltd.","url":"https:\/\/cheri-heater.com\/vn\/","logo":{"@type":"ImageObject","inLanguage":"en-US","@id":"https:\/\/cheri-heater.com\/vn\/#\/schema\/logo\/image\/","url":"https:\/\/cheri-heater.com\/vn\/wp-content\/uploads\/2024\/06\/cropped-logo-resize.png","contentUrl":"https:\/\/cheri-heater.com\/vn\/wp-content\/uploads\/2024\/06\/cropped-logo-resize.png","width":346,"height":99,"caption":"Cheri Heater Technology Co.,Ltd."},"image":{"@id":"https:\/\/cheri-heater.com\/vn\/#\/schema\/logo\/image\/"}}]}},"_links":{"self":[{"href":"https:\/\/cheri-heater.com\/vn\/wp-json\/wp\/v2\/product\/1126","targetHints":{"allow":["GET"]}}],"collection":[{"href":"https:\/\/cheri-heater.com\/vn\/wp-json\/wp\/v2\/product"}],"about":[{"href":"https:\/\/cheri-heater.com\/vn\/wp-json\/wp\/v2\/types\/product"}],"wp:featuredmedia":[{"embeddable":true,"href":"https:\/\/cheri-heater.com\/vn\/wp-json\/wp\/v2\/media\/1147"}],"wp:attachment":[{"href":"https:\/\/cheri-heater.com\/vn\/wp-json\/wp\/v2\/media?parent=1126"}],"wp:term":[{"taxonomy":"product_brand","embeddable":true,"href":"https:\/\/cheri-heater.com\/vn\/wp-json\/wp\/v2\/product_brand?post=1126"},{"taxonomy":"product_cat","embeddable":true,"href":"https:\/\/cheri-heater.com\/vn\/wp-json\/wp\/v2\/product_cat?post=1126"},{"taxonomy":"product_tag","embeddable":true,"href":"https:\/\/cheri-heater.com\/vn\/wp-json\/wp\/v2\/product_tag?post=1126"}],"curies":[{"name":"wp","href":"https:\/\/api.w.org\/{rel}","templated":true}]}}