{"id":1128,"date":"2024-06-05T17:25:30","date_gmt":"2024-06-05T17:25:30","guid":{"rendered":"https:\/\/cheri-heater.com\/vn\/?post_type=product&#038;p=1128"},"modified":"2024-07-28T03:55:52","modified_gmt":"2024-07-28T03:55:52","slug":"quatz-infrared-tube-heater","status":"publish","type":"product","link":"https:\/\/cheri-heater.com\/vn\/product\/quatz-infrared-tube-heater\/","title":{"rendered":"M\u00e1y s\u01b0\u1edfi \u1ed1ng h\u1ed3ng ngo\u1ea1i th\u1ea1ch anh"},"content":{"rendered":"<p class=\"western\" align=\"left\"><span style=\"font-family: Helvetica, Arial, sans-serif;\"><span style=\"font-size: medium;\"><span style=\"color: #222222;\">N\u01a1i s\u1ea3n xu\u1ea5t<\/span><\/span><\/span><\/p>\n<p class=\"western\" align=\"left\"><span style=\"font-family: Helvetica, Arial, sans-serif;\"><span style=\"font-size: medium;\"><span style=\"color: #222222;\">Jiangsu, Trung Qu\u1ed1c<\/span><\/span><\/span><\/p>\n<p class=\"western\" align=\"left\"><span style=\"font-family: Helvetica, Arial, sans-serif;\"><span style=\"font-size: medium;\"><span style=\"color: #222222;\">Lo\u1ea1i<\/span><\/span><\/span><\/p>\n<p class=\"western\" align=\"left\"><span style=\"font-family: Helvetica, Arial, sans-serif;\"><span style=\"font-size: medium;\"><span style=\"color: #222222;\">B\u1ed9 ph\u1eadn m\u00e1y s\u01b0\u1edfi \u0111i\u1ec7n<\/span><\/span><\/span><\/p>\n<p class=\"western\" align=\"left\"><span style=\"font-family: Helvetica, Arial, sans-serif;\"><span style=\"font-size: medium;\"><span style=\"color: #222222;\">Th\u01b0\u01a1ng hi\u1ec7u<\/span><\/span><\/span><\/p>\n<p class=\"western\" align=\"left\"><span style=\"font-family: Helvetica, Arial, sans-serif;\"><span style=\"font-size: medium;\"><span style=\"color: #222222;\">Cheri<\/span><\/span><\/span><\/p>\n<p class=\"western\" align=\"left\"><span style=\"font-family: Helvetica, Arial, sans-serif;\"><span style=\"font-size: medium;\"><span style=\"color: #222222;\">S\u1ed1 m\u00f4 h\u00ecnh<\/span><\/span><\/span><\/p>\n<p class=\"western\" align=\"left\"><span style=\"font-family: Helvetica, Arial, sans-serif;\"><span style=\"font-size: medium;\"><span style=\"color: #222222;\">ph\u1ea7n t\u1eed gia nhi\u1ec7t th\u1ea1ch anh<\/span><\/span><\/span><\/p>\n<p class=\"western\" align=\"left\"><span style=\"font-family: Helvetica, Arial, sans-serif;\"><span style=\"font-size: medium;\"><span style=\"color: #222222;\">T\u00ean s\u1ea3n ph\u1ea9m<\/span><\/span><\/span><\/p>\n<p class=\"western\" align=\"left\"><span style=\"font-family: Helvetica, Arial, sans-serif;\"><span style=\"font-size: medium;\"><span style=\"color: #222222;\">Ph\u1ea7n t\u1eed gia nhi\u1ec7t th\u1ea1ch anh h\u1ed3ng ngo\u1ea1i xa<\/span><\/span><\/span><\/p>\n<p class=\"western\" align=\"left\"><span style=\"font-family: Helvetica, Arial, sans-serif;\"><span style=\"font-size: medium;\"><span style=\"color: #222222;\">\u1ee8ng d\u1ee5ng<\/span><\/span><\/span><\/p>\n<p class=\"western\" align=\"left\"><span style=\"font-family: Helvetica, Arial, sans-serif;\"><span style=\"font-size: medium;\"><span style=\"color: #222222;\">Nh\u1ef1a, Da, In \u1ea5n, C\u00f4ng nghi\u1ec7p<\/span><\/span><\/span><\/p>\n<p class=\"western\" align=\"left\"><span style=\"font-family: Helvetica, Arial, sans-serif;\"><span style=\"font-size: medium;\"><span style=\"color: #222222;\">Th\u1eddi gian l\u00e0m vi\u1ec7c<\/span><\/span><\/span><\/p>\n<p class=\"western\" align=\"left\"><span style=\"font-family: Helvetica, Arial, sans-serif;\"><span style=\"font-size: medium;\"><span style=\"color: #222222;\">H\u01a1n 5000 gi\u1edd<\/span><\/span><\/span><\/p>\n<p class=\"western\" align=\"left\"><span style=\"font-family: Helvetica, Arial, sans-serif;\"><span style=\"font-size: medium;\"><span style=\"color: #222222;\">M\u00e0u s\u1eafc<\/span><\/span><\/span><\/p>\n<p class=\"western\" align=\"left\"><span style=\"font-family: Helvetica, Arial, sans-serif;\"><span style=\"font-size: medium;\"><span style=\"color: #222222;\">Tr\u1eafng, V\u00e0ng, \u0110\u1ecf<\/span><\/span><\/span><\/p>\n<p class=\"western\" align=\"left\"><span style=\"font-family: Helvetica, Arial, sans-serif;\"><span style=\"font-size: medium;\"><span style=\"color: #222222;\">D\u00e2y gia nhi\u1ec7t<\/span><\/span><\/span><\/p>\n<p class=\"western\" align=\"left\"><span style=\"font-family: Helvetica, Arial, sans-serif;\"><span style=\"font-size: medium;\"><span style=\"color: #222222;\">Alchrome<\/span><\/span><\/span><\/p>\n<p class=\"western\" align=\"left\"><span style=\"font-family: Helvetica, Arial, sans-serif;\"><span style=\"font-size: medium;\"><span style=\"color: #222222;\">Nhi\u1ec7t \u0111\u1ed9 m\u00e0u<\/span><\/span><\/span><\/p>\n<p class=\"western\" align=\"left\"><span style=\"font-family: Helvetica, Arial, sans-serif;\"><span style=\"font-size: medium;\"><span style=\"color: #222222;\">1800K<\/span><\/span><\/span><\/p>\n<p class=\"western\" align=\"left\"><span style=\"font-family: Helvetica, Arial, sans-serif;\"><span style=\"font-size: medium;\"><span style=\"color: #222222;\">\u0110\u01b0\u1eddng k\u00ednh<\/span><\/span><\/span><\/p>\n<p class=\"western\" align=\"left\"><span style=\"font-family: Helvetica, Arial, sans-serif;\"><span style=\"font-size: medium;\"><span style=\"color: #222222;\">8-20mm<\/span><\/span><\/span><\/p>\n<p class=\"western\" align=\"left\"><span style=\"font-family: Helvetica, Arial, sans-serif;\"><span style=\"font-size: medium;\"><span style=\"color: #222222;\">C\u00f4ng su\u1ea5t<\/span><\/span><\/span><\/p>\n<p class=\"western\" align=\"left\"><span style=\"font-family: Helvetica, Arial, sans-serif;\"><span style=\"font-size: medium;\"><span style=\"color: #222222;\">100-3000w<\/span><\/span><\/span><\/p>\n<p class=\"western\" align=\"left\"><span style=\"font-family: Helvetica, Arial, sans-serif;\"><span style=\"font-size: medium;\"><span style=\"color: #222222;\">Chi\u1ec1u d\u00e0i<\/span><\/span><\/span><\/p>\n<p class=\"western\" align=\"left\"><span style=\"font-family: Helvetica, Arial, sans-serif;\"><span style=\"font-size: medium;\"><span style=\"color: #222222;\">100-3000mm<\/span><\/span><\/span><\/p>\n<p align=\"left\"><img fetchpriority=\"high\" decoding=\"async\" class=\"aligncenter size-full wp-image-1160\" src=\"http:\/\/cheri-heater.com\/vn\/wp-content\/uploads\/2024\/06\/description-6-scaled.jpg\" alt=\"\" width=\"454\" height=\"2560\" srcset=\"https:\/\/cheri-heater.com\/vn\/wp-content\/uploads\/2024\/06\/description-6-scaled.jpg 454w, https:\/\/cheri-heater.com\/vn\/wp-content\/uploads\/2024\/06\/description-6-53x300.jpg 53w\" sizes=\"(max-width: 454px) 100vw, 454px\" \/><\/p>\n","protected":false},"excerpt":{"rendered":"<p>N\u01a1i s\u1ea3n xu\u1ea5t Jiangsu, Trung Qu\u1ed1c Lo\u1ea1i B\u1ed9 ph\u1eadn m\u00e1y s\u01b0\u1edfi \u0111i\u1ec7n Th\u01b0\u01a1ng hi\u1ec7u Cheri S\u1ed1 m\u00f4 h\u00ecnh ph\u1ea7n t\u1eed gia nhi\u1ec7t th\u1ea1ch anh T\u00ean s\u1ea3n ph\u1ea9m Ph\u1ea7n t\u1eed gia nhi\u1ec7t th\u1ea1ch anh h\u1ed3ng ngo\u1ea1i xa \u1ee8ng d\u1ee5ng Nh\u1ef1a, Da, In \u1ea5n, C\u00f4ng nghi\u1ec7p Th\u1eddi gian l\u00e0m vi\u1ec7c H\u01a1n 5000 gi\u1edd M\u00e0u s\u1eafc Tr\u1eafng, V\u00e0ng, [&hellip;]<\/p>\n","protected":false},"featured_media":1158,"template":"","meta":[],"product_brand":[],"product_cat":[28],"product_tag":[],"class_list":{"0":"post-1128","1":"product","2":"type-product","3":"status-publish","4":"has-post-thumbnail","6":"product_cat-tubular-heater","8":"first","9":"instock","10":"shipping-taxable","11":"product-type-simple"},"yoast_head":"<!-- This site is optimized with the Yoast SEO plugin v27.3 - https:\/\/yoast.com\/product\/yoast-seo-wordpress\/ -->\n<title>M\u00e1y s\u01b0\u1edfi \u1ed1ng h\u1ed3ng ngo\u1ea1i th\u1ea1ch anh h\u00e0ng \u0111\u1ea7u | Gi\u1ea3i ph\u00e1p s\u01b0\u1edfi \u1ea5m hi\u1ec7u qu\u1ea3<\/title>\n<meta name=\"description\" content=\"M\u00e1y s\u01b0\u1edfi \u1ed1ng h\u1ed3ng ngo\u1ea1i th\u1ea1ch anh t\u1ed1t nh\u1ea5t cho c\u00e1c gi\u1ea3i ph\u00e1p s\u01b0\u1edfi \u1ea5m hi\u1ec7u qu\u1ea3 v\u00e0 hi\u1ec7u su\u1ea5t cao. M\u00e1y s\u01b0\u1edfi ch\u1ea5t l\u01b0\u1ee3ng cao c\u1ee7a ch\u00fang t\u00f4i cung c\u1ea5p hi\u1ec7u su\u1ea5t nhanh ch\u00f3ng, ti\u1ebft ki\u1ec7m n\u0103ng l\u01b0\u1ee3ng cho nhi\u1ec1u \u1ee9ng d\u1ee5ng kh\u00e1c nhau. Nh\u1eadn l\u1eddi khuy\u00ean c\u1ee7a chuy\u00ean gia v\u00e0 d\u1ecbch v\u1ee5 kh\u00e1ch h\u00e0ng \u0111\u1eb7c bi\u1ec7t \u0111\u1ec3 t\u00ecm s\u1ea3n ph\u1ea9m ho\u00e0n h\u1ea3o cho nhu c\u1ea7u c\u1ee7a b\u1ea1n. Kh\u00e1m ph\u00e1 l\u1ef1a ch\u1ecdn c\u1ee7a ch\u00fang t\u00f4i ngay h\u00f4m nay!\" \/>\n<meta name=\"robots\" content=\"index, follow, max-snippet:-1, max-image-preview:large, max-video-preview:-1\" \/>\n<link rel=\"canonical\" href=\"https:\/\/cheri-heater.com\/vn\/product\/quatz-infrared-tube-heater\/\" \/>\n<meta property=\"og:locale\" content=\"en_US\" \/>\n<meta property=\"og:type\" content=\"article\" \/>\n<meta property=\"og:title\" content=\"M\u00e1y s\u01b0\u1edfi \u1ed1ng h\u1ed3ng ngo\u1ea1i th\u1ea1ch anh h\u00e0ng \u0111\u1ea7u | Gi\u1ea3i ph\u00e1p s\u01b0\u1edfi \u1ea5m hi\u1ec7u qu\u1ea3\" \/>\n<meta property=\"og:description\" content=\"M\u00e1y s\u01b0\u1edfi \u1ed1ng h\u1ed3ng ngo\u1ea1i th\u1ea1ch anh t\u1ed1t nh\u1ea5t cho c\u00e1c gi\u1ea3i ph\u00e1p s\u01b0\u1edfi \u1ea5m hi\u1ec7u qu\u1ea3 v\u00e0 hi\u1ec7u su\u1ea5t cao. M\u00e1y s\u01b0\u1edfi ch\u1ea5t l\u01b0\u1ee3ng cao c\u1ee7a ch\u00fang t\u00f4i cung c\u1ea5p hi\u1ec7u su\u1ea5t nhanh ch\u00f3ng, ti\u1ebft ki\u1ec7m n\u0103ng l\u01b0\u1ee3ng cho nhi\u1ec1u \u1ee9ng d\u1ee5ng kh\u00e1c nhau. Nh\u1eadn l\u1eddi khuy\u00ean c\u1ee7a chuy\u00ean gia v\u00e0 d\u1ecbch v\u1ee5 kh\u00e1ch h\u00e0ng \u0111\u1eb7c bi\u1ec7t \u0111\u1ec3 t\u00ecm s\u1ea3n ph\u1ea9m ho\u00e0n h\u1ea3o cho nhu c\u1ea7u c\u1ee7a b\u1ea1n. Kh\u00e1m ph\u00e1 l\u1ef1a ch\u1ecdn c\u1ee7a ch\u00fang t\u00f4i ngay h\u00f4m nay!\" \/>\n<meta property=\"og:url\" content=\"https:\/\/cheri-heater.com\/vn\/product\/quatz-infrared-tube-heater\/\" \/>\n<meta property=\"og:site_name\" content=\"Cheri Heater Technology Co.,Ltd.\" \/>\n<meta property=\"article:modified_time\" content=\"2024-07-28T03:55:52+00:00\" \/>\n<meta property=\"og:image\" content=\"http:\/\/cheri-heater.com\/vn\/wp-content\/uploads\/2024\/06\/H0437ce83668549aabe81d9e1366bafc9u.jpg_720x720q50.jpg\" \/>\n\t<meta property=\"og:image:width\" content=\"720\" \/>\n\t<meta property=\"og:image:height\" content=\"720\" \/>\n\t<meta property=\"og:image:type\" content=\"image\/jpeg\" \/>\n<meta name=\"twitter:card\" content=\"summary_large_image\" \/>\n<meta name=\"twitter:label1\" content=\"Est. reading time\" \/>\n\t<meta name=\"twitter:data1\" content=\"1 minute\" \/>\n<!-- \/ Yoast SEO plugin. -->","yoast_head_json":{"title":"M\u00e1y s\u01b0\u1edfi \u1ed1ng h\u1ed3ng ngo\u1ea1i th\u1ea1ch anh h\u00e0ng \u0111\u1ea7u | Gi\u1ea3i ph\u00e1p s\u01b0\u1edfi \u1ea5m hi\u1ec7u qu\u1ea3","description":"M\u00e1y s\u01b0\u1edfi \u1ed1ng h\u1ed3ng ngo\u1ea1i th\u1ea1ch anh t\u1ed1t nh\u1ea5t cho c\u00e1c gi\u1ea3i ph\u00e1p s\u01b0\u1edfi \u1ea5m hi\u1ec7u qu\u1ea3 v\u00e0 hi\u1ec7u su\u1ea5t cao. M\u00e1y s\u01b0\u1edfi ch\u1ea5t l\u01b0\u1ee3ng cao c\u1ee7a ch\u00fang t\u00f4i cung c\u1ea5p hi\u1ec7u su\u1ea5t nhanh ch\u00f3ng, ti\u1ebft ki\u1ec7m n\u0103ng l\u01b0\u1ee3ng cho nhi\u1ec1u \u1ee9ng d\u1ee5ng kh\u00e1c nhau. Nh\u1eadn l\u1eddi khuy\u00ean c\u1ee7a chuy\u00ean gia v\u00e0 d\u1ecbch v\u1ee5 kh\u00e1ch h\u00e0ng \u0111\u1eb7c bi\u1ec7t \u0111\u1ec3 t\u00ecm s\u1ea3n ph\u1ea9m ho\u00e0n h\u1ea3o cho nhu c\u1ea7u c\u1ee7a b\u1ea1n. Kh\u00e1m ph\u00e1 l\u1ef1a ch\u1ecdn c\u1ee7a ch\u00fang t\u00f4i ngay h\u00f4m nay!","robots":{"index":"index","follow":"follow","max-snippet":"max-snippet:-1","max-image-preview":"max-image-preview:large","max-video-preview":"max-video-preview:-1"},"canonical":"https:\/\/cheri-heater.com\/vn\/product\/quatz-infrared-tube-heater\/","og_locale":"en_US","og_type":"article","og_title":"M\u00e1y s\u01b0\u1edfi \u1ed1ng h\u1ed3ng ngo\u1ea1i th\u1ea1ch anh h\u00e0ng \u0111\u1ea7u | Gi\u1ea3i ph\u00e1p s\u01b0\u1edfi \u1ea5m hi\u1ec7u qu\u1ea3","og_description":"M\u00e1y s\u01b0\u1edfi \u1ed1ng h\u1ed3ng ngo\u1ea1i th\u1ea1ch anh t\u1ed1t nh\u1ea5t cho c\u00e1c gi\u1ea3i ph\u00e1p s\u01b0\u1edfi \u1ea5m hi\u1ec7u qu\u1ea3 v\u00e0 hi\u1ec7u su\u1ea5t cao. M\u00e1y s\u01b0\u1edfi ch\u1ea5t l\u01b0\u1ee3ng cao c\u1ee7a ch\u00fang t\u00f4i cung c\u1ea5p hi\u1ec7u su\u1ea5t nhanh ch\u00f3ng, ti\u1ebft ki\u1ec7m n\u0103ng l\u01b0\u1ee3ng cho nhi\u1ec1u \u1ee9ng d\u1ee5ng kh\u00e1c nhau. Nh\u1eadn l\u1eddi khuy\u00ean c\u1ee7a chuy\u00ean gia v\u00e0 d\u1ecbch v\u1ee5 kh\u00e1ch h\u00e0ng \u0111\u1eb7c bi\u1ec7t \u0111\u1ec3 t\u00ecm s\u1ea3n ph\u1ea9m ho\u00e0n h\u1ea3o cho nhu c\u1ea7u c\u1ee7a b\u1ea1n. Kh\u00e1m ph\u00e1 l\u1ef1a ch\u1ecdn c\u1ee7a ch\u00fang t\u00f4i ngay h\u00f4m nay!","og_url":"https:\/\/cheri-heater.com\/vn\/product\/quatz-infrared-tube-heater\/","og_site_name":"Cheri Heater Technology Co.,Ltd.","article_modified_time":"2024-07-28T03:55:52+00:00","og_image":[{"width":720,"height":720,"url":"http:\/\/cheri-heater.com\/vn\/wp-content\/uploads\/2024\/06\/H0437ce83668549aabe81d9e1366bafc9u.jpg_720x720q50.jpg","type":"image\/jpeg"}],"twitter_card":"summary_large_image","twitter_misc":{"Est. reading time":"1 minute"},"schema":{"@context":"https:\/\/schema.org","@graph":[{"@type":"WebPage","@id":"https:\/\/cheri-heater.com\/vn\/product\/quatz-infrared-tube-heater\/","url":"https:\/\/cheri-heater.com\/vn\/product\/quatz-infrared-tube-heater\/","name":"M\u00e1y s\u01b0\u1edfi \u1ed1ng h\u1ed3ng ngo\u1ea1i th\u1ea1ch anh h\u00e0ng \u0111\u1ea7u | Gi\u1ea3i ph\u00e1p s\u01b0\u1edfi \u1ea5m hi\u1ec7u qu\u1ea3","isPartOf":{"@id":"https:\/\/cheri-heater.com\/vn\/#website"},"primaryImageOfPage":{"@id":"https:\/\/cheri-heater.com\/vn\/product\/quatz-infrared-tube-heater\/#primaryimage"},"image":{"@id":"https:\/\/cheri-heater.com\/vn\/product\/quatz-infrared-tube-heater\/#primaryimage"},"thumbnailUrl":"https:\/\/cheri-heater.com\/vn\/wp-content\/uploads\/2024\/06\/H0437ce83668549aabe81d9e1366bafc9u.jpg_720x720q50.jpg","datePublished":"2024-06-05T17:25:30+00:00","dateModified":"2024-07-28T03:55:52+00:00","description":"M\u00e1y s\u01b0\u1edfi \u1ed1ng h\u1ed3ng ngo\u1ea1i th\u1ea1ch anh t\u1ed1t nh\u1ea5t cho c\u00e1c gi\u1ea3i ph\u00e1p s\u01b0\u1edfi \u1ea5m hi\u1ec7u qu\u1ea3 v\u00e0 hi\u1ec7u su\u1ea5t cao. M\u00e1y s\u01b0\u1edfi ch\u1ea5t l\u01b0\u1ee3ng cao c\u1ee7a ch\u00fang t\u00f4i cung c\u1ea5p hi\u1ec7u su\u1ea5t nhanh ch\u00f3ng, ti\u1ebft ki\u1ec7m n\u0103ng l\u01b0\u1ee3ng cho nhi\u1ec1u \u1ee9ng d\u1ee5ng kh\u00e1c nhau. Nh\u1eadn l\u1eddi khuy\u00ean c\u1ee7a chuy\u00ean gia v\u00e0 d\u1ecbch v\u1ee5 kh\u00e1ch h\u00e0ng \u0111\u1eb7c bi\u1ec7t \u0111\u1ec3 t\u00ecm s\u1ea3n ph\u1ea9m ho\u00e0n h\u1ea3o cho nhu c\u1ea7u c\u1ee7a b\u1ea1n. Kh\u00e1m ph\u00e1 l\u1ef1a ch\u1ecdn c\u1ee7a ch\u00fang t\u00f4i ngay h\u00f4m nay!","breadcrumb":{"@id":"https:\/\/cheri-heater.com\/vn\/product\/quatz-infrared-tube-heater\/#breadcrumb"},"inLanguage":"en-US","potentialAction":[{"@type":"ReadAction","target":["https:\/\/cheri-heater.com\/vn\/product\/quatz-infrared-tube-heater\/"]}]},{"@type":"ImageObject","inLanguage":"en-US","@id":"https:\/\/cheri-heater.com\/vn\/product\/quatz-infrared-tube-heater\/#primaryimage","url":"https:\/\/cheri-heater.com\/vn\/wp-content\/uploads\/2024\/06\/H0437ce83668549aabe81d9e1366bafc9u.jpg_720x720q50.jpg","contentUrl":"https:\/\/cheri-heater.com\/vn\/wp-content\/uploads\/2024\/06\/H0437ce83668549aabe81d9e1366bafc9u.jpg_720x720q50.jpg","width":720,"height":720},{"@type":"BreadcrumbList","@id":"https:\/\/cheri-heater.com\/vn\/product\/quatz-infrared-tube-heater\/#breadcrumb","itemListElement":[{"@type":"ListItem","position":1,"name":"Home","item":"https:\/\/cheri-heater.com\/vn\/"},{"@type":"ListItem","position":2,"name":"Products","item":"https:\/\/cheri-heater.com\/vn\/products\/"},{"@type":"ListItem","position":3,"name":"M\u00e1y s\u01b0\u1edfi \u1ed1ng h\u1ed3ng ngo\u1ea1i th\u1ea1ch anh"}]},{"@type":"WebSite","@id":"https:\/\/cheri-heater.com\/vn\/#website","url":"https:\/\/cheri-heater.com\/vn\/","name":"Cheri Heater Technology Co.,Ltd.","description":"","publisher":{"@id":"https:\/\/cheri-heater.com\/vn\/#organization"},"potentialAction":[{"@type":"SearchAction","target":{"@type":"EntryPoint","urlTemplate":"https:\/\/cheri-heater.com\/vn\/?s={search_term_string}"},"query-input":{"@type":"PropertyValueSpecification","valueRequired":true,"valueName":"search_term_string"}}],"inLanguage":"en-US"},{"@type":"Organization","@id":"https:\/\/cheri-heater.com\/vn\/#organization","name":"Cheri Heater Technology Co.,Ltd.","url":"https:\/\/cheri-heater.com\/vn\/","logo":{"@type":"ImageObject","inLanguage":"en-US","@id":"https:\/\/cheri-heater.com\/vn\/#\/schema\/logo\/image\/","url":"https:\/\/cheri-heater.com\/vn\/wp-content\/uploads\/2024\/06\/cropped-logo-resize.png","contentUrl":"https:\/\/cheri-heater.com\/vn\/wp-content\/uploads\/2024\/06\/cropped-logo-resize.png","width":346,"height":99,"caption":"Cheri Heater Technology Co.,Ltd."},"image":{"@id":"https:\/\/cheri-heater.com\/vn\/#\/schema\/logo\/image\/"}}]}},"_links":{"self":[{"href":"https:\/\/cheri-heater.com\/vn\/wp-json\/wp\/v2\/product\/1128","targetHints":{"allow":["GET"]}}],"collection":[{"href":"https:\/\/cheri-heater.com\/vn\/wp-json\/wp\/v2\/product"}],"about":[{"href":"https:\/\/cheri-heater.com\/vn\/wp-json\/wp\/v2\/types\/product"}],"wp:featuredmedia":[{"embeddable":true,"href":"https:\/\/cheri-heater.com\/vn\/wp-json\/wp\/v2\/media\/1158"}],"wp:attachment":[{"href":"https:\/\/cheri-heater.com\/vn\/wp-json\/wp\/v2\/media?parent=1128"}],"wp:term":[{"taxonomy":"product_brand","embeddable":true,"href":"https:\/\/cheri-heater.com\/vn\/wp-json\/wp\/v2\/product_brand?post=1128"},{"taxonomy":"product_cat","embeddable":true,"href":"https:\/\/cheri-heater.com\/vn\/wp-json\/wp\/v2\/product_cat?post=1128"},{"taxonomy":"product_tag","embeddable":true,"href":"https:\/\/cheri-heater.com\/vn\/wp-json\/wp\/v2\/product_tag?post=1128"}],"curies":[{"name":"wp","href":"https:\/\/api.w.org\/{rel}","templated":true}]}}