{"id":1129,"date":"2024-06-05T17:26:49","date_gmt":"2024-06-05T17:26:49","guid":{"rendered":"https:\/\/cheri-heater.com\/vn\/?post_type=product&#038;p=1129"},"modified":"2024-07-28T03:57:22","modified_gmt":"2024-07-28T03:57:22","slug":"thread-tubular-heater","status":"publish","type":"product","link":"https:\/\/cheri-heater.com\/vn\/product\/thread-tubular-heater\/","title":{"rendered":"\u1ed1ng s\u01b0\u1edfi ren"},"content":{"rendered":"<p align=\"left\"><span style=\"font-family: Arial, sans-serif;\"><span style=\"font-size: medium;\"><span style=\"color: #333333;\">L\u1ef1a ch\u1ecdn \u0111a d\u1ea1ng v\u1ec1 k\u00edch th\u01b0\u1edbc ph\u00edch c\u1eafm, c\u00f4ng su\u1ea5t kilowatt, \u0111i\u1ec7n \u00e1p, v\u1eadt li\u1ec7u v\u1ecf b\u1ecdc, v\u1ecf b\u1ecdc \u0111\u1ea7u cu\u1ed1i v\u00e0 b\u1ed9 \u0111i\u1ec1u ch\u1ec9nh nhi\u1ec7t l\u00e0m cho c\u00e1c b\u1ed9 s\u01b0\u1edfi nh\u1ecf g\u1ecdn n\u00e0y l\u00fd t\u01b0\u1edfng cho m\u1ecdi lo\u1ea1i \u1ee9ng d\u1ee5ng.<\/span><\/span><\/span><\/p>\n<table width=\"750\" cellspacing=\"0\" cellpadding=\"0\">\n<tbody>\n<tr valign=\"top\">\n<td width=\"179\">\n<p class=\"western\" align=\"left\"><span style=\"font-size: large;\"><b><span style=\"font-family: \u5b8b\u4f53;\">T\u00ean s\u1ea3n ph\u1ea9m<\/span><\/b><\/span><\/p>\n<\/td>\n<td width=\"569\">\n<p class=\"western\" align=\"left\"><span style=\"font-family: \u5b8b\u4f53;\"><span style=\"font-size: large;\"><span lang=\"en-US\">Ren<\/span><\/span><\/span><span style=\"font-family: \u5b8b\u4f53;\"><span style=\"font-size: large;\"><span lang=\"en-US\"> \u0111un n\u01b0\u1edbc ng\u00e2m<\/span><\/span><\/span><\/p>\n<\/td>\n<\/tr>\n<tr valign=\"top\">\n<td width=\"179\">\n<p class=\"western\" align=\"left\"><span style=\"font-size: large;\"><b><span style=\"font-family: \u5b8b\u4f53;\">L\u1ee3i th\u1ebf<\/span><\/b><\/span><\/p>\n<\/td>\n<td width=\"569\">\n<p class=\"western\" align=\"left\"><span style=\"font-size: large;\"><span style=\"font-family: \u5b8b\u4f53;\">nhi\u1ec7t \u0111\u1ed9 l\u00e0m vi\u1ec7c cao v\u00e0 tu\u1ed5i th\u1ecd s\u1eed d\u1ee5ng l\u00e2u d\u00e0i<\/span><\/span><\/p>\n<\/td>\n<\/tr>\n<tr valign=\"top\">\n<td width=\"179\">\n<p class=\"western\" align=\"left\"><span style=\"font-size: large;\"><b><span style=\"font-family: \u5b8b\u4f53;\">Ch\u1ee9ng nh\u1eadn<\/span><\/b><\/span><\/p>\n<\/td>\n<td width=\"569\">\n<p class=\"western\" align=\"left\"><span style=\"font-family: \u5b8b\u4f53;\"><span style=\"font-size: large;\">CE<\/span><\/span><\/p>\n<\/td>\n<\/tr>\n<tr valign=\"top\">\n<td width=\"179\">\n<p class=\"western\" align=\"left\"><span style=\"font-size: large;\"><b><span style=\"font-family: \u5b8b\u4f53;\">Y\u1ebfu t\u1ed1 gia nhi\u1ec7t<\/span><\/b><\/span><\/p>\n<\/td>\n<td width=\"569\">\n<p class=\"western\" align=\"left\"><span style=\"font-size: large;\"><span style=\"font-family: \u5b8b\u4f53;\">m\u00e1y n\u01b0\u1edbc n\u00f3ng<\/span><\/span><\/p>\n<\/td>\n<\/tr>\n<tr valign=\"top\">\n<td width=\"179\">\n<p class=\"western\" align=\"left\"><span style=\"font-size: large;\"><b><span style=\"font-family: \u5b8b\u4f53;\">\u0110i\u1ec7n \u00e1p<\/span><\/b><\/span><\/p>\n<\/td>\n<td width=\"569\">\n<p class=\"western\" align=\"left\"><span style=\"font-size: large;\"><span style=\"font-family: \u5b8b\u4f53;\">120V, 240V, 480V, 600V, v.v.<\/span><\/span><\/p>\n<\/td>\n<\/tr>\n<tr valign=\"top\">\n<td width=\"179\">\n<p class=\"western\" align=\"left\"><span style=\"font-size: large;\"><b><span style=\"font-family: \u5b8b\u4f53;\">C\u00f4ng su\u1ea5t<\/span><\/b><\/span><\/p>\n<\/td>\n<td width=\"569\">\n<p class=\"western\" align=\"left\"><span style=\"font-family: \u5b8b\u4f53;\"><span style=\"font-size: large;\"><span lang=\"en-US\">50-<\/span><\/span><\/span><span style=\"font-family: \u5b8b\u4f53;\"><span style=\"font-size: large;\"><span lang=\"en-US\">15<\/span><\/span><\/span><span style=\"font-family: \u5b8b\u4f53;\"><span style=\"font-size: large;\"><span lang=\"en-US\">000W, ho\u1eb7c t\u00f9y ch\u1ec9nh<\/span><\/span><\/span><\/p>\n<\/td>\n<\/tr>\n<tr valign=\"top\">\n<td width=\"179\">\n<p class=\"western\" align=\"left\"><span style=\"font-size: large;\"><b><span style=\"font-family: \u5b8b\u4f53;\">\u0110\u1ed9 d\u00e0y<\/span><\/b><\/span><\/p>\n<\/td>\n<td width=\"569\">\n<p class=\"western\" align=\"left\"><span style=\"font-size: large;\"><span style=\"font-family: \u5b8b\u4f53;\">t\u00f9y ch\u1ec9nh<\/span><\/span><\/p>\n<\/td>\n<\/tr>\n<tr valign=\"top\">\n<td width=\"179\">\n<p class=\"western\" align=\"left\"><span style=\"font-size: large;\"><b><span style=\"font-family: \u5b8b\u4f53;\">Ng\u00e0y giao h\u00e0ng<\/span><\/b><\/span><\/p>\n<\/td>\n<td width=\"569\">\n<p class=\"western\" align=\"left\"><span style=\"font-size: large;\"><span style=\"font-family: \u5b8b\u4f53;\">7-15 ng\u00e0y<\/span><\/span><\/p>\n<\/td>\n<\/tr>\n<tr valign=\"top\">\n<td width=\"179\">\n<p class=\"western\" align=\"left\"><span style=\"font-size: large;\"><b><span style=\"font-family: \u5b8b\u4f53;\">B\u1ea3o h\u00e0nh<\/span><\/b><\/span><\/p>\n<\/td>\n<td width=\"569\">\n<p class=\"western\" align=\"left\"><span style=\"font-size: large;\"><span style=\"font-family: \u5b8b\u4f53;\">1 n\u0103m<\/span><\/span><\/p>\n<\/td>\n<\/tr>\n<\/tbody>\n<\/table>\n","protected":false},"excerpt":{"rendered":"<p>M\u00e1y s\u01b0\u1edfi \u1ed1ng n\u01b0\u1edbc \u0111i\u1ec7n c\u00f4ng nghi\u1ec7p c\u00f3 m\u1eb7t b\u00edch nh\u00fang c\u00f3 ki\u1ec3m so\u00e1t nhi\u1ec7t \u0111\u1ed9 \u0111\u01b0\u1ee3c l\u1eafp tr\u1ef1c ti\u1ebfp qua l\u1ed7 ren tr\u00ean th\u00e0nh b\u1ec3 ho\u1eb7c qua kh\u1edbp n\u1ed1i \u1ed1ng ho\u1eb7c kh\u1edbp n\u1ed1i n\u1eeda kh\u1edbp n\u1ed1i.<br \/>\nK\u00edch th\u01b0\u1edbc c\u1ee7a m\u00e1y s\u01b0\u1edfi ph\u00edch c\u1eafm v\u00edt c\u00f3 s\u1eb5n v\u1edbi ren \u1ed1ng 1\u201d, 1-1\/4\u201d, 1-1\/2\u201d, 2\u201d, 2-1\/2&#8243;.<\/p>\n","protected":false},"featured_media":1161,"template":"","meta":[],"product_brand":[],"product_cat":[28],"product_tag":[],"class_list":{"0":"post-1129","1":"product","2":"type-product","3":"status-publish","4":"has-post-thumbnail","6":"product_cat-tubular-heater","8":"first","9":"instock","10":"shipping-taxable","11":"product-type-simple"},"yoast_head":"<!-- This site is optimized with the Yoast SEO plugin v27.3 - https:\/\/yoast.com\/product\/yoast-seo-wordpress\/ -->\n<title>M\u00e1y s\u01b0\u1edfi \u1ed1ng ren hi\u1ec7u qu\u1ea3 cho gi\u1ea3i ph\u00e1p s\u01b0\u1edfi \u1ea5m \u0111\u00e1ng tin c\u1eady<\/title>\n<meta name=\"description\" content=\"M\u00e1y s\u01b0\u1edfi \u1ed1ng ren ch\u1ea5t l\u01b0\u1ee3ng cao c\u1ee7a ch\u00fang t\u00f4i, \u0111\u01b0\u1ee3c thi\u1ebft k\u1ebf cho c\u00e1c gi\u1ea3i ph\u00e1p s\u01b0\u1edfi \u1ea5m hi\u1ec7u qu\u1ea3 v\u00e0 \u0111\u00e1ng tin c\u1eady. Ho\u00e0n h\u1ea3o cho nhi\u1ec1u \u1ee9ng d\u1ee5ng kh\u00e1c nhau, m\u00e1y s\u01b0\u1edfi c\u1ee7a ch\u00fang t\u00f4i \u0111\u1ea3m b\u1ea3o hi\u1ec7u su\u1ea5t v\u00e0 \u0111\u1ed9 b\u1ec1n t\u1ed1i \u01b0u. Kh\u00e1m ph\u00e1 ngay!&quot;\" \/>\n<meta name=\"robots\" content=\"index, follow, max-snippet:-1, max-image-preview:large, max-video-preview:-1\" \/>\n<link rel=\"canonical\" href=\"https:\/\/cheri-heater.com\/vn\/product\/thread-tubular-heater\/\" \/>\n<meta property=\"og:locale\" content=\"en_US\" \/>\n<meta property=\"og:type\" content=\"article\" \/>\n<meta property=\"og:title\" content=\"M\u00e1y s\u01b0\u1edfi \u1ed1ng ren hi\u1ec7u qu\u1ea3 cho gi\u1ea3i ph\u00e1p s\u01b0\u1edfi \u1ea5m \u0111\u00e1ng tin c\u1eady\" \/>\n<meta property=\"og:description\" content=\"M\u00e1y s\u01b0\u1edfi \u1ed1ng ren ch\u1ea5t l\u01b0\u1ee3ng cao c\u1ee7a ch\u00fang t\u00f4i, \u0111\u01b0\u1ee3c thi\u1ebft k\u1ebf cho c\u00e1c gi\u1ea3i ph\u00e1p s\u01b0\u1edfi \u1ea5m hi\u1ec7u qu\u1ea3 v\u00e0 \u0111\u00e1ng tin c\u1eady. Ho\u00e0n h\u1ea3o cho nhi\u1ec1u \u1ee9ng d\u1ee5ng kh\u00e1c nhau, m\u00e1y s\u01b0\u1edfi c\u1ee7a ch\u00fang t\u00f4i \u0111\u1ea3m b\u1ea3o hi\u1ec7u su\u1ea5t v\u00e0 \u0111\u1ed9 b\u1ec1n t\u1ed1i \u01b0u. Kh\u00e1m ph\u00e1 ngay!&quot;\" \/>\n<meta property=\"og:url\" content=\"https:\/\/cheri-heater.com\/vn\/product\/thread-tubular-heater\/\" \/>\n<meta property=\"og:site_name\" content=\"Cheri Heater Technology Co.,Ltd.\" \/>\n<meta property=\"article:modified_time\" content=\"2024-07-28T03:57:22+00:00\" \/>\n<meta property=\"og:image\" content=\"http:\/\/cheri-heater.com\/vn\/wp-content\/uploads\/2024\/06\/Cheri-Electrothermal-Equipment-Limited-Company-5.jpg\" \/>\n\t<meta property=\"og:image:width\" content=\"712\" \/>\n\t<meta property=\"og:image:height\" content=\"579\" \/>\n\t<meta property=\"og:image:type\" content=\"image\/jpeg\" \/>\n<meta name=\"twitter:card\" content=\"summary_large_image\" \/>\n<meta name=\"twitter:label1\" content=\"Est. reading time\" \/>\n\t<meta name=\"twitter:data1\" content=\"1 minute\" \/>\n<!-- \/ Yoast SEO plugin. -->","yoast_head_json":{"title":"M\u00e1y s\u01b0\u1edfi \u1ed1ng ren hi\u1ec7u qu\u1ea3 cho gi\u1ea3i ph\u00e1p s\u01b0\u1edfi \u1ea5m \u0111\u00e1ng tin c\u1eady","description":"M\u00e1y s\u01b0\u1edfi \u1ed1ng ren ch\u1ea5t l\u01b0\u1ee3ng cao c\u1ee7a ch\u00fang t\u00f4i, \u0111\u01b0\u1ee3c thi\u1ebft k\u1ebf cho c\u00e1c gi\u1ea3i ph\u00e1p s\u01b0\u1edfi \u1ea5m hi\u1ec7u qu\u1ea3 v\u00e0 \u0111\u00e1ng tin c\u1eady. Ho\u00e0n h\u1ea3o cho nhi\u1ec1u \u1ee9ng d\u1ee5ng kh\u00e1c nhau, m\u00e1y s\u01b0\u1edfi c\u1ee7a ch\u00fang t\u00f4i \u0111\u1ea3m b\u1ea3o hi\u1ec7u su\u1ea5t v\u00e0 \u0111\u1ed9 b\u1ec1n t\u1ed1i \u01b0u. Kh\u00e1m ph\u00e1 ngay!\"","robots":{"index":"index","follow":"follow","max-snippet":"max-snippet:-1","max-image-preview":"max-image-preview:large","max-video-preview":"max-video-preview:-1"},"canonical":"https:\/\/cheri-heater.com\/vn\/product\/thread-tubular-heater\/","og_locale":"en_US","og_type":"article","og_title":"M\u00e1y s\u01b0\u1edfi \u1ed1ng ren hi\u1ec7u qu\u1ea3 cho gi\u1ea3i ph\u00e1p s\u01b0\u1edfi \u1ea5m \u0111\u00e1ng tin c\u1eady","og_description":"M\u00e1y s\u01b0\u1edfi \u1ed1ng ren ch\u1ea5t l\u01b0\u1ee3ng cao c\u1ee7a ch\u00fang t\u00f4i, \u0111\u01b0\u1ee3c thi\u1ebft k\u1ebf cho c\u00e1c gi\u1ea3i ph\u00e1p s\u01b0\u1edfi \u1ea5m hi\u1ec7u qu\u1ea3 v\u00e0 \u0111\u00e1ng tin c\u1eady. Ho\u00e0n h\u1ea3o cho nhi\u1ec1u \u1ee9ng d\u1ee5ng kh\u00e1c nhau, m\u00e1y s\u01b0\u1edfi c\u1ee7a ch\u00fang t\u00f4i \u0111\u1ea3m b\u1ea3o hi\u1ec7u su\u1ea5t v\u00e0 \u0111\u1ed9 b\u1ec1n t\u1ed1i \u01b0u. Kh\u00e1m ph\u00e1 ngay!\"","og_url":"https:\/\/cheri-heater.com\/vn\/product\/thread-tubular-heater\/","og_site_name":"Cheri Heater Technology Co.,Ltd.","article_modified_time":"2024-07-28T03:57:22+00:00","og_image":[{"width":712,"height":579,"url":"http:\/\/cheri-heater.com\/vn\/wp-content\/uploads\/2024\/06\/Cheri-Electrothermal-Equipment-Limited-Company-5.jpg","type":"image\/jpeg"}],"twitter_card":"summary_large_image","twitter_misc":{"Est. reading time":"1 minute"},"schema":{"@context":"https:\/\/schema.org","@graph":[{"@type":"WebPage","@id":"https:\/\/cheri-heater.com\/vn\/product\/thread-tubular-heater\/","url":"https:\/\/cheri-heater.com\/vn\/product\/thread-tubular-heater\/","name":"M\u00e1y s\u01b0\u1edfi \u1ed1ng ren hi\u1ec7u qu\u1ea3 cho gi\u1ea3i ph\u00e1p s\u01b0\u1edfi \u1ea5m \u0111\u00e1ng tin c\u1eady","isPartOf":{"@id":"https:\/\/cheri-heater.com\/vn\/#website"},"primaryImageOfPage":{"@id":"https:\/\/cheri-heater.com\/vn\/product\/thread-tubular-heater\/#primaryimage"},"image":{"@id":"https:\/\/cheri-heater.com\/vn\/product\/thread-tubular-heater\/#primaryimage"},"thumbnailUrl":"https:\/\/cheri-heater.com\/vn\/wp-content\/uploads\/2024\/06\/Cheri-Electrothermal-Equipment-Limited-Company-5.jpg","datePublished":"2024-06-05T17:26:49+00:00","dateModified":"2024-07-28T03:57:22+00:00","description":"M\u00e1y s\u01b0\u1edfi \u1ed1ng ren ch\u1ea5t l\u01b0\u1ee3ng cao c\u1ee7a ch\u00fang t\u00f4i, \u0111\u01b0\u1ee3c thi\u1ebft k\u1ebf cho c\u00e1c gi\u1ea3i ph\u00e1p s\u01b0\u1edfi \u1ea5m hi\u1ec7u qu\u1ea3 v\u00e0 \u0111\u00e1ng tin c\u1eady. Ho\u00e0n h\u1ea3o cho nhi\u1ec1u \u1ee9ng d\u1ee5ng kh\u00e1c nhau, m\u00e1y s\u01b0\u1edfi c\u1ee7a ch\u00fang t\u00f4i \u0111\u1ea3m b\u1ea3o hi\u1ec7u su\u1ea5t v\u00e0 \u0111\u1ed9 b\u1ec1n t\u1ed1i \u01b0u. Kh\u00e1m ph\u00e1 ngay!\"","breadcrumb":{"@id":"https:\/\/cheri-heater.com\/vn\/product\/thread-tubular-heater\/#breadcrumb"},"inLanguage":"en-US","potentialAction":[{"@type":"ReadAction","target":["https:\/\/cheri-heater.com\/vn\/product\/thread-tubular-heater\/"]}]},{"@type":"ImageObject","inLanguage":"en-US","@id":"https:\/\/cheri-heater.com\/vn\/product\/thread-tubular-heater\/#primaryimage","url":"https:\/\/cheri-heater.com\/vn\/wp-content\/uploads\/2024\/06\/Cheri-Electrothermal-Equipment-Limited-Company-5.jpg","contentUrl":"https:\/\/cheri-heater.com\/vn\/wp-content\/uploads\/2024\/06\/Cheri-Electrothermal-Equipment-Limited-Company-5.jpg","width":712,"height":579},{"@type":"BreadcrumbList","@id":"https:\/\/cheri-heater.com\/vn\/product\/thread-tubular-heater\/#breadcrumb","itemListElement":[{"@type":"ListItem","position":1,"name":"Home","item":"https:\/\/cheri-heater.com\/vn\/"},{"@type":"ListItem","position":2,"name":"Products","item":"https:\/\/cheri-heater.com\/vn\/products\/"},{"@type":"ListItem","position":3,"name":"\u1ed1ng s\u01b0\u1edfi ren"}]},{"@type":"WebSite","@id":"https:\/\/cheri-heater.com\/vn\/#website","url":"https:\/\/cheri-heater.com\/vn\/","name":"Cheri Heater Technology Co.,Ltd.","description":"","publisher":{"@id":"https:\/\/cheri-heater.com\/vn\/#organization"},"potentialAction":[{"@type":"SearchAction","target":{"@type":"EntryPoint","urlTemplate":"https:\/\/cheri-heater.com\/vn\/?s={search_term_string}"},"query-input":{"@type":"PropertyValueSpecification","valueRequired":true,"valueName":"search_term_string"}}],"inLanguage":"en-US"},{"@type":"Organization","@id":"https:\/\/cheri-heater.com\/vn\/#organization","name":"Cheri Heater Technology Co.,Ltd.","url":"https:\/\/cheri-heater.com\/vn\/","logo":{"@type":"ImageObject","inLanguage":"en-US","@id":"https:\/\/cheri-heater.com\/vn\/#\/schema\/logo\/image\/","url":"https:\/\/cheri-heater.com\/vn\/wp-content\/uploads\/2024\/06\/cropped-logo-resize.png","contentUrl":"https:\/\/cheri-heater.com\/vn\/wp-content\/uploads\/2024\/06\/cropped-logo-resize.png","width":346,"height":99,"caption":"Cheri Heater Technology Co.,Ltd."},"image":{"@id":"https:\/\/cheri-heater.com\/vn\/#\/schema\/logo\/image\/"}}]}},"_links":{"self":[{"href":"https:\/\/cheri-heater.com\/vn\/wp-json\/wp\/v2\/product\/1129","targetHints":{"allow":["GET"]}}],"collection":[{"href":"https:\/\/cheri-heater.com\/vn\/wp-json\/wp\/v2\/product"}],"about":[{"href":"https:\/\/cheri-heater.com\/vn\/wp-json\/wp\/v2\/types\/product"}],"wp:featuredmedia":[{"embeddable":true,"href":"https:\/\/cheri-heater.com\/vn\/wp-json\/wp\/v2\/media\/1161"}],"wp:attachment":[{"href":"https:\/\/cheri-heater.com\/vn\/wp-json\/wp\/v2\/media?parent=1129"}],"wp:term":[{"taxonomy":"product_brand","embeddable":true,"href":"https:\/\/cheri-heater.com\/vn\/wp-json\/wp\/v2\/product_brand?post=1129"},{"taxonomy":"product_cat","embeddable":true,"href":"https:\/\/cheri-heater.com\/vn\/wp-json\/wp\/v2\/product_cat?post=1129"},{"taxonomy":"product_tag","embeddable":true,"href":"https:\/\/cheri-heater.com\/vn\/wp-json\/wp\/v2\/product_tag?post=1129"}],"curies":[{"name":"wp","href":"https:\/\/api.w.org\/{rel}","templated":true}]}}